{"id":9585,"date":"2025-10-13T17:18:32","date_gmt":"2025-10-13T15:18:32","guid":{"rendered":"https:\/\/securehubtec.com\/?post_type=product&#038;p=9585"},"modified":"2025-10-13T17:36:56","modified_gmt":"2025-10-13T15:36:56","slug":"management-unit","status":"publish","type":"product","link":"https:\/\/securehubtec.com\/tr\/product\/management-unit\/","title":{"rendered":"Y\u00f6netim Birimi"},"content":{"rendered":"<p data-rm-block-id=\"block-1\"><strong><span style=\"color: #ffcc00;\">Y\u00f6netim \u00dcnitesi (G\u00f6r\u00fcnt\u00fcl\u00fc interkom Kap\u0131 telefonu Kap\u0131 zili)<\/span><\/strong><br \/>\nBir kap\u0131 zilinden daha fazlas\u0131, 7\/24 g\u00fcvenlik g\u00f6revliniz. K\u00fcresel ak\u0131ll\u0131 g\u00fcvenlikte DRSECURE, evler, apartmanlar ve ticari alanlar i\u00e7in yenilik\u00e7i, g\u00fcvenilir, kullan\u0131c\u0131 merkezli \u00e7\u00f6z\u00fcmlerde liderdir. Profesyonel bir Ak\u0131ll\u0131 \u0130nterkom \u00dcreticisi olarak, deniza\u015f\u0131r\u0131 m\u00fc\u015fterilerin taleplerini kar\u015f\u0131lamak i\u00e7in modern g\u00fcvenlik ihtiya\u00e7lar\u0131n\u0131 (giri\u015f kontrol\u00fc, ger\u00e7ek zamanl\u0131 ileti\u015fim) kapsayan geni\u015f bir \u00fcr\u00fcn portf\u00f6y\u00fc sunuyoruz. Distrib\u00fct\u00f6rler, m\u00fclk geli\u015ftiricileri veya ev sahipleri i\u00e7in DRSECURE onlarca y\u0131ll\u0131k uzmanl\u0131\u011f\u0131 beraberinde getiriyor. Markam\u0131z dayan\u0131kl\u0131l\u0131k, ileri teknoloji, k\u00fcresel standartlara uygunluk anlam\u0131na gelir ve bizi g\u00fcvenlik odakl\u0131 m\u00fc\u015fteriler (y\u00f6netim birimi) i\u00e7in en iyi se\u00e7im haline getirir.<br \/>\n<img fetchpriority=\"high\" decoding=\"async\" class=\"aligncenter wp-image-9431 size-full\" src=\"https:\/\/securehubtec.com\/wp-content\/uploads\/2025\/10\/Smart-Video-Intercom-k-1.jpg\" alt=\"Management Unit\" width=\"1100\" height=\"809\" srcset=\"https:\/\/securehubtec.com\/wp-content\/uploads\/2025\/10\/Smart-Video-Intercom-k-1.jpg 1100w, https:\/\/securehubtec.com\/wp-content\/uploads\/2025\/10\/Smart-Video-Intercom-k-1-300x221.jpg 300w, https:\/\/securehubtec.com\/wp-content\/uploads\/2025\/10\/Smart-Video-Intercom-k-1-1024x753.jpg 1024w, https:\/\/securehubtec.com\/wp-content\/uploads\/2025\/10\/Smart-Video-Intercom-k-1-768x565.jpg 768w, https:\/\/securehubtec.com\/wp-content\/uploads\/2025\/10\/Smart-Video-Intercom-k-1-16x12.jpg 16w, https:\/\/securehubtec.com\/wp-content\/uploads\/2025\/10\/Smart-Video-Intercom-k-1-600x441.jpg 600w\" sizes=\"(max-width: 1100px) 100vw, 1100px\" \/><span data-leaf=\"true\"><span class=\"lb\">Temel \u00fcr\u00fcnlerimiz senaryoya g\u00f6re uyarlanm\u0131\u015f interkomlar ve kap\u0131 zilleridir. Konut se\u00e7enekleri aras\u0131nda 2 y\u00f6nl\u00fc konu\u015fmal\u0131 kap\u0131 zilleri, interkom sistemleri (kesintisiz ba\u011flant\u0131 ile) ve kap\u0131 zili kameralar\u0131 (ger\u00e7ek zamanl\u0131 video izleme \/ kay\u0131t) bulunmaktad\u0131r. Ayr\u0131ca ak\u0131ll\u0131 evlerle entegre, telefonlar\/tabletler arac\u0131l\u0131\u011f\u0131yla kontrol edilebilen ak\u0131ll\u0131 kap\u0131 telefonlar\u0131\/interkomlar da sunuyoruz. B\u00fcy\u00fck konut kompleksleri i\u00e7in, apartman ak\u0131ll\u0131 interkomlar\u0131m\u0131z ziyaret\u00e7i y\u00f6netimini kolayla\u015ft\u0131r\u0131r, bekleme s\u00fcrelerini k\u0131salt\u0131r ve g\u00fcvenli\u011fi art\u0131r\u0131r (y\u00f6netim birimi).<br \/>\n<\/span><\/span><br \/>\n<img decoding=\"async\" class=\"aligncenter size-full wp-image-9329 lazyload\" data-src=\"https:\/\/securehubtec.com\/wp-content\/uploads\/2025\/09\/B.jpg\" alt=\"\" width=\"1280\" height=\"961\" data-srcset=\"https:\/\/securehubtec.com\/wp-content\/uploads\/2025\/09\/B.jpg 1280w, https:\/\/securehubtec.com\/wp-content\/uploads\/2025\/09\/B-300x225.jpg 300w, https:\/\/securehubtec.com\/wp-content\/uploads\/2025\/09\/B-1024x769.jpg 1024w, https:\/\/securehubtec.com\/wp-content\/uploads\/2025\/09\/B-768x577.jpg 768w, https:\/\/securehubtec.com\/wp-content\/uploads\/2025\/09\/B-16x12.jpg 16w, https:\/\/securehubtec.com\/wp-content\/uploads\/2025\/09\/B-600x450.jpg 600w\" data-sizes=\"(max-width: 1280px) 100vw, 1280px\" src=\"data:image\/svg+xml;base64,PHN2ZyB3aWR0aD0iMSIgaGVpZ2h0PSIxIiB4bWxucz0iaHR0cDovL3d3dy53My5vcmcvMjAwMC9zdmciPjwvc3ZnPg==\" style=\"--smush-placeholder-width: 1280px; --smush-placeholder-aspect-ratio: 1280\/961;\" \/>DRSECURE, interkom\/kap\u0131 zillerinin \u00f6tesinde, geleneksel anahtarlar\u0131n yerini alan tam eri\u015fim kontrol\u00fc ve ak\u0131ll\u0131 giri\u015f \u00e7\u00f6z\u00fcmleri sunar. Eri\u015fim sistemlerimiz ticari\/konut kullan\u0131m\u0131 i\u00e7in g\u00fcvenli, esnek y\u00f6netim sa\u011flar; anahtars\u0131z giri\u015f telefonlar, foblar veya biyometri (kullan\u0131\u015fl\u0131, g\u00fcvenli) arac\u0131l\u0131\u011f\u0131yla \u00e7al\u0131\u015f\u0131r. Ayr\u0131ca spor salonlar\u0131\/i\u015fyerleri i\u00e7in ak\u0131ll\u0131 dolap sistemlerimiz (kurcalamaya dayan\u0131kl\u0131, ger\u00e7ek zamanl\u0131 izleme, uzaktan y\u00f6netim) bulunmaktad\u0131r. T\u00fcm \u00fcr\u00fcnler a\u011f\u0131r kullan\u0131ma ve \u00e7e\u015fitli ortamlara dayan\u0131kl\u0131d\u0131r ve deniza\u015f\u0131r\u0131 m\u00fc\u015fteriler (y\u00f6netim birimi) i\u00e7in uzun vadeli g\u00fcvenilirlik sa\u011flar.<br \/>\n<img decoding=\"async\" class=\"aligncenter wp-image-9330 size-full lazyload\" data-src=\"https:\/\/securehubtec.com\/wp-content\/uploads\/2025\/09\/C.jpg\" alt=\"Doorbell Camera H1\" width=\"1280\" height=\"1053\" data-srcset=\"https:\/\/securehubtec.com\/wp-content\/uploads\/2025\/09\/C.jpg 1280w, https:\/\/securehubtec.com\/wp-content\/uploads\/2025\/09\/C-300x247.jpg 300w, https:\/\/securehubtec.com\/wp-content\/uploads\/2025\/09\/C-1024x842.jpg 1024w, https:\/\/securehubtec.com\/wp-content\/uploads\/2025\/09\/C-768x632.jpg 768w, https:\/\/securehubtec.com\/wp-content\/uploads\/2025\/09\/C-15x12.jpg 15w, https:\/\/securehubtec.com\/wp-content\/uploads\/2025\/09\/C-600x494.jpg 600w\" data-sizes=\"(max-width: 1280px) 100vw, 1280px\" src=\"data:image\/svg+xml;base64,PHN2ZyB3aWR0aD0iMSIgaGVpZ2h0PSIxIiB4bWxucz0iaHR0cDovL3d3dy53My5vcmcvMjAwMC9zdmciPjwvc3ZnPg==\" style=\"--smush-placeholder-width: 1280px; --smush-placeholder-aspect-ratio: 1280\/1053;\" \/>DRSECURE'\u00fcn en \u00f6nemli avantajlar\u0131ndan biri, k\u00fcresel kalite\/g\u00fcvenlik standartlar\u0131na s\u0131k\u0131 bir \u015fekilde uymas\u0131d\u0131r. G\u00f6r\u00fcnt\u00fcl\u00fc interkomlar\u0131m\u0131z ve Ak\u0131ll\u0131 G\u00f6r\u00fcnt\u00fcl\u00fc \u0130nterkom sistemlerimiz CE ve FCC sertifikalar\u0131na sahiptir ve Avrupa ve Kuzey Amerika i\u00e7in en y\u00fcksek performans, g\u00fcvenlik ve elektromanyetik uyumluluk gereksinimlerini kar\u015f\u0131lamaktad\u0131r. Bu, bu b\u00f6lgelerdeki ithalat\/sat\u0131\u015f\u0131 kolayla\u015ft\u0131r\u0131r ve m\u00fc\u015fterilere g\u00fcven verir. Ayr\u0131ca m\u00fc\u015fteri beklentilerini kar\u015f\u0131lamak veya a\u015fmak i\u00e7in titiz sevkiyat \u00f6ncesi testler (dayan\u0131kl\u0131l\u0131k, i\u015flevsellik) ger\u00e7ekle\u015ftiriyoruz.<br \/>\n<img decoding=\"async\" class=\"aligncenter size-full wp-image-9331 lazyload\" data-src=\"https:\/\/securehubtec.com\/wp-content\/uploads\/2025\/09\/D.jpg\" alt=\"\" width=\"1280\" height=\"620\" data-srcset=\"https:\/\/securehubtec.com\/wp-content\/uploads\/2025\/09\/D.jpg 1280w, https:\/\/securehubtec.com\/wp-content\/uploads\/2025\/09\/D-300x145.jpg 300w, https:\/\/securehubtec.com\/wp-content\/uploads\/2025\/09\/D-1024x496.jpg 1024w, https:\/\/securehubtec.com\/wp-content\/uploads\/2025\/09\/D-768x372.jpg 768w, https:\/\/securehubtec.com\/wp-content\/uploads\/2025\/09\/D-18x9.jpg 18w, https:\/\/securehubtec.com\/wp-content\/uploads\/2025\/09\/D-600x291.jpg 600w\" data-sizes=\"(max-width: 1280px) 100vw, 1280px\" src=\"data:image\/svg+xml;base64,PHN2ZyB3aWR0aD0iMSIgaGVpZ2h0PSIxIiB4bWxucz0iaHR0cDovL3d3dy53My5vcmcvMjAwMC9zdmciPjwvc3ZnPg==\" style=\"--smush-placeholder-width: 1280px; --smush-placeholder-aspect-ratio: 1280\/620;\" \/><\/p>\n<div class=\"ace-line\" dir=\"auto\" data-node=\"true\" data-rm-block-id=\"block-2\"><span data-string=\"true\" data-enter=\"true\" data-leaf=\"true\">DRSECURE ile ortakl\u0131k, \u00fcr\u00fcn sat\u0131n almaktan daha fazlas\u0131 anlam\u0131na gelir; ba\u015far\u0131n\u0131z i\u00e7in g\u00fcvenilir bir m\u00fcttefik demektir. Pazar\u0131n\u0131za uymas\u0131 i\u00e7in esnek \u00f6zelle\u015ftirme (\u00f6rne\u011fin, yerel estetik ayarlamalar, b\u00f6lgesel protokol entegrasyonu) sunuyoruz. 7\/24 m\u00fc\u015fteri deste\u011fimiz kurulum, sorun giderme ve sat\u0131\u015f sonras\u0131nda yard\u0131mc\u0131 olur. Ayr\u0131ca, rekabet\u00e7i fiyatland\u0131rma ve verimli tedarik zincirleri k\u00e2rl\u0131l\u0131\u011f\u0131n\u0131z\u0131 art\u0131rman\u0131za yard\u0131mc\u0131 olur. DRSECURE'u se\u00e7in: k\u00fcresel ak\u0131ll\u0131 g\u00fcvenlik ba\u015far\u0131n\u0131za yat\u0131r\u0131m yapan bir ortak.<\/span><\/div>","protected":false},"excerpt":{"rendered":"<ul>\n<li>DC12V veya POE (IEEE 802.3AF)<\/li>\n<li>1\" IPS LCD, 1024*600<\/li>\n<li>ABS + Temperli Cam<\/li>\n<li>Video H.264\/H.265, Ses G.711<\/li>\n<li>Zil sesi \u226570dB<\/li>\n<li>\u00c7al\u0131\u015fma G\u00fcc\u00fc &lt; 8W<\/li>\n<li>\u00c7al\u0131\u015fma S\u0131cakl\u0131\u011f\u0131 -10 \u2103 ~ +45 \u2103<\/li>\n<li>Duvar \u00fcst\u00fc montaj<\/li>\n<li>Ahize<\/li>\n<li>Dahili Kamera iste\u011fe ba\u011fl\u0131d\u0131r<\/li>\n<li>Wi-Fi iste\u011fe ba\u011fl\u0131d\u0131r<\/li>\n<li>Linux Sistemi<\/li>\n<li>G\u00f6r\u00fcnt\u00fcl\u00fc \u0130nterkom<\/li>\n<li>Yank\u0131 Engelleme<\/li>\n<li>Monit\u00f6r IPC (24 saat, D\u00f6rt B\u00f6lmeli Ekran)<\/li>\n<li>D\u0131\u015f Mekan \u0130stasyonunu \u0130zleme<\/li>\n<li>Alarm: SOS, Gaz Alg\u0131lama, 4 kanall\u0131 kablolu ba\u011flant\u0131<\/li>\n<li>Tuya Home: Opsiyonel<\/li>\n<\/ul>","protected":false},"featured_media":9586,"comment_status":"open","ping_status":"closed","template":"","meta":{"site-sidebar-layout":"default","site-content-layout":"","ast-site-content-layout":"default","site-content-style":"default","site-sidebar-style":"default","ast-global-header-display":"","ast-banner-title-visibility":"","ast-main-header-display":"","ast-hfb-above-header-display":"","ast-hfb-below-header-display":"","ast-hfb-mobile-header-display":"","site-post-title":"","ast-breadcrumbs-content":"","ast-featured-img":"","footer-sml-layout":"","theme-transparent-header-meta":"default","adv-header-id-meta":"","stick-header-meta":"default","header-above-stick-meta":"","header-main-stick-meta":"","header-below-stick-meta":"","astra-migrate-meta-layouts":"set","ast-page-background-enabled":"default","ast-page-background-meta":{"desktop":{"background-color":"","background-image":"","background-repeat":"repeat","background-position":"center center","background-size":"auto","background-attachment":"scroll","background-type":"","background-media":"","overlay-type":"","overlay-color":"","overlay-opacity":"","overlay-gradient":""},"tablet":{"background-color":"","background-image":"","background-repeat":"repeat","background-position":"center center","background-size":"auto","background-attachment":"scroll","background-type":"","background-media":"","overlay-type":"","overlay-color":"","overlay-opacity":"","overlay-gradient":""},"mobile":{"background-color":"","background-image":"","background-repeat":"repeat","background-position":"center center","background-size":"auto","background-attachment":"scroll","background-type":"","background-media":"","overlay-type":"","overlay-color":"","overlay-opacity":"","overlay-gradient":""}},"ast-content-background-meta":{"desktop":{"background-color":"var(--ast-global-color-5)","background-image":"","background-repeat":"repeat","background-position":"center center","background-size":"auto","background-attachment":"scroll","background-type":"","background-media":"","overlay-type":"","overlay-color":"","overlay-opacity":"","overlay-gradient":""},"tablet":{"background-color":"var(--ast-global-color-5)","background-image":"","background-repeat":"repeat","background-position":"center center","background-size":"auto","background-attachment":"scroll","background-type":"","background-media":"","overlay-type":"","overlay-color":"","overlay-opacity":"","overlay-gradient":""},"mobile":{"background-color":"var(--ast-global-color-5)","background-image":"","background-repeat":"repeat","background-position":"center center","background-size":"auto","background-attachment":"scroll","background-type":"","background-media":"","overlay-type":"","overlay-color":"","overlay-opacity":"","overlay-gradient":""}}},"product_cat":[133,15],"product_tag":[],"class_list":{"0":"post-9585","1":"product","2":"type-product","3":"status-publish","4":"has-post-thumbnail","6":"product_cat-management-unit","7":"product_cat-product","8":"desktop-align-left","9":"tablet-align-left","10":"mobile-align-left","11":"ast-product-gallery-layout-horizontal-slider","12":"ast-product-gallery-with-no-image","13":"ast-product-tabs-layout-horizontal","15":"first","16":"instock","17":"shipping-taxable","18":"product-type-simple"},"_links":{"self":[{"href":"https:\/\/securehubtec.com\/tr\/wp-json\/wp\/v2\/product\/9585","targetHints":{"allow":["GET"]}}],"collection":[{"href":"https:\/\/securehubtec.com\/tr\/wp-json\/wp\/v2\/product"}],"about":[{"href":"https:\/\/securehubtec.com\/tr\/wp-json\/wp\/v2\/types\/product"}],"replies":[{"embeddable":true,"href":"https:\/\/securehubtec.com\/tr\/wp-json\/wp\/v2\/comments?post=9585"}],"version-history":[{"count":4,"href":"https:\/\/securehubtec.com\/tr\/wp-json\/wp\/v2\/product\/9585\/revisions"}],"predecessor-version":[{"id":9590,"href":"https:\/\/securehubtec.com\/tr\/wp-json\/wp\/v2\/product\/9585\/revisions\/9590"}],"wp:featuredmedia":[{"embeddable":true,"href":"https:\/\/securehubtec.com\/tr\/wp-json\/wp\/v2\/media\/9586"}],"wp:attachment":[{"href":"https:\/\/securehubtec.com\/tr\/wp-json\/wp\/v2\/media?parent=9585"}],"wp:term":[{"taxonomy":"product_cat","embeddable":true,"href":"https:\/\/securehubtec.com\/tr\/wp-json\/wp\/v2\/product_cat?post=9585"},{"taxonomy":"product_tag","embeddable":true,"href":"https:\/\/securehubtec.com\/tr\/wp-json\/wp\/v2\/product_tag?post=9585"}],"curies":[{"name":"wp","href":"https:\/\/api.w.org\/{rel}","templated":true}]}}