{"id":9503,"date":"2025-10-04T22:10:19","date_gmt":"2025-10-04T14:10:19","guid":{"rendered":"https:\/\/securehubtec.com\/?post_type=product&#038;p=9503"},"modified":"2025-10-06T01:37:41","modified_gmt":"2025-10-05T17:37:41","slug":"outdoor-station-a5","status":"publish","type":"product","link":"https:\/\/securehubtec.com\/tr\/product\/outdoor-station-a5\/","title":{"rendered":"A\u00e7\u0131k \u0130stasyon A5"},"content":{"rendered":"<h3>A\u00e7\u0131k \u0130stasyon A5<\/h3>\n<h3 class=\"header-iWP5WJ auto-hide-last-sibling-br\">Sorunsuz \u00c7ift Y\u00f6nl\u00fc \u0130leti\u015fim<\/h3>\n<div class=\"container-Uxvbjy md-box-line-break wrapper-GYqxgQ undefined\"><\/div>\n<div class=\"auto-hide-last-sibling-br paragraph-pP9ZLC paragraph-element br-paragraph-space\">Ak\u0131ll\u0131 \u0130nterkomumuzun en \u00f6nemli avantajlar\u0131ndan biri, ola\u011fan\u00fcst\u00fc iki y\u00f6nl\u00fc ileti\u015fim \u00f6zelli\u011fidir. Entegre ile\u00a0<strong>2 Y\u00f6nl\u00fc Konu\u015fmal\u0131 Kap\u0131 Zili<\/strong>\u00a0ve\u00a0<strong>2 y\u00f6nl\u00fc interkom<\/strong>\u00a0yetenekleri sayesinde apartman sakinleri ve ziyaret\u00e7iler aras\u0131nda kristal netli\u011finde konu\u015fmalar yap\u0131lmas\u0131n\u0131 sa\u011flar. Bir apartman ortam\u0131nda, bir teslimat g\u00f6revlisi geldi\u011finde, kolayca\u00a0<strong>apartman kapi zi\u0307li\u0307<\/strong>\u00a0ve Ak\u0131ll\u0131 \u0130nterkom arac\u0131l\u0131\u011f\u0131yla bir diyalog ba\u015flat\u0131n. Sakinler ister oturma odas\u0131nda ister binan\u0131n ba\u015fka bir b\u00f6l\u00fcm\u00fcnde olsunlar, an\u0131nda yan\u0131t vererek ileti\u015fimi zahmetsiz hale getirebilirler. Bu kesintisiz etkile\u015fim, yanl\u0131\u015f anlamalar\u0131 ortadan kald\u0131r\u0131r ve ziyaret\u00e7ileri y\u00f6netmenin genel rahatl\u0131\u011f\u0131n\u0131 art\u0131r\u0131r. Dahas\u0131, uzaktan ileti\u015fim kurma yetene\u011fi\u00a0<strong>Ak\u0131ll\u0131 Kap\u0131 Telefonlar\u0131<\/strong>\u00a0veya\u00a0<strong>Ev G\u00fcvenli\u011fi Ak\u0131ll\u0131 WIFI G\u00f6rsel Kap\u0131 Telefonu<\/strong>\u00a0ak\u0131ll\u0131 telefonlara ba\u011fl\u0131 olmas\u0131, bina sakinlerinin uzakta olsalar bile kap\u0131dakilerle konu\u015fabilmeleri ve \u00f6nemli hi\u00e7bir etkile\u015fimin ka\u00e7\u0131r\u0131lmamas\u0131 anlam\u0131na gelir.<\/div>\n<p><img fetchpriority=\"high\" decoding=\"async\" class=\"aligncenter wp-image-9328 size-full\" src=\"https:\/\/securehubtec.com\/wp-content\/uploads\/2025\/09\/A.jpg\" alt=\"\" width=\"1280\" height=\"710\" srcset=\"https:\/\/securehubtec.com\/wp-content\/uploads\/2025\/09\/A.jpg 1280w, https:\/\/securehubtec.com\/wp-content\/uploads\/2025\/09\/A-300x166.jpg 300w, https:\/\/securehubtec.com\/wp-content\/uploads\/2025\/09\/A-1024x568.jpg 1024w, https:\/\/securehubtec.com\/wp-content\/uploads\/2025\/09\/A-768x426.jpg 768w, https:\/\/securehubtec.com\/wp-content\/uploads\/2025\/09\/A-18x10.jpg 18w, https:\/\/securehubtec.com\/wp-content\/uploads\/2025\/09\/A-600x333.jpg 600w\" sizes=\"(max-width: 1280px) 100vw, 1280px\" \/><\/p>\n<h3 class=\"header-iWP5WJ auto-hide-last-sibling-br\">G\u00f6rsel Do\u011frulama ile Geli\u015ftirilmi\u015f G\u00fcvenlik<\/h3>\n<div class=\"container-Uxvbjy md-box-line-break wrapper-GYqxgQ undefined\"><\/div>\n<div class=\"auto-hide-last-sibling-br paragraph-pP9ZLC paragraph-element br-paragraph-space\">G\u00fcvenlik en \u00f6nemli \u00f6nceliktir ve Ak\u0131ll\u0131 \u0130nterkomumuz bu a\u00e7\u0131dan m\u00fckemmeldir. \u0130le donat\u0131lm\u0131\u015ft\u0131r\u00a0<strong>kap\u0131 zili kameras\u0131<\/strong>\u00a0gibi cihazlarda bulunan teknoloji\u00a0<strong>Kameral\u0131 Kap\u0131 Zili<\/strong>\u00a0ve\u00a0<strong>Apartman i\u00e7in Aile Kap\u0131 Zili Kameras\u0131<\/strong>sakinlerine ger\u00e7ek zamanl\u0131 g\u00f6rsel do\u011frulama sa\u011flar. Giri\u015f izni vermeden \u00f6nce, konut sakinleri kap\u0131da kimin oldu\u011funu a\u015fa\u011f\u0131daki gibi cihazlardan g\u00f6r\u00fcnt\u00fcleyebilir\u00a0<strong>7 in\u00e7 Kablolu G\u00f6r\u00fcnt\u00fcl\u00fc \u0130nterkom<\/strong>\u00a0ya da\u00a0<strong>10.1 in\u00e7 En \u0130yi Fiyat G\u00f6r\u00fcnt\u00fcl\u00fc Kap\u0131 Telefonu<\/strong>. Bu \u00f6zellik, potansiyel davetsiz misafirler i\u00e7in g\u00fc\u00e7l\u00fc bir cayd\u0131r\u0131c\u0131 g\u00f6revi g\u00f6r\u00fcr. \u00d6rne\u011fin, bir konut binas\u0131nda, tan\u0131mad\u0131\u011f\u0131 bir ki\u015fi yakla\u015f\u0131rsa, konut sakini durumu de\u011ferlendirebilir ve kap\u0131y\u0131 a\u00e7\u0131p a\u00e7mayaca\u011f\u0131na karar vererek evlerine ekstra bir koruma katman\u0131 ekleyebilir. Ek olarak, a\u015fa\u011f\u0131dakilerle entegrasyon\u00a0<strong>Ge\u00e7i\u015f Kontrol Sistemi<\/strong>\u00a0sadece yetkili ki\u015filerin giri\u015f yapmas\u0131n\u0131 sa\u011flayarak g\u00fcvenli\u011fi daha da g\u00fc\u00e7lendirir.<\/div>\n<p><img decoding=\"async\" class=\"aligncenter wp-image-9329 size-full lazyload\" data-src=\"https:\/\/securehubtec.com\/wp-content\/uploads\/2025\/09\/B.jpg\" alt=\"Outdoor Station A5\" width=\"1280\" height=\"961\" data-srcset=\"https:\/\/securehubtec.com\/wp-content\/uploads\/2025\/09\/B.jpg 1280w, https:\/\/securehubtec.com\/wp-content\/uploads\/2025\/09\/B-300x225.jpg 300w, https:\/\/securehubtec.com\/wp-content\/uploads\/2025\/09\/B-1024x769.jpg 1024w, https:\/\/securehubtec.com\/wp-content\/uploads\/2025\/09\/B-768x577.jpg 768w, https:\/\/securehubtec.com\/wp-content\/uploads\/2025\/09\/B-16x12.jpg 16w, https:\/\/securehubtec.com\/wp-content\/uploads\/2025\/09\/B-600x450.jpg 600w\" data-sizes=\"(max-width: 1280px) 100vw, 1280px\" src=\"data:image\/svg+xml;base64,PHN2ZyB3aWR0aD0iMSIgaGVpZ2h0PSIxIiB4bWxucz0iaHR0cDovL3d3dy53My5vcmcvMjAwMC9zdmciPjwvc3ZnPg==\" style=\"--smush-placeholder-width: 1280px; --smush-placeholder-aspect-ratio: 1280\/961;\" \/><\/p>\n<h3 class=\"header-iWP5WJ auto-hide-last-sibling-br\">\u00c7ok Y\u00f6nl\u00fc ve Esnek Eri\u015fim Se\u00e7enekleri<\/h3>\n<div class=\"container-Uxvbjy md-box-line-break wrapper-GYqxgQ undefined\"><\/div>\n<div class=\"auto-hide-last-sibling-br paragraph-pP9ZLC paragraph-element br-paragraph-space\">Ak\u0131ll\u0131 \u0130nterkomumuz \u00e7ok \u00e7e\u015fitli eri\u015fim se\u00e7enekleri sunarak \u015fu konsepti somutla\u015ft\u0131r\u0131r\u00a0<strong>ak\u0131ll\u0131 giri\u015f<\/strong>. Bu destekler\u00a0<strong>Anahtars\u0131z giri\u015f<\/strong>\u00a0gibi y\u00f6ntemler\u00a0<strong>RFIC Kilit A\u00e7ma<\/strong>Bu sayede konut sakinleri kartlar\u0131n\u0131 ve hatta ak\u0131ll\u0131 telefonlar\u0131n\u0131 anahtar olarak kullanabilmektedir. Bu, \u00f6zellikle anahtarlar\u0131n\u0131 s\u0131k s\u0131k unutanlar veya evlerine eri\u015fmek i\u00e7in daha modern bir yol tercih edenler i\u00e7in uygundur. Dahas\u0131, bu\u00a0<strong>Kamera \u0130nterkom Kilidi<\/strong>\u00a0g\u00f6rsel tan\u0131mlamay\u0131 anahtars\u0131z eri\u015fimle birle\u015ftirerek g\u00fcvenli ve verimli bir giri\u015f \u00e7\u00f6z\u00fcm\u00fc sunar. M\u00fclk y\u00f6neticileri i\u00e7in, genel, yerle\u015fik ve ge\u00e7ici PIN'ler arac\u0131l\u0131\u011f\u0131yla farkl\u0131 eri\u015fim seviyeleri belirleme yetene\u011fi\u00a0<strong>ge\u00e7i\u0307\u015f kontrol si\u0307stemleri\u0307<\/strong>\u00a0apartmanlarda veya ticari komplekslerde birden fazla kullan\u0131c\u0131n\u0131n y\u00f6netimini basitle\u015ftirir.<\/div>\n<p><img decoding=\"async\" class=\"aligncenter size-full wp-image-9330 lazyload\" data-src=\"https:\/\/securehubtec.com\/wp-content\/uploads\/2025\/09\/C.jpg\" alt=\"\" width=\"1280\" height=\"1053\" data-srcset=\"https:\/\/securehubtec.com\/wp-content\/uploads\/2025\/09\/C.jpg 1280w, https:\/\/securehubtec.com\/wp-content\/uploads\/2025\/09\/C-300x247.jpg 300w, https:\/\/securehubtec.com\/wp-content\/uploads\/2025\/09\/C-1024x842.jpg 1024w, https:\/\/securehubtec.com\/wp-content\/uploads\/2025\/09\/C-768x632.jpg 768w, https:\/\/securehubtec.com\/wp-content\/uploads\/2025\/09\/C-15x12.jpg 15w, https:\/\/securehubtec.com\/wp-content\/uploads\/2025\/09\/C-600x494.jpg 600w\" data-sizes=\"(max-width: 1280px) 100vw, 1280px\" src=\"data:image\/svg+xml;base64,PHN2ZyB3aWR0aD0iMSIgaGVpZ2h0PSIxIiB4bWxucz0iaHR0cDovL3d3dy53My5vcmcvMjAwMC9zdmciPjwvc3ZnPg==\" style=\"--smush-placeholder-width: 1280px; --smush-placeholder-aspect-ratio: 1280\/1053;\" \/><\/p>\n<h3 class=\"header-iWP5WJ auto-hide-last-sibling-br\">T\u00fcm Ortamlar i\u00e7in Sa\u011flam ve Dayan\u0131kl\u0131<\/h3>\n<div class=\"container-Uxvbjy md-box-line-break wrapper-GYqxgQ undefined\"><\/div>\n<div class=\"auto-hide-last-sibling-br paragraph-pP9ZLC paragraph-element br-paragraph-space\">\u00c7e\u015fitli \u00e7evre ko\u015fullar\u0131na dayanacak \u015fekilde tasarlanan Ak\u0131ll\u0131 \u0130nterkom \u00fcr\u00fcnlerimiz\u00a0<strong>Su ge\u00e7irmez D\u0131\u015f Mekan Kap\u0131 Zili<\/strong>\u00a0ve\u00a0<strong>Villa i\u00e7in IP65 Kap\u0131 Zili<\/strong>\u00a0son derece dayan\u0131kl\u0131d\u0131r. \u0130ster yo\u011fun g\u00fcne\u015f \u0131\u015f\u0131\u011f\u0131, ister \u015fiddetli ya\u011fmur veya a\u015f\u0131r\u0131 so\u011fuk olsun, bu cihazlar i\u015flevselliklerini korur. Kap\u0131 zilinin d\u0131\u015f etkenlere maruz kald\u0131\u011f\u0131 bir villada, IP65 s\u0131n\u0131f\u0131 kap\u0131 zili zaman i\u00e7inde g\u00fcvenilir performans sa\u011flar. Bu dayan\u0131kl\u0131l\u0131k sadece s\u0131k de\u011fi\u015ftirme ihtiyac\u0131n\u0131 azaltmakla kalmaz, ayn\u0131 zamanda tutarl\u0131 g\u00fcvenlik ve ileti\u015fim hizmetlerini garanti ederek farkl\u0131 m\u00fclkler i\u00e7in uygun maliyetli ve pratik bir se\u00e7im haline getirir.<\/div>\n<p><img decoding=\"async\" class=\"aligncenter size-full wp-image-9331 lazyload\" data-src=\"https:\/\/securehubtec.com\/wp-content\/uploads\/2025\/09\/D.jpg\" alt=\"\" width=\"1280\" height=\"620\" data-srcset=\"https:\/\/securehubtec.com\/wp-content\/uploads\/2025\/09\/D.jpg 1280w, https:\/\/securehubtec.com\/wp-content\/uploads\/2025\/09\/D-300x145.jpg 300w, https:\/\/securehubtec.com\/wp-content\/uploads\/2025\/09\/D-1024x496.jpg 1024w, https:\/\/securehubtec.com\/wp-content\/uploads\/2025\/09\/D-768x372.jpg 768w, https:\/\/securehubtec.com\/wp-content\/uploads\/2025\/09\/D-18x9.jpg 18w, https:\/\/securehubtec.com\/wp-content\/uploads\/2025\/09\/D-600x291.jpg 600w\" data-sizes=\"(max-width: 1280px) 100vw, 1280px\" src=\"data:image\/svg+xml;base64,PHN2ZyB3aWR0aD0iMSIgaGVpZ2h0PSIxIiB4bWxucz0iaHR0cDovL3d3dy53My5vcmcvMjAwMC9zdmciPjwvc3ZnPg==\" style=\"--smush-placeholder-width: 1280px; --smush-placeholder-aspect-ratio: 1280\/620;\" \/><\/p>\n<div class=\"ace-line\" dir=\"auto\" data-node=\"true\">\n<h3 class=\"header-iWP5WJ auto-hide-last-sibling-br\">Kapsaml\u0131 Entegrasyon ve \u00d6zelle\u015ftirme<\/h3>\n<div class=\"container-Uxvbjy md-box-line-break wrapper-GYqxgQ undefined\"><\/div>\n<div class=\"auto-hide-last-sibling-br paragraph-pP9ZLC paragraph-element br-paragraph-space\">Ak\u0131ll\u0131 \u0130nterkomumuz kapsaml\u0131 entegrasyon ve \u00f6zelle\u015ftirme i\u00e7in tasarlanm\u0131\u015ft\u0131r. Eksiksiz bir sistemin par\u00e7as\u0131 olabilir\u00a0<strong>G\u00f6r\u00fcnt\u00fcl\u00fc Kap\u0131 Telefonu Kiti<\/strong>\u00a0veya a\u015fa\u011f\u0131daki gibi di\u011fer g\u00fcvenlik cihazlar\u0131yla entegre edilebilir\u00a0<strong>g\u00fcvenli ak\u0131ll\u0131 dolap<\/strong>\u00a0sistemler. Bu sistemler\u00a0<strong>RS485 Ba\u011flant\u0131 Noktas\u0131<\/strong>\u00a0Cihazlar\u0131m\u0131z\u0131n bir\u00e7o\u011funda geni\u015fleme cihazlar\u0131na kolay ba\u011flant\u0131 sa\u011flanarak \u00f6zel ihtiya\u00e7lara g\u00f6re daha fazla \u00f6zelle\u015ftirme yap\u0131labilir. Ayr\u0131ca, g\u00f6r\u00fcnt\u00fcl\u00fc interkomlardaki 7 in\u00e7 ve 10,1 in\u00e7 gibi farkl\u0131 ekran boyutlar\u0131, farkl\u0131 kurulum yerleri ve kullan\u0131c\u0131 tercihleri i\u00e7in do\u011fru cihaz\u0131n se\u00e7ilmesinde esneklik sa\u011flar. Bu entegrasyon ve \u00f6zelle\u015ftirme d\u00fczeyi, Ak\u0131ll\u0131 \u0130nterkomumuzun ev sahiplerinin, m\u00fclk y\u00f6neticilerinin ve i\u015fletmelerin \u00e7e\u015fitli gereksinimlerini kar\u015f\u0131layabilmesini sa\u011flayarak ger\u00e7ekten \u00f6zel bir g\u00fcvenlik ve ileti\u015fim \u00e7\u00f6z\u00fcm\u00fc sunar.<br \/>\n<strong><b>Reklam g\u00f6rselleri ve videolar\u0131, kullan\u0131c\u0131lar\u0131n \u015firketlerinin hizmetleri, \u00fcr\u00fcnleri veya VI ile ilgili i\u00e7eri\u011fi \u00f6zelle\u015ftirmelerine olanak tan\u0131r.<\/b><\/strong><strong><b>Tuya Home, ziyaret\u00e7ilerin farkl\u0131 odalar\u0131 aramas\u0131na olanak tan\u0131r (iste\u011fe ba\u011fl\u0131, 1000 haneye kadar destekler).<\/b><\/strong><strong><b>Do\u011frudan Bas\u0131n Modu (Oda Rehberi) ziyaret\u00e7ilere m\u00fckemmel bir kullan\u0131c\u0131 deneyimi sunar. \u00a0\u00a0<\/b><\/strong><strong><b><br \/>\n<\/b><\/strong><strong><b><br \/>\n<\/b><\/strong><strong><b>Ev i\u00e7in Ak\u0131ll\u0131 ve G\u00fcvenli Se\u00e7im<\/b><\/strong><\/p>\n<p><strong><b>Ak\u0131ll\u0131 d\u0131\u015f mekan istasyonu, g\u00f6rsel olarak \u00e7arp\u0131c\u0131 ve sezgisel bir kullan\u0131c\u0131 deneyimi sa\u011flamak \u00fczere tasarlanm\u0131\u015ft\u0131r. Kat m\u00fclkiyeti, apartman binalar\u0131, ofis binalar\u0131, g\u00fcvenlikli siteler ve end\u00fcstriyel binalarda kirac\u0131lar ve ziyaret\u00e7ilerin eri\u015fim kontrol\u00fc i\u00e7in tamamen \u00f6zelle\u015ftirilebilir bir \u00e7\u00f6z\u00fcm sa\u011flamak \u00fczere bir dizi yenilik\u00e7i yeni \u00f6zellik getiriyor.<\/b><\/strong><\/p>\n<\/div>\n<p><span data-string=\"true\" data-enter=\"true\" data-leaf=\"true\">\u200b<\/span><\/p>\n<\/div>","protected":false},"excerpt":{"rendered":"<p><strong><span style=\"color: #ffcc00;\">Boyut\uff1a 223x95x19,5 mm<\/span><\/strong><br \/>\n<strong><span style=\"color: #ffcc00;\">G\u00f6r\u00fcnt\u00fcl\u00fc \u0130nterkom\uff1a<br \/>\n<\/span><\/strong><span style=\"margin: 120px;\">Ak\u0131ll\u0131 Monit\u00f6r veya Koruma \u0130stasyonu ile<\/span><br \/>\n<span style=\"margin: 120px;\">Outdoor Station veya Tuya Uygulamas\u0131 ile<\/span><br \/>\n<span style=\"margin: 120px;\">SIP Standard\u0131 3. cihaz ile<\/span><br \/>\n<strong><span style=\"color: #ffcc00;\">Eri\u015fim Kontrol\u00fc\uff1a<\/span><\/strong><br \/>\n<span style=\"margin: 120px;\">Y\u00fcz Tan\u0131ma<\/span><br \/>\n<span style=\"margin: 120px;\">IC Kart veya NFC Tan\u0131mlama<\/span><br \/>\n<span style=\"margin: 120px;\">PIN Tan\u0131mlama<\/span><br \/>\nLinux Sistemi | Tuya Home: 1~1000 | Yank\u0131 Engelleme<br \/>\nAramak i\u00e7in Tek Dokunu\u015f | NVR'ye Ba\u011flan<br \/>\n\u00d6zelle\u015ftirilebilir G\u00f6r\u00fcnt\u00fc Reklam | Geni\u015fletilebilir 4 kanall\u0131 R\u00f6le Sinyal \u00c7\u0131k\u0131\u015f\u0131<br \/>\nSIP Protokol\u00fc | DC12V g\u00fc\u00e7 kayna\u011f\u0131<br \/>\n2M Piksel, \u00c7ift Lensli Kamera | \u00a0<strong><span style=\"color: #ff0000;\">720*1280 \u00c7\u00f6z\u00fcn\u00fcrl\u00fck 5\" IPS LCD<\/span><\/strong><br \/>\nKapasite Dokunmatik Giri\u015f | 13.56MHz Eri\u015fim Kart\u0131 ve NFC<br \/>\nAl\u00fcminyum + Temperli Cam | Video H.264\/H.265, Ses G.711<br \/>\nDahili Hoparl\u00f6r 8R1W Zil Sesi \u226570dB | \u00c7al\u0131\u015fma G\u00fcc\u00fc &lt; 10W<br \/>\n\u00c7al\u0131\u015fma S\u0131cakl\u0131\u011f\u0131 -20 \u2103 ~ +50 \u2103 | Duvar \u00dcst\u00fc Montaj<br \/>\nIP65 IP seviyesi | Wi-Fi iste\u011fe ba\u011fl\u0131d\u0131r, harici anten ile<br \/>\nYa\u011fmur Kapa\u011f\u0131 iste\u011fe ba\u011fl\u0131d\u0131r<br \/>\n<strong><span style=\"color: #ffcc00;\">Aray\u00fcz A\u00e7\u0131klamas\u0131<\/span><\/strong><br \/>\nRJ45 A\u011f Ba\u011flant\u0131 Noktas\u0131 | G\u00fc\u00e7 Giri\u015f Ba\u011flant\u0131 Noktas\u0131<br \/>\nR\u00f6le Sinyal \u00c7\u0131k\u0131\u015f\u0131, 1 y\u00f6nl\u00fc | RS485 Portu<\/p>","protected":false},"featured_media":9504,"comment_status":"open","ping_status":"closed","template":"","meta":{"site-sidebar-layout":"default","site-content-layout":"","ast-site-content-layout":"default","site-content-style":"default","site-sidebar-style":"default","ast-global-header-display":"","ast-banner-title-visibility":"","ast-main-header-display":"","ast-hfb-above-header-display":"","ast-hfb-below-header-display":"","ast-hfb-mobile-header-display":"","site-post-title":"","ast-breadcrumbs-content":"","ast-featured-img":"","footer-sml-layout":"","theme-transparent-header-meta":"default","adv-header-id-meta":"","stick-header-meta":"default","header-above-stick-meta":"","header-main-stick-meta":"","header-below-stick-meta":"","astra-migrate-meta-layouts":"set","ast-page-background-enabled":"default","ast-page-background-meta":{"desktop":{"background-color":"","background-image":"","background-repeat":"repeat","background-position":"center center","background-size":"auto","background-attachment":"scroll","background-type":"","background-media":"","overlay-type":"","overlay-color":"","overlay-opacity":"","overlay-gradient":""},"tablet":{"background-color":"","background-image":"","background-repeat":"repeat","background-position":"center center","background-size":"auto","background-attachment":"scroll","background-type":"","background-media":"","overlay-type":"","overlay-color":"","overlay-opacity":"","overlay-gradient":""},"mobile":{"background-color":"","background-image":"","background-repeat":"repeat","background-position":"center center","background-size":"auto","background-attachment":"scroll","background-type":"","background-media":"","overlay-type":"","overlay-color":"","overlay-opacity":"","overlay-gradient":""}},"ast-content-background-meta":{"desktop":{"background-color":"var(--ast-global-color-5)","background-image":"","background-repeat":"repeat","background-position":"center center","background-size":"auto","background-attachment":"scroll","background-type":"","background-media":"","overlay-type":"","overlay-color":"","overlay-opacity":"","overlay-gradient":""},"tablet":{"background-color":"var(--ast-global-color-5)","background-image":"","background-repeat":"repeat","background-position":"center center","background-size":"auto","background-attachment":"scroll","background-type":"","background-media":"","overlay-type":"","overlay-color":"","overlay-opacity":"","overlay-gradient":""},"mobile":{"background-color":"var(--ast-global-color-5)","background-image":"","background-repeat":"repeat","background-position":"center center","background-size":"auto","background-attachment":"scroll","background-type":"","background-media":"","overlay-type":"","overlay-color":"","overlay-opacity":"","overlay-gradient":""}}},"product_cat":[123,15],"product_tag":[],"class_list":{"0":"post-9503","1":"product","2":"type-product","3":"status-publish","4":"has-post-thumbnail","6":"product_cat-video-intercom","7":"product_cat-product","8":"desktop-align-left","9":"tablet-align-left","10":"mobile-align-left","11":"ast-product-gallery-layout-horizontal-slider","12":"ast-product-tabs-layout-horizontal","14":"first","15":"instock","16":"shipping-taxable","17":"product-type-simple"},"_links":{"self":[{"href":"https:\/\/securehubtec.com\/tr\/wp-json\/wp\/v2\/product\/9503","targetHints":{"allow":["GET"]}}],"collection":[{"href":"https:\/\/securehubtec.com\/tr\/wp-json\/wp\/v2\/product"}],"about":[{"href":"https:\/\/securehubtec.com\/tr\/wp-json\/wp\/v2\/types\/product"}],"replies":[{"embeddable":true,"href":"https:\/\/securehubtec.com\/tr\/wp-json\/wp\/v2\/comments?post=9503"}],"version-history":[{"count":5,"href":"https:\/\/securehubtec.com\/tr\/wp-json\/wp\/v2\/product\/9503\/revisions"}],"predecessor-version":[{"id":9543,"href":"https:\/\/securehubtec.com\/tr\/wp-json\/wp\/v2\/product\/9503\/revisions\/9543"}],"wp:featuredmedia":[{"embeddable":true,"href":"https:\/\/securehubtec.com\/tr\/wp-json\/wp\/v2\/media\/9504"}],"wp:attachment":[{"href":"https:\/\/securehubtec.com\/tr\/wp-json\/wp\/v2\/media?parent=9503"}],"wp:term":[{"taxonomy":"product_cat","embeddable":true,"href":"https:\/\/securehubtec.com\/tr\/wp-json\/wp\/v2\/product_cat?post=9503"},{"taxonomy":"product_tag","embeddable":true,"href":"https:\/\/securehubtec.com\/tr\/wp-json\/wp\/v2\/product_tag?post=9503"}],"curies":[{"name":"wp","href":"https:\/\/api.w.org\/{rel}","templated":true}]}}