{"id":9347,"date":"2025-10-06T02:00:54","date_gmt":"2025-10-05T18:00:54","guid":{"rendered":"https:\/\/securehubtec.com\/?post_type=product&#038;p=9347"},"modified":"2025-10-06T02:00:55","modified_gmt":"2025-10-05T18:00:55","slug":"indoor-monitor-p7008xp","status":"publish","type":"product","link":"https:\/\/securehubtec.com\/tr\/product\/indoor-monitor-p7008xp\/","title":{"rendered":"\u0130\u00e7 Mekan Monit\u00f6r\u00fc P7008XP"},"content":{"rendered":"<p><strong><span style=\"color: #ffcc00;\">\u0130\u00e7 Mekan Monit\u00f6r\u00fc P7008XP<\/span><\/strong><br \/>\nBir kap\u0131 zilinden daha fazlas\u0131, 7\/24 g\u00fcvenlik g\u00f6revliniz,<span data-leaf=\"true\"><span class=\"lb\">DRSECURE, s\u00fcrekli geli\u015fen k\u00fcresel ak\u0131ll\u0131 g\u00fcvenlik sekt\u00f6r\u00fcnde \u00f6nc\u00fc bir kurulu\u015f olarak kendini kan\u0131tlam\u0131\u015ft\u0131r. <\/span><\/span><span data-leaf=\"true\"><span class=\"lb\">Ak\u0131ll\u0131 \u0130nterkom \u00dcretimi<\/span><\/span><span data-leaf=\"true\"><span class=\"lb\"> kendini deniza\u015f\u0131r\u0131 m\u00fc\u015fterilerine yenilik\u00e7ili\u011fi pratiklikle harmanlayan y\u00fcksek performansl\u0131, kullan\u0131c\u0131 dostu g\u00fcvenlik \u00e7\u00f6z\u00fcmleri sunmaya adam\u0131\u015ft\u0131r. G\u00fcvenlik ve rahatl\u0131\u011f\u0131n d\u00fcnya \u00e7ap\u0131ndaki evler, apartmanlar ve ticari alanlar i\u00e7in tart\u0131\u015f\u0131lmaz oldu\u011funun fark\u0131nday\u0131z, bu nedenle \u00fcr\u00fcn yelpazemiz ak\u0131ll\u0131 g\u00fcvenlik ekosistemindeki her kritik ihtiyac\u0131 kar\u015f\u0131lamak i\u00e7in \u00f6zenle haz\u0131rlanm\u0131\u015ft\u0131r. \u0130ster \u00fcr\u00fcn yelpazenizi g\u00fcvenilir markalarla geni\u015fletmek isteyen bir distrib\u00fct\u00f6r, ister yeni konut komplekslerini en \u00fcst d\u00fczey g\u00fcvenlik sistemleriyle donatmay\u0131 ama\u00e7layan bir m\u00fclk geli\u015ftiricisi veya i\u015fyeri g\u00fcvenli\u011fini art\u0131rmak isteyen bir i\u015fletme sahibi olun, DRSECURE taleplerinizi kar\u015f\u0131lamaya haz\u0131rd\u0131r. Kalite, g\u00fcvenilirlik ve m\u00fc\u015fteri odakl\u0131l\u0131k temelleri \u00fczerine in\u015fa edilen markam\u0131z, bizi uzun \u00f6m\u00fcrl\u00fc, uyumlu g\u00fcvenlik \u00e7\u00f6z\u00fcmlerine de\u011fer veren k\u0131talar aras\u0131 m\u00fc\u015fteriler i\u00e7in tercih edilen bir se\u00e7enek haline getirmektedir.<\/span><\/span><br \/>\n<img fetchpriority=\"high\" decoding=\"async\" class=\"aligncenter size-full wp-image-9328\" src=\"https:\/\/securehubtec.com\/wp-content\/uploads\/2025\/09\/A.jpg\" alt=\"\" width=\"1280\" height=\"710\" srcset=\"https:\/\/securehubtec.com\/wp-content\/uploads\/2025\/09\/A.jpg 1280w, https:\/\/securehubtec.com\/wp-content\/uploads\/2025\/09\/A-300x166.jpg 300w, https:\/\/securehubtec.com\/wp-content\/uploads\/2025\/09\/A-1024x568.jpg 1024w, https:\/\/securehubtec.com\/wp-content\/uploads\/2025\/09\/A-768x426.jpg 768w, https:\/\/securehubtec.com\/wp-content\/uploads\/2025\/09\/A-18x10.jpg 18w, https:\/\/securehubtec.com\/wp-content\/uploads\/2025\/09\/A-600x333.jpg 600w\" sizes=\"(max-width: 1280px) 100vw, 1280px\" \/><span data-leaf=\"true\"><span class=\"lb\">DRSECURE'da, \u00e7e\u015fitli konut ve ticari senaryolara hitap etmek i\u00e7in tasarlanm\u0131\u015f kapsaml\u0131 bir interkom ve kap\u0131 zili \u00fcr\u00fcnleri yelpazesi sunuyoruz. Sadelik ve etkili ileti\u015fime \u00f6ncelik veren ev sahipleri i\u00e7in <\/span><\/span><span data-leaf=\"true\"><span class=\"lb\">2 Y\u00f6nl\u00fc Konu\u015fmal\u0131 Kap\u0131 Zili<\/span><\/span><span data-leaf=\"true\"><span class=\"lb\"> ve klasik <\/span><\/span><span data-leaf=\"true\"><span class=\"lb\">Kap\u0131 Zili<\/span><\/span><span data-leaf=\"true\"><span class=\"lb\"> net ses ve kolay kurulum sa\u011flarken, bizim <\/span><\/span><span data-leaf=\"true\"><span class=\"lb\">apartman kapi zi\u0307li\u0307<\/span><\/span><span data-leaf=\"true\"><span class=\"lb\"> \u00e7ok birimli binalar\u0131n benzersiz ihtiya\u00e7lar\u0131na uyacak \u015fekilde uyarlanm\u0131\u015ft\u0131r ve kesintisiz ziyaret\u00e7i etkile\u015fimi sa\u011flar. Geli\u015fmi\u015f izleme \u00f6zellikleri arayanlar i\u00e7in <\/span><\/span><span data-leaf=\"true\"><span class=\"lb\">kap\u0131 zili kameras\u0131<\/span><\/span><span data-leaf=\"true\"><span class=\"lb\"> ger\u00e7ek zamanl\u0131 video ak\u0131\u015f\u0131, hareket alg\u0131lama uyar\u0131lar\u0131 ve mobil uygulamalar arac\u0131l\u0131\u011f\u0131yla uzaktan eri\u015fim ile \u00f6ne \u00e7\u0131kar ve kullan\u0131c\u0131lar\u0131n nerede olurlarsa olsunlar giri\u015f yollar\u0131na g\u00f6z kulak olmalar\u0131n\u0131 sa\u011flar. Ayr\u0131ca birbirine ba\u011fl\u0131 \u00e7\u00f6z\u00fcmlerde de m\u00fckemmeliz: bizim <\/span><\/span><span data-leaf=\"true\"><span class=\"lb\">2 y\u00f6nl\u00fc interkom<\/span><\/span><span data-leaf=\"true\"><span class=\"lb\"> ve <\/span><\/span><span data-leaf=\"true\"><span class=\"lb\">kap\u0131 zili interkom<\/span><\/span><span data-leaf=\"true\"><span class=\"lb\"> sistemlerimiz konut sakinleri ve ziyaret\u00e7iler aras\u0131nda sorunsuz ileti\u015fim sa\u011flarken <\/span><\/span><span data-leaf=\"true\"><span class=\"lb\">Ak\u0131ll\u0131 Kap\u0131 Telefonlar\u0131<\/span><\/span><span data-leaf=\"true\"><span class=\"lb\"> ve <\/span><\/span><span data-leaf=\"true\"><span class=\"lb\">ak\u0131ll\u0131 interkom<\/span><\/span><span data-leaf=\"true\"><span class=\"lb\"> modern ak\u0131ll\u0131 ev platformlar\u0131yla entegre olarak ses kontrol\u00fc ve otomasyon gibi \u00f6zellikler sunar. B\u00fcy\u00fck konut projeleri i\u00e7in, bizim <\/span><\/span><span data-leaf=\"true\"><span class=\"lb\">Apartman i\u00e7in Ak\u0131ll\u0131 \u0130nterkom<\/span><\/span><span data-leaf=\"true\"><span class=\"lb\"> ve <\/span><\/span><span data-leaf=\"true\"><span class=\"lb\">Apartmanlar i\u00e7in Ak\u0131ll\u0131 \u0130nterkom<\/span><\/span><span data-leaf=\"true\"><span class=\"lb\"> ziyaret\u00e7i y\u00f6netimini kolayla\u015ft\u0131r\u0131r, idari y\u00fckleri azalt\u0131r ve hem konut sakinleri hem de m\u00fclk y\u00f6neticileri i\u00e7in genel g\u00fcvenli\u011fi art\u0131r\u0131r.<\/span><\/span><br \/>\n<img decoding=\"async\" class=\"aligncenter wp-image-9329 size-full lazyload\" data-src=\"https:\/\/securehubtec.com\/wp-content\/uploads\/2025\/09\/B.jpg\" alt=\"Indoor Monitor P7007PRO\" width=\"1280\" height=\"961\" data-srcset=\"https:\/\/securehubtec.com\/wp-content\/uploads\/2025\/09\/B.jpg 1280w, https:\/\/securehubtec.com\/wp-content\/uploads\/2025\/09\/B-300x225.jpg 300w, https:\/\/securehubtec.com\/wp-content\/uploads\/2025\/09\/B-1024x769.jpg 1024w, https:\/\/securehubtec.com\/wp-content\/uploads\/2025\/09\/B-768x577.jpg 768w, https:\/\/securehubtec.com\/wp-content\/uploads\/2025\/09\/B-16x12.jpg 16w, https:\/\/securehubtec.com\/wp-content\/uploads\/2025\/09\/B-600x450.jpg 600w\" data-sizes=\"(max-width: 1280px) 100vw, 1280px\" src=\"data:image\/svg+xml;base64,PHN2ZyB3aWR0aD0iMSIgaGVpZ2h0PSIxIiB4bWxucz0iaHR0cDovL3d3dy53My5vcmcvMjAwMC9zdmciPjwvc3ZnPg==\" style=\"--smush-placeholder-width: 1280px; --smush-placeholder-aspect-ratio: 1280\/961;\" \/><span data-leaf=\"true\"><span class=\"lb\">DRSECURE, interkomlar ve kap\u0131 zillerinin \u00f6tesinde, alanlar\u0131n nas\u0131l g\u00fcvence alt\u0131na al\u0131nd\u0131\u011f\u0131n\u0131 yeniden tan\u0131mlayan eksiksiz bir eri\u015fim kontrol\u00fc ve ak\u0131ll\u0131 giri\u015f \u00e7\u00f6z\u00fcmleri paketi sunar. Bizim <\/span><\/span><span data-leaf=\"true\"><span class=\"lb\">ge\u00e7i\u0307\u015f kontrol si\u0307stemleri\u0307<\/span><\/span><span data-leaf=\"true\"><span class=\"lb\"> ticari binalar, ofisler ve end\u00fcstriyel tesisler i\u00e7in esnek, \u00f6l\u00e7eklenebilir y\u00f6netim sunmak \u00fczere tasarlanm\u0131\u015ft\u0131r ve y\u00f6neticilerin eri\u015fim izinlerini verimli ve uzaktan y\u00f6netmesine olanak tan\u0131r. Bu sistemleri tamamlayan \u00fcr\u00fcnlerimiz <\/span><\/span><span data-leaf=\"true\"><span class=\"lb\">Anahtars\u0131z giri\u015f<\/span><\/span><span data-leaf=\"true\"><span class=\"lb\"> \u00e7\u00f6z\u00fcmler, eri\u015fim sa\u011flamak i\u00e7in ak\u0131ll\u0131 telefon kimlik bilgilerini, anahtarl\u0131klar\u0131 veya biyometrik verileri kullanarak fiziksel anahtarlar\u0131n zorlu\u011funu ortadan kald\u0131r\u0131r ve g\u00fcvenlikten \u00f6d\u00fcn vermeden kolayl\u0131k sa\u011flar. Ayr\u0131ca, \u00f6zel depolama g\u00fcvenli\u011fi ihtiya\u00e7lar\u0131n\u0131 a\u015fa\u011f\u0131daki \u00e7\u00f6z\u00fcmlerimizle kar\u015f\u0131l\u0131yoruz <\/span><\/span><span data-leaf=\"true\"><span class=\"lb\">g\u00fcvenli ak\u0131ll\u0131 dolap<\/span><\/span><span data-leaf=\"true\"><span class=\"lb\"> kurcalamaya kar\u015f\u0131 korumal\u0131 tasar\u0131mlar, ger\u00e7ek zamanl\u0131 eri\u015fim takibi ve bulut tabanl\u0131 y\u00f6netim \u00f6zelliklerine sahip sistemler. Bu dolaplar spor salonlar\u0131, ortak \u00e7al\u0131\u015fma alanlar\u0131, okullar ve perakende ma\u011fazalar\u0131 i\u00e7in idealdir ve kullan\u0131c\u0131lara g\u00f6n\u00fcl rahatl\u0131\u011f\u0131, y\u00f6neticilere ise depolama kullan\u0131m\u0131 \u00fczerinde tam g\u00f6r\u00fcn\u00fcrl\u00fck sa\u011flar. Bu serideki her \u00fcr\u00fcn, yo\u011fun kullan\u0131ma ve \u00e7e\u015fitli \u00e7evre ko\u015fullar\u0131na dayanacak \u015fekilde \u00fcretilmi\u015ftir ve deniza\u015f\u0131r\u0131 m\u00fc\u015fterilerimiz i\u00e7in g\u00fcvenilir performans sa\u011flar.<\/span><\/span><br \/>\n<img decoding=\"async\" class=\"aligncenter size-full wp-image-9330 lazyload\" data-src=\"https:\/\/securehubtec.com\/wp-content\/uploads\/2025\/09\/C.jpg\" alt=\"\" width=\"1280\" height=\"1053\" data-srcset=\"https:\/\/securehubtec.com\/wp-content\/uploads\/2025\/09\/C.jpg 1280w, https:\/\/securehubtec.com\/wp-content\/uploads\/2025\/09\/C-300x247.jpg 300w, https:\/\/securehubtec.com\/wp-content\/uploads\/2025\/09\/C-1024x842.jpg 1024w, https:\/\/securehubtec.com\/wp-content\/uploads\/2025\/09\/C-768x632.jpg 768w, https:\/\/securehubtec.com\/wp-content\/uploads\/2025\/09\/C-15x12.jpg 15w, https:\/\/securehubtec.com\/wp-content\/uploads\/2025\/09\/C-600x494.jpg 600w\" data-sizes=\"(max-width: 1280px) 100vw, 1280px\" src=\"data:image\/svg+xml;base64,PHN2ZyB3aWR0aD0iMSIgaGVpZ2h0PSIxIiB4bWxucz0iaHR0cDovL3d3dy53My5vcmcvMjAwMC9zdmciPjwvc3ZnPg==\" style=\"--smush-placeholder-width: 1280px; --smush-placeholder-aspect-ratio: 1280\/1053;\" \/><span data-leaf=\"true\"><span class=\"lb\">DRSECURE'\u00fc k\u00fcresel pazarda di\u011ferlerinden ay\u0131ran en \u00f6nemli avantaj, uluslararas\u0131 kalite ve g\u00fcvenlik standartlar\u0131na s\u0131k\u0131 s\u0131k\u0131ya ba\u011fl\u0131 kalmam\u0131zd\u0131r. Pop\u00fcler \u00fcr\u00fcnlerimiz de dahil olmak \u00fczere t\u00fcm \u00fcr\u00fcnlerimiz <\/span><\/span><span data-leaf=\"true\"><span class=\"lb\">g\u00f6r\u00fcnt\u00fcl\u00fc interkom<\/span><\/span><span data-leaf=\"true\"><span class=\"lb\"> ve <\/span><\/span><span data-leaf=\"true\"><span class=\"lb\">Ak\u0131ll\u0131 G\u00f6r\u00fcnt\u00fcl\u00fc \u0130nterkom<\/span><\/span><span data-leaf=\"true\"><span class=\"lb\"> sistemleri, her ikisini de tutun <\/span><\/span><span data-leaf=\"true\"><span class=\"lb\">CE<\/span><\/span><span data-leaf=\"true\"><span class=\"lb\"> ve <\/span><\/span><span data-leaf=\"true\"><span class=\"lb\">FCC<\/span><\/span><span data-leaf=\"true\"><span class=\"lb\"> sertifikalar. Bu sertifikalar bir kimlik belgesinden \u00e7ok daha fazlas\u0131d\u0131r; \u00fcr\u00fcnlerimizin d\u00fcnyan\u0131n en \u00e7ok d\u00fczenlemeye tabi ve rekabet\u00e7i pazarlar\u0131ndan ikisi olan Avrupa Birli\u011fi ve Kuzey Amerika'n\u0131n zorlu performans, g\u00fcvenlik ve elektromanyetik uyumluluk gereksinimlerini kar\u015f\u0131lad\u0131\u011f\u0131n\u0131n kan\u0131t\u0131d\u0131r. Deniza\u015f\u0131r\u0131 m\u00fc\u015fteriler i\u00e7in bu, \u00fcr\u00fcnlerimizin yasal engeller olmadan ithal edilebilece\u011fi, da\u011f\u0131t\u0131labilece\u011fi ve sat\u0131labilece\u011fi anlam\u0131na gelir ve zaman ve kaynak tasarrufu sa\u011flar. Ayr\u0131ca, her \u00fcr\u00fcn\u00fc fabrikam\u0131zdan \u00e7\u0131kmadan \u00f6nce dayan\u0131kl\u0131l\u0131k de\u011ferlendirmelerinden i\u015flevsellik kontrollerine kadar titiz testlere tabi tutarak her birimin en y\u00fcksek end\u00fcstri standartlar\u0131n\u0131 kar\u015f\u0131lamas\u0131n\u0131 veya a\u015fmas\u0131n\u0131 sa\u011fl\u0131yoruz. Kaliteye olan bu ba\u011fl\u0131l\u0131\u011f\u0131m\u0131z bize d\u00fcnya \u00e7ap\u0131ndaki m\u00fc\u015fterilerimiz aras\u0131nda g\u00fcvenilirlik ve g\u00fcven konusunda bir itibar kazand\u0131rd\u0131.<\/span><\/span><br \/>\n<img decoding=\"async\" class=\"aligncenter size-full wp-image-9331 lazyload\" data-src=\"https:\/\/securehubtec.com\/wp-content\/uploads\/2025\/09\/D.jpg\" alt=\"\" width=\"1280\" height=\"620\" data-srcset=\"https:\/\/securehubtec.com\/wp-content\/uploads\/2025\/09\/D.jpg 1280w, https:\/\/securehubtec.com\/wp-content\/uploads\/2025\/09\/D-300x145.jpg 300w, https:\/\/securehubtec.com\/wp-content\/uploads\/2025\/09\/D-1024x496.jpg 1024w, https:\/\/securehubtec.com\/wp-content\/uploads\/2025\/09\/D-768x372.jpg 768w, https:\/\/securehubtec.com\/wp-content\/uploads\/2025\/09\/D-18x9.jpg 18w, https:\/\/securehubtec.com\/wp-content\/uploads\/2025\/09\/D-600x291.jpg 600w\" data-sizes=\"(max-width: 1280px) 100vw, 1280px\" src=\"data:image\/svg+xml;base64,PHN2ZyB3aWR0aD0iMSIgaGVpZ2h0PSIxIiB4bWxucz0iaHR0cDovL3d3dy53My5vcmcvMjAwMC9zdmciPjwvc3ZnPg==\" style=\"--smush-placeholder-width: 1280px; --smush-placeholder-aspect-ratio: 1280\/620;\" \/><\/p>\n<div class=\"ace-line\" dir=\"auto\" data-node=\"true\"><span data-string=\"true\" data-enter=\"true\" data-leaf=\"true\"><span class=\"lb\">DRSECURE ile ortakl\u0131k kurmak, bir tedarik\u00e7iden daha fazlas\u0131n\u0131 elde etmek anlam\u0131na gelir; bu, ba\u015far\u0131n\u0131za adanm\u0131\u015f bir ekiple i\u015fbirli\u011fi yapmak demektir. Her deniza\u015f\u0131r\u0131 pazar\u0131n kendine \u00f6zg\u00fc tercihleri ve gereksinimleri oldu\u011funu biliyoruz, bu nedenle esnek \u00f6zelle\u015ftirme se\u00e7enekleri sunuyoruz. Bir \u00fcr\u00fcn\u00fcn tasar\u0131m\u0131n\u0131 ayarlaman\u0131z gerekip gerekmedi\u011fi <\/span><span class=\"lb\">ak\u0131ll\u0131 interkom<\/span><span class=\"lb\"> yerel esteti\u011fe uyum sa\u011flamak, b\u00f6lgesel ileti\u015fim protokollerini bir <\/span><span class=\"lb\">eri\u0307\u015fi\u0307m kontrol si\u0307stemi\u0307<\/span><span class=\"lb\"> veya \u00e7oklu dil deste\u011fi eklemek i\u00e7in <\/span><span class=\"lb\">kap\u0131 zili kameras\u0131<\/span><span class=\"lb\"> uygulamas\u0131nda, m\u00fchendislik ekibimiz size \u00f6zel \u00e7\u00f6z\u00fcmler sunmak i\u00e7in sizinle yak\u0131n i\u015fbirli\u011fi i\u00e7inde \u00e7al\u0131\u015facakt\u0131r. Ayr\u0131ca kurulum rehberli\u011fi, sorun giderme ve sat\u0131\u015f sonras\u0131 hizmet konular\u0131nda yard\u0131mc\u0131 olmak \u00fczere 7\/24 hizmet veren bir ekiple ola\u011fan\u00fcst\u00fc m\u00fc\u015fteri deste\u011fi sa\u011fl\u0131yoruz. Ayr\u0131ca, verimli tedarik zincirimiz ve rekabet\u00e7i fiyatland\u0131rmam\u0131z, m\u00fc\u015fterilerinize birinci s\u0131n\u0131f g\u00fcvenlik \u00fcr\u00fcnleri sunarken karl\u0131l\u0131\u011f\u0131 en \u00fcst d\u00fczeye \u00e7\u0131karman\u0131z\u0131 sa\u011flar. DRSECURE i\u015f orta\u011f\u0131n\u0131z oldu\u011funda, yan\u0131n\u0131zda g\u00fcvenilir ve yenilik\u00e7i bir m\u00fcttefikiniz oldu\u011funu bilerek k\u00fcresel ak\u0131ll\u0131 g\u00fcvenlik pazar\u0131nda g\u00fcvenle gezinebilirsiniz.<\/span>\u200b<\/span><\/div>","protected":false},"excerpt":{"rendered":"<p>Model\uff1aP7008XP<br \/>\nBoyut\uff1a210x145x20 mm<\/p>\n<p>\u221a DC12V veya POE (IEEE 802.3AF)<br \/>\n<strong><span style=\"color: #ff0000;\">\u221a 7\" IPS LCD, 1024*600<\/span><\/strong><br \/>\n\u221a Wi-Fi iste\u011fe ba\u011fl\u0131d\u0131r<br \/>\n\u221a ABS<br \/>\n\u221a Video H.264\/H.265, Ses G.711<br \/>\n\u221a Zil sesi \u226570dB<br \/>\n\u221a \u00c7al\u0131\u015fma G\u00fcc\u00fc &lt; 5W<br \/>\n\u221a \u00c7al\u0131\u015fma S\u0131cakl\u0131\u011f\u0131 0 \u2103 ~ +50 \u2103<br \/>\n\u221a Duvar \u00fcst\u00fc montaj<br \/>\n\u221a Linux Sistemi<br \/>\n\u221a G\u00f6r\u00fcnt\u00fcl\u00fc \u0130nterkom<br \/>\n\u221a Yank\u0131 Engelleme<br \/>\n\u221a Monit\u00f6r IPC (24 saat, D\u00f6rt B\u00f6lmeli Ekran)<br \/>\n\u221a A\u00e7\u0131k \u0130stasyonu \u0130zleme<br \/>\n\u221a Alarm: SOS, Gaz Alg\u0131lama, 4 kanall\u0131 kablolu ba\u011flant\u0131<br \/>\n\u221a Tuya Home: Opsiyonel<\/p>","protected":false},"featured_media":9551,"comment_status":"open","ping_status":"closed","template":"","meta":{"site-sidebar-layout":"default","site-content-layout":"","ast-site-content-layout":"default","site-content-style":"default","site-sidebar-style":"default","ast-global-header-display":"","ast-banner-title-visibility":"","ast-main-header-display":"","ast-hfb-above-header-display":"","ast-hfb-below-header-display":"","ast-hfb-mobile-header-display":"","site-post-title":"","ast-breadcrumbs-content":"","ast-featured-img":"","footer-sml-layout":"","theme-transparent-header-meta":"default","adv-header-id-meta":"","stick-header-meta":"default","header-above-stick-meta":"","header-main-stick-meta":"","header-below-stick-meta":"","astra-migrate-meta-layouts":"set","ast-page-background-enabled":"default","ast-page-background-meta":{"desktop":{"background-color":"","background-image":"","background-repeat":"repeat","background-position":"center center","background-size":"auto","background-attachment":"scroll","background-type":"","background-media":"","overlay-type":"","overlay-color":"","overlay-opacity":"","overlay-gradient":""},"tablet":{"background-color":"","background-image":"","background-repeat":"repeat","background-position":"center center","background-size":"auto","background-attachment":"scroll","background-type":"","background-media":"","overlay-type":"","overlay-color":"","overlay-opacity":"","overlay-gradient":""},"mobile":{"background-color":"","background-image":"","background-repeat":"repeat","background-position":"center center","background-size":"auto","background-attachment":"scroll","background-type":"","background-media":"","overlay-type":"","overlay-color":"","overlay-opacity":"","overlay-gradient":""}},"ast-content-background-meta":{"desktop":{"background-color":"var(--ast-global-color-5)","background-image":"","background-repeat":"repeat","background-position":"center center","background-size":"auto","background-attachment":"scroll","background-type":"","background-media":"","overlay-type":"","overlay-color":"","overlay-opacity":"","overlay-gradient":""},"tablet":{"background-color":"var(--ast-global-color-5)","background-image":"","background-repeat":"repeat","background-position":"center center","background-size":"auto","background-attachment":"scroll","background-type":"","background-media":"","overlay-type":"","overlay-color":"","overlay-opacity":"","overlay-gradient":""},"mobile":{"background-color":"var(--ast-global-color-5)","background-image":"","background-repeat":"repeat","background-position":"center center","background-size":"auto","background-attachment":"scroll","background-type":"","background-media":"","overlay-type":"","overlay-color":"","overlay-opacity":"","overlay-gradient":""}}},"product_cat":[123,15],"product_tag":[],"class_list":{"0":"post-9347","1":"product","2":"type-product","3":"status-publish","4":"has-post-thumbnail","6":"product_cat-video-intercom","7":"product_cat-product","8":"desktop-align-left","9":"tablet-align-left","10":"mobile-align-left","11":"ast-product-gallery-layout-horizontal-slider","12":"ast-product-tabs-layout-horizontal","14":"first","15":"instock","16":"shipping-taxable","17":"product-type-simple"},"_links":{"self":[{"href":"https:\/\/securehubtec.com\/tr\/wp-json\/wp\/v2\/product\/9347","targetHints":{"allow":["GET"]}}],"collection":[{"href":"https:\/\/securehubtec.com\/tr\/wp-json\/wp\/v2\/product"}],"about":[{"href":"https:\/\/securehubtec.com\/tr\/wp-json\/wp\/v2\/types\/product"}],"replies":[{"embeddable":true,"href":"https:\/\/securehubtec.com\/tr\/wp-json\/wp\/v2\/comments?post=9347"}],"version-history":[{"count":2,"href":"https:\/\/securehubtec.com\/tr\/wp-json\/wp\/v2\/product\/9347\/revisions"}],"predecessor-version":[{"id":9553,"href":"https:\/\/securehubtec.com\/tr\/wp-json\/wp\/v2\/product\/9347\/revisions\/9553"}],"wp:featuredmedia":[{"embeddable":true,"href":"https:\/\/securehubtec.com\/tr\/wp-json\/wp\/v2\/media\/9551"}],"wp:attachment":[{"href":"https:\/\/securehubtec.com\/tr\/wp-json\/wp\/v2\/media?parent=9347"}],"wp:term":[{"taxonomy":"product_cat","embeddable":true,"href":"https:\/\/securehubtec.com\/tr\/wp-json\/wp\/v2\/product_cat?post=9347"},{"taxonomy":"product_tag","embeddable":true,"href":"https:\/\/securehubtec.com\/tr\/wp-json\/wp\/v2\/product_tag?post=9347"}],"curies":[{"name":"wp","href":"https:\/\/api.w.org\/{rel}","templated":true}]}}