{"id":9326,"date":"2025-09-24T21:57:54","date_gmt":"2025-09-24T13:57:54","guid":{"rendered":"https:\/\/securehubtec.com\/?post_type=product&#038;p=9326"},"modified":"2025-10-06T22:46:53","modified_gmt":"2025-10-06T14:46:53","slug":"indoor-monitor-p11pro","status":"publish","type":"product","link":"https:\/\/securehubtec.com\/tr\/product\/indoor-monitor-p11pro\/","title":{"rendered":"\u0130\u00e7 Mekan Monit\u00f6r\u00fc P11PRO"},"content":{"rendered":"<p><strong><span style=\"color: #ffcc00;\">\u0130\u00e7 Mekan Monit\u00f6r\u00fc P11PRO<\/span><\/strong><br \/>\nBir kap\u0131 zilinden daha fazlas\u0131, 7\/24 g\u00fcvenlik g\u00f6revliniz,<span data-leaf=\"true\"><span class=\"lb\">DRSECURE, ak\u0131ll\u0131 g\u00fcvenli\u011fin k\u00fcresel ortam\u0131nda, evler, apartmanlar ve ticari alanlar i\u00e7in g\u00fcvenlik ve rahatl\u0131\u011f\u0131 yeniden tan\u0131mlayan yenilik\u00e7i, g\u00fcvenilir ve kullan\u0131c\u0131 merkezli \u00e7\u00f6z\u00fcmler sunmaya adanm\u0131\u015f lider bir sa\u011flay\u0131c\u0131 olarak \u00f6ne \u00e7\u0131k\u0131yor. Bir profesyonel olarak <\/span><\/span><span data-leaf=\"true\"><span class=\"lb\">Ak\u0131ll\u0131 \u0130nterkom \u00dcretimi<\/span><\/span><span data-leaf=\"true\"><span class=\"lb\">DRSECURE olarak, giri\u015f kontrol\u00fcnden ger\u00e7ek zamanl\u0131 ileti\u015fime kadar modern g\u00fcvenli\u011fin her kritik y\u00f6n\u00fcn\u00fc kapsayan ve t\u00fcm\u00fc deniza\u015f\u0131r\u0131 m\u00fc\u015fterilerin \u00e7e\u015fitli ihtiya\u00e7lar\u0131n\u0131 kar\u015f\u0131lamak i\u00e7in tasarlanm\u0131\u015f kapsaml\u0131 \u00fcr\u00fcn portf\u00f6y\u00fcm\u00fczle gurur duyuyoruz. \u0130ster y\u00fcksek kaliteli \u00fcr\u00fcnler arayan bir distrib\u00fct\u00f6r, ister yeni binalar\u0131 donatan bir m\u00fclk geli\u015ftiricisi veya g\u00fcvenlik sisteminizi y\u00fckselten bir ev sahibi olun, DRSECURE sundu\u011fumuz her \u00e7\u00f6z\u00fcme onlarca y\u0131ll\u0131k uzmanl\u0131k ve m\u00fckemmellik taahh\u00fcd\u00fc getiriyor. Markam\u0131z dayan\u0131kl\u0131l\u0131k, ileri teknoloji ve k\u00fcresel standartlara uygunluk ile e\u015f anlaml\u0131d\u0131r, bu da bizi g\u00fcvenlikten \u00f6d\u00fcn vermeyi reddeden m\u00fc\u015fteriler i\u00e7in tercih edilen se\u00e7enek haline getirmektedir.<\/span><\/span><br \/>\n<img fetchpriority=\"high\" decoding=\"async\" class=\"aligncenter size-full wp-image-9328\" src=\"https:\/\/securehubtec.com\/wp-content\/uploads\/2025\/09\/A.jpg\" alt=\"\" width=\"1280\" height=\"710\" srcset=\"https:\/\/securehubtec.com\/wp-content\/uploads\/2025\/09\/A.jpg 1280w, https:\/\/securehubtec.com\/wp-content\/uploads\/2025\/09\/A-300x166.jpg 300w, https:\/\/securehubtec.com\/wp-content\/uploads\/2025\/09\/A-1024x568.jpg 1024w, https:\/\/securehubtec.com\/wp-content\/uploads\/2025\/09\/A-768x426.jpg 768w, https:\/\/securehubtec.com\/wp-content\/uploads\/2025\/09\/A-18x10.jpg 18w, https:\/\/securehubtec.com\/wp-content\/uploads\/2025\/09\/A-600x333.jpg 600w\" sizes=\"(max-width: 1280px) 100vw, 1280px\" \/><span data-leaf=\"true\"><span class=\"lb\">\u00dcr\u00fcn yelpazemizin merkezinde, farkl\u0131 senaryolara g\u00f6re uyarlanm\u0131\u015f bir dizi interkom ve kap\u0131 zili \u00e7\u00f6z\u00fcm\u00fc yer almaktad\u0131r. Konut alanlar\u0131 i\u00e7in, bizim <\/span><\/span><span data-leaf=\"true\"><span class=\"lb\">2 Y\u00f6nl\u00fc Konu\u015fmal\u0131 Kap\u0131 Zili<\/span><\/span><span data-leaf=\"true\"><span class=\"lb\"> ve <\/span><\/span><span data-leaf=\"true\"><span class=\"lb\">apartman kapi zi\u0307li\u0307<\/span><\/span><span data-leaf=\"true\"><span class=\"lb\"> basit ama etkili ileti\u015fim sa\u011flayarak konut sakinlerinin ziyaret\u00e7ilerle zahmetsizce etkile\u015fime girmesine olanak tan\u0131r. Daha geli\u015fmi\u015f ihtiya\u00e7lar i\u00e7in <\/span><\/span><span data-leaf=\"true\"><span class=\"lb\">2 y\u00f6nl\u00fc interkom<\/span><\/span><span data-leaf=\"true\"><span class=\"lb\"> ve <\/span><\/span><span data-leaf=\"true\"><span class=\"lb\">kap\u0131 zili interkom<\/span><\/span><span data-leaf=\"true\"><span class=\"lb\"> sistemlerimiz kesintisiz ba\u011flant\u0131 sunarken <\/span><\/span><span data-leaf=\"true\"><span class=\"lb\">kap\u0131 zili kameras\u0131<\/span><\/span><span data-leaf=\"true\"><span class=\"lb\"> modelleri, ger\u00e7ek zamanl\u0131 video izleme ve kay\u0131t \u00f6zellikleriyle g\u00fcvenli\u011fi bir ad\u0131m \u00f6teye ta\u015f\u0131yarak siz uzaktayken bile hi\u00e7bir ziyaret\u00e7iyi ka\u00e7\u0131rmaman\u0131z\u0131 sa\u011flar. Ayr\u0131ca \u015funlar\u0131 da sunuyoruz <\/span><\/span><span data-leaf=\"true\"><span class=\"lb\">Ak\u0131ll\u0131 Kap\u0131 Telefonlar\u0131<\/span><\/span><span data-leaf=\"true\"><span class=\"lb\"> ve <\/span><\/span><span data-leaf=\"true\"><span class=\"lb\">ak\u0131ll\u0131 interkom<\/span><\/span><span data-leaf=\"true\"><span class=\"lb\"> Modern ak\u0131ll\u0131 ev ekosistemleriyle entegre olan sistemler, kullan\u0131c\u0131lara ak\u0131ll\u0131 telefonlar veya tabletler arac\u0131l\u0131\u011f\u0131yla sezgisel kontrol sa\u011flar. Daha b\u00fcy\u00fck konut kompleksleri i\u00e7in <\/span><\/span><span data-leaf=\"true\"><span class=\"lb\">Apartman i\u00e7in Ak\u0131ll\u0131 \u0130nterkom<\/span><\/span><span data-leaf=\"true\"><span class=\"lb\"> ve <\/span><\/span><span data-leaf=\"true\"><span class=\"lb\">Apartmanlar i\u00e7in Ak\u0131ll\u0131 \u0130nterkom<\/span><\/span><span data-leaf=\"true\"><span class=\"lb\"> \u00e7\u00f6z\u00fcmler ziyaret\u00e7i y\u00f6netimini kolayla\u015ft\u0131rarak bekleme s\u00fcrelerini azalt\u0131r ve konut sakinleri i\u00e7in genel g\u00fcvenli\u011fi art\u0131r\u0131r.<\/span><\/span><br \/>\n<img decoding=\"async\" class=\"aligncenter size-full wp-image-9329 lazyload\" data-src=\"https:\/\/securehubtec.com\/wp-content\/uploads\/2025\/09\/B.jpg\" alt=\"\" width=\"1280\" height=\"961\" data-srcset=\"https:\/\/securehubtec.com\/wp-content\/uploads\/2025\/09\/B.jpg 1280w, https:\/\/securehubtec.com\/wp-content\/uploads\/2025\/09\/B-300x225.jpg 300w, https:\/\/securehubtec.com\/wp-content\/uploads\/2025\/09\/B-1024x769.jpg 1024w, https:\/\/securehubtec.com\/wp-content\/uploads\/2025\/09\/B-768x577.jpg 768w, https:\/\/securehubtec.com\/wp-content\/uploads\/2025\/09\/B-16x12.jpg 16w, https:\/\/securehubtec.com\/wp-content\/uploads\/2025\/09\/B-600x450.jpg 600w\" data-sizes=\"(max-width: 1280px) 100vw, 1280px\" src=\"data:image\/svg+xml;base64,PHN2ZyB3aWR0aD0iMSIgaGVpZ2h0PSIxIiB4bWxucz0iaHR0cDovL3d3dy53My5vcmcvMjAwMC9zdmciPjwvc3ZnPg==\" style=\"--smush-placeholder-width: 1280px; --smush-placeholder-aspect-ratio: 1280\/961;\" \/><span data-leaf=\"true\"><span class=\"lb\">DRSECURE, interkom ve kap\u0131 zillerinin \u00f6tesinde, geleneksel anahtarlar\u0131n s\u0131n\u0131rlamalar\u0131n\u0131 ortadan kald\u0131ran kapsaml\u0131 bir eri\u015fim kontrol\u00fc ve ak\u0131ll\u0131 giri\u015f \u00e7\u00f6z\u00fcmleri paketi sunar. Bizim <\/span><\/span><span data-leaf=\"true\"><span class=\"lb\">ge\u00e7i\u0307\u015f kontrol si\u0307stemleri\u0307<\/span><\/span><span data-leaf=\"true\"><span class=\"lb\"> ticari binalar, ofisler ve konut kompleksleri i\u00e7in g\u00fcvenli, esnek eri\u015fim y\u00f6netimi sa\u011flamak \u00fczere tasarlan\u0131rken, bizim <\/span><\/span><span data-leaf=\"true\"><span class=\"lb\">Anahtars\u0131z giri\u015f<\/span><\/span><span data-leaf=\"true\"><span class=\"lb\"> \u00e7\u00f6z\u00fcmler, kullan\u0131c\u0131lar\u0131n ak\u0131ll\u0131 telefonlar, anahtarl\u0131klar veya biyometrik veriler kullanarak kap\u0131lar\u0131n kilidini a\u00e7mas\u0131na olanak tan\u0131yarak g\u00fcvenlikten \u00f6d\u00fcn vermeden bir kolayl\u0131k katman\u0131 ekler. Ayr\u0131ca, depolama g\u00fcvenli\u011fi ihtiya\u00e7lar\u0131n\u0131 da \u015fu \u00e7\u00f6z\u00fcmlerimizle kar\u015f\u0131l\u0131yoruz <\/span><\/span><span data-leaf=\"true\"><span class=\"lb\">g\u00fcvenli ak\u0131ll\u0131 dolap<\/span><\/span><span data-leaf=\"true\"><span class=\"lb\"> kurcalamaya kar\u015f\u0131 korumal\u0131 tasar\u0131mlar, ger\u00e7ek zamanl\u0131 eri\u015fim izleme ve uzaktan y\u00f6netim \u00f6zelliklerine sahip sistemler - spor salonlar\u0131, i\u015fyerleri ve kamu tesisleri i\u00e7in m\u00fckemmeldir. Bu serideki her \u00fcr\u00fcn a\u011f\u0131r kullan\u0131ma ve \u00e7e\u015fitli \u00e7evre ko\u015fullar\u0131na dayanacak \u015fekilde \u00fcretilmi\u015ftir ve deniza\u015f\u0131r\u0131 m\u00fc\u015fterilerimiz i\u00e7in uzun vadeli g\u00fcvenilirlik sa\u011flar.<\/span><\/span><br \/>\n<img decoding=\"async\" class=\"aligncenter size-full wp-image-9330 lazyload\" data-src=\"https:\/\/securehubtec.com\/wp-content\/uploads\/2025\/09\/C.jpg\" alt=\"\" width=\"1280\" height=\"1053\" data-srcset=\"https:\/\/securehubtec.com\/wp-content\/uploads\/2025\/09\/C.jpg 1280w, https:\/\/securehubtec.com\/wp-content\/uploads\/2025\/09\/C-300x247.jpg 300w, https:\/\/securehubtec.com\/wp-content\/uploads\/2025\/09\/C-1024x842.jpg 1024w, https:\/\/securehubtec.com\/wp-content\/uploads\/2025\/09\/C-768x632.jpg 768w, https:\/\/securehubtec.com\/wp-content\/uploads\/2025\/09\/C-15x12.jpg 15w, https:\/\/securehubtec.com\/wp-content\/uploads\/2025\/09\/C-600x494.jpg 600w\" data-sizes=\"(max-width: 1280px) 100vw, 1280px\" src=\"data:image\/svg+xml;base64,PHN2ZyB3aWR0aD0iMSIgaGVpZ2h0PSIxIiB4bWxucz0iaHR0cDovL3d3dy53My5vcmcvMjAwMC9zdmciPjwvc3ZnPg==\" style=\"--smush-placeholder-width: 1280px; --smush-placeholder-aspect-ratio: 1280\/1053;\" \/><span data-leaf=\"true\"><span class=\"lb\">DRSECURE'\u00fc se\u00e7menin en \u00f6nemli avantajlar\u0131ndan biri, k\u00fcresel kalite ve g\u00fcvenlik standartlar\u0131na uyum konusundaki sars\u0131lmaz kararl\u0131l\u0131\u011f\u0131m\u0131zd\u0131r. Pop\u00fcler \u00fcr\u00fcnlerimiz de dahil olmak \u00fczere t\u00fcm \u00fcr\u00fcnlerimiz <\/span><\/span><span data-leaf=\"true\"><span class=\"lb\">g\u00f6r\u00fcnt\u00fcl\u00fc interkom<\/span><\/span><span data-leaf=\"true\"><span class=\"lb\"> ve <\/span><\/span><span data-leaf=\"true\"><span class=\"lb\">Ak\u0131ll\u0131 G\u00f6r\u00fcnt\u00fcl\u00fc \u0130nterkom<\/span><\/span><span data-leaf=\"true\"><span class=\"lb\"> sistemleri, her ikisini de tutun <\/span><\/span><span data-leaf=\"true\"><span class=\"lb\">CE<\/span><\/span><span data-leaf=\"true\"><span class=\"lb\"> ve <\/span><\/span><span data-leaf=\"true\"><span class=\"lb\">FCC<\/span><\/span><span data-leaf=\"true\"><span class=\"lb\"> sertifikalar\u0131, Avrupa ve Kuzey Amerika pazarlar\u0131nda performans, g\u00fcvenlik ve elektromanyetik uyumluluk i\u00e7in en kat\u0131 gereksinimleri kar\u015f\u0131lad\u0131klar\u0131n\u0131 kan\u0131tlamaktad\u0131r. Bu sertifika sadece \u00fcr\u00fcnlerimizin bu b\u00f6lgelerde sorunsuz bir \u015fekilde ithal edilip sat\u0131labilmesini sa\u011flamakla kalm\u0131yor, ayn\u0131 zamanda m\u00fc\u015fterilerimize en y\u00fcksek end\u00fcstri kriterlerine uygun \u00e7\u00f6z\u00fcmlere yat\u0131r\u0131m yapt\u0131klar\u0131n\u0131 bilmenin huzurunu veriyor. M\u00fc\u015fteri beklentilerini kar\u015f\u0131lad\u0131\u011f\u0131ndan veya a\u015ft\u0131\u011f\u0131ndan emin olmak i\u00e7in fabrikam\u0131zdan \u00e7\u0131kmadan \u00f6nce dayan\u0131kl\u0131l\u0131k kontrollerinden i\u015flevsellik testlerine kadar her \u00fcr\u00fcn \u00fczerinde titiz testler ger\u00e7ekle\u015ftiriyoruz.<\/span><\/span><br \/>\n<img decoding=\"async\" class=\"aligncenter size-full wp-image-9331 lazyload\" data-src=\"https:\/\/securehubtec.com\/wp-content\/uploads\/2025\/09\/D.jpg\" alt=\"\" width=\"1280\" height=\"620\" data-srcset=\"https:\/\/securehubtec.com\/wp-content\/uploads\/2025\/09\/D.jpg 1280w, https:\/\/securehubtec.com\/wp-content\/uploads\/2025\/09\/D-300x145.jpg 300w, https:\/\/securehubtec.com\/wp-content\/uploads\/2025\/09\/D-1024x496.jpg 1024w, https:\/\/securehubtec.com\/wp-content\/uploads\/2025\/09\/D-768x372.jpg 768w, https:\/\/securehubtec.com\/wp-content\/uploads\/2025\/09\/D-18x9.jpg 18w, https:\/\/securehubtec.com\/wp-content\/uploads\/2025\/09\/D-600x291.jpg 600w\" data-sizes=\"(max-width: 1280px) 100vw, 1280px\" src=\"data:image\/svg+xml;base64,PHN2ZyB3aWR0aD0iMSIgaGVpZ2h0PSIxIiB4bWxucz0iaHR0cDovL3d3dy53My5vcmcvMjAwMC9zdmciPjwvc3ZnPg==\" style=\"--smush-placeholder-width: 1280px; --smush-placeholder-aspect-ratio: 1280\/620;\" \/><\/p>\n<div class=\"ace-line\" dir=\"auto\" data-node=\"true\"><span data-leaf=\"true\"><span class=\"lb\">DRSECURE ile ortakl\u0131k kurmak, sadece g\u00fcvenlik \u00fcr\u00fcnleri sat\u0131n almaktan daha fazlas\u0131 anlam\u0131na gelir; ba\u015far\u0131n\u0131za \u00f6ncelik veren g\u00fcvenilir bir m\u00fcttefik kazanmak demektir. \u0130ster \u00fcr\u00fcn tasar\u0131mlar\u0131n\u0131 yerel esteti\u011fe uyacak \u015fekilde ayarlamak ister b\u00f6lgesel ileti\u015fim protokollerini entegre etmek olsun, \u00e7\u00f6z\u00fcmlerimizi \u00f6zel pazar ihtiya\u00e7lar\u0131n\u0131za uyarlamak i\u00e7in esnek \u00f6zelle\u015ftirme se\u00e7enekleri sunuyoruz. \u00d6zel m\u00fc\u015fteri destek ekibimiz kurulum, sorun giderme ve sat\u0131\u015f sonras\u0131 hizmet konular\u0131nda size yard\u0131mc\u0131 olmak i\u00e7in 7\/24 haz\u0131rd\u0131r ve siz ve son kullan\u0131c\u0131lar\u0131n\u0131z i\u00e7in sorunsuz bir deneyim sa\u011flar. Ayr\u0131ca, rekabet\u00e7i fiyatland\u0131rmam\u0131z ve etkin tedarik zinciri y\u00f6netimimiz, m\u00fc\u015fterilerinize \u00fcst d\u00fczey g\u00fcvenlik \u00e7\u00f6z\u00fcmleri sunarken karl\u0131l\u0131\u011f\u0131n\u0131z\u0131 en \u00fcst d\u00fczeye \u00e7\u0131karman\u0131z\u0131 sa\u011flar. DRSECURE ile sadece bir \u00fcr\u00fcn sa\u011flay\u0131c\u0131 de\u011fil, k\u00fcresel ak\u0131ll\u0131 g\u00fcvenlik pazar\u0131nda ba\u015far\u0131l\u0131 olman\u0131za yard\u0131mc\u0131 olmak i\u00e7in yat\u0131r\u0131m yapan bir ortak se\u00e7mi\u015f olursunuz.<\/span><\/span><span data-string=\"true\" data-enter=\"true\" data-leaf=\"true\">\u200b<\/span><\/div>","protected":false},"excerpt":{"rendered":"<p>Model\uff1a P11PRO<br \/>\nBoyut \uff1a 254x166x20mm<\/p>\n<p>\u221a DC12V veya POE (IEEE 802.3AF)<br \/>\n<strong><span style=\"color: #ff0000;\">\u221a 10,1\" IPS LCD, 1024*600<\/span><\/strong><br \/>\n\u221a ABS + Temperli Cam<br \/>\n\u221a Video H.264\/H.265, Ses G.711<br \/>\n\u221a Zil sesi \u226570dB<br \/>\n\u221a \u00c7al\u0131\u015fma G\u00fcc\u00fc &lt; 8W<br \/>\n\u221a \u00c7al\u0131\u015fma S\u0131cakl\u0131\u011f\u0131 0 \u2103 ~ +50 \u2103<br \/>\n\u221a Duvar \u00fcst\u00fc montaj<br \/>\n\u221a Wi-Fi iste\u011fe ba\u011fl\u0131d\u0131r<br \/>\n\u221a Linux Sistemi<br \/>\n\u221a G\u00f6r\u00fcnt\u00fcl\u00fc \u0130nterkom<br \/>\n\u221a Yank\u0131 Engelleme<br \/>\n\u221a Monit\u00f6r IPC (24 saat, D\u00f6rt B\u00f6lmeli Ekran)<br \/>\n\u221a A\u00e7\u0131k \u0130stasyonu \u0130zleme<br \/>\n\u221a Alarm: SOS, Gaz Alg\u0131lama, 4 kanall\u0131 kablolu ba\u011flant\u0131<br \/>\n\u221a Tuya Home: Opsiyonel<\/p>","protected":false},"featured_media":9327,"comment_status":"open","ping_status":"closed","template":"","meta":{"site-sidebar-layout":"default","site-content-layout":"","ast-site-content-layout":"default","site-content-style":"default","site-sidebar-style":"default","ast-global-header-display":"","ast-banner-title-visibility":"","ast-main-header-display":"","ast-hfb-above-header-display":"","ast-hfb-below-header-display":"","ast-hfb-mobile-header-display":"","site-post-title":"","ast-breadcrumbs-content":"","ast-featured-img":"","footer-sml-layout":"","theme-transparent-header-meta":"default","adv-header-id-meta":"","stick-header-meta":"default","header-above-stick-meta":"","header-main-stick-meta":"","header-below-stick-meta":"","astra-migrate-meta-layouts":"set","ast-page-background-enabled":"default","ast-page-background-meta":{"desktop":{"background-color":"","background-image":"","background-repeat":"repeat","background-position":"center center","background-size":"auto","background-attachment":"scroll","background-type":"","background-media":"","overlay-type":"","overlay-color":"","overlay-opacity":"","overlay-gradient":""},"tablet":{"background-color":"","background-image":"","background-repeat":"repeat","background-position":"center center","background-size":"auto","background-attachment":"scroll","background-type":"","background-media":"","overlay-type":"","overlay-color":"","overlay-opacity":"","overlay-gradient":""},"mobile":{"background-color":"","background-image":"","background-repeat":"repeat","background-position":"center center","background-size":"auto","background-attachment":"scroll","background-type":"","background-media":"","overlay-type":"","overlay-color":"","overlay-opacity":"","overlay-gradient":""}},"ast-content-background-meta":{"desktop":{"background-color":"var(--ast-global-color-5)","background-image":"","background-repeat":"repeat","background-position":"center center","background-size":"auto","background-attachment":"scroll","background-type":"","background-media":"","overlay-type":"","overlay-color":"","overlay-opacity":"","overlay-gradient":""},"tablet":{"background-color":"var(--ast-global-color-5)","background-image":"","background-repeat":"repeat","background-position":"center center","background-size":"auto","background-attachment":"scroll","background-type":"","background-media":"","overlay-type":"","overlay-color":"","overlay-opacity":"","overlay-gradient":""},"mobile":{"background-color":"var(--ast-global-color-5)","background-image":"","background-repeat":"repeat","background-position":"center center","background-size":"auto","background-attachment":"scroll","background-type":"","background-media":"","overlay-type":"","overlay-color":"","overlay-opacity":"","overlay-gradient":""}}},"product_cat":[123,15],"product_tag":[],"class_list":{"0":"post-9326","1":"product","2":"type-product","3":"status-publish","4":"has-post-thumbnail","6":"product_cat-video-intercom","7":"product_cat-product","8":"desktop-align-left","9":"tablet-align-left","10":"mobile-align-left","11":"ast-product-gallery-layout-horizontal-slider","12":"ast-product-tabs-layout-horizontal","14":"first","15":"instock","16":"shipping-taxable","17":"product-type-simple"},"_links":{"self":[{"href":"https:\/\/securehubtec.com\/tr\/wp-json\/wp\/v2\/product\/9326","targetHints":{"allow":["GET"]}}],"collection":[{"href":"https:\/\/securehubtec.com\/tr\/wp-json\/wp\/v2\/product"}],"about":[{"href":"https:\/\/securehubtec.com\/tr\/wp-json\/wp\/v2\/types\/product"}],"replies":[{"embeddable":true,"href":"https:\/\/securehubtec.com\/tr\/wp-json\/wp\/v2\/comments?post=9326"}],"version-history":[{"count":7,"href":"https:\/\/securehubtec.com\/tr\/wp-json\/wp\/v2\/product\/9326\/revisions"}],"predecessor-version":[{"id":9560,"href":"https:\/\/securehubtec.com\/tr\/wp-json\/wp\/v2\/product\/9326\/revisions\/9560"}],"wp:featuredmedia":[{"embeddable":true,"href":"https:\/\/securehubtec.com\/tr\/wp-json\/wp\/v2\/media\/9327"}],"wp:attachment":[{"href":"https:\/\/securehubtec.com\/tr\/wp-json\/wp\/v2\/media?parent=9326"}],"wp:term":[{"taxonomy":"product_cat","embeddable":true,"href":"https:\/\/securehubtec.com\/tr\/wp-json\/wp\/v2\/product_cat?post=9326"},{"taxonomy":"product_tag","embeddable":true,"href":"https:\/\/securehubtec.com\/tr\/wp-json\/wp\/v2\/product_tag?post=9326"}],"curies":[{"name":"wp","href":"https:\/\/api.w.org\/{rel}","templated":true}]}}