{"id":9486,"date":"2025-10-03T23:56:23","date_gmt":"2025-10-03T15:56:23","guid":{"rendered":"https:\/\/securehubtec.com\/?page_id=9486"},"modified":"2025-10-03T23:56:23","modified_gmt":"2025-10-03T15:56:23","slug":"security-alarm-system","status":"publish","type":"page","link":"https:\/\/securehubtec.com\/tr\/security-alarm-system\/","title":{"rendered":"G\u00fcvenlik Alarm Sistemi"},"content":{"rendered":"<h1 class=\"header-iWP5WJ auto-hide-last-sibling-br\">Geli\u015fmi\u015f G\u00fcvenlik Alarm Sistemi: Ak\u0131ll\u0131 Koruma ile Alan\u0131n\u0131z\u0131 Koruyun<\/h1>\n<div class=\"container-Uxvbjy md-box-line-break wrapper-GYqxgQ undefined\"><\/div>\n<div class=\"auto-hide-last-sibling-br paragraph-pP9ZLC paragraph-element br-paragraph-space\">G\u00fcn\u00fcm\u00fcz d\u00fcnyas\u0131nda evlerin, ofislerin ve \u00e7e\u015fitli m\u00fclklerin g\u00fcvenli\u011fini sa\u011flamak en \u00f6nemli \u00f6nceliktir. G\u00fcvenlik Alarm Sistemimiz, g\u00fcn\u00fcn her saati koruma sa\u011flamak i\u00e7in en son teknolojiyi kullan\u0131c\u0131 dostu tasar\u0131mla birle\u015ftiren kapsaml\u0131 ve ak\u0131ll\u0131 bir \u00e7\u00f6z\u00fcm sunar. \u0130ster konut kullan\u0131m\u0131, ister ticari binalar veya sanayi siteleri i\u00e7in olsun, bu sistem potansiyel tehditleri an\u0131nda tespit etmek ve etkili bir \u015fekilde yan\u0131t vermek \u00fczere tasarlanm\u0131\u015ft\u0131r.<\/div>\n<p><img fetchpriority=\"high\" decoding=\"async\" class=\"aligncenter size-full wp-image-9488\" src=\"https:\/\/securehubtec.com\/wp-content\/uploads\/2025\/10\/Smart-Video-Intercom-w-1.jpg\" alt=\"\" width=\"1000\" height=\"764\" srcset=\"https:\/\/securehubtec.com\/wp-content\/uploads\/2025\/10\/Smart-Video-Intercom-w-1.jpg 1000w, https:\/\/securehubtec.com\/wp-content\/uploads\/2025\/10\/Smart-Video-Intercom-w-1-300x229.jpg 300w, https:\/\/securehubtec.com\/wp-content\/uploads\/2025\/10\/Smart-Video-Intercom-w-1-768x587.jpg 768w, https:\/\/securehubtec.com\/wp-content\/uploads\/2025\/10\/Smart-Video-Intercom-w-1-16x12.jpg 16w, https:\/\/securehubtec.com\/wp-content\/uploads\/2025\/10\/Smart-Video-Intercom-w-1-600x458.jpg 600w\" sizes=\"(max-width: 1000px) 100vw, 1000px\" \/>Sistemin \u0130\u00e7 Mekan Monit\u00f6r\u00fc, sorunsuz entegrasyon i\u00e7in birden fazla ba\u011flant\u0131 noktas\u0131yla donat\u0131lm\u0131\u015f merkezi hub g\u00f6revi g\u00f6r\u00fcr. RJ45 Ba\u011flant\u0131 Noktas\u0131 POE 802.3af'\u0131 destekler ve bir anahtar ba\u011flant\u0131 noktas\u0131na tak\u0131larak kolay a\u011f ba\u011flant\u0131s\u0131 sa\u011flar. G\u00fcvenlik b\u00f6lgesi ekipman\u0131na g\u00fc\u00e7 sa\u011flamak i\u00e7in g\u00fc\u00e7 giri\u015fi (DC12V\/500mA) ve \u00e7\u0131k\u0131\u015f portlar\u0131na sahiptir. RS485 Portu geni\u015fletme cihazlar\u0131na ba\u011flant\u0131 sa\u011flar ve G\u00fcvenlik Portu SOS, gaz alarmlar\u0131 ve duman alarmlar\u0131 gibi sinyaller i\u00e7in 4 y\u00f6nl\u00fc g\u00fcvenlik alarm\u0131 giri\u015fleri sa\u011flar. \u00d6rne\u011fin, banyoda tuvaletin yan\u0131na bir SOS Butonu, mutfakta bir Duman Alarm\u0131 (monit\u00f6rden g\u00fc\u00e7 al\u0131r), yine mutfakta bir Gaz Alarm\u0131 (monit\u00f6rden g\u00fc\u00e7 al\u0131r) ve uygun alanlarda bir K\u0131z\u0131l\u00f6tesi Dedekt\u00f6r (monit\u00f6rden g\u00fc\u00e7 al\u0131r) kurulabilir. T\u00fcm bu cihazlar \u00f6nerilen kablolarla ba\u011flanabilir (\u00f6rne\u011fin RVV2<em>0,3 veya \u00fczeri, RVV4<\/em>0,3 veya \u00fczeri) 30 metrelik bir mesafe i\u00e7inde g\u00fcvenilir sinyal iletimi sa\u011flar.<br \/>\n<img decoding=\"async\" class=\"aligncenter size-full wp-image-9489 lazyload\" data-src=\"https:\/\/securehubtec.com\/wp-content\/uploads\/2025\/10\/Smart-Video-Intercom-x.jpg\" alt=\"\" width=\"1000\" height=\"615\" data-srcset=\"https:\/\/securehubtec.com\/wp-content\/uploads\/2025\/10\/Smart-Video-Intercom-x.jpg 1000w, https:\/\/securehubtec.com\/wp-content\/uploads\/2025\/10\/Smart-Video-Intercom-x-300x185.jpg 300w, https:\/\/securehubtec.com\/wp-content\/uploads\/2025\/10\/Smart-Video-Intercom-x-768x472.jpg 768w, https:\/\/securehubtec.com\/wp-content\/uploads\/2025\/10\/Smart-Video-Intercom-x-18x12.jpg 18w, https:\/\/securehubtec.com\/wp-content\/uploads\/2025\/10\/Smart-Video-Intercom-x-600x369.jpg 600w\" data-sizes=\"(max-width: 1000px) 100vw, 1000px\" src=\"data:image\/svg+xml;base64,PHN2ZyB3aWR0aD0iMSIgaGVpZ2h0PSIxIiB4bWxucz0iaHR0cDovL3d3dy53My5vcmcvMjAwMC9zdmciPjwvc3ZnPg==\" style=\"--smush-placeholder-width: 1000px; --smush-placeholder-aspect-ratio: 1000\/615;\" \/><br \/>\n\u0130\u00e7 Mekan Monit\u00f6r\u00fcn\u00fc tamamlayan Kap\u0131 Zili Kameras\u0131, giri\u015f noktas\u0131na ekstra bir g\u00fcvenlik katman\u0131 ekler. RJ45 Portu a\u011f ba\u011flant\u0131s\u0131 i\u00e7in POE 802.3af'\u0131 da destekler. Ba\u011flant\u0131 kablolar\u0131 \u00e7e\u015fitli i\u015flevler sunar: her iki Ye\u015fil kablo da 1 y\u00f6nl\u00fc kuru kontak kap\u0131 a\u00e7ma sinyali sa\u011flar; ADMIN'in toprakla k\u0131sa devre yapmas\u0131 y\u00f6neticinin kart kay\u0131t moduna girer; PUSH'\u0131n toprakla k\u0131sa devre yapmas\u0131 kap\u0131 a\u00e7ma sinyalini tetikler; sistemin s\u0131f\u0131rlanmas\u0131 i\u00e7in bir S\u0131f\u0131rlama d\u00fc\u011fmesi vard\u0131r; RS485 ba\u011flant\u0131s\u0131 (Mavi kablo B, Sar\u0131 kablo A) 4 y\u00f6nl\u00fc bir kap\u0131 denetleyicisine ba\u011flan\u0131r; ve g\u00fc\u00e7 K\u0131rm\u0131z\u0131 kablo (DC12V) ve Siyah kablo (toprak GND, DC12V\/500mA giri\u015fi) arac\u0131l\u0131\u011f\u0131yla sa\u011flan\u0131r. Net kablolama tan\u0131mlar\u0131yla (NO, COM, ADD_C, PUSH, GND, RESET, 485A, 485B, DC12V, vb.), Kap\u0131 Zili Kameras\u0131 di\u011fer sistem bile\u015fenleriyle sorunsuz ileti\u015fim ve kontrol sa\u011flar, i\u00e7 mekan g\u00fcvenlik cihazlar\u0131yla birlikte \u00e7al\u0131\u015f\u0131rken kap\u0131daki eri\u015fimi izleyerek ve y\u00f6neterek genel g\u00fcvenlik kurulumunu geli\u015ftirir. \u0130\u00e7 Mekan Monit\u00f6r\u00fc ve Kap\u0131 Zili Kameras\u0131 birlikte, yaln\u0131zca izinsiz giri\u015fleri ve tehlikeleri tespit etmekle kalmayan, ayn\u0131 zamanda eri\u015fimi verimli bir \u015fekilde y\u00f6neten ve alan\u0131n\u0131z\u0131n iyi korundu\u011funu bilmenin huzurunu veren sa\u011flam bir G\u00fcvenlik Alarm Sistemi olu\u015fturur.<\/p>","protected":false},"excerpt":{"rendered":"<p>Advanced Security Alarm System: Safeguard Your Space with Intelligent Protection In today&#8217;s world, ensuring the safety of homes, offices, and [&hellip;]<\/p>","protected":false},"author":1,"featured_media":9487,"parent":0,"menu_order":0,"comment_status":"closed","ping_status":"closed","template":"","meta":{"site-sidebar-layout":"default","site-content-layout":"","ast-site-content-layout":"default","site-content-style":"default","site-sidebar-style":"default","ast-global-header-display":"","ast-banner-title-visibility":"","ast-main-header-display":"","ast-hfb-above-header-display":"","ast-hfb-below-header-display":"","ast-hfb-mobile-header-display":"","site-post-title":"","ast-breadcrumbs-content":"","ast-featured-img":"","footer-sml-layout":"","theme-transparent-header-meta":"default","adv-header-id-meta":"","stick-header-meta":"default","header-above-stick-meta":"","header-main-stick-meta":"","header-below-stick-meta":"","astra-migrate-meta-layouts":"set","ast-page-background-enabled":"default","ast-page-background-meta":{"desktop":{"background-color":"","background-image":"","background-repeat":"repeat","background-position":"center center","background-size":"auto","background-attachment":"scroll","background-type":"","background-media":"","overlay-type":"","overlay-color":"","overlay-opacity":"","overlay-gradient":""},"tablet":{"background-color":"","background-image":"","background-repeat":"repeat","background-position":"center center","background-size":"auto","background-attachment":"scroll","background-type":"","background-media":"","overlay-type":"","overlay-color":"","overlay-opacity":"","overlay-gradient":""},"mobile":{"background-color":"","background-image":"","background-repeat":"repeat","background-position":"center center","background-size":"auto","background-attachment":"scroll","background-type":"","background-media":"","overlay-type":"","overlay-color":"","overlay-opacity":"","overlay-gradient":""}},"ast-content-background-meta":{"desktop":{"background-color":"var(--ast-global-color-5)","background-image":"","background-repeat":"repeat","background-position":"center center","background-size":"auto","background-attachment":"scroll","background-type":"","background-media":"","overlay-type":"","overlay-color":"","overlay-opacity":"","overlay-gradient":""},"tablet":{"background-color":"var(--ast-global-color-5)","background-image":"","background-repeat":"repeat","background-position":"center center","background-size":"auto","background-attachment":"scroll","background-type":"","background-media":"","overlay-type":"","overlay-color":"","overlay-opacity":"","overlay-gradient":""},"mobile":{"background-color":"var(--ast-global-color-5)","background-image":"","background-repeat":"repeat","background-position":"center center","background-size":"auto","background-attachment":"scroll","background-type":"","background-media":"","overlay-type":"","overlay-color":"","overlay-opacity":"","overlay-gradient":""}},"footnotes":""},"class_list":["post-9486","page","type-page","status-publish","has-post-thumbnail","hentry"],"_links":{"self":[{"href":"https:\/\/securehubtec.com\/tr\/wp-json\/wp\/v2\/pages\/9486","targetHints":{"allow":["GET"]}}],"collection":[{"href":"https:\/\/securehubtec.com\/tr\/wp-json\/wp\/v2\/pages"}],"about":[{"href":"https:\/\/securehubtec.com\/tr\/wp-json\/wp\/v2\/types\/page"}],"author":[{"embeddable":true,"href":"https:\/\/securehubtec.com\/tr\/wp-json\/wp\/v2\/users\/1"}],"replies":[{"embeddable":true,"href":"https:\/\/securehubtec.com\/tr\/wp-json\/wp\/v2\/comments?post=9486"}],"version-history":[{"count":2,"href":"https:\/\/securehubtec.com\/tr\/wp-json\/wp\/v2\/pages\/9486\/revisions"}],"predecessor-version":[{"id":9492,"href":"https:\/\/securehubtec.com\/tr\/wp-json\/wp\/v2\/pages\/9486\/revisions\/9492"}],"wp:featuredmedia":[{"embeddable":true,"href":"https:\/\/securehubtec.com\/tr\/wp-json\/wp\/v2\/media\/9487"}],"wp:attachment":[{"href":"https:\/\/securehubtec.com\/tr\/wp-json\/wp\/v2\/media?parent=9486"}],"curies":[{"name":"wp","href":"https:\/\/api.w.org\/{rel}","templated":true}]}}