{"id":9479,"date":"2025-10-03T23:44:44","date_gmt":"2025-10-03T15:44:44","guid":{"rendered":"https:\/\/securehubtec.com\/?page_id=9479"},"modified":"2025-10-03T23:44:44","modified_gmt":"2025-10-03T15:44:44","slug":"access-control-system","status":"publish","type":"page","link":"https:\/\/securehubtec.com\/tr\/access-control-system\/","title":{"rendered":"Ge\u00e7i\u015f Kontrol Sistemi"},"content":{"rendered":"<div class=\"auto-hide-last-sibling-br paragraph-pP9ZLC paragraph-element br-paragraph-space\">\n<h1 class=\"header-iWP5WJ auto-hide-last-sibling-br\">Son Teknoloji Ge\u00e7i\u015f Kontrol Sistemimizle G\u00fcvenli\u011fi Art\u0131r\u0131n<\/h1>\n<div class=\"container-Uxvbjy md-box-line-break wrapper-GYqxgQ undefined\"><\/div>\n<div class=\"auto-hide-last-sibling-br paragraph-pP9ZLC paragraph-element br-paragraph-space\">G\u00fcvenli\u011fin evler, i\u015fyerleri ve her t\u00fcrl\u00fc tesis i\u00e7in \u00e7ok \u00f6nemli oldu\u011fu bir \u00e7a\u011fda, Ge\u00e7i\u015f Kontrol Sistemimiz oyunun kurallar\u0131n\u0131 de\u011fi\u015ftiren bir unsur olarak ortaya \u00e7\u0131kmaktad\u0131r. \u00dcst d\u00fczey koruma, kolayl\u0131k ve uyarlanabilirlik sa\u011flamak i\u00e7in titizlikle tasarlanm\u0131\u015ft\u0131r ve yaln\u0131zca yetkili ki\u015filerin k\u0131s\u0131tl\u0131 b\u00f6lgelere girmesini sa\u011flar. \u0130ster bir konut kompleksini, ister hareketli bir ticari binay\u0131 veya geni\u015f bir sanayi sitesini g\u00fcvence alt\u0131na al\u0131yor olun, bu sistem sizin g\u00fcvenilir koruyucunuzdur.<\/div>\n<\/div>\n<p><img fetchpriority=\"high\" decoding=\"async\" class=\"aligncenter size-full wp-image-9481\" src=\"https:\/\/securehubtec.com\/wp-content\/uploads\/2025\/10\/Smart-Video-Intercom-u-1.jpg\" alt=\"\" width=\"1000\" height=\"973\" srcset=\"https:\/\/securehubtec.com\/wp-content\/uploads\/2025\/10\/Smart-Video-Intercom-u-1.jpg 1000w, https:\/\/securehubtec.com\/wp-content\/uploads\/2025\/10\/Smart-Video-Intercom-u-1-300x292.jpg 300w, https:\/\/securehubtec.com\/wp-content\/uploads\/2025\/10\/Smart-Video-Intercom-u-1-768x747.jpg 768w, https:\/\/securehubtec.com\/wp-content\/uploads\/2025\/10\/Smart-Video-Intercom-u-1-12x12.jpg 12w, https:\/\/securehubtec.com\/wp-content\/uploads\/2025\/10\/Smart-Video-Intercom-u-1-600x584.jpg 600w\" sizes=\"(max-width: 1000px) 100vw, 1000px\" \/>\u00c7\u00f6z\u00fcm\u00fcm\u00fcz\u00fcn merkezinde sa\u011flam D\u0131\u015f Mekan \u0130stasyonu yer almaktad\u0131r. Elektrikli manyetik kilitler gibi g\u00fcvenlik bile\u015fenleriyle sorunsuz entegrasyon sa\u011flayan bir kuru kontak sinyal \u00e7\u0131k\u0131\u015f portuna (NC, normal a\u00e7\u0131k) sahiptir. RS485A\/RS485B geni\u015fletme cihazlar\u0131yla uyumlu RS485 portu, sistemin kolayca geni\u015fletilmesini sa\u011flar. Daha fazla eri\u015fim noktas\u0131 eklemeniz veya ekstra g\u00fcvenlik sens\u00f6rleri ba\u011flaman\u0131z m\u0131 gerekiyor? Sistemimiz geli\u015fen g\u00fcvenlik ihtiya\u00e7lar\u0131n\u0131za zahmetsizce uyum sa\u011flar. Kurulum da \u00e7ok kolayd\u0131r - D\u0131\u015f Mekan \u0130stasyonu basit bir DC12V g\u00fc\u00e7 kayna\u011f\u0131yla \u00e7al\u0131\u015f\u0131r (g\u00fcvenlik ve optimum performans i\u00e7in AC220 veya di\u011fer voltajlara ba\u011flanmaktan ka\u00e7\u0131n\u0131n) ve RJ45 ba\u011flant\u0131 noktas\u0131, T - 568B standard\u0131n\u0131 izleyen bir anahtar ba\u011flant\u0131 noktas\u0131na tak\u0131larak a\u011f ba\u011flant\u0131s\u0131n\u0131 basitle\u015ftirir.<br \/>\n<img decoding=\"async\" class=\"aligncenter size-full wp-image-9482 lazyload\" data-src=\"https:\/\/securehubtec.com\/wp-content\/uploads\/2025\/10\/Smart-Video-Intercom-v.jpg\" alt=\"\" width=\"1000\" height=\"1398\" data-srcset=\"https:\/\/securehubtec.com\/wp-content\/uploads\/2025\/10\/Smart-Video-Intercom-v.jpg 1000w, https:\/\/securehubtec.com\/wp-content\/uploads\/2025\/10\/Smart-Video-Intercom-v-215x300.jpg 215w, https:\/\/securehubtec.com\/wp-content\/uploads\/2025\/10\/Smart-Video-Intercom-v-732x1024.jpg 732w, https:\/\/securehubtec.com\/wp-content\/uploads\/2025\/10\/Smart-Video-Intercom-v-768x1074.jpg 768w, https:\/\/securehubtec.com\/wp-content\/uploads\/2025\/10\/Smart-Video-Intercom-v-9x12.jpg 9w, https:\/\/securehubtec.com\/wp-content\/uploads\/2025\/10\/Smart-Video-Intercom-v-300x419.jpg 300w, https:\/\/securehubtec.com\/wp-content\/uploads\/2025\/10\/Smart-Video-Intercom-v-600x839.jpg 600w\" data-sizes=\"(max-width: 1000px) 100vw, 1000px\" src=\"data:image\/svg+xml;base64,PHN2ZyB3aWR0aD0iMSIgaGVpZ2h0PSIxIiB4bWxucz0iaHR0cDovL3d3dy53My5vcmcvMjAwMC9zdmciPjwvc3ZnPg==\" style=\"--smush-placeholder-width: 1000px; --smush-placeholder-aspect-ratio: 1000\/1398;\" \/><br \/>\nSistemimiz kapsaml\u0131 bir eri\u015fim kontrol se\u00e7enekleri paketi sunar. Bir Ge\u00e7i\u015f Kontrol G\u00fc\u00e7 Kayna\u011f\u0131 ile e\u015fle\u015ftirildi\u011finde, \u00e7\u0131k\u0131\u015f d\u00fc\u011fmeleri ve elektrikli manyetik kilitlerle m\u00fckemmel bir uyum i\u00e7inde \u00e7al\u0131\u015f\u0131r. D\u0131\u015f Mekan \u0130stasyonunda ge\u00e7erli bir eri\u015fim kimli\u011fi g\u00f6sterdi\u011finizde sistem h\u0131zl\u0131 bir \u015fekilde do\u011frulama yapar ve bir kilit a\u00e7ma sinyali g\u00f6nderir. Daha fazla g\u00fcvenlik i\u00e7in RS485 Eri\u015fim Kontrol\u00f6r\u00fc i\u015fleri daha da ileri g\u00f6t\u00fcrerek belirli alanlara kimin ne zaman girebilece\u011finin hassas bir \u015fekilde y\u00f6netilmesini sa\u011flar. Ayr\u0131ca, 4 Kanall\u0131 Kuru Kontak R\u00f6le Sinyal \u00c7\u0131k\u0131\u015f\u0131 ve 4 Yollu Kap\u0131 Kontrol\u00f6r\u00fc ile birden fazla kap\u0131y\u0131 ayn\u0131 anda y\u00f6netmek zahmetsiz hale gelir - y\u00fcksek apartmanlar veya geni\u015f end\u00fcstriyel kamp\u00fcsler gibi b\u00fcy\u00fck \u00f6l\u00e7ekli m\u00fclkler i\u00e7in idealdir. K\u0131sacas\u0131, Ge\u00e7i\u015f Kontrol Sistemimiz sadece bir g\u00fcvenlik cihaz\u0131 de\u011fildir; ileri teknoloji, kullan\u0131m kolayl\u0131\u011f\u0131 ve uyarlanabilirli\u011fi harmanlayan kapsaml\u0131, yenilik\u00e7i bir \u00e7\u00f6z\u00fcmd\u00fcr. Bug\u00fcn y\u00fckseltme yap\u0131n ve birinci s\u0131n\u0131f eri\u015fim kontrol\u00fc ile gelen huzurun tad\u0131n\u0131 \u00e7\u0131kar\u0131n.<\/p>","protected":false},"excerpt":{"rendered":"<p>Elevate Security with Our Cutting &#8211; Edge Access Control System In an era where security is paramount for homes, businesses, [&hellip;]<\/p>","protected":false},"author":1,"featured_media":9480,"parent":0,"menu_order":0,"comment_status":"closed","ping_status":"closed","template":"","meta":{"site-sidebar-layout":"default","site-content-layout":"","ast-site-content-layout":"default","site-content-style":"default","site-sidebar-style":"default","ast-global-header-display":"","ast-banner-title-visibility":"","ast-main-header-display":"","ast-hfb-above-header-display":"","ast-hfb-below-header-display":"","ast-hfb-mobile-header-display":"","site-post-title":"","ast-breadcrumbs-content":"","ast-featured-img":"","footer-sml-layout":"","theme-transparent-header-meta":"default","adv-header-id-meta":"","stick-header-meta":"default","header-above-stick-meta":"","header-main-stick-meta":"","header-below-stick-meta":"","astra-migrate-meta-layouts":"set","ast-page-background-enabled":"default","ast-page-background-meta":{"desktop":{"background-color":"","background-image":"","background-repeat":"repeat","background-position":"center center","background-size":"auto","background-attachment":"scroll","background-type":"","background-media":"","overlay-type":"","overlay-color":"","overlay-opacity":"","overlay-gradient":""},"tablet":{"background-color":"","background-image":"","background-repeat":"repeat","background-position":"center center","background-size":"auto","background-attachment":"scroll","background-type":"","background-media":"","overlay-type":"","overlay-color":"","overlay-opacity":"","overlay-gradient":""},"mobile":{"background-color":"","background-image":"","background-repeat":"repeat","background-position":"center center","background-size":"auto","background-attachment":"scroll","background-type":"","background-media":"","overlay-type":"","overlay-color":"","overlay-opacity":"","overlay-gradient":""}},"ast-content-background-meta":{"desktop":{"background-color":"var(--ast-global-color-5)","background-image":"","background-repeat":"repeat","background-position":"center center","background-size":"auto","background-attachment":"scroll","background-type":"","background-media":"","overlay-type":"","overlay-color":"","overlay-opacity":"","overlay-gradient":""},"tablet":{"background-color":"var(--ast-global-color-5)","background-image":"","background-repeat":"repeat","background-position":"center center","background-size":"auto","background-attachment":"scroll","background-type":"","background-media":"","overlay-type":"","overlay-color":"","overlay-opacity":"","overlay-gradient":""},"mobile":{"background-color":"var(--ast-global-color-5)","background-image":"","background-repeat":"repeat","background-position":"center center","background-size":"auto","background-attachment":"scroll","background-type":"","background-media":"","overlay-type":"","overlay-color":"","overlay-opacity":"","overlay-gradient":""}},"footnotes":""},"class_list":["post-9479","page","type-page","status-publish","has-post-thumbnail","hentry"],"_links":{"self":[{"href":"https:\/\/securehubtec.com\/tr\/wp-json\/wp\/v2\/pages\/9479","targetHints":{"allow":["GET"]}}],"collection":[{"href":"https:\/\/securehubtec.com\/tr\/wp-json\/wp\/v2\/pages"}],"about":[{"href":"https:\/\/securehubtec.com\/tr\/wp-json\/wp\/v2\/types\/page"}],"author":[{"embeddable":true,"href":"https:\/\/securehubtec.com\/tr\/wp-json\/wp\/v2\/users\/1"}],"replies":[{"embeddable":true,"href":"https:\/\/securehubtec.com\/tr\/wp-json\/wp\/v2\/comments?post=9479"}],"version-history":[{"count":2,"href":"https:\/\/securehubtec.com\/tr\/wp-json\/wp\/v2\/pages\/9479\/revisions"}],"predecessor-version":[{"id":9485,"href":"https:\/\/securehubtec.com\/tr\/wp-json\/wp\/v2\/pages\/9479\/revisions\/9485"}],"wp:featuredmedia":[{"embeddable":true,"href":"https:\/\/securehubtec.com\/tr\/wp-json\/wp\/v2\/media\/9480"}],"wp:attachment":[{"href":"https:\/\/securehubtec.com\/tr\/wp-json\/wp\/v2\/media?parent=9479"}],"curies":[{"name":"wp","href":"https:\/\/api.w.org\/{rel}","templated":true}]}}