{"id":9471,"date":"2025-10-03T01:16:19","date_gmt":"2025-10-02T17:16:19","guid":{"rendered":"https:\/\/securehubtec.com\/?page_id=9471"},"modified":"2025-10-03T23:26:17","modified_gmt":"2025-10-03T15:26:17","slug":"elevator-control-solution","status":"publish","type":"page","link":"https:\/\/securehubtec.com\/tr\/elevator-control-solution\/","title":{"rendered":"Asans\u00f6r Kontrol \u00c7\u00f6z\u00fcm\u00fc"},"content":{"rendered":"<h1 class=\"header-iWP5WJ auto-hide-last-sibling-br\">Asans\u00f6r Kontrol \u00c7\u00f6z\u00fcm\u00fc: Bina Verimlili\u011fini ve G\u00fcvenli\u011fini Yeniden Tan\u0131mlay\u0131n<\/h1>\n<div class=\"container-Uxvbjy md-box-line-break wrapper-GYqxgQ undefined\"><\/div>\n<div class=\"auto-hide-last-sibling-br paragraph-pP9ZLC paragraph-element br-paragraph-space\">Modern bina y\u00f6netimi alan\u0131nda verimlilik ve g\u00fcvenlik her \u015feyden \u00f6nemlidir. Asans\u00f6r Kontrol \u00c7\u00f6z\u00fcm\u00fcm\u00fcz, konut ve ticari binalarda eri\u015fimin y\u00f6netilme bi\u00e7iminde devrim yaratmak i\u00e7in asans\u00f6r sistemleriyle sorunsuz bir \u015fekilde entegre olarak oyunun kurallar\u0131n\u0131 de\u011fi\u015ftiren bir \u00e7\u00f6z\u00fcm olarak ortaya \u00e7\u0131kmaktad\u0131r. Bu \u00e7\u00f6z\u00fcm sadece asans\u00f6r operasyonlar\u0131n\u0131 kontrol etmekle ilgili de\u011fildir; hem bina sakinleri hem de ziyaret\u00e7iler i\u00e7in daha ak\u0131ll\u0131, daha g\u00fcvenli ve kullan\u0131c\u0131 dostu bir ortam yaratmakla ilgilidir.<\/div>\n<p><img fetchpriority=\"high\" decoding=\"async\" class=\"aligncenter size-full wp-image-9473\" src=\"https:\/\/securehubtec.com\/wp-content\/uploads\/2025\/10\/Smart-Video-Intercom-s.jpg\" alt=\"\" width=\"1100\" height=\"1006\" srcset=\"https:\/\/securehubtec.com\/wp-content\/uploads\/2025\/10\/Smart-Video-Intercom-s.jpg 1100w, https:\/\/securehubtec.com\/wp-content\/uploads\/2025\/10\/Smart-Video-Intercom-s-300x274.jpg 300w, https:\/\/securehubtec.com\/wp-content\/uploads\/2025\/10\/Smart-Video-Intercom-s-1024x936.jpg 1024w, https:\/\/securehubtec.com\/wp-content\/uploads\/2025\/10\/Smart-Video-Intercom-s-768x702.jpg 768w, https:\/\/securehubtec.com\/wp-content\/uploads\/2025\/10\/Smart-Video-Intercom-s-13x12.jpg 13w, https:\/\/securehubtec.com\/wp-content\/uploads\/2025\/10\/Smart-Video-Intercom-s-600x549.jpg 600w\" sizes=\"(max-width: 1100px) 100vw, 1100px\" \/>\u00c7\u00f6z\u00fcm\u00fcm\u00fcz\u00fcn \u00f6z\u00fc, geli\u015fmi\u015f entegrasyon yeteneklerinde yatmaktad\u0131r. \u00d6rnek olarak standart asans\u00f6rlerle ba\u011flant\u0131y\u0131 ele alal\u0131m. Bir ziyaret\u00e7i geldi\u011finde, ak\u0131ll\u0131 monit\u00f6r\u00fc aramak i\u00e7in d\u0131\u015f istasyona oda numaras\u0131n\u0131 girebilir. Oda sahibi cevap verdi\u011finde (ak\u0131ll\u0131 monit\u00f6r veya cep telefonu arac\u0131l\u0131\u011f\u0131yla) ve kap\u0131 a\u00e7ma d\u00fc\u011fmesine dokundu\u011funda, sistem RS485 arac\u0131l\u0131\u011f\u0131yla asans\u00f6r kat kontrol\u00f6r\u00fcne ba\u011flan\u0131r. Bu, asans\u00f6r\u00fc birinci kata \u00e7a\u011f\u0131r\u0131r ve ilgili kata s\u0131n\u0131rl\u0131 eri\u015fim sa\u011flar. Alternatif olarak, ziyaret\u00e7iler istasyondaki bir QR kodu tan\u0131ma penceresini kullanabilirler. QR kodunu istasyonun kameras\u0131yla hizalad\u0131ktan ve ba\u015far\u0131l\u0131 bir \u015fekilde tan\u0131d\u0131ktan sonra, birim kap\u0131s\u0131ndan girebilirler ve istasyon, asans\u00f6r\u00fc \u00e7a\u011f\u0131rmak ve kat eri\u015fimi sa\u011flamak i\u00e7in asans\u00f6r kat kontrol\u00f6r\u00fc ile ba\u011flant\u0131 kurar. Bina sahipleri veya sakinleri i\u00e7in s\u00fcre\u00e7 daha da sorunsuzdur; y\u00fcz tan\u0131ma \u00f6zelli\u011fi kap\u0131n\u0131n kilidini a\u00e7t\u0131ktan sonra istasyon otomatik olarak RS485 \u00fczerinden asans\u00f6r kat kontrol\u00f6r\u00fcne ba\u011flan\u0131r, asans\u00f6r\u00fc birinci kata \u00e7a\u011f\u0131r\u0131r ve belirledikleri kata eri\u015fim sa\u011flar. Bu otomasyon seviyesi, asans\u00f6r\u00fcn manuel olarak \u00e7al\u0131\u015ft\u0131r\u0131lmas\u0131 zahmetini ortadan kald\u0131r\u0131r ve eri\u015fimi yaln\u0131zca yetkili ki\u015filerle s\u0131n\u0131rland\u0131rarak g\u00fcvenli\u011fi art\u0131r\u0131r.<br \/>\n<img decoding=\"async\" class=\"aligncenter size-full wp-image-9474 lazyload\" data-src=\"https:\/\/securehubtec.com\/wp-content\/uploads\/2025\/10\/Smart-Video-Intercom-t-1.jpg\" alt=\"\" width=\"1100\" height=\"543\" data-srcset=\"https:\/\/securehubtec.com\/wp-content\/uploads\/2025\/10\/Smart-Video-Intercom-t-1.jpg 1100w, https:\/\/securehubtec.com\/wp-content\/uploads\/2025\/10\/Smart-Video-Intercom-t-1-300x148.jpg 300w, https:\/\/securehubtec.com\/wp-content\/uploads\/2025\/10\/Smart-Video-Intercom-t-1-1024x505.jpg 1024w, https:\/\/securehubtec.com\/wp-content\/uploads\/2025\/10\/Smart-Video-Intercom-t-1-768x379.jpg 768w, https:\/\/securehubtec.com\/wp-content\/uploads\/2025\/10\/Smart-Video-Intercom-t-1-18x9.jpg 18w, https:\/\/securehubtec.com\/wp-content\/uploads\/2025\/10\/Smart-Video-Intercom-t-1-600x296.jpg 600w\" data-sizes=\"(max-width: 1100px) 100vw, 1100px\" src=\"data:image\/svg+xml;base64,PHN2ZyB3aWR0aD0iMSIgaGVpZ2h0PSIxIiB4bWxucz0iaHR0cDovL3d3dy53My5vcmcvMjAwMC9zdmciPjwvc3ZnPg==\" style=\"--smush-placeholder-width: 1100px; --smush-placeholder-aspect-ratio: 1100\/543;\" \/><br \/>\nAyr\u0131ca, \u00e7\u00f6z\u00fcm\u00fcm\u00fcz \u00f6zellikle Mitsubishi serisi asans\u00f6rlerle \u00f6zel uyumluluk sunmaktad\u0131r. 8\/16\/32 kat kurulumlar\u0131na uygun kablolu versiyonlar i\u00e7in (ZS - TK8\/ZS - TK16\/ZS - TK32), orijinal d\u00fc\u011fme kablolar\u0131 kesilir ve kontrol sinyalleri asans\u00f6r kontrol panosundan geri y\u00f6nlendirilir. Mitsubishi serisi i\u00e7in kablolu olmayan versiyon (ZS - TKSL), asans\u00f6r tarama sinyali giri\u015fi asans\u00f6r veri yoluna ba\u011flanabildi\u011finden kablo kesme ihtiyac\u0131n\u0131 ortadan kald\u0131r\u0131r. D\u0131\u015f istasyon, RS485 veya TCP\/IP \u00fczerinden asans\u00f6r kat kontrol\u00f6r\u00fc ile ba\u011flant\u0131 kurarak kap\u0131 a\u00e7\u0131ld\u0131\u011f\u0131nda asans\u00f6r yetkisinin e\u015f zamanl\u0131 olarak verilmesini sa\u011flar. Bu uyumluluk, \u00e7\u00f6z\u00fcm\u00fcm\u00fcz\u00fcn Mitsubishi asans\u00f6rlere sahip binalarda sorunsuz bir \u015fekilde kullan\u0131labilmesini sa\u011flayarak mevcut asans\u00f6r altyap\u0131s\u0131nda kapsaml\u0131 de\u011fi\u015fiklikler yapmadan ak\u0131ll\u0131 asans\u00f6r kontrol\u00fcne sorunsuz bir y\u00fckseltme sa\u011flar. \u0130ster bir konut kompleksi ister ticari bir bina olsun, Asans\u00f6r Kontrol \u00c7\u00f6z\u00fcm\u00fcm\u00fcz verimlili\u011fi, g\u00fcvenli\u011fi ve rahatl\u0131\u011f\u0131 \u00f6n plana \u00e7\u0131kararak modern bina y\u00f6netimi i\u00e7in yeni bir standart belirler.<\/p>","protected":false},"excerpt":{"rendered":"<p>Elevator Control Solution: Redefine Building Efficiency and Security In the realm of modern building management, efficiency and security are paramount. [&hellip;]<\/p>","protected":false},"author":1,"featured_media":9472,"parent":0,"menu_order":0,"comment_status":"closed","ping_status":"closed","template":"","meta":{"site-sidebar-layout":"default","site-content-layout":"","ast-site-content-layout":"default","site-content-style":"default","site-sidebar-style":"default","ast-global-header-display":"","ast-banner-title-visibility":"","ast-main-header-display":"","ast-hfb-above-header-display":"","ast-hfb-below-header-display":"","ast-hfb-mobile-header-display":"","site-post-title":"","ast-breadcrumbs-content":"","ast-featured-img":"","footer-sml-layout":"","theme-transparent-header-meta":"default","adv-header-id-meta":"","stick-header-meta":"default","header-above-stick-meta":"","header-main-stick-meta":"","header-below-stick-meta":"","astra-migrate-meta-layouts":"set","ast-page-background-enabled":"default","ast-page-background-meta":{"desktop":{"background-color":"","background-image":"","background-repeat":"repeat","background-position":"center center","background-size":"auto","background-attachment":"scroll","background-type":"","background-media":"","overlay-type":"","overlay-color":"","overlay-opacity":"","overlay-gradient":""},"tablet":{"background-color":"","background-image":"","background-repeat":"repeat","background-position":"center center","background-size":"auto","background-attachment":"scroll","background-type":"","background-media":"","overlay-type":"","overlay-color":"","overlay-opacity":"","overlay-gradient":""},"mobile":{"background-color":"","background-image":"","background-repeat":"repeat","background-position":"center center","background-size":"auto","background-attachment":"scroll","background-type":"","background-media":"","overlay-type":"","overlay-color":"","overlay-opacity":"","overlay-gradient":""}},"ast-content-background-meta":{"desktop":{"background-color":"var(--ast-global-color-5)","background-image":"","background-repeat":"repeat","background-position":"center center","background-size":"auto","background-attachment":"scroll","background-type":"","background-media":"","overlay-type":"","overlay-color":"","overlay-opacity":"","overlay-gradient":""},"tablet":{"background-color":"var(--ast-global-color-5)","background-image":"","background-repeat":"repeat","background-position":"center center","background-size":"auto","background-attachment":"scroll","background-type":"","background-media":"","overlay-type":"","overlay-color":"","overlay-opacity":"","overlay-gradient":""},"mobile":{"background-color":"var(--ast-global-color-5)","background-image":"","background-repeat":"repeat","background-position":"center center","background-size":"auto","background-attachment":"scroll","background-type":"","background-media":"","overlay-type":"","overlay-color":"","overlay-opacity":"","overlay-gradient":""}},"footnotes":""},"class_list":["post-9471","page","type-page","status-publish","has-post-thumbnail","hentry"],"_links":{"self":[{"href":"https:\/\/securehubtec.com\/tr\/wp-json\/wp\/v2\/pages\/9471","targetHints":{"allow":["GET"]}}],"collection":[{"href":"https:\/\/securehubtec.com\/tr\/wp-json\/wp\/v2\/pages"}],"about":[{"href":"https:\/\/securehubtec.com\/tr\/wp-json\/wp\/v2\/types\/page"}],"author":[{"embeddable":true,"href":"https:\/\/securehubtec.com\/tr\/wp-json\/wp\/v2\/users\/1"}],"replies":[{"embeddable":true,"href":"https:\/\/securehubtec.com\/tr\/wp-json\/wp\/v2\/comments?post=9471"}],"version-history":[{"count":2,"href":"https:\/\/securehubtec.com\/tr\/wp-json\/wp\/v2\/pages\/9471\/revisions"}],"predecessor-version":[{"id":9477,"href":"https:\/\/securehubtec.com\/tr\/wp-json\/wp\/v2\/pages\/9471\/revisions\/9477"}],"wp:featuredmedia":[{"embeddable":true,"href":"https:\/\/securehubtec.com\/tr\/wp-json\/wp\/v2\/media\/9472"}],"wp:attachment":[{"href":"https:\/\/securehubtec.com\/tr\/wp-json\/wp\/v2\/media?parent=9471"}],"curies":[{"name":"wp","href":"https:\/\/api.w.org\/{rel}","templated":true}]}}