{"id":9465,"date":"2025-10-03T01:03:30","date_gmt":"2025-10-02T17:03:30","guid":{"rendered":"https:\/\/securehubtec.com\/?page_id=9465"},"modified":"2025-10-03T01:03:30","modified_gmt":"2025-10-02T17:03:30","slug":"sip-intercom","status":"publish","type":"page","link":"https:\/\/securehubtec.com\/tr\/sip-intercom\/","title":{"rendered":"SIP \u0130NTERKOM"},"content":{"rendered":"<p><img fetchpriority=\"high\" decoding=\"async\" class=\"aligncenter size-full wp-image-9467\" src=\"https:\/\/securehubtec.com\/wp-content\/uploads\/2025\/10\/Smart-Video-Intercom-q-1.jpg\" alt=\"\" width=\"1000\" height=\"516\" srcset=\"https:\/\/securehubtec.com\/wp-content\/uploads\/2025\/10\/Smart-Video-Intercom-q-1.jpg 1000w, https:\/\/securehubtec.com\/wp-content\/uploads\/2025\/10\/Smart-Video-Intercom-q-1-300x155.jpg 300w, https:\/\/securehubtec.com\/wp-content\/uploads\/2025\/10\/Smart-Video-Intercom-q-1-768x396.jpg 768w, https:\/\/securehubtec.com\/wp-content\/uploads\/2025\/10\/Smart-Video-Intercom-q-1-18x9.jpg 18w, https:\/\/securehubtec.com\/wp-content\/uploads\/2025\/10\/Smart-Video-Intercom-q-1-600x310.jpg 600w\" sizes=\"(max-width: 1000px) 100vw, 1000px\" \/> <img decoding=\"async\" class=\"aligncenter size-full wp-image-9468 lazyload\" data-src=\"https:\/\/securehubtec.com\/wp-content\/uploads\/2025\/10\/Smart-Video-Intercom-r.jpg\" alt=\"\" width=\"1000\" height=\"768\" data-srcset=\"https:\/\/securehubtec.com\/wp-content\/uploads\/2025\/10\/Smart-Video-Intercom-r.jpg 1000w, https:\/\/securehubtec.com\/wp-content\/uploads\/2025\/10\/Smart-Video-Intercom-r-300x230.jpg 300w, https:\/\/securehubtec.com\/wp-content\/uploads\/2025\/10\/Smart-Video-Intercom-r-768x590.jpg 768w, https:\/\/securehubtec.com\/wp-content\/uploads\/2025\/10\/Smart-Video-Intercom-r-16x12.jpg 16w, https:\/\/securehubtec.com\/wp-content\/uploads\/2025\/10\/Smart-Video-Intercom-r-600x461.jpg 600w\" data-sizes=\"(max-width: 1000px) 100vw, 1000px\" src=\"data:image\/svg+xml;base64,PHN2ZyB3aWR0aD0iMSIgaGVpZ2h0PSIxIiB4bWxucz0iaHR0cDovL3d3dy53My5vcmcvMjAwMC9zdmciPjwvc3ZnPg==\" style=\"--smush-placeholder-width: 1000px; --smush-placeholder-aspect-ratio: 1000\/768;\" \/><em><strong>SIP \u0130NTERKOM<\/strong><\/em><\/p>\n<h1 class=\"header-iWP5WJ auto-hide-last-sibling-br\">DRSECURE: \u00dcst D\u00fczey Ak\u0131ll\u0131 \u0130nterkom ve Ge\u00e7i\u015f Kontrol \u00c7\u00f6z\u00fcmleri ile Ev ve M\u00fclk G\u00fcvenli\u011fini Yeniden Tan\u0131mlay\u0131n<\/h1>\n<div class=\"container-Uxvbjy md-box-line-break wrapper-GYqxgQ undefined\"><\/div>\n<div class=\"auto-hide-last-sibling-br paragraph-pP9ZLC paragraph-element br-paragraph-space\">G\u00fcvenlik ve rahatl\u0131\u011f\u0131n ev sahipleri, m\u00fclk y\u00f6neticileri ve i\u015fletme sahipleri i\u00e7in her \u015feyden \u00f6nemli oldu\u011fu bir \u00e7a\u011fda, DRSECURE \u00f6nde gelen bir\u00a0<strong>Ak\u0131ll\u0131 \u0130nterkom \u00dcretimi<\/strong>\u00a0yenilik\u00e7i giri\u015f ve ileti\u015fim \u00e7\u00f6z\u00fcmleri \u00fcretmeye adanm\u0131\u015ft\u0131r. \u0130ster rahat bir aile dairesi, ister l\u00fcks bir villa veya hareketli bir apartman kompleksi olsun, her alan\u0131n kendine \u00f6zg\u00fc g\u00fcvenlik ihtiya\u00e7lar\u0131 oldu\u011funu biliyoruz. \u0130\u015fte bu nedenle, temel g\u00fcvenlik sistemlerinden\u00a0<strong>Kap\u0131 Zili<\/strong>\u00a0geli\u015fmi\u015f birimlere\u00a0<strong>IP G\u00f6r\u00fcnt\u00fcl\u00fc \u0130nterkom Sistemi<\/strong>en son teknoloji, dayan\u0131kl\u0131l\u0131k ve kullan\u0131c\u0131 dostu tasar\u0131m\u0131 harmanlayarak herkes i\u00e7in kusursuz koruma ve zahmetsiz eri\u015fim sa\u011flamak \u00fczere tasarlanm\u0131\u015ft\u0131r.<\/div>\n<div class=\"container-Uxvbjy md-box-line-break wrapper-GYqxgQ undefined\"><\/div>\n<div class=\"auto-hide-last-sibling-br paragraph-pP9ZLC paragraph-element br-paragraph-space\">Sundu\u011fumuz hizmetlerin merkezinde \u00e7ok \u00e7e\u015fitli \u00fcr\u00fcnler yer almaktad\u0131r\u00a0<strong>ak\u0131ll\u0131 interkom<\/strong>\u00a0Her biri belirli senaryolara g\u00f6re uyarlanm\u0131\u015f sistemler. Konut binalar\u0131 i\u00e7in, bizim\u00a0<strong>Apartman i\u00e7in Ak\u0131ll\u0131 \u0130nterkom<\/strong>\u00a0ve\u00a0<strong>Apartmanlar i\u00e7in Ak\u0131ll\u0131 \u0130nterkom<\/strong>\u00a0oyunun kurallar\u0131n\u0131 de\u011fi\u015ftiren \u00fcr\u00fcnler olarak \u00f6ne \u00e7\u0131k\u0131yor. Y\u00fcksek \u00e7\u00f6z\u00fcn\u00fcrl\u00fckl\u00fc\u00a0<strong>kap\u0131 zili kameras\u0131<\/strong>\u00a0ve p\u00fcr\u00fczs\u00fcz\u00a0<strong>2 y\u00f6nl\u00fc interkom<\/strong>\u00a0i\u015flevselli\u011fi sayesinde, bu sistemler konut sakinlerinin ziyaret\u00e7ilerle net bir \u015fekilde ileti\u015fim kurmas\u0131na ve kimliklerini g\u00f6rsel olarak do\u011frulamas\u0131na olanak tan\u0131r; kap\u0131da kimin oldu\u011fu konusunda belirsizli\u011fe son verir. Bu sistemler\u00a0<strong>Apartman i\u00e7in Aile Kap\u0131 Zili Kameras\u0131<\/strong>\u00a0bunu bir ad\u0131m \u00f6teye ta\u015f\u0131yarak aile g\u00fcvenli\u011fi d\u00fc\u015f\u00fcn\u00fclerek tasarlanm\u0131\u015ft\u0131r: geni\u015f a\u00e7\u0131l\u0131 lensi giri\u015fteki her ayr\u0131nt\u0131y\u0131 yakalar ve gece g\u00f6r\u00fc\u015f\u00fc d\u00fc\u015f\u00fck \u0131\u015f\u0131k ko\u015fullar\u0131nda bile netlik sa\u011flar, b\u00f6ylece sevdiklerinizin g\u00fcvenli\u011fini her zaman g\u00f6z \u00f6n\u00fcnde tutabilirsiniz. Kablolu g\u00fcvenilirlik arayanlar i\u00e7in\u00a0<strong>7 in\u00e7 Kablolu G\u00f6r\u00fcnt\u00fcl\u00fc \u0130nterkom<\/strong>\u00a0ziyaret\u00e7ilerle etkile\u015fimi sezgisel hale getiren net bir ekran sunarken\u00a0<strong>10.1 in\u00e7 En \u0130yi Fiyat G\u00f6r\u00fcnt\u00fcl\u00fc Kap\u0131 Telefonu<\/strong>\u00a0b\u00fcy\u00fck, okunmas\u0131 kolay bir ekran\u0131 uygun fiyatla birle\u015ftirerek b\u00fct\u00e7e bilincine sahip m\u00fclk y\u00f6neticileri i\u00e7in en iyi se\u00e7im haline getirir.<\/div>\n<div class=\"container-Uxvbjy md-box-line-break wrapper-GYqxgQ undefined\"><\/div>\n<div class=\"auto-hide-last-sibling-br paragraph-pP9ZLC paragraph-element br-paragraph-space\">Kablosuz rahatl\u0131k, \u00fcr\u00fcn yelpazemizin bir di\u011fer temel ta\u015f\u0131d\u0131r. Kablosuz\u00a0<strong>Tuya Wifi Ak\u0131ll\u0131 Kap\u0131 Zili<\/strong>\u00a0ve\u00a0<strong>Ev G\u00fcvenli\u011fi Ak\u0131ll\u0131 WIFI G\u00f6rsel Kap\u0131 Telefonu<\/strong>\u00a0Wi-Fi ba\u011flant\u0131s\u0131ndan yararlanarak kullan\u0131c\u0131lar\u0131n nerede olurlarsa olsunlar kontrol\u00fc ellerinde tutmalar\u0131n\u0131 sa\u011flar. Trafikte s\u0131k\u0131\u015f\u0131p kald\u0131\u011f\u0131n\u0131z\u0131 ve paket teslimat\u0131 yapan ki\u015finin geldi\u011fine dair bir bildirim ald\u0131\u011f\u0131n\u0131z\u0131 d\u00fc\u015f\u00fcn\u00fcn; bu cihazlarla an\u0131nda bir\u00a0<strong>2 y\u00f6nl\u00fc konu\u015fma<\/strong>\u00a0oturumunu ba\u015flatabilir, teslimat\u0131 onaylayabilir ve hatta ak\u0131ll\u0131 telefonunuz arac\u0131l\u0131\u011f\u0131yla kap\u0131n\u0131n kilidini uzaktan a\u00e7abilirsiniz. Bu esneklik seviyesi\u00a0<strong>ak\u0131ll\u0131 giri\u015f<\/strong>telefonunuzu evinize veya binan\u0131za eri\u015fimi y\u00f6netmek i\u00e7in g\u00fc\u00e7l\u00fc bir araca d\u00f6n\u00fc\u015ft\u00fcr\u00fcr. Bizim\u00a0<strong>kap\u0131 zili interkom<\/strong>\u00a0modelleri ise daha k\u00fc\u00e7\u00fck alanlar i\u00e7in kompakt ancak sa\u011flam bir \u00e7\u00f6z\u00fcm sunarken, geleneksel\u00a0<strong>apartman kapi zi\u0307li\u0307<\/strong>\u00a0interkom \u00f6zellikleriyle bir daha asla bir ziyaret\u00e7iyi veya teslimat\u0131 ka\u00e7\u0131rmaman\u0131z\u0131 sa\u011flar.<\/div>\n<div class=\"container-Uxvbjy md-box-line-break wrapper-GYqxgQ undefined\"><\/div>\n<div class=\"auto-hide-last-sibling-br paragraph-pP9ZLC paragraph-element br-paragraph-space\">DRSECURE, ileti\u015fimin \u00f6tesinde \u015fu konularda da \u00fcst\u00fcnd\u00fcr\u00a0<strong>Anahtars\u0131z giri\u015f<\/strong>\u00a0ve\u00a0<strong>ge\u00e7i\u0307\u015f kontrol si\u0307stemleri\u0307<\/strong>-Geleneksel anahtarlar\u0131n zahmetini ortadan kald\u0131r\u0131r ve g\u00fcvenli\u011fi art\u0131r\u0131r. Sistemlerimiz farkl\u0131 ihtiya\u00e7lara uygun \u00e7oklu eri\u015fim y\u00f6ntemlerini destekler:\u00a0<strong>RFIC Kilit A\u00e7ma<\/strong>\u00a0Kullan\u0131c\u0131lar\u0131n kay\u0131tl\u0131 bir kartla veya hatta ak\u0131ll\u0131 telefonlar\u0131yla (NFC i\u015fleviyle e\u015fle\u015ftirildi\u011finde) giri\u015f yapmalar\u0131na olanak tan\u0131yarak ekstra anahtar ta\u015f\u0131mak istemeyen yo\u011fun profesyoneller i\u00e7in idealdir. Anahtar\u00a0<strong>Kamera \u0130nterkom Kilidi<\/strong>\u00a0g\u00f6rsel do\u011frulamas\u0131n\u0131 birle\u015ftirerek burada \u00f6ne \u00e7\u0131k\u0131yor.\u00a0<strong>Kameral\u0131 Kap\u0131 Zili<\/strong>\u00a0Anahtars\u0131z kilidin g\u00fcvenli\u011fi ile kullan\u0131c\u0131lar kap\u0131da kimin oldu\u011funu g\u00f6rebilir ve anahtarlarla u\u011fra\u015fmadan tek bir dokunu\u015fla kilidi a\u00e7abilir. Daha b\u00fcy\u00fck m\u00fclkler i\u00e7in\u00a0<strong>Ge\u00e7i\u015f Kontrol Sistemi<\/strong>\u00a0merkezi y\u00f6netim sa\u011flar: m\u00fclk y\u00f6neticileri ortak alanlar i\u00e7in genel PIN'ler, bireysel birimler i\u00e7in yerle\u015fik PIN'ler ve misafirler veya hizmet sa\u011flay\u0131c\u0131lar i\u00e7in ge\u00e7ici PIN'ler ayarlayarak yaln\u0131zca yetkili personelin eri\u015fimini sa\u011flayabilir. \u015eifre\u00a0<strong>Kap\u0131 A\u00e7ma \u0130nterkomu<\/strong>\u00a0bu sistemlerle sorunsuz bir \u015fekilde entegre olarak konut sakinleri ve personel i\u00e7in h\u0131zl\u0131 ve g\u00fcvenli giri\u015f sa\u011flarken, ticari s\u0131n\u0131f\u00a0<strong>ge\u00e7i\u0307\u015f kontrol si\u0307stemleri\u0307<\/strong>\u00a0y\u00fcksek trafi\u011fi kald\u0131racak \u015fekilde \u00fcretilmi\u015ftir, bu da onlar\u0131 ofis binalar\u0131 veya perakende alanlar\u0131 i\u00e7in m\u00fckemmel k\u0131lar.<\/div>\n<div class=\"container-Uxvbjy md-box-line-break wrapper-GYqxgQ undefined\"><\/div>\n<div class=\"auto-hide-last-sibling-br paragraph-pP9ZLC paragraph-element br-paragraph-space\">Giri\u015f sistemleri i\u00e7in dayan\u0131kl\u0131l\u0131k tart\u0131\u015f\u0131lmazd\u0131r, bu nedenle her \u00fcr\u00fcnde sa\u011flam tasar\u0131ma \u00f6ncelik veriyoruz. Bu\u00a0<strong>Su ge\u00e7irmez D\u0131\u015f Mekan Kap\u0131 Zili<\/strong>\u00a0ve\u00a0<strong>Villa i\u00e7in IP65 Kap\u0131 Zili<\/strong>\u00a0performanstan \u00f6d\u00fcn vermeden en zorlu hava ko\u015fullar\u0131na (\u015fiddetli ya\u011fmur, yo\u011fun g\u00fcne\u015f \u0131\u015f\u0131\u011f\u0131 ve hatta dondurucu s\u0131cakl\u0131klar) dayanacak \u015fekilde tasarlanm\u0131\u015ft\u0131r. Bu da onlar\u0131 villalar, \u015fehir evleri veya y\u0131l boyunca g\u00fcvenilir korumaya ihtiya\u00e7 duyan d\u0131\u015f giri\u015f noktalar\u0131 olan herhangi bir m\u00fclk i\u00e7in ideal k\u0131lar. Bizim\u00a0<strong>Kap\u0131 Telefonlar\u0131<\/strong>\u00a0ve\u00a0<strong>Ak\u0131ll\u0131 Kap\u0131 Telefonlar\u0131<\/strong>\u00a0Ayr\u0131ca, apartman lobileri veya ofis resepsiyon alanlar\u0131 gibi yo\u011fun trafikli alanlarda g\u00fcnl\u00fck kullan\u0131m\u0131n \u00fcstesinden gelmek i\u00e7in tasarlanm\u0131\u015f dayan\u0131kl\u0131 yap\u0131ya sahiptir. De\u011ferli varl\u0131klar\u0131n g\u00fcvenli\u011fini art\u0131rmak isteyen i\u015fletmeler i\u00e7in\u00a0<strong>g\u00fcvenli ak\u0131ll\u0131 dolap<\/strong>\u00a0\u00e7\u00f6z\u00fcmleri m\u00fckemmel bir tamamlay\u0131c\u0131d\u0131r: eri\u015fim kontrol sistemlerimizle entegre olarak, \u00e7al\u0131\u015fanlar\u0131n veya m\u00fc\u015fterilerin RFIC kartlar\u0131 veya PIN'ler arac\u0131l\u0131\u011f\u0131yla dolaplara eri\u015fmesine olanak tan\u0131r ve de\u011ferli e\u015fyalar\u0131n her zaman g\u00fcvende olmas\u0131n\u0131 sa\u011flar.<\/div>\n<div class=\"container-Uxvbjy md-box-line-break wrapper-GYqxgQ undefined\"><\/div>\n<div class=\"auto-hide-last-sibling-br paragraph-pP9ZLC paragraph-element br-paragraph-space\">Serimizdeki her \u00fcr\u00fcn - giri\u015f seviyesinden\u00a0<strong>G\u00f6r\u00fcnt\u00fcl\u00fc Kap\u0131 Telefonu Kiti<\/strong>\u00a0geli\u015fmi\u015f\u00a0<strong>7 in\u00e7 AHD G\u00f6r\u00fcnt\u00fcl\u00fc \u0130nterkom Kap\u0131 Zili Sistemi<\/strong>-DRSECURE kalite ve yenilik vaadini ta\u015f\u0131r. Biz sadece g\u00fcvenlik \u00fcr\u00fcnleri satm\u0131yoruz; g\u00f6n\u00fcl rahatl\u0131\u011f\u0131 sa\u011fl\u0131yoruz. \u0130ster ailenizi korumak isteyen bir ev sahibi, ister y\u00fczlerce sakinin eri\u015fimini kolayla\u015ft\u0131rmak isteyen bir m\u00fclk y\u00f6neticisi ya da tesisinizin g\u00fcvenli\u011fini sa\u011flamak isteyen bir i\u015fletme sahibi olun, \u00e7\u00f6z\u00fcmlerimiz ihtiya\u00e7lar\u0131n\u0131za uyum sa\u011flayacak \u015fekilde tasarlanm\u0131\u015ft\u0131r. DRSECURE ile sadece bir g\u00fcvenlik sistemine yat\u0131r\u0131m yapm\u0131yorsunuz.\u00a0<strong>KAPI Z\u0130L\u0130<\/strong>\u00a0ya da bir interkom ile giri\u015f ve ileti\u015fimi y\u00f6netmenin daha ak\u0131ll\u0131 ve g\u00fcvenli bir yoluna yat\u0131r\u0131m yap\u0131yorsunuz.<\/div>\n<div class=\"container-Uxvbjy md-box-line-break wrapper-GYqxgQ undefined\"><\/div>\n<div class=\"auto-hide-last-sibling-br paragraph-pP9ZLC paragraph-element br-paragraph-space\">DRSECURE'e bug\u00fcn y\u00fckseltin ve g\u00fcvenli\u011fin gelece\u011fini deneyimleyin. Kristal berrakl\u0131\u011f\u0131nda\u00a0<strong>g\u00f6r\u00fcnt\u00fcl\u00fc interkom<\/strong>\u00a0sorunsuz konu\u015fmalar\u00a0<strong>Anahtars\u0131z giri\u015f<\/strong>\u00fcr\u00fcnlerimiz s\u0131radan giri\u015f noktalar\u0131n\u0131 sizin i\u00e7in \u00e7al\u0131\u015fan ak\u0131ll\u0131, g\u00fcvenli merkezlere d\u00f6n\u00fc\u015ft\u00fcr\u00fcr. Evlerini, apartmanlar\u0131n\u0131 ve i\u015f yerlerini g\u00fcvende tutmak i\u00e7in DRSECURE'a g\u00fcvenen d\u00fcnya \u00e7ap\u0131ndaki binlerce memnun m\u00fc\u015fteriye kat\u0131l\u0131n; \u00e7\u00fcnk\u00fc s\u00f6z konusu g\u00fcvenlik oldu\u011funda, \u00f6d\u00fcn vermek bir se\u00e7enek de\u011fildir.<\/div>","protected":false},"excerpt":{"rendered":"<p>SIP INTERCOM DRSECURE: Redefine Home &amp; Property Security with Top-Tier Smart Intercom &amp; Access Control Solutions In an era where [&hellip;]<\/p>","protected":false},"author":1,"featured_media":9466,"parent":0,"menu_order":0,"comment_status":"closed","ping_status":"closed","template":"","meta":{"site-sidebar-layout":"default","site-content-layout":"","ast-site-content-layout":"default","site-content-style":"default","site-sidebar-style":"default","ast-global-header-display":"","ast-banner-title-visibility":"","ast-main-header-display":"","ast-hfb-above-header-display":"","ast-hfb-below-header-display":"","ast-hfb-mobile-header-display":"","site-post-title":"","ast-breadcrumbs-content":"","ast-featured-img":"","footer-sml-layout":"","theme-transparent-header-meta":"default","adv-header-id-meta":"","stick-header-meta":"default","header-above-stick-meta":"","header-main-stick-meta":"","header-below-stick-meta":"","astra-migrate-meta-layouts":"set","ast-page-background-enabled":"default","ast-page-background-meta":{"desktop":{"background-color":"","background-image":"","background-repeat":"repeat","background-position":"center center","background-size":"auto","background-attachment":"scroll","background-type":"","background-media":"","overlay-type":"","overlay-color":"","overlay-opacity":"","overlay-gradient":""},"tablet":{"background-color":"","background-image":"","background-repeat":"repeat","background-position":"center center","background-size":"auto","background-attachment":"scroll","background-type":"","background-media":"","overlay-type":"","overlay-color":"","overlay-opacity":"","overlay-gradient":""},"mobile":{"background-color":"","background-image":"","background-repeat":"repeat","background-position":"center center","background-size":"auto","background-attachment":"scroll","background-type":"","background-media":"","overlay-type":"","overlay-color":"","overlay-opacity":"","overlay-gradient":""}},"ast-content-background-meta":{"desktop":{"background-color":"var(--ast-global-color-5)","background-image":"","background-repeat":"repeat","background-position":"center center","background-size":"auto","background-attachment":"scroll","background-type":"","background-media":"","overlay-type":"","overlay-color":"","overlay-opacity":"","overlay-gradient":""},"tablet":{"background-color":"var(--ast-global-color-5)","background-image":"","background-repeat":"repeat","background-position":"center center","background-size":"auto","background-attachment":"scroll","background-type":"","background-media":"","overlay-type":"","overlay-color":"","overlay-opacity":"","overlay-gradient":""},"mobile":{"background-color":"var(--ast-global-color-5)","background-image":"","background-repeat":"repeat","background-position":"center center","background-size":"auto","background-attachment":"scroll","background-type":"","background-media":"","overlay-type":"","overlay-color":"","overlay-opacity":"","overlay-gradient":""}},"footnotes":""},"class_list":["post-9465","page","type-page","status-publish","has-post-thumbnail","hentry"],"_links":{"self":[{"href":"https:\/\/securehubtec.com\/tr\/wp-json\/wp\/v2\/pages\/9465","targetHints":{"allow":["GET"]}}],"collection":[{"href":"https:\/\/securehubtec.com\/tr\/wp-json\/wp\/v2\/pages"}],"about":[{"href":"https:\/\/securehubtec.com\/tr\/wp-json\/wp\/v2\/types\/page"}],"author":[{"embeddable":true,"href":"https:\/\/securehubtec.com\/tr\/wp-json\/wp\/v2\/users\/1"}],"replies":[{"embeddable":true,"href":"https:\/\/securehubtec.com\/tr\/wp-json\/wp\/v2\/comments?post=9465"}],"version-history":[{"count":1,"href":"https:\/\/securehubtec.com\/tr\/wp-json\/wp\/v2\/pages\/9465\/revisions"}],"predecessor-version":[{"id":9469,"href":"https:\/\/securehubtec.com\/tr\/wp-json\/wp\/v2\/pages\/9465\/revisions\/9469"}],"wp:featuredmedia":[{"embeddable":true,"href":"https:\/\/securehubtec.com\/tr\/wp-json\/wp\/v2\/media\/9466"}],"wp:attachment":[{"href":"https:\/\/securehubtec.com\/tr\/wp-json\/wp\/v2\/media?parent=9465"}],"curies":[{"name":"wp","href":"https:\/\/api.w.org\/{rel}","templated":true}]}}