{"id":9459,"date":"2025-10-03T00:45:01","date_gmt":"2025-10-02T16:45:01","guid":{"rendered":"https:\/\/securehubtec.com\/?page_id=9459"},"modified":"2025-10-03T00:48:21","modified_gmt":"2025-10-02T16:48:21","slug":"4g-lte-outdoor-station","status":"publish","type":"page","link":"https:\/\/securehubtec.com\/tr\/4g-lte-outdoor-station\/","title":{"rendered":"4G LTE D\u0131\u015f Mekan \u0130stasyonu"},"content":{"rendered":"<p><img fetchpriority=\"high\" decoding=\"async\" class=\"aligncenter size-full wp-image-9461\" src=\"https:\/\/securehubtec.com\/wp-content\/uploads\/2025\/10\/Smart-Video-Intercom-p-1.jpg\" alt=\"\" width=\"1100\" height=\"965\" srcset=\"https:\/\/securehubtec.com\/wp-content\/uploads\/2025\/10\/Smart-Video-Intercom-p-1.jpg 1100w, https:\/\/securehubtec.com\/wp-content\/uploads\/2025\/10\/Smart-Video-Intercom-p-1-300x263.jpg 300w, https:\/\/securehubtec.com\/wp-content\/uploads\/2025\/10\/Smart-Video-Intercom-p-1-1024x898.jpg 1024w, https:\/\/securehubtec.com\/wp-content\/uploads\/2025\/10\/Smart-Video-Intercom-p-1-768x674.jpg 768w, https:\/\/securehubtec.com\/wp-content\/uploads\/2025\/10\/Smart-Video-Intercom-p-1-14x12.jpg 14w, https:\/\/securehubtec.com\/wp-content\/uploads\/2025\/10\/Smart-Video-Intercom-p-1-600x526.jpg 600w\" sizes=\"(max-width: 1100px) 100vw, 1100px\" \/><\/p>\n<p><em><strong>Sabit hat ve cep telefonu arayabilen 4G LTE D\u0131\u015f Mekan \u0130stasyonu<\/strong><\/em><\/p>\n<p><span style=\"color: #ffcc00;\"><strong>A\u011flar aras\u0131 sesli aramalar<\/strong><\/span>\u00a0 \u00a0 \u00a04G LTE a\u011flar\u0131ndaki VoLTE teknolojisi sayesinde, geleneksel telefon hatlar\u0131na veya 2G\/3G a\u011flar\u0131na ihtiya\u00e7 duymadan geleneksel sabit hatlarla (PSTN genel anahtarlamal\u0131 telefon a\u011f\u0131na dayanarak) ve \u00e7e\u015fitli cep telefonlar\u0131yla (2G\/3G\/4G\/5G telefonlar dahil) iki y\u00f6nl\u00fc sesli ileti\u015fim sa\u011flar.<\/p>\n<p><span style=\"color: #ffcc00;\"><strong>4G y\u00fcksek h\u0131zl\u0131 veri ve ses e\u015fzamanl\u0131l\u0131\u011f\u0131<\/strong><\/span>\u00a0 \u00a0 Arama yapma veya alma s\u0131ras\u0131nda 4G LTE veri ba\u011flant\u0131s\u0131 kesintisiz kal\u0131r ve kullan\u0131c\u0131lar\u0131n ayn\u0131 anda internette gezinmesine, video konferanslara kat\u0131lmas\u0131na ve uygulamalar\u0131 kullanmas\u0131na olanak tan\u0131r. Bu, geleneksel 2G\/3G a\u011flar\u0131ndaki \"aramalar s\u0131ras\u0131nda a\u011f kesintisi\" sorununu \u00e7\u00f6zer.<\/p>\n<p><strong><span style=\"color: #ffcc00;\">HD ses deneyimi<\/span><\/strong>\u00a0 \u00a0 \u00a0Geni\u015f bant ses kodlama teknolojisini (AMR-WB gibi) benimser, geleneksel telefonlara k\u0131yasla daha d\u00fc\u015f\u00fck arka plan g\u00fcr\u00fclt\u00fcs\u00fc ile daha net arama kalitesi sa\u011flar, bu da ileti\u015fim verimlili\u011fini art\u0131r\u0131r, \u00f6zellikle i\u015f aramalar\u0131 veya net ses gerektiren senaryolar i\u00e7in uygundur.<\/p>\n<p><strong><span style=\"color: #ffcc00;\">Lojistikte kullan\u0131l\u0131r\u00a0 \u00a0 \u00a0 <\/span><\/strong>g\u00fcvenlik ve di\u011fer sekt\u00f6rlerde, personelin cep telefonlar\u0131na veya kontrol merkezi sabit hatlar\u0131na yap\u0131lan a\u011flar aras\u0131 aramalar\u0131 destekler.<\/p>\n<p>&nbsp;<\/p>\n<p>&nbsp;<\/p>","protected":false},"excerpt":{"rendered":"<p>4G LTE Outdoor Station that can call landline and cellphone Cross-network voice calls\u00a0 \u00a0 \u00a0Through VoLTE technology on 4G LTE [&hellip;]<\/p>","protected":false},"author":1,"featured_media":9460,"parent":0,"menu_order":0,"comment_status":"closed","ping_status":"closed","template":"","meta":{"site-sidebar-layout":"default","site-content-layout":"","ast-site-content-layout":"default","site-content-style":"default","site-sidebar-style":"default","ast-global-header-display":"","ast-banner-title-visibility":"","ast-main-header-display":"","ast-hfb-above-header-display":"","ast-hfb-below-header-display":"","ast-hfb-mobile-header-display":"","site-post-title":"","ast-breadcrumbs-content":"","ast-featured-img":"","footer-sml-layout":"","theme-transparent-header-meta":"default","adv-header-id-meta":"","stick-header-meta":"default","header-above-stick-meta":"","header-main-stick-meta":"","header-below-stick-meta":"","astra-migrate-meta-layouts":"set","ast-page-background-enabled":"default","ast-page-background-meta":{"desktop":{"background-color":"","background-image":"","background-repeat":"repeat","background-position":"center center","background-size":"auto","background-attachment":"scroll","background-type":"","background-media":"","overlay-type":"","overlay-color":"","overlay-opacity":"","overlay-gradient":""},"tablet":{"background-color":"","background-image":"","background-repeat":"repeat","background-position":"center center","background-size":"auto","background-attachment":"scroll","background-type":"","background-media":"","overlay-type":"","overlay-color":"","overlay-opacity":"","overlay-gradient":""},"mobile":{"background-color":"","background-image":"","background-repeat":"repeat","background-position":"center center","background-size":"auto","background-attachment":"scroll","background-type":"","background-media":"","overlay-type":"","overlay-color":"","overlay-opacity":"","overlay-gradient":""}},"ast-content-background-meta":{"desktop":{"background-color":"var(--ast-global-color-5)","background-image":"","background-repeat":"repeat","background-position":"center center","background-size":"auto","background-attachment":"scroll","background-type":"","background-media":"","overlay-type":"","overlay-color":"","overlay-opacity":"","overlay-gradient":""},"tablet":{"background-color":"var(--ast-global-color-5)","background-image":"","background-repeat":"repeat","background-position":"center center","background-size":"auto","background-attachment":"scroll","background-type":"","background-media":"","overlay-type":"","overlay-color":"","overlay-opacity":"","overlay-gradient":""},"mobile":{"background-color":"var(--ast-global-color-5)","background-image":"","background-repeat":"repeat","background-position":"center center","background-size":"auto","background-attachment":"scroll","background-type":"","background-media":"","overlay-type":"","overlay-color":"","overlay-opacity":"","overlay-gradient":""}},"footnotes":""},"class_list":["post-9459","page","type-page","status-publish","has-post-thumbnail","hentry"],"_links":{"self":[{"href":"https:\/\/securehubtec.com\/tr\/wp-json\/wp\/v2\/pages\/9459","targetHints":{"allow":["GET"]}}],"collection":[{"href":"https:\/\/securehubtec.com\/tr\/wp-json\/wp\/v2\/pages"}],"about":[{"href":"https:\/\/securehubtec.com\/tr\/wp-json\/wp\/v2\/types\/page"}],"author":[{"embeddable":true,"href":"https:\/\/securehubtec.com\/tr\/wp-json\/wp\/v2\/users\/1"}],"replies":[{"embeddable":true,"href":"https:\/\/securehubtec.com\/tr\/wp-json\/wp\/v2\/comments?post=9459"}],"version-history":[{"count":2,"href":"https:\/\/securehubtec.com\/tr\/wp-json\/wp\/v2\/pages\/9459\/revisions"}],"predecessor-version":[{"id":9582,"href":"https:\/\/securehubtec.com\/tr\/wp-json\/wp\/v2\/pages\/9459\/revisions\/9582"}],"wp:featuredmedia":[{"embeddable":true,"href":"https:\/\/securehubtec.com\/tr\/wp-json\/wp\/v2\/media\/9460"}],"wp:attachment":[{"href":"https:\/\/securehubtec.com\/tr\/wp-json\/wp\/v2\/media?parent=9459"}],"curies":[{"name":"wp","href":"https:\/\/api.w.org\/{rel}","templated":true}]}}