{"id":9454,"date":"2025-10-03T00:22:46","date_gmt":"2025-10-02T16:22:46","guid":{"rendered":"https:\/\/securehubtec.com\/?page_id=9454"},"modified":"2025-10-03T00:22:46","modified_gmt":"2025-10-02T16:22:46","slug":"4g-volte-sip-intercom-works-with-tuya","status":"publish","type":"page","link":"https:\/\/securehubtec.com\/tr\/4g-volte-sip-intercom-works-with-tuya\/","title":{"rendered":"4G VoLTE SIP \u0130nterkom TUYA ile \u00e7al\u0131\u015f\u0131r"},"content":{"rendered":"<p><img fetchpriority=\"high\" decoding=\"async\" class=\"aligncenter size-full wp-image-9456\" src=\"https:\/\/securehubtec.com\/wp-content\/uploads\/2025\/10\/Smart-Video-Intercom-o-3.jpg\" alt=\"\" width=\"1000\" height=\"724\" srcset=\"https:\/\/securehubtec.com\/wp-content\/uploads\/2025\/10\/Smart-Video-Intercom-o-3.jpg 1000w, https:\/\/securehubtec.com\/wp-content\/uploads\/2025\/10\/Smart-Video-Intercom-o-3-300x217.jpg 300w, https:\/\/securehubtec.com\/wp-content\/uploads\/2025\/10\/Smart-Video-Intercom-o-3-768x556.jpg 768w, https:\/\/securehubtec.com\/wp-content\/uploads\/2025\/10\/Smart-Video-Intercom-o-3-18x12.jpg 18w, https:\/\/securehubtec.com\/wp-content\/uploads\/2025\/10\/Smart-Video-Intercom-o-3-600x434.jpg 600w\" sizes=\"(max-width: 1000px) 100vw, 1000px\" \/><\/p>\n<p><span style=\"color: #ffcc00;\"><strong>4G VoLTE SIP \u0130nterkom TUYA ile \u00e7al\u0131\u015f\u0131r<br \/>\nTipik Uygulama Senaryolar\u0131<\/strong><\/span><\/p>\n<ul>\n<li>Daire: 4G LTE D\u0131\u015f Mekan \u0130nterkomu - Rahatl\u0131k ve G\u00fcvenli\u011fi Yeniden Tan\u0131ml\u0131yor<\/li>\n<li>Karma\u015f\u0131k kablolamaya elveda deyin - in\u015faat art\u0131k daha kolay! L\u00fcks daireler i\u00e7in tasarlanan bu 4G LTE d\u0131\u015f mekan interkomu, a\u011f kablolar\u0131na olan ihtiyac\u0131 ortadan kald\u0131rarak kurulum s\u00fcrecini b\u00fcy\u00fck \u00f6l\u00e7\u00fcde basitle\u015ftirir. Dairenin ortam\u0131ndaki bozulmay\u0131 en aza indirerek daha esnek da\u011f\u0131t\u0131m ve daha h\u0131zl\u0131 kurulum sa\u011flar.<\/li>\n<li>Tek ad\u0131mda aray\u0131n ve kilidi a\u00e7\u0131n; s\u0131f\u0131r \u00f6\u011frenme e\u011frisi gerekir. Cihaz hem sabit hatlara hem de cep telefonlar\u0131na do\u011frudan aramalar\u0131 destekler. Bir arama s\u0131ras\u0131nda, kap\u0131n\u0131n kilidini a\u00e7mak i\u00e7in say\u0131sal tu\u015f tak\u0131m\u0131na basman\u0131z yeterlidir; uygulama indirmeye ve karma\u015f\u0131k talimatlara gerek yoktur. Ya\u015fl\u0131lar ve \u00e7ocuklar bile zahmetsizce kullanabilir ve g\u00fcnl\u00fck eri\u015fimi sorunsuz hale getirir.<\/li>\n<li>Daha ak\u0131ll\u0131 video etkile\u015fimi ile farkl\u0131 ihtiya\u00e7lar\u0131 kar\u015f\u0131lay\u0131n. Temel arama ve kilit a\u00e7ma i\u015flevlerinin \u00f6tesinde, interkom ayr\u0131ca bir konut sakininin uygulamas\u0131n\u0131 aramay\u0131 da destekler ve konut sakinlerinin ziyaret\u00e7ileri g\u00f6rsel olarak do\u011frulayabilmesi i\u00e7in y\u00fcksek \u00e7\u00f6z\u00fcn\u00fcrl\u00fckl\u00fc g\u00f6r\u00fcnt\u00fcl\u00fc aramalara olanak tan\u0131r. Ayr\u0131ca uzaktan kilit a\u00e7ma \u00f6zelli\u011fi de sunar: misafir kar\u015f\u0131lama veya paket kabul etme gibi senaryolar i\u00e7in, sahada olmadan kolayca eri\u015fim izni verebilirsiniz; g\u00fcvenlik ile rahatl\u0131\u011f\u0131 m\u00fckemmel bir \u015fekilde harmanlayabilirsiniz.<\/li>\n<\/ul>\n<p><strong><span style=\"color: #ffcc00;\">Kullan\u0131m Ko\u015fullar\u0131<\/span><\/strong><\/p>\n<ul>\n<li>Cihaz 4G LTE a\u011f\u0131n\u0131 ve VoLTE protokol\u00fcn\u00fc desteklemelidir;<\/li>\n<li>B\u00f6lgede 4G LTE a\u011f kapsama alan\u0131 bulunmal\u0131 ve operat\u00f6r VoLTE hizmetini etkinle\u015ftirmi\u015f olmal\u0131d\u0131r;<\/li>\n<li>Ge\u00e7erli bir 4G SIM kart (ses i\u015flevini destekleyen) tak\u0131lmal\u0131d\u0131r.\n<p>Bu t\u00fcr cihazlar 4G a\u011flar\u0131n\u0131n y\u00fcksek h\u0131z\u0131n\u0131 geleneksel sesli ileti\u015fimin evrenselli\u011fi ile birle\u015ftirerek modern ileti\u015fimde farkl\u0131 terminalleri (sabit hatlar, cep telefonlar\u0131) birbirine ba\u011flamak i\u00e7in etkili bir \u00e7\u00f6z\u00fcm haline getirmektedir.<\/li>\n<\/ul>\n<p>&nbsp;<\/p>","protected":false},"excerpt":{"rendered":"<p>4G VoLTE SIP Intercom works with TUYA Typical Application Scenarios Apartment: 4G LTE Outdoor Intercom \u2013 Redefining Convenience &amp; Security [&hellip;]<\/p>","protected":false},"author":1,"featured_media":9455,"parent":0,"menu_order":0,"comment_status":"closed","ping_status":"closed","template":"","meta":{"site-sidebar-layout":"default","site-content-layout":"","ast-site-content-layout":"default","site-content-style":"default","site-sidebar-style":"default","ast-global-header-display":"","ast-banner-title-visibility":"","ast-main-header-display":"","ast-hfb-above-header-display":"","ast-hfb-below-header-display":"","ast-hfb-mobile-header-display":"","site-post-title":"","ast-breadcrumbs-content":"","ast-featured-img":"","footer-sml-layout":"","theme-transparent-header-meta":"default","adv-header-id-meta":"","stick-header-meta":"default","header-above-stick-meta":"","header-main-stick-meta":"","header-below-stick-meta":"","astra-migrate-meta-layouts":"set","ast-page-background-enabled":"default","ast-page-background-meta":{"desktop":{"background-color":"","background-image":"","background-repeat":"repeat","background-position":"center center","background-size":"auto","background-attachment":"scroll","background-type":"","background-media":"","overlay-type":"","overlay-color":"","overlay-opacity":"","overlay-gradient":""},"tablet":{"background-color":"","background-image":"","background-repeat":"repeat","background-position":"center center","background-size":"auto","background-attachment":"scroll","background-type":"","background-media":"","overlay-type":"","overlay-color":"","overlay-opacity":"","overlay-gradient":""},"mobile":{"background-color":"","background-image":"","background-repeat":"repeat","background-position":"center center","background-size":"auto","background-attachment":"scroll","background-type":"","background-media":"","overlay-type":"","overlay-color":"","overlay-opacity":"","overlay-gradient":""}},"ast-content-background-meta":{"desktop":{"background-color":"var(--ast-global-color-5)","background-image":"","background-repeat":"repeat","background-position":"center center","background-size":"auto","background-attachment":"scroll","background-type":"","background-media":"","overlay-type":"","overlay-color":"","overlay-opacity":"","overlay-gradient":""},"tablet":{"background-color":"var(--ast-global-color-5)","background-image":"","background-repeat":"repeat","background-position":"center center","background-size":"auto","background-attachment":"scroll","background-type":"","background-media":"","overlay-type":"","overlay-color":"","overlay-opacity":"","overlay-gradient":""},"mobile":{"background-color":"var(--ast-global-color-5)","background-image":"","background-repeat":"repeat","background-position":"center center","background-size":"auto","background-attachment":"scroll","background-type":"","background-media":"","overlay-type":"","overlay-color":"","overlay-opacity":"","overlay-gradient":""}},"footnotes":""},"class_list":["post-9454","page","type-page","status-publish","has-post-thumbnail","hentry"],"_links":{"self":[{"href":"https:\/\/securehubtec.com\/tr\/wp-json\/wp\/v2\/pages\/9454","targetHints":{"allow":["GET"]}}],"collection":[{"href":"https:\/\/securehubtec.com\/tr\/wp-json\/wp\/v2\/pages"}],"about":[{"href":"https:\/\/securehubtec.com\/tr\/wp-json\/wp\/v2\/types\/page"}],"author":[{"embeddable":true,"href":"https:\/\/securehubtec.com\/tr\/wp-json\/wp\/v2\/users\/1"}],"replies":[{"embeddable":true,"href":"https:\/\/securehubtec.com\/tr\/wp-json\/wp\/v2\/comments?post=9454"}],"version-history":[{"count":2,"href":"https:\/\/securehubtec.com\/tr\/wp-json\/wp\/v2\/pages\/9454\/revisions"}],"predecessor-version":[{"id":9648,"href":"https:\/\/securehubtec.com\/tr\/wp-json\/wp\/v2\/pages\/9454\/revisions\/9648"}],"wp:featuredmedia":[{"embeddable":true,"href":"https:\/\/securehubtec.com\/tr\/wp-json\/wp\/v2\/media\/9455"}],"wp:attachment":[{"href":"https:\/\/securehubtec.com\/tr\/wp-json\/wp\/v2\/media?parent=9454"}],"curies":[{"name":"wp","href":"https:\/\/api.w.org\/{rel}","templated":true}]}}