{"id":9436,"date":"2025-10-02T00:38:05","date_gmt":"2025-10-01T16:38:05","guid":{"rendered":"https:\/\/securehubtec.com\/?page_id=9436"},"modified":"2025-10-02T00:59:45","modified_gmt":"2025-10-01T16:59:45","slug":"sip-intercom-works-with-tuya-2","status":"publish","type":"page","link":"https:\/\/securehubtec.com\/tr\/sip-intercom-works-with-tuya-2\/","title":{"rendered":"SIP \u0130nterkom TUYA ile \u00e7al\u0131\u015f\u0131r"},"content":{"rendered":"<p>Kar\u015f\u0131n\u0131zda son teknoloji ak\u0131ll\u0131 kap\u0131 eri\u015fim sistemimiz! Evinize veya binan\u0131za giri\u015f \u015feklinizde devrim yarat\u0131r. Y\u00fcz tan\u0131ma ile y\u00fcz\u00fcn\u00fcz anahtard\u0131r. Bu biyometrik teknoloji, sorunsuz kimlik do\u011frulamas\u0131 i\u00e7in y\u00fcz \u00f6zelliklerini yakalamak, tespit etmek ve e\u015fle\u015ftirmek i\u00e7in geli\u015fmi\u015f bilgisayar g\u00f6r\u00fc\u015f algoritmalar\u0131 kullan\u0131r. Art\u0131k anahtarlarla u\u011fra\u015fmak yok - sadece cihaza bak\u0131n ve kap\u0131 kilidi a\u00e7\u0131ls\u0131n, SIP Interkom TUYA ile \u00e7al\u0131\u015f\u0131r.<br \/>\n<img fetchpriority=\"high\" decoding=\"async\" class=\"aligncenter size-full wp-image-9438\" src=\"https:\/\/securehubtec.com\/wp-content\/uploads\/2025\/10\/Smart-Video-Intercom-l-1.jpg\" alt=\"\" width=\"1200\" height=\"723\" srcset=\"https:\/\/securehubtec.com\/wp-content\/uploads\/2025\/10\/Smart-Video-Intercom-l-1.jpg 1200w, https:\/\/securehubtec.com\/wp-content\/uploads\/2025\/10\/Smart-Video-Intercom-l-1-300x181.jpg 300w, https:\/\/securehubtec.com\/wp-content\/uploads\/2025\/10\/Smart-Video-Intercom-l-1-1024x617.jpg 1024w, https:\/\/securehubtec.com\/wp-content\/uploads\/2025\/10\/Smart-Video-Intercom-l-1-768x463.jpg 768w, https:\/\/securehubtec.com\/wp-content\/uploads\/2025\/10\/Smart-Video-Intercom-l-1-18x12.jpg 18w, https:\/\/securehubtec.com\/wp-content\/uploads\/2025\/10\/Smart-Video-Intercom-l-1-600x362.jpg 600w\" sizes=\"(max-width: 1200px) 100vw, 1200px\" \/><\/p>\n<p>Ses kontrol\u00fc ba\u015fka bir kolayl\u0131k katman\u0131 ekler. Eve d\u00f6nerken \"Hey Siri, kap\u0131y\u0131 a\u00e7\" demeniz yeterli. Telefonunuzun kilidini a\u00e7man\u0131za gerek yok. Siz yakla\u015f\u0131rken kap\u0131 h\u0131zla a\u00e7\u0131l\u0131r ve giri\u015fi ak\u0131ll\u0131 ve zahmetsiz hale getirir. Ayr\u0131ca, PIN kodlar\u0131 esneklik sunar - genel, yerle\u015fik ve ge\u00e7ici PIN'ler, farkl\u0131 kullan\u0131c\u0131lar i\u00e7in eri\u015fimi kolayca y\u00f6netmenizi sa\u011flar,SIP Interkom TUYA ile \u00e7al\u0131\u015f\u0131r.<\/p>\n<p><img decoding=\"async\" class=\"aligncenter size-full wp-image-9439 lazyload\" data-src=\"https:\/\/securehubtec.com\/wp-content\/uploads\/2025\/10\/Smart-Video-Intercom-m.jpg\" alt=\"\" width=\"1200\" height=\"792\" data-srcset=\"https:\/\/securehubtec.com\/wp-content\/uploads\/2025\/10\/Smart-Video-Intercom-m.jpg 1200w, https:\/\/securehubtec.com\/wp-content\/uploads\/2025\/10\/Smart-Video-Intercom-m-300x198.jpg 300w, https:\/\/securehubtec.com\/wp-content\/uploads\/2025\/10\/Smart-Video-Intercom-m-1024x676.jpg 1024w, https:\/\/securehubtec.com\/wp-content\/uploads\/2025\/10\/Smart-Video-Intercom-m-768x507.jpg 768w, https:\/\/securehubtec.com\/wp-content\/uploads\/2025\/10\/Smart-Video-Intercom-m-18x12.jpg 18w, https:\/\/securehubtec.com\/wp-content\/uploads\/2025\/10\/Smart-Video-Intercom-m-600x396.jpg 600w\" data-sizes=\"(max-width: 1200px) 100vw, 1200px\" src=\"data:image\/svg+xml;base64,PHN2ZyB3aWR0aD0iMSIgaGVpZ2h0PSIxIiB4bWxucz0iaHR0cDovL3d3dy53My5vcmcvMjAwMC9zdmciPjwvc3ZnPg==\" style=\"--smush-placeholder-width: 1200px; --smush-placeholder-aspect-ratio: 1200\/792;\" \/>NFC teknolojisi de bir rol oynar. Telefonunuzun NFC i\u015flevini a\u00e7\u0131n ve bir kullan\u0131c\u0131 kart\u0131 olarak kaydolun. Telefonunuz daha sonra ta\u015f\u0131nabilir bir anahtara d\u00f6n\u00fc\u015f\u00fcr. Ve uzaktan eri\u015fim i\u00e7in ihtiyac\u0131n\u0131z olan tek \u015fey telefonunuz. Nerede olursan\u0131z olun, uygulamam\u0131z arac\u0131l\u0131\u011f\u0131yla ziyaret\u00e7ilerinizle g\u00f6r\u00fcnt\u00fcl\u00fc g\u00f6r\u00fc\u015fme yapabilir ve kap\u0131y\u0131 uzaktan a\u00e7arak rahatl\u0131k ve huzur sa\u011flayabilirsiniz, SIP Intercom TUYA ile \u00e7al\u0131\u015f\u0131r.<br \/>\n<img decoding=\"async\" class=\"aligncenter size-full wp-image-9440 lazyload\" data-src=\"https:\/\/securehubtec.com\/wp-content\/uploads\/2025\/10\/Smart-Video-Intercom-n.jpg\" alt=\"\" width=\"1200\" height=\"975\" data-srcset=\"https:\/\/securehubtec.com\/wp-content\/uploads\/2025\/10\/Smart-Video-Intercom-n.jpg 1200w, https:\/\/securehubtec.com\/wp-content\/uploads\/2025\/10\/Smart-Video-Intercom-n-300x244.jpg 300w, https:\/\/securehubtec.com\/wp-content\/uploads\/2025\/10\/Smart-Video-Intercom-n-1024x832.jpg 1024w, https:\/\/securehubtec.com\/wp-content\/uploads\/2025\/10\/Smart-Video-Intercom-n-768x624.jpg 768w, https:\/\/securehubtec.com\/wp-content\/uploads\/2025\/10\/Smart-Video-Intercom-n-15x12.jpg 15w, https:\/\/securehubtec.com\/wp-content\/uploads\/2025\/10\/Smart-Video-Intercom-n-600x488.jpg 600w\" data-sizes=\"(max-width: 1200px) 100vw, 1200px\" src=\"data:image\/svg+xml;base64,PHN2ZyB3aWR0aD0iMSIgaGVpZ2h0PSIxIiB4bWxucz0iaHR0cDovL3d3dy53My5vcmcvMjAwMC9zdmciPjwvc3ZnPg==\" style=\"--smush-placeholder-width: 1200px; --smush-placeholder-aspect-ratio: 1200\/975;\" \/><br \/>\nSistemimiz \u00e7e\u015fitli ihtiya\u00e7lar\u0131 kar\u015f\u0131lamak i\u00e7in son derece \u00f6zelle\u015ftirilebilir. Arka plan resmini, oda listelerini, dili, kullan\u0131c\u0131 aray\u00fcz\u00fcn\u00fc, \u00f6zellikleri ve hatta donan\u0131m\u0131 ki\u015fiselle\u015ftirebilirsiniz. Reklam g\u00f6rsellerini g\u00f6r\u00fcnt\u00fcleme se\u00e7enekleriyle oteller i\u00e7in de m\u00fckemmeldir. Ak\u0131ll\u0131 kap\u0131 eri\u015fim sistemimizle eri\u015fim deneyiminizi bug\u00fcn y\u00fckseltin, SIP Interkom TUYA ile \u00e7al\u0131\u015f\u0131r!<\/p>\n<h1 class=\"header-iWP5WJ auto-hide-last-sibling-br\">Ak\u0131ll\u0131 \u0130nterkom ve Ge\u00e7i\u015f Kontrol \u00c7\u00f6z\u00fcmlerimizle Giri\u015f Deneyiminizde Devrim Yarat\u0131n<\/h1>\n<div class=\"container-Uxvbjy md-box-line-break wrapper-GYqxgQ undefined\"><\/div>\n<div class=\"auto-hide-last-sibling-br paragraph-pP9ZLC paragraph-element br-paragraph-space\">G\u00fcn\u00fcm\u00fcz\u00fcn h\u0131zl\u0131 d\u00fcnyas\u0131nda, giri\u015f sistemlerinde g\u00fcvenlik ve rahatl\u0131\u011f\u0131n \u00f6nemi abart\u0131lamaz. \u0130ster apartmanlar, ister villa kompleksleri veya ticari binalar i\u00e7in olsun, geni\u015f ak\u0131ll\u0131 interkom ve ge\u00e7i\u015f kontrol \u00fcr\u00fcnleri yelpazemiz beklentilerinizi kar\u015f\u0131lamak ve a\u015fmak i\u00e7in haz\u0131rlanm\u0131\u015ft\u0131r.<\/div>\n<div class=\"container-Uxvbjy md-box-line-break wrapper-GYqxgQ undefined\"><\/div>\n<div class=\"auto-hide-last-sibling-br paragraph-pP9ZLC paragraph-element br-paragraph-space\">Bizim\u00a0<strong>Ak\u0131ll\u0131 \u0130nterkom<\/strong>\u00a0serisi gibi se\u00e7enekleri kapsamaktad\u0131r.\u00a0<strong>Apartman i\u00e7in Ak\u0131ll\u0131 \u0130nterkom<\/strong>\u00a0ve\u00a0<strong>Apartmanlar i\u00e7in Ak\u0131ll\u0131 \u0130nterkom<\/strong>konut sakini ileti\u015fimini ve g\u00fcvenli\u011fini yeni seviyelere ta\u015f\u0131r. \u0130ki y\u00f6nl\u00fc konu\u015fma (sorunsuz iki y\u00f6nl\u00fc interkom g\u00f6r\u00fc\u015fmelerini kolayla\u015ft\u0131rma) ve video \u00f6zellikleri (a\u015fa\u011f\u0131daki \u00f6rneklerde g\u00f6r\u00fcld\u00fc\u011f\u00fc gibi) gibi \u00f6zelliklerle donat\u0131lm\u0131\u015ft\u0131r\u00a0<strong>kap\u0131 zili kameras\u0131<\/strong>,\u00a0<strong>g\u00f6r\u00fcnt\u00fcl\u00fc interkom<\/strong>ve\u00a0<strong>Ak\u0131ll\u0131 G\u00f6r\u00fcnt\u00fcl\u00fc \u0130nterkom<\/strong>), konut sakinleri eri\u015fime izin vermeden \u00f6nce ziyaret\u00e7ileri zahmetsizce do\u011frulayabilir. Bu\u00a0<strong>7 in\u00e7 Kablolu G\u00f6r\u00fcnt\u00fcl\u00fc \u0130nterkom<\/strong>\u00a0ve\u00a0<strong>10.1 in\u00e7 En \u0130yi Fiyat G\u00f6r\u00fcnt\u00fcl\u00fc Kap\u0131 Telefonu<\/strong>\u00a0net g\u00f6rsel aray\u00fczlere sahiptir ve hi\u00e7bir detay\u0131n g\u00f6zden ka\u00e7mamas\u0131n\u0131 sa\u011flar. Kablosuz rahatl\u0131k isteyenler i\u00e7in\u00a0<strong>Tuya Wifi Ak\u0131ll\u0131 Kap\u0131 Zili<\/strong>\u00a0ve\u00a0<strong>Ev G\u00fcvenli\u011fi Ak\u0131ll\u0131 WIFI G\u00f6rsel Kap\u0131 Telefonu<\/strong>\u00a0ak\u0131ll\u0131 telefonlar arac\u0131l\u0131\u011f\u0131yla uzaktan etkile\u015fim sa\u011flayarak kullan\u0131c\u0131lar\u0131n ziyaret\u00e7ilerle ileti\u015fim kurmas\u0131na ve herhangi bir yerden eri\u015fimi y\u00f6netmesine olanak tan\u0131r.<\/div>\n<div class=\"container-Uxvbjy md-box-line-break wrapper-GYqxgQ undefined\"><\/div>\n<div class=\"auto-hide-last-sibling-br paragraph-pP9ZLC paragraph-element br-paragraph-space\">Geleneksel anahtarlara bizim anahtarlar\u0131m\u0131zla veda edin\u00a0<strong>Anahtars\u0131z giri\u015f<\/strong>\u00a0\u00e7\u00f6z\u00fcmler. Sistemlerimiz, farkl\u0131 tercihlere ve senaryolara uyum sa\u011flamak i\u00e7in \u00e7oklu eri\u015fim y\u00f6ntemlerini desteklemektedir.\u00a0<strong>RFIC Kilit A\u00e7ma<\/strong>\u00a0kay\u0131tl\u0131 kartlarla h\u0131zl\u0131 eri\u015fim sa\u011flar ve telefonunuzdaki NFC i\u015flevini etkinle\u015ftirdi\u011finizde, bir anahtara d\u00f6n\u00fc\u015f\u00fcr, t\u0131pk\u0131\u00a0<strong>Ak\u0131ll\u0131 Kart<\/strong>\u00a0\u00c7\u00f6z\u00fcm. Biyometriyi tercih edenler i\u00e7in geli\u015fmi\u015f sistemlerimiz, y\u00fcz\u00fcn\u00fcz\u00fcn anahtar g\u00f6revi g\u00f6rd\u00fc\u011f\u00fc y\u00fcz tan\u0131ma \u00f6zelli\u011fini entegre edebilir ve hassas kimlik do\u011frulamas\u0131 i\u00e7in en son bilgisayarla g\u00f6rme algoritmalar\u0131ndan yararlanabilir. Ayr\u0131ca, eri\u015fimi esnek bir \u015fekilde y\u00f6netmek i\u00e7in kamu, yerle\u015fik ve ge\u00e7ici PIN se\u00e7enekleri ile PIN kodlar\u0131 da mevcuttur.\u00a0<strong>ge\u00e7i\u0307\u015f kontrol si\u0307stemleri\u0307<\/strong>.<\/div>\n<div class=\"container-Uxvbjy md-box-line-break wrapper-GYqxgQ undefined\"><\/div>\n<div class=\"auto-hide-last-sibling-br paragraph-pP9ZLC paragraph-element br-paragraph-space\">Giri\u015f sistemlerinin \u00e7e\u015fitli \u00e7evresel ko\u015fullara dayanmas\u0131 gerekti\u011finin fark\u0131nday\u0131z. Bizim\u00a0<strong>Su ge\u00e7irmez D\u0131\u015f Mekan Kap\u0131 Zili<\/strong>\u00a0ve\u00a0<strong>Villa i\u00e7in IP65 Kap\u0131 Zili<\/strong>\u00a0ya\u011fmurda, karda veya yo\u011fun g\u00fcne\u015f \u0131\u015f\u0131\u011f\u0131nda g\u00fcvenilir performans sa\u011flayarak hava ko\u015fullar\u0131na dayanacak \u015fekilde \u00fcretilmi\u015ftir. \u0130ster rahat bir apartman dairesi olsun\u00a0<strong>Apartman i\u00e7in Aile Kap\u0131 Zili Kameras\u0131<\/strong>\u00a0veya l\u00fcks bir villa ile\u00a0<strong>IP G\u00f6r\u00fcnt\u00fcl\u00fc \u0130nterkom Sistemi<\/strong>\u00dcr\u00fcnlerimiz her ortama kusursuz bir \u015fekilde uyum sa\u011flarken en \u00fcst d\u00fczey g\u00fcvenlik sunar.<\/div>\n<div class=\"container-Uxvbjy md-box-line-break wrapper-GYqxgQ undefined\"><\/div>\n<div class=\"auto-hide-last-sibling-br paragraph-pP9ZLC paragraph-element br-paragraph-space\">Kimden\u00a0<strong>Kap\u0131 Telefonlar\u0131<\/strong>\u00a0ve\u00a0<strong>Ak\u0131ll\u0131 Kap\u0131 Telefonlar\u0131<\/strong>\u00a0i\u00e7in\u00a0<strong>G\u00f6r\u00fcnt\u00fcl\u00fc Kap\u0131 Telefonu Kiti<\/strong>\u00a0ve\u00a0<strong>7 in\u00e7 AHD G\u00f6r\u00fcnt\u00fcl\u00fc \u0130nterkom Kap\u0131 Zili Sistemi<\/strong>farkl\u0131 ihtiya\u00e7lar\u0131 kar\u015f\u0131lamak i\u00e7in geni\u015f bir \u00fcr\u00fcn yelpazesi sunuyoruz. Bizim\u00a0<strong>Ge\u00e7i\u015f Kontrol Sistemi<\/strong>\u00a0ve\u00a0<strong>Kap\u0131 A\u00e7ma \u0130nterkomu<\/strong>\u00a0daha b\u00fcy\u00fck m\u00fclkler i\u00e7in merkezi y\u00f6netim sa\u011flayarak t\u00fcm sakinler ve yetkili personel i\u00e7in verimli ve g\u00fcvenli eri\u015fim sa\u011flar. \u0130\u015fletmeler i\u00e7in, bizim\u00a0<strong>g\u00fcvenli ak\u0131ll\u0131 dolap<\/strong>\u00a0\u00e7\u00f6z\u00fcmler eri\u015fim kontrol\u00fc ile entegre olarak de\u011ferli e\u015fyalar i\u00e7in ekstra bir g\u00fcvenlik katman\u0131 ekler. Gibi markalar\u00a0<strong>DRSECURE<\/strong>\u00a0kalite ve yenili\u011fi temsil ederek \u00fcr\u00fcnlerimizin teknolojinin en ileri noktas\u0131nda oldu\u011funu garanti eder.<\/div>\n<div class=\"container-Uxvbjy md-box-line-break wrapper-GYqxgQ undefined\"><\/div>\n<div class=\"auto-hide-last-sibling-br paragraph-pP9ZLC paragraph-element br-paragraph-space\">Sonu\u00e7 olarak, ak\u0131ll\u0131 interkom ve ge\u00e7i\u015f kontrol \u00fcr\u00fcnlerimiz sadece kap\u0131lar\u0131 a\u00e7makla ilgili de\u011fildir; sorunsuz, g\u00fcvenli ve ak\u0131ll\u0131 bir giri\u015f deneyimi yaratmakla ilgilidir. \u0130ster ev sahibi, ister m\u00fclk y\u00f6neticisi veya i\u015fletme sahibi olun, \u00e7\u00f6z\u00fcmlerimiz kolayl\u0131k, g\u00fcvenlik ve ki\u015fiselle\u015ftirmenin ideal kombinasyonunu sunar. Ak\u0131ll\u0131 giri\u015f sistemlerimize bug\u00fcn terfi edin ve eri\u015fimin zahmetsiz, g\u00fcvenli\u011fin tavizsiz oldu\u011fu bir gelece\u011fe ad\u0131m at\u0131n.<\/div>","protected":false},"excerpt":{"rendered":"<p>Introducing our cutting &#8211; edge smart door access system! It revolutionizes how you enter your home or building. With face [&hellip;]<\/p>","protected":false},"author":1,"featured_media":9437,"parent":0,"menu_order":0,"comment_status":"closed","ping_status":"closed","template":"","meta":{"site-sidebar-layout":"default","site-content-layout":"","ast-site-content-layout":"default","site-content-style":"default","site-sidebar-style":"default","ast-global-header-display":"","ast-banner-title-visibility":"","ast-main-header-display":"","ast-hfb-above-header-display":"","ast-hfb-below-header-display":"","ast-hfb-mobile-header-display":"","site-post-title":"","ast-breadcrumbs-content":"","ast-featured-img":"","footer-sml-layout":"","theme-transparent-header-meta":"default","adv-header-id-meta":"","stick-header-meta":"default","header-above-stick-meta":"","header-main-stick-meta":"","header-below-stick-meta":"","astra-migrate-meta-layouts":"set","ast-page-background-enabled":"default","ast-page-background-meta":{"desktop":{"background-color":"","background-image":"","background-repeat":"repeat","background-position":"center center","background-size":"auto","background-attachment":"scroll","background-type":"","background-media":"","overlay-type":"","overlay-color":"","overlay-opacity":"","overlay-gradient":""},"tablet":{"background-color":"","background-image":"","background-repeat":"repeat","background-position":"center center","background-size":"auto","background-attachment":"scroll","background-type":"","background-media":"","overlay-type":"","overlay-color":"","overlay-opacity":"","overlay-gradient":""},"mobile":{"background-color":"","background-image":"","background-repeat":"repeat","background-position":"center center","background-size":"auto","background-attachment":"scroll","background-type":"","background-media":"","overlay-type":"","overlay-color":"","overlay-opacity":"","overlay-gradient":""}},"ast-content-background-meta":{"desktop":{"background-color":"var(--ast-global-color-5)","background-image":"","background-repeat":"repeat","background-position":"center center","background-size":"auto","background-attachment":"scroll","background-type":"","background-media":"","overlay-type":"","overlay-color":"","overlay-opacity":"","overlay-gradient":""},"tablet":{"background-color":"var(--ast-global-color-5)","background-image":"","background-repeat":"repeat","background-position":"center center","background-size":"auto","background-attachment":"scroll","background-type":"","background-media":"","overlay-type":"","overlay-color":"","overlay-opacity":"","overlay-gradient":""},"mobile":{"background-color":"var(--ast-global-color-5)","background-image":"","background-repeat":"repeat","background-position":"center center","background-size":"auto","background-attachment":"scroll","background-type":"","background-media":"","overlay-type":"","overlay-color":"","overlay-opacity":"","overlay-gradient":""}},"footnotes":""},"class_list":["post-9436","page","type-page","status-publish","has-post-thumbnail","hentry"],"_links":{"self":[{"href":"https:\/\/securehubtec.com\/tr\/wp-json\/wp\/v2\/pages\/9436","targetHints":{"allow":["GET"]}}],"collection":[{"href":"https:\/\/securehubtec.com\/tr\/wp-json\/wp\/v2\/pages"}],"about":[{"href":"https:\/\/securehubtec.com\/tr\/wp-json\/wp\/v2\/types\/page"}],"author":[{"embeddable":true,"href":"https:\/\/securehubtec.com\/tr\/wp-json\/wp\/v2\/users\/1"}],"replies":[{"embeddable":true,"href":"https:\/\/securehubtec.com\/tr\/wp-json\/wp\/v2\/comments?post=9436"}],"version-history":[{"count":4,"href":"https:\/\/securehubtec.com\/tr\/wp-json\/wp\/v2\/pages\/9436\/revisions"}],"predecessor-version":[{"id":9445,"href":"https:\/\/securehubtec.com\/tr\/wp-json\/wp\/v2\/pages\/9436\/revisions\/9445"}],"wp:featuredmedia":[{"embeddable":true,"href":"https:\/\/securehubtec.com\/tr\/wp-json\/wp\/v2\/media\/9437"}],"wp:attachment":[{"href":"https:\/\/securehubtec.com\/tr\/wp-json\/wp\/v2\/media?parent=9436"}],"curies":[{"name":"wp","href":"https:\/\/api.w.org\/{rel}","templated":true}]}}