{"id":9429,"date":"2025-10-02T00:08:52","date_gmt":"2025-10-01T16:08:52","guid":{"rendered":"https:\/\/securehubtec.com\/?page_id=9429"},"modified":"2025-10-02T00:24:08","modified_gmt":"2025-10-01T16:24:08","slug":"smart-intercom","status":"publish","type":"page","link":"https:\/\/securehubtec.com\/tr\/smart-intercom\/","title":{"rendered":"AKILLI \u0130NTERKOM"},"content":{"rendered":"<p><img fetchpriority=\"high\" decoding=\"async\" class=\"aligncenter size-full wp-image-9431\" src=\"https:\/\/securehubtec.com\/wp-content\/uploads\/2025\/10\/Smart-Video-Intercom-k-1.jpg\" alt=\"\" width=\"1100\" height=\"809\" srcset=\"https:\/\/securehubtec.com\/wp-content\/uploads\/2025\/10\/Smart-Video-Intercom-k-1.jpg 1100w, https:\/\/securehubtec.com\/wp-content\/uploads\/2025\/10\/Smart-Video-Intercom-k-1-300x221.jpg 300w, https:\/\/securehubtec.com\/wp-content\/uploads\/2025\/10\/Smart-Video-Intercom-k-1-1024x753.jpg 1024w, https:\/\/securehubtec.com\/wp-content\/uploads\/2025\/10\/Smart-Video-Intercom-k-1-768x565.jpg 768w, https:\/\/securehubtec.com\/wp-content\/uploads\/2025\/10\/Smart-Video-Intercom-k-1-16x12.jpg 16w, https:\/\/securehubtec.com\/wp-content\/uploads\/2025\/10\/Smart-Video-Intercom-k-1-600x441.jpg 600w\" sizes=\"(max-width: 1100px) 100vw, 1100px\" \/><br \/>\n<em><strong>AYARLAR <\/strong><\/em><\/p>\n<p><strong><span style=\"color: #ffcc99;\">Ak\u0131ll\u0131 Kontrol Paneli <\/span><\/strong><\/p>\n<p>Wi-Fi \u00fczerinden ev a\u011f\u0131na Ethernet eri\u015fimi.<\/p>\n<p>Ana sayfan\u0131n \u00fcst k\u0131sm\u0131ndan a\u015fa\u011f\u0131 \u00e7ekin ve \"Ayarlar\" - \"Bina \u0130nterkomu \"na t\u0131klay\u0131n. Statik IP anahtar\u0131: A\u00e7\u0131n. Ayarlamak<\/p>\n<p>Statik IP: 192.168.1.10 (Otomatik olarak ald\u0131ktan sonra statik IP anahtar\u0131n\u0131 a\u00e7\u0131n) Yerel numara: 999-999 (Oda 999, Birim 999).<\/p>\n<p><strong><span style=\"color: #ffcc99;\">D\u0131\u015f Mekan \u0130stasyonu\uff1a<\/span><\/strong><\/p>\n<p>Yetkili yaz\u0131l\u0131m\u0131n Tuya LAN SIP protokol\u00fcn\u00fc destekledi\u011fini onaylay\u0131n.<\/p>\n<p>Ethernet veya Wi-Fi \u00fczerinden ev a\u011f\u0131na ba\u011flan\u0131n.<\/p>\n<p>Paneller farkl\u0131 oda numaralar\u0131na ayarlanabilir ve \u00c7a\u011fr\u0131 \u0130stasyonu farkl\u0131 oda numaras\u0131 girerek arama yapar.<\/p>\n<p><strong><span style=\"color: #ffcc99;\">\u00d6rne\u011fin: <\/span><\/strong><\/p>\n<p>Ad\u0131m 1: 1# Tuya Panel i\u00e7in 31-101 olarak ayarlay\u0131n, 2# Tuya Panel i\u00e7in 31-201 olarak ayarlay\u0131n.<\/p>\n<p>Ad\u0131m 2: \u00c7a\u011fr\u0131 \u0130stasyonu - Oda Ayarlar\u0131 - Oda Ekle 31-101 ve Oda 31-201'e s\u0131ras\u0131yla gidin.<\/p>\n<p><em><strong>\u00d6ZELL\u0130KLER <\/strong><\/em><\/p>\n<p>G\u00f6r\u00fcnt\u00fcl\u00fc Arama: \u0130stasyon, ak\u0131ll\u0131 kontrol paneli ile g\u00f6r\u00fcnt\u00fcl\u00fc arama ba\u015flatabilir\/yapabilir.<\/p>\n<p>Siri(iOS): Ses kontrol\u00fc ile kap\u0131y\u0131 a\u00e7\u0131n.<\/p>\n<p>K\u0131sayollar (iOS): Ko\u015fmak i\u00e7in Dokun.<\/p>\n<p>Kap\u0131y\u0131 a\u00e7\u0131n: Bir IC kart\u0131\/NFC tarayarak veya Kullan\u0131c\u0131n\u0131n PIN Kodunu girerek veya Y\u00fcz tan\u0131ma ile<\/p>\n<p>Sahne: Tap-to-Run'\u0131 ba\u015flatmak i\u00e7in sahne olu\u015fturun.<\/p>\n<p>\u00c7\u0131k\u0131\u015f: 1 yollu kuru kontak.<\/p>\n<p>Asans\u00f6r ba\u011flant\u0131s\u0131 veya bir asans\u00f6r \u00e7a\u011f\u0131r\u0131n.<\/p>\n<div class=\"auto-hide-last-sibling-br paragraph-pP9ZLC paragraph-element br-paragraph-space\">Alan\u0131n\u0131z\u0131 bizim ile y\u00fckseltin\u00a0<strong>AKILLI \u0130NTERKOM<\/strong>-G\u00fcvenlik, rahatl\u0131k ve ak\u0131ll\u0131 teknolojinin en \u00fcst d\u00fczey kar\u0131\u015f\u0131m\u0131. Art\u0131k ziyaret\u00e7ileri kontrol etmek i\u00e7in kap\u0131ya ko\u015fmak yok: bu sistem, net bir dokunmatik ekran veya ak\u0131ll\u0131 telefonunuz arac\u0131l\u0131\u011f\u0131yla konuklar\u0131 ger\u00e7ek zamanl\u0131 olarak g\u00f6rmenizi, duyman\u0131z\u0131 ve onlarla konu\u015fman\u0131z\u0131 sa\u011flar. \u0130ster oturma odas\u0131nda, ister i\u015fte veya seyahatte olun, kontrol sizde olsun; bir daha asla bir teslimat\u0131, bir arkada\u015f\u0131n\u0131z\u0131 veya \u00f6nemli bir ziyaret\u00e7iyi ka\u00e7\u0131rmay\u0131n.<\/div>\n<div class=\"container-Uxvbjy md-box-line-break wrapper-GYqxgQ undefined\"><\/div>\n<div class=\"auto-hide-last-sibling-br paragraph-pP9ZLC paragraph-element br-paragraph-space\">Her senaryo i\u00e7in tasarlanan bu \u00fcr\u00fcn evlere, apartmanlara ve k\u00fc\u00e7\u00fck i\u015fletmelere sorunsuz bir \u015fekilde uyar. \u00c7ok \u00fcniteli binalar i\u00e7in \u00fcniteler ve lobiler aras\u0131nda net ileti\u015fimi destekler; tek evler i\u00e7in, kilidi a\u00e7madan \u00f6nce ziyaret\u00e7ileri do\u011frulaman\u0131za izin vererek bir g\u00fcvenlik katman\u0131 ekler. Ayr\u0131ca ak\u0131ll\u0131 kilitlerle e\u015fle\u015fir, b\u00f6ylece bir dokunu\u015fla ailenize, temizlik\u00e7ilere veya y\u00fcklenicilere uzaktan eri\u015fim izni verebilirsiniz - art\u0131k anahtarlar\u0131 saklamak veya beklemek yok.<\/div>\n<div class=\"container-Uxvbjy md-box-line-break wrapper-GYqxgQ undefined\"><\/div>\n<div class=\"auto-hide-last-sibling-br paragraph-pP9ZLC paragraph-element br-paragraph-space\">Uzun \u00f6m\u00fcrl\u00fc olmas\u0131 i\u00e7in \u00fcretilen SMART INTERCOM, her t\u00fcrl\u00fc hava ko\u015fulunda g\u00fcvenilir bir \u015fekilde \u00e7al\u0131\u015f\u0131r ve mesai sonras\u0131 netlik i\u00e7in gece g\u00f6r\u00fc\u015f\u00fc sunar. Kurulumu kolayd\u0131r ve her ya\u015ftan ki\u015finin kullanabilece\u011fi sezgisel bir uygulama ile mevcut WiFi a\u011f\u0131n\u0131za dakikalar i\u00e7inde ba\u011flan\u0131r. Modas\u0131 ge\u00e7mi\u015f interkomlardan kurtulun; sizi g\u00fcvende tutan, zaman kazand\u0131ran ve ya\u015fam tarz\u0131n\u0131za uyan bir sistemi benimseyin. Bu sadece bir interkom de\u011fil; alan\u0131n\u0131z\u0131 y\u00f6netmenin daha ak\u0131ll\u0131 bir yolu.<\/div>","protected":false},"excerpt":{"rendered":"<p>SETTINGS Smart Control Panel Ethernet access to the home network via Wi-Fi. Pull down from the top of the home [&hellip;]<\/p>","protected":false},"author":1,"featured_media":9430,"parent":0,"menu_order":0,"comment_status":"closed","ping_status":"closed","template":"","meta":{"site-sidebar-layout":"default","site-content-layout":"","ast-site-content-layout":"default","site-content-style":"default","site-sidebar-style":"default","ast-global-header-display":"","ast-banner-title-visibility":"","ast-main-header-display":"","ast-hfb-above-header-display":"","ast-hfb-below-header-display":"","ast-hfb-mobile-header-display":"","site-post-title":"","ast-breadcrumbs-content":"","ast-featured-img":"","footer-sml-layout":"","theme-transparent-header-meta":"default","adv-header-id-meta":"","stick-header-meta":"default","header-above-stick-meta":"","header-main-stick-meta":"","header-below-stick-meta":"","astra-migrate-meta-layouts":"set","ast-page-background-enabled":"default","ast-page-background-meta":{"desktop":{"background-color":"","background-image":"","background-repeat":"repeat","background-position":"center center","background-size":"auto","background-attachment":"scroll","background-type":"","background-media":"","overlay-type":"","overlay-color":"","overlay-opacity":"","overlay-gradient":""},"tablet":{"background-color":"","background-image":"","background-repeat":"repeat","background-position":"center center","background-size":"auto","background-attachment":"scroll","background-type":"","background-media":"","overlay-type":"","overlay-color":"","overlay-opacity":"","overlay-gradient":""},"mobile":{"background-color":"","background-image":"","background-repeat":"repeat","background-position":"center center","background-size":"auto","background-attachment":"scroll","background-type":"","background-media":"","overlay-type":"","overlay-color":"","overlay-opacity":"","overlay-gradient":""}},"ast-content-background-meta":{"desktop":{"background-color":"var(--ast-global-color-5)","background-image":"","background-repeat":"repeat","background-position":"center center","background-size":"auto","background-attachment":"scroll","background-type":"","background-media":"","overlay-type":"","overlay-color":"","overlay-opacity":"","overlay-gradient":""},"tablet":{"background-color":"var(--ast-global-color-5)","background-image":"","background-repeat":"repeat","background-position":"center center","background-size":"auto","background-attachment":"scroll","background-type":"","background-media":"","overlay-type":"","overlay-color":"","overlay-opacity":"","overlay-gradient":""},"mobile":{"background-color":"var(--ast-global-color-5)","background-image":"","background-repeat":"repeat","background-position":"center center","background-size":"auto","background-attachment":"scroll","background-type":"","background-media":"","overlay-type":"","overlay-color":"","overlay-opacity":"","overlay-gradient":""}},"footnotes":""},"class_list":["post-9429","page","type-page","status-publish","has-post-thumbnail","hentry"],"_links":{"self":[{"href":"https:\/\/securehubtec.com\/tr\/wp-json\/wp\/v2\/pages\/9429","targetHints":{"allow":["GET"]}}],"collection":[{"href":"https:\/\/securehubtec.com\/tr\/wp-json\/wp\/v2\/pages"}],"about":[{"href":"https:\/\/securehubtec.com\/tr\/wp-json\/wp\/v2\/types\/page"}],"author":[{"embeddable":true,"href":"https:\/\/securehubtec.com\/tr\/wp-json\/wp\/v2\/users\/1"}],"replies":[{"embeddable":true,"href":"https:\/\/securehubtec.com\/tr\/wp-json\/wp\/v2\/comments?post=9429"}],"version-history":[{"count":2,"href":"https:\/\/securehubtec.com\/tr\/wp-json\/wp\/v2\/pages\/9429\/revisions"}],"predecessor-version":[{"id":9434,"href":"https:\/\/securehubtec.com\/tr\/wp-json\/wp\/v2\/pages\/9429\/revisions\/9434"}],"wp:featuredmedia":[{"embeddable":true,"href":"https:\/\/securehubtec.com\/tr\/wp-json\/wp\/v2\/media\/9430"}],"wp:attachment":[{"href":"https:\/\/securehubtec.com\/tr\/wp-json\/wp\/v2\/media?parent=9429"}],"curies":[{"name":"wp","href":"https:\/\/api.w.org\/{rel}","templated":true}]}}