{"id":9423,"date":"2025-10-01T23:48:52","date_gmt":"2025-10-01T15:48:52","guid":{"rendered":"https:\/\/securehubtec.com\/?page_id=9423"},"modified":"2025-10-01T23:50:14","modified_gmt":"2025-10-01T15:50:14","slug":"smart-apartment-solution","status":"publish","type":"page","link":"https:\/\/securehubtec.com\/tr\/smart-apartment-solution\/","title":{"rendered":"Ak\u0131ll\u0131 Daire \u00c7\u00f6z\u00fcm\u00fc"},"content":{"rendered":"<p><em><strong>\u00c7al\u0131\u015fmak i\u00e7in internet ba\u011flant\u0131s\u0131 gerekir <\/strong><\/em><\/p>\n<p><strong><span style=\"color: #ffcc00;\">Tuya Home<\/span>\u00a0<\/strong> \u00a0 \u00a0 \u00a0Ziyaret\u00e7ilerin farkl\u0131 hanelerin Tuya uygulamas\u0131n\u0131 aramas\u0131na izin verir. (1000 haneye kadar destekler) <strong><span style=\"color: #ffcc00;\">Apple Ev Kiti\u00a0<\/span><\/strong> \u00a0 \u00a0 \u00a0Kap\u0131y\u0131 a\u00e7mak i\u00e7in Hey Siri<\/p>\n<p><em><strong>\u0130nternet olmadan \u00e7al\u0131\u015fmak <\/strong><\/em><\/p>\n<p><strong><span style=\"color: #ffcc00;\">G\u00fcvenlik Monit\u00f6r\u00fc\u00a0<\/span><\/strong> \u00a0 \u00a0 \u00a0 \u00a0 \u00a0 Genellikle g\u00f6zetim ama\u00e7l\u0131 monit\u00f6r olarak kullan\u0131l\u0131r Ger\u00e7ek zamanl\u0131 g\u00f6zetim g\u00f6r\u00fcnt\u00fclerini 4 b\u00f6l\u00fcnm\u00fc\u015f ekranda, 16 IP Kameraya kadar g\u00f6r\u00fcnt\u00fcleyin<\/p>\n<p><strong><span style=\"color: #ffcc00;\">Aramak i\u00e7in tek dokunu\u015f\u00a0<\/span> <\/strong>\u00a0 \u00a0 \u00a0 \u00a0 \u00a0<span style=\"font-size: 16px;\">Ziyaret\u00e7ilere m\u00fckemmel bir kullan\u0131c\u0131 deneyimi sunar <\/span><\/p>\n<p><span style=\"font-size: 16px;\"><strong><span style=\"color: #ffcc00;\">\u0130nterkom\u00a0<\/span><\/strong> \u00a0 \u00a0 \u00a0 \u00a0 \u00a0 2 y\u00f6nl\u00fc sesli\/g\u00f6r\u00fcnt\u00fcl\u00fc interkom. Monit\u00f6rden istasyona, monit\u00f6rden monit\u00f6re, istasyondan istasyona<\/span><\/p>\n<p><span style=\"font-size: 16px;\"><strong><span style=\"color: #ffcc00;\">Eri\u015fim<\/span>\u00a0<\/strong> \u00a0 \u00a0 \u00a0 \u00a0 Kap\u0131 kilidini a\u00e7mak i\u00e7in IC Kart\/NFC\/PIN\/ \u0130\u00e7 Mekan Monit\u00f6r\u00fc\/Ak\u0131ll\u0131 Uygulamay\u0131 kayd\u0131r\u0131n <\/span><\/p>\n<p><strong><span style=\"font-size: 16px; color: #ffcc00;\">Reklam G\u00f6r\u00fcnt\u00fcleme Resim veya video reklamlar arac\u0131l\u0131\u011f\u0131yla d\u00f6ng\u00fc<\/span><\/strong><\/p>\n<p><img fetchpriority=\"high\" decoding=\"async\" class=\"aligncenter size-full wp-image-9425\" src=\"https:\/\/securehubtec.com\/wp-content\/uploads\/2025\/10\/Smart-Video-Intercom-j-1.jpg\" alt=\"\" width=\"1100\" height=\"737\" srcset=\"https:\/\/securehubtec.com\/wp-content\/uploads\/2025\/10\/Smart-Video-Intercom-j-1.jpg 1100w, https:\/\/securehubtec.com\/wp-content\/uploads\/2025\/10\/Smart-Video-Intercom-j-1-300x201.jpg 300w, https:\/\/securehubtec.com\/wp-content\/uploads\/2025\/10\/Smart-Video-Intercom-j-1-1024x686.jpg 1024w, https:\/\/securehubtec.com\/wp-content\/uploads\/2025\/10\/Smart-Video-Intercom-j-1-768x515.jpg 768w, https:\/\/securehubtec.com\/wp-content\/uploads\/2025\/10\/Smart-Video-Intercom-j-1-18x12.jpg 18w, https:\/\/securehubtec.com\/wp-content\/uploads\/2025\/10\/Smart-Video-Intercom-j-1-600x402.jpg 600w\" sizes=\"(max-width: 1100px) 100vw, 1100px\" \/><\/p>\n<ol class=\"auto-hide-last-sibling-br\">\n<li>\n<div class=\"auto-hide-last-sibling-br paragraph-pP9ZLC paragraph-element br-paragraph-space\">Kar\u015f\u0131n\u0131zda bizim\u00a0<strong>Ak\u0131ll\u0131 Daire \u00c7\u00f6z\u00fcm\u00fc<\/strong>-\u00c7ok birimli binalar i\u00e7in ba\u011flant\u0131 ve i\u015flevselli\u011fi dengeleyen bir oyun de\u011fi\u015ftirici. \u0130nternete ba\u011fland\u0131\u011f\u0131nda, a\u015fa\u011f\u0131dakilerle sorunsuz bir \u015fekilde entegre olur\u00a0<strong>Tuya Home<\/strong>\u00a0ve\u00a0<strong>Apple Ev Kiti<\/strong>: Tuya'n\u0131n ekosistemi, ziyaret\u00e7ilerin 1000 haneye kadar Tuya uygulamas\u0131n\u0131 aramas\u0131na izin vererek hi\u00e7bir sakinin bir ziyaret\u00e7iyi ka\u00e7\u0131rmamas\u0131n\u0131 sa\u011flarken, Apple kullan\u0131c\u0131lar\u0131 eller serbest eri\u015fim i\u00e7in sadece \"Hey Siri kap\u0131y\u0131 a\u00e7\" diyebilir. Ses kontrol\u00fcn\u00fcn \u00f6tesinde, \u00e7e\u015fitli kilit a\u00e7ma y\u00f6ntemlerini destekler: IC Kart\u0131n\u0131 kayd\u0131r\u0131n, NFC kullan\u0131n, bir PIN girin, i\u00e7 mekan monit\u00f6r\u00fcne dokunun veya ak\u0131ll\u0131 uygulama arac\u0131l\u0131\u011f\u0131yla \u00e7al\u0131\u015ft\u0131r\u0131n; t\u00fcm sakinlerin tercihlerine hitap eder ve giri\u015fi h\u0131zl\u0131 ve sorunsuz hale getirir.<\/div>\n<\/li>\n<li>\n<div class=\"auto-hide-last-sibling-br paragraph-pP9ZLC paragraph-element br-paragraph-space\">Bu \u00e7\u00f6z\u00fcm\u00fc di\u011ferlerinden ay\u0131ran \u015fey g\u00fcvenilirli\u011fidir\u00a0<strong>\u0130nternet olmadan \u00e7al\u0131\u015fmak<\/strong>\u00a0Hem de \u00e7ok. Yerle\u015fik\u00a0<strong>G\u00fcvenlik Monit\u00f6r\u00fc<\/strong>\u00a0g\u00fc\u00e7l\u00fc bir g\u00f6zetim merkezine d\u00f6n\u00fc\u015f\u00fcr: ger\u00e7ek zamanl\u0131 g\u00f6r\u00fcnt\u00fcleri 4 b\u00f6lmeli bir ekranda g\u00f6r\u00fcnt\u00fcler ve lobilerden koridorlara kadar apartman kompleksinin her k\u00f6\u015fesini kapsayan 16 adede kadar IP Kameray\u0131 destekler. \u00c7evrimd\u0131\u015f\u0131 olsa bile\u00a0<strong>2 y\u00f6nl\u00fc sesli\/g\u00f6r\u00fcnt\u00fcl\u00fc interkom<\/strong>\u00a0kusursuz \u00e7al\u0131\u015f\u0131r: monit\u00f6rden istasyona, monit\u00f6rden monit\u00f6re ve istasyondan istasyona ileti\u015fim, sakinlerin, personelin ve ziyaret\u00e7ilerin ba\u011flant\u0131da kalmas\u0131n\u0131 sa\u011flar. Ayr\u0131ca\u00a0<strong>Aramak i\u00e7in tek dokunu\u015f<\/strong>\u00a0\u00f6zelli\u011fi ziyaret\u00e7ilere sezgisel bir deneyim sunarak kafa kar\u0131\u015f\u0131kl\u0131\u011f\u0131n\u0131 ortadan kald\u0131r\u0131yor ve sakinlerle etkile\u015fimleri kolayla\u015ft\u0131r\u0131yor.<\/div>\n<\/li>\n<li>\n<div class=\"auto-hide-last-sibling-br paragraph-pP9ZLC paragraph-element br-paragraph-space\">Bu \u00e7\u00f6z\u00fcm sadece g\u00fcvenlikle ilgili de\u011fildir; m\u00fclk y\u00f6neticileri i\u00e7in de pratik de\u011fer katar. Bu \u00e7\u00f6z\u00fcm\u00a0<strong>Reklam Ekran\u0131<\/strong>\u00a0i\u015flevi, g\u00f6r\u00fcnt\u00fc veya video reklamlar aras\u0131nda ge\u00e7i\u015f yaparak i\u00e7 mekan monit\u00f6r\u00fcn\u00fc gelir getiren bir araca d\u00f6n\u00fc\u015ft\u00fcr\u00fcrken yararl\u0131 bilgileri (topluluk bildirimleri gibi) bina sakinleriyle payla\u015f\u0131r. \u0130ster \u00e7evrimi\u00e7i ister \u00e7evrimd\u0131\u015f\u0131 olsun, b\u00fcy\u00fck apartman binalar\u0131n\u0131n ihtiya\u00e7lar\u0131na uyum sa\u011flar: 1000 haneyi destekler, esnek eri\u015fim sunar ve 7\/24 g\u00f6zetim sa\u011flar. Apartman sakinlerinin deneyimini ve operasyonel verimlili\u011fi art\u0131rmak isteyen m\u00fclk geli\u015ftiricileri ve y\u00f6neticileri i\u00e7in Ak\u0131ll\u0131 Apartman \u00c7\u00f6z\u00fcm\u00fcm\u00fcz, ak\u0131ll\u0131 teknoloji, g\u00fcvenilirlik ve \u00e7ok y\u00f6nl\u00fcl\u00fc\u011f\u00fc bir araya getiren hepsi bir arada bir \u00e7\u00f6z\u00fcmd\u00fcr.<\/div>\n<\/li>\n<\/ol>","protected":false},"excerpt":{"rendered":"<p>Requires an Internet connection to work Tuya Home\u00a0 \u00a0 \u00a0 \u00a0Allows visitors to call Tuya app of different households. (supporting [&hellip;]<\/p>","protected":false},"author":1,"featured_media":9424,"parent":0,"menu_order":0,"comment_status":"closed","ping_status":"closed","template":"","meta":{"site-sidebar-layout":"default","site-content-layout":"","ast-site-content-layout":"default","site-content-style":"default","site-sidebar-style":"default","ast-global-header-display":"","ast-banner-title-visibility":"","ast-main-header-display":"","ast-hfb-above-header-display":"","ast-hfb-below-header-display":"","ast-hfb-mobile-header-display":"","site-post-title":"","ast-breadcrumbs-content":"","ast-featured-img":"","footer-sml-layout":"","theme-transparent-header-meta":"default","adv-header-id-meta":"","stick-header-meta":"default","header-above-stick-meta":"","header-main-stick-meta":"","header-below-stick-meta":"","astra-migrate-meta-layouts":"set","ast-page-background-enabled":"default","ast-page-background-meta":{"desktop":{"background-color":"","background-image":"","background-repeat":"repeat","background-position":"center center","background-size":"auto","background-attachment":"scroll","background-type":"","background-media":"","overlay-type":"","overlay-color":"","overlay-opacity":"","overlay-gradient":""},"tablet":{"background-color":"","background-image":"","background-repeat":"repeat","background-position":"center center","background-size":"auto","background-attachment":"scroll","background-type":"","background-media":"","overlay-type":"","overlay-color":"","overlay-opacity":"","overlay-gradient":""},"mobile":{"background-color":"","background-image":"","background-repeat":"repeat","background-position":"center center","background-size":"auto","background-attachment":"scroll","background-type":"","background-media":"","overlay-type":"","overlay-color":"","overlay-opacity":"","overlay-gradient":""}},"ast-content-background-meta":{"desktop":{"background-color":"var(--ast-global-color-5)","background-image":"","background-repeat":"repeat","background-position":"center center","background-size":"auto","background-attachment":"scroll","background-type":"","background-media":"","overlay-type":"","overlay-color":"","overlay-opacity":"","overlay-gradient":""},"tablet":{"background-color":"var(--ast-global-color-5)","background-image":"","background-repeat":"repeat","background-position":"center center","background-size":"auto","background-attachment":"scroll","background-type":"","background-media":"","overlay-type":"","overlay-color":"","overlay-opacity":"","overlay-gradient":""},"mobile":{"background-color":"var(--ast-global-color-5)","background-image":"","background-repeat":"repeat","background-position":"center center","background-size":"auto","background-attachment":"scroll","background-type":"","background-media":"","overlay-type":"","overlay-color":"","overlay-opacity":"","overlay-gradient":""}},"footnotes":""},"class_list":["post-9423","page","type-page","status-publish","has-post-thumbnail","hentry"],"_links":{"self":[{"href":"https:\/\/securehubtec.com\/tr\/wp-json\/wp\/v2\/pages\/9423","targetHints":{"allow":["GET"]}}],"collection":[{"href":"https:\/\/securehubtec.com\/tr\/wp-json\/wp\/v2\/pages"}],"about":[{"href":"https:\/\/securehubtec.com\/tr\/wp-json\/wp\/v2\/types\/page"}],"author":[{"embeddable":true,"href":"https:\/\/securehubtec.com\/tr\/wp-json\/wp\/v2\/users\/1"}],"replies":[{"embeddable":true,"href":"https:\/\/securehubtec.com\/tr\/wp-json\/wp\/v2\/comments?post=9423"}],"version-history":[{"count":2,"href":"https:\/\/securehubtec.com\/tr\/wp-json\/wp\/v2\/pages\/9423\/revisions"}],"predecessor-version":[{"id":9428,"href":"https:\/\/securehubtec.com\/tr\/wp-json\/wp\/v2\/pages\/9423\/revisions\/9428"}],"wp:featuredmedia":[{"embeddable":true,"href":"https:\/\/securehubtec.com\/tr\/wp-json\/wp\/v2\/media\/9424"}],"wp:attachment":[{"href":"https:\/\/securehubtec.com\/tr\/wp-json\/wp\/v2\/media?parent=9423"}],"curies":[{"name":"wp","href":"https:\/\/api.w.org\/{rel}","templated":true}]}}