{"id":9416,"date":"2025-10-01T23:27:18","date_gmt":"2025-10-01T15:27:18","guid":{"rendered":"https:\/\/securehubtec.com\/?page_id=9416"},"modified":"2025-10-01T23:28:37","modified_gmt":"2025-10-01T15:28:37","slug":"smart-doorbell-camera-works-with-tuya","status":"publish","type":"page","link":"https:\/\/securehubtec.com\/tr\/smart-doorbell-camera-works-with-tuya\/","title":{"rendered":"Ak\u0131ll\u0131 Kap\u0131 Zili Kameras\u0131 TUYA ile \u00e7al\u0131\u015f\u0131r"},"content":{"rendered":"<p>Ak\u0131ll\u0131 Kap\u0131 Zili Kameram\u0131z, en iyi k\u00fcresel IoT platformu olan TUYA ile \u00e7al\u0131\u015f\u0131r ve mevcut ak\u0131ll\u0131 ev cihazlar\u0131n\u0131zla zahmetsizce senkronize etmenizi sa\u011flar. TUYA uygulamas\u0131 arac\u0131l\u0131\u011f\u0131yla, ger\u00e7ek zamanl\u0131 HD video ak\u0131\u015flar\u0131 elde edersiniz - ister i\u015fte ister seyahatte olun, telefonunuzdan kap\u0131da kimin oldu\u011funu kontrol edin. TUYA'n\u0131n ekosistemiyle sorunsuz bir \u015fekilde entegre olur, b\u00f6ylece tamamen ba\u011fl\u0131 bir ev i\u00e7in ak\u0131ll\u0131 \u0131\u015f\u0131klara veya kilitlere ba\u011flayabilirsiniz. Bu uyumluluk, kurulum s\u00fcresini k\u0131saltarak ak\u0131ll\u0131 teknolojide yeni olsan\u0131z bile herkesin kullan\u0131m\u0131n\u0131 kolayla\u015ft\u0131r\u0131r.<\/p>\n<p><img fetchpriority=\"high\" decoding=\"async\" class=\"aligncenter size-full wp-image-9419\" src=\"https:\/\/securehubtec.com\/wp-content\/uploads\/2025\/10\/Smart-Video-Intercom-h-1.jpg\" alt=\"\" width=\"1196\" height=\"780\" srcset=\"https:\/\/securehubtec.com\/wp-content\/uploads\/2025\/10\/Smart-Video-Intercom-h-1.jpg 1196w, https:\/\/securehubtec.com\/wp-content\/uploads\/2025\/10\/Smart-Video-Intercom-h-1-300x196.jpg 300w, https:\/\/securehubtec.com\/wp-content\/uploads\/2025\/10\/Smart-Video-Intercom-h-1-1024x668.jpg 1024w, https:\/\/securehubtec.com\/wp-content\/uploads\/2025\/10\/Smart-Video-Intercom-h-1-768x501.jpg 768w, https:\/\/securehubtec.com\/wp-content\/uploads\/2025\/10\/Smart-Video-Intercom-h-1-18x12.jpg 18w, https:\/\/securehubtec.com\/wp-content\/uploads\/2025\/10\/Smart-Video-Intercom-h-1-600x391.jpg 600w\" sizes=\"(max-width: 1196px) 100vw, 1196px\" \/>TUYA entegrasyonunun \u00f6tesinde, bu kap\u0131 zili kameras\u0131 1080P HD netli\u011fiyle parl\u0131yor; gece g\u00f6r\u00fc\u015f\u00fc sayesinde g\u00fcnd\u00fcz veya gece her ayr\u0131nt\u0131y\u0131 yakalay\u0131n. \u0130ki y\u00f6nl\u00fc konu\u015fma \u00f6zelli\u011fi, ziyaret\u00e7ilerle net bir \u015fekilde sohbet etmenizi sa\u011flar; teslimat personeline paketleri nereye b\u0131rakacaklar\u0131n\u0131 s\u00f6yleyin veya arkada\u015flar\u0131n\u0131z\u0131 uzaktan selamlay\u0131n. Kablolu WiFi tasar\u0131m\u0131 istikrarl\u0131 ba\u011flant\u0131 sa\u011flar, b\u00f6ylece hi\u00e7bir uyar\u0131y\u0131 ka\u00e7\u0131rmazs\u0131n\u0131z. Hareket alg\u0131lama \u00f6zelli\u011fi an\u0131nda uygulama bildirimleri g\u00f6ndererek ola\u011fand\u0131\u015f\u0131 hareketleri h\u0131zl\u0131 bir \u015fekilde tespit etmenize ve evinizi g\u00fcvende tutman\u0131za yard\u0131mc\u0131 olur.<br \/>\n<img decoding=\"async\" class=\"aligncenter size-full wp-image-9420 lazyload\" data-src=\"https:\/\/securehubtec.com\/wp-content\/uploads\/2025\/10\/Smart-Video-Intercom-i-1.jpg\" alt=\"\" width=\"1200\" height=\"804\" data-srcset=\"https:\/\/securehubtec.com\/wp-content\/uploads\/2025\/10\/Smart-Video-Intercom-i-1.jpg 1200w, https:\/\/securehubtec.com\/wp-content\/uploads\/2025\/10\/Smart-Video-Intercom-i-1-300x201.jpg 300w, https:\/\/securehubtec.com\/wp-content\/uploads\/2025\/10\/Smart-Video-Intercom-i-1-1024x686.jpg 1024w, https:\/\/securehubtec.com\/wp-content\/uploads\/2025\/10\/Smart-Video-Intercom-i-1-768x515.jpg 768w, https:\/\/securehubtec.com\/wp-content\/uploads\/2025\/10\/Smart-Video-Intercom-i-1-18x12.jpg 18w, https:\/\/securehubtec.com\/wp-content\/uploads\/2025\/10\/Smart-Video-Intercom-i-1-600x402.jpg 600w\" data-sizes=\"(max-width: 1200px) 100vw, 1200px\" src=\"data:image\/svg+xml;base64,PHN2ZyB3aWR0aD0iMSIgaGVpZ2h0PSIxIiB4bWxucz0iaHR0cDovL3d3dy53My5vcmcvMjAwMC9zdmciPjwvc3ZnPg==\" style=\"--smush-placeholder-width: 1200px; --smush-placeholder-aspect-ratio: 1200\/804;\" \/><br \/>\nEvler ve apartmanlar i\u00e7in ideal olan bu TUYA \u00f6zellikli kap\u0131 zili kameras\u0131 g\u00fcvenli\u011fi art\u0131r\u0131r ve kolayl\u0131k sa\u011flar. Kurulumu kolayd\u0131r, karma\u015f\u0131k aletler olmadan \u00e7o\u011fu kap\u0131 \u00e7er\u00e7evesine uyar. Dayan\u0131kl\u0131 yap\u0131s\u0131 ya\u011fmur, kar ve g\u00fcne\u015fe kar\u015f\u0131 dayan\u0131kl\u0131d\u0131r ve her t\u00fcrl\u00fc hava ko\u015fulunda iyi \u00e7al\u0131\u015f\u0131r. G\u00fcvenilir, ak\u0131ll\u0131 bir kap\u0131 zili isteyen herkes i\u00e7in bu model, g\u00fcnl\u00fck hayat\u0131n\u0131z\u0131 iyile\u015ftiren tek bir cihazda TUYA uyumlulu\u011fu, harika \u00f6zellikler ve g\u00f6n\u00fcl rahatl\u0131\u011f\u0131 sunar.<\/p>","protected":false},"excerpt":{"rendered":"<p>Our Smart Doorbell Camera works with TUYA, a top global IoT platform, letting you sync it with your existing smart [&hellip;]<\/p>","protected":false},"author":1,"featured_media":9417,"parent":0,"menu_order":0,"comment_status":"closed","ping_status":"closed","template":"","meta":{"site-sidebar-layout":"default","site-content-layout":"","ast-site-content-layout":"default","site-content-style":"default","site-sidebar-style":"default","ast-global-header-display":"","ast-banner-title-visibility":"","ast-main-header-display":"","ast-hfb-above-header-display":"","ast-hfb-below-header-display":"","ast-hfb-mobile-header-display":"","site-post-title":"","ast-breadcrumbs-content":"","ast-featured-img":"","footer-sml-layout":"","theme-transparent-header-meta":"default","adv-header-id-meta":"","stick-header-meta":"default","header-above-stick-meta":"","header-main-stick-meta":"","header-below-stick-meta":"","astra-migrate-meta-layouts":"set","ast-page-background-enabled":"default","ast-page-background-meta":{"desktop":{"background-color":"","background-image":"","background-repeat":"repeat","background-position":"center center","background-size":"auto","background-attachment":"scroll","background-type":"","background-media":"","overlay-type":"","overlay-color":"","overlay-opacity":"","overlay-gradient":""},"tablet":{"background-color":"","background-image":"","background-repeat":"repeat","background-position":"center center","background-size":"auto","background-attachment":"scroll","background-type":"","background-media":"","overlay-type":"","overlay-color":"","overlay-opacity":"","overlay-gradient":""},"mobile":{"background-color":"","background-image":"","background-repeat":"repeat","background-position":"center center","background-size":"auto","background-attachment":"scroll","background-type":"","background-media":"","overlay-type":"","overlay-color":"","overlay-opacity":"","overlay-gradient":""}},"ast-content-background-meta":{"desktop":{"background-color":"var(--ast-global-color-5)","background-image":"","background-repeat":"repeat","background-position":"center center","background-size":"auto","background-attachment":"scroll","background-type":"","background-media":"","overlay-type":"","overlay-color":"","overlay-opacity":"","overlay-gradient":""},"tablet":{"background-color":"var(--ast-global-color-5)","background-image":"","background-repeat":"repeat","background-position":"center center","background-size":"auto","background-attachment":"scroll","background-type":"","background-media":"","overlay-type":"","overlay-color":"","overlay-opacity":"","overlay-gradient":""},"mobile":{"background-color":"var(--ast-global-color-5)","background-image":"","background-repeat":"repeat","background-position":"center center","background-size":"auto","background-attachment":"scroll","background-type":"","background-media":"","overlay-type":"","overlay-color":"","overlay-opacity":"","overlay-gradient":""}},"footnotes":""},"class_list":["post-9416","page","type-page","status-publish","has-post-thumbnail","hentry"],"_links":{"self":[{"href":"https:\/\/securehubtec.com\/tr\/wp-json\/wp\/v2\/pages\/9416","targetHints":{"allow":["GET"]}}],"collection":[{"href":"https:\/\/securehubtec.com\/tr\/wp-json\/wp\/v2\/pages"}],"about":[{"href":"https:\/\/securehubtec.com\/tr\/wp-json\/wp\/v2\/types\/page"}],"author":[{"embeddable":true,"href":"https:\/\/securehubtec.com\/tr\/wp-json\/wp\/v2\/users\/1"}],"replies":[{"embeddable":true,"href":"https:\/\/securehubtec.com\/tr\/wp-json\/wp\/v2\/comments?post=9416"}],"version-history":[{"count":1,"href":"https:\/\/securehubtec.com\/tr\/wp-json\/wp\/v2\/pages\/9416\/revisions"}],"predecessor-version":[{"id":9421,"href":"https:\/\/securehubtec.com\/tr\/wp-json\/wp\/v2\/pages\/9416\/revisions\/9421"}],"wp:featuredmedia":[{"embeddable":true,"href":"https:\/\/securehubtec.com\/tr\/wp-json\/wp\/v2\/media\/9417"}],"wp:attachment":[{"href":"https:\/\/securehubtec.com\/tr\/wp-json\/wp\/v2\/media?parent=9416"}],"curies":[{"name":"wp","href":"https:\/\/api.w.org\/{rel}","templated":true}]}}