{"id":9398,"date":"2025-09-29T22:20:15","date_gmt":"2025-09-29T14:20:15","guid":{"rendered":"https:\/\/securehubtec.com\/?page_id=9398"},"modified":"2025-09-29T22:20:15","modified_gmt":"2025-09-29T14:20:15","slug":"villa-smart-intercom-solution","status":"publish","type":"page","link":"https:\/\/securehubtec.com\/tr\/villa-smart-intercom-solution\/","title":{"rendered":"Villa Ak\u0131ll\u0131 \u0130nterkom \u00c7\u00f6z\u00fcm\u00fc"},"content":{"rendered":"<p><strong>\u00a0<span style=\"color: #ffcc00;\">Villa Ak\u0131ll\u0131 \u0130nterkom \u00c7\u00f6z\u00fcm\u00fc\uff1a<\/span>Kusursuz g\u00fcvenlik ve rahatl\u0131k arayan l\u00fcks villa sahipleri i\u00e7in<\/strong>Villa Ak\u0131ll\u0131 \u0130nterkom \u00c7\u00f6z\u00fcm\u00fc, en son teknoloji ve kullan\u0131c\u0131 merkezli tasar\u0131m\u0131n ezber bozan bir entegrasyonu olarak ortaya \u00e7\u0131k\u0131yor. Bu kapsaml\u0131 sistem, 7 in\u00e7 Ak\u0131ll\u0131 Monit\u00f6r, PoE Anahtar\u0131, Wi-Fi Y\u00f6nlendirici, IP Kameralar ve Kap\u0131 Zili Kameras\u0131n\u0131 birle\u015fik bir ekosisteme ba\u011flayarak konut g\u00fcvenli\u011fini yeniden tan\u0131ml\u0131yor ve g\u00fcnl\u00fck i\u015flemleri basitle\u015ftirirken m\u00fclk\u00fcn\u00fcz\u00fcn her k\u00f6\u015fesinin korunmas\u0131n\u0131 sa\u011fl\u0131yor. \u0130ster evde ister yurt d\u0131\u015f\u0131nda olun, bu \u00e7\u00f6z\u00fcm ger\u00e7ek zamanl\u0131 video ak\u0131\u015flar\u0131, an\u0131nda ileti\u015fim ve \u00fcst d\u00fczey villalar\u0131n benzersiz ihtiya\u00e7lar\u0131na g\u00f6re uyarlanm\u0131\u015f ak\u0131ll\u0131 eri\u015fim y\u00f6netimi sunarak tam kontrol sahibi olman\u0131z\u0131 sa\u011flar. Tuya'n\u0131n kan\u0131tlanm\u0131\u015f IoT teknolojisi ile desteklenen bu \u00e7\u00f6z\u00fcm, uluslararas\u0131 m\u00fc\u015fterilerin g\u00fcvendi\u011fi bir g\u00fcvenilirlik sunarak bir g\u00fcvenlik sisteminden \u00e7ok daha fazlas\u0131n\u0131, modern l\u00fcks ya\u015fam i\u00e7in bir ya\u015fam tarz\u0131 y\u00fckseltmesi haline getiriyor.<\/p>\n<p><img fetchpriority=\"high\" decoding=\"async\" class=\"aligncenter size-full wp-image-9401\" src=\"https:\/\/securehubtec.com\/wp-content\/uploads\/2025\/09\/Smart-Video-Intercom-a-1.jpg\" alt=\"\" width=\"1087\" height=\"846\" srcset=\"https:\/\/securehubtec.com\/wp-content\/uploads\/2025\/09\/Smart-Video-Intercom-a-1.jpg 1087w, https:\/\/securehubtec.com\/wp-content\/uploads\/2025\/09\/Smart-Video-Intercom-a-1-300x233.jpg 300w, https:\/\/securehubtec.com\/wp-content\/uploads\/2025\/09\/Smart-Video-Intercom-a-1-1024x797.jpg 1024w, https:\/\/securehubtec.com\/wp-content\/uploads\/2025\/09\/Smart-Video-Intercom-a-1-768x598.jpg 768w, https:\/\/securehubtec.com\/wp-content\/uploads\/2025\/09\/Smart-Video-Intercom-a-1-15x12.jpg 15w, https:\/\/securehubtec.com\/wp-content\/uploads\/2025\/09\/Smart-Video-Intercom-a-1-600x467.jpg 600w\" sizes=\"(max-width: 1087px) 100vw, 1087px\" \/><strong>Bu \u00e7\u00f6z\u00fcm\u00fcn \u00f6z\u00fcnde, geli\u015fmi\u015f g\u00f6zetimi sezgisel ileti\u015fimle birle\u015ftirme yetene\u011fi yatmaktad\u0131r.<\/strong> Kap\u0131 Zili Kameras\u0131, hem 7 in\u00e7 Ak\u0131ll\u0131 Monit\u00f6re hem de Tuya mobil uygulamas\u0131na e\u015fzamanl\u0131 olarak ba\u011flanan iki y\u00f6nl\u00fc g\u00f6r\u00fcnt\u00fcl\u00fc aramalara olanak tan\u0131yan ilk savunma hatt\u0131 g\u00f6revi g\u00f6r\u00fcr. Bu, oturma odan\u0131z\u0131n konforunda veya d\u00fcnyan\u0131n \u00f6b\u00fcr ucunda seyahat ederken kap\u0131n\u0131zdaki ziyaret\u00e7ileri kar\u015f\u0131layabilece\u011finiz anlam\u0131na gelir. PoE Anahtar\u0131 t\u00fcm cihazlar i\u00e7in istikrarl\u0131, y\u00fcksek h\u0131zl\u0131 ba\u011flant\u0131 sa\u011flarken, Wi-Fi Y\u00f6nlendirici, yay\u0131lan villa m\u00fclkleri i\u00e7in kritik olan \u00f6l\u00fc b\u00f6lgeleri ortadan kald\u0131rmak i\u00e7in kapsama alan\u0131n\u0131 geni\u015fletir. Birden fazla IP Kamera deste\u011fi ile sistem, ak\u0131ll\u0131 telefonunuz arac\u0131l\u0131\u011f\u0131yla uzaktan eri\u015filebilen g\u00f6r\u00fcnt\u00fclerle garaj yollar\u0131n\u0131n, bah\u00e7elerin ve giri\u015f noktalar\u0131n\u0131n 7\/24 izlenmesini sa\u011flar. Her ikisinden de \u00f6d\u00fcn vermeyi reddeden deniza\u015f\u0131r\u0131 villa sahiplerinin dinamik ya\u015fam tarzlar\u0131na uyacak \u015fekilde tasarlanm\u0131\u015f, kolayl\u0131k ve g\u00fcvenli\u011fin kusursuz bir kar\u0131\u015f\u0131m\u0131d\u0131r.<\/p>\n<p><img decoding=\"async\" class=\"aligncenter size-full wp-image-9402 lazyload\" data-src=\"https:\/\/securehubtec.com\/wp-content\/uploads\/2025\/09\/Smart-Video-Intercom-b-1.jpg\" alt=\"\" width=\"1200\" height=\"907\" data-srcset=\"https:\/\/securehubtec.com\/wp-content\/uploads\/2025\/09\/Smart-Video-Intercom-b-1.jpg 1200w, https:\/\/securehubtec.com\/wp-content\/uploads\/2025\/09\/Smart-Video-Intercom-b-1-300x227.jpg 300w, https:\/\/securehubtec.com\/wp-content\/uploads\/2025\/09\/Smart-Video-Intercom-b-1-1024x774.jpg 1024w, https:\/\/securehubtec.com\/wp-content\/uploads\/2025\/09\/Smart-Video-Intercom-b-1-768x580.jpg 768w, https:\/\/securehubtec.com\/wp-content\/uploads\/2025\/09\/Smart-Video-Intercom-b-1-16x12.jpg 16w, https:\/\/securehubtec.com\/wp-content\/uploads\/2025\/09\/Smart-Video-Intercom-b-1-600x454.jpg 600w\" data-sizes=\"(max-width: 1200px) 100vw, 1200px\" src=\"data:image\/svg+xml;base64,PHN2ZyB3aWR0aD0iMSIgaGVpZ2h0PSIxIiB4bWxucz0iaHR0cDovL3d3dy53My5vcmcvMjAwMC9zdmciPjwvc3ZnPg==\" style=\"--smush-placeholder-width: 1200px; --smush-placeholder-aspect-ratio: 1200\/907;\" \/><br \/>\nBu Villa Ak\u0131ll\u0131 \u0130nterkom \u00c7\u00f6z\u00fcm\u00fcn\u00fc di\u011ferlerinden ay\u0131ran \u015fey, esnekli\u011fi ve k\u00fcresel standartlarla uyumlulu\u011fudur. RTSP protokol\u00fc arac\u0131l\u0131\u011f\u0131yla 16 adede kadar \u00fc\u00e7\u00fcnc\u00fc taraf IP Kameras\u0131n\u0131 destekleyen bu \u00e7\u00f6z\u00fcm, mevcut kurulumlara uyum sa\u011flayarak uluslararas\u0131 m\u00fc\u015fteriler i\u00e7in y\u00fckseltmeleri sorunsuz hale getirir. Yerel alan a\u011f\u0131 (LAN) i\u015flevi, internet ba\u011flant\u0131s\u0131 olmadan bile 4 kanall\u0131 ger\u00e7ek zamanl\u0131 video ak\u0131\u015f\u0131 sa\u011flayarak kesintisiz g\u00fcvenli\u011fi garanti eder. \u0130ster Avrupa'da, ister Kuzey Amerika'da veya Orta Do\u011fu'da olun, sistemin Tuya'n\u0131n k\u00fcresel IoT altyap\u0131s\u0131yla e\u015fle\u015ftirilen b\u00f6lgesel a\u011f gereksinimleriyle uyumlulu\u011fu sorunsuz \u00e7al\u0131\u015fmay\u0131 garanti eder. L\u00fcks pazarlar\u0131 hedefleyen villa sahipleri, m\u00fclk y\u00f6neticileri veya geli\u015ftiriciler i\u00e7in bu \u00e7\u00f6z\u00fcm sadece bir konutu korumakla ilgili de\u011fildir; ayn\u0131 zamanda se\u00e7ici uluslararas\u0131 m\u00fc\u015fterilerin beklentilerine uygun teknolojiyle m\u00fclk\u00fcn de\u011ferini art\u0131rmakla ilgilidir. Villan\u0131z\u0131n g\u00fcvenli\u011fini ve sofistikeli\u011fini y\u00fckseltin - k\u00fcresel l\u00fcks\u00fcn dilini konu\u015fan bir \u00e7\u00f6z\u00fcm se\u00e7in.<\/p>","protected":false},"excerpt":{"rendered":"<p>\u00a0Villa Smart Intercom Solution\uff1aFor luxury villa owners seeking seamless security and convenience, the Villa Smart Intercom Solution emerges as a [&hellip;]<\/p>","protected":false},"author":1,"featured_media":9399,"parent":0,"menu_order":0,"comment_status":"closed","ping_status":"closed","template":"","meta":{"site-sidebar-layout":"default","site-content-layout":"","ast-site-content-layout":"default","site-content-style":"default","site-sidebar-style":"default","ast-global-header-display":"","ast-banner-title-visibility":"","ast-main-header-display":"","ast-hfb-above-header-display":"","ast-hfb-below-header-display":"","ast-hfb-mobile-header-display":"","site-post-title":"","ast-breadcrumbs-content":"","ast-featured-img":"","footer-sml-layout":"","theme-transparent-header-meta":"default","adv-header-id-meta":"","stick-header-meta":"default","header-above-stick-meta":"","header-main-stick-meta":"","header-below-stick-meta":"","astra-migrate-meta-layouts":"set","ast-page-background-enabled":"default","ast-page-background-meta":{"desktop":{"background-color":"","background-image":"","background-repeat":"repeat","background-position":"center center","background-size":"auto","background-attachment":"scroll","background-type":"","background-media":"","overlay-type":"","overlay-color":"","overlay-opacity":"","overlay-gradient":""},"tablet":{"background-color":"","background-image":"","background-repeat":"repeat","background-position":"center center","background-size":"auto","background-attachment":"scroll","background-type":"","background-media":"","overlay-type":"","overlay-color":"","overlay-opacity":"","overlay-gradient":""},"mobile":{"background-color":"","background-image":"","background-repeat":"repeat","background-position":"center center","background-size":"auto","background-attachment":"scroll","background-type":"","background-media":"","overlay-type":"","overlay-color":"","overlay-opacity":"","overlay-gradient":""}},"ast-content-background-meta":{"desktop":{"background-color":"var(--ast-global-color-5)","background-image":"","background-repeat":"repeat","background-position":"center center","background-size":"auto","background-attachment":"scroll","background-type":"","background-media":"","overlay-type":"","overlay-color":"","overlay-opacity":"","overlay-gradient":""},"tablet":{"background-color":"var(--ast-global-color-5)","background-image":"","background-repeat":"repeat","background-position":"center center","background-size":"auto","background-attachment":"scroll","background-type":"","background-media":"","overlay-type":"","overlay-color":"","overlay-opacity":"","overlay-gradient":""},"mobile":{"background-color":"var(--ast-global-color-5)","background-image":"","background-repeat":"repeat","background-position":"center center","background-size":"auto","background-attachment":"scroll","background-type":"","background-media":"","overlay-type":"","overlay-color":"","overlay-opacity":"","overlay-gradient":""}},"footnotes":""},"class_list":["post-9398","page","type-page","status-publish","has-post-thumbnail","hentry"],"_links":{"self":[{"href":"https:\/\/securehubtec.com\/tr\/wp-json\/wp\/v2\/pages\/9398","targetHints":{"allow":["GET"]}}],"collection":[{"href":"https:\/\/securehubtec.com\/tr\/wp-json\/wp\/v2\/pages"}],"about":[{"href":"https:\/\/securehubtec.com\/tr\/wp-json\/wp\/v2\/types\/page"}],"author":[{"embeddable":true,"href":"https:\/\/securehubtec.com\/tr\/wp-json\/wp\/v2\/users\/1"}],"replies":[{"embeddable":true,"href":"https:\/\/securehubtec.com\/tr\/wp-json\/wp\/v2\/comments?post=9398"}],"version-history":[{"count":1,"href":"https:\/\/securehubtec.com\/tr\/wp-json\/wp\/v2\/pages\/9398\/revisions"}],"predecessor-version":[{"id":9403,"href":"https:\/\/securehubtec.com\/tr\/wp-json\/wp\/v2\/pages\/9398\/revisions\/9403"}],"wp:featuredmedia":[{"embeddable":true,"href":"https:\/\/securehubtec.com\/tr\/wp-json\/wp\/v2\/media\/9399"}],"wp:attachment":[{"href":"https:\/\/securehubtec.com\/tr\/wp-json\/wp\/v2\/media?parent=9398"}],"curies":[{"name":"wp","href":"https:\/\/api.w.org\/{rel}","templated":true}]}}