{"id":9383,"date":"2025-09-27T23:01:23","date_gmt":"2025-09-27T15:01:23","guid":{"rendered":"https:\/\/securehubtec.com\/?page_id=9383"},"modified":"2025-09-29T23:21:42","modified_gmt":"2025-09-29T15:21:42","slug":"sip-intercom-works-with-tuya","status":"publish","type":"page","link":"https:\/\/securehubtec.com\/tr\/sip-intercom-works-with-tuya\/","title":{"rendered":"SIP \u0130nterkom TUYA ile \u00e7al\u0131\u015f\u0131r"},"content":{"rendered":"<p><img fetchpriority=\"high\" decoding=\"async\" class=\"aligncenter size-full wp-image-9384\" src=\"https:\/\/securehubtec.com\/wp-content\/uploads\/2025\/09\/5.jpg\" alt=\"\" width=\"900\" height=\"475\" srcset=\"https:\/\/securehubtec.com\/wp-content\/uploads\/2025\/09\/5.jpg 900w, https:\/\/securehubtec.com\/wp-content\/uploads\/2025\/09\/5-300x158.jpg 300w, https:\/\/securehubtec.com\/wp-content\/uploads\/2025\/09\/5-768x405.jpg 768w, https:\/\/securehubtec.com\/wp-content\/uploads\/2025\/09\/5-18x10.jpg 18w, https:\/\/securehubtec.com\/wp-content\/uploads\/2025\/09\/5-600x317.jpg 600w\" sizes=\"(max-width: 900px) 100vw, 900px\" \/>\u0130nternet olmadan \u00e7al\u0131\u015fmak<br \/>\n\u221a IPC'lerden 4 y\u00f6nl\u00fc ger\u00e7ek zamanl\u0131 video<br \/>\n\u221a RTSP protokol\u00fcn\u00fc destekleyen \u00e7o\u011funluk 3. parti markalar<br \/>\n\u221a H.264\/H.265 desteklenir<br \/>\n\u00c7al\u0131\u015fmak i\u00e7in internet ba\u011flant\u0131s\u0131 gerekir<br \/>\n\u221a Tuya Home Ziyaret\u00e7ilerin farkl\u0131 hanelerin Tuya uygulamas\u0131n\u0131 aramas\u0131na izin verir. (1000 haneye kadar destekler)<br \/>\n\u221a Apple Ev Kiti Kap\u0131y\u0131 a\u00e7mak i\u00e7in Hey Siri \u0130nternet olmadan \u00e7al\u0131\u015fma<br \/>\n\u221a G\u00fcvenlik Monit\u00f6r\u00fc G\u00f6zetim ama\u00e7l\u0131 monit\u00f6r olarak kullan\u0131l\u0131r Genellikle 4 b\u00f6l\u00fcnm\u00fc\u015f ekranda ger\u00e7ek zamanl\u0131 g\u00f6zetim g\u00f6r\u00fcnt\u00fclerini g\u00f6r\u00fcnt\u00fcler<br \/>\n\u221a Tek dokunu\u015fla arama Ziyaret\u00e7ilere m\u00fckemmel bir kullan\u0131c\u0131 deneyimi sunar<br \/>\n\u221a \u0130nterkom 2 y\u00f6nl\u00fc sesli \/ g\u00f6r\u00fcnt\u00fcl\u00fc interkom. Monit\u00f6rden istasyona, monit\u00f6rden monit\u00f6re, istasyondan istasyona<br \/>\n\u221a Eri\u015fim Kap\u0131n\u0131n kilidini a\u00e7mak i\u00e7in bir eri\u015fim kart\u0131n\u0131 (IC kart\u0131) kayd\u0131r\u0131n<br \/>\n\u221a Reklam G\u00f6r\u00fcnt\u00fcleme Resim veya video reklamlar arac\u0131l\u0131\u011f\u0131yla d\u00f6ng\u00fc<br \/>\n<img decoding=\"async\" class=\"aligncenter size-full wp-image-9410 lazyload\" data-src=\"https:\/\/securehubtec.com\/wp-content\/uploads\/2025\/09\/Smart-Video-Intercom-f.jpg\" alt=\"\" width=\"1000\" height=\"622\" data-srcset=\"https:\/\/securehubtec.com\/wp-content\/uploads\/2025\/09\/Smart-Video-Intercom-f.jpg 1000w, https:\/\/securehubtec.com\/wp-content\/uploads\/2025\/09\/Smart-Video-Intercom-f-300x187.jpg 300w, https:\/\/securehubtec.com\/wp-content\/uploads\/2025\/09\/Smart-Video-Intercom-f-768x478.jpg 768w, https:\/\/securehubtec.com\/wp-content\/uploads\/2025\/09\/Smart-Video-Intercom-f-18x12.jpg 18w, https:\/\/securehubtec.com\/wp-content\/uploads\/2025\/09\/Smart-Video-Intercom-f-600x373.jpg 600w\" data-sizes=\"(max-width: 1000px) 100vw, 1000px\" src=\"data:image\/svg+xml;base64,PHN2ZyB3aWR0aD0iMSIgaGVpZ2h0PSIxIiB4bWxucz0iaHR0cDovL3d3dy53My5vcmcvMjAwMC9zdmciPjwvc3ZnPg==\" style=\"--smush-placeholder-width: 1000px; --smush-placeholder-aspect-ratio: 1000\/622;\" \/><br \/>\n<img decoding=\"async\" class=\"aligncenter  wp-image-9391 lazyload\" data-src=\"https:\/\/securehubtec.com\/wp-content\/uploads\/2025\/09\/7.jpg\" alt=\"\" width=\"967\" height=\"495\" data-srcset=\"https:\/\/securehubtec.com\/wp-content\/uploads\/2025\/09\/7.jpg 900w, https:\/\/securehubtec.com\/wp-content\/uploads\/2025\/09\/7-300x154.jpg 300w, https:\/\/securehubtec.com\/wp-content\/uploads\/2025\/09\/7-768x393.jpg 768w, https:\/\/securehubtec.com\/wp-content\/uploads\/2025\/09\/7-18x9.jpg 18w, https:\/\/securehubtec.com\/wp-content\/uploads\/2025\/09\/7-600x307.jpg 600w\" data-sizes=\"(max-width: 967px) 100vw, 967px\" src=\"data:image\/svg+xml;base64,PHN2ZyB3aWR0aD0iMSIgaGVpZ2h0PSIxIiB4bWxucz0iaHR0cDovL3d3dy53My5vcmcvMjAwMC9zdmciPjwvc3ZnPg==\" style=\"--smush-placeholder-width: 967px; --smush-placeholder-aspect-ratio: 967\/495;\" \/><br \/>\n<img decoding=\"async\" class=\"aligncenter wp-image-9412 lazyload\" data-src=\"https:\/\/securehubtec.com\/wp-content\/uploads\/2025\/09\/Smart-Video-Intercom-g-1.jpg\" alt=\"\" width=\"758\" height=\"587\" data-srcset=\"https:\/\/securehubtec.com\/wp-content\/uploads\/2025\/09\/Smart-Video-Intercom-g-1.jpg 900w, https:\/\/securehubtec.com\/wp-content\/uploads\/2025\/09\/Smart-Video-Intercom-g-1-300x232.jpg 300w, https:\/\/securehubtec.com\/wp-content\/uploads\/2025\/09\/Smart-Video-Intercom-g-1-768x594.jpg 768w, https:\/\/securehubtec.com\/wp-content\/uploads\/2025\/09\/Smart-Video-Intercom-g-1-16x12.jpg 16w, https:\/\/securehubtec.com\/wp-content\/uploads\/2025\/09\/Smart-Video-Intercom-g-1-600x464.jpg 600w\" data-sizes=\"(max-width: 758px) 100vw, 758px\" src=\"data:image\/svg+xml;base64,PHN2ZyB3aWR0aD0iMSIgaGVpZ2h0PSIxIiB4bWxucz0iaHR0cDovL3d3dy53My5vcmcvMjAwMC9zdmciPjwvc3ZnPg==\" style=\"--smush-placeholder-width: 758px; --smush-placeholder-aspect-ratio: 758\/587;\" \/><br \/>\n<span style=\"color: #000000;\">Ring interkom, ak\u0131ll\u0131 kap\u0131 telefonlar\u0131 ve apartman \u00e7ok \u00fcniteli kap\u0131 zilleri dahil olmak \u00fczere ak\u0131ll\u0131 g\u00f6r\u00fcnt\u00fcl\u00fc interkom \u00fcr\u00fcnlerimiz, 12 x 7 4 pinli kablolu WiFi dokunmatik ekranlara, 1080P HD monit\u00f6r kameralar\u0131na sahiptir. Telefon uygulamas\u0131 kontrol\u00fc ve 2 y\u00f6nl\u00fc konu\u015fma ile ak\u0131ll\u0131 garaj kap\u0131s\u0131 a\u00e7\u0131c\u0131lar\u0131 olarak da \u00e7al\u0131\u015farak kolayl\u0131k ve g\u00fcvenlik sa\u011flarlar.<\/span><\/p>","protected":false},"excerpt":{"rendered":"<p>Working without the internet \u221a 4-way real-time video from IPCs \u221a Majority 3rd party brands which support RTSP protocol \u221a [&hellip;]<\/p>","protected":false},"author":1,"featured_media":9384,"parent":0,"menu_order":0,"comment_status":"closed","ping_status":"closed","template":"","meta":{"site-sidebar-layout":"default","site-content-layout":"","ast-site-content-layout":"default","site-content-style":"default","site-sidebar-style":"default","ast-global-header-display":"","ast-banner-title-visibility":"","ast-main-header-display":"","ast-hfb-above-header-display":"","ast-hfb-below-header-display":"","ast-hfb-mobile-header-display":"","site-post-title":"","ast-breadcrumbs-content":"","ast-featured-img":"","footer-sml-layout":"","theme-transparent-header-meta":"default","adv-header-id-meta":"","stick-header-meta":"default","header-above-stick-meta":"","header-main-stick-meta":"","header-below-stick-meta":"","astra-migrate-meta-layouts":"set","ast-page-background-enabled":"default","ast-page-background-meta":{"desktop":{"background-color":"","background-image":"","background-repeat":"repeat","background-position":"center center","background-size":"auto","background-attachment":"scroll","background-type":"","background-media":"","overlay-type":"","overlay-color":"","overlay-opacity":"","overlay-gradient":""},"tablet":{"background-color":"","background-image":"","background-repeat":"repeat","background-position":"center center","background-size":"auto","background-attachment":"scroll","background-type":"","background-media":"","overlay-type":"","overlay-color":"","overlay-opacity":"","overlay-gradient":""},"mobile":{"background-color":"","background-image":"","background-repeat":"repeat","background-position":"center center","background-size":"auto","background-attachment":"scroll","background-type":"","background-media":"","overlay-type":"","overlay-color":"","overlay-opacity":"","overlay-gradient":""}},"ast-content-background-meta":{"desktop":{"background-color":"var(--ast-global-color-5)","background-image":"","background-repeat":"repeat","background-position":"center center","background-size":"auto","background-attachment":"scroll","background-type":"","background-media":"","overlay-type":"","overlay-color":"","overlay-opacity":"","overlay-gradient":""},"tablet":{"background-color":"var(--ast-global-color-5)","background-image":"","background-repeat":"repeat","background-position":"center center","background-size":"auto","background-attachment":"scroll","background-type":"","background-media":"","overlay-type":"","overlay-color":"","overlay-opacity":"","overlay-gradient":""},"mobile":{"background-color":"var(--ast-global-color-5)","background-image":"","background-repeat":"repeat","background-position":"center center","background-size":"auto","background-attachment":"scroll","background-type":"","background-media":"","overlay-type":"","overlay-color":"","overlay-opacity":"","overlay-gradient":""}},"footnotes":""},"class_list":["post-9383","page","type-page","status-publish","has-post-thumbnail","hentry"],"_links":{"self":[{"href":"https:\/\/securehubtec.com\/tr\/wp-json\/wp\/v2\/pages\/9383","targetHints":{"allow":["GET"]}}],"collection":[{"href":"https:\/\/securehubtec.com\/tr\/wp-json\/wp\/v2\/pages"}],"about":[{"href":"https:\/\/securehubtec.com\/tr\/wp-json\/wp\/v2\/types\/page"}],"author":[{"embeddable":true,"href":"https:\/\/securehubtec.com\/tr\/wp-json\/wp\/v2\/users\/1"}],"replies":[{"embeddable":true,"href":"https:\/\/securehubtec.com\/tr\/wp-json\/wp\/v2\/comments?post=9383"}],"version-history":[{"count":7,"href":"https:\/\/securehubtec.com\/tr\/wp-json\/wp\/v2\/pages\/9383\/revisions"}],"predecessor-version":[{"id":9414,"href":"https:\/\/securehubtec.com\/tr\/wp-json\/wp\/v2\/pages\/9383\/revisions\/9414"}],"wp:featuredmedia":[{"embeddable":true,"href":"https:\/\/securehubtec.com\/tr\/wp-json\/wp\/v2\/media\/9384"}],"wp:attachment":[{"href":"https:\/\/securehubtec.com\/tr\/wp-json\/wp\/v2\/media?parent=9383"}],"curies":[{"name":"wp","href":"https:\/\/api.w.org\/{rel}","templated":true}]}}