{"id":9378,"date":"2025-09-27T22:51:00","date_gmt":"2025-09-27T14:51:00","guid":{"rendered":"https:\/\/securehubtec.com\/?page_id=9378"},"modified":"2025-09-29T22:52:35","modified_gmt":"2025-09-29T14:52:35","slug":"one-to-one-connection","status":"publish","type":"page","link":"https:\/\/securehubtec.com\/tr\/one-to-one-connection\/","title":{"rendered":"Bire Bir Ba\u011flant\u0131"},"content":{"rendered":"<p><strong><span style=\"color: #ffcc00;\">Bire Bir Ba\u011flant\u0131<\/span><\/strong><\/p>\n<div class=\"auto-hide-last-sibling-br paragraph-pP9ZLC paragraph-element br-paragraph-space\">Ak\u0131ll\u0131 giri\u015f serimiz her ihtiyac\u0131 kar\u015f\u0131lar: \u00e7ok y\u00f6nl\u00fc\u00a0<strong>Zil \u0130nterkom<\/strong>\u00a0ve \u015f\u0131k\u00a0<strong>Ak\u0131ll\u0131 Kap\u0131 Telefonlar\u0131<\/strong>\u00a0\u00e7ok birimli odakl\u0131\u00a0<strong>Ak\u0131ll\u0131 G\u00f6r\u00fcnt\u00fcl\u00fc \u0130nterkom Daire \u00c7ok \u00dcniteli Kap\u0131 Zili<\/strong>. Her cihaz, i\u015flevselli\u011fi modern tasar\u0131mla harmanlayarak hem evler hem de kompleksler i\u00e7in m\u00fckemmeldir.<\/div>\n<p>\u221a Tuya Home Ziyaret\u00e7ilerin Tuya uygulamas\u0131n\u0131 aramas\u0131na izin verir<br \/>\n\u221a Apple Ev Kiti Kap\u0131y\u0131 a\u00e7mak i\u00e7in Hey Siri \u0130nternet olmadan \u00e7al\u0131\u015fma<br \/>\n\u221a G\u00fcvenlik Monit\u00f6r\u00fc G\u00f6zetim ama\u00e7l\u0131 monit\u00f6r olarak kullan\u0131l\u0131r Genellikle 4 b\u00f6l\u00fcnm\u00fc\u015f ekranda ger\u00e7ek zamanl\u0131 g\u00f6zetim g\u00f6r\u00fcnt\u00fclerini g\u00f6r\u00fcnt\u00fcler<br \/>\n\u221a Tek dokunu\u015fla arama Ziyaret\u00e7ilere m\u00fckemmel bir kullan\u0131c\u0131 deneyimi sunar<br \/>\n\u221a \u0130nterkom 2 y\u00f6nl\u00fc sesli \/ g\u00f6r\u00fcnt\u00fcl\u00fc interkom. Monit\u00f6rden istasyona, monit\u00f6rden monit\u00f6re, istasyondan istasyona<br \/>\n\u221a Eri\u015fim Kap\u0131n\u0131n kilidini a\u00e7mak i\u00e7in bir eri\u015fim kart\u0131n\u0131 (IC kart\u0131) kayd\u0131r\u0131n<\/p>\n<p><img fetchpriority=\"high\" decoding=\"async\" class=\"aligncenter size-full wp-image-9406\" src=\"https:\/\/securehubtec.com\/wp-content\/uploads\/2025\/09\/Smart-Video-Intercom-c.jpg\" alt=\"\" width=\"1100\" height=\"416\" srcset=\"https:\/\/securehubtec.com\/wp-content\/uploads\/2025\/09\/Smart-Video-Intercom-c.jpg 1100w, https:\/\/securehubtec.com\/wp-content\/uploads\/2025\/09\/Smart-Video-Intercom-c-300x113.jpg 300w, https:\/\/securehubtec.com\/wp-content\/uploads\/2025\/09\/Smart-Video-Intercom-c-1024x387.jpg 1024w, https:\/\/securehubtec.com\/wp-content\/uploads\/2025\/09\/Smart-Video-Intercom-c-768x290.jpg 768w, https:\/\/securehubtec.com\/wp-content\/uploads\/2025\/09\/Smart-Video-Intercom-c-18x7.jpg 18w, https:\/\/securehubtec.com\/wp-content\/uploads\/2025\/09\/Smart-Video-Intercom-c-600x227.jpg 600w\" sizes=\"(max-width: 1100px) 100vw, 1100px\" \/><\/p>\n<div class=\"auto-hide-last-sibling-br paragraph-pP9ZLC paragraph-element br-paragraph-space\">\n<div class=\"auto-hide-last-sibling-br paragraph-pP9ZLC paragraph-element br-paragraph-space\">Temel \u00f6zellikler parl\u0131yor: kolay kontrol i\u00e7in 12 x 7 4pin kablolu WiFi dokunmatik ekran, bir\u00a0<strong>1080P HD Monit\u00f6r Kamera<\/strong>\u00a0keskin g\u00f6rseller sunar. The\u00a0<strong>2 Y\u00f6nl\u00fc Konu\u015fmal\u0131 Kap\u0131 Zili<\/strong>\u00a0nerede olursan\u0131z olun ziyaret\u00e7ilerinizle ger\u00e7ek zamanl\u0131 olarak sohbet etmenizi sa\u011flar.<\/div>\n<\/div>\n<div class=\"container-Uxvbjy md-box-line-break wrapper-GYqxgQ undefined\"><img decoding=\"async\" class=\"aligncenter size-full wp-image-9407 lazyload\" data-src=\"https:\/\/securehubtec.com\/wp-content\/uploads\/2025\/09\/Smart-Video-Intercom-d.jpg\" alt=\"\" width=\"1100\" height=\"488\" data-srcset=\"https:\/\/securehubtec.com\/wp-content\/uploads\/2025\/09\/Smart-Video-Intercom-d.jpg 1100w, https:\/\/securehubtec.com\/wp-content\/uploads\/2025\/09\/Smart-Video-Intercom-d-300x133.jpg 300w, https:\/\/securehubtec.com\/wp-content\/uploads\/2025\/09\/Smart-Video-Intercom-d-1024x454.jpg 1024w, https:\/\/securehubtec.com\/wp-content\/uploads\/2025\/09\/Smart-Video-Intercom-d-768x341.jpg 768w, https:\/\/securehubtec.com\/wp-content\/uploads\/2025\/09\/Smart-Video-Intercom-d-18x8.jpg 18w, https:\/\/securehubtec.com\/wp-content\/uploads\/2025\/09\/Smart-Video-Intercom-d-600x266.jpg 600w\" data-sizes=\"(max-width: 1100px) 100vw, 1100px\" src=\"data:image\/svg+xml;base64,PHN2ZyB3aWR0aD0iMSIgaGVpZ2h0PSIxIiB4bWxucz0iaHR0cDovL3d3dy53My5vcmcvMjAwMC9zdmciPjwvc3ZnPg==\" style=\"--smush-placeholder-width: 1100px; --smush-placeholder-aspect-ratio: 1100\/488;\" \/><\/div>\n<div class=\"auto-hide-last-sibling-br paragraph-pP9ZLC paragraph-element br-paragraph-space\">\n<div class=\"auto-hide-last-sibling-br paragraph-pP9ZLC paragraph-element br-paragraph-space\">Kolayl\u0131k yerle\u015fiktir: t\u00fcm sistemler destekler\u00a0<strong>Telefon Uygulamas\u0131 Kontrol\u00fc<\/strong>-Eri\u015fimi y\u00f6netin, beslemeleri kontrol edin veya kap\u0131lar\u0131n kilidini uzaktan a\u00e7\u0131n. Hatta bu sistemler\u00a0<strong>ak\u0131ll\u0131 garaj kap\u0131s\u0131 a\u00e7aca\u011f\u0131<\/strong>kusursuz bir ak\u0131ll\u0131 ev deneyimi yarat\u0131r.<br \/>\n<img decoding=\"async\" class=\"aligncenter size-full wp-image-9408 lazyload\" data-src=\"https:\/\/securehubtec.com\/wp-content\/uploads\/2025\/09\/Smart-Video-Intercom-e.jpg\" alt=\"\" width=\"1100\" height=\"364\" data-srcset=\"https:\/\/securehubtec.com\/wp-content\/uploads\/2025\/09\/Smart-Video-Intercom-e.jpg 1100w, https:\/\/securehubtec.com\/wp-content\/uploads\/2025\/09\/Smart-Video-Intercom-e-300x99.jpg 300w, https:\/\/securehubtec.com\/wp-content\/uploads\/2025\/09\/Smart-Video-Intercom-e-1024x339.jpg 1024w, https:\/\/securehubtec.com\/wp-content\/uploads\/2025\/09\/Smart-Video-Intercom-e-768x254.jpg 768w, https:\/\/securehubtec.com\/wp-content\/uploads\/2025\/09\/Smart-Video-Intercom-e-18x6.jpg 18w, https:\/\/securehubtec.com\/wp-content\/uploads\/2025\/09\/Smart-Video-Intercom-e-600x199.jpg 600w\" data-sizes=\"(max-width: 1100px) 100vw, 1100px\" src=\"data:image\/svg+xml;base64,PHN2ZyB3aWR0aD0iMSIgaGVpZ2h0PSIxIiB4bWxucz0iaHR0cDovL3d3dy53My5vcmcvMjAwMC9zdmciPjwvc3ZnPg==\" style=\"--smush-placeholder-width: 1100px; --smush-placeholder-aspect-ratio: 1100\/364;\" \/><\/p>\n<div class=\"auto-hide-last-sibling-br paragraph-pP9ZLC paragraph-element br-paragraph-space\">\u0130ster tek bir evin yenilenmesi ister bir apartman\u0131n donat\u0131lmas\u0131 olsun, bizim\u00a0<strong>ak\u0131ll\u0131 interkom<\/strong>\u00a0\u00e7\u00f6z\u00fcmler g\u00fcvenlik ve kolayl\u0131\u011f\u0131 dengeler. G\u00fcnl\u00fck ya\u015fam\u0131 kolayla\u015ft\u0131ran, alan\u0131n\u0131z\u0131 g\u00fcvenli ve ba\u011fl\u0131 tutan g\u00fcvenilir teknolojiye g\u00fcvenin.<\/div>\n<\/div>\n<\/div>","protected":false},"excerpt":{"rendered":"<p>One-to-One Connection Our smart entry lineup covers every need: from the versatile\u00a0Ring Intercom\u00a0and sleek\u00a0Smart Doorphones\u00a0to the multi-unit focused\u00a0Smart Video Intercom [&hellip;]<\/p>","protected":false},"author":1,"featured_media":9379,"parent":0,"menu_order":0,"comment_status":"closed","ping_status":"closed","template":"","meta":{"site-sidebar-layout":"default","site-content-layout":"","ast-site-content-layout":"default","site-content-style":"default","site-sidebar-style":"default","ast-global-header-display":"","ast-banner-title-visibility":"","ast-main-header-display":"","ast-hfb-above-header-display":"","ast-hfb-below-header-display":"","ast-hfb-mobile-header-display":"","site-post-title":"","ast-breadcrumbs-content":"","ast-featured-img":"","footer-sml-layout":"","theme-transparent-header-meta":"default","adv-header-id-meta":"","stick-header-meta":"default","header-above-stick-meta":"","header-main-stick-meta":"","header-below-stick-meta":"","astra-migrate-meta-layouts":"set","ast-page-background-enabled":"default","ast-page-background-meta":{"desktop":{"background-color":"","background-image":"","background-repeat":"repeat","background-position":"center center","background-size":"auto","background-attachment":"scroll","background-type":"","background-media":"","overlay-type":"","overlay-color":"","overlay-opacity":"","overlay-gradient":""},"tablet":{"background-color":"","background-image":"","background-repeat":"repeat","background-position":"center center","background-size":"auto","background-attachment":"scroll","background-type":"","background-media":"","overlay-type":"","overlay-color":"","overlay-opacity":"","overlay-gradient":""},"mobile":{"background-color":"","background-image":"","background-repeat":"repeat","background-position":"center center","background-size":"auto","background-attachment":"scroll","background-type":"","background-media":"","overlay-type":"","overlay-color":"","overlay-opacity":"","overlay-gradient":""}},"ast-content-background-meta":{"desktop":{"background-color":"var(--ast-global-color-5)","background-image":"","background-repeat":"repeat","background-position":"center center","background-size":"auto","background-attachment":"scroll","background-type":"","background-media":"","overlay-type":"","overlay-color":"","overlay-opacity":"","overlay-gradient":""},"tablet":{"background-color":"var(--ast-global-color-5)","background-image":"","background-repeat":"repeat","background-position":"center center","background-size":"auto","background-attachment":"scroll","background-type":"","background-media":"","overlay-type":"","overlay-color":"","overlay-opacity":"","overlay-gradient":""},"mobile":{"background-color":"var(--ast-global-color-5)","background-image":"","background-repeat":"repeat","background-position":"center center","background-size":"auto","background-attachment":"scroll","background-type":"","background-media":"","overlay-type":"","overlay-color":"","overlay-opacity":"","overlay-gradient":""}},"footnotes":""},"class_list":["post-9378","page","type-page","status-publish","has-post-thumbnail","hentry"],"_links":{"self":[{"href":"https:\/\/securehubtec.com\/tr\/wp-json\/wp\/v2\/pages\/9378","targetHints":{"allow":["GET"]}}],"collection":[{"href":"https:\/\/securehubtec.com\/tr\/wp-json\/wp\/v2\/pages"}],"about":[{"href":"https:\/\/securehubtec.com\/tr\/wp-json\/wp\/v2\/types\/page"}],"author":[{"embeddable":true,"href":"https:\/\/securehubtec.com\/tr\/wp-json\/wp\/v2\/users\/1"}],"replies":[{"embeddable":true,"href":"https:\/\/securehubtec.com\/tr\/wp-json\/wp\/v2\/comments?post=9378"}],"version-history":[{"count":4,"href":"https:\/\/securehubtec.com\/tr\/wp-json\/wp\/v2\/pages\/9378\/revisions"}],"predecessor-version":[{"id":9409,"href":"https:\/\/securehubtec.com\/tr\/wp-json\/wp\/v2\/pages\/9378\/revisions\/9409"}],"wp:featuredmedia":[{"embeddable":true,"href":"https:\/\/securehubtec.com\/tr\/wp-json\/wp\/v2\/media\/9379"}],"wp:attachment":[{"href":"https:\/\/securehubtec.com\/tr\/wp-json\/wp\/v2\/media?parent=9378"}],"curies":[{"name":"wp","href":"https:\/\/api.w.org\/{rel}","templated":true}]}}