{"id":9371,"date":"2025-09-27T22:26:20","date_gmt":"2025-09-27T14:26:20","guid":{"rendered":"https:\/\/securehubtec.com\/?page_id=9371"},"modified":"2025-09-27T22:33:46","modified_gmt":"2025-09-27T14:33:46","slug":"your-24-7-security-guard","status":"publish","type":"page","link":"https:\/\/securehubtec.com\/tr\/your-24-7-security-guard\/","title":{"rendered":"7\/24 G\u00fcvenlik G\u00f6revliniz"},"content":{"rendered":"<p><img fetchpriority=\"high\" decoding=\"async\" class=\"aligncenter size-full wp-image-9372\" src=\"https:\/\/securehubtec.com\/wp-content\/uploads\/2025\/09\/1.jpg\" alt=\"\" width=\"900\" height=\"272\" srcset=\"https:\/\/securehubtec.com\/wp-content\/uploads\/2025\/09\/1.jpg 900w, https:\/\/securehubtec.com\/wp-content\/uploads\/2025\/09\/1-300x91.jpg 300w, https:\/\/securehubtec.com\/wp-content\/uploads\/2025\/09\/1-768x232.jpg 768w, https:\/\/securehubtec.com\/wp-content\/uploads\/2025\/09\/1-18x5.jpg 18w, https:\/\/securehubtec.com\/wp-content\/uploads\/2025\/09\/1-600x181.jpg 600w\" sizes=\"(max-width: 900px) 100vw, 900px\" \/>\u221a 2 kanall\u0131 video beslemeleri monit\u00f6rde ayn\u0131 anda ger\u00e7ek zamanl\u0131 olarak g\u00f6r\u00fcnt\u00fclenir<br \/>\n\u221a Kap\u0131 zili kameras\u0131 hem ak\u0131ll\u0131 monit\u00f6r\u00fc hem de TUYA APP'yi ayn\u0131 anda \u00e7a\u011f\u0131r\u0131r<br \/>\n<img decoding=\"async\" class=\"aligncenter size-full wp-image-9373 lazyload\" data-src=\"https:\/\/securehubtec.com\/wp-content\/uploads\/2025\/09\/2.jpg\" alt=\"\" width=\"900\" height=\"184\" data-srcset=\"https:\/\/securehubtec.com\/wp-content\/uploads\/2025\/09\/2.jpg 900w, https:\/\/securehubtec.com\/wp-content\/uploads\/2025\/09\/2-300x61.jpg 300w, https:\/\/securehubtec.com\/wp-content\/uploads\/2025\/09\/2-768x157.jpg 768w, https:\/\/securehubtec.com\/wp-content\/uploads\/2025\/09\/2-18x4.jpg 18w, https:\/\/securehubtec.com\/wp-content\/uploads\/2025\/09\/2-600x123.jpg 600w\" data-sizes=\"(max-width: 900px) 100vw, 900px\" src=\"data:image\/svg+xml;base64,PHN2ZyB3aWR0aD0iMSIgaGVpZ2h0PSIxIiB4bWxucz0iaHR0cDovL3d3dy53My5vcmcvMjAwMC9zdmciPjwvc3ZnPg==\" style=\"--smush-placeholder-width: 900px; --smush-placeholder-aspect-ratio: 900\/184;\" \/>\u0130nternet olmadan \u00e7al\u0131\u015fmak<br \/>\n\u221a IPC'lerden 4 y\u00f6nl\u00fc ger\u00e7ek zamanl\u0131 video<br \/>\n\u221a RTSP protokol\u00fcn\u00fc destekleyen \u00e7o\u011funluk 3. parti markalar<br \/>\n\u221a K\u00fc\u00e7\u00fck ve orta \u00f6l\u00e7ekli izleme senaryolar\u0131n\u0131n ihtiya\u00e7lar\u0131n\u0131 kar\u015f\u0131layan 16 adede kadar IP Kamera desteklenir<br \/>\n<img decoding=\"async\" class=\"aligncenter size-full wp-image-9374 lazyload\" data-src=\"https:\/\/securehubtec.com\/wp-content\/uploads\/2025\/09\/3.jpg\" alt=\"\" width=\"900\" height=\"567\" data-srcset=\"https:\/\/securehubtec.com\/wp-content\/uploads\/2025\/09\/3.jpg 900w, https:\/\/securehubtec.com\/wp-content\/uploads\/2025\/09\/3-300x189.jpg 300w, https:\/\/securehubtec.com\/wp-content\/uploads\/2025\/09\/3-768x484.jpg 768w, https:\/\/securehubtec.com\/wp-content\/uploads\/2025\/09\/3-18x12.jpg 18w, https:\/\/securehubtec.com\/wp-content\/uploads\/2025\/09\/3-600x378.jpg 600w\" data-sizes=\"(max-width: 900px) 100vw, 900px\" src=\"data:image\/svg+xml;base64,PHN2ZyB3aWR0aD0iMSIgaGVpZ2h0PSIxIiB4bWxucz0iaHR0cDovL3d3dy53My5vcmcvMjAwMC9zdmciPjwvc3ZnPg==\" style=\"--smush-placeholder-width: 900px; --smush-placeholder-aspect-ratio: 900\/567;\" \/><br \/>\nUygulama senaryolar\u0131n\u0131z ne olursa olsun, Drsecure'un bir cevab\u0131 vard\u0131r. Drsecure ak\u0131ll\u0131 interkom \u00e7\u00f6z\u00fcmleri, daha fazla insan\u0131n ak\u0131ll\u0131 ya\u015fam ve \u00e7al\u0131\u015fmadan kolayca yararlanmas\u0131n\u0131 sa\u011flamak i\u00e7in \u00e7e\u015fitli dikey pazarlardaki b\u00fcy\u00fck veya k\u00fc\u00e7\u00fck projeler taraf\u0131ndan yayg\u0131n olarak kullan\u0131lmaktad\u0131r.<\/p>","protected":false},"excerpt":{"rendered":"<p>\u221a 2-channel video feeds are displayed in a real time simultaneously on the monitor \u221a The doorbell camera calls both [&hellip;]<\/p>","protected":false},"author":1,"featured_media":9372,"parent":0,"menu_order":0,"comment_status":"closed","ping_status":"closed","template":"","meta":{"site-sidebar-layout":"default","site-content-layout":"","ast-site-content-layout":"default","site-content-style":"default","site-sidebar-style":"default","ast-global-header-display":"","ast-banner-title-visibility":"","ast-main-header-display":"","ast-hfb-above-header-display":"","ast-hfb-below-header-display":"","ast-hfb-mobile-header-display":"","site-post-title":"","ast-breadcrumbs-content":"","ast-featured-img":"","footer-sml-layout":"","theme-transparent-header-meta":"default","adv-header-id-meta":"","stick-header-meta":"default","header-above-stick-meta":"","header-main-stick-meta":"","header-below-stick-meta":"","astra-migrate-meta-layouts":"set","ast-page-background-enabled":"default","ast-page-background-meta":{"desktop":{"background-color":"","background-image":"","background-repeat":"repeat","background-position":"center center","background-size":"auto","background-attachment":"scroll","background-type":"","background-media":"","overlay-type":"","overlay-color":"","overlay-opacity":"","overlay-gradient":""},"tablet":{"background-color":"","background-image":"","background-repeat":"repeat","background-position":"center center","background-size":"auto","background-attachment":"scroll","background-type":"","background-media":"","overlay-type":"","overlay-color":"","overlay-opacity":"","overlay-gradient":""},"mobile":{"background-color":"","background-image":"","background-repeat":"repeat","background-position":"center center","background-size":"auto","background-attachment":"scroll","background-type":"","background-media":"","overlay-type":"","overlay-color":"","overlay-opacity":"","overlay-gradient":""}},"ast-content-background-meta":{"desktop":{"background-color":"var(--ast-global-color-5)","background-image":"","background-repeat":"repeat","background-position":"center center","background-size":"auto","background-attachment":"scroll","background-type":"","background-media":"","overlay-type":"","overlay-color":"","overlay-opacity":"","overlay-gradient":""},"tablet":{"background-color":"var(--ast-global-color-5)","background-image":"","background-repeat":"repeat","background-position":"center center","background-size":"auto","background-attachment":"scroll","background-type":"","background-media":"","overlay-type":"","overlay-color":"","overlay-opacity":"","overlay-gradient":""},"mobile":{"background-color":"var(--ast-global-color-5)","background-image":"","background-repeat":"repeat","background-position":"center center","background-size":"auto","background-attachment":"scroll","background-type":"","background-media":"","overlay-type":"","overlay-color":"","overlay-opacity":"","overlay-gradient":""}},"footnotes":""},"class_list":["post-9371","page","type-page","status-publish","has-post-thumbnail","hentry"],"_links":{"self":[{"href":"https:\/\/securehubtec.com\/tr\/wp-json\/wp\/v2\/pages\/9371","targetHints":{"allow":["GET"]}}],"collection":[{"href":"https:\/\/securehubtec.com\/tr\/wp-json\/wp\/v2\/pages"}],"about":[{"href":"https:\/\/securehubtec.com\/tr\/wp-json\/wp\/v2\/types\/page"}],"author":[{"embeddable":true,"href":"https:\/\/securehubtec.com\/tr\/wp-json\/wp\/v2\/users\/1"}],"replies":[{"embeddable":true,"href":"https:\/\/securehubtec.com\/tr\/wp-json\/wp\/v2\/comments?post=9371"}],"version-history":[{"count":2,"href":"https:\/\/securehubtec.com\/tr\/wp-json\/wp\/v2\/pages\/9371\/revisions"}],"predecessor-version":[{"id":9377,"href":"https:\/\/securehubtec.com\/tr\/wp-json\/wp\/v2\/pages\/9371\/revisions\/9377"}],"wp:featuredmedia":[{"embeddable":true,"href":"https:\/\/securehubtec.com\/tr\/wp-json\/wp\/v2\/media\/9372"}],"wp:attachment":[{"href":"https:\/\/securehubtec.com\/tr\/wp-json\/wp\/v2\/media?parent=9371"}],"curies":[{"name":"wp","href":"https:\/\/api.w.org\/{rel}","templated":true}]}}