{"id":414,"date":"2024-12-09T20:32:18","date_gmt":"2024-12-09T12:32:18","guid":{"rendered":"https:\/\/securehubtec.com\/contact-us\/"},"modified":"2025-09-17T00:03:12","modified_gmt":"2025-09-16T16:03:12","slug":"contact-us","status":"publish","type":"page","link":"https:\/\/securehubtec.com\/tr\/contact-us\/","title":{"rendered":"Bize Ula\u015f\u0131n"},"content":{"rendered":"<div data-elementor-type=\"wp-post\" data-elementor-id=\"414\" class=\"elementor elementor-414\" data-elementor-post-type=\"page\">\n\t\t\t\t<div class=\"elementor-element elementor-element-f9d7f2e e-flex e-con-boxed e-con e-parent\" data-id=\"f9d7f2e\" data-element_type=\"container\">\n\t\t\t\t\t<div class=\"e-con-inner\">\n\t\t\t\t<div class=\"elementor-element elementor-element-90d5dc5 elementor-widget__width-initial elementor-absolute elementor-widget elementor-widget-image\" data-id=\"90d5dc5\" data-element_type=\"widget\" data-settings=\"{&quot;_position&quot;:&quot;absolute&quot;}\" data-widget_type=\"image.default\">\n\t\t\t\t<div class=\"elementor-widget-container\">\n\t\t\t\t\t\t\t\t\t\t\t\t\t\t\t<img decoding=\"async\" data-src=\"https:\/\/securehubtec.com\/wp-content\/uploads\/2024\/12\/contactus-1-scaled.jpg\" title=\"\" alt=\"\" src=\"data:image\/svg+xml;base64,PHN2ZyB3aWR0aD0iMSIgaGVpZ2h0PSIxIiB4bWxucz0iaHR0cDovL3d3dy53My5vcmcvMjAwMC9zdmciPjwvc3ZnPg==\" class=\"lazyload\" \/>\t\t\t\t\t\t\t\t\t\t\t\t\t\t\t<\/div>\n\t\t\t\t<\/div>\n\t\t\t\t\t<\/div>\n\t\t\t\t<\/div>\n\t\t<div class=\"elementor-element elementor-element-6887f53 e-con-full e-flex e-con e-parent\" data-id=\"6887f53\" data-element_type=\"container\">\n\t\t\t\t<div class=\"elementor-element elementor-element-efbbec8 elementor-widget elementor-widget-image\" data-id=\"efbbec8\" data-element_type=\"widget\" data-widget_type=\"image.default\">\n\t\t\t\t<div class=\"elementor-widget-container\">\n\t\t\t\t\t\t\t\t\t\t\t\t\t\t\t<img fetchpriority=\"high\" decoding=\"async\" width=\"1920\" height=\"758\" src=\"https:\/\/securehubtec.com\/wp-content\/uploads\/2025\/09\/contactc-3.jpg\" class=\"attachment-full size-full wp-image-9257\" alt=\"\" srcset=\"https:\/\/securehubtec.com\/wp-content\/uploads\/2025\/09\/contactc-3.jpg 1920w, https:\/\/securehubtec.com\/wp-content\/uploads\/2025\/09\/contactc-3-300x118.jpg 300w, https:\/\/securehubtec.com\/wp-content\/uploads\/2025\/09\/contactc-3-1024x404.jpg 1024w, https:\/\/securehubtec.com\/wp-content\/uploads\/2025\/09\/contactc-3-768x303.jpg 768w, https:\/\/securehubtec.com\/wp-content\/uploads\/2025\/09\/contactc-3-1536x606.jpg 1536w, https:\/\/securehubtec.com\/wp-content\/uploads\/2025\/09\/contactc-3-18x7.jpg 18w, https:\/\/securehubtec.com\/wp-content\/uploads\/2025\/09\/contactc-3-600x237.jpg 600w\" sizes=\"(max-width: 1920px) 100vw, 1920px\" \/>\t\t\t\t\t\t\t\t\t\t\t\t\t\t\t<\/div>\n\t\t\t\t<\/div>\n\t\t\t\t<\/div>\n\t\t<div class=\"elementor-element elementor-element-7f18638 e-con-full e-flex e-con e-parent\" data-id=\"7f18638\" data-element_type=\"container\" data-settings=\"{&quot;background_background&quot;:&quot;gradient&quot;}\">\n\t\t<div class=\"elementor-element elementor-element-3d4ce27 e-con-full e-flex e-con e-child\" data-id=\"3d4ce27\" data-element_type=\"container\" data-settings=\"{&quot;background_background&quot;:&quot;classic&quot;}\">\n\t\t\t\t<div class=\"elementor-element elementor-element-0238b81 elementor-widget elementor-widget-heading\" data-id=\"0238b81\" data-element_type=\"widget\" data-widget_type=\"heading.default\">\n\t\t\t\t<div class=\"elementor-widget-container\">\n\t\t\t\t\t<h2 class=\"elementor-heading-title elementor-size-default\">\u0130leti\u015fim<\/h2>\t\t\t\t<\/div>\n\t\t\t\t<\/div>\n\t\t\t\t<div class=\"elementor-element elementor-element-2e18bdf elementor-widget__width-initial elementor-widget-mobile__width-initial elementor-widget elementor-widget-shortcode\" data-id=\"2e18bdf\" data-element_type=\"widget\" data-widget_type=\"shortcode.default\">\n\t\t\t\t<div class=\"elementor-widget-container\">\n\t\t\t\t\t\t\t<div class=\"elementor-shortcode\"><div class=\"wpforms-container\" id=\"wpforms-15\"><form id=\"wpforms-form-15\" class=\"wpforms-validate wpforms-form\" data-formid=\"15\" method=\"post\" enctype=\"multipart\/form-data\" action=\"\/tr\/wp-json\/wp\/v2\/pages\/414\" data-token=\"66c890108e1325313368cfc12982ab64\" data-trp-original-action=\"\/tr\/wp-json\/wp\/v2\/pages\/414\"><noscript class=\"wpforms-error-noscript\">Bu formu bitirebilmek i\u00e7in taray\u0131c\u0131n\u0131zda JavaScript&#039;i etkinle\u015ftirin.<\/noscript><div class=\"wpforms-field-container\"><div id=\"wpforms-15-field_0-container\" class=\"wpforms-field wpforms-field-name\" data-field-id=\"0\"><label class=\"wpforms-field-label\" for=\"wpforms-15-field_0\">\u0130sim <span class=\"wpforms-required-label\">*<\/span><\/label><input type=\"text\" id=\"wpforms-15-field_0\" class=\"wpforms-field-large wpforms-field-required\" name=\"wpforms[fields][0]\" placeholder=\"\u0130S\u0130M\" required><\/div><div id=\"wpforms-15-field_7-container\" class=\"wpforms-field wpforms-field-text\" data-field-id=\"7\"><label class=\"wpforms-field-label\" for=\"wpforms-15-field_7\">KONU<\/label><input type=\"text\" id=\"wpforms-15-field_7\" class=\"wpforms-field-large\" name=\"wpforms[fields][7]\" placeholder=\"KONU\" ><\/div><div id=\"wpforms-15-field_4-container\" class=\"wpforms-field wpforms-field-email\" data-field-id=\"4\"><label class=\"wpforms-field-label\" for=\"wpforms-15-field_4\">E-posta <span class=\"wpforms-required-label\">*<\/span><\/label><input type=\"email\" id=\"wpforms-15-field_4\" class=\"wpforms-field-large wpforms-field-required\" name=\"wpforms[fields][4]\" placeholder=\"E-POSTA\" spellcheck=\"false\" required><\/div><div id=\"wpforms-15-field_8-container\" class=\"wpforms-field wpforms-field-hidden\" data-field-id=\"8\"><input type=\"hidden\" id=\"wpforms-15-field_8\" name=\"wpforms[fields][8]\" value=\"https:\/\/securehubtec.com\/tr\/wp-json\/wp\/v2\/pages\/414\"><\/div><div id=\"wpforms-15-field_9-container\" class=\"wpforms-field wpforms-field-hidden\" data-field-id=\"9\"><input type=\"hidden\" id=\"wpforms-15-field_9\" name=\"wpforms[fields][9]\" value=\"216.73.216.22\"><\/div><div id=\"wpforms-15-field_10-container\" class=\"wpforms-field wpforms-field-hidden\" data-field-id=\"10\"><input type=\"hidden\" id=\"wpforms-15-field_10\" name=\"wpforms[fields][10]\" value=\"Usercountry\"><\/div><div id=\"wpforms-15-field_2-container\" class=\"wpforms-field wpforms-field-textarea\" data-field-id=\"2\"><label class=\"wpforms-field-label\" for=\"wpforms-15-field_2\">Yorum veya Mesaj <span class=\"wpforms-required-label\">*<\/span><\/label><textarea id=\"wpforms-15-field_2\" class=\"wpforms-field-large wpforms-field-required\" name=\"wpforms[fields][2]\" placeholder=\"MESAJ\" required><\/textarea><\/div><\/div><!-- .wpforms-field-container --><div class=\"wpforms-field wpforms-field-hp\"><label for=\"wpforms-15-field-hp\" class=\"wpforms-field-label\">\u0130sim<\/label><input type=\"text\" name=\"wpforms[hp]\" id=\"wpforms-15-field-hp\" class=\"wpforms-field-medium\"><\/div><div class=\"wpforms-submit-container\" ><input type=\"hidden\" name=\"wpforms[id]\" value=\"15\"><input type=\"hidden\" name=\"wpforms[author]\" value=\"1\"><button type=\"submit\" name=\"wpforms[submit]\" id=\"wpforms-submit-15\" class=\"wpforms-submit\" data-alt-text=\"Sending...\" data-submit-text=\"Send Message\" aria-live=\"assertive\" value=\"wpforms-submit\">Mesaj G\u00f6nder<\/button><\/div><input type=\"hidden\" name=\"trp-form-language\" value=\"tr\"\/><\/form><\/div>  <!-- .wpforms-container --><\/div>\n\t\t\t\t\t\t<\/div>\n\t\t\t\t<\/div>\n\t\t\t\t<\/div>\n\t\t<div class=\"elementor-element elementor-element-9050820 e-con-full e-flex e-con e-child\" data-id=\"9050820\" data-element_type=\"container\">\n\t\t\t\t<div class=\"elementor-element elementor-element-53f0a25 elementor-widget__width-initial elementor-widget elementor-widget-text-editor\" data-id=\"53f0a25\" data-element_type=\"widget\" data-widget_type=\"text-editor.default\">\n\t\t\t\t<div class=\"elementor-widget-container\">\n\t\t\t\t\t\t\t\t\t<p>13 y\u0131ll\u0131k deneyime sahip Shenzhen Intercom Technology Co, Ltd, ak\u0131ll\u0131 g\u00fcvenlik ve ileti\u015fim \u00e7\u00f6z\u00fcmlerine odaklanarak Ar-Ge, \u00fcretim ve k\u00fcresel sat\u0131\u015flar\u0131 entegre eder. \"Ak\u0131ll\u0131 ve g\u00fcvenli olal\u0131m!\" rehberli\u011finde \u00fcr\u00fcnlerimiz g\u00fcvenlik, kullan\u0131m kolayl\u0131\u011f\u0131 ve mobil kontrol i\u00e7in k\u00fcresel ihtiya\u00e7lar\u0131 kar\u015f\u0131lamaktad\u0131r.<\/p>\t\t\t\t\t\t\t\t<\/div>\n\t\t\t\t<\/div>\n\t\t<div class=\"elementor-element elementor-element-567545a e-con-full e-flex e-con e-child\" data-id=\"567545a\" data-element_type=\"container\">\n\t\t\t\t<div class=\"elementor-element elementor-element-582d1a3 elementor-widget__width-initial elementor-widget-mobile__width-initial elementor-widget-tablet__width-initial elementor-widget elementor-widget-text-editor\" data-id=\"582d1a3\" data-element_type=\"widget\" data-widget_type=\"text-editor.default\">\n\t\t\t\t<div class=\"elementor-widget-container\">\n\t\t\t\t\t\t\t\t\t<table><tbody><tr><td width=\"550\" height=\"30\"><img decoding=\"async\" class=\"size-full wp-image-7718 alignleft lazyload\" data-src=\"https:\/\/securehubtec.com\/wp-content\/uploads\/2025\/06\/contactus1-1.jpg\" alt=\"\" width=\"33\" height=\"34\" data-srcset=\"https:\/\/securehubtec.com\/wp-content\/uploads\/2025\/06\/contactus1-1.jpg 33w, https:\/\/securehubtec.com\/wp-content\/uploads\/2025\/06\/contactus1-1-12x12.jpg 12w\" data-sizes=\"(max-width: 33px) 100vw, 33px\" src=\"data:image\/svg+xml;base64,PHN2ZyB3aWR0aD0iMSIgaGVpZ2h0PSIxIiB4bWxucz0iaHR0cDovL3d3dy53My5vcmcvMjAwMC9zdmciPjwvc3ZnPg==\" style=\"--smush-placeholder-width: 33px; --smush-placeholder-aspect-ratio: 33\/34;\" \/>David<\/td><\/tr><tr><td width=\"550\"><img decoding=\"async\" class=\"size-full wp-image-7719 alignleft lazyload\" data-src=\"https:\/\/securehubtec.com\/wp-content\/uploads\/2025\/06\/contactus2.jpg\" alt=\"\" width=\"34\" height=\"34\" data-srcset=\"https:\/\/securehubtec.com\/wp-content\/uploads\/2025\/06\/contactus2.jpg 34w, https:\/\/securehubtec.com\/wp-content\/uploads\/2025\/06\/contactus2-12x12.jpg 12w\" data-sizes=\"(max-width: 34px) 100vw, 34px\" src=\"data:image\/svg+xml;base64,PHN2ZyB3aWR0aD0iMSIgaGVpZ2h0PSIxIiB4bWxucz0iaHR0cDovL3d3dy53My5vcmcvMjAwMC9zdmciPjwvc3ZnPg==\" style=\"--smush-placeholder-width: 34px; --smush-placeholder-aspect-ratio: 34\/34;\" \/>+86 13927405665<\/td><\/tr><tr><td width=\"550\"><img decoding=\"async\" class=\"size-full wp-image-7720 alignnone alignleft lazyload\" data-src=\"https:\/\/securehubtec.com\/wp-content\/uploads\/2025\/06\/contactus3.jpg\" alt=\"\" width=\"35\" height=\"34\" data-srcset=\"https:\/\/securehubtec.com\/wp-content\/uploads\/2025\/06\/contactus3.jpg 35w, https:\/\/securehubtec.com\/wp-content\/uploads\/2025\/06\/contactus3-12x12.jpg 12w\" data-sizes=\"(max-width: 35px) 100vw, 35px\" src=\"data:image\/svg+xml;base64,PHN2ZyB3aWR0aD0iMSIgaGVpZ2h0PSIxIiB4bWxucz0iaHR0cDovL3d3dy53My5vcmcvMjAwMC9zdmciPjwvc3ZnPg==\" style=\"--smush-placeholder-width: 35px; --smush-placeholder-aspect-ratio: 35\/34;\" \/> +86 13927405665<img decoding=\"async\" class=\"wp-image-9165 alignright lazyload\" data-src=\"https:\/\/securehubtec.com\/wp-content\/uploads\/2025\/09\/whatsapp.jpg\" alt=\"\" width=\"96\" height=\"98\" data-srcset=\"https:\/\/securehubtec.com\/wp-content\/uploads\/2025\/09\/whatsapp.jpg 350w, https:\/\/securehubtec.com\/wp-content\/uploads\/2025\/09\/whatsapp-295x300.jpg 295w, https:\/\/securehubtec.com\/wp-content\/uploads\/2025\/09\/whatsapp-12x12.jpg 12w, https:\/\/securehubtec.com\/wp-content\/uploads\/2025\/09\/whatsapp-300x305.jpg 300w\" data-sizes=\"(max-width: 96px) 100vw, 96px\" src=\"data:image\/svg+xml;base64,PHN2ZyB3aWR0aD0iMSIgaGVpZ2h0PSIxIiB4bWxucz0iaHR0cDovL3d3dy53My5vcmcvMjAwMC9zdmciPjwvc3ZnPg==\" style=\"--smush-placeholder-width: 96px; --smush-placeholder-aspect-ratio: 96\/98;\" \/><\/td><\/tr><tr><td width=\"550\"><img decoding=\"async\" class=\"size-full wp-image-7721 alignleft lazyload\" data-src=\"https:\/\/securehubtec.com\/wp-content\/uploads\/2025\/06\/contactus4.jpg\" alt=\"\" width=\"34\" height=\"35\" data-srcset=\"https:\/\/securehubtec.com\/wp-content\/uploads\/2025\/06\/contactus4.jpg 34w, https:\/\/securehubtec.com\/wp-content\/uploads\/2025\/06\/contactus4-12x12.jpg 12w\" data-sizes=\"(max-width: 34px) 100vw, 34px\" src=\"data:image\/svg+xml;base64,PHN2ZyB3aWR0aD0iMSIgaGVpZ2h0PSIxIiB4bWxucz0iaHR0cDovL3d3dy53My5vcmcvMjAwMC9zdmciPjwvc3ZnPg==\" style=\"--smush-placeholder-width: 34px; --smush-placeholder-aspect-ratio: 34\/35;\" \/><a href=\"https:\/\/securehubtec.com\/tr\/\">www.securehubtec.com<\/a><\/td><\/tr><tr><td width=\"550\"><img decoding=\"async\" class=\"size-full wp-image-7722 alignleft lazyload\" data-src=\"https:\/\/securehubtec.com\/wp-content\/uploads\/2025\/06\/contactus5.jpg\" alt=\"\" width=\"34\" height=\"35\" data-srcset=\"https:\/\/securehubtec.com\/wp-content\/uploads\/2025\/06\/contactus5.jpg 34w, https:\/\/securehubtec.com\/wp-content\/uploads\/2025\/06\/contactus5-12x12.jpg 12w\" data-sizes=\"(max-width: 34px) 100vw, 34px\" src=\"data:image\/svg+xml;base64,PHN2ZyB3aWR0aD0iMSIgaGVpZ2h0PSIxIiB4bWxucz0iaHR0cDovL3d3dy53My5vcmcvMjAwMC9zdmciPjwvc3ZnPg==\" style=\"--smush-placeholder-width: 34px; --smush-placeholder-aspect-ratio: 34\/35;\" \/>sjuletec@gmail.com<\/td><\/tr><tr><td width=\"550\"><img decoding=\"async\" class=\"size-full wp-image-7723 alignleft lazyload\" data-src=\"https:\/\/securehubtec.com\/wp-content\/uploads\/2025\/06\/contactus6.jpg\" alt=\"\" width=\"35\" height=\"32\" data-srcset=\"https:\/\/securehubtec.com\/wp-content\/uploads\/2025\/06\/contactus6.jpg 35w, https:\/\/securehubtec.com\/wp-content\/uploads\/2025\/06\/contactus6-13x12.jpg 13w\" data-sizes=\"(max-width: 35px) 100vw, 35px\" src=\"data:image\/svg+xml;base64,PHN2ZyB3aWR0aD0iMSIgaGVpZ2h0PSIxIiB4bWxucz0iaHR0cDovL3d3dy53My5vcmcvMjAwMC9zdmciPjwvc3ZnPg==\" style=\"--smush-placeholder-width: 35px; --smush-placeholder-aspect-ratio: 35\/32;\" \/><span style=\"color: #999999;\">2. Kat, Bina 1, Bao'an Hafif Sanayi Sanayi B\u00f6lgesi, Yingrenshi Toplulu\u011fu, Shiyan Caddesi, Bao'an B\u00f6lgesi, Shenzhen, Guangdong, \u00c7in<\/span><\/td><\/tr><\/tbody><\/table><p>\u00a0<\/p>\t\t\t\t\t\t\t\t<\/div>\n\t\t\t\t<\/div>\n\t\t\t\t<\/div>\n\t\t\t\t<\/div>\n\t\t\t\t<\/div>\n\t\t\t\t<\/div>","protected":false},"excerpt":{"rendered":"<p>Contact With 13 years of experience, Shenzhen Intercom Technology Co., Ltd. integrates R&amp;D, manufacturing and global sales, focusing on smart [&hellip;]<\/p>","protected":false},"author":1,"featured_media":0,"parent":0,"menu_order":0,"comment_status":"closed","ping_status":"closed","template":"","meta":{"site-sidebar-layout":"no-sidebar","site-content-layout":"page-builder","ast-site-content-layout":"full-width-container","site-content-style":"unboxed","site-sidebar-style":"unboxed","ast-global-header-display":"","ast-banner-title-visibility":"","ast-main-header-display":"","ast-hfb-above-header-display":"","ast-hfb-below-header-display":"","ast-hfb-mobile-header-display":"","site-post-title":"disabled","ast-breadcrumbs-content":"","ast-featured-img":"disabled","footer-sml-layout":"","theme-transparent-header-meta":"enabled","adv-header-id-meta":"","stick-header-meta":"","header-above-stick-meta":"","header-main-stick-meta":"","header-below-stick-meta":"","astra-migrate-meta-layouts":"set","ast-page-background-enabled":"default","ast-page-background-meta":{"desktop":{"background-color":"","background-image":"","background-repeat":"repeat","background-position":"center center","background-size":"auto","background-attachment":"scroll","background-type":"","background-media":"","overlay-type":"","overlay-color":"","overlay-opacity":"","overlay-gradient":""},"tablet":{"background-color":"","background-image":"","background-repeat":"repeat","background-position":"center center","background-size":"auto","background-attachment":"scroll","background-type":"","background-media":"","overlay-type":"","overlay-color":"","overlay-opacity":"","overlay-gradient":""},"mobile":{"background-color":"","background-image":"","background-repeat":"repeat","background-position":"center center","background-size":"auto","background-attachment":"scroll","background-type":"","background-media":"","overlay-type":"","overlay-color":"","overlay-opacity":"","overlay-gradient":""}},"ast-content-background-meta":{"desktop":{"background-color":"var(--ast-global-color-5)","background-image":"","background-repeat":"repeat","background-position":"center center","background-size":"auto","background-attachment":"scroll","background-type":"","background-media":"","overlay-type":"","overlay-color":"","overlay-opacity":"","overlay-gradient":""},"tablet":{"background-color":"var(--ast-global-color-5)","background-image":"","background-repeat":"repeat","background-position":"center center","background-size":"auto","background-attachment":"scroll","background-type":"","background-media":"","overlay-type":"","overlay-color":"","overlay-opacity":"","overlay-gradient":""},"mobile":{"background-color":"var(--ast-global-color-5)","background-image":"","background-repeat":"repeat","background-position":"center center","background-size":"auto","background-attachment":"scroll","background-type":"","background-media":"","overlay-type":"","overlay-color":"","overlay-opacity":"","overlay-gradient":""}},"footnotes":""},"class_list":["post-414","page","type-page","status-publish","hentry"],"_links":{"self":[{"href":"https:\/\/securehubtec.com\/tr\/wp-json\/wp\/v2\/pages\/414","targetHints":{"allow":["GET"]}}],"collection":[{"href":"https:\/\/securehubtec.com\/tr\/wp-json\/wp\/v2\/pages"}],"about":[{"href":"https:\/\/securehubtec.com\/tr\/wp-json\/wp\/v2\/types\/page"}],"author":[{"embeddable":true,"href":"https:\/\/securehubtec.com\/tr\/wp-json\/wp\/v2\/users\/1"}],"replies":[{"embeddable":true,"href":"https:\/\/securehubtec.com\/tr\/wp-json\/wp\/v2\/comments?post=414"}],"version-history":[{"count":33,"href":"https:\/\/securehubtec.com\/tr\/wp-json\/wp\/v2\/pages\/414\/revisions"}],"predecessor-version":[{"id":9277,"href":"https:\/\/securehubtec.com\/tr\/wp-json\/wp\/v2\/pages\/414\/revisions\/9277"}],"wp:attachment":[{"href":"https:\/\/securehubtec.com\/tr\/wp-json\/wp\/v2\/media?parent=414"}],"curies":[{"name":"wp","href":"https:\/\/api.w.org\/{rel}","templated":true}]}}