{"id":9585,"date":"2025-10-13T17:18:32","date_gmt":"2025-10-13T15:18:32","guid":{"rendered":"https:\/\/securehubtec.com\/?post_type=product&#038;p=9585"},"modified":"2025-10-13T17:36:56","modified_gmt":"2025-10-13T15:36:56","slug":"management-unit","status":"publish","type":"product","link":"https:\/\/securehubtec.com\/pt\/produto\/management-unit\/","title":{"rendered":"Unidade de gerenciamento"},"content":{"rendered":"<p data-rm-block-id=\"block-1\"><strong><span style=\"color: #ffcc00;\">Unidade de gerenciamento (interfone com v\u00eddeo Telefone da porta Campainha da porta)<\/span><\/strong><br \/>\nMais do que uma campainha, ela \u00e9 sua seguran\u00e7a 24 horas por dia, 7 dias por semana. Na seguran\u00e7a inteligente global, a DRSECURE \u00e9 l\u00edder em solu\u00e7\u00f5es inovadoras, confi\u00e1veis e centradas no usu\u00e1rio para casas, apartamentos e espa\u00e7os comerciais. Como fabricante profissional de intercomunicadores inteligentes, oferecemos um amplo portf\u00f3lio de produtos que abrange as necessidades modernas de seguran\u00e7a - controle de entrada, comunica\u00e7\u00e3o em tempo real - para atender \u00e0s demandas de clientes estrangeiros. Para distribuidores, incorporadores imobili\u00e1rios ou propriet\u00e1rios de casas, a DRSECURE traz d\u00e9cadas de experi\u00eancia. Nossa marca \u00e9 sin\u00f4nimo de durabilidade, tecnologia avan\u00e7ada e conformidade com padr\u00f5es globais, o que nos torna a principal escolha para clientes focados em seguran\u00e7a (unidade de gerenciamento).<br \/>\n<img fetchpriority=\"high\" decoding=\"async\" class=\"aligncenter wp-image-9431 size-full\" src=\"https:\/\/securehubtec.com\/wp-content\/uploads\/2025\/10\/Smart-Video-Intercom-k-1.jpg\" alt=\"Management Unit\" width=\"1100\" height=\"809\" srcset=\"https:\/\/securehubtec.com\/wp-content\/uploads\/2025\/10\/Smart-Video-Intercom-k-1.jpg 1100w, https:\/\/securehubtec.com\/wp-content\/uploads\/2025\/10\/Smart-Video-Intercom-k-1-300x221.jpg 300w, https:\/\/securehubtec.com\/wp-content\/uploads\/2025\/10\/Smart-Video-Intercom-k-1-1024x753.jpg 1024w, https:\/\/securehubtec.com\/wp-content\/uploads\/2025\/10\/Smart-Video-Intercom-k-1-768x565.jpg 768w, https:\/\/securehubtec.com\/wp-content\/uploads\/2025\/10\/Smart-Video-Intercom-k-1-16x12.jpg 16w, https:\/\/securehubtec.com\/wp-content\/uploads\/2025\/10\/Smart-Video-Intercom-k-1-600x441.jpg 600w\" sizes=\"(max-width: 1100px) 100vw, 1100px\" \/><span data-leaf=\"true\"><span class=\"lb\">Nossos principais produtos s\u00e3o intercomunicadores e campainhas sob medida para cada cen\u00e1rio. As op\u00e7\u00f5es residenciais incluem campainhas com conversa\u00e7\u00e3o bidirecional, sistemas de intercomunica\u00e7\u00e3o (com conectividade cont\u00ednua) e c\u00e2meras de campainha (monitoramento\/grava\u00e7\u00e3o de v\u00eddeo em tempo real). Tamb\u00e9m oferecemos interfones\/portas inteligentes que se integram a casas inteligentes, control\u00e1veis por meio de telefones\/tablets. Para grandes complexos residenciais, nossos intercomunicadores inteligentes para apartamentos simplificam o gerenciamento de visitantes, reduzindo o tempo de espera e aumentando a seguran\u00e7a (unidade de gerenciamento).<br \/>\n<\/span><\/span><br \/>\n<img decoding=\"async\" class=\"aligncenter size-full wp-image-9329 lazyload\" data-src=\"https:\/\/securehubtec.com\/wp-content\/uploads\/2025\/09\/B.jpg\" alt=\"\" width=\"1280\" height=\"961\" data-srcset=\"https:\/\/securehubtec.com\/wp-content\/uploads\/2025\/09\/B.jpg 1280w, https:\/\/securehubtec.com\/wp-content\/uploads\/2025\/09\/B-300x225.jpg 300w, https:\/\/securehubtec.com\/wp-content\/uploads\/2025\/09\/B-1024x769.jpg 1024w, https:\/\/securehubtec.com\/wp-content\/uploads\/2025\/09\/B-768x577.jpg 768w, https:\/\/securehubtec.com\/wp-content\/uploads\/2025\/09\/B-16x12.jpg 16w, https:\/\/securehubtec.com\/wp-content\/uploads\/2025\/09\/B-600x450.jpg 600w\" data-sizes=\"(max-width: 1280px) 100vw, 1280px\" src=\"data:image\/svg+xml;base64,PHN2ZyB3aWR0aD0iMSIgaGVpZ2h0PSIxIiB4bWxucz0iaHR0cDovL3d3dy53My5vcmcvMjAwMC9zdmciPjwvc3ZnPg==\" style=\"--smush-placeholder-width: 1280px; --smush-placeholder-aspect-ratio: 1280\/961;\" \/>Al\u00e9m de interfones\/campainhas, a DRSECURE oferece solu\u00e7\u00f5es completas de controle de acesso e entrada inteligente, substituindo as chaves tradicionais. Nossos sistemas de acesso permitem um gerenciamento seguro e flex\u00edvel para uso comercial\/residencial; a entrada sem chave funciona por meio de telefones, fobs ou biometria (conveniente e seguro). Tamb\u00e9m temos sistemas de arm\u00e1rios inteligentes (\u00e0 prova de viola\u00e7\u00e3o, rastreamento em tempo real, gerenciamento remoto) para academias\/locais de trabalho. Todos os produtos resistem ao uso intenso e a ambientes variados, garantindo confiabilidade de longo prazo para clientes estrangeiros (unidade de gerenciamento).<br \/>\n<img decoding=\"async\" class=\"aligncenter wp-image-9330 size-full lazyload\" data-src=\"https:\/\/securehubtec.com\/wp-content\/uploads\/2025\/09\/C.jpg\" alt=\"Doorbell Camera H1\" width=\"1280\" height=\"1053\" data-srcset=\"https:\/\/securehubtec.com\/wp-content\/uploads\/2025\/09\/C.jpg 1280w, https:\/\/securehubtec.com\/wp-content\/uploads\/2025\/09\/C-300x247.jpg 300w, https:\/\/securehubtec.com\/wp-content\/uploads\/2025\/09\/C-1024x842.jpg 1024w, https:\/\/securehubtec.com\/wp-content\/uploads\/2025\/09\/C-768x632.jpg 768w, https:\/\/securehubtec.com\/wp-content\/uploads\/2025\/09\/C-15x12.jpg 15w, https:\/\/securehubtec.com\/wp-content\/uploads\/2025\/09\/C-600x494.jpg 600w\" data-sizes=\"(max-width: 1280px) 100vw, 1280px\" src=\"data:image\/svg+xml;base64,PHN2ZyB3aWR0aD0iMSIgaGVpZ2h0PSIxIiB4bWxucz0iaHR0cDovL3d3dy53My5vcmcvMjAwMC9zdmciPjwvc3ZnPg==\" style=\"--smush-placeholder-width: 1280px; --smush-placeholder-aspect-ratio: 1280\/1053;\" \/>Uma das principais vantagens da DRSECURE \u00e9 a estrita conformidade com os padr\u00f5es globais de qualidade e seguran\u00e7a. Nossos intercomunicadores de v\u00eddeo e sistemas Smart Video Intercom possuem certifica\u00e7\u00f5es CE e FCC, atendendo aos principais requisitos de desempenho, seguran\u00e7a e compatibilidade eletromagn\u00e9tica da Europa e da Am\u00e9rica do Norte. Isso facilita a importa\u00e7\u00e3o\/venda nessas regi\u00f5es e tranquiliza os clientes. Tamb\u00e9m realizamos rigorosos testes de pr\u00e9-embarque (durabilidade, funcionalidade) para atender ou superar as expectativas dos clientes.<br \/>\n<img decoding=\"async\" class=\"aligncenter size-full wp-image-9331 lazyload\" data-src=\"https:\/\/securehubtec.com\/wp-content\/uploads\/2025\/09\/D.jpg\" alt=\"\" width=\"1280\" height=\"620\" data-srcset=\"https:\/\/securehubtec.com\/wp-content\/uploads\/2025\/09\/D.jpg 1280w, https:\/\/securehubtec.com\/wp-content\/uploads\/2025\/09\/D-300x145.jpg 300w, https:\/\/securehubtec.com\/wp-content\/uploads\/2025\/09\/D-1024x496.jpg 1024w, https:\/\/securehubtec.com\/wp-content\/uploads\/2025\/09\/D-768x372.jpg 768w, https:\/\/securehubtec.com\/wp-content\/uploads\/2025\/09\/D-18x9.jpg 18w, https:\/\/securehubtec.com\/wp-content\/uploads\/2025\/09\/D-600x291.jpg 600w\" data-sizes=\"(max-width: 1280px) 100vw, 1280px\" src=\"data:image\/svg+xml;base64,PHN2ZyB3aWR0aD0iMSIgaGVpZ2h0PSIxIiB4bWxucz0iaHR0cDovL3d3dy53My5vcmcvMjAwMC9zdmciPjwvc3ZnPg==\" style=\"--smush-placeholder-width: 1280px; --smush-placeholder-aspect-ratio: 1280\/620;\" \/><\/p>\n<div class=\"ace-line\" dir=\"auto\" data-node=\"true\" data-rm-block-id=\"block-2\"><span data-string=\"true\" data-enter=\"true\" data-leaf=\"true\">A parceria com a DRSECURE significa mais do que a compra de produtos - significa um aliado confi\u00e1vel para o seu sucesso. Oferecemos personaliza\u00e7\u00e3o flex\u00edvel (por exemplo, ajustes est\u00e9ticos locais, integra\u00e7\u00e3o de protocolos regionais) para atender ao seu mercado. Nosso suporte ao cliente 24 horas por dia, 7 dias por semana, auxilia na instala\u00e7\u00e3o, na solu\u00e7\u00e3o de problemas e no p\u00f3s-venda. Al\u00e9m disso, pre\u00e7os competitivos e cadeias de suprimentos eficientes ajudam a aumentar a lucratividade. Escolha a DRSECURE: um parceiro investido em seu sucesso global em seguran\u00e7a inteligente.<\/span><\/div>","protected":false},"excerpt":{"rendered":"<ul>\n<li>DC12V ou POE (IEEE 802.3AF)<\/li>\n<li>1\" IPS LCD, 1024*600<\/li>\n<li>ABS + vidro temperado<\/li>\n<li>V\u00eddeo H.264\/H.265, \u00c1udio G.711<\/li>\n<li>Toque de chamada \u226570dB<\/li>\n<li>Pot\u00eancia de trabalho &lt; 8W<\/li>\n<li>Temperatura de trabalho -10\u2103 ~ +45\u2103<\/li>\n<li>Montagem na parede<\/li>\n<li>Fone de ouvido<\/li>\n<li>A c\u00e2mera embutida \u00e9 opcional<\/li>\n<li>O Wi-Fi \u00e9 opcional<\/li>\n<li>Sistema Linux<\/li>\n<li>V\u00eddeo porteiro<\/li>\n<li>Cancelamento de eco<\/li>\n<li>Monitor IPC (24 horas, tela quad-split)<\/li>\n<li>Monitorar esta\u00e7\u00e3o externa<\/li>\n<li>Alarme: SOS, detec\u00e7\u00e3o de g\u00e1s, conex\u00e3o com fio de 4 canais<\/li>\n<li>Tuya Home: Opcional<\/li>\n<\/ul>","protected":false},"featured_media":9586,"comment_status":"open","ping_status":"closed","template":"","meta":{"site-sidebar-layout":"default","site-content-layout":"","ast-site-content-layout":"default","site-content-style":"default","site-sidebar-style":"default","ast-global-header-display":"","ast-banner-title-visibility":"","ast-main-header-display":"","ast-hfb-above-header-display":"","ast-hfb-below-header-display":"","ast-hfb-mobile-header-display":"","site-post-title":"","ast-breadcrumbs-content":"","ast-featured-img":"","footer-sml-layout":"","theme-transparent-header-meta":"default","adv-header-id-meta":"","stick-header-meta":"default","header-above-stick-meta":"","header-main-stick-meta":"","header-below-stick-meta":"","astra-migrate-meta-layouts":"set","ast-page-background-enabled":"default","ast-page-background-meta":{"desktop":{"background-color":"","background-image":"","background-repeat":"repeat","background-position":"center center","background-size":"auto","background-attachment":"scroll","background-type":"","background-media":"","overlay-type":"","overlay-color":"","overlay-opacity":"","overlay-gradient":""},"tablet":{"background-color":"","background-image":"","background-repeat":"repeat","background-position":"center center","background-size":"auto","background-attachment":"scroll","background-type":"","background-media":"","overlay-type":"","overlay-color":"","overlay-opacity":"","overlay-gradient":""},"mobile":{"background-color":"","background-image":"","background-repeat":"repeat","background-position":"center center","background-size":"auto","background-attachment":"scroll","background-type":"","background-media":"","overlay-type":"","overlay-color":"","overlay-opacity":"","overlay-gradient":""}},"ast-content-background-meta":{"desktop":{"background-color":"var(--ast-global-color-5)","background-image":"","background-repeat":"repeat","background-position":"center center","background-size":"auto","background-attachment":"scroll","background-type":"","background-media":"","overlay-type":"","overlay-color":"","overlay-opacity":"","overlay-gradient":""},"tablet":{"background-color":"var(--ast-global-color-5)","background-image":"","background-repeat":"repeat","background-position":"center center","background-size":"auto","background-attachment":"scroll","background-type":"","background-media":"","overlay-type":"","overlay-color":"","overlay-opacity":"","overlay-gradient":""},"mobile":{"background-color":"var(--ast-global-color-5)","background-image":"","background-repeat":"repeat","background-position":"center center","background-size":"auto","background-attachment":"scroll","background-type":"","background-media":"","overlay-type":"","overlay-color":"","overlay-opacity":"","overlay-gradient":""}}},"product_cat":[133,15],"product_tag":[],"class_list":{"0":"post-9585","1":"product","2":"type-product","3":"status-publish","4":"has-post-thumbnail","6":"product_cat-management-unit","7":"product_cat-product","8":"desktop-align-left","9":"tablet-align-left","10":"mobile-align-left","11":"ast-product-gallery-layout-horizontal-slider","12":"ast-product-gallery-with-no-image","13":"ast-product-tabs-layout-horizontal","15":"first","16":"instock","17":"shipping-taxable","18":"product-type-simple"},"_links":{"self":[{"href":"https:\/\/securehubtec.com\/pt\/wp-json\/wp\/v2\/product\/9585","targetHints":{"allow":["GET"]}}],"collection":[{"href":"https:\/\/securehubtec.com\/pt\/wp-json\/wp\/v2\/product"}],"about":[{"href":"https:\/\/securehubtec.com\/pt\/wp-json\/wp\/v2\/types\/product"}],"replies":[{"embeddable":true,"href":"https:\/\/securehubtec.com\/pt\/wp-json\/wp\/v2\/comments?post=9585"}],"version-history":[{"count":4,"href":"https:\/\/securehubtec.com\/pt\/wp-json\/wp\/v2\/product\/9585\/revisions"}],"predecessor-version":[{"id":9590,"href":"https:\/\/securehubtec.com\/pt\/wp-json\/wp\/v2\/product\/9585\/revisions\/9590"}],"wp:featuredmedia":[{"embeddable":true,"href":"https:\/\/securehubtec.com\/pt\/wp-json\/wp\/v2\/media\/9586"}],"wp:attachment":[{"href":"https:\/\/securehubtec.com\/pt\/wp-json\/wp\/v2\/media?parent=9585"}],"wp:term":[{"taxonomy":"product_cat","embeddable":true,"href":"https:\/\/securehubtec.com\/pt\/wp-json\/wp\/v2\/product_cat?post=9585"},{"taxonomy":"product_tag","embeddable":true,"href":"https:\/\/securehubtec.com\/pt\/wp-json\/wp\/v2\/product_tag?post=9585"}],"curies":[{"name":"wp","href":"https:\/\/api.w.org\/{rel}","templated":true}]}}