{"id":9569,"date":"2025-10-07T19:56:04","date_gmt":"2025-10-07T11:56:04","guid":{"rendered":"https:\/\/securehubtec.com\/?post_type=product&#038;p=9569"},"modified":"2025-10-07T19:56:06","modified_gmt":"2025-10-07T11:56:06","slug":"doorbell-camera-h1","status":"publish","type":"product","link":"https:\/\/securehubtec.com\/pt\/produto\/doorbell-camera-h1\/","title":{"rendered":"C\u00e2mera para campainha H1"},"content":{"rendered":"<p><span style=\"color: #ffcc00;\"><strong>C\u00e2mera para campainha H1<\/strong><\/span><br \/>\nMais do que uma campainha, \u00e9 sua seguran\u00e7a 24 horas por dia, 7 dias por semana,<span data-leaf=\"true\"><span class=\"lb\">No cen\u00e1rio global da seguran\u00e7a inteligente, a DRSECURE se destaca como um fornecedor l\u00edder dedicado a oferecer solu\u00e7\u00f5es inovadoras, confi\u00e1veis e centradas no usu\u00e1rio que redefinem a seguran\u00e7a e a conveni\u00eancia para casas, apartamentos e espa\u00e7os comerciais. Como profissional <\/span><\/span><span data-leaf=\"true\"><span class=\"lb\">Fabrica\u00e7\u00e3o de intercomunicadores inteligentes<\/span><\/span><span data-leaf=\"true\"><span class=\"lb\">Na DRSECURE, temos orgulho de nosso extenso portf\u00f3lio de produtos que abrange todos os aspectos essenciais da seguran\u00e7a moderna, desde o controle de entrada at\u00e9 a comunica\u00e7\u00e3o em tempo real, todos projetados para atender \u00e0s diversas necessidades de clientes estrangeiros. Seja voc\u00ea um distribuidor em busca de produtos de alta qualidade, um desenvolvedor imobili\u00e1rio que est\u00e1 equipando novos edif\u00edcios ou um propriet\u00e1rio que est\u00e1 atualizando seu sistema de seguran\u00e7a, a DRSECURE traz d\u00e9cadas de experi\u00eancia e um compromisso com a excel\u00eancia para cada solu\u00e7\u00e3o que oferece. Nossa marca \u00e9 sin\u00f4nimo de durabilidade, tecnologia avan\u00e7ada e conformidade com padr\u00f5es globais, o que nos torna a escolha ideal para clientes que se recusam a comprometer a seguran\u00e7a.<\/span><\/span><br \/>\n<img fetchpriority=\"high\" decoding=\"async\" class=\"aligncenter size-full wp-image-9328\" src=\"https:\/\/securehubtec.com\/wp-content\/uploads\/2025\/09\/A.jpg\" alt=\"\" width=\"1280\" height=\"710\" srcset=\"https:\/\/securehubtec.com\/wp-content\/uploads\/2025\/09\/A.jpg 1280w, https:\/\/securehubtec.com\/wp-content\/uploads\/2025\/09\/A-300x166.jpg 300w, https:\/\/securehubtec.com\/wp-content\/uploads\/2025\/09\/A-1024x568.jpg 1024w, https:\/\/securehubtec.com\/wp-content\/uploads\/2025\/09\/A-768x426.jpg 768w, https:\/\/securehubtec.com\/wp-content\/uploads\/2025\/09\/A-18x10.jpg 18w, https:\/\/securehubtec.com\/wp-content\/uploads\/2025\/09\/A-600x333.jpg 600w\" sizes=\"(max-width: 1280px) 100vw, 1280px\" \/><span data-leaf=\"true\"><span class=\"lb\">No centro de nossa linha de produtos est\u00e1 uma variedade de solu\u00e7\u00f5es de interfone e campainha adaptadas a diferentes cen\u00e1rios. Para espa\u00e7os residenciais, nossos <\/span><\/span><span data-leaf=\"true\"><span class=\"lb\">Campainha de porta com conversa\u00e7\u00e3o bidirecional<\/span><\/span><span data-leaf=\"true\"><span class=\"lb\"> e <\/span><\/span><span data-leaf=\"true\"><span class=\"lb\">campainha da porta do apartamento<\/span><\/span><span data-leaf=\"true\"><span class=\"lb\"> fornecem uma comunica\u00e7\u00e3o simples e eficaz, permitindo que os residentes interajam com os visitantes sem esfor\u00e7o. Para necessidades mais avan\u00e7adas, nossos <\/span><\/span><span data-leaf=\"true\"><span class=\"lb\">Interfone bidirecional<\/span><\/span><span data-leaf=\"true\"><span class=\"lb\"> e <\/span><\/span><span data-leaf=\"true\"><span class=\"lb\">intercomunicador com campainha<\/span><\/span><span data-leaf=\"true\"><span class=\"lb\"> oferecem conectividade perfeita, enquanto nossos sistemas <\/span><\/span><span data-leaf=\"true\"><span class=\"lb\">c\u00e2mera da campainha<\/span><\/span><span data-leaf=\"true\"><span class=\"lb\"> Os modelos levam a seguran\u00e7a um passo adiante com recursos de monitoramento e grava\u00e7\u00e3o de v\u00eddeo em tempo real, garantindo que voc\u00ea nunca perca um visitante, mesmo quando estiver ausente. Tamb\u00e9m oferecemos <\/span><\/span><span data-leaf=\"true\"><span class=\"lb\">Telefones inteligentes para portas<\/span><\/span><span data-leaf=\"true\"><span class=\"lb\"> e <\/span><\/span><span data-leaf=\"true\"><span class=\"lb\">intercomunicador inteligente<\/span><\/span><span data-leaf=\"true\"><span class=\"lb\"> que se integram aos modernos ecossistemas de casas inteligentes, oferecendo aos usu\u00e1rios um controle intuitivo por meio de smartphones ou tablets. Para complexos residenciais maiores, nossos <\/span><\/span><span data-leaf=\"true\"><span class=\"lb\">Interfone inteligente para apartamento<\/span><\/span><span data-leaf=\"true\"><span class=\"lb\"> e <\/span><\/span><span data-leaf=\"true\"><span class=\"lb\">Intercomunicador inteligente para pr\u00e9dios de apartamentos<\/span><\/span><span data-leaf=\"true\"><span class=\"lb\"> As solu\u00e7\u00f5es simplificam o gerenciamento de visitantes, reduzindo o tempo de espera e aumentando a seguran\u00e7a geral dos residentes.<\/span><\/span><br \/>\n<img decoding=\"async\" class=\"aligncenter size-full wp-image-9329 lazyload\" data-src=\"https:\/\/securehubtec.com\/wp-content\/uploads\/2025\/09\/B.jpg\" alt=\"\" width=\"1280\" height=\"961\" data-srcset=\"https:\/\/securehubtec.com\/wp-content\/uploads\/2025\/09\/B.jpg 1280w, https:\/\/securehubtec.com\/wp-content\/uploads\/2025\/09\/B-300x225.jpg 300w, https:\/\/securehubtec.com\/wp-content\/uploads\/2025\/09\/B-1024x769.jpg 1024w, https:\/\/securehubtec.com\/wp-content\/uploads\/2025\/09\/B-768x577.jpg 768w, https:\/\/securehubtec.com\/wp-content\/uploads\/2025\/09\/B-16x12.jpg 16w, https:\/\/securehubtec.com\/wp-content\/uploads\/2025\/09\/B-600x450.jpg 600w\" data-sizes=\"(max-width: 1280px) 100vw, 1280px\" src=\"data:image\/svg+xml;base64,PHN2ZyB3aWR0aD0iMSIgaGVpZ2h0PSIxIiB4bWxucz0iaHR0cDovL3d3dy53My5vcmcvMjAwMC9zdmciPjwvc3ZnPg==\" style=\"--smush-placeholder-width: 1280px; --smush-placeholder-aspect-ratio: 1280\/961;\" \/><span data-leaf=\"true\"><span class=\"lb\">Al\u00e9m de intercomunicadores e campainhas, a DRSECURE oferece um conjunto abrangente de solu\u00e7\u00f5es de controle de acesso e entrada inteligente que eliminam as limita\u00e7\u00f5es das chaves tradicionais. Nossos <\/span><\/span><span data-leaf=\"true\"><span class=\"lb\">sistemas de controle de acesso<\/span><\/span><span data-leaf=\"true\"><span class=\"lb\"> s\u00e3o projetados para fornecer gerenciamento de acesso seguro e flex\u00edvel para edif\u00edcios comerciais, escrit\u00f3rios e complexos residenciais, enquanto nossos <\/span><\/span><span data-leaf=\"true\"><span class=\"lb\">Entrada sem chave<\/span><\/span><span data-leaf=\"true\"><span class=\"lb\"> permitem que os usu\u00e1rios destranquem as portas usando smartphones, chaveiros ou dados biom\u00e9tricos, acrescentando uma camada de conveni\u00eancia sem sacrificar a seguran\u00e7a. Tamb\u00e9m atendemos \u00e0s necessidades de seguran\u00e7a de armazenamento com nossos <\/span><\/span><span data-leaf=\"true\"><span class=\"lb\">arm\u00e1rio inteligente seguro<\/span><\/span><span data-leaf=\"true\"><span class=\"lb\"> que apresentam designs \u00e0 prova de viola\u00e7\u00e3o, rastreamento de acesso em tempo real e recursos de gerenciamento remoto - perfeitos para academias, locais de trabalho e instala\u00e7\u00f5es p\u00fablicas. Todos os produtos dessa linha foram desenvolvidos para suportar o uso intenso e as diversas condi\u00e7\u00f5es ambientais, garantindo confiabilidade de longo prazo para nossos clientes no exterior.<\/span><\/span><br \/>\n<img decoding=\"async\" class=\"aligncenter wp-image-9330 size-full lazyload\" data-src=\"https:\/\/securehubtec.com\/wp-content\/uploads\/2025\/09\/C.jpg\" alt=\"Doorbell Camera H1\" width=\"1280\" height=\"1053\" data-srcset=\"https:\/\/securehubtec.com\/wp-content\/uploads\/2025\/09\/C.jpg 1280w, https:\/\/securehubtec.com\/wp-content\/uploads\/2025\/09\/C-300x247.jpg 300w, https:\/\/securehubtec.com\/wp-content\/uploads\/2025\/09\/C-1024x842.jpg 1024w, https:\/\/securehubtec.com\/wp-content\/uploads\/2025\/09\/C-768x632.jpg 768w, https:\/\/securehubtec.com\/wp-content\/uploads\/2025\/09\/C-15x12.jpg 15w, https:\/\/securehubtec.com\/wp-content\/uploads\/2025\/09\/C-600x494.jpg 600w\" data-sizes=\"(max-width: 1280px) 100vw, 1280px\" src=\"data:image\/svg+xml;base64,PHN2ZyB3aWR0aD0iMSIgaGVpZ2h0PSIxIiB4bWxucz0iaHR0cDovL3d3dy53My5vcmcvMjAwMC9zdmciPjwvc3ZnPg==\" style=\"--smush-placeholder-width: 1280px; --smush-placeholder-aspect-ratio: 1280\/1053;\" \/><span data-leaf=\"true\"><span class=\"lb\">Uma das principais vantagens de escolher a DRSECURE \u00e9 o nosso compromisso inabal\u00e1vel com a conformidade com os padr\u00f5es globais de qualidade e seguran\u00e7a. Todos os nossos produtos, inclusive o popular <\/span><\/span><span data-leaf=\"true\"><span class=\"lb\">v\u00eddeo porteiro<\/span><\/span><span data-leaf=\"true\"><span class=\"lb\"> e <\/span><\/span><span data-leaf=\"true\"><span class=\"lb\">Intercomunicador de v\u00eddeo inteligente<\/span><\/span><span data-leaf=\"true\"><span class=\"lb\"> sistemas, mantenha ambos <\/span><\/span><span data-leaf=\"true\"><span class=\"lb\">CE<\/span><\/span><span data-leaf=\"true\"><span class=\"lb\"> e <\/span><\/span><span data-leaf=\"true\"><span class=\"lb\">FCC<\/span><\/span><span data-leaf=\"true\"><span class=\"lb\"> que comprovam que eles atendem aos mais rigorosos requisitos de desempenho, seguran\u00e7a e compatibilidade eletromagn\u00e9tica nos mercados europeu e norte-americano. Essa certifica\u00e7\u00e3o n\u00e3o s\u00f3 garante que os nossos produtos possam ser importados e vendidos sem problemas nessas regi\u00f5es, mas tamb\u00e9m d\u00e1 aos nossos clientes a tranquilidade de saber que est\u00e3o investindo em solu\u00e7\u00f5es que atendem aos mais altos padr\u00f5es de refer\u00eancia do setor. Realizamos testes rigorosos em cada produto antes que ele saia da f\u00e1brica, desde verifica\u00e7\u00f5es de durabilidade at\u00e9 testes de funcionalidade, para garantir que ele atenda ou exceda as expectativas dos clientes.<\/span><\/span><br \/>\n<img decoding=\"async\" class=\"aligncenter size-full wp-image-9331 lazyload\" data-src=\"https:\/\/securehubtec.com\/wp-content\/uploads\/2025\/09\/D.jpg\" alt=\"\" width=\"1280\" height=\"620\" data-srcset=\"https:\/\/securehubtec.com\/wp-content\/uploads\/2025\/09\/D.jpg 1280w, https:\/\/securehubtec.com\/wp-content\/uploads\/2025\/09\/D-300x145.jpg 300w, https:\/\/securehubtec.com\/wp-content\/uploads\/2025\/09\/D-1024x496.jpg 1024w, https:\/\/securehubtec.com\/wp-content\/uploads\/2025\/09\/D-768x372.jpg 768w, https:\/\/securehubtec.com\/wp-content\/uploads\/2025\/09\/D-18x9.jpg 18w, https:\/\/securehubtec.com\/wp-content\/uploads\/2025\/09\/D-600x291.jpg 600w\" data-sizes=\"(max-width: 1280px) 100vw, 1280px\" src=\"data:image\/svg+xml;base64,PHN2ZyB3aWR0aD0iMSIgaGVpZ2h0PSIxIiB4bWxucz0iaHR0cDovL3d3dy53My5vcmcvMjAwMC9zdmciPjwvc3ZnPg==\" style=\"--smush-placeholder-width: 1280px; --smush-placeholder-aspect-ratio: 1280\/620;\" \/><\/p>\n<div class=\"ace-line\" dir=\"auto\" data-node=\"true\"><span data-leaf=\"true\"><span class=\"lb\">A parceria com a DRSECURE significa mais do que apenas adquirir produtos de seguran\u00e7a - significa ganhar um aliado confi\u00e1vel que prioriza o seu sucesso. Oferecemos op\u00e7\u00f5es flex\u00edveis de personaliza\u00e7\u00e3o para adaptar nossas solu\u00e7\u00f5es \u00e0s necessidades espec\u00edficas de seu mercado, seja ajustando o design dos produtos \u00e0 est\u00e9tica local ou integrando protocolos de comunica\u00e7\u00e3o regionais. Nossa equipe dedicada de suporte ao cliente est\u00e1 dispon\u00edvel 24 horas por dia, 7 dias por semana, para ajudar na instala\u00e7\u00e3o, na solu\u00e7\u00e3o de problemas e no servi\u00e7o p\u00f3s-venda, garantindo uma experi\u00eancia tranquila para voc\u00ea e seus usu\u00e1rios finais. Al\u00e9m disso, nossos pre\u00e7os competitivos e o gerenciamento eficiente da cadeia de suprimentos permitem que voc\u00ea maximize a lucratividade e, ao mesmo tempo, ofere\u00e7a solu\u00e7\u00f5es de seguran\u00e7a de primeira linha aos seus clientes. Com a DRSECURE, voc\u00ea n\u00e3o est\u00e1 escolhendo apenas um fornecedor de produtos - est\u00e1 escolhendo um parceiro que investe para ajud\u00e1-lo a prosperar no mercado global de seguran\u00e7a inteligente.<\/span><\/span><span data-string=\"true\" data-enter=\"true\" data-leaf=\"true\">\u200b<\/span><\/div>","protected":false},"excerpt":{"rendered":"<p><strong><span style=\"color: #ffcc00;\">Dimens\u00e3o\uff1a 150x85x28 mm<\/span><\/strong><br \/>\n<strong><span style=\"color: #ffcc00;\">V\u00eddeo porteiro\uff1a<br \/>\n<\/span><\/strong><span style=\"margin: 120px;\">Com Smart Monitor ou Guard Station<\/span><br \/>\n<span style=\"margin: 120px;\">Com a Outdoor Station ou o aplicativo Tuya<\/span><br \/>\n<span style=\"margin: 120px;\">Com o terceiro dispositivo padr\u00e3o SIP<\/span><br \/>\n<strong><span style=\"color: #ffcc00;\">Controle de acesso\uff1a<\/span><\/strong><br \/>\n<span style=\"margin: 120px;\">Cart\u00e3o IC ou identifica\u00e7\u00e3o NFC<\/span><br \/>\nSistema Linux | Tuya Home: 1 | Cancelamento de eco<br \/>\nUm toque para chamar | Conectar ao NVR<br \/>\nSa\u00edda de sinal de rel\u00e9 expans\u00edvel de 4 canais<br \/>\nProtocolo SIP | Fonte de alimenta\u00e7\u00e3o DC12V<br \/>\n2M pixels, c\u00e2mera de lente dupla<br \/>\nCapacidade de entrada por toque | Cart\u00e3o de acesso de 13,56 MHz e NFC<br \/>\nAlum\u00ednio + vidro temperado | V\u00eddeo H.264\/H.265, \u00c1udio G.711<br \/>\nAlto-falante embutido 8R1W Toque \u226570dB | Pot\u00eancia de trabalho &lt; 10W<br \/>\nTemperatura de trabalho -20\u2103 ~ +50\u2103 | Montagem na parede<br \/>\nIP65 N\u00edvel de IP | Wi-Fi \u00e9 opcional, com antena externa<br \/>\nCapa de chuva<br \/>\n<strong><span style=\"color: #ffcc00;\">Descri\u00e7\u00e3o da interface<\/span><\/strong><br \/>\nPorta de rede RJ45 | Porta de entrada de energia<br \/>\nSa\u00edda de sinal de rel\u00e9, 1 via | Porta RS485<\/p>","protected":false},"featured_media":9571,"comment_status":"open","ping_status":"closed","template":"","meta":{"site-sidebar-layout":"default","site-content-layout":"","ast-site-content-layout":"default","site-content-style":"default","site-sidebar-style":"default","ast-global-header-display":"","ast-banner-title-visibility":"","ast-main-header-display":"","ast-hfb-above-header-display":"","ast-hfb-below-header-display":"","ast-hfb-mobile-header-display":"","site-post-title":"","ast-breadcrumbs-content":"","ast-featured-img":"","footer-sml-layout":"","theme-transparent-header-meta":"default","adv-header-id-meta":"","stick-header-meta":"default","header-above-stick-meta":"","header-main-stick-meta":"","header-below-stick-meta":"","astra-migrate-meta-layouts":"set","ast-page-background-enabled":"default","ast-page-background-meta":{"desktop":{"background-color":"","background-image":"","background-repeat":"repeat","background-position":"center center","background-size":"auto","background-attachment":"scroll","background-type":"","background-media":"","overlay-type":"","overlay-color":"","overlay-opacity":"","overlay-gradient":""},"tablet":{"background-color":"","background-image":"","background-repeat":"repeat","background-position":"center center","background-size":"auto","background-attachment":"scroll","background-type":"","background-media":"","overlay-type":"","overlay-color":"","overlay-opacity":"","overlay-gradient":""},"mobile":{"background-color":"","background-image":"","background-repeat":"repeat","background-position":"center center","background-size":"auto","background-attachment":"scroll","background-type":"","background-media":"","overlay-type":"","overlay-color":"","overlay-opacity":"","overlay-gradient":""}},"ast-content-background-meta":{"desktop":{"background-color":"var(--ast-global-color-5)","background-image":"","background-repeat":"repeat","background-position":"center center","background-size":"auto","background-attachment":"scroll","background-type":"","background-media":"","overlay-type":"","overlay-color":"","overlay-opacity":"","overlay-gradient":""},"tablet":{"background-color":"var(--ast-global-color-5)","background-image":"","background-repeat":"repeat","background-position":"center center","background-size":"auto","background-attachment":"scroll","background-type":"","background-media":"","overlay-type":"","overlay-color":"","overlay-opacity":"","overlay-gradient":""},"mobile":{"background-color":"var(--ast-global-color-5)","background-image":"","background-repeat":"repeat","background-position":"center center","background-size":"auto","background-attachment":"scroll","background-type":"","background-media":"","overlay-type":"","overlay-color":"","overlay-opacity":"","overlay-gradient":""}}},"product_cat":[123,15],"product_tag":[],"class_list":{"0":"post-9569","1":"product","2":"type-product","3":"status-publish","4":"has-post-thumbnail","6":"product_cat-video-intercom","7":"product_cat-product","8":"desktop-align-left","9":"tablet-align-left","10":"mobile-align-left","11":"ast-product-gallery-layout-horizontal-slider","12":"ast-product-tabs-layout-horizontal","14":"first","15":"instock","16":"shipping-taxable","17":"product-type-simple"},"_links":{"self":[{"href":"https:\/\/securehubtec.com\/pt\/wp-json\/wp\/v2\/product\/9569","targetHints":{"allow":["GET"]}}],"collection":[{"href":"https:\/\/securehubtec.com\/pt\/wp-json\/wp\/v2\/product"}],"about":[{"href":"https:\/\/securehubtec.com\/pt\/wp-json\/wp\/v2\/types\/product"}],"replies":[{"embeddable":true,"href":"https:\/\/securehubtec.com\/pt\/wp-json\/wp\/v2\/comments?post=9569"}],"version-history":[{"count":1,"href":"https:\/\/securehubtec.com\/pt\/wp-json\/wp\/v2\/product\/9569\/revisions"}],"predecessor-version":[{"id":9573,"href":"https:\/\/securehubtec.com\/pt\/wp-json\/wp\/v2\/product\/9569\/revisions\/9573"}],"wp:featuredmedia":[{"embeddable":true,"href":"https:\/\/securehubtec.com\/pt\/wp-json\/wp\/v2\/media\/9571"}],"wp:attachment":[{"href":"https:\/\/securehubtec.com\/pt\/wp-json\/wp\/v2\/media?parent=9569"}],"wp:term":[{"taxonomy":"product_cat","embeddable":true,"href":"https:\/\/securehubtec.com\/pt\/wp-json\/wp\/v2\/product_cat?post=9569"},{"taxonomy":"product_tag","embeddable":true,"href":"https:\/\/securehubtec.com\/pt\/wp-json\/wp\/v2\/product_tag?post=9569"}],"curies":[{"name":"wp","href":"https:\/\/api.w.org\/{rel}","templated":true}]}}