{"id":9493,"date":"2025-10-04T01:01:20","date_gmt":"2025-10-03T17:01:20","guid":{"rendered":"https:\/\/securehubtec.com\/?post_type=product&#038;p=9493"},"modified":"2025-10-06T00:36:59","modified_gmt":"2025-10-05T16:36:59","slug":"outdoor-station-h51","status":"publish","type":"product","link":"https:\/\/securehubtec.com\/pt\/produto\/outdoor-station-h51\/","title":{"rendered":"Esta\u00e7\u00e3o externa H51"},"content":{"rendered":"<h3>Esta\u00e7\u00e3o externa H51<\/h3>\n<h3 class=\"header-iWP5WJ auto-hide-last-sibling-br\">Comunica\u00e7\u00e3o bidirecional perfeita<\/h3>\n<div class=\"container-Uxvbjy md-box-line-break wrapper-GYqxgQ undefined\"><\/div>\n<div class=\"auto-hide-last-sibling-br paragraph-pP9ZLC paragraph-element br-paragraph-space\">Uma das vantagens mais importantes do nosso Smart Intercom \u00e9 seu excepcional recurso de comunica\u00e7\u00e3o bidirecional. Com a fun\u00e7\u00e3o\u00a0<strong>Campainha de porta com conversa\u00e7\u00e3o bidirecional<\/strong>\u00a0e\u00a0<strong>Interfone de 2 vias<\/strong>\u00a0Al\u00e9m disso, o recurso garante conversas cristalinas entre residentes e visitantes. Em um ambiente de apartamento, quando um entregador chega, ele pode facilmente pressionar o bot\u00e3o\u00a0<strong>campainha da porta do apartamento<\/strong>\u00a0e iniciar um di\u00e1logo por meio do Smart Intercom. Os residentes, estejam eles na sala de estar ou em outra parte do edif\u00edcio, podem responder prontamente, facilitando a comunica\u00e7\u00e3o. Essa intera\u00e7\u00e3o perfeita elimina mal-entendidos e aumenta a conveni\u00eancia geral do gerenciamento de visitantes. Al\u00e9m disso, a capacidade de se comunicar remotamente via\u00a0<strong>Telefones inteligentes para portas<\/strong>\u00a0ou\u00a0<strong>Seguran\u00e7a residencial Telefone de porta visual WIFI inteligente<\/strong>\u00a0conectados a smartphones significa que, mesmo quando os residentes est\u00e3o fora, eles ainda podem conversar com quem est\u00e1 na porta, garantindo que nenhuma intera\u00e7\u00e3o importante seja perdida.<\/div>\n<p><img fetchpriority=\"high\" decoding=\"async\" class=\"aligncenter wp-image-9328 size-full\" src=\"https:\/\/securehubtec.com\/wp-content\/uploads\/2025\/09\/A.jpg\" alt=\"\" width=\"1280\" height=\"710\" srcset=\"https:\/\/securehubtec.com\/wp-content\/uploads\/2025\/09\/A.jpg 1280w, https:\/\/securehubtec.com\/wp-content\/uploads\/2025\/09\/A-300x166.jpg 300w, https:\/\/securehubtec.com\/wp-content\/uploads\/2025\/09\/A-1024x568.jpg 1024w, https:\/\/securehubtec.com\/wp-content\/uploads\/2025\/09\/A-768x426.jpg 768w, https:\/\/securehubtec.com\/wp-content\/uploads\/2025\/09\/A-18x10.jpg 18w, https:\/\/securehubtec.com\/wp-content\/uploads\/2025\/09\/A-600x333.jpg 600w\" sizes=\"(max-width: 1280px) 100vw, 1280px\" \/><\/p>\n<h3 class=\"header-iWP5WJ auto-hide-last-sibling-br\">Seguran\u00e7a aprimorada com verifica\u00e7\u00e3o visual<\/h3>\n<div class=\"container-Uxvbjy md-box-line-break wrapper-GYqxgQ undefined\"><\/div>\n<div class=\"auto-hide-last-sibling-br paragraph-pP9ZLC paragraph-element br-paragraph-space\">A seguran\u00e7a \u00e9 uma prioridade m\u00e1xima, e nosso Smart Intercom se destaca nesse aspecto. Equipado com\u00a0<strong>c\u00e2mera da campainha<\/strong>\u00a0tecnologia encontrada em dispositivos como\u00a0<strong>Campainha com c\u00e2mera<\/strong>\u00a0e\u00a0<strong>C\u00e2mera de campainha familiar para apartamento<\/strong>O sistema de controle de acesso, que oferece aos residentes uma verifica\u00e7\u00e3o visual em tempo real. Antes de conceder acesso, os residentes podem ver quem est\u00e1 na porta em dispositivos como o\u00a0<strong>V\u00eddeo porteiro com fio de 7 polegadas<\/strong>\u00a0ou o\u00a0<strong>V\u00eddeo porteiro de 10,1 polegadas com o melhor pre\u00e7o<\/strong>. Esse recurso funciona como um poderoso impedimento para poss\u00edveis intrusos. Por exemplo, em um edif\u00edcio residencial, se uma pessoa desconhecida se aproximar, o morador pode avaliar a situa\u00e7\u00e3o e decidir se deve abrir a porta, acrescentando uma camada extra de prote\u00e7\u00e3o \u00e0 sua casa. Al\u00e9m disso, a integra\u00e7\u00e3o com\u00a0<strong>Sistema de controle de acesso<\/strong>\u00a0garante que somente pessoas autorizadas entrem, refor\u00e7ando ainda mais a seguran\u00e7a.<\/div>\n<p><img decoding=\"async\" class=\"aligncenter wp-image-9329 size-full lazyload\" data-src=\"https:\/\/securehubtec.com\/wp-content\/uploads\/2025\/09\/B.jpg\" alt=\"Outdoor Station H51\" width=\"1280\" height=\"961\" data-srcset=\"https:\/\/securehubtec.com\/wp-content\/uploads\/2025\/09\/B.jpg 1280w, https:\/\/securehubtec.com\/wp-content\/uploads\/2025\/09\/B-300x225.jpg 300w, https:\/\/securehubtec.com\/wp-content\/uploads\/2025\/09\/B-1024x769.jpg 1024w, https:\/\/securehubtec.com\/wp-content\/uploads\/2025\/09\/B-768x577.jpg 768w, https:\/\/securehubtec.com\/wp-content\/uploads\/2025\/09\/B-16x12.jpg 16w, https:\/\/securehubtec.com\/wp-content\/uploads\/2025\/09\/B-600x450.jpg 600w\" data-sizes=\"(max-width: 1280px) 100vw, 1280px\" src=\"data:image\/svg+xml;base64,PHN2ZyB3aWR0aD0iMSIgaGVpZ2h0PSIxIiB4bWxucz0iaHR0cDovL3d3dy53My5vcmcvMjAwMC9zdmciPjwvc3ZnPg==\" style=\"--smush-placeholder-width: 1280px; --smush-placeholder-aspect-ratio: 1280\/961;\" \/><\/p>\n<h3 class=\"header-iWP5WJ auto-hide-last-sibling-br\">Op\u00e7\u00f5es de acesso vers\u00e1teis e flex\u00edveis<\/h3>\n<div class=\"container-Uxvbjy md-box-line-break wrapper-GYqxgQ undefined\"><\/div>\n<div class=\"auto-hide-last-sibling-br paragraph-pP9ZLC paragraph-element br-paragraph-space\">Nosso Smart Intercom oferece uma ampla gama de op\u00e7\u00f5es de acesso, incorporando o conceito de\u00a0<strong>entrada inteligente<\/strong>. Ele suporta\u00a0<strong>Entrada sem chave<\/strong>\u00a0m\u00e9todos como\u00a0<strong>Desbloqueio de RFIC<\/strong>permitindo que os residentes usem cart\u00f5es ou at\u00e9 mesmo seus smartphones como chaves. Isso \u00e9 especialmente conveniente para aqueles que esquecem suas chaves com frequ\u00eancia ou preferem uma forma mais moderna de acessar suas casas. Al\u00e9m disso, o\u00a0<strong>Trava de intercomunica\u00e7\u00e3o da c\u00e2mera<\/strong>\u00a0combina identifica\u00e7\u00e3o visual com acesso sem chave, oferecendo uma solu\u00e7\u00e3o de entrada segura e eficiente. Para os gerentes de propriedades, a capacidade de definir diferentes n\u00edveis de acesso por meio de PINs p\u00fablicos, residentes e tempor\u00e1rios dentro do\u00a0<strong>sistemas de controle de acesso<\/strong>\u00a0simplifica o gerenciamento de v\u00e1rios usu\u00e1rios em pr\u00e9dios de apartamentos ou complexos comerciais.<\/div>\n<p><img decoding=\"async\" class=\"aligncenter size-full wp-image-9330 lazyload\" data-src=\"https:\/\/securehubtec.com\/wp-content\/uploads\/2025\/09\/C.jpg\" alt=\"\" width=\"1280\" height=\"1053\" data-srcset=\"https:\/\/securehubtec.com\/wp-content\/uploads\/2025\/09\/C.jpg 1280w, https:\/\/securehubtec.com\/wp-content\/uploads\/2025\/09\/C-300x247.jpg 300w, https:\/\/securehubtec.com\/wp-content\/uploads\/2025\/09\/C-1024x842.jpg 1024w, https:\/\/securehubtec.com\/wp-content\/uploads\/2025\/09\/C-768x632.jpg 768w, https:\/\/securehubtec.com\/wp-content\/uploads\/2025\/09\/C-15x12.jpg 15w, https:\/\/securehubtec.com\/wp-content\/uploads\/2025\/09\/C-600x494.jpg 600w\" data-sizes=\"(max-width: 1280px) 100vw, 1280px\" src=\"data:image\/svg+xml;base64,PHN2ZyB3aWR0aD0iMSIgaGVpZ2h0PSIxIiB4bWxucz0iaHR0cDovL3d3dy53My5vcmcvMjAwMC9zdmciPjwvc3ZnPg==\" style=\"--smush-placeholder-width: 1280px; --smush-placeholder-aspect-ratio: 1280\/1053;\" \/><\/p>\n<h3 class=\"header-iWP5WJ auto-hide-last-sibling-br\">Robusto e dur\u00e1vel para todos os ambientes<\/h3>\n<div class=\"container-Uxvbjy md-box-line-break wrapper-GYqxgQ undefined\"><\/div>\n<div class=\"auto-hide-last-sibling-br paragraph-pP9ZLC paragraph-element br-paragraph-space\">Criados para resistir a v\u00e1rias condi\u00e7\u00f5es ambientais, nossos produtos Smart Intercom, como o\u00a0<strong>Campainha de porta externa \u00e0 prova d'\u00e1gua<\/strong>\u00a0e\u00a0<strong>Campainha IP65 para resid\u00eancias<\/strong>\u00a0s\u00e3o altamente dur\u00e1veis. Seja sob luz solar intensa, chuva forte ou frio extremo, esses dispositivos mant\u00eam sua funcionalidade. Em uma casa de campo, onde a campainha fica exposta aos elementos, a campainha com classifica\u00e7\u00e3o IP65 garante um desempenho confi\u00e1vel ao longo do tempo. Essa durabilidade n\u00e3o apenas reduz a necessidade de substitui\u00e7\u00f5es frequentes, mas tamb\u00e9m garante servi\u00e7os consistentes de seguran\u00e7a e comunica\u00e7\u00e3o, tornando-a uma op\u00e7\u00e3o econ\u00f4mica e pr\u00e1tica para diferentes propriedades.<\/div>\n<p><img decoding=\"async\" class=\"aligncenter size-full wp-image-9331 lazyload\" data-src=\"https:\/\/securehubtec.com\/wp-content\/uploads\/2025\/09\/D.jpg\" alt=\"\" width=\"1280\" height=\"620\" data-srcset=\"https:\/\/securehubtec.com\/wp-content\/uploads\/2025\/09\/D.jpg 1280w, https:\/\/securehubtec.com\/wp-content\/uploads\/2025\/09\/D-300x145.jpg 300w, https:\/\/securehubtec.com\/wp-content\/uploads\/2025\/09\/D-1024x496.jpg 1024w, https:\/\/securehubtec.com\/wp-content\/uploads\/2025\/09\/D-768x372.jpg 768w, https:\/\/securehubtec.com\/wp-content\/uploads\/2025\/09\/D-18x9.jpg 18w, https:\/\/securehubtec.com\/wp-content\/uploads\/2025\/09\/D-600x291.jpg 600w\" data-sizes=\"(max-width: 1280px) 100vw, 1280px\" src=\"data:image\/svg+xml;base64,PHN2ZyB3aWR0aD0iMSIgaGVpZ2h0PSIxIiB4bWxucz0iaHR0cDovL3d3dy53My5vcmcvMjAwMC9zdmciPjwvc3ZnPg==\" style=\"--smush-placeholder-width: 1280px; --smush-placeholder-aspect-ratio: 1280\/620;\" \/><\/p>\n<div class=\"ace-line\" dir=\"auto\" data-node=\"true\">\n<h3 class=\"header-iWP5WJ auto-hide-last-sibling-br\">Integra\u00e7\u00e3o e personaliza\u00e7\u00e3o abrangentes<\/h3>\n<div class=\"container-Uxvbjy md-box-line-break wrapper-GYqxgQ undefined\"><\/div>\n<div class=\"auto-hide-last-sibling-br paragraph-pP9ZLC paragraph-element br-paragraph-space\">\n<p>Nosso Smart Intercom foi projetado para integra\u00e7\u00e3o e personaliza\u00e7\u00e3o abrangentes. Ele pode fazer parte de um sistema completo de\u00a0<strong>Kit de telefone com v\u00eddeo para portas<\/strong>\u00a0ou integrado a outros dispositivos de seguran\u00e7a, como\u00a0<strong>arm\u00e1rio inteligente seguro<\/strong>\u00a0sistemas. Os\u00a0<strong>Porta RS485<\/strong> em muitos de nossos dispositivos permite a f\u00e1cil conex\u00e3o com dispositivos de expans\u00e3o, possibilitando uma maior personaliza\u00e7\u00e3o de acordo com as necessidades espec\u00edficas. Al\u00e9m disso, diferentes tamanhos de tela, como as op\u00e7\u00f5es de 7 e 10,1 polegadas nos intercomunicadores com v\u00eddeo, oferecem flexibilidade na escolha do dispositivo certo para diferentes locais de instala\u00e7\u00e3o e prefer\u00eancias do usu\u00e1rio. Esse n\u00edvel de integra\u00e7\u00e3o e personaliza\u00e7\u00e3o garante que o nosso Smart Intercom possa atender \u00e0s diversas exig\u00eancias de propriet\u00e1rios de im\u00f3veis, gerentes de propriedades e empresas, oferecendo realmente uma solu\u00e7\u00e3o de seguran\u00e7a e comunica\u00e7\u00e3o sob medida.<\/p>\n<p><strong><b>Imagens e v\u00eddeos publicit\u00e1rios permitem que os usu\u00e1rios personalizem o conte\u00fado relacionado aos servi\u00e7os, produtos ou VI da empresa.<\/b><\/strong><\/p>\n<p><strong><b>O Tuya Home permite que os visitantes liguem para diferentes c\u00f4modos (opcional, com suporte para at\u00e9 1.000 resid\u00eancias).<\/b><\/strong><\/p>\n<p><strong><b>O Direct Press Mode (Diret\u00f3rio de salas) oferece aos visitantes uma excelente experi\u00eancia de usu\u00e1rio. \u00a0\u00a0<\/b><\/strong><strong><b><br \/>\n<\/b><\/strong><strong><b><br \/>\n<\/b><\/strong><strong><b>Escolha inteligente e segura para casa<\/b><\/strong><\/p>\n<p><strong><b>A esta\u00e7\u00e3o externa inteligente foi projetada para proporcionar uma experi\u00eancia de usu\u00e1rio visualmente impressionante e intuitiva. Ela traz uma s\u00e9rie de novos recursos inovadores para fornecer uma solu\u00e7\u00e3o totalmente personaliz\u00e1vel para o controle de acesso de inquilinos e visitantes em condom\u00ednios, pr\u00e9dios de apartamentos, edif\u00edcios comerciais, condom\u00ednios fechados e edif\u00edcios industriais.<\/b><\/strong><\/p>\n<\/div>\n<\/div>","protected":false},"excerpt":{"rendered":"<p><strong><span style=\"color: #ffcc00;\">Dimens\u00e3o\uff1a 200x95x20 mm<\/span><\/strong><br \/>\n<strong><span style=\"color: #ffcc00;\">V\u00eddeo porteiro\uff1a<br \/>\n<\/span><\/strong><span style=\"margin: 120px;\">Com Smart Monitor ou Guard Station<\/span><br \/>\n<span style=\"margin: 120px;\">Com a Outdoor Station ou o aplicativo Tuya<\/span><br \/>\n<span style=\"margin: 120px;\">Com o terceiro dispositivo padr\u00e3o SIP<\/span><br \/>\n<strong><span style=\"color: #ffcc00;\">Controle de acesso\uff1a<\/span><\/strong><br \/>\n<span style=\"margin: 120px;\">Reconhecimento facial<\/span><br \/>\n<span style=\"margin: 120px;\">Cart\u00e3o IC ou identifica\u00e7\u00e3o NFC<\/span><br \/>\n<span style=\"margin: 120px;\">Identifica\u00e7\u00e3o do PIN<\/span><br \/>\nSistema Linux | Tuya Home: 1~1000 | Cancelamento de eco<br \/>\nUm toque para chamar | Conectar ao NVR<br \/>\nPublicidade de imagem personaliz\u00e1vel | Sa\u00edda de sinal de rel\u00e9 de 4 canais expans\u00edvel<br \/>\nProtocolo SIP | Fonte de alimenta\u00e7\u00e3o DC12V<br \/>\n2M Pixels, c\u00e2mera de lente dupla <strong><span style=\"color: #ff0000;\">\u00a0Resolu\u00e7\u00e3o de 720*1280 LCD IPS de 5\"<\/span><\/strong><br \/>\nCapacidade de entrada por toque | Cart\u00e3o de acesso de 13,56 MHz e NFC<br \/>\nAlum\u00ednio + vidro temperado | V\u00eddeo H.264\/H.265, \u00c1udio G.711<br \/>\nAlto-falante embutido 8R1W Toque \u226570dB | Pot\u00eancia de trabalho &lt; 10W<br \/>\nTemperatura de trabalho -20\u2103 ~ +50\u2103 | Montagem na parede<br \/>\nIP65 N\u00edvel de IP | Wi-Fi \u00e9 opcional, com antena externa<br \/>\nA capa de chuva \u00e9 opcional<br \/>\n<strong><span style=\"color: #ffcc00;\">Descri\u00e7\u00e3o da interface<\/span><\/strong><br \/>\nPorta de rede RJ45 | Porta de entrada de energia<br \/>\nSa\u00edda de sinal de rel\u00e9, 1 via | Porta RS485<\/p>","protected":false},"featured_media":9494,"comment_status":"open","ping_status":"closed","template":"","meta":{"site-sidebar-layout":"default","site-content-layout":"","ast-site-content-layout":"default","site-content-style":"default","site-sidebar-style":"default","ast-global-header-display":"","ast-banner-title-visibility":"","ast-main-header-display":"","ast-hfb-above-header-display":"","ast-hfb-below-header-display":"","ast-hfb-mobile-header-display":"","site-post-title":"","ast-breadcrumbs-content":"","ast-featured-img":"","footer-sml-layout":"","theme-transparent-header-meta":"default","adv-header-id-meta":"","stick-header-meta":"default","header-above-stick-meta":"","header-main-stick-meta":"","header-below-stick-meta":"","astra-migrate-meta-layouts":"set","ast-page-background-enabled":"default","ast-page-background-meta":{"desktop":{"background-color":"","background-image":"","background-repeat":"repeat","background-position":"center center","background-size":"auto","background-attachment":"scroll","background-type":"","background-media":"","overlay-type":"","overlay-color":"","overlay-opacity":"","overlay-gradient":""},"tablet":{"background-color":"","background-image":"","background-repeat":"repeat","background-position":"center center","background-size":"auto","background-attachment":"scroll","background-type":"","background-media":"","overlay-type":"","overlay-color":"","overlay-opacity":"","overlay-gradient":""},"mobile":{"background-color":"","background-image":"","background-repeat":"repeat","background-position":"center center","background-size":"auto","background-attachment":"scroll","background-type":"","background-media":"","overlay-type":"","overlay-color":"","overlay-opacity":"","overlay-gradient":""}},"ast-content-background-meta":{"desktop":{"background-color":"var(--ast-global-color-5)","background-image":"","background-repeat":"repeat","background-position":"center center","background-size":"auto","background-attachment":"scroll","background-type":"","background-media":"","overlay-type":"","overlay-color":"","overlay-opacity":"","overlay-gradient":""},"tablet":{"background-color":"var(--ast-global-color-5)","background-image":"","background-repeat":"repeat","background-position":"center center","background-size":"auto","background-attachment":"scroll","background-type":"","background-media":"","overlay-type":"","overlay-color":"","overlay-opacity":"","overlay-gradient":""},"mobile":{"background-color":"var(--ast-global-color-5)","background-image":"","background-repeat":"repeat","background-position":"center center","background-size":"auto","background-attachment":"scroll","background-type":"","background-media":"","overlay-type":"","overlay-color":"","overlay-opacity":"","overlay-gradient":""}}},"product_cat":[123,15],"product_tag":[],"class_list":{"0":"post-9493","1":"product","2":"type-product","3":"status-publish","4":"has-post-thumbnail","6":"product_cat-video-intercom","7":"product_cat-product","8":"desktop-align-left","9":"tablet-align-left","10":"mobile-align-left","11":"ast-product-gallery-layout-horizontal-slider","12":"ast-product-gallery-with-no-image","13":"ast-product-tabs-layout-horizontal","15":"first","16":"instock","17":"shipping-taxable","18":"product-type-simple"},"_links":{"self":[{"href":"https:\/\/securehubtec.com\/pt\/wp-json\/wp\/v2\/product\/9493","targetHints":{"allow":["GET"]}}],"collection":[{"href":"https:\/\/securehubtec.com\/pt\/wp-json\/wp\/v2\/product"}],"about":[{"href":"https:\/\/securehubtec.com\/pt\/wp-json\/wp\/v2\/types\/product"}],"replies":[{"embeddable":true,"href":"https:\/\/securehubtec.com\/pt\/wp-json\/wp\/v2\/comments?post=9493"}],"version-history":[{"count":14,"href":"https:\/\/securehubtec.com\/pt\/wp-json\/wp\/v2\/product\/9493\/revisions"}],"predecessor-version":[{"id":9531,"href":"https:\/\/securehubtec.com\/pt\/wp-json\/wp\/v2\/product\/9493\/revisions\/9531"}],"wp:featuredmedia":[{"embeddable":true,"href":"https:\/\/securehubtec.com\/pt\/wp-json\/wp\/v2\/media\/9494"}],"wp:attachment":[{"href":"https:\/\/securehubtec.com\/pt\/wp-json\/wp\/v2\/media?parent=9493"}],"wp:term":[{"taxonomy":"product_cat","embeddable":true,"href":"https:\/\/securehubtec.com\/pt\/wp-json\/wp\/v2\/product_cat?post=9493"},{"taxonomy":"product_tag","embeddable":true,"href":"https:\/\/securehubtec.com\/pt\/wp-json\/wp\/v2\/product_tag?post=9493"}],"curies":[{"name":"wp","href":"https:\/\/api.w.org\/{rel}","templated":true}]}}