{"id":9338,"date":"2025-09-24T22:36:24","date_gmt":"2025-09-24T14:36:24","guid":{"rendered":"https:\/\/securehubtec.com\/?post_type=product&#038;p=9338"},"modified":"2025-10-06T01:55:39","modified_gmt":"2025-10-05T17:55:39","slug":"indoor-monitor-p7007pro","status":"publish","type":"product","link":"https:\/\/securehubtec.com\/pt\/produto\/indoor-monitor-p7007pro\/","title":{"rendered":"Monitor interno P7007PRO"},"content":{"rendered":"<p><span style=\"color: #ffcc00;\"><strong>Monitor interno P7007PRO<\/strong><\/span><br \/>\nMais do que uma campainha, \u00e9 sua seguran\u00e7a 24 horas por dia, 7 dias por semana,<span data-leaf=\"true\"><span class=\"lb\">No setor global de seguran\u00e7a inteligente em constante evolu\u00e7\u00e3o, a DRSECURE se estabeleceu como uma empresa pioneira no setor. <\/span><\/span><span data-leaf=\"true\"><span class=\"lb\">Fabrica\u00e7\u00e3o de intercomunicadores inteligentes<\/span><\/span><span data-leaf=\"true\"><span class=\"lb\"> A KPMG, Inc., dedica-se a fornecer aos clientes estrangeiros solu\u00e7\u00f5es de seguran\u00e7a de alto desempenho e f\u00e1ceis de usar que combinam inova\u00e7\u00e3o e praticidade. Reconhecemos que a seguran\u00e7a e a conveni\u00eancia n\u00e3o s\u00e3o negoci\u00e1veis para casas, apartamentos e espa\u00e7os comerciais em todo o mundo, e \u00e9 por isso que nossa linha de produtos \u00e9 cuidadosamente elaborada para atender a todas as necessidades cr\u00edticas do ecossistema de seguran\u00e7a inteligente. Seja voc\u00ea um distribuidor que deseja expandir sua linha de produtos com marcas confi\u00e1veis, um construtor de im\u00f3veis que deseja equipar novos complexos residenciais com sistemas de seguran\u00e7a de primeira linha ou um empres\u00e1rio que deseja aumentar a seguran\u00e7a do local de trabalho, a DRSECURE est\u00e1 pronta para atender \u00e0s suas demandas. Nossa marca \u00e9 constru\u00edda sobre uma base de qualidade, confiabilidade e foco no cliente, o que nos torna a escolha preferida de clientes em todos os continentes que valorizam solu\u00e7\u00f5es de seguran\u00e7a duradouras e compat\u00edveis.<\/span><\/span><br \/>\n<img fetchpriority=\"high\" decoding=\"async\" class=\"aligncenter size-full wp-image-9328\" src=\"https:\/\/securehubtec.com\/wp-content\/uploads\/2025\/09\/A.jpg\" alt=\"\" width=\"1280\" height=\"710\" srcset=\"https:\/\/securehubtec.com\/wp-content\/uploads\/2025\/09\/A.jpg 1280w, https:\/\/securehubtec.com\/wp-content\/uploads\/2025\/09\/A-300x166.jpg 300w, https:\/\/securehubtec.com\/wp-content\/uploads\/2025\/09\/A-1024x568.jpg 1024w, https:\/\/securehubtec.com\/wp-content\/uploads\/2025\/09\/A-768x426.jpg 768w, https:\/\/securehubtec.com\/wp-content\/uploads\/2025\/09\/A-18x10.jpg 18w, https:\/\/securehubtec.com\/wp-content\/uploads\/2025\/09\/A-600x333.jpg 600w\" sizes=\"(max-width: 1280px) 100vw, 1280px\" \/><span data-leaf=\"true\"><span class=\"lb\">Na DRSECURE, oferecemos uma sele\u00e7\u00e3o abrangente de produtos de interfone e campainha projetados para atender a diversos cen\u00e1rios residenciais e comerciais. Para os propriet\u00e1rios que priorizam a simplicidade e a comunica\u00e7\u00e3o eficaz, nossos <\/span><\/span><span data-leaf=\"true\"><span class=\"lb\">Campainha de porta com conversa\u00e7\u00e3o bidirecional<\/span><\/span><span data-leaf=\"true\"><span class=\"lb\"> e cl\u00e1ssico <\/span><\/span><span data-leaf=\"true\"><span class=\"lb\">Campainha<\/span><\/span><span data-leaf=\"true\"><span class=\"lb\"> oferecem \u00e1udio n\u00edtido e f\u00e1cil instala\u00e7\u00e3o, enquanto nossos <\/span><\/span><span data-leaf=\"true\"><span class=\"lb\">campainha da porta do apartamento<\/span><\/span><span data-leaf=\"true\"><span class=\"lb\"> \u00e9 adaptado para atender \u00e0s necessidades exclusivas de edif\u00edcios com v\u00e1rias unidades, garantindo uma intera\u00e7\u00e3o perfeita com os visitantes. Para aqueles que buscam recursos avan\u00e7ados de monitoramento, nosso <\/span><\/span><span data-leaf=\"true\"><span class=\"lb\">c\u00e2mera da campainha<\/span><\/span><span data-leaf=\"true\"><span class=\"lb\"> se destaca com streaming de v\u00eddeo em tempo real, alertas de detec\u00e7\u00e3o de movimento e acesso remoto por meio de aplicativos m\u00f3veis, permitindo que os usu\u00e1rios fiquem de olho em suas entradas, n\u00e3o importa onde estejam. Tamb\u00e9m nos destacamos em solu\u00e7\u00f5es interconectadas: nosso <\/span><\/span><span data-leaf=\"true\"><span class=\"lb\">Interfone bidirecional<\/span><\/span><span data-leaf=\"true\"><span class=\"lb\"> e <\/span><\/span><span data-leaf=\"true\"><span class=\"lb\">intercomunicador com campainha<\/span><\/span><span data-leaf=\"true\"><span class=\"lb\"> permitem uma comunica\u00e7\u00e3o tranquila entre residentes e visitantes, enquanto nossos sistemas de <\/span><\/span><span data-leaf=\"true\"><span class=\"lb\">Telefones inteligentes para portas<\/span><\/span><span data-leaf=\"true\"><span class=\"lb\"> e <\/span><\/span><span data-leaf=\"true\"><span class=\"lb\">intercomunicador inteligente<\/span><\/span><span data-leaf=\"true\"><span class=\"lb\"> integram-se \u00e0s modernas plataformas de casas inteligentes, oferecendo recursos como controle de voz e automa\u00e7\u00e3o. Para grandes projetos residenciais, nossos <\/span><\/span><span data-leaf=\"true\"><span class=\"lb\">Interfone inteligente para apartamento<\/span><\/span><span data-leaf=\"true\"><span class=\"lb\"> e <\/span><\/span><span data-leaf=\"true\"><span class=\"lb\">Intercomunicador inteligente para pr\u00e9dios de apartamentos<\/span><\/span><span data-leaf=\"true\"><span class=\"lb\"> agilizar o gerenciamento de visitantes, reduzir os encargos administrativos e aumentar a seguran\u00e7a geral para residentes e gerentes de propriedades.<\/span><\/span><br \/>\n<img decoding=\"async\" class=\"aligncenter wp-image-9329 size-full lazyload\" data-src=\"https:\/\/securehubtec.com\/wp-content\/uploads\/2025\/09\/B.jpg\" alt=\"Indoor Monitor P7007PRO\" width=\"1280\" height=\"961\" data-srcset=\"https:\/\/securehubtec.com\/wp-content\/uploads\/2025\/09\/B.jpg 1280w, https:\/\/securehubtec.com\/wp-content\/uploads\/2025\/09\/B-300x225.jpg 300w, https:\/\/securehubtec.com\/wp-content\/uploads\/2025\/09\/B-1024x769.jpg 1024w, https:\/\/securehubtec.com\/wp-content\/uploads\/2025\/09\/B-768x577.jpg 768w, https:\/\/securehubtec.com\/wp-content\/uploads\/2025\/09\/B-16x12.jpg 16w, https:\/\/securehubtec.com\/wp-content\/uploads\/2025\/09\/B-600x450.jpg 600w\" data-sizes=\"(max-width: 1280px) 100vw, 1280px\" src=\"data:image\/svg+xml;base64,PHN2ZyB3aWR0aD0iMSIgaGVpZ2h0PSIxIiB4bWxucz0iaHR0cDovL3d3dy53My5vcmcvMjAwMC9zdmciPjwvc3ZnPg==\" style=\"--smush-placeholder-width: 1280px; --smush-placeholder-aspect-ratio: 1280\/961;\" \/><span data-leaf=\"true\"><span class=\"lb\">Al\u00e9m de intercomunicadores e campainhas, a DRSECURE oferece um conjunto completo de solu\u00e7\u00f5es de controle de acesso e entrada inteligente que redefinem a forma como os espa\u00e7os s\u00e3o protegidos. Nossos <\/span><\/span><span data-leaf=\"true\"><span class=\"lb\">sistemas de controle de acesso<\/span><\/span><span data-leaf=\"true\"><span class=\"lb\"> s\u00e3o projetados para oferecer gerenciamento flex\u00edvel e dimension\u00e1vel para edif\u00edcios comerciais, escrit\u00f3rios e instala\u00e7\u00f5es industriais, permitindo que os administradores gerenciem as permiss\u00f5es de acesso de forma eficiente e remota. Complementando esses sistemas, nossos <\/span><\/span><span data-leaf=\"true\"><span class=\"lb\">Entrada sem chave<\/span><\/span><span data-leaf=\"true\"><span class=\"lb\"> eliminam o inc\u00f4modo das chaves f\u00edsicas, usando credenciais de smartphone, chaveiros ou dados biom\u00e9tricos para conceder acesso, aumentando a conveni\u00eancia sem comprometer a seguran\u00e7a. Tamb\u00e9m atendemos \u00e0s necessidades de seguran\u00e7a de armazenamento especializado com nossos <\/span><\/span><span data-leaf=\"true\"><span class=\"lb\">arm\u00e1rio inteligente seguro<\/span><\/span><span data-leaf=\"true\"><span class=\"lb\"> que apresentam designs \u00e0 prova de viola\u00e7\u00e3o, rastreamento de acesso em tempo real e gerenciamento baseado em nuvem. Esses arm\u00e1rios s\u00e3o ideais para academias, espa\u00e7os de trabalho conjunto, escolas e lojas de varejo, proporcionando tranquilidade aos usu\u00e1rios e aos gerentes visibilidade total do uso do armazenamento. Todos os produtos dessa linha s\u00e3o constru\u00eddos para suportar o uso intenso e as diversas condi\u00e7\u00f5es ambientais, garantindo um desempenho confi\u00e1vel para nossos clientes no exterior.<\/span><\/span><br \/>\n<img decoding=\"async\" class=\"aligncenter size-full wp-image-9330 lazyload\" data-src=\"https:\/\/securehubtec.com\/wp-content\/uploads\/2025\/09\/C.jpg\" alt=\"\" width=\"1280\" height=\"1053\" data-srcset=\"https:\/\/securehubtec.com\/wp-content\/uploads\/2025\/09\/C.jpg 1280w, https:\/\/securehubtec.com\/wp-content\/uploads\/2025\/09\/C-300x247.jpg 300w, https:\/\/securehubtec.com\/wp-content\/uploads\/2025\/09\/C-1024x842.jpg 1024w, https:\/\/securehubtec.com\/wp-content\/uploads\/2025\/09\/C-768x632.jpg 768w, https:\/\/securehubtec.com\/wp-content\/uploads\/2025\/09\/C-15x12.jpg 15w, https:\/\/securehubtec.com\/wp-content\/uploads\/2025\/09\/C-600x494.jpg 600w\" data-sizes=\"(max-width: 1280px) 100vw, 1280px\" src=\"data:image\/svg+xml;base64,PHN2ZyB3aWR0aD0iMSIgaGVpZ2h0PSIxIiB4bWxucz0iaHR0cDovL3d3dy53My5vcmcvMjAwMC9zdmciPjwvc3ZnPg==\" style=\"--smush-placeholder-width: 1280px; --smush-placeholder-aspect-ratio: 1280\/1053;\" \/><span data-leaf=\"true\"><span class=\"lb\">Uma das principais vantagens que diferenciam a DRSECURE no mercado global \u00e9 a nossa estrita ades\u00e3o aos padr\u00f5es internacionais de qualidade e seguran\u00e7a. Todos os nossos produtos, inclusive os populares <\/span><\/span><span data-leaf=\"true\"><span class=\"lb\">v\u00eddeo porteiro<\/span><\/span><span data-leaf=\"true\"><span class=\"lb\"> e <\/span><\/span><span data-leaf=\"true\"><span class=\"lb\">Intercomunicador de v\u00eddeo inteligente<\/span><\/span><span data-leaf=\"true\"><span class=\"lb\"> sistemas, mantenha ambos <\/span><\/span><span data-leaf=\"true\"><span class=\"lb\">CE<\/span><\/span><span data-leaf=\"true\"><span class=\"lb\"> e <\/span><\/span><span data-leaf=\"true\"><span class=\"lb\">FCC<\/span><\/span><span data-leaf=\"true\"><span class=\"lb\"> certifica\u00e7\u00f5es. Essas certifica\u00e7\u00f5es s\u00e3o mais do que simples credenciais - s\u00e3o a prova de que nossos produtos atendem aos rigorosos requisitos de desempenho, seguran\u00e7a e compatibilidade eletromagn\u00e9tica da Uni\u00e3o Europeia e da Am\u00e9rica do Norte, dois dos mercados mais regulamentados e competitivos do mundo. Para os clientes estrangeiros, isso significa que nossos produtos podem ser importados, distribu\u00eddos e vendidos sem obst\u00e1culos regulat\u00f3rios, economizando tempo e recursos. Al\u00e9m disso, submetemos todos os produtos a testes rigorosos antes de sa\u00edrem de nossa f\u00e1brica, desde avalia\u00e7\u00f5es de durabilidade at\u00e9 verifica\u00e7\u00f5es de funcionalidade, garantindo que cada unidade atenda ou exceda os mais altos padr\u00f5es do setor. Esse compromisso com a qualidade nos rendeu uma reputa\u00e7\u00e3o de confiabilidade e confian\u00e7a entre clientes de todo o mundo.<\/span><\/span><br \/>\n<img decoding=\"async\" class=\"aligncenter size-full wp-image-9331 lazyload\" data-src=\"https:\/\/securehubtec.com\/wp-content\/uploads\/2025\/09\/D.jpg\" alt=\"\" width=\"1280\" height=\"620\" data-srcset=\"https:\/\/securehubtec.com\/wp-content\/uploads\/2025\/09\/D.jpg 1280w, https:\/\/securehubtec.com\/wp-content\/uploads\/2025\/09\/D-300x145.jpg 300w, https:\/\/securehubtec.com\/wp-content\/uploads\/2025\/09\/D-1024x496.jpg 1024w, https:\/\/securehubtec.com\/wp-content\/uploads\/2025\/09\/D-768x372.jpg 768w, https:\/\/securehubtec.com\/wp-content\/uploads\/2025\/09\/D-18x9.jpg 18w, https:\/\/securehubtec.com\/wp-content\/uploads\/2025\/09\/D-600x291.jpg 600w\" data-sizes=\"(max-width: 1280px) 100vw, 1280px\" src=\"data:image\/svg+xml;base64,PHN2ZyB3aWR0aD0iMSIgaGVpZ2h0PSIxIiB4bWxucz0iaHR0cDovL3d3dy53My5vcmcvMjAwMC9zdmciPjwvc3ZnPg==\" style=\"--smush-placeholder-width: 1280px; --smush-placeholder-aspect-ratio: 1280\/620;\" \/><\/p>\n<div class=\"ace-line\" dir=\"auto\" data-node=\"true\"><span data-string=\"true\" data-enter=\"true\" data-leaf=\"true\"><span class=\"lb\">A parceria com a DRSECURE significa obter mais do que apenas um fornecedor - significa colaborar com uma equipe dedicada ao seu sucesso. Entendemos que cada mercado estrangeiro tem prefer\u00eancias e requisitos exclusivos, e \u00e9 por isso que oferecemos op\u00e7\u00f5es flex\u00edveis de personaliza\u00e7\u00e3o. Se voc\u00ea precisa ajustar o design de um <\/span><span class=\"lb\">intercomunicador inteligente<\/span><span class=\"lb\"> para se alinhar com a est\u00e9tica local, integrar os protocolos de comunica\u00e7\u00e3o regional em um sistema de <\/span><span class=\"lb\">sistema de controle de acesso<\/span><span class=\"lb\"> ou adicionar suporte a v\u00e1rios idiomas a um <\/span><span class=\"lb\">c\u00e2mera da campainha<\/span><span class=\"lb\"> No aplicativo de seguran\u00e7a, nossa equipe de engenharia trabalhar\u00e1 junto com voc\u00ea para oferecer solu\u00e7\u00f5es personalizadas. Tamb\u00e9m oferecemos um suporte excepcional ao cliente, com uma equipe dispon\u00edvel 24 horas por dia, 7 dias por semana, para ajud\u00e1-lo com orienta\u00e7\u00f5es de instala\u00e7\u00e3o, solu\u00e7\u00e3o de problemas e servi\u00e7o p\u00f3s-venda. Al\u00e9m disso, nossa cadeia de suprimentos eficiente e os pre\u00e7os competitivos garantem que voc\u00ea possa maximizar a lucratividade e, ao mesmo tempo, oferecer aos seus clientes produtos de seguran\u00e7a premium. Com a DRSECURE como sua parceira, voc\u00ea pode navegar com confian\u00e7a no mercado global de seguran\u00e7a inteligente, sabendo que tem um aliado confi\u00e1vel e inovador ao seu lado.<\/span>\u200b<\/span><\/div>","protected":false},"excerpt":{"rendered":"<p>Modelo\uff1a P7007PRO<br \/>\nDimens\u00e3o\uff1a210x145x20 mm<\/p>\n<p>\u221a DC12V ou POE (IEEE 802.3AF)<br \/>\n<strong><span style=\"color: #ff0000;\">\u221a 7\" IPS LCD, 1024*600<\/span><\/strong><br \/>\n\u221a O Wi-Fi \u00e9 opcional<br \/>\n\u221a ABS + vidro temperado<br \/>\n\u221a V\u00eddeo H.264\/H.265, \u00c1udio G.711<br \/>\n\u221a Toque de chamada \u226570dB<br \/>\n\u221a Pot\u00eancia de trabalho &lt; 5W<br \/>\n\u221a Temperatura de trabalho 0\u2103 ~ +50\u2103<br \/>\n\u221a Montagem na parede<br \/>\n\u221a Sistema Linux<br \/>\n\u221a V\u00eddeo porteiro<br \/>\n\u221a Cancelamento de eco<br \/>\n\u221a Monitor IPC (24 horas, tela quad-split)<br \/>\n\u221a Esta\u00e7\u00e3o externa do monitor<br \/>\n\u221a Alarme: SOS, detec\u00e7\u00e3o de g\u00e1s, conex\u00e3o com fio de 4 canais<br \/>\n\u221a Tuya Home: Opcional<\/p>","protected":false},"featured_media":9339,"comment_status":"open","ping_status":"closed","template":"","meta":{"site-sidebar-layout":"default","site-content-layout":"","ast-site-content-layout":"default","site-content-style":"default","site-sidebar-style":"default","ast-global-header-display":"","ast-banner-title-visibility":"","ast-main-header-display":"","ast-hfb-above-header-display":"","ast-hfb-below-header-display":"","ast-hfb-mobile-header-display":"","site-post-title":"","ast-breadcrumbs-content":"","ast-featured-img":"","footer-sml-layout":"","theme-transparent-header-meta":"default","adv-header-id-meta":"","stick-header-meta":"default","header-above-stick-meta":"","header-main-stick-meta":"","header-below-stick-meta":"","astra-migrate-meta-layouts":"set","ast-page-background-enabled":"default","ast-page-background-meta":{"desktop":{"background-color":"","background-image":"","background-repeat":"repeat","background-position":"center center","background-size":"auto","background-attachment":"scroll","background-type":"","background-media":"","overlay-type":"","overlay-color":"","overlay-opacity":"","overlay-gradient":""},"tablet":{"background-color":"","background-image":"","background-repeat":"repeat","background-position":"center center","background-size":"auto","background-attachment":"scroll","background-type":"","background-media":"","overlay-type":"","overlay-color":"","overlay-opacity":"","overlay-gradient":""},"mobile":{"background-color":"","background-image":"","background-repeat":"repeat","background-position":"center center","background-size":"auto","background-attachment":"scroll","background-type":"","background-media":"","overlay-type":"","overlay-color":"","overlay-opacity":"","overlay-gradient":""}},"ast-content-background-meta":{"desktop":{"background-color":"var(--ast-global-color-5)","background-image":"","background-repeat":"repeat","background-position":"center center","background-size":"auto","background-attachment":"scroll","background-type":"","background-media":"","overlay-type":"","overlay-color":"","overlay-opacity":"","overlay-gradient":""},"tablet":{"background-color":"var(--ast-global-color-5)","background-image":"","background-repeat":"repeat","background-position":"center center","background-size":"auto","background-attachment":"scroll","background-type":"","background-media":"","overlay-type":"","overlay-color":"","overlay-opacity":"","overlay-gradient":""},"mobile":{"background-color":"var(--ast-global-color-5)","background-image":"","background-repeat":"repeat","background-position":"center center","background-size":"auto","background-attachment":"scroll","background-type":"","background-media":"","overlay-type":"","overlay-color":"","overlay-opacity":"","overlay-gradient":""}}},"product_cat":[123,15],"product_tag":[],"class_list":{"0":"post-9338","1":"product","2":"type-product","3":"status-publish","4":"has-post-thumbnail","6":"product_cat-video-intercom","7":"product_cat-product","8":"desktop-align-left","9":"tablet-align-left","10":"mobile-align-left","11":"ast-product-gallery-layout-horizontal-slider","12":"ast-product-tabs-layout-horizontal","14":"first","15":"instock","16":"shipping-taxable","17":"product-type-simple"},"_links":{"self":[{"href":"https:\/\/securehubtec.com\/pt\/wp-json\/wp\/v2\/product\/9338","targetHints":{"allow":["GET"]}}],"collection":[{"href":"https:\/\/securehubtec.com\/pt\/wp-json\/wp\/v2\/product"}],"about":[{"href":"https:\/\/securehubtec.com\/pt\/wp-json\/wp\/v2\/types\/product"}],"replies":[{"embeddable":true,"href":"https:\/\/securehubtec.com\/pt\/wp-json\/wp\/v2\/comments?post=9338"}],"version-history":[{"count":5,"href":"https:\/\/securehubtec.com\/pt\/wp-json\/wp\/v2\/product\/9338\/revisions"}],"predecessor-version":[{"id":9548,"href":"https:\/\/securehubtec.com\/pt\/wp-json\/wp\/v2\/product\/9338\/revisions\/9548"}],"wp:featuredmedia":[{"embeddable":true,"href":"https:\/\/securehubtec.com\/pt\/wp-json\/wp\/v2\/media\/9339"}],"wp:attachment":[{"href":"https:\/\/securehubtec.com\/pt\/wp-json\/wp\/v2\/media?parent=9338"}],"wp:term":[{"taxonomy":"product_cat","embeddable":true,"href":"https:\/\/securehubtec.com\/pt\/wp-json\/wp\/v2\/product_cat?post=9338"},{"taxonomy":"product_tag","embeddable":true,"href":"https:\/\/securehubtec.com\/pt\/wp-json\/wp\/v2\/product_tag?post=9338"}],"curies":[{"name":"wp","href":"https:\/\/api.w.org\/{rel}","templated":true}]}}