{"id":9486,"date":"2025-10-03T23:56:23","date_gmt":"2025-10-03T15:56:23","guid":{"rendered":"https:\/\/securehubtec.com\/?page_id=9486"},"modified":"2025-10-03T23:56:23","modified_gmt":"2025-10-03T15:56:23","slug":"security-alarm-system","status":"publish","type":"page","link":"https:\/\/securehubtec.com\/pt\/security-alarm-system\/","title":{"rendered":"Sistema de alarme de seguran\u00e7a"},"content":{"rendered":"<h1 class=\"header-iWP5WJ auto-hide-last-sibling-br\">Sistema de alarme de seguran\u00e7a avan\u00e7ado: Proteja seu espa\u00e7o com uma prote\u00e7\u00e3o inteligente<\/h1>\n<div class=\"container-Uxvbjy md-box-line-break wrapper-GYqxgQ undefined\"><\/div>\n<div class=\"auto-hide-last-sibling-br paragraph-pP9ZLC paragraph-element br-paragraph-space\">No mundo de hoje, garantir a seguran\u00e7a de resid\u00eancias, escrit\u00f3rios e v\u00e1rias propriedades \u00e9 uma prioridade m\u00e1xima. Nosso Sistema de Alarme de Seguran\u00e7a oferece uma solu\u00e7\u00e3o abrangente e inteligente, combinando tecnologia de ponta com um design f\u00e1cil de usar para oferecer prote\u00e7\u00e3o 24 horas por dia. Seja para uso residencial, pr\u00e9dios comerciais ou instala\u00e7\u00f5es industriais, esse sistema foi projetado para detectar prontamente poss\u00edveis amea\u00e7as e responder com efici\u00eancia.<\/div>\n<p><img fetchpriority=\"high\" decoding=\"async\" class=\"aligncenter size-full wp-image-9488\" src=\"https:\/\/securehubtec.com\/wp-content\/uploads\/2025\/10\/Smart-Video-Intercom-w-1.jpg\" alt=\"\" width=\"1000\" height=\"764\" srcset=\"https:\/\/securehubtec.com\/wp-content\/uploads\/2025\/10\/Smart-Video-Intercom-w-1.jpg 1000w, https:\/\/securehubtec.com\/wp-content\/uploads\/2025\/10\/Smart-Video-Intercom-w-1-300x229.jpg 300w, https:\/\/securehubtec.com\/wp-content\/uploads\/2025\/10\/Smart-Video-Intercom-w-1-768x587.jpg 768w, https:\/\/securehubtec.com\/wp-content\/uploads\/2025\/10\/Smart-Video-Intercom-w-1-16x12.jpg 16w, https:\/\/securehubtec.com\/wp-content\/uploads\/2025\/10\/Smart-Video-Intercom-w-1-600x458.jpg 600w\" sizes=\"(max-width: 1000px) 100vw, 1000px\" \/>O monitor interno do sistema funciona como hub central, equipado com v\u00e1rias portas para uma integra\u00e7\u00e3o perfeita. A porta RJ45 \u00e9 compat\u00edvel com POE 802.3af, permitindo uma conex\u00e3o de rede f\u00e1cil ao ser conectada a uma porta de switch. Ela tem entrada de energia (DC12V\/500mA) e portas de sa\u00edda para fornecer energia aos equipamentos da zona de seguran\u00e7a. A porta RS485 permite a conex\u00e3o com dispositivos de expans\u00e3o e a porta de seguran\u00e7a fornece entradas de alarme de seguran\u00e7a de 4 vias para sinais como SOS, alarmes de g\u00e1s e alarmes de fuma\u00e7a. Por exemplo, um bot\u00e3o de SOS pode ser instalado pr\u00f3ximo ao vaso sanit\u00e1rio no banheiro, um alarme de fuma\u00e7a na cozinha (alimentado pelo monitor), um alarme de g\u00e1s tamb\u00e9m na cozinha (alimentado pelo monitor) e um detector de infravermelho em \u00e1reas adequadas (alimentado pelo monitor). Todos esses dispositivos podem ser conectados com os cabos recomendados (como o RVV2<em>0,3 ou superior, RVV4<\/em>0,3 ou superior) em uma dist\u00e2ncia de 30 metros, garantindo uma transmiss\u00e3o de sinal confi\u00e1vel.<br \/>\n<img decoding=\"async\" class=\"aligncenter size-full wp-image-9489 lazyload\" data-src=\"https:\/\/securehubtec.com\/wp-content\/uploads\/2025\/10\/Smart-Video-Intercom-x.jpg\" alt=\"\" width=\"1000\" height=\"615\" data-srcset=\"https:\/\/securehubtec.com\/wp-content\/uploads\/2025\/10\/Smart-Video-Intercom-x.jpg 1000w, https:\/\/securehubtec.com\/wp-content\/uploads\/2025\/10\/Smart-Video-Intercom-x-300x185.jpg 300w, https:\/\/securehubtec.com\/wp-content\/uploads\/2025\/10\/Smart-Video-Intercom-x-768x472.jpg 768w, https:\/\/securehubtec.com\/wp-content\/uploads\/2025\/10\/Smart-Video-Intercom-x-18x12.jpg 18w, https:\/\/securehubtec.com\/wp-content\/uploads\/2025\/10\/Smart-Video-Intercom-x-600x369.jpg 600w\" data-sizes=\"(max-width: 1000px) 100vw, 1000px\" src=\"data:image\/svg+xml;base64,PHN2ZyB3aWR0aD0iMSIgaGVpZ2h0PSIxIiB4bWxucz0iaHR0cDovL3d3dy53My5vcmcvMjAwMC9zdmciPjwvc3ZnPg==\" style=\"--smush-placeholder-width: 1000px; --smush-placeholder-aspect-ratio: 1000\/615;\" \/><br \/>\nComplementando o monitor interno est\u00e1 a c\u00e2mera de campainha, que acrescenta uma camada extra de seguran\u00e7a no ponto de entrada. Sua porta RJ45 tamb\u00e9m suporta POE 802.3af para conex\u00e3o de rede. Os fios de conex\u00e3o oferecem v\u00e1rias fun\u00e7\u00f5es: ambos os fios verdes fornecem um sinal de abertura de porta de contato seco de 1 via; o curto-circuito de ADMIN com o terra entra no modo de registro do cart\u00e3o do administrador; o curto-circuito de PUSH com o terra aciona o sinal de abertura da porta; h\u00e1 um bot\u00e3o Reset para reinicializa\u00e7\u00e3o do sistema; a conex\u00e3o RS485 (fio azul B, fio amarelo A) conecta-se a um controlador de porta de 4 vias; e a alimenta\u00e7\u00e3o \u00e9 fornecida pelo fio vermelho (DC12V) e pelo fio preto (terra GND, entrada DC12V\/500mA). Com defini\u00e7\u00f5es claras de fia\u00e7\u00e3o (NO, COM, ADD_C, PUSH, GND, RESET, 485A, 485B, DC12V, etc.), a c\u00e2mera da campainha garante comunica\u00e7\u00e3o e controle sem problemas com outros componentes do sistema, aprimorando a configura\u00e7\u00e3o geral de seguran\u00e7a ao monitorar e gerenciar o acesso na porta enquanto trabalha em conjunto com os dispositivos de seguran\u00e7a internos. Juntos, o monitor interno e a c\u00e2mera com campainha formam um sistema de alarme de seguran\u00e7a robusto que n\u00e3o apenas detecta intrus\u00f5es e perigos, mas tamb\u00e9m gerencia o acesso de forma eficiente, proporcionando a voc\u00ea a tranquilidade de saber que o seu espa\u00e7o est\u00e1 bem protegido.<\/p>","protected":false},"excerpt":{"rendered":"<p>Advanced Security Alarm System: Safeguard Your Space with Intelligent Protection In today&#8217;s world, ensuring the safety of homes, offices, and [&hellip;]<\/p>","protected":false},"author":1,"featured_media":9487,"parent":0,"menu_order":0,"comment_status":"closed","ping_status":"closed","template":"","meta":{"site-sidebar-layout":"default","site-content-layout":"","ast-site-content-layout":"default","site-content-style":"default","site-sidebar-style":"default","ast-global-header-display":"","ast-banner-title-visibility":"","ast-main-header-display":"","ast-hfb-above-header-display":"","ast-hfb-below-header-display":"","ast-hfb-mobile-header-display":"","site-post-title":"","ast-breadcrumbs-content":"","ast-featured-img":"","footer-sml-layout":"","theme-transparent-header-meta":"default","adv-header-id-meta":"","stick-header-meta":"default","header-above-stick-meta":"","header-main-stick-meta":"","header-below-stick-meta":"","astra-migrate-meta-layouts":"set","ast-page-background-enabled":"default","ast-page-background-meta":{"desktop":{"background-color":"","background-image":"","background-repeat":"repeat","background-position":"center center","background-size":"auto","background-attachment":"scroll","background-type":"","background-media":"","overlay-type":"","overlay-color":"","overlay-opacity":"","overlay-gradient":""},"tablet":{"background-color":"","background-image":"","background-repeat":"repeat","background-position":"center center","background-size":"auto","background-attachment":"scroll","background-type":"","background-media":"","overlay-type":"","overlay-color":"","overlay-opacity":"","overlay-gradient":""},"mobile":{"background-color":"","background-image":"","background-repeat":"repeat","background-position":"center center","background-size":"auto","background-attachment":"scroll","background-type":"","background-media":"","overlay-type":"","overlay-color":"","overlay-opacity":"","overlay-gradient":""}},"ast-content-background-meta":{"desktop":{"background-color":"var(--ast-global-color-5)","background-image":"","background-repeat":"repeat","background-position":"center center","background-size":"auto","background-attachment":"scroll","background-type":"","background-media":"","overlay-type":"","overlay-color":"","overlay-opacity":"","overlay-gradient":""},"tablet":{"background-color":"var(--ast-global-color-5)","background-image":"","background-repeat":"repeat","background-position":"center center","background-size":"auto","background-attachment":"scroll","background-type":"","background-media":"","overlay-type":"","overlay-color":"","overlay-opacity":"","overlay-gradient":""},"mobile":{"background-color":"var(--ast-global-color-5)","background-image":"","background-repeat":"repeat","background-position":"center center","background-size":"auto","background-attachment":"scroll","background-type":"","background-media":"","overlay-type":"","overlay-color":"","overlay-opacity":"","overlay-gradient":""}},"footnotes":""},"class_list":["post-9486","page","type-page","status-publish","has-post-thumbnail","hentry"],"_links":{"self":[{"href":"https:\/\/securehubtec.com\/pt\/wp-json\/wp\/v2\/pages\/9486","targetHints":{"allow":["GET"]}}],"collection":[{"href":"https:\/\/securehubtec.com\/pt\/wp-json\/wp\/v2\/pages"}],"about":[{"href":"https:\/\/securehubtec.com\/pt\/wp-json\/wp\/v2\/types\/page"}],"author":[{"embeddable":true,"href":"https:\/\/securehubtec.com\/pt\/wp-json\/wp\/v2\/users\/1"}],"replies":[{"embeddable":true,"href":"https:\/\/securehubtec.com\/pt\/wp-json\/wp\/v2\/comments?post=9486"}],"version-history":[{"count":2,"href":"https:\/\/securehubtec.com\/pt\/wp-json\/wp\/v2\/pages\/9486\/revisions"}],"predecessor-version":[{"id":9492,"href":"https:\/\/securehubtec.com\/pt\/wp-json\/wp\/v2\/pages\/9486\/revisions\/9492"}],"wp:featuredmedia":[{"embeddable":true,"href":"https:\/\/securehubtec.com\/pt\/wp-json\/wp\/v2\/media\/9487"}],"wp:attachment":[{"href":"https:\/\/securehubtec.com\/pt\/wp-json\/wp\/v2\/media?parent=9486"}],"curies":[{"name":"wp","href":"https:\/\/api.w.org\/{rel}","templated":true}]}}