{"id":9479,"date":"2025-10-03T23:44:44","date_gmt":"2025-10-03T15:44:44","guid":{"rendered":"https:\/\/securehubtec.com\/?page_id=9479"},"modified":"2025-10-03T23:44:44","modified_gmt":"2025-10-03T15:44:44","slug":"access-control-system","status":"publish","type":"page","link":"https:\/\/securehubtec.com\/pt\/access-control-system\/","title":{"rendered":"Sistema de controle de acesso"},"content":{"rendered":"<div class=\"auto-hide-last-sibling-br paragraph-pP9ZLC paragraph-element br-paragraph-space\">\n<h1 class=\"header-iWP5WJ auto-hide-last-sibling-br\">Aumente a seguran\u00e7a com nosso sistema de controle de acesso de \u00faltima gera\u00e7\u00e3o<\/h1>\n<div class=\"container-Uxvbjy md-box-line-break wrapper-GYqxgQ undefined\"><\/div>\n<div class=\"auto-hide-last-sibling-br paragraph-pP9ZLC paragraph-element br-paragraph-space\">Em uma era em que a seguran\u00e7a \u00e9 fundamental para resid\u00eancias, empresas e instala\u00e7\u00f5es de todos os tipos, nosso Sistema de Controle de Acesso surge como um divisor de \u00e1guas. Ele foi meticulosamente projetado para oferecer prote\u00e7\u00e3o de alto n\u00edvel, conveni\u00eancia e adaptabilidade, garantindo que somente pessoas autorizadas tenham acesso a zonas restritas. N\u00e3o importa se voc\u00ea est\u00e1 protegendo um complexo residencial, um pr\u00e9dio comercial movimentado ou uma ampla instala\u00e7\u00e3o industrial, esse sistema \u00e9 o seu guardi\u00e3o confi\u00e1vel.<\/div>\n<\/div>\n<p><img fetchpriority=\"high\" decoding=\"async\" class=\"aligncenter size-full wp-image-9481\" src=\"https:\/\/securehubtec.com\/wp-content\/uploads\/2025\/10\/Smart-Video-Intercom-u-1.jpg\" alt=\"\" width=\"1000\" height=\"973\" srcset=\"https:\/\/securehubtec.com\/wp-content\/uploads\/2025\/10\/Smart-Video-Intercom-u-1.jpg 1000w, https:\/\/securehubtec.com\/wp-content\/uploads\/2025\/10\/Smart-Video-Intercom-u-1-300x292.jpg 300w, https:\/\/securehubtec.com\/wp-content\/uploads\/2025\/10\/Smart-Video-Intercom-u-1-768x747.jpg 768w, https:\/\/securehubtec.com\/wp-content\/uploads\/2025\/10\/Smart-Video-Intercom-u-1-12x12.jpg 12w, https:\/\/securehubtec.com\/wp-content\/uploads\/2025\/10\/Smart-Video-Intercom-u-1-600x584.jpg 600w\" sizes=\"(max-width: 1000px) 100vw, 1000px\" \/>No centro de nossa solu\u00e7\u00e3o est\u00e1 a robusta Outdoor Station. Ela possui uma porta de sa\u00edda de sinal de contato seco (NC, normal aberto), permitindo a integra\u00e7\u00e3o perfeita com componentes de seguran\u00e7a, como fechaduras magn\u00e9ticas el\u00e9tricas. A porta RS485, compat\u00edvel com dispositivos de expans\u00e3o RS485A\/RS485B, permite a f\u00e1cil expans\u00e3o do sistema. Precisa adicionar mais pontos de acesso ou conectar mais sensores de seguran\u00e7a? Nosso sistema se adapta sem esfor\u00e7o \u00e0s suas necessidades de seguran\u00e7a em constante evolu\u00e7\u00e3o. A instala\u00e7\u00e3o tamb\u00e9m \u00e9 muito f\u00e1cil: o Outdoor Station funciona com uma fonte de alimenta\u00e7\u00e3o simples de 12 VCC (evite conect\u00e1-lo a 220 CA ou a outras tens\u00f5es para garantir a seguran\u00e7a e o desempenho ideal), e a porta RJ45 simplifica a conex\u00e3o de rede, bastando conect\u00e1-lo a uma porta de switch de acordo com o padr\u00e3o T-568B.<br \/>\n<img decoding=\"async\" class=\"aligncenter size-full wp-image-9482 lazyload\" data-src=\"https:\/\/securehubtec.com\/wp-content\/uploads\/2025\/10\/Smart-Video-Intercom-v.jpg\" alt=\"\" width=\"1000\" height=\"1398\" data-srcset=\"https:\/\/securehubtec.com\/wp-content\/uploads\/2025\/10\/Smart-Video-Intercom-v.jpg 1000w, https:\/\/securehubtec.com\/wp-content\/uploads\/2025\/10\/Smart-Video-Intercom-v-215x300.jpg 215w, https:\/\/securehubtec.com\/wp-content\/uploads\/2025\/10\/Smart-Video-Intercom-v-732x1024.jpg 732w, https:\/\/securehubtec.com\/wp-content\/uploads\/2025\/10\/Smart-Video-Intercom-v-768x1074.jpg 768w, https:\/\/securehubtec.com\/wp-content\/uploads\/2025\/10\/Smart-Video-Intercom-v-9x12.jpg 9w, https:\/\/securehubtec.com\/wp-content\/uploads\/2025\/10\/Smart-Video-Intercom-v-300x419.jpg 300w, https:\/\/securehubtec.com\/wp-content\/uploads\/2025\/10\/Smart-Video-Intercom-v-600x839.jpg 600w\" data-sizes=\"(max-width: 1000px) 100vw, 1000px\" src=\"data:image\/svg+xml;base64,PHN2ZyB3aWR0aD0iMSIgaGVpZ2h0PSIxIiB4bWxucz0iaHR0cDovL3d3dy53My5vcmcvMjAwMC9zdmciPjwvc3ZnPg==\" style=\"--smush-placeholder-width: 1000px; --smush-placeholder-aspect-ratio: 1000\/1398;\" \/><br \/>\nNosso sistema oferece um conjunto abrangente de op\u00e7\u00f5es de controle de acesso. Quando combinado com uma fonte de alimenta\u00e7\u00e3o de controle de acesso, ele funciona em perfeita harmonia com bot\u00f5es de sa\u00edda e fechaduras magn\u00e9ticas el\u00e9tricas. Apresente uma credencial de acesso v\u00e1lida na esta\u00e7\u00e3o externa e o sistema verificar\u00e1 e enviar\u00e1 rapidamente um sinal de desbloqueio. Para aumentar a seguran\u00e7a, o controlador de acesso RS485 vai al\u00e9m, permitindo o gerenciamento preciso de quem pode entrar em \u00e1reas espec\u00edficas e quando. Al\u00e9m disso, com a sa\u00edda de sinal de rel\u00e9 de contato seco de 4 canais e o controlador de porta de 4 vias, o gerenciamento simult\u00e2neo de v\u00e1rias portas n\u00e3o requer esfor\u00e7o, sendo ideal para propriedades de grande porte, como apartamentos altos ou campi industriais extensos. Em resumo, nosso sistema de controle de acesso n\u00e3o \u00e9 apenas um dispositivo de seguran\u00e7a; \u00e9 uma solu\u00e7\u00e3o abrangente e inovadora que combina tecnologia avan\u00e7ada, facilidade de uso e adaptabilidade. Fa\u00e7a o upgrade hoje mesmo e desfrute da tranquilidade que vem com o controle de acesso de primeira linha.<\/p>","protected":false},"excerpt":{"rendered":"<p>Elevate Security with Our Cutting &#8211; Edge Access Control System In an era where security is paramount for homes, businesses, [&hellip;]<\/p>","protected":false},"author":1,"featured_media":9480,"parent":0,"menu_order":0,"comment_status":"closed","ping_status":"closed","template":"","meta":{"site-sidebar-layout":"default","site-content-layout":"","ast-site-content-layout":"default","site-content-style":"default","site-sidebar-style":"default","ast-global-header-display":"","ast-banner-title-visibility":"","ast-main-header-display":"","ast-hfb-above-header-display":"","ast-hfb-below-header-display":"","ast-hfb-mobile-header-display":"","site-post-title":"","ast-breadcrumbs-content":"","ast-featured-img":"","footer-sml-layout":"","theme-transparent-header-meta":"default","adv-header-id-meta":"","stick-header-meta":"default","header-above-stick-meta":"","header-main-stick-meta":"","header-below-stick-meta":"","astra-migrate-meta-layouts":"set","ast-page-background-enabled":"default","ast-page-background-meta":{"desktop":{"background-color":"","background-image":"","background-repeat":"repeat","background-position":"center center","background-size":"auto","background-attachment":"scroll","background-type":"","background-media":"","overlay-type":"","overlay-color":"","overlay-opacity":"","overlay-gradient":""},"tablet":{"background-color":"","background-image":"","background-repeat":"repeat","background-position":"center center","background-size":"auto","background-attachment":"scroll","background-type":"","background-media":"","overlay-type":"","overlay-color":"","overlay-opacity":"","overlay-gradient":""},"mobile":{"background-color":"","background-image":"","background-repeat":"repeat","background-position":"center center","background-size":"auto","background-attachment":"scroll","background-type":"","background-media":"","overlay-type":"","overlay-color":"","overlay-opacity":"","overlay-gradient":""}},"ast-content-background-meta":{"desktop":{"background-color":"var(--ast-global-color-5)","background-image":"","background-repeat":"repeat","background-position":"center center","background-size":"auto","background-attachment":"scroll","background-type":"","background-media":"","overlay-type":"","overlay-color":"","overlay-opacity":"","overlay-gradient":""},"tablet":{"background-color":"var(--ast-global-color-5)","background-image":"","background-repeat":"repeat","background-position":"center center","background-size":"auto","background-attachment":"scroll","background-type":"","background-media":"","overlay-type":"","overlay-color":"","overlay-opacity":"","overlay-gradient":""},"mobile":{"background-color":"var(--ast-global-color-5)","background-image":"","background-repeat":"repeat","background-position":"center center","background-size":"auto","background-attachment":"scroll","background-type":"","background-media":"","overlay-type":"","overlay-color":"","overlay-opacity":"","overlay-gradient":""}},"footnotes":""},"class_list":["post-9479","page","type-page","status-publish","has-post-thumbnail","hentry"],"_links":{"self":[{"href":"https:\/\/securehubtec.com\/pt\/wp-json\/wp\/v2\/pages\/9479","targetHints":{"allow":["GET"]}}],"collection":[{"href":"https:\/\/securehubtec.com\/pt\/wp-json\/wp\/v2\/pages"}],"about":[{"href":"https:\/\/securehubtec.com\/pt\/wp-json\/wp\/v2\/types\/page"}],"author":[{"embeddable":true,"href":"https:\/\/securehubtec.com\/pt\/wp-json\/wp\/v2\/users\/1"}],"replies":[{"embeddable":true,"href":"https:\/\/securehubtec.com\/pt\/wp-json\/wp\/v2\/comments?post=9479"}],"version-history":[{"count":2,"href":"https:\/\/securehubtec.com\/pt\/wp-json\/wp\/v2\/pages\/9479\/revisions"}],"predecessor-version":[{"id":9485,"href":"https:\/\/securehubtec.com\/pt\/wp-json\/wp\/v2\/pages\/9479\/revisions\/9485"}],"wp:featuredmedia":[{"embeddable":true,"href":"https:\/\/securehubtec.com\/pt\/wp-json\/wp\/v2\/media\/9480"}],"wp:attachment":[{"href":"https:\/\/securehubtec.com\/pt\/wp-json\/wp\/v2\/media?parent=9479"}],"curies":[{"name":"wp","href":"https:\/\/api.w.org\/{rel}","templated":true}]}}