{"id":9471,"date":"2025-10-03T01:16:19","date_gmt":"2025-10-02T17:16:19","guid":{"rendered":"https:\/\/securehubtec.com\/?page_id=9471"},"modified":"2025-10-03T23:26:17","modified_gmt":"2025-10-03T15:26:17","slug":"elevator-control-solution","status":"publish","type":"page","link":"https:\/\/securehubtec.com\/pt\/elevator-control-solution\/","title":{"rendered":"Solu\u00e7\u00e3o de controle de elevadores"},"content":{"rendered":"<h1 class=\"header-iWP5WJ auto-hide-last-sibling-br\">Solu\u00e7\u00e3o de controle de elevadores: Redefina a efici\u00eancia e a seguran\u00e7a do edif\u00edcio<\/h1>\n<div class=\"container-Uxvbjy md-box-line-break wrapper-GYqxgQ undefined\"><\/div>\n<div class=\"auto-hide-last-sibling-br paragraph-pP9ZLC paragraph-element br-paragraph-space\">No \u00e2mbito do gerenciamento moderno de edif\u00edcios, a efici\u00eancia e a seguran\u00e7a s\u00e3o fundamentais. Nossa solu\u00e7\u00e3o de controle de elevadores surge como um divisor de \u00e1guas, integrando-se perfeitamente aos sistemas de elevadores para revolucionar a forma como o acesso \u00e9 gerenciado em edif\u00edcios residenciais e comerciais. Essa solu\u00e7\u00e3o n\u00e3o se trata apenas de controlar as opera\u00e7\u00f5es dos elevadores; trata-se de criar um ambiente mais inteligente, mais seguro e de f\u00e1cil utiliza\u00e7\u00e3o para residentes e visitantes.<\/div>\n<p><img fetchpriority=\"high\" decoding=\"async\" class=\"aligncenter size-full wp-image-9473\" src=\"https:\/\/securehubtec.com\/wp-content\/uploads\/2025\/10\/Smart-Video-Intercom-s.jpg\" alt=\"\" width=\"1100\" height=\"1006\" srcset=\"https:\/\/securehubtec.com\/wp-content\/uploads\/2025\/10\/Smart-Video-Intercom-s.jpg 1100w, https:\/\/securehubtec.com\/wp-content\/uploads\/2025\/10\/Smart-Video-Intercom-s-300x274.jpg 300w, https:\/\/securehubtec.com\/wp-content\/uploads\/2025\/10\/Smart-Video-Intercom-s-1024x936.jpg 1024w, https:\/\/securehubtec.com\/wp-content\/uploads\/2025\/10\/Smart-Video-Intercom-s-768x702.jpg 768w, https:\/\/securehubtec.com\/wp-content\/uploads\/2025\/10\/Smart-Video-Intercom-s-13x12.jpg 13w, https:\/\/securehubtec.com\/wp-content\/uploads\/2025\/10\/Smart-Video-Intercom-s-600x549.jpg 600w\" sizes=\"(max-width: 1100px) 100vw, 1100px\" \/>A ess\u00eancia da nossa solu\u00e7\u00e3o est\u00e1 em seus recursos avan\u00e7ados de integra\u00e7\u00e3o. Tome como exemplo a conex\u00e3o com elevadores padr\u00e3o. Quando um visitante chega, ele pode digitar o n\u00famero do quarto na esta\u00e7\u00e3o externa para chamar o monitor inteligente. Quando o propriet\u00e1rio atende (no monitor inteligente ou por meio de um telefone celular) e toca no bot\u00e3o de abertura da porta, o sistema se conecta ao controlador do andar do elevador por meio do RS485. Isso chama o elevador para o primeiro andar e concede acesso limitado ao andar correspondente. Como alternativa, os visitantes podem usar uma janela de reconhecimento de c\u00f3digo QR na esta\u00e7\u00e3o. Depois de alinhar o c\u00f3digo QR com a c\u00e2mera da esta\u00e7\u00e3o e fazer o reconhecimento com sucesso, eles podem entrar na porta da unidade e a esta\u00e7\u00e3o se conecta ao controlador do andar do elevador para chamar o elevador e fornecer acesso ao andar. Para os propriet\u00e1rios ou residentes, o processo \u00e9 ainda mais simples - depois que o reconhecimento facial destrava a porta, a esta\u00e7\u00e3o se conecta automaticamente ao controlador do andar do elevador via RS485, chamando o elevador para o primeiro andar e concedendo acesso ao andar designado. Esse n\u00edvel de automa\u00e7\u00e3o elimina o inc\u00f4modo da opera\u00e7\u00e3o manual do elevador e aumenta a seguran\u00e7a ao restringir o acesso apenas a pessoas autorizadas.<br \/>\n<img decoding=\"async\" class=\"aligncenter size-full wp-image-9474 lazyload\" data-src=\"https:\/\/securehubtec.com\/wp-content\/uploads\/2025\/10\/Smart-Video-Intercom-t-1.jpg\" alt=\"\" width=\"1100\" height=\"543\" data-srcset=\"https:\/\/securehubtec.com\/wp-content\/uploads\/2025\/10\/Smart-Video-Intercom-t-1.jpg 1100w, https:\/\/securehubtec.com\/wp-content\/uploads\/2025\/10\/Smart-Video-Intercom-t-1-300x148.jpg 300w, https:\/\/securehubtec.com\/wp-content\/uploads\/2025\/10\/Smart-Video-Intercom-t-1-1024x505.jpg 1024w, https:\/\/securehubtec.com\/wp-content\/uploads\/2025\/10\/Smart-Video-Intercom-t-1-768x379.jpg 768w, https:\/\/securehubtec.com\/wp-content\/uploads\/2025\/10\/Smart-Video-Intercom-t-1-18x9.jpg 18w, https:\/\/securehubtec.com\/wp-content\/uploads\/2025\/10\/Smart-Video-Intercom-t-1-600x296.jpg 600w\" data-sizes=\"(max-width: 1100px) 100vw, 1100px\" src=\"data:image\/svg+xml;base64,PHN2ZyB3aWR0aD0iMSIgaGVpZ2h0PSIxIiB4bWxucz0iaHR0cDovL3d3dy53My5vcmcvMjAwMC9zdmciPjwvc3ZnPg==\" style=\"--smush-placeholder-width: 1100px; --smush-placeholder-aspect-ratio: 1100\/543;\" \/><br \/>\nAl\u00e9m disso, nossa solu\u00e7\u00e3o oferece compatibilidade especializada, principalmente com os elevadores da s\u00e9rie Mitsubishi. Para as vers\u00f5es com fio adequadas para configura\u00e7\u00f5es de 8\/16\/32 andares (ZS - TK8\/ZS - TK16\/ZS - TK32), os fios originais dos bot\u00f5es s\u00e3o cortados e os sinais de controle s\u00e3o roteados de volta para a placa de controle do elevador. A vers\u00e3o sem fio para a s\u00e9rie Mitsubishi (ZS - TKSL) elimina a necessidade de cortar os fios, pois a entrada do sinal de varredura do elevador pode ser conectada ao barramento do elevador. A esta\u00e7\u00e3o externa se conecta ao controlador do andar do elevador por meio de RS485 ou TCP\/IP, garantindo que, quando a porta for aberta, a autoriza\u00e7\u00e3o do elevador seja concedida simultaneamente. Essa compatibilidade garante que a nossa solu\u00e7\u00e3o possa ser adotada sem problemas em edif\u00edcios com elevadores Mitsubishi, proporcionando uma atualiza\u00e7\u00e3o sem complica\u00e7\u00f5es para o controle inteligente de elevadores sem modifica\u00e7\u00f5es extensas na infraestrutura de elevadores existente. Seja em um complexo residencial ou em um edif\u00edcio comercial, nossa solu\u00e7\u00e3o de controle de elevadores traz efici\u00eancia, seguran\u00e7a e conveni\u00eancia para o primeiro plano, estabelecendo um novo padr\u00e3o para o gerenciamento moderno de edif\u00edcios.<\/p>","protected":false},"excerpt":{"rendered":"<p>Elevator Control Solution: Redefine Building Efficiency and Security In the realm of modern building management, efficiency and security are paramount. [&hellip;]<\/p>","protected":false},"author":1,"featured_media":9472,"parent":0,"menu_order":0,"comment_status":"closed","ping_status":"closed","template":"","meta":{"site-sidebar-layout":"default","site-content-layout":"","ast-site-content-layout":"default","site-content-style":"default","site-sidebar-style":"default","ast-global-header-display":"","ast-banner-title-visibility":"","ast-main-header-display":"","ast-hfb-above-header-display":"","ast-hfb-below-header-display":"","ast-hfb-mobile-header-display":"","site-post-title":"","ast-breadcrumbs-content":"","ast-featured-img":"","footer-sml-layout":"","theme-transparent-header-meta":"default","adv-header-id-meta":"","stick-header-meta":"default","header-above-stick-meta":"","header-main-stick-meta":"","header-below-stick-meta":"","astra-migrate-meta-layouts":"set","ast-page-background-enabled":"default","ast-page-background-meta":{"desktop":{"background-color":"","background-image":"","background-repeat":"repeat","background-position":"center center","background-size":"auto","background-attachment":"scroll","background-type":"","background-media":"","overlay-type":"","overlay-color":"","overlay-opacity":"","overlay-gradient":""},"tablet":{"background-color":"","background-image":"","background-repeat":"repeat","background-position":"center center","background-size":"auto","background-attachment":"scroll","background-type":"","background-media":"","overlay-type":"","overlay-color":"","overlay-opacity":"","overlay-gradient":""},"mobile":{"background-color":"","background-image":"","background-repeat":"repeat","background-position":"center center","background-size":"auto","background-attachment":"scroll","background-type":"","background-media":"","overlay-type":"","overlay-color":"","overlay-opacity":"","overlay-gradient":""}},"ast-content-background-meta":{"desktop":{"background-color":"var(--ast-global-color-5)","background-image":"","background-repeat":"repeat","background-position":"center center","background-size":"auto","background-attachment":"scroll","background-type":"","background-media":"","overlay-type":"","overlay-color":"","overlay-opacity":"","overlay-gradient":""},"tablet":{"background-color":"var(--ast-global-color-5)","background-image":"","background-repeat":"repeat","background-position":"center center","background-size":"auto","background-attachment":"scroll","background-type":"","background-media":"","overlay-type":"","overlay-color":"","overlay-opacity":"","overlay-gradient":""},"mobile":{"background-color":"var(--ast-global-color-5)","background-image":"","background-repeat":"repeat","background-position":"center center","background-size":"auto","background-attachment":"scroll","background-type":"","background-media":"","overlay-type":"","overlay-color":"","overlay-opacity":"","overlay-gradient":""}},"footnotes":""},"class_list":["post-9471","page","type-page","status-publish","has-post-thumbnail","hentry"],"_links":{"self":[{"href":"https:\/\/securehubtec.com\/pt\/wp-json\/wp\/v2\/pages\/9471","targetHints":{"allow":["GET"]}}],"collection":[{"href":"https:\/\/securehubtec.com\/pt\/wp-json\/wp\/v2\/pages"}],"about":[{"href":"https:\/\/securehubtec.com\/pt\/wp-json\/wp\/v2\/types\/page"}],"author":[{"embeddable":true,"href":"https:\/\/securehubtec.com\/pt\/wp-json\/wp\/v2\/users\/1"}],"replies":[{"embeddable":true,"href":"https:\/\/securehubtec.com\/pt\/wp-json\/wp\/v2\/comments?post=9471"}],"version-history":[{"count":2,"href":"https:\/\/securehubtec.com\/pt\/wp-json\/wp\/v2\/pages\/9471\/revisions"}],"predecessor-version":[{"id":9477,"href":"https:\/\/securehubtec.com\/pt\/wp-json\/wp\/v2\/pages\/9471\/revisions\/9477"}],"wp:featuredmedia":[{"embeddable":true,"href":"https:\/\/securehubtec.com\/pt\/wp-json\/wp\/v2\/media\/9472"}],"wp:attachment":[{"href":"https:\/\/securehubtec.com\/pt\/wp-json\/wp\/v2\/media?parent=9471"}],"curies":[{"name":"wp","href":"https:\/\/api.w.org\/{rel}","templated":true}]}}