{"id":9465,"date":"2025-10-03T01:03:30","date_gmt":"2025-10-02T17:03:30","guid":{"rendered":"https:\/\/securehubtec.com\/?page_id=9465"},"modified":"2025-10-03T01:03:30","modified_gmt":"2025-10-02T17:03:30","slug":"sip-intercom","status":"publish","type":"page","link":"https:\/\/securehubtec.com\/pt\/sip-intercom\/","title":{"rendered":"SIP INTERCOM"},"content":{"rendered":"<p><img fetchpriority=\"high\" decoding=\"async\" class=\"aligncenter size-full wp-image-9467\" src=\"https:\/\/securehubtec.com\/wp-content\/uploads\/2025\/10\/Smart-Video-Intercom-q-1.jpg\" alt=\"\" width=\"1000\" height=\"516\" srcset=\"https:\/\/securehubtec.com\/wp-content\/uploads\/2025\/10\/Smart-Video-Intercom-q-1.jpg 1000w, https:\/\/securehubtec.com\/wp-content\/uploads\/2025\/10\/Smart-Video-Intercom-q-1-300x155.jpg 300w, https:\/\/securehubtec.com\/wp-content\/uploads\/2025\/10\/Smart-Video-Intercom-q-1-768x396.jpg 768w, https:\/\/securehubtec.com\/wp-content\/uploads\/2025\/10\/Smart-Video-Intercom-q-1-18x9.jpg 18w, https:\/\/securehubtec.com\/wp-content\/uploads\/2025\/10\/Smart-Video-Intercom-q-1-600x310.jpg 600w\" sizes=\"(max-width: 1000px) 100vw, 1000px\" \/> <img decoding=\"async\" class=\"aligncenter size-full wp-image-9468 lazyload\" data-src=\"https:\/\/securehubtec.com\/wp-content\/uploads\/2025\/10\/Smart-Video-Intercom-r.jpg\" alt=\"\" width=\"1000\" height=\"768\" data-srcset=\"https:\/\/securehubtec.com\/wp-content\/uploads\/2025\/10\/Smart-Video-Intercom-r.jpg 1000w, https:\/\/securehubtec.com\/wp-content\/uploads\/2025\/10\/Smart-Video-Intercom-r-300x230.jpg 300w, https:\/\/securehubtec.com\/wp-content\/uploads\/2025\/10\/Smart-Video-Intercom-r-768x590.jpg 768w, https:\/\/securehubtec.com\/wp-content\/uploads\/2025\/10\/Smart-Video-Intercom-r-16x12.jpg 16w, https:\/\/securehubtec.com\/wp-content\/uploads\/2025\/10\/Smart-Video-Intercom-r-600x461.jpg 600w\" data-sizes=\"(max-width: 1000px) 100vw, 1000px\" src=\"data:image\/svg+xml;base64,PHN2ZyB3aWR0aD0iMSIgaGVpZ2h0PSIxIiB4bWxucz0iaHR0cDovL3d3dy53My5vcmcvMjAwMC9zdmciPjwvc3ZnPg==\" style=\"--smush-placeholder-width: 1000px; --smush-placeholder-aspect-ratio: 1000\/768;\" \/><em><strong>SIP INTERCOM<\/strong><\/em><\/p>\n<h1 class=\"header-iWP5WJ auto-hide-last-sibling-br\">DRSECURE: Redefina a seguran\u00e7a residencial e patrimonial com solu\u00e7\u00f5es inteligentes de intercomunica\u00e7\u00e3o e controle de acesso de primeira linha<\/h1>\n<div class=\"container-Uxvbjy md-box-line-break wrapper-GYqxgQ undefined\"><\/div>\n<div class=\"auto-hide-last-sibling-br paragraph-pP9ZLC paragraph-element br-paragraph-space\">Em uma \u00e9poca em que a seguran\u00e7a e a conveni\u00eancia s\u00e3o fundamentais para propriet\u00e1rios, gerentes de propriedades e empres\u00e1rios, o DRSECURE surge como l\u00edder no mercado de produtos de seguran\u00e7a.\u00a0<strong>Fabrica\u00e7\u00e3o de intercomunicadores inteligentes<\/strong>\u00a0dedicada \u00e0 cria\u00e7\u00e3o de solu\u00e7\u00f5es inovadoras de entrada e comunica\u00e7\u00e3o. Entendemos que cada espa\u00e7o - seja um apartamento familiar aconchegante, uma vila luxuosa ou um complexo de apartamentos movimentado - tem necessidades de seguran\u00e7a exclusivas. \u00c9 por isso que nossa abrangente linha de produtos, desde os b\u00e1sicos at\u00e9 os mais sofisticados, inclui\u00a0<strong>Campainha<\/strong>\u00a0unidades para avan\u00e7ado\u00a0<strong>Sistema de intercomunica\u00e7\u00e3o por v\u00eddeo IP<\/strong>O sistema de seguran\u00e7a da Web, o sistema de seguran\u00e7a da informa\u00e7\u00e3o, foi projetado para combinar tecnologia de ponta, durabilidade e design f\u00e1cil de usar, garantindo prote\u00e7\u00e3o perfeita e acesso sem esfor\u00e7o para todos.<\/div>\n<div class=\"container-Uxvbjy md-box-line-break wrapper-GYqxgQ undefined\"><\/div>\n<div class=\"auto-hide-last-sibling-br paragraph-pP9ZLC paragraph-element br-paragraph-space\">No centro de nossas ofertas est\u00e1 uma gama diversificada de\u00a0<strong>intercomunicador inteligente<\/strong>\u00a0cada um deles adaptado a cen\u00e1rios espec\u00edficos. Para edif\u00edcios residenciais, nossos\u00a0<strong>Interfone inteligente para apartamento<\/strong>\u00a0e\u00a0<strong>Intercomunicador inteligente para pr\u00e9dios de apartamentos<\/strong>\u00a0se destacam como revolucion\u00e1rios. Equipado com alta defini\u00e7\u00e3o\u00a0<strong>c\u00e2mera da campainha<\/strong>\u00a0e suave\u00a0<strong>Interfone bidirecional<\/strong>\u00a0Com a funcionalidade, esses sistemas permitem que os residentes se comuniquem com os visitantes de forma clara e verifiquem sua identidade visualmente - sem mais incertezas sobre quem est\u00e1 na porta. Os\u00a0<strong>C\u00e2mera de campainha familiar para apartamento<\/strong>\u00a0leva isso um passo adiante, projetado com a seguran\u00e7a da fam\u00edlia em mente: sua lente grande angular captura todos os detalhes na entrada e a vis\u00e3o noturna garante clareza mesmo em condi\u00e7\u00f5es de pouca luz, para que voc\u00ea possa sempre ficar de olho na seguran\u00e7a de seus entes queridos. Para aqueles que buscam confiabilidade com fio, a\u00a0<strong>V\u00eddeo porteiro com fio de 7 polegadas<\/strong>\u00a0oferece uma tela n\u00edtida que torna intuitiva a intera\u00e7\u00e3o com os visitantes, enquanto o\u00a0<strong>V\u00eddeo porteiro de 10,1 polegadas com o melhor pre\u00e7o<\/strong>\u00a0combina uma tela grande e de f\u00e1cil leitura com pre\u00e7o acess\u00edvel, tornando-o a melhor op\u00e7\u00e3o para gerentes de propriedades preocupados com o or\u00e7amento.<\/div>\n<div class=\"container-Uxvbjy md-box-line-break wrapper-GYqxgQ undefined\"><\/div>\n<div class=\"auto-hide-last-sibling-br paragraph-pP9ZLC paragraph-element br-paragraph-space\">A conveni\u00eancia sem fio \u00e9 outra pedra angular de nossa linha de produtos. O\u00a0<strong>Campainha Inteligente Wifi Tuya<\/strong>\u00a0e\u00a0<strong>Seguran\u00e7a residencial Telefone de porta visual WIFI inteligente<\/strong>\u00a0aproveitam a conectividade Wi-Fi para permitir que os usu\u00e1rios mantenham o controle, n\u00e3o importa onde estejam. Imagine estar preso no tr\u00e2nsito e receber uma notifica\u00e7\u00e3o de que um entregador de pacotes chegou - com esses dispositivos, voc\u00ea pode iniciar instantaneamente um\u00a0<strong>Conversa bidirecional<\/strong>\u00a0sess\u00e3o, confirmar a entrega e at\u00e9 mesmo destravar a porta remotamente por meio de seu smartphone. Esse n\u00edvel de flexibilidade redefine\u00a0<strong>entrada inteligente<\/strong>transformando seu telefone em uma poderosa ferramenta para gerenciar o acesso \u00e0 sua casa ou pr\u00e9dio. Nossos\u00a0<strong>intercomunicador com campainha<\/strong>\u00a0Enquanto isso, os modelos oferecem uma solu\u00e7\u00e3o compacta, por\u00e9m robusta, para espa\u00e7os menores, combinando a funcionalidade de um modelo tradicional de\u00a0<strong>campainha da porta do apartamento<\/strong>\u00a0com recursos de intercomunica\u00e7\u00e3o, garantindo que voc\u00ea nunca mais perca um visitante ou uma entrega.<\/div>\n<div class=\"container-Uxvbjy md-box-line-break wrapper-GYqxgQ undefined\"><\/div>\n<div class=\"auto-hide-last-sibling-br paragraph-pP9ZLC paragraph-element br-paragraph-space\">Al\u00e9m da comunica\u00e7\u00e3o, o DRSECURE se destaca em\u00a0<strong>Entrada sem chave<\/strong>\u00a0e\u00a0<strong>sistemas de controle de acesso<\/strong>-eliminando o inc\u00f4modo das chaves tradicionais e aumentando a seguran\u00e7a. Nossos sistemas suportam v\u00e1rios m\u00e9todos de acesso para atender a diversas necessidades:\u00a0<strong>Desbloqueio de RFIC<\/strong>\u00a0permite que os usu\u00e1rios entrem com um cart\u00e3o registrado ou at\u00e9 mesmo com seu smartphone (quando emparelhado com a funcionalidade NFC), tornando-o ideal para profissionais ocupados que n\u00e3o querem carregar chaves extras. O\u00a0<strong>Trava de intercomunica\u00e7\u00e3o da c\u00e2mera<\/strong>\u00a0\u00e9 um destaque aqui, mesclando a verifica\u00e7\u00e3o visual de um\u00a0<strong>Campainha com c\u00e2mera<\/strong>\u00a0com a seguran\u00e7a de uma fechadura sem chave - os usu\u00e1rios podem ver quem est\u00e1 na porta e destranc\u00e1-la com um \u00fanico toque, tudo sem precisar se preocupar com as chaves. Para propriedades maiores, nosso\u00a0<strong>Sistema de controle de acesso<\/strong>\u00a0fornece gerenciamento centralizado: os gerentes de propriedades podem configurar PINs p\u00fablicos para \u00e1reas comuns, PINs de residentes para unidades individuais e PINs tempor\u00e1rios para h\u00f3spedes ou prestadores de servi\u00e7os, garantindo que somente o pessoal autorizado tenha acesso. O\u00a0<strong>Interfone de libera\u00e7\u00e3o da porta<\/strong>\u00a0integra-se perfeitamente a esses sistemas, permitindo uma entrada r\u00e1pida e segura para residentes e funcion\u00e1rios, enquanto nosso\u00a0<strong>sistemas de controle de acesso<\/strong>\u00a0s\u00e3o constru\u00eddos para suportar tr\u00e1fego intenso, o que os torna perfeitos para edif\u00edcios de escrit\u00f3rios ou espa\u00e7os de varejo.<\/div>\n<div class=\"container-Uxvbjy md-box-line-break wrapper-GYqxgQ undefined\"><\/div>\n<div class=\"auto-hide-last-sibling-br paragraph-pP9ZLC paragraph-element br-paragraph-space\">A durabilidade n\u00e3o \u00e9 negoci\u00e1vel para os sistemas de entrada, e \u00e9 por isso que priorizamos o design robusto em todos os produtos. O\u00a0<strong>Campainha de porta externa \u00e0 prova d'\u00e1gua<\/strong>\u00a0e\u00a0<strong>Campainha IP65 para resid\u00eancias<\/strong>\u00a0s\u00e3o projetados para suportar as condi\u00e7\u00f5es clim\u00e1ticas mais adversas - chuva forte, luz solar intensa e at\u00e9 mesmo temperaturas congelantes - sem comprometer o desempenho. Isso os torna ideais para vilas, casas geminadas ou qualquer propriedade com pontos de entrada externos que precisam de prote\u00e7\u00e3o confi\u00e1vel o ano todo. Nossos\u00a0<strong>Telefones de porta<\/strong>\u00a0e\u00a0<strong>Telefones inteligentes para portas<\/strong>\u00a0tamb\u00e9m apresentam constru\u00e7\u00e3o dur\u00e1vel, projetada para suportar o uso di\u00e1rio em \u00e1reas de alto tr\u00e1fego, como lobbies de apartamentos ou \u00e1reas de recep\u00e7\u00e3o de escrit\u00f3rios. Para empresas que buscam aumentar a seguran\u00e7a de ativos valiosos, nossos\u00a0<strong>arm\u00e1rio inteligente seguro<\/strong>\u00a0s\u00e3o um complemento perfeito: elas se integram aos nossos sistemas de controle de acesso, permitindo que funcion\u00e1rios ou clientes acessem os arm\u00e1rios por meio de cart\u00f5es RFIC ou PINs, garantindo que itens valiosos estejam sempre seguros.<\/div>\n<div class=\"container-Uxvbjy md-box-line-break wrapper-GYqxgQ undefined\"><\/div>\n<div class=\"auto-hide-last-sibling-br paragraph-pP9ZLC paragraph-element br-paragraph-space\">Todos os produtos de nossa linha - desde o modelo b\u00e1sico\u00a0<strong>Kit de telefone com v\u00eddeo para portas<\/strong>\u00a0para o avan\u00e7ado\u00a0<strong>Sistema de campainha com intercomunicador de v\u00eddeo AHD de 7 polegadas<\/strong>-cumpre a promessa de qualidade e inova\u00e7\u00e3o da DRSECURE. N\u00e3o vendemos apenas produtos de seguran\u00e7a; proporcionamos paz de esp\u00edrito. Seja voc\u00ea um propriet\u00e1rio que deseja proteger sua fam\u00edlia, um gerente de propriedade que precisa simplificar o acesso de centenas de residentes ou um empres\u00e1rio que deseja proteger suas instala\u00e7\u00f5es, nossas solu\u00e7\u00f5es s\u00e3o projetadas para se adaptar \u00e0s suas necessidades. Com o DRSECURE, voc\u00ea n\u00e3o est\u00e1 investindo apenas em um\u00a0<strong>campainha<\/strong>\u00a0ou um interfone - voc\u00ea est\u00e1 investindo em uma maneira mais inteligente e segura de gerenciar a entrada e a comunica\u00e7\u00e3o.<\/div>\n<div class=\"container-Uxvbjy md-box-line-break wrapper-GYqxgQ undefined\"><\/div>\n<div class=\"auto-hide-last-sibling-br paragraph-pP9ZLC paragraph-element br-paragraph-space\">Fa\u00e7a o upgrade para o DRSECURE hoje mesmo e experimente o futuro da seguran\u00e7a. De uma seguran\u00e7a cristalina\u00a0<strong>v\u00eddeo porteiro<\/strong>\u00a0conversas para n\u00e3o ter problemas\u00a0<strong>Entrada sem chave<\/strong>Com a DRSECURE, nossos produtos transformam pontos de entrada comuns em hubs inteligentes e seguros que trabalham para voc\u00ea. Junte-se a milhares de clientes satisfeitos em todo o mundo que confiam na DRSECURE para manter suas casas, apartamentos e empresas seguras - porque, quando se trata de seguran\u00e7a, o comprometimento n\u00e3o \u00e9 uma op\u00e7\u00e3o.<\/div>","protected":false},"excerpt":{"rendered":"<p>SIP INTERCOM DRSECURE: Redefine Home &amp; Property Security with Top-Tier Smart Intercom &amp; Access Control Solutions In an era where [&hellip;]<\/p>","protected":false},"author":1,"featured_media":9466,"parent":0,"menu_order":0,"comment_status":"closed","ping_status":"closed","template":"","meta":{"site-sidebar-layout":"default","site-content-layout":"","ast-site-content-layout":"default","site-content-style":"default","site-sidebar-style":"default","ast-global-header-display":"","ast-banner-title-visibility":"","ast-main-header-display":"","ast-hfb-above-header-display":"","ast-hfb-below-header-display":"","ast-hfb-mobile-header-display":"","site-post-title":"","ast-breadcrumbs-content":"","ast-featured-img":"","footer-sml-layout":"","theme-transparent-header-meta":"default","adv-header-id-meta":"","stick-header-meta":"default","header-above-stick-meta":"","header-main-stick-meta":"","header-below-stick-meta":"","astra-migrate-meta-layouts":"set","ast-page-background-enabled":"default","ast-page-background-meta":{"desktop":{"background-color":"","background-image":"","background-repeat":"repeat","background-position":"center center","background-size":"auto","background-attachment":"scroll","background-type":"","background-media":"","overlay-type":"","overlay-color":"","overlay-opacity":"","overlay-gradient":""},"tablet":{"background-color":"","background-image":"","background-repeat":"repeat","background-position":"center center","background-size":"auto","background-attachment":"scroll","background-type":"","background-media":"","overlay-type":"","overlay-color":"","overlay-opacity":"","overlay-gradient":""},"mobile":{"background-color":"","background-image":"","background-repeat":"repeat","background-position":"center center","background-size":"auto","background-attachment":"scroll","background-type":"","background-media":"","overlay-type":"","overlay-color":"","overlay-opacity":"","overlay-gradient":""}},"ast-content-background-meta":{"desktop":{"background-color":"var(--ast-global-color-5)","background-image":"","background-repeat":"repeat","background-position":"center center","background-size":"auto","background-attachment":"scroll","background-type":"","background-media":"","overlay-type":"","overlay-color":"","overlay-opacity":"","overlay-gradient":""},"tablet":{"background-color":"var(--ast-global-color-5)","background-image":"","background-repeat":"repeat","background-position":"center center","background-size":"auto","background-attachment":"scroll","background-type":"","background-media":"","overlay-type":"","overlay-color":"","overlay-opacity":"","overlay-gradient":""},"mobile":{"background-color":"var(--ast-global-color-5)","background-image":"","background-repeat":"repeat","background-position":"center center","background-size":"auto","background-attachment":"scroll","background-type":"","background-media":"","overlay-type":"","overlay-color":"","overlay-opacity":"","overlay-gradient":""}},"footnotes":""},"class_list":["post-9465","page","type-page","status-publish","has-post-thumbnail","hentry"],"_links":{"self":[{"href":"https:\/\/securehubtec.com\/pt\/wp-json\/wp\/v2\/pages\/9465","targetHints":{"allow":["GET"]}}],"collection":[{"href":"https:\/\/securehubtec.com\/pt\/wp-json\/wp\/v2\/pages"}],"about":[{"href":"https:\/\/securehubtec.com\/pt\/wp-json\/wp\/v2\/types\/page"}],"author":[{"embeddable":true,"href":"https:\/\/securehubtec.com\/pt\/wp-json\/wp\/v2\/users\/1"}],"replies":[{"embeddable":true,"href":"https:\/\/securehubtec.com\/pt\/wp-json\/wp\/v2\/comments?post=9465"}],"version-history":[{"count":1,"href":"https:\/\/securehubtec.com\/pt\/wp-json\/wp\/v2\/pages\/9465\/revisions"}],"predecessor-version":[{"id":9469,"href":"https:\/\/securehubtec.com\/pt\/wp-json\/wp\/v2\/pages\/9465\/revisions\/9469"}],"wp:featuredmedia":[{"embeddable":true,"href":"https:\/\/securehubtec.com\/pt\/wp-json\/wp\/v2\/media\/9466"}],"wp:attachment":[{"href":"https:\/\/securehubtec.com\/pt\/wp-json\/wp\/v2\/media?parent=9465"}],"curies":[{"name":"wp","href":"https:\/\/api.w.org\/{rel}","templated":true}]}}