{"id":9459,"date":"2025-10-03T00:45:01","date_gmt":"2025-10-02T16:45:01","guid":{"rendered":"https:\/\/securehubtec.com\/?page_id=9459"},"modified":"2025-10-03T00:48:21","modified_gmt":"2025-10-02T16:48:21","slug":"4g-lte-outdoor-station","status":"publish","type":"page","link":"https:\/\/securehubtec.com\/pt\/4g-lte-outdoor-station\/","title":{"rendered":"Esta\u00e7\u00e3o externa 4G LTE"},"content":{"rendered":"<p><img fetchpriority=\"high\" decoding=\"async\" class=\"aligncenter size-full wp-image-9461\" src=\"https:\/\/securehubtec.com\/wp-content\/uploads\/2025\/10\/Smart-Video-Intercom-p-1.jpg\" alt=\"\" width=\"1100\" height=\"965\" srcset=\"https:\/\/securehubtec.com\/wp-content\/uploads\/2025\/10\/Smart-Video-Intercom-p-1.jpg 1100w, https:\/\/securehubtec.com\/wp-content\/uploads\/2025\/10\/Smart-Video-Intercom-p-1-300x263.jpg 300w, https:\/\/securehubtec.com\/wp-content\/uploads\/2025\/10\/Smart-Video-Intercom-p-1-1024x898.jpg 1024w, https:\/\/securehubtec.com\/wp-content\/uploads\/2025\/10\/Smart-Video-Intercom-p-1-768x674.jpg 768w, https:\/\/securehubtec.com\/wp-content\/uploads\/2025\/10\/Smart-Video-Intercom-p-1-14x12.jpg 14w, https:\/\/securehubtec.com\/wp-content\/uploads\/2025\/10\/Smart-Video-Intercom-p-1-600x526.jpg 600w\" sizes=\"(max-width: 1100px) 100vw, 1100px\" \/><\/p>\n<p><em><strong>Esta\u00e7\u00e3o externa 4G LTE que pode fazer chamadas para telefones fixos e celulares<\/strong><\/em><\/p>\n<p><span style=\"color: #ffcc00;\"><strong>Chamadas de voz entre redes<\/strong><\/span>\u00a0 \u00a0 \u00a0Por meio da tecnologia VoLTE em redes 4G LTE, ela permite a comunica\u00e7\u00e3o de voz bidirecional com linhas fixas tradicionais (que dependem da rede telef\u00f4nica p\u00fablica comutada PSTN) e v\u00e1rios tipos de telefones celulares (incluindo telefones 2G\/3G\/4G\/5G), sem a necessidade de linhas telef\u00f4nicas tradicionais ou redes 2G\/3G.<\/p>\n<p><span style=\"color: #ffcc00;\"><strong>Concorr\u00eancia de dados e voz em alta velocidade 4G<\/strong><\/span>\u00a0 \u00a0 Durante a realiza\u00e7\u00e3o ou o recebimento de chamadas, a conex\u00e3o de dados 4G LTE permanece ininterrupta, permitindo que os usu\u00e1rios naveguem simultaneamente na Internet, participem de videoconfer\u00eancias e usem aplicativos. Isso resolve o problema da \"interrup\u00e7\u00e3o da rede durante as chamadas\" nas redes 2G\/3G tradicionais.<\/p>\n<p><strong><span style=\"color: #ffcc00;\">Experi\u00eancia de voz em HD<\/span><\/strong>\u00a0 \u00a0 \u00a0Ele adota a tecnologia de codifica\u00e7\u00e3o de voz de banda larga (como AMR-WB), proporcionando uma qualidade de chamada mais clara com menos ru\u00eddo de fundo em compara\u00e7\u00e3o com os telefones tradicionais, o que melhora a efici\u00eancia da comunica\u00e7\u00e3o, especialmente adequada para chamadas comerciais ou cen\u00e1rios que exigem voz clara.<\/p>\n<p><strong><span style=\"color: #ffcc00;\">Usado em log\u00edstica\u00a0 \u00a0 \u00a0 <\/span><\/strong>seguran\u00e7a e outros setores, oferecendo suporte a chamadas entre redes para os telefones celulares dos funcion\u00e1rios ou para os telefones fixos do centro de controle.<\/p>\n<p>&nbsp;<\/p>\n<p>&nbsp;<\/p>","protected":false},"excerpt":{"rendered":"<p>4G LTE Outdoor Station that can call landline and cellphone Cross-network voice calls\u00a0 \u00a0 \u00a0Through VoLTE technology on 4G LTE [&hellip;]<\/p>","protected":false},"author":1,"featured_media":9460,"parent":0,"menu_order":0,"comment_status":"closed","ping_status":"closed","template":"","meta":{"site-sidebar-layout":"default","site-content-layout":"","ast-site-content-layout":"default","site-content-style":"default","site-sidebar-style":"default","ast-global-header-display":"","ast-banner-title-visibility":"","ast-main-header-display":"","ast-hfb-above-header-display":"","ast-hfb-below-header-display":"","ast-hfb-mobile-header-display":"","site-post-title":"","ast-breadcrumbs-content":"","ast-featured-img":"","footer-sml-layout":"","theme-transparent-header-meta":"default","adv-header-id-meta":"","stick-header-meta":"default","header-above-stick-meta":"","header-main-stick-meta":"","header-below-stick-meta":"","astra-migrate-meta-layouts":"set","ast-page-background-enabled":"default","ast-page-background-meta":{"desktop":{"background-color":"","background-image":"","background-repeat":"repeat","background-position":"center center","background-size":"auto","background-attachment":"scroll","background-type":"","background-media":"","overlay-type":"","overlay-color":"","overlay-opacity":"","overlay-gradient":""},"tablet":{"background-color":"","background-image":"","background-repeat":"repeat","background-position":"center center","background-size":"auto","background-attachment":"scroll","background-type":"","background-media":"","overlay-type":"","overlay-color":"","overlay-opacity":"","overlay-gradient":""},"mobile":{"background-color":"","background-image":"","background-repeat":"repeat","background-position":"center center","background-size":"auto","background-attachment":"scroll","background-type":"","background-media":"","overlay-type":"","overlay-color":"","overlay-opacity":"","overlay-gradient":""}},"ast-content-background-meta":{"desktop":{"background-color":"var(--ast-global-color-5)","background-image":"","background-repeat":"repeat","background-position":"center center","background-size":"auto","background-attachment":"scroll","background-type":"","background-media":"","overlay-type":"","overlay-color":"","overlay-opacity":"","overlay-gradient":""},"tablet":{"background-color":"var(--ast-global-color-5)","background-image":"","background-repeat":"repeat","background-position":"center center","background-size":"auto","background-attachment":"scroll","background-type":"","background-media":"","overlay-type":"","overlay-color":"","overlay-opacity":"","overlay-gradient":""},"mobile":{"background-color":"var(--ast-global-color-5)","background-image":"","background-repeat":"repeat","background-position":"center center","background-size":"auto","background-attachment":"scroll","background-type":"","background-media":"","overlay-type":"","overlay-color":"","overlay-opacity":"","overlay-gradient":""}},"footnotes":""},"class_list":["post-9459","page","type-page","status-publish","has-post-thumbnail","hentry"],"_links":{"self":[{"href":"https:\/\/securehubtec.com\/pt\/wp-json\/wp\/v2\/pages\/9459","targetHints":{"allow":["GET"]}}],"collection":[{"href":"https:\/\/securehubtec.com\/pt\/wp-json\/wp\/v2\/pages"}],"about":[{"href":"https:\/\/securehubtec.com\/pt\/wp-json\/wp\/v2\/types\/page"}],"author":[{"embeddable":true,"href":"https:\/\/securehubtec.com\/pt\/wp-json\/wp\/v2\/users\/1"}],"replies":[{"embeddable":true,"href":"https:\/\/securehubtec.com\/pt\/wp-json\/wp\/v2\/comments?post=9459"}],"version-history":[{"count":2,"href":"https:\/\/securehubtec.com\/pt\/wp-json\/wp\/v2\/pages\/9459\/revisions"}],"predecessor-version":[{"id":9582,"href":"https:\/\/securehubtec.com\/pt\/wp-json\/wp\/v2\/pages\/9459\/revisions\/9582"}],"wp:featuredmedia":[{"embeddable":true,"href":"https:\/\/securehubtec.com\/pt\/wp-json\/wp\/v2\/media\/9460"}],"wp:attachment":[{"href":"https:\/\/securehubtec.com\/pt\/wp-json\/wp\/v2\/media?parent=9459"}],"curies":[{"name":"wp","href":"https:\/\/api.w.org\/{rel}","templated":true}]}}