{"id":9454,"date":"2025-10-03T00:22:46","date_gmt":"2025-10-02T16:22:46","guid":{"rendered":"https:\/\/securehubtec.com\/?page_id=9454"},"modified":"2025-10-03T00:22:46","modified_gmt":"2025-10-02T16:22:46","slug":"4g-volte-sip-intercom-works-with-tuya","status":"publish","type":"page","link":"https:\/\/securehubtec.com\/pt\/4g-volte-sip-intercom-works-with-tuya\/","title":{"rendered":"O interfone SIP 4G VoLTE funciona com a TUYA"},"content":{"rendered":"<p><img fetchpriority=\"high\" decoding=\"async\" class=\"aligncenter size-full wp-image-9456\" src=\"https:\/\/securehubtec.com\/wp-content\/uploads\/2025\/10\/Smart-Video-Intercom-o-3.jpg\" alt=\"\" width=\"1000\" height=\"724\" srcset=\"https:\/\/securehubtec.com\/wp-content\/uploads\/2025\/10\/Smart-Video-Intercom-o-3.jpg 1000w, https:\/\/securehubtec.com\/wp-content\/uploads\/2025\/10\/Smart-Video-Intercom-o-3-300x217.jpg 300w, https:\/\/securehubtec.com\/wp-content\/uploads\/2025\/10\/Smart-Video-Intercom-o-3-768x556.jpg 768w, https:\/\/securehubtec.com\/wp-content\/uploads\/2025\/10\/Smart-Video-Intercom-o-3-18x12.jpg 18w, https:\/\/securehubtec.com\/wp-content\/uploads\/2025\/10\/Smart-Video-Intercom-o-3-600x434.jpg 600w\" sizes=\"(max-width: 1000px) 100vw, 1000px\" \/><\/p>\n<p><span style=\"color: #ffcc00;\"><strong>O interfone SIP 4G VoLTE funciona com a TUYA<br \/>\nCen\u00e1rios t\u00edpicos de aplicativos<\/strong><\/span><\/p>\n<ul>\n<li>Apartamento: Interfone externo 4G LTE - Redefinindo a conveni\u00eancia e a seguran\u00e7a<\/li>\n<li>Diga adeus \u00e0 fia\u00e7\u00e3o complicada - a constru\u00e7\u00e3o acaba de ficar mais f\u00e1cil! Projetado para apartamentos de luxo, esse intercomunicador externo 4G LTE elimina a necessidade de cabos de rede, simplificando drasticamente o processo de instala\u00e7\u00e3o. Ele minimiza a interrup\u00e7\u00e3o do ambiente do apartamento, permitindo uma implanta\u00e7\u00e3o mais flex\u00edvel e uma configura\u00e7\u00e3o mais r\u00e1pida.<\/li>\n<li>Fa\u00e7a chamadas e desbloqueie em uma \u00fanica etapa - sem necessidade de curva de aprendizado. O dispositivo suporta chamadas diretas para telefones fixos e celulares. Durante uma chamada, basta pressionar o teclado num\u00e9rico para destrancar a porta - sem downloads de aplicativos, sem instru\u00e7\u00f5es complexas. At\u00e9 mesmo idosos e crian\u00e7as podem us\u00e1-lo sem esfor\u00e7o, tornando o acesso di\u00e1rio livre de problemas.<\/li>\n<li>Atenda a diversas necessidades com uma intera\u00e7\u00e3o de v\u00eddeo mais inteligente. Al\u00e9m das fun\u00e7\u00f5es b\u00e1sicas de chamada e desbloqueio, o intercomunicador tamb\u00e9m suporta chamadas para o aplicativo de um residente, permitindo chamadas de v\u00eddeo de alta defini\u00e7\u00e3o para que os residentes possam verificar visualmente os visitantes. Ele tamb\u00e9m oferece desbloqueio remoto: para cen\u00e1rios como receber convidados ou aceitar pacotes, voc\u00ea pode conceder acesso facilmente sem estar no local - combinando perfeitamente seguran\u00e7a e conveni\u00eancia.<\/li>\n<\/ul>\n<p><strong><span style=\"color: #ffcc00;\">Condi\u00e7\u00f5es de uso<\/span><\/strong><\/p>\n<ul>\n<li>O dispositivo deve ser compat\u00edvel com a rede 4G LTE e o protocolo VoLTE;<\/li>\n<li>A \u00e1rea deve ter cobertura de rede 4G LTE e a operadora deve ter ativado o servi\u00e7o VoLTE;<\/li>\n<li>Deve ser inserido um cart\u00e3o SIM 4G v\u00e1lido (com suporte \u00e0 fun\u00e7\u00e3o de voz).\n<p>Esses dispositivos combinam a alta velocidade das redes 4G com a universalidade da comunica\u00e7\u00e3o de voz tradicional, o que os torna uma solu\u00e7\u00e3o eficiente para conectar diferentes terminais (telefones fixos, celulares) na comunica\u00e7\u00e3o moderna.<\/li>\n<\/ul>\n<p>&nbsp;<\/p>","protected":false},"excerpt":{"rendered":"<p>4G VoLTE SIP Intercom works with TUYA Typical Application Scenarios Apartment: 4G LTE Outdoor Intercom \u2013 Redefining Convenience &amp; Security [&hellip;]<\/p>","protected":false},"author":1,"featured_media":9455,"parent":0,"menu_order":0,"comment_status":"closed","ping_status":"closed","template":"","meta":{"site-sidebar-layout":"default","site-content-layout":"","ast-site-content-layout":"default","site-content-style":"default","site-sidebar-style":"default","ast-global-header-display":"","ast-banner-title-visibility":"","ast-main-header-display":"","ast-hfb-above-header-display":"","ast-hfb-below-header-display":"","ast-hfb-mobile-header-display":"","site-post-title":"","ast-breadcrumbs-content":"","ast-featured-img":"","footer-sml-layout":"","theme-transparent-header-meta":"default","adv-header-id-meta":"","stick-header-meta":"default","header-above-stick-meta":"","header-main-stick-meta":"","header-below-stick-meta":"","astra-migrate-meta-layouts":"set","ast-page-background-enabled":"default","ast-page-background-meta":{"desktop":{"background-color":"","background-image":"","background-repeat":"repeat","background-position":"center center","background-size":"auto","background-attachment":"scroll","background-type":"","background-media":"","overlay-type":"","overlay-color":"","overlay-opacity":"","overlay-gradient":""},"tablet":{"background-color":"","background-image":"","background-repeat":"repeat","background-position":"center center","background-size":"auto","background-attachment":"scroll","background-type":"","background-media":"","overlay-type":"","overlay-color":"","overlay-opacity":"","overlay-gradient":""},"mobile":{"background-color":"","background-image":"","background-repeat":"repeat","background-position":"center center","background-size":"auto","background-attachment":"scroll","background-type":"","background-media":"","overlay-type":"","overlay-color":"","overlay-opacity":"","overlay-gradient":""}},"ast-content-background-meta":{"desktop":{"background-color":"var(--ast-global-color-5)","background-image":"","background-repeat":"repeat","background-position":"center center","background-size":"auto","background-attachment":"scroll","background-type":"","background-media":"","overlay-type":"","overlay-color":"","overlay-opacity":"","overlay-gradient":""},"tablet":{"background-color":"var(--ast-global-color-5)","background-image":"","background-repeat":"repeat","background-position":"center center","background-size":"auto","background-attachment":"scroll","background-type":"","background-media":"","overlay-type":"","overlay-color":"","overlay-opacity":"","overlay-gradient":""},"mobile":{"background-color":"var(--ast-global-color-5)","background-image":"","background-repeat":"repeat","background-position":"center center","background-size":"auto","background-attachment":"scroll","background-type":"","background-media":"","overlay-type":"","overlay-color":"","overlay-opacity":"","overlay-gradient":""}},"footnotes":""},"class_list":["post-9454","page","type-page","status-publish","has-post-thumbnail","hentry"],"_links":{"self":[{"href":"https:\/\/securehubtec.com\/pt\/wp-json\/wp\/v2\/pages\/9454","targetHints":{"allow":["GET"]}}],"collection":[{"href":"https:\/\/securehubtec.com\/pt\/wp-json\/wp\/v2\/pages"}],"about":[{"href":"https:\/\/securehubtec.com\/pt\/wp-json\/wp\/v2\/types\/page"}],"author":[{"embeddable":true,"href":"https:\/\/securehubtec.com\/pt\/wp-json\/wp\/v2\/users\/1"}],"replies":[{"embeddable":true,"href":"https:\/\/securehubtec.com\/pt\/wp-json\/wp\/v2\/comments?post=9454"}],"version-history":[{"count":2,"href":"https:\/\/securehubtec.com\/pt\/wp-json\/wp\/v2\/pages\/9454\/revisions"}],"predecessor-version":[{"id":9648,"href":"https:\/\/securehubtec.com\/pt\/wp-json\/wp\/v2\/pages\/9454\/revisions\/9648"}],"wp:featuredmedia":[{"embeddable":true,"href":"https:\/\/securehubtec.com\/pt\/wp-json\/wp\/v2\/media\/9455"}],"wp:attachment":[{"href":"https:\/\/securehubtec.com\/pt\/wp-json\/wp\/v2\/media?parent=9454"}],"curies":[{"name":"wp","href":"https:\/\/api.w.org\/{rel}","templated":true}]}}