{"id":9436,"date":"2025-10-02T00:38:05","date_gmt":"2025-10-01T16:38:05","guid":{"rendered":"https:\/\/securehubtec.com\/?page_id=9436"},"modified":"2025-10-02T00:59:45","modified_gmt":"2025-10-01T16:59:45","slug":"sip-intercom-works-with-tuya-2","status":"publish","type":"page","link":"https:\/\/securehubtec.com\/pt\/sip-intercom-works-with-tuya-2\/","title":{"rendered":"O interfone SIP funciona com a TUYA"},"content":{"rendered":"<p>Apresentamos nosso sistema de acesso a portas inteligentes de \u00faltima gera\u00e7\u00e3o! Ele revoluciona a maneira como voc\u00ea entra em sua casa ou pr\u00e9dio. Com o reconhecimento facial, seu rosto \u00e9 a chave. Essa tecnologia biom\u00e9trica usa algoritmos avan\u00e7ados de vis\u00e3o computacional para capturar, detectar e combinar caracter\u00edsticas faciais para uma verifica\u00e7\u00e3o de identidade perfeita. N\u00e3o \u00e9 mais necess\u00e1rio ficar procurando chaves - basta olhar para o dispositivo e a porta se abrir\u00e1.<br \/>\n<img fetchpriority=\"high\" decoding=\"async\" class=\"aligncenter size-full wp-image-9438\" src=\"https:\/\/securehubtec.com\/wp-content\/uploads\/2025\/10\/Smart-Video-Intercom-l-1.jpg\" alt=\"\" width=\"1200\" height=\"723\" srcset=\"https:\/\/securehubtec.com\/wp-content\/uploads\/2025\/10\/Smart-Video-Intercom-l-1.jpg 1200w, https:\/\/securehubtec.com\/wp-content\/uploads\/2025\/10\/Smart-Video-Intercom-l-1-300x181.jpg 300w, https:\/\/securehubtec.com\/wp-content\/uploads\/2025\/10\/Smart-Video-Intercom-l-1-1024x617.jpg 1024w, https:\/\/securehubtec.com\/wp-content\/uploads\/2025\/10\/Smart-Video-Intercom-l-1-768x463.jpg 768w, https:\/\/securehubtec.com\/wp-content\/uploads\/2025\/10\/Smart-Video-Intercom-l-1-18x12.jpg 18w, https:\/\/securehubtec.com\/wp-content\/uploads\/2025\/10\/Smart-Video-Intercom-l-1-600x362.jpg 600w\" sizes=\"(max-width: 1200px) 100vw, 1200px\" \/><\/p>\n<p>O controle por voz acrescenta outra camada de conveni\u00eancia. Ao dirigir para casa, basta dizer \"Hey Siri, abra a porta\". N\u00e3o h\u00e1 necessidade de desbloquear o telefone. A porta se abre rapidamente quando voc\u00ea se aproxima, tornando a entrada inteligente e sem esfor\u00e7o. Al\u00e9m disso, os c\u00f3digos PIN oferecem flexibilidade - PINs p\u00fablicos, residentes e tempor\u00e1rios permitem gerenciar facilmente o acesso de diferentes usu\u00e1rios.<\/p>\n<p><img decoding=\"async\" class=\"aligncenter size-full wp-image-9439 lazyload\" data-src=\"https:\/\/securehubtec.com\/wp-content\/uploads\/2025\/10\/Smart-Video-Intercom-m.jpg\" alt=\"\" width=\"1200\" height=\"792\" data-srcset=\"https:\/\/securehubtec.com\/wp-content\/uploads\/2025\/10\/Smart-Video-Intercom-m.jpg 1200w, https:\/\/securehubtec.com\/wp-content\/uploads\/2025\/10\/Smart-Video-Intercom-m-300x198.jpg 300w, https:\/\/securehubtec.com\/wp-content\/uploads\/2025\/10\/Smart-Video-Intercom-m-1024x676.jpg 1024w, https:\/\/securehubtec.com\/wp-content\/uploads\/2025\/10\/Smart-Video-Intercom-m-768x507.jpg 768w, https:\/\/securehubtec.com\/wp-content\/uploads\/2025\/10\/Smart-Video-Intercom-m-18x12.jpg 18w, https:\/\/securehubtec.com\/wp-content\/uploads\/2025\/10\/Smart-Video-Intercom-m-600x396.jpg 600w\" data-sizes=\"(max-width: 1200px) 100vw, 1200px\" src=\"data:image\/svg+xml;base64,PHN2ZyB3aWR0aD0iMSIgaGVpZ2h0PSIxIiB4bWxucz0iaHR0cDovL3d3dy53My5vcmcvMjAwMC9zdmciPjwvc3ZnPg==\" style=\"--smush-placeholder-width: 1200px; --smush-placeholder-aspect-ratio: 1200\/792;\" \/>A tecnologia NFC tamb\u00e9m desempenha um papel importante. Ative a fun\u00e7\u00e3o NFC do seu telefone e registre-se como um cart\u00e3o de usu\u00e1rio. Seu telefone se torna, ent\u00e3o, uma chave port\u00e1til. E para acesso remoto, seu telefone \u00e9 tudo o que voc\u00ea precisa. Onde quer que esteja, voc\u00ea pode fazer uma chamada de v\u00eddeo com os visitantes por meio do nosso aplicativo e abrir a porta remotamente, garantindo conveni\u00eancia e tranquilidade.<br \/>\n<img decoding=\"async\" class=\"aligncenter size-full wp-image-9440 lazyload\" data-src=\"https:\/\/securehubtec.com\/wp-content\/uploads\/2025\/10\/Smart-Video-Intercom-n.jpg\" alt=\"\" width=\"1200\" height=\"975\" data-srcset=\"https:\/\/securehubtec.com\/wp-content\/uploads\/2025\/10\/Smart-Video-Intercom-n.jpg 1200w, https:\/\/securehubtec.com\/wp-content\/uploads\/2025\/10\/Smart-Video-Intercom-n-300x244.jpg 300w, https:\/\/securehubtec.com\/wp-content\/uploads\/2025\/10\/Smart-Video-Intercom-n-1024x832.jpg 1024w, https:\/\/securehubtec.com\/wp-content\/uploads\/2025\/10\/Smart-Video-Intercom-n-768x624.jpg 768w, https:\/\/securehubtec.com\/wp-content\/uploads\/2025\/10\/Smart-Video-Intercom-n-15x12.jpg 15w, https:\/\/securehubtec.com\/wp-content\/uploads\/2025\/10\/Smart-Video-Intercom-n-600x488.jpg 600w\" data-sizes=\"(max-width: 1200px) 100vw, 1200px\" src=\"data:image\/svg+xml;base64,PHN2ZyB3aWR0aD0iMSIgaGVpZ2h0PSIxIiB4bWxucz0iaHR0cDovL3d3dy53My5vcmcvMjAwMC9zdmciPjwvc3ZnPg==\" style=\"--smush-placeholder-width: 1200px; --smush-placeholder-aspect-ratio: 1200\/975;\" \/><br \/>\nNosso sistema \u00e9 altamente personaliz\u00e1vel para atender a v\u00e1rias necessidades. Voc\u00ea pode personalizar a imagem de fundo, as listas de quartos, o idioma, a interface do usu\u00e1rio, os recursos e at\u00e9 mesmo o hardware. Ele tamb\u00e9m \u00e9 perfeito para hot\u00e9is, com op\u00e7\u00f5es para exibir imagens publicit\u00e1rias. Eleve sua experi\u00eancia de acesso com nosso sistema inteligente de acesso a portas hoje mesmo, o SIP Intercom funciona com a TUYA!<\/p>\n<h1 class=\"header-iWP5WJ auto-hide-last-sibling-br\">Revolucione sua experi\u00eancia de entrada com nossas solu\u00e7\u00f5es inteligentes de intercomunica\u00e7\u00e3o e controle de acesso<\/h1>\n<div class=\"container-Uxvbjy md-box-line-break wrapper-GYqxgQ undefined\"><\/div>\n<div class=\"auto-hide-last-sibling-br paragraph-pP9ZLC paragraph-element br-paragraph-space\">No mundo acelerado de hoje, a import\u00e2ncia da seguran\u00e7a e da conveni\u00eancia nos sistemas de entrada n\u00e3o pode ser exagerada. Seja para apartamentos, complexos residenciais ou edif\u00edcios comerciais, nossa ampla gama de produtos de controle de acesso e intercomunica\u00e7\u00e3o inteligente foi criada para atender e superar suas expectativas.<\/div>\n<div class=\"container-Uxvbjy md-box-line-break wrapper-GYqxgQ undefined\"><\/div>\n<div class=\"auto-hide-last-sibling-br paragraph-pP9ZLC paragraph-element br-paragraph-space\">Nosso\u00a0<strong>Intercomunicador inteligente<\/strong>\u00a0que inclui op\u00e7\u00f5es como o\u00a0<strong>Interfone inteligente para apartamento<\/strong>\u00a0e\u00a0<strong>Intercomunicador inteligente para pr\u00e9dios de apartamentos<\/strong>O sistema de controle de acesso, que eleva a comunica\u00e7\u00e3o e a seguran\u00e7a dos residentes a novos n\u00edveis. Equipado com recursos como conversa\u00e7\u00e3o bidirecional (facilitando conversas de intercomunica\u00e7\u00e3o bidirecionais) e recursos de v\u00eddeo (como visto em\u00a0<strong>c\u00e2mera da campainha<\/strong>,\u00a0<strong>v\u00eddeo porteiro<\/strong>e\u00a0<strong>Intercomunicador de v\u00eddeo inteligente<\/strong>), os residentes podem verificar os visitantes sem esfor\u00e7o antes de permitir o acesso. O\u00a0<strong>V\u00eddeo porteiro com fio de 7 polegadas<\/strong>\u00a0e\u00a0<strong>V\u00eddeo porteiro de 10,1 polegadas com o melhor pre\u00e7o<\/strong>\u00a0apresentam interfaces visuais claras, garantindo que nenhum detalhe seja perdido. Para aqueles que desejam conveni\u00eancia sem fio, o\u00a0<strong>Campainha Inteligente Wifi Tuya<\/strong>\u00a0e\u00a0<strong>Seguran\u00e7a residencial Telefone de porta visual WIFI inteligente<\/strong>\u00a0possibilitam a intera\u00e7\u00e3o remota por meio de smartphones, permitindo que os usu\u00e1rios se comuniquem com os visitantes e gerenciem o acesso de qualquer local.<\/div>\n<div class=\"container-Uxvbjy md-box-line-break wrapper-GYqxgQ undefined\"><\/div>\n<div class=\"auto-hide-last-sibling-br paragraph-pP9ZLC paragraph-element br-paragraph-space\">D\u00ea adeus \u00e0s chaves tradicionais com nosso\u00a0<strong>Entrada sem chave<\/strong>\u00a0solu\u00e7\u00f5es. Nossos sistemas oferecem suporte a v\u00e1rios m\u00e9todos de acesso para acomodar diferentes prefer\u00eancias e cen\u00e1rios.\u00a0<strong>Desbloqueio de RFIC<\/strong>\u00a0permite acesso r\u00e1pido com cart\u00f5es registrados e, quando voc\u00ea ativa a fun\u00e7\u00e3o NFC no seu telefone, ele se transforma em uma chave, semelhante a uma\u00a0<strong>Cart\u00e3o inteligente<\/strong>\u00a0solu\u00e7\u00e3o. Para aqueles que preferem a biometria, nossos sistemas avan\u00e7ados podem integrar o reconhecimento facial, em que seu rosto serve como chave, aproveitando os algoritmos de vis\u00e3o computacional de ponta para uma verifica\u00e7\u00e3o precisa da identidade. Os c\u00f3digos PIN tamb\u00e9m est\u00e3o dispon\u00edveis, com op\u00e7\u00f5es para PINs p\u00fablicos, residentes e tempor\u00e1rios para gerenciar o acesso de forma flex\u00edvel, tudo isso como parte de nosso robusto\u00a0<strong>sistemas de controle de acesso<\/strong>.<\/div>\n<div class=\"container-Uxvbjy md-box-line-break wrapper-GYqxgQ undefined\"><\/div>\n<div class=\"auto-hide-last-sibling-br paragraph-pP9ZLC paragraph-element br-paragraph-space\">Reconhecemos que os sistemas de entrada devem resistir a v\u00e1rias condi\u00e7\u00f5es ambientais. Nossos\u00a0<strong>Campainha de porta externa \u00e0 prova d'\u00e1gua<\/strong>\u00a0e\u00a0<strong>Campainha IP65 para resid\u00eancias<\/strong>\u00a0s\u00e3o constru\u00eddos para resistir aos elementos, garantindo um desempenho confi\u00e1vel sob chuva, neve ou luz solar intensa. Seja em um apartamento aconchegante com um\u00a0<strong>C\u00e2mera de campainha familiar para apartamento<\/strong>\u00a0ou uma villa luxuosa com um\u00a0<strong>Sistema de intercomunica\u00e7\u00e3o por v\u00eddeo IP<\/strong>Com a tecnologia de seguran\u00e7a de ponta, nossos produtos se integram perfeitamente a qualquer ambiente e oferecem seguran\u00e7a de alto n\u00edvel.<\/div>\n<div class=\"container-Uxvbjy md-box-line-break wrapper-GYqxgQ undefined\"><\/div>\n<div class=\"auto-hide-last-sibling-br paragraph-pP9ZLC paragraph-element br-paragraph-space\">De\u00a0<strong>Telefones de porta<\/strong>\u00a0e\u00a0<strong>Telefones inteligentes para portas<\/strong>\u00a0para\u00a0<strong>Kit de telefone com v\u00eddeo para portas<\/strong>\u00a0e\u00a0<strong>Sistema de campainha com intercomunicador de v\u00eddeo AHD de 7 polegadas<\/strong>Na KPMG, oferecemos uma ampla sele\u00e7\u00e3o de produtos para atender a diversas necessidades. Nossos\u00a0<strong>Sistema de controle de acesso<\/strong>\u00a0e\u00a0<strong>Interfone de libera\u00e7\u00e3o da porta<\/strong>\u00a0fornecem gerenciamento centralizado para propriedades maiores, garantindo acesso eficiente e seguro para todos os residentes e pessoal autorizado. Para empresas, nossos\u00a0<strong>arm\u00e1rio inteligente seguro<\/strong>\u00a0integram-se ao controle de acesso, acrescentando uma camada extra de seguran\u00e7a para itens valiosos. Marcas como\u00a0<strong>DRSECURE<\/strong>\u00a0representam qualidade e inova\u00e7\u00e3o, garantindo que nossos produtos estejam na vanguarda da tecnologia.<\/div>\n<div class=\"container-Uxvbjy md-box-line-break wrapper-GYqxgQ undefined\"><\/div>\n<div class=\"auto-hide-last-sibling-br paragraph-pP9ZLC paragraph-element br-paragraph-space\">Concluindo, nossos produtos de intercomunica\u00e7\u00e3o inteligente e controle de acesso n\u00e3o se limitam a abrir portas; eles criam uma experi\u00eancia de entrada perfeita, segura e inteligente. Quer voc\u00ea seja propriet\u00e1rio de uma casa, gerente de propriedade ou empres\u00e1rio, nossas solu\u00e7\u00f5es oferecem a combina\u00e7\u00e3o ideal de conveni\u00eancia, seguran\u00e7a e personaliza\u00e7\u00e3o. Fa\u00e7a a atualiza\u00e7\u00e3o para nossos sistemas de entrada inteligente hoje mesmo e entre em um futuro em que o acesso \u00e9 f\u00e1cil e a seguran\u00e7a \u00e9 inflex\u00edvel.<\/div>","protected":false},"excerpt":{"rendered":"<p>Introducing our cutting &#8211; edge smart door access system! It revolutionizes how you enter your home or building. With face [&hellip;]<\/p>","protected":false},"author":1,"featured_media":9437,"parent":0,"menu_order":0,"comment_status":"closed","ping_status":"closed","template":"","meta":{"site-sidebar-layout":"default","site-content-layout":"","ast-site-content-layout":"default","site-content-style":"default","site-sidebar-style":"default","ast-global-header-display":"","ast-banner-title-visibility":"","ast-main-header-display":"","ast-hfb-above-header-display":"","ast-hfb-below-header-display":"","ast-hfb-mobile-header-display":"","site-post-title":"","ast-breadcrumbs-content":"","ast-featured-img":"","footer-sml-layout":"","theme-transparent-header-meta":"default","adv-header-id-meta":"","stick-header-meta":"default","header-above-stick-meta":"","header-main-stick-meta":"","header-below-stick-meta":"","astra-migrate-meta-layouts":"set","ast-page-background-enabled":"default","ast-page-background-meta":{"desktop":{"background-color":"","background-image":"","background-repeat":"repeat","background-position":"center center","background-size":"auto","background-attachment":"scroll","background-type":"","background-media":"","overlay-type":"","overlay-color":"","overlay-opacity":"","overlay-gradient":""},"tablet":{"background-color":"","background-image":"","background-repeat":"repeat","background-position":"center center","background-size":"auto","background-attachment":"scroll","background-type":"","background-media":"","overlay-type":"","overlay-color":"","overlay-opacity":"","overlay-gradient":""},"mobile":{"background-color":"","background-image":"","background-repeat":"repeat","background-position":"center center","background-size":"auto","background-attachment":"scroll","background-type":"","background-media":"","overlay-type":"","overlay-color":"","overlay-opacity":"","overlay-gradient":""}},"ast-content-background-meta":{"desktop":{"background-color":"var(--ast-global-color-5)","background-image":"","background-repeat":"repeat","background-position":"center center","background-size":"auto","background-attachment":"scroll","background-type":"","background-media":"","overlay-type":"","overlay-color":"","overlay-opacity":"","overlay-gradient":""},"tablet":{"background-color":"var(--ast-global-color-5)","background-image":"","background-repeat":"repeat","background-position":"center center","background-size":"auto","background-attachment":"scroll","background-type":"","background-media":"","overlay-type":"","overlay-color":"","overlay-opacity":"","overlay-gradient":""},"mobile":{"background-color":"var(--ast-global-color-5)","background-image":"","background-repeat":"repeat","background-position":"center center","background-size":"auto","background-attachment":"scroll","background-type":"","background-media":"","overlay-type":"","overlay-color":"","overlay-opacity":"","overlay-gradient":""}},"footnotes":""},"class_list":["post-9436","page","type-page","status-publish","has-post-thumbnail","hentry"],"_links":{"self":[{"href":"https:\/\/securehubtec.com\/pt\/wp-json\/wp\/v2\/pages\/9436","targetHints":{"allow":["GET"]}}],"collection":[{"href":"https:\/\/securehubtec.com\/pt\/wp-json\/wp\/v2\/pages"}],"about":[{"href":"https:\/\/securehubtec.com\/pt\/wp-json\/wp\/v2\/types\/page"}],"author":[{"embeddable":true,"href":"https:\/\/securehubtec.com\/pt\/wp-json\/wp\/v2\/users\/1"}],"replies":[{"embeddable":true,"href":"https:\/\/securehubtec.com\/pt\/wp-json\/wp\/v2\/comments?post=9436"}],"version-history":[{"count":4,"href":"https:\/\/securehubtec.com\/pt\/wp-json\/wp\/v2\/pages\/9436\/revisions"}],"predecessor-version":[{"id":9445,"href":"https:\/\/securehubtec.com\/pt\/wp-json\/wp\/v2\/pages\/9436\/revisions\/9445"}],"wp:featuredmedia":[{"embeddable":true,"href":"https:\/\/securehubtec.com\/pt\/wp-json\/wp\/v2\/media\/9437"}],"wp:attachment":[{"href":"https:\/\/securehubtec.com\/pt\/wp-json\/wp\/v2\/media?parent=9436"}],"curies":[{"name":"wp","href":"https:\/\/api.w.org\/{rel}","templated":true}]}}