{"id":9429,"date":"2025-10-02T00:08:52","date_gmt":"2025-10-01T16:08:52","guid":{"rendered":"https:\/\/securehubtec.com\/?page_id=9429"},"modified":"2025-10-02T00:24:08","modified_gmt":"2025-10-01T16:24:08","slug":"smart-intercom","status":"publish","type":"page","link":"https:\/\/securehubtec.com\/pt\/smart-intercom\/","title":{"rendered":"SMART INTERCOM"},"content":{"rendered":"<p><img fetchpriority=\"high\" decoding=\"async\" class=\"aligncenter size-full wp-image-9431\" src=\"https:\/\/securehubtec.com\/wp-content\/uploads\/2025\/10\/Smart-Video-Intercom-k-1.jpg\" alt=\"\" width=\"1100\" height=\"809\" srcset=\"https:\/\/securehubtec.com\/wp-content\/uploads\/2025\/10\/Smart-Video-Intercom-k-1.jpg 1100w, https:\/\/securehubtec.com\/wp-content\/uploads\/2025\/10\/Smart-Video-Intercom-k-1-300x221.jpg 300w, https:\/\/securehubtec.com\/wp-content\/uploads\/2025\/10\/Smart-Video-Intercom-k-1-1024x753.jpg 1024w, https:\/\/securehubtec.com\/wp-content\/uploads\/2025\/10\/Smart-Video-Intercom-k-1-768x565.jpg 768w, https:\/\/securehubtec.com\/wp-content\/uploads\/2025\/10\/Smart-Video-Intercom-k-1-16x12.jpg 16w, https:\/\/securehubtec.com\/wp-content\/uploads\/2025\/10\/Smart-Video-Intercom-k-1-600x441.jpg 600w\" sizes=\"(max-width: 1100px) 100vw, 1100px\" \/><br \/>\n<em><strong>CONFIGURA\u00c7\u00d5ES <\/strong><\/em><\/p>\n<p><strong><span style=\"color: #ffcc99;\">Painel de controle inteligente <\/span><\/strong><\/p>\n<p>Acesso Ethernet \u00e0 rede dom\u00e9stica via Wi-Fi.<\/p>\n<p>Puxe para baixo a partir da parte superior da p\u00e1gina inicial e clique em \"Settings\" (Configura\u00e7\u00f5es) - \"Building Intercom\" (Intercomunica\u00e7\u00e3o de edif\u00edcios). Interruptor de IP est\u00e1tico: Ligue-o. Defina o<\/p>\n<p>IP est\u00e1tico: 192.168.1.10 (Ligue o interruptor de IP est\u00e1tico ap\u00f3s obt\u00ea-lo automaticamente). N\u00famero local: 999-999 (Sala 999, Unidade 999).<\/p>\n<p><strong><span style=\"color: #ffcc99;\">Esta\u00e7\u00e3o externa\uff1a<\/span><\/strong><\/p>\n<p>Confirme se o software autorizado \u00e9 compat\u00edvel com o protocolo SIP da Tuya LAN.<\/p>\n<p>Conecte-se \u00e0 rede dom\u00e9stica via Ethernet ou Wi-Fi.<\/p>\n<p>Os pain\u00e9is podem ser configurados para n\u00fameros de salas diferentes e o ramal de chamada faz chamadas inserindo o n\u00famero da sala diferente.<\/p>\n<p><strong><span style=\"color: #ffcc99;\">Por exemplo: <\/span><\/strong><\/p>\n<p>Etapa 1: Para o Painel Tuya 1#, defina-o como 31-101, para o Painel Tuya 2#, defina-o como 31-201.<\/p>\n<p>Etapa 2: v\u00e1 para Call Station - Room Settings - Add Room 31-101 e Room 31-201, respectivamente.<\/p>\n<p><em><strong>RECURSOS <\/strong><\/em><\/p>\n<p>Chamada de v\u00eddeo: O ramal pode iniciar\/fazer uma chamada de v\u00eddeo com o painel de controle inteligente.<\/p>\n<p>Siri (iOS): Abra a porta por controle de voz.<\/p>\n<p>Atalhos (iOS): Tap-To-Run.<\/p>\n<p>Abrir a porta: Pela leitura de um cart\u00e3o IC\/NFC ou pela inser\u00e7\u00e3o do c\u00f3digo PIN do usu\u00e1rio ou pelo reconhecimento facial<\/p>\n<p>Cena: Crie uma cena para iniciar o Tap-to-Run.<\/p>\n<p>Sa\u00edda: Contato seco de 1 via.<\/p>\n<p>Liga\u00e7\u00e3o do elevador ou chamar um elevador.<\/p>\n<div class=\"auto-hide-last-sibling-br paragraph-pP9ZLC paragraph-element br-paragraph-space\">Aprimore seu espa\u00e7o com nossos\u00a0<strong>SMART INTERCOM<\/strong>-a melhor combina\u00e7\u00e3o de seguran\u00e7a, conveni\u00eancia e tecnologia inteligente. Chega de correr at\u00e9 a porta para verificar os visitantes: esse sistema permite que voc\u00ea veja, ou\u00e7a e fale com os convidados em tempo real por meio de uma tela sens\u00edvel ao toque n\u00edtida ou do seu smartphone. Quer esteja na sala de estar, no trabalho ou viajando, voc\u00ea mant\u00e9m o controle - nunca mais perca uma entrega, um amigo ou um visitante importante.<\/div>\n<div class=\"container-Uxvbjy md-box-line-break wrapper-GYqxgQ undefined\"><\/div>\n<div class=\"auto-hide-last-sibling-br paragraph-pP9ZLC paragraph-element br-paragraph-space\">Projetado para todos os cen\u00e1rios, ele se adapta perfeitamente a casas, apartamentos e pequenas empresas. Para edif\u00edcios com v\u00e1rias unidades, ele permite uma comunica\u00e7\u00e3o clara entre as unidades e os sagu\u00f5es; para resid\u00eancias individuais, ele acrescenta uma camada de seguran\u00e7a, permitindo que voc\u00ea verifique os visitantes antes de destranc\u00e1-los. Ele tamb\u00e9m \u00e9 compat\u00edvel com fechaduras inteligentes, para que voc\u00ea possa conceder acesso remoto a familiares, faxineiros ou prestadores de servi\u00e7os com um simples toque - sem precisar esconder chaves ou esperar.<\/div>\n<div class=\"container-Uxvbjy md-box-line-break wrapper-GYqxgQ undefined\"><\/div>\n<div class=\"auto-hide-last-sibling-br paragraph-pP9ZLC paragraph-element br-paragraph-space\">Constru\u00eddo para durar, nosso SMART INTERCOM funciona de forma confi\u00e1vel em todas as condi\u00e7\u00f5es clim\u00e1ticas, com vis\u00e3o noturna para maior clareza ap\u00f3s o expediente. \u00c9 f\u00e1cil de instalar e se conecta ao seu WiFi existente em minutos, com um aplicativo intuitivo que \u00e9 simples de usar para todas as idades. Abandone os intercomunicadores ultrapassados - adote um sistema que o mantenha seguro, economize tempo e se adapte \u00e0 sua maneira de viver. Este n\u00e3o \u00e9 apenas um interfone; \u00e9 uma maneira mais inteligente de gerenciar seu espa\u00e7o.<\/div>","protected":false},"excerpt":{"rendered":"<p>SETTINGS Smart Control Panel Ethernet access to the home network via Wi-Fi. Pull down from the top of the home [&hellip;]<\/p>","protected":false},"author":1,"featured_media":9430,"parent":0,"menu_order":0,"comment_status":"closed","ping_status":"closed","template":"","meta":{"site-sidebar-layout":"default","site-content-layout":"","ast-site-content-layout":"default","site-content-style":"default","site-sidebar-style":"default","ast-global-header-display":"","ast-banner-title-visibility":"","ast-main-header-display":"","ast-hfb-above-header-display":"","ast-hfb-below-header-display":"","ast-hfb-mobile-header-display":"","site-post-title":"","ast-breadcrumbs-content":"","ast-featured-img":"","footer-sml-layout":"","theme-transparent-header-meta":"default","adv-header-id-meta":"","stick-header-meta":"default","header-above-stick-meta":"","header-main-stick-meta":"","header-below-stick-meta":"","astra-migrate-meta-layouts":"set","ast-page-background-enabled":"default","ast-page-background-meta":{"desktop":{"background-color":"","background-image":"","background-repeat":"repeat","background-position":"center center","background-size":"auto","background-attachment":"scroll","background-type":"","background-media":"","overlay-type":"","overlay-color":"","overlay-opacity":"","overlay-gradient":""},"tablet":{"background-color":"","background-image":"","background-repeat":"repeat","background-position":"center center","background-size":"auto","background-attachment":"scroll","background-type":"","background-media":"","overlay-type":"","overlay-color":"","overlay-opacity":"","overlay-gradient":""},"mobile":{"background-color":"","background-image":"","background-repeat":"repeat","background-position":"center center","background-size":"auto","background-attachment":"scroll","background-type":"","background-media":"","overlay-type":"","overlay-color":"","overlay-opacity":"","overlay-gradient":""}},"ast-content-background-meta":{"desktop":{"background-color":"var(--ast-global-color-5)","background-image":"","background-repeat":"repeat","background-position":"center center","background-size":"auto","background-attachment":"scroll","background-type":"","background-media":"","overlay-type":"","overlay-color":"","overlay-opacity":"","overlay-gradient":""},"tablet":{"background-color":"var(--ast-global-color-5)","background-image":"","background-repeat":"repeat","background-position":"center center","background-size":"auto","background-attachment":"scroll","background-type":"","background-media":"","overlay-type":"","overlay-color":"","overlay-opacity":"","overlay-gradient":""},"mobile":{"background-color":"var(--ast-global-color-5)","background-image":"","background-repeat":"repeat","background-position":"center center","background-size":"auto","background-attachment":"scroll","background-type":"","background-media":"","overlay-type":"","overlay-color":"","overlay-opacity":"","overlay-gradient":""}},"footnotes":""},"class_list":["post-9429","page","type-page","status-publish","has-post-thumbnail","hentry"],"_links":{"self":[{"href":"https:\/\/securehubtec.com\/pt\/wp-json\/wp\/v2\/pages\/9429","targetHints":{"allow":["GET"]}}],"collection":[{"href":"https:\/\/securehubtec.com\/pt\/wp-json\/wp\/v2\/pages"}],"about":[{"href":"https:\/\/securehubtec.com\/pt\/wp-json\/wp\/v2\/types\/page"}],"author":[{"embeddable":true,"href":"https:\/\/securehubtec.com\/pt\/wp-json\/wp\/v2\/users\/1"}],"replies":[{"embeddable":true,"href":"https:\/\/securehubtec.com\/pt\/wp-json\/wp\/v2\/comments?post=9429"}],"version-history":[{"count":2,"href":"https:\/\/securehubtec.com\/pt\/wp-json\/wp\/v2\/pages\/9429\/revisions"}],"predecessor-version":[{"id":9434,"href":"https:\/\/securehubtec.com\/pt\/wp-json\/wp\/v2\/pages\/9429\/revisions\/9434"}],"wp:featuredmedia":[{"embeddable":true,"href":"https:\/\/securehubtec.com\/pt\/wp-json\/wp\/v2\/media\/9430"}],"wp:attachment":[{"href":"https:\/\/securehubtec.com\/pt\/wp-json\/wp\/v2\/media?parent=9429"}],"curies":[{"name":"wp","href":"https:\/\/api.w.org\/{rel}","templated":true}]}}