{"id":9423,"date":"2025-10-01T23:48:52","date_gmt":"2025-10-01T15:48:52","guid":{"rendered":"https:\/\/securehubtec.com\/?page_id=9423"},"modified":"2025-10-01T23:50:14","modified_gmt":"2025-10-01T15:50:14","slug":"smart-apartment-solution","status":"publish","type":"page","link":"https:\/\/securehubtec.com\/pt\/smart-apartment-solution\/","title":{"rendered":"Solu\u00e7\u00e3o para apartamentos inteligentes"},"content":{"rendered":"<p><em><strong>Requer uma conex\u00e3o com a Internet para funcionar <\/strong><\/em><\/p>\n<p><strong><span style=\"color: #ffcc00;\">Casa Tuya<\/span>\u00a0<\/strong> \u00a0 \u00a0 \u00a0Permite que os visitantes liguem para o aplicativo Tuya de diferentes resid\u00eancias. (com suporte para at\u00e9 1.000 resid\u00eancias) <strong><span style=\"color: #ffcc00;\">Apple Home Kit\u00a0<\/span><\/strong> \u00a0 \u00a0 \u00a0Hey Siri para abrir a porta<\/p>\n<p><em><strong>Trabalhar sem a Internet <\/strong><\/em><\/p>\n<p><strong><span style=\"color: #ffcc00;\">Monitor de seguran\u00e7a\u00a0<\/span><\/strong> \u00a0 \u00a0 \u00a0 \u00a0 \u00a0 Usado como um monitor para fins de vigil\u00e2ncia, geralmente exibe imagens de vigil\u00e2ncia em tempo real em uma tela dividida em 4, com at\u00e9 16 c\u00e2meras IP<\/p>\n<p><strong><span style=\"color: #ffcc00;\">Um toque para chamar\u00a0<\/span> <\/strong>\u00a0 \u00a0 \u00a0 \u00a0 \u00a0<span style=\"font-size: 16px;\">Oferece aos visitantes uma excelente experi\u00eancia de usu\u00e1rio <\/span><\/p>\n<p><span style=\"font-size: 16px;\"><strong><span style=\"color: #ffcc00;\">Interfone\u00a0<\/span><\/strong> \u00a0 \u00a0 \u00a0 \u00a0 \u00a0 Intercomunicador de voz\/v\u00eddeo bidirecional. Monitor para esta\u00e7\u00e3o, monitor para monitor, esta\u00e7\u00e3o para esta\u00e7\u00e3o<\/span><\/p>\n<p><span style=\"font-size: 16px;\"><strong><span style=\"color: #ffcc00;\">Acesso<\/span>\u00a0<\/strong> \u00a0 \u00a0 \u00a0 \u00a0 Passe o cart\u00e3o IC\/NFC\/PIN\/monitor interno\/aplicativo inteligente para destravar a porta <\/span><\/p>\n<p><strong><span style=\"font-size: 16px; color: #ffcc00;\">Publicidade Display Cycle por meio de an\u00fancios em imagem ou v\u00eddeo<\/span><\/strong><\/p>\n<p><img fetchpriority=\"high\" decoding=\"async\" class=\"aligncenter size-full wp-image-9425\" src=\"https:\/\/securehubtec.com\/wp-content\/uploads\/2025\/10\/Smart-Video-Intercom-j-1.jpg\" alt=\"\" width=\"1100\" height=\"737\" srcset=\"https:\/\/securehubtec.com\/wp-content\/uploads\/2025\/10\/Smart-Video-Intercom-j-1.jpg 1100w, https:\/\/securehubtec.com\/wp-content\/uploads\/2025\/10\/Smart-Video-Intercom-j-1-300x201.jpg 300w, https:\/\/securehubtec.com\/wp-content\/uploads\/2025\/10\/Smart-Video-Intercom-j-1-1024x686.jpg 1024w, https:\/\/securehubtec.com\/wp-content\/uploads\/2025\/10\/Smart-Video-Intercom-j-1-768x515.jpg 768w, https:\/\/securehubtec.com\/wp-content\/uploads\/2025\/10\/Smart-Video-Intercom-j-1-18x12.jpg 18w, https:\/\/securehubtec.com\/wp-content\/uploads\/2025\/10\/Smart-Video-Intercom-j-1-600x402.jpg 600w\" sizes=\"(max-width: 1100px) 100vw, 1100px\" \/><\/p>\n<ol class=\"auto-hide-last-sibling-br\">\n<li>\n<div class=\"auto-hide-last-sibling-br paragraph-pP9ZLC paragraph-element br-paragraph-space\">Apresentando nosso\u00a0<strong>Solu\u00e7\u00e3o para apartamentos inteligentes<\/strong>-um divisor de \u00e1guas para edif\u00edcios com v\u00e1rias unidades que equilibra conectividade e funcionalidade. Quando conectado \u00e0 Internet, ele se integra perfeitamente com\u00a0<strong>Casa Tuya<\/strong>\u00a0e\u00a0<strong>Apple Home Kit<\/strong>: O ecossistema da Tuya permite que os visitantes liguem para o aplicativo Tuya de at\u00e9 1.000 resid\u00eancias, garantindo que nenhum morador perca um visitante, enquanto os usu\u00e1rios da Apple podem simplesmente dizer \"Hey Siri para abrir a porta\" para acesso sem as m\u00e3os. Al\u00e9m do controle de voz, ele suporta diversos m\u00e9todos de desbloqueio: passar o cart\u00e3o IC, usar NFC, inserir um PIN, tocar no monitor interno ou operar por meio do aplicativo inteligente - atendendo \u00e0s prefer\u00eancias de todos os residentes e tornando a entrada r\u00e1pida e sem complica\u00e7\u00f5es.<\/div>\n<\/li>\n<li>\n<div class=\"auto-hide-last-sibling-br paragraph-pP9ZLC paragraph-element br-paragraph-space\">O que diferencia essa solu\u00e7\u00e3o \u00e9 sua confiabilidade\u00a0<strong>Trabalhar sem a Internet<\/strong>\u00a0tamb\u00e9m. O sistema embutido\u00a0<strong>Monitor de seguran\u00e7a<\/strong>\u00a0transforma-se em um poderoso hub de vigil\u00e2ncia: exibe imagens em tempo real em uma tela de 4 divis\u00f5es e suporta at\u00e9 16 c\u00e2meras IP, cobrindo todos os cantos do complexo de apartamentos, de sagu\u00f5es a corredores. Mesmo off-line, o\u00a0<strong>Intercomunicador de voz\/v\u00eddeo bidirecional<\/strong>\u00a0funciona perfeitamente: a comunica\u00e7\u00e3o de monitor para esta\u00e7\u00e3o, de monitor para monitor e de esta\u00e7\u00e3o para esta\u00e7\u00e3o mant\u00e9m os residentes, a equipe e os visitantes conectados. Al\u00e9m disso, o\u00a0<strong>Um toque para chamar<\/strong>\u00a0O recurso oferece aos visitantes uma experi\u00eancia intuitiva, eliminando a confus\u00e3o e simplificando as intera\u00e7\u00f5es com os residentes.<\/div>\n<\/li>\n<li>\n<div class=\"auto-hide-last-sibling-br paragraph-pP9ZLC paragraph-element br-paragraph-space\">Essa solu\u00e7\u00e3o n\u00e3o se trata apenas de seguran\u00e7a - ela tamb\u00e9m agrega valor pr\u00e1tico para os gerentes de propriedades. O\u00a0<strong>Exibi\u00e7\u00e3o de an\u00fancios<\/strong>\u00a0A fun\u00e7\u00e3o de v\u00eddeo alterna entre an\u00fancios em imagem ou v\u00eddeo, transformando o monitor interno em uma ferramenta de gera\u00e7\u00e3o de receita e compartilhando informa\u00e7\u00f5es \u00fateis (como avisos da comunidade) com os residentes. Seja on-line ou off-line, ele se adapta \u00e0s necessidades de grandes pr\u00e9dios de apartamentos: suportando 1.000 resid\u00eancias, oferecendo acesso flex\u00edvel e garantindo vigil\u00e2ncia 24 horas por dia, 7 dias por semana. Para os desenvolvedores e gerentes de propriedades que buscam elevar a experi\u00eancia dos residentes e a efici\u00eancia operacional, nossa Smart Apartment Solution \u00e9 a resposta completa - combinando tecnologia inteligente, confiabilidade e versatilidade.<\/div>\n<\/li>\n<\/ol>","protected":false},"excerpt":{"rendered":"<p>Requires an Internet connection to work Tuya Home\u00a0 \u00a0 \u00a0 \u00a0Allows visitors to call Tuya app of different households. (supporting [&hellip;]<\/p>","protected":false},"author":1,"featured_media":9424,"parent":0,"menu_order":0,"comment_status":"closed","ping_status":"closed","template":"","meta":{"site-sidebar-layout":"default","site-content-layout":"","ast-site-content-layout":"default","site-content-style":"default","site-sidebar-style":"default","ast-global-header-display":"","ast-banner-title-visibility":"","ast-main-header-display":"","ast-hfb-above-header-display":"","ast-hfb-below-header-display":"","ast-hfb-mobile-header-display":"","site-post-title":"","ast-breadcrumbs-content":"","ast-featured-img":"","footer-sml-layout":"","theme-transparent-header-meta":"default","adv-header-id-meta":"","stick-header-meta":"default","header-above-stick-meta":"","header-main-stick-meta":"","header-below-stick-meta":"","astra-migrate-meta-layouts":"set","ast-page-background-enabled":"default","ast-page-background-meta":{"desktop":{"background-color":"","background-image":"","background-repeat":"repeat","background-position":"center center","background-size":"auto","background-attachment":"scroll","background-type":"","background-media":"","overlay-type":"","overlay-color":"","overlay-opacity":"","overlay-gradient":""},"tablet":{"background-color":"","background-image":"","background-repeat":"repeat","background-position":"center center","background-size":"auto","background-attachment":"scroll","background-type":"","background-media":"","overlay-type":"","overlay-color":"","overlay-opacity":"","overlay-gradient":""},"mobile":{"background-color":"","background-image":"","background-repeat":"repeat","background-position":"center center","background-size":"auto","background-attachment":"scroll","background-type":"","background-media":"","overlay-type":"","overlay-color":"","overlay-opacity":"","overlay-gradient":""}},"ast-content-background-meta":{"desktop":{"background-color":"var(--ast-global-color-5)","background-image":"","background-repeat":"repeat","background-position":"center center","background-size":"auto","background-attachment":"scroll","background-type":"","background-media":"","overlay-type":"","overlay-color":"","overlay-opacity":"","overlay-gradient":""},"tablet":{"background-color":"var(--ast-global-color-5)","background-image":"","background-repeat":"repeat","background-position":"center center","background-size":"auto","background-attachment":"scroll","background-type":"","background-media":"","overlay-type":"","overlay-color":"","overlay-opacity":"","overlay-gradient":""},"mobile":{"background-color":"var(--ast-global-color-5)","background-image":"","background-repeat":"repeat","background-position":"center center","background-size":"auto","background-attachment":"scroll","background-type":"","background-media":"","overlay-type":"","overlay-color":"","overlay-opacity":"","overlay-gradient":""}},"footnotes":""},"class_list":["post-9423","page","type-page","status-publish","has-post-thumbnail","hentry"],"_links":{"self":[{"href":"https:\/\/securehubtec.com\/pt\/wp-json\/wp\/v2\/pages\/9423","targetHints":{"allow":["GET"]}}],"collection":[{"href":"https:\/\/securehubtec.com\/pt\/wp-json\/wp\/v2\/pages"}],"about":[{"href":"https:\/\/securehubtec.com\/pt\/wp-json\/wp\/v2\/types\/page"}],"author":[{"embeddable":true,"href":"https:\/\/securehubtec.com\/pt\/wp-json\/wp\/v2\/users\/1"}],"replies":[{"embeddable":true,"href":"https:\/\/securehubtec.com\/pt\/wp-json\/wp\/v2\/comments?post=9423"}],"version-history":[{"count":2,"href":"https:\/\/securehubtec.com\/pt\/wp-json\/wp\/v2\/pages\/9423\/revisions"}],"predecessor-version":[{"id":9428,"href":"https:\/\/securehubtec.com\/pt\/wp-json\/wp\/v2\/pages\/9423\/revisions\/9428"}],"wp:featuredmedia":[{"embeddable":true,"href":"https:\/\/securehubtec.com\/pt\/wp-json\/wp\/v2\/media\/9424"}],"wp:attachment":[{"href":"https:\/\/securehubtec.com\/pt\/wp-json\/wp\/v2\/media?parent=9423"}],"curies":[{"name":"wp","href":"https:\/\/api.w.org\/{rel}","templated":true}]}}