{"id":9416,"date":"2025-10-01T23:27:18","date_gmt":"2025-10-01T15:27:18","guid":{"rendered":"https:\/\/securehubtec.com\/?page_id=9416"},"modified":"2025-10-01T23:28:37","modified_gmt":"2025-10-01T15:28:37","slug":"smart-doorbell-camera-works-with-tuya","status":"publish","type":"page","link":"https:\/\/securehubtec.com\/pt\/smart-doorbell-camera-works-with-tuya\/","title":{"rendered":"A c\u00e2mera da campainha inteligente funciona com a TUYA"},"content":{"rendered":"<p>Nossa c\u00e2mera com campainha inteligente funciona com a TUYA, uma das principais plataformas globais de IoT, permitindo que voc\u00ea a sincronize com seus dispositivos dom\u00e9sticos inteligentes existentes sem esfor\u00e7o. Por meio do aplicativo TUYA, voc\u00ea obt\u00e9m feeds de v\u00eddeo HD em tempo real - verifique quem est\u00e1 na porta do seu telefone, esteja voc\u00ea no trabalho ou viajando. Ele se integra perfeitamente ao ecossistema da TUYA, de modo que voc\u00ea pode vincul\u00e1-lo a luzes ou fechaduras inteligentes para ter uma casa totalmente conectada. Essa compatibilidade reduz o tempo de configura\u00e7\u00e3o, facilitando o uso por qualquer pessoa, mesmo que voc\u00ea n\u00e3o tenha experi\u00eancia com tecnologia inteligente.<\/p>\n<p><img fetchpriority=\"high\" decoding=\"async\" class=\"aligncenter size-full wp-image-9419\" src=\"https:\/\/securehubtec.com\/wp-content\/uploads\/2025\/10\/Smart-Video-Intercom-h-1.jpg\" alt=\"\" width=\"1196\" height=\"780\" srcset=\"https:\/\/securehubtec.com\/wp-content\/uploads\/2025\/10\/Smart-Video-Intercom-h-1.jpg 1196w, https:\/\/securehubtec.com\/wp-content\/uploads\/2025\/10\/Smart-Video-Intercom-h-1-300x196.jpg 300w, https:\/\/securehubtec.com\/wp-content\/uploads\/2025\/10\/Smart-Video-Intercom-h-1-1024x668.jpg 1024w, https:\/\/securehubtec.com\/wp-content\/uploads\/2025\/10\/Smart-Video-Intercom-h-1-768x501.jpg 768w, https:\/\/securehubtec.com\/wp-content\/uploads\/2025\/10\/Smart-Video-Intercom-h-1-18x12.jpg 18w, https:\/\/securehubtec.com\/wp-content\/uploads\/2025\/10\/Smart-Video-Intercom-h-1-600x391.jpg 600w\" sizes=\"(max-width: 1196px) 100vw, 1196px\" \/>Al\u00e9m da integra\u00e7\u00e3o com a TUYA, essa c\u00e2mera para campainha brilha com a nitidez do HD 1080P - capture todos os detalhes, de dia ou de noite, gra\u00e7as \u00e0 vis\u00e3o noturna. O recurso de conversa\u00e7\u00e3o bidirecional permite que voc\u00ea converse com os visitantes com clareza, informe \u00e0 equipe de entrega onde deixar os pacotes ou cumprimente os amigos remotamente. Seu design WiFi com fio garante conectividade est\u00e1vel, para que voc\u00ea nunca perca um alerta. A detec\u00e7\u00e3o de movimento envia notifica\u00e7\u00f5es instant\u00e2neas por aplicativo, ajudando-o a identificar rapidamente atividades incomuns e a manter sua casa segura.<br \/>\n<img decoding=\"async\" class=\"aligncenter size-full wp-image-9420 lazyload\" data-src=\"https:\/\/securehubtec.com\/wp-content\/uploads\/2025\/10\/Smart-Video-Intercom-i-1.jpg\" alt=\"\" width=\"1200\" height=\"804\" data-srcset=\"https:\/\/securehubtec.com\/wp-content\/uploads\/2025\/10\/Smart-Video-Intercom-i-1.jpg 1200w, https:\/\/securehubtec.com\/wp-content\/uploads\/2025\/10\/Smart-Video-Intercom-i-1-300x201.jpg 300w, https:\/\/securehubtec.com\/wp-content\/uploads\/2025\/10\/Smart-Video-Intercom-i-1-1024x686.jpg 1024w, https:\/\/securehubtec.com\/wp-content\/uploads\/2025\/10\/Smart-Video-Intercom-i-1-768x515.jpg 768w, https:\/\/securehubtec.com\/wp-content\/uploads\/2025\/10\/Smart-Video-Intercom-i-1-18x12.jpg 18w, https:\/\/securehubtec.com\/wp-content\/uploads\/2025\/10\/Smart-Video-Intercom-i-1-600x402.jpg 600w\" data-sizes=\"(max-width: 1200px) 100vw, 1200px\" src=\"data:image\/svg+xml;base64,PHN2ZyB3aWR0aD0iMSIgaGVpZ2h0PSIxIiB4bWxucz0iaHR0cDovL3d3dy53My5vcmcvMjAwMC9zdmciPjwvc3ZnPg==\" style=\"--smush-placeholder-width: 1200px; --smush-placeholder-aspect-ratio: 1200\/804;\" \/><br \/>\nIdeal para casas e apartamentos, essa c\u00e2mera de campainha habilitada para TUYA aumenta a seguran\u00e7a e acrescenta conveni\u00eancia. \u00c9 f\u00e1cil de instalar, cabendo na maioria das molduras de portas sem ferramentas complexas. Sua constru\u00e7\u00e3o dur\u00e1vel resiste \u00e0 chuva, \u00e0 neve e ao sol, funcionando bem em qualquer clima. Para quem deseja uma campainha inteligente e confi\u00e1vel, este modelo oferece compatibilidade com a TUYA, excelentes recursos e tranquilidade, tudo em um \u00fanico dispositivo que aprimora sua vida di\u00e1ria.<\/p>","protected":false},"excerpt":{"rendered":"<p>Our Smart Doorbell Camera works with TUYA, a top global IoT platform, letting you sync it with your existing smart [&hellip;]<\/p>","protected":false},"author":1,"featured_media":9417,"parent":0,"menu_order":0,"comment_status":"closed","ping_status":"closed","template":"","meta":{"site-sidebar-layout":"default","site-content-layout":"","ast-site-content-layout":"default","site-content-style":"default","site-sidebar-style":"default","ast-global-header-display":"","ast-banner-title-visibility":"","ast-main-header-display":"","ast-hfb-above-header-display":"","ast-hfb-below-header-display":"","ast-hfb-mobile-header-display":"","site-post-title":"","ast-breadcrumbs-content":"","ast-featured-img":"","footer-sml-layout":"","theme-transparent-header-meta":"default","adv-header-id-meta":"","stick-header-meta":"default","header-above-stick-meta":"","header-main-stick-meta":"","header-below-stick-meta":"","astra-migrate-meta-layouts":"set","ast-page-background-enabled":"default","ast-page-background-meta":{"desktop":{"background-color":"","background-image":"","background-repeat":"repeat","background-position":"center center","background-size":"auto","background-attachment":"scroll","background-type":"","background-media":"","overlay-type":"","overlay-color":"","overlay-opacity":"","overlay-gradient":""},"tablet":{"background-color":"","background-image":"","background-repeat":"repeat","background-position":"center center","background-size":"auto","background-attachment":"scroll","background-type":"","background-media":"","overlay-type":"","overlay-color":"","overlay-opacity":"","overlay-gradient":""},"mobile":{"background-color":"","background-image":"","background-repeat":"repeat","background-position":"center center","background-size":"auto","background-attachment":"scroll","background-type":"","background-media":"","overlay-type":"","overlay-color":"","overlay-opacity":"","overlay-gradient":""}},"ast-content-background-meta":{"desktop":{"background-color":"var(--ast-global-color-5)","background-image":"","background-repeat":"repeat","background-position":"center center","background-size":"auto","background-attachment":"scroll","background-type":"","background-media":"","overlay-type":"","overlay-color":"","overlay-opacity":"","overlay-gradient":""},"tablet":{"background-color":"var(--ast-global-color-5)","background-image":"","background-repeat":"repeat","background-position":"center center","background-size":"auto","background-attachment":"scroll","background-type":"","background-media":"","overlay-type":"","overlay-color":"","overlay-opacity":"","overlay-gradient":""},"mobile":{"background-color":"var(--ast-global-color-5)","background-image":"","background-repeat":"repeat","background-position":"center center","background-size":"auto","background-attachment":"scroll","background-type":"","background-media":"","overlay-type":"","overlay-color":"","overlay-opacity":"","overlay-gradient":""}},"footnotes":""},"class_list":["post-9416","page","type-page","status-publish","has-post-thumbnail","hentry"],"_links":{"self":[{"href":"https:\/\/securehubtec.com\/pt\/wp-json\/wp\/v2\/pages\/9416","targetHints":{"allow":["GET"]}}],"collection":[{"href":"https:\/\/securehubtec.com\/pt\/wp-json\/wp\/v2\/pages"}],"about":[{"href":"https:\/\/securehubtec.com\/pt\/wp-json\/wp\/v2\/types\/page"}],"author":[{"embeddable":true,"href":"https:\/\/securehubtec.com\/pt\/wp-json\/wp\/v2\/users\/1"}],"replies":[{"embeddable":true,"href":"https:\/\/securehubtec.com\/pt\/wp-json\/wp\/v2\/comments?post=9416"}],"version-history":[{"count":1,"href":"https:\/\/securehubtec.com\/pt\/wp-json\/wp\/v2\/pages\/9416\/revisions"}],"predecessor-version":[{"id":9421,"href":"https:\/\/securehubtec.com\/pt\/wp-json\/wp\/v2\/pages\/9416\/revisions\/9421"}],"wp:featuredmedia":[{"embeddable":true,"href":"https:\/\/securehubtec.com\/pt\/wp-json\/wp\/v2\/media\/9417"}],"wp:attachment":[{"href":"https:\/\/securehubtec.com\/pt\/wp-json\/wp\/v2\/media?parent=9416"}],"curies":[{"name":"wp","href":"https:\/\/api.w.org\/{rel}","templated":true}]}}