{"id":9378,"date":"2025-09-27T22:51:00","date_gmt":"2025-09-27T14:51:00","guid":{"rendered":"https:\/\/securehubtec.com\/?page_id=9378"},"modified":"2025-09-29T22:52:35","modified_gmt":"2025-09-29T14:52:35","slug":"one-to-one-connection","status":"publish","type":"page","link":"https:\/\/securehubtec.com\/pt\/one-to-one-connection\/","title":{"rendered":"Conex\u00e3o um a um"},"content":{"rendered":"<p><strong><span style=\"color: #ffcc00;\">Conex\u00e3o um a um<\/span><\/strong><\/p>\n<div class=\"auto-hide-last-sibling-br paragraph-pP9ZLC paragraph-element br-paragraph-space\">Nossa linha de entrada inteligente atende a todas as necessidades: desde o vers\u00e1til\u00a0<strong>Intercomunicador de toque<\/strong>\u00a0e elegante\u00a0<strong>Telefones inteligentes para portas<\/strong>\u00a0para o foco em v\u00e1rias unidades\u00a0<strong>V\u00eddeo porteiro inteligente para apartamentos Campainha de v\u00e1rias unidades<\/strong>. Cada dispositivo combina funcionalidade com design moderno, perfeito para resid\u00eancias e complexos.<\/div>\n<p>\u221a Tuya Home Permite que os visitantes liguem para o aplicativo Tuya<br \/>\n\u221a Apple Home Kit Hey Siri para abrir a porta Funcionando sem internet<br \/>\n\u221a Security Monitor Usado como monitor para fins de vigil\u00e2ncia, geralmente exibe imagens de vigil\u00e2ncia em tempo real em uma tela dividida em 4<br \/>\n\u221a Um toque para ligar Oferece aos visitantes uma excelente experi\u00eancia de usu\u00e1rio<br \/>\n\u221a Intercomunicador Intercomunicador de voz\/v\u00eddeo bidirecional. Monitor para esta\u00e7\u00e3o, monitor para monitor, esta\u00e7\u00e3o para esta\u00e7\u00e3o<br \/>\n\u221a Acesso Passe um cart\u00e3o de acesso (cart\u00e3o IC) para destravar a porta<\/p>\n<p><img fetchpriority=\"high\" decoding=\"async\" class=\"aligncenter size-full wp-image-9406\" src=\"https:\/\/securehubtec.com\/wp-content\/uploads\/2025\/09\/Smart-Video-Intercom-c.jpg\" alt=\"\" width=\"1100\" height=\"416\" srcset=\"https:\/\/securehubtec.com\/wp-content\/uploads\/2025\/09\/Smart-Video-Intercom-c.jpg 1100w, https:\/\/securehubtec.com\/wp-content\/uploads\/2025\/09\/Smart-Video-Intercom-c-300x113.jpg 300w, https:\/\/securehubtec.com\/wp-content\/uploads\/2025\/09\/Smart-Video-Intercom-c-1024x387.jpg 1024w, https:\/\/securehubtec.com\/wp-content\/uploads\/2025\/09\/Smart-Video-Intercom-c-768x290.jpg 768w, https:\/\/securehubtec.com\/wp-content\/uploads\/2025\/09\/Smart-Video-Intercom-c-18x7.jpg 18w, https:\/\/securehubtec.com\/wp-content\/uploads\/2025\/09\/Smart-Video-Intercom-c-600x227.jpg 600w\" sizes=\"(max-width: 1100px) 100vw, 1100px\" \/><\/p>\n<div class=\"auto-hide-last-sibling-br paragraph-pP9ZLC paragraph-element br-paragraph-space\">\n<div class=\"auto-hide-last-sibling-br paragraph-pP9ZLC paragraph-element br-paragraph-space\">Os principais recursos s\u00e3o: uma tela sens\u00edvel ao toque WiFi com fio de 12 x 7 4 pinos para facilitar o controle, emparelhada com um\u00a0<strong>C\u00e2mera de monitor HD 1080P<\/strong>\u00a0que oferece imagens n\u00edtidas. O\u00a0<strong>Campainha de porta com conversa\u00e7\u00e3o bidirecional<\/strong>\u00a0permite que voc\u00ea converse com os visitantes em tempo real, n\u00e3o importa onde voc\u00ea esteja.<\/div>\n<\/div>\n<div class=\"container-Uxvbjy md-box-line-break wrapper-GYqxgQ undefined\"><img decoding=\"async\" class=\"aligncenter size-full wp-image-9407 lazyload\" data-src=\"https:\/\/securehubtec.com\/wp-content\/uploads\/2025\/09\/Smart-Video-Intercom-d.jpg\" alt=\"\" width=\"1100\" height=\"488\" data-srcset=\"https:\/\/securehubtec.com\/wp-content\/uploads\/2025\/09\/Smart-Video-Intercom-d.jpg 1100w, https:\/\/securehubtec.com\/wp-content\/uploads\/2025\/09\/Smart-Video-Intercom-d-300x133.jpg 300w, https:\/\/securehubtec.com\/wp-content\/uploads\/2025\/09\/Smart-Video-Intercom-d-1024x454.jpg 1024w, https:\/\/securehubtec.com\/wp-content\/uploads\/2025\/09\/Smart-Video-Intercom-d-768x341.jpg 768w, https:\/\/securehubtec.com\/wp-content\/uploads\/2025\/09\/Smart-Video-Intercom-d-18x8.jpg 18w, https:\/\/securehubtec.com\/wp-content\/uploads\/2025\/09\/Smart-Video-Intercom-d-600x266.jpg 600w\" data-sizes=\"(max-width: 1100px) 100vw, 1100px\" src=\"data:image\/svg+xml;base64,PHN2ZyB3aWR0aD0iMSIgaGVpZ2h0PSIxIiB4bWxucz0iaHR0cDovL3d3dy53My5vcmcvMjAwMC9zdmciPjwvc3ZnPg==\" style=\"--smush-placeholder-width: 1100px; --smush-placeholder-aspect-ratio: 1100\/488;\" \/><\/div>\n<div class=\"auto-hide-last-sibling-br paragraph-pP9ZLC paragraph-element br-paragraph-space\">\n<div class=\"auto-hide-last-sibling-br paragraph-pP9ZLC paragraph-element br-paragraph-space\">A conveni\u00eancia est\u00e1 embutida: todos os sistemas suportam\u00a0<strong>Controle de aplicativos do telefone<\/strong>-Gerencie o acesso, verifique os feeds ou destrave as portas remotamente. Eles at\u00e9 se integram a um\u00a0<strong>Abridor de porta de garagem inteligente<\/strong>criando uma experi\u00eancia perfeita de casa inteligente.<br \/>\n<img decoding=\"async\" class=\"aligncenter size-full wp-image-9408 lazyload\" data-src=\"https:\/\/securehubtec.com\/wp-content\/uploads\/2025\/09\/Smart-Video-Intercom-e.jpg\" alt=\"\" width=\"1100\" height=\"364\" data-srcset=\"https:\/\/securehubtec.com\/wp-content\/uploads\/2025\/09\/Smart-Video-Intercom-e.jpg 1100w, https:\/\/securehubtec.com\/wp-content\/uploads\/2025\/09\/Smart-Video-Intercom-e-300x99.jpg 300w, https:\/\/securehubtec.com\/wp-content\/uploads\/2025\/09\/Smart-Video-Intercom-e-1024x339.jpg 1024w, https:\/\/securehubtec.com\/wp-content\/uploads\/2025\/09\/Smart-Video-Intercom-e-768x254.jpg 768w, https:\/\/securehubtec.com\/wp-content\/uploads\/2025\/09\/Smart-Video-Intercom-e-18x6.jpg 18w, https:\/\/securehubtec.com\/wp-content\/uploads\/2025\/09\/Smart-Video-Intercom-e-600x199.jpg 600w\" data-sizes=\"(max-width: 1100px) 100vw, 1100px\" src=\"data:image\/svg+xml;base64,PHN2ZyB3aWR0aD0iMSIgaGVpZ2h0PSIxIiB4bWxucz0iaHR0cDovL3d3dy53My5vcmcvMjAwMC9zdmciPjwvc3ZnPg==\" style=\"--smush-placeholder-width: 1100px; --smush-placeholder-aspect-ratio: 1100\/364;\" \/><\/p>\n<div class=\"auto-hide-last-sibling-br paragraph-pP9ZLC paragraph-element br-paragraph-space\">Seja para modernizar uma \u00fanica casa ou equipar um pr\u00e9dio de apartamentos, nossos\u00a0<strong>intercomunicador inteligente<\/strong>\u00a0As solu\u00e7\u00f5es da WSK equilibram seguran\u00e7a e facilidade. Confie na tecnologia confi\u00e1vel que simplifica a vida cotidiana, mantendo seu espa\u00e7o seguro e conectado.<\/div>\n<\/div>\n<\/div>","protected":false},"excerpt":{"rendered":"<p>One-to-One Connection Our smart entry lineup covers every need: from the versatile\u00a0Ring Intercom\u00a0and sleek\u00a0Smart Doorphones\u00a0to the multi-unit focused\u00a0Smart Video Intercom [&hellip;]<\/p>","protected":false},"author":1,"featured_media":9379,"parent":0,"menu_order":0,"comment_status":"closed","ping_status":"closed","template":"","meta":{"site-sidebar-layout":"default","site-content-layout":"","ast-site-content-layout":"default","site-content-style":"default","site-sidebar-style":"default","ast-global-header-display":"","ast-banner-title-visibility":"","ast-main-header-display":"","ast-hfb-above-header-display":"","ast-hfb-below-header-display":"","ast-hfb-mobile-header-display":"","site-post-title":"","ast-breadcrumbs-content":"","ast-featured-img":"","footer-sml-layout":"","theme-transparent-header-meta":"default","adv-header-id-meta":"","stick-header-meta":"default","header-above-stick-meta":"","header-main-stick-meta":"","header-below-stick-meta":"","astra-migrate-meta-layouts":"set","ast-page-background-enabled":"default","ast-page-background-meta":{"desktop":{"background-color":"","background-image":"","background-repeat":"repeat","background-position":"center center","background-size":"auto","background-attachment":"scroll","background-type":"","background-media":"","overlay-type":"","overlay-color":"","overlay-opacity":"","overlay-gradient":""},"tablet":{"background-color":"","background-image":"","background-repeat":"repeat","background-position":"center center","background-size":"auto","background-attachment":"scroll","background-type":"","background-media":"","overlay-type":"","overlay-color":"","overlay-opacity":"","overlay-gradient":""},"mobile":{"background-color":"","background-image":"","background-repeat":"repeat","background-position":"center center","background-size":"auto","background-attachment":"scroll","background-type":"","background-media":"","overlay-type":"","overlay-color":"","overlay-opacity":"","overlay-gradient":""}},"ast-content-background-meta":{"desktop":{"background-color":"var(--ast-global-color-5)","background-image":"","background-repeat":"repeat","background-position":"center center","background-size":"auto","background-attachment":"scroll","background-type":"","background-media":"","overlay-type":"","overlay-color":"","overlay-opacity":"","overlay-gradient":""},"tablet":{"background-color":"var(--ast-global-color-5)","background-image":"","background-repeat":"repeat","background-position":"center center","background-size":"auto","background-attachment":"scroll","background-type":"","background-media":"","overlay-type":"","overlay-color":"","overlay-opacity":"","overlay-gradient":""},"mobile":{"background-color":"var(--ast-global-color-5)","background-image":"","background-repeat":"repeat","background-position":"center center","background-size":"auto","background-attachment":"scroll","background-type":"","background-media":"","overlay-type":"","overlay-color":"","overlay-opacity":"","overlay-gradient":""}},"footnotes":""},"class_list":["post-9378","page","type-page","status-publish","has-post-thumbnail","hentry"],"_links":{"self":[{"href":"https:\/\/securehubtec.com\/pt\/wp-json\/wp\/v2\/pages\/9378","targetHints":{"allow":["GET"]}}],"collection":[{"href":"https:\/\/securehubtec.com\/pt\/wp-json\/wp\/v2\/pages"}],"about":[{"href":"https:\/\/securehubtec.com\/pt\/wp-json\/wp\/v2\/types\/page"}],"author":[{"embeddable":true,"href":"https:\/\/securehubtec.com\/pt\/wp-json\/wp\/v2\/users\/1"}],"replies":[{"embeddable":true,"href":"https:\/\/securehubtec.com\/pt\/wp-json\/wp\/v2\/comments?post=9378"}],"version-history":[{"count":4,"href":"https:\/\/securehubtec.com\/pt\/wp-json\/wp\/v2\/pages\/9378\/revisions"}],"predecessor-version":[{"id":9409,"href":"https:\/\/securehubtec.com\/pt\/wp-json\/wp\/v2\/pages\/9378\/revisions\/9409"}],"wp:featuredmedia":[{"embeddable":true,"href":"https:\/\/securehubtec.com\/pt\/wp-json\/wp\/v2\/media\/9379"}],"wp:attachment":[{"href":"https:\/\/securehubtec.com\/pt\/wp-json\/wp\/v2\/media?parent=9378"}],"curies":[{"name":"wp","href":"https:\/\/api.w.org\/{rel}","templated":true}]}}