{"id":9574,"date":"2025-10-07T20:09:12","date_gmt":"2025-10-07T12:09:12","guid":{"rendered":"https:\/\/securehubtec.com\/?post_type=product&#038;p=9574"},"modified":"2025-10-07T20:09:13","modified_gmt":"2025-10-07T12:09:13","slug":"doorbell-camera-h1x","status":"publish","type":"product","link":"https:\/\/securehubtec.com\/it\/product\/doorbell-camera-h1x\/","title":{"rendered":"Telecamera per campanello H1X"},"content":{"rendered":"<p><span style=\"color: #ffcc00;\"><strong>Telecamera per campanello H1X<\/strong><\/span><br \/>\nPi\u00f9 che un campanello, \u00e8 la vostra guardia di sicurezza 24 ore al giorno, 7 giorni su 7,<span data-leaf=\"true\"><span class=\"lb\">Nel panorama globale della sicurezza intelligente, DRSECURE si distingue come fornitore leader dedicato a fornire soluzioni innovative, affidabili e incentrate sull'utente che ridefiniscono la sicurezza e la convenienza per case, appartamenti e spazi commerciali. Come professionista <\/span><\/span><span data-leaf=\"true\"><span class=\"lb\">Produzione di interfoni intelligenti<\/span><\/span><span data-leaf=\"true\"><span class=\"lb\">Siamo orgogliosi del nostro ampio portafoglio di prodotti che copre ogni aspetto critico della sicurezza moderna, dal controllo degli ingressi alla comunicazione in tempo reale, tutti progettati per soddisfare le diverse esigenze dei clienti d'oltreoceano. Che si tratti di un distributore alla ricerca di prodotti di alta qualit\u00e0, di un promotore immobiliare che allestisce nuovi edifici o di un proprietario di casa che aggiorna il proprio sistema di sicurezza, DRSECURE porta decenni di esperienza e un impegno all'eccellenza in ogni soluzione che offriamo. Il nostro marchio \u00e8 sinonimo di durata, tecnologia avanzata e conformit\u00e0 agli standard globali, il che ci rende la scelta ideale per i clienti che rifiutano di scendere a compromessi sulla sicurezza.<\/span><\/span><br \/>\n<img fetchpriority=\"high\" decoding=\"async\" class=\"aligncenter size-full wp-image-9328\" src=\"https:\/\/securehubtec.com\/wp-content\/uploads\/2025\/09\/A.jpg\" alt=\"\" width=\"1280\" height=\"710\" srcset=\"https:\/\/securehubtec.com\/wp-content\/uploads\/2025\/09\/A.jpg 1280w, https:\/\/securehubtec.com\/wp-content\/uploads\/2025\/09\/A-300x166.jpg 300w, https:\/\/securehubtec.com\/wp-content\/uploads\/2025\/09\/A-1024x568.jpg 1024w, https:\/\/securehubtec.com\/wp-content\/uploads\/2025\/09\/A-768x426.jpg 768w, https:\/\/securehubtec.com\/wp-content\/uploads\/2025\/09\/A-18x10.jpg 18w, https:\/\/securehubtec.com\/wp-content\/uploads\/2025\/09\/A-600x333.jpg 600w\" sizes=\"(max-width: 1280px) 100vw, 1280px\" \/><span data-leaf=\"true\"><span class=\"lb\">Il cuore della nostra gamma di prodotti \u00e8 costituito da una serie di soluzioni di citofoni e campanelli adatti a diversi scenari. Per gli spazi residenziali, i nostri <\/span><\/span><span data-leaf=\"true\"><span class=\"lb\">Campanello a 2 vie<\/span><\/span><span data-leaf=\"true\"><span class=\"lb\"> e <\/span><\/span><span data-leaf=\"true\"><span class=\"lb\">campanello dell'appartamento<\/span><\/span><span data-leaf=\"true\"><span class=\"lb\"> forniscono una comunicazione semplice ma efficace, consentendo ai residenti di interagire con i visitatori senza alcuno sforzo. Per esigenze pi\u00f9 avanzate, i nostri <\/span><\/span><span data-leaf=\"true\"><span class=\"lb\">Citofono a 2 vie<\/span><\/span><span data-leaf=\"true\"><span class=\"lb\"> e <\/span><\/span><span data-leaf=\"true\"><span class=\"lb\">campanello citofono<\/span><\/span><span data-leaf=\"true\"><span class=\"lb\"> I nostri sistemi offrono una connettivit\u00e0 senza soluzione di continuit\u00e0, mentre i nostri <\/span><\/span><span data-leaf=\"true\"><span class=\"lb\">telecamera per campanello<\/span><\/span><span data-leaf=\"true\"><span class=\"lb\"> I modelli di sicurezza fanno un ulteriore passo avanti con il monitoraggio video in tempo reale e le funzionalit\u00e0 di registrazione, assicurandovi di non perdere mai un visitatore, anche quando siete fuori casa. Offriamo anche <\/span><\/span><span data-leaf=\"true\"><span class=\"lb\">Telefoni intelligenti<\/span><\/span><span data-leaf=\"true\"><span class=\"lb\"> e <\/span><\/span><span data-leaf=\"true\"><span class=\"lb\">citofono intelligente<\/span><\/span><span data-leaf=\"true\"><span class=\"lb\"> che si integrano con i moderni ecosistemi di smart home, fornendo agli utenti un controllo intuitivo tramite smartphone o tablet. Per i complessi residenziali pi\u00f9 grandi, i nostri <\/span><\/span><span data-leaf=\"true\"><span class=\"lb\">Citofono intelligente per appartamento<\/span><\/span><span data-leaf=\"true\"><span class=\"lb\"> e <\/span><\/span><span data-leaf=\"true\"><span class=\"lb\">Citofono intelligente per condomini<\/span><\/span><span data-leaf=\"true\"><span class=\"lb\"> Le soluzioni semplificano la gestione dei visitatori, riducendo i tempi di attesa e migliorando la sicurezza generale dei residenti.<\/span><\/span><br \/>\n<img decoding=\"async\" class=\"aligncenter wp-image-9329 size-full lazyload\" data-src=\"https:\/\/securehubtec.com\/wp-content\/uploads\/2025\/09\/B.jpg\" alt=\"Doorbell Camera H1X\" width=\"1280\" height=\"961\" data-srcset=\"https:\/\/securehubtec.com\/wp-content\/uploads\/2025\/09\/B.jpg 1280w, https:\/\/securehubtec.com\/wp-content\/uploads\/2025\/09\/B-300x225.jpg 300w, https:\/\/securehubtec.com\/wp-content\/uploads\/2025\/09\/B-1024x769.jpg 1024w, https:\/\/securehubtec.com\/wp-content\/uploads\/2025\/09\/B-768x577.jpg 768w, https:\/\/securehubtec.com\/wp-content\/uploads\/2025\/09\/B-16x12.jpg 16w, https:\/\/securehubtec.com\/wp-content\/uploads\/2025\/09\/B-600x450.jpg 600w\" data-sizes=\"(max-width: 1280px) 100vw, 1280px\" src=\"data:image\/svg+xml;base64,PHN2ZyB3aWR0aD0iMSIgaGVpZ2h0PSIxIiB4bWxucz0iaHR0cDovL3d3dy53My5vcmcvMjAwMC9zdmciPjwvc3ZnPg==\" style=\"--smush-placeholder-width: 1280px; --smush-placeholder-aspect-ratio: 1280\/961;\" \/><span data-leaf=\"true\"><span class=\"lb\">Oltre ai citofoni e ai campanelli, DRSECURE offre una suite completa di soluzioni per il controllo degli accessi e l'ingresso intelligente che eliminano i limiti delle chiavi tradizionali. Il nostro <\/span><\/span><span data-leaf=\"true\"><span class=\"lb\">sistemi di controllo degli accessi<\/span><\/span><span data-leaf=\"true\"><span class=\"lb\"> sono progettati per fornire una gestione degli accessi sicura e flessibile per edifici commerciali, uffici e complessi residenziali, mentre i nostri <\/span><\/span><span data-leaf=\"true\"><span class=\"lb\">Ingresso senza chiave<\/span><\/span><span data-leaf=\"true\"><span class=\"lb\"> Le soluzioni di sicurezza di S.I. consentono agli utenti di sbloccare le porte utilizzando smartphone, portachiavi o dati biometrici, aggiungendo un livello di convenienza senza sacrificare la sicurezza. Siamo inoltre in grado di soddisfare le esigenze di sicurezza dell'archiviazione con i nostri <\/span><\/span><span data-leaf=\"true\"><span class=\"lb\">armadietto intelligente sicuro<\/span><\/span><span data-leaf=\"true\"><span class=\"lb\"> che presentano design a prova di manomissione, tracciamento degli accessi in tempo reale e funzionalit\u00e0 di gestione remota, perfetti per palestre, luoghi di lavoro e strutture pubbliche. Tutti i prodotti di questa gamma sono costruiti per resistere all'uso intensivo e alle diverse condizioni ambientali, garantendo ai nostri clienti d'oltreoceano un'affidabilit\u00e0 a lungo termine.<\/span><\/span><br \/>\n<img decoding=\"async\" class=\"aligncenter wp-image-9330 size-full lazyload\" data-src=\"https:\/\/securehubtec.com\/wp-content\/uploads\/2025\/09\/C.jpg\" alt=\"Doorbell Camera H1\" width=\"1280\" height=\"1053\" data-srcset=\"https:\/\/securehubtec.com\/wp-content\/uploads\/2025\/09\/C.jpg 1280w, https:\/\/securehubtec.com\/wp-content\/uploads\/2025\/09\/C-300x247.jpg 300w, https:\/\/securehubtec.com\/wp-content\/uploads\/2025\/09\/C-1024x842.jpg 1024w, https:\/\/securehubtec.com\/wp-content\/uploads\/2025\/09\/C-768x632.jpg 768w, https:\/\/securehubtec.com\/wp-content\/uploads\/2025\/09\/C-15x12.jpg 15w, https:\/\/securehubtec.com\/wp-content\/uploads\/2025\/09\/C-600x494.jpg 600w\" data-sizes=\"(max-width: 1280px) 100vw, 1280px\" src=\"data:image\/svg+xml;base64,PHN2ZyB3aWR0aD0iMSIgaGVpZ2h0PSIxIiB4bWxucz0iaHR0cDovL3d3dy53My5vcmcvMjAwMC9zdmciPjwvc3ZnPg==\" style=\"--smush-placeholder-width: 1280px; --smush-placeholder-aspect-ratio: 1280\/1053;\" \/><span data-leaf=\"true\"><span class=\"lb\">Uno dei principali vantaggi della scelta di DRSECURE \u00e8 il nostro costante impegno a rispettare gli standard globali di qualit\u00e0 e sicurezza. Tutti i nostri prodotti, compresi i nostri popolari <\/span><\/span><span data-leaf=\"true\"><span class=\"lb\">videocitofono<\/span><\/span><span data-leaf=\"true\"><span class=\"lb\"> e <\/span><\/span><span data-leaf=\"true\"><span class=\"lb\">Videocitofono intelligente<\/span><\/span><span data-leaf=\"true\"><span class=\"lb\"> sistemi, tenere entrambi <\/span><\/span><span data-leaf=\"true\"><span class=\"lb\">CE<\/span><\/span><span data-leaf=\"true\"><span class=\"lb\"> e <\/span><\/span><span data-leaf=\"true\"><span class=\"lb\">FCC<\/span><\/span><span data-leaf=\"true\"><span class=\"lb\"> che dimostrano di soddisfare i requisiti pi\u00f9 severi in materia di prestazioni, sicurezza e compatibilit\u00e0 elettromagnetica nei mercati europei e nordamericani. Questa certificazione non solo garantisce che i nostri prodotti possano essere importati e venduti senza problemi in queste regioni, ma d\u00e0 anche ai nostri clienti la tranquillit\u00e0 di sapere che stanno investendo in soluzioni che aderiscono ai pi\u00f9 alti parametri di riferimento del settore. Effettuiamo test rigorosi su ogni prodotto prima che lasci la nostra fabbrica, dai controlli di durata ai test di funzionalit\u00e0, per garantire che soddisfi o superi le aspettative dei clienti.<\/span><\/span><br \/>\n<img decoding=\"async\" class=\"aligncenter size-full wp-image-9331 lazyload\" data-src=\"https:\/\/securehubtec.com\/wp-content\/uploads\/2025\/09\/D.jpg\" alt=\"\" width=\"1280\" height=\"620\" data-srcset=\"https:\/\/securehubtec.com\/wp-content\/uploads\/2025\/09\/D.jpg 1280w, https:\/\/securehubtec.com\/wp-content\/uploads\/2025\/09\/D-300x145.jpg 300w, https:\/\/securehubtec.com\/wp-content\/uploads\/2025\/09\/D-1024x496.jpg 1024w, https:\/\/securehubtec.com\/wp-content\/uploads\/2025\/09\/D-768x372.jpg 768w, https:\/\/securehubtec.com\/wp-content\/uploads\/2025\/09\/D-18x9.jpg 18w, https:\/\/securehubtec.com\/wp-content\/uploads\/2025\/09\/D-600x291.jpg 600w\" data-sizes=\"(max-width: 1280px) 100vw, 1280px\" src=\"data:image\/svg+xml;base64,PHN2ZyB3aWR0aD0iMSIgaGVpZ2h0PSIxIiB4bWxucz0iaHR0cDovL3d3dy53My5vcmcvMjAwMC9zdmciPjwvc3ZnPg==\" style=\"--smush-placeholder-width: 1280px; --smush-placeholder-aspect-ratio: 1280\/620;\" \/><\/p>\n<div class=\"ace-line\" dir=\"auto\" data-node=\"true\"><span data-leaf=\"true\"><span class=\"lb\">Collaborare con DRSECURE significa molto pi\u00f9 che acquistare prodotti di sicurezza: significa avere un alleato affidabile che ha come priorit\u00e0 il vostro successo. Offriamo opzioni di personalizzazione flessibili per adattare le nostre soluzioni alle vostre specifiche esigenze di mercato, che si tratti di adattare il design dei prodotti all'estetica locale o di integrare i protocolli di comunicazione regionali. Il nostro team di assistenza clienti dedicato \u00e8 disponibile 24 ore su 24, 7 giorni su 7, per assistervi nell'installazione, nella risoluzione dei problemi e nell'assistenza post-vendita, garantendo un'esperienza senza problemi per voi e per i vostri utenti finali. Inoltre, i nostri prezzi competitivi e l'efficiente gestione della catena di fornitura vi consentono di massimizzare la redditivit\u00e0 offrendo ai vostri clienti soluzioni di sicurezza di alto livello. Con DRSECURE non scegliete solo un fornitore di prodotti, ma un partner che investe per aiutarvi a prosperare nel mercato globale della sicurezza intelligente.<\/span><\/span><span data-string=\"true\" data-enter=\"true\" data-leaf=\"true\">\u200b<\/span><\/div>","protected":false},"excerpt":{"rendered":"<p><strong><span style=\"color: #ffcc00;\">Dimensioni: 150x85x28 mm<\/span><\/strong><br \/>\n<strong><span style=\"color: #ffcc00;\">Videocitofono: il video<br \/>\n<\/span><\/strong><span style=\"margin: 120px;\">Con Smart Monitor o Guard Station<\/span><br \/>\n<span style=\"margin: 120px;\">Con Outdoor Station o App Tuya<\/span><br \/>\n<span style=\"margin: 120px;\">Con SIP Standard 3\u00b0 dispositivo<\/span><br \/>\n<strong><span style=\"color: #ffcc00;\">Controllo degli accessi: il controllo degli accessi<\/span><\/strong><br \/>\n<span style=\"margin: 120px;\">Scheda IC o identificazione NFC<\/span><br \/>\nSistema Linux | Tuya Home: 1 | Cancellazione dell'eco<br \/>\nUn solo tocco per chiamare e connettersi all'NVR<br \/>\nUscita segnale rel\u00e8 a 4 canali espandibile<br \/>\nProtocollo SIP | Alimentazione DC12V<br \/>\n2M Pixel, fotocamera a doppio obiettivo<br \/>\nCapacit\u00e0 di input tattile e scheda di accesso a 13,56 MHz e NFC<br \/>\nAlluminio + vetro temperato | Video H.264\/H.265, audio G.711<br \/>\nAltoparlante incorporato 8R1W Suoneria \u226570dB | Potenza di lavoro &lt; 10W<br \/>\nTemperatura di lavoro -20\u2103 ~ +50\u2103 | Montaggio a parete<br \/>\nLivello di protezione IP65 | Wi-Fi opzionale, con antenna esterna<br \/>\nCopertura antipioggia<br \/>\n<strong><span style=\"color: #ffcc00;\">Descrizione dell'interfaccia<\/span><\/strong><br \/>\nPorta di rete RJ45 | Porta di alimentazione<br \/>\nUscita segnale rel\u00e8, a 1 via | Porta RS485<\/p>","protected":false},"featured_media":9572,"comment_status":"open","ping_status":"closed","template":"","meta":{"site-sidebar-layout":"default","site-content-layout":"","ast-site-content-layout":"default","site-content-style":"default","site-sidebar-style":"default","ast-global-header-display":"","ast-banner-title-visibility":"","ast-main-header-display":"","ast-hfb-above-header-display":"","ast-hfb-below-header-display":"","ast-hfb-mobile-header-display":"","site-post-title":"","ast-breadcrumbs-content":"","ast-featured-img":"","footer-sml-layout":"","theme-transparent-header-meta":"default","adv-header-id-meta":"","stick-header-meta":"default","header-above-stick-meta":"","header-main-stick-meta":"","header-below-stick-meta":"","astra-migrate-meta-layouts":"set","ast-page-background-enabled":"default","ast-page-background-meta":{"desktop":{"background-color":"","background-image":"","background-repeat":"repeat","background-position":"center center","background-size":"auto","background-attachment":"scroll","background-type":"","background-media":"","overlay-type":"","overlay-color":"","overlay-opacity":"","overlay-gradient":""},"tablet":{"background-color":"","background-image":"","background-repeat":"repeat","background-position":"center center","background-size":"auto","background-attachment":"scroll","background-type":"","background-media":"","overlay-type":"","overlay-color":"","overlay-opacity":"","overlay-gradient":""},"mobile":{"background-color":"","background-image":"","background-repeat":"repeat","background-position":"center center","background-size":"auto","background-attachment":"scroll","background-type":"","background-media":"","overlay-type":"","overlay-color":"","overlay-opacity":"","overlay-gradient":""}},"ast-content-background-meta":{"desktop":{"background-color":"var(--ast-global-color-5)","background-image":"","background-repeat":"repeat","background-position":"center center","background-size":"auto","background-attachment":"scroll","background-type":"","background-media":"","overlay-type":"","overlay-color":"","overlay-opacity":"","overlay-gradient":""},"tablet":{"background-color":"var(--ast-global-color-5)","background-image":"","background-repeat":"repeat","background-position":"center center","background-size":"auto","background-attachment":"scroll","background-type":"","background-media":"","overlay-type":"","overlay-color":"","overlay-opacity":"","overlay-gradient":""},"mobile":{"background-color":"var(--ast-global-color-5)","background-image":"","background-repeat":"repeat","background-position":"center center","background-size":"auto","background-attachment":"scroll","background-type":"","background-media":"","overlay-type":"","overlay-color":"","overlay-opacity":"","overlay-gradient":""}}},"product_cat":[123,15],"product_tag":[],"class_list":{"0":"post-9574","1":"product","2":"type-product","3":"status-publish","4":"has-post-thumbnail","6":"product_cat-video-intercom","7":"product_cat-product","8":"desktop-align-left","9":"tablet-align-left","10":"mobile-align-left","11":"ast-product-gallery-layout-horizontal-slider","12":"ast-product-tabs-layout-horizontal","14":"first","15":"instock","16":"shipping-taxable","17":"product-type-simple"},"_links":{"self":[{"href":"https:\/\/securehubtec.com\/it\/wp-json\/wp\/v2\/product\/9574","targetHints":{"allow":["GET"]}}],"collection":[{"href":"https:\/\/securehubtec.com\/it\/wp-json\/wp\/v2\/product"}],"about":[{"href":"https:\/\/securehubtec.com\/it\/wp-json\/wp\/v2\/types\/product"}],"replies":[{"embeddable":true,"href":"https:\/\/securehubtec.com\/it\/wp-json\/wp\/v2\/comments?post=9574"}],"version-history":[{"count":2,"href":"https:\/\/securehubtec.com\/it\/wp-json\/wp\/v2\/product\/9574\/revisions"}],"predecessor-version":[{"id":9578,"href":"https:\/\/securehubtec.com\/it\/wp-json\/wp\/v2\/product\/9574\/revisions\/9578"}],"wp:featuredmedia":[{"embeddable":true,"href":"https:\/\/securehubtec.com\/it\/wp-json\/wp\/v2\/media\/9572"}],"wp:attachment":[{"href":"https:\/\/securehubtec.com\/it\/wp-json\/wp\/v2\/media?parent=9574"}],"wp:term":[{"taxonomy":"product_cat","embeddable":true,"href":"https:\/\/securehubtec.com\/it\/wp-json\/wp\/v2\/product_cat?post=9574"},{"taxonomy":"product_tag","embeddable":true,"href":"https:\/\/securehubtec.com\/it\/wp-json\/wp\/v2\/product_tag?post=9574"}],"curies":[{"name":"wp","href":"https:\/\/api.w.org\/{rel}","templated":true}]}}