{"id":9509,"date":"2025-10-04T23:33:00","date_gmt":"2025-10-04T15:33:00","guid":{"rendered":"https:\/\/securehubtec.com\/?post_type=product&#038;p=9509"},"modified":"2025-10-06T01:29:15","modified_gmt":"2025-10-05T17:29:15","slug":"outdoor-station-h55","status":"publish","type":"product","link":"https:\/\/securehubtec.com\/it\/product\/outdoor-station-h55\/","title":{"rendered":"Stazione esterna H55"},"content":{"rendered":"<h3>Stazione esterna H55<\/h3>\n<h3 class=\"header-iWP5WJ auto-hide-last-sibling-br\">Comunicazione bidirezionale senza soluzione di continuit\u00e0<\/h3>\n<div class=\"container-Uxvbjy md-box-line-break wrapper-GYqxgQ undefined\"><\/div>\n<div class=\"auto-hide-last-sibling-br paragraph-pP9ZLC paragraph-element br-paragraph-space\">Uno dei vantaggi pi\u00f9 evidenti del nostro citofono intelligente \u00e8 la sua eccezionale funzione di comunicazione bidirezionale. Con il sistema integrato\u00a0<strong>Campanello a 2 vie<\/strong>\u00a0e\u00a0<strong>Citofono a 2 vie<\/strong>\u00a0Il sistema garantisce conversazioni chiare e cristalline tra i residenti e i visitatori. In un appartamento, quando arriva un addetto alle consegne, pu\u00f2 facilmente premere il tasto\u00a0<strong>campanello dell'appartamento<\/strong>\u00a0e avviare un dialogo attraverso il citofono intelligente. I residenti, che si trovino in salotto o in un'altra parte dell'edificio, possono rispondere prontamente, rendendo la comunicazione semplice. Questa interazione senza soluzione di continuit\u00e0 elimina i malintesi e migliora la comodit\u00e0 complessiva della gestione dei visitatori. Inoltre, la possibilit\u00e0 di comunicare a distanza via\u00a0<strong>Telefoni intelligenti<\/strong>\u00a0o\u00a0<strong>Sicurezza domestica Smart WIFI Visual Door Phone<\/strong>\u00a0collegati agli smartphone, significa che anche quando i residenti sono fuori casa, possono comunque parlare con chi sta alla porta, assicurando che non si perda nessuna interazione importante.<\/div>\n<p><img fetchpriority=\"high\" decoding=\"async\" class=\"aligncenter wp-image-9328 size-full\" src=\"https:\/\/securehubtec.com\/wp-content\/uploads\/2025\/09\/A.jpg\" alt=\"\" width=\"1280\" height=\"710\" srcset=\"https:\/\/securehubtec.com\/wp-content\/uploads\/2025\/09\/A.jpg 1280w, https:\/\/securehubtec.com\/wp-content\/uploads\/2025\/09\/A-300x166.jpg 300w, https:\/\/securehubtec.com\/wp-content\/uploads\/2025\/09\/A-1024x568.jpg 1024w, https:\/\/securehubtec.com\/wp-content\/uploads\/2025\/09\/A-768x426.jpg 768w, https:\/\/securehubtec.com\/wp-content\/uploads\/2025\/09\/A-18x10.jpg 18w, https:\/\/securehubtec.com\/wp-content\/uploads\/2025\/09\/A-600x333.jpg 600w\" sizes=\"(max-width: 1280px) 100vw, 1280px\" \/><\/p>\n<h3 class=\"header-iWP5WJ auto-hide-last-sibling-br\">Maggiore sicurezza con la verifica visiva<\/h3>\n<div class=\"container-Uxvbjy md-box-line-break wrapper-GYqxgQ undefined\"><\/div>\n<div class=\"auto-hide-last-sibling-br paragraph-pP9ZLC paragraph-element br-paragraph-space\">La sicurezza \u00e8 una priorit\u00e0 assoluta e il nostro citofono intelligente eccelle in questo aspetto. Dotato di\u00a0<strong>telecamera per campanello<\/strong>\u00a0tecnologia presente in dispositivi come\u00a0<strong>Campanello con telecamera<\/strong>\u00a0e\u00a0<strong>Telecamera per campanello familiare per appartamento<\/strong>Il sistema offre ai residenti una verifica visiva in tempo reale. Prima di concedere l'accesso, i residenti possono vedere chi si trova davanti alla porta su dispositivi come il\u00a0<strong>Videocitofono cablato da 7 pollici<\/strong>\u00a0o il\u00a0<strong>Videocitofono da 10,1 pollici al miglior prezzo<\/strong>. Questa funzione funge da potente deterrente per i potenziali intrusi. Ad esempio, in un edificio residenziale, se si avvicina una persona sconosciuta, il residente pu\u00f2 valutare la situazione e decidere se aprire la porta, aggiungendo un ulteriore livello di protezione alla propria casa. Inoltre, l'integrazione con\u00a0<strong>Sistema di controllo degli accessi<\/strong>\u00a0garantisce che solo le persone autorizzate possano entrare, rafforzando ulteriormente la sicurezza.<\/div>\n<p><img decoding=\"async\" class=\"aligncenter wp-image-9329 size-full lazyload\" data-src=\"https:\/\/securehubtec.com\/wp-content\/uploads\/2025\/09\/B.jpg\" alt=\"Outdoor Station H55\" width=\"1280\" height=\"961\" data-srcset=\"https:\/\/securehubtec.com\/wp-content\/uploads\/2025\/09\/B.jpg 1280w, https:\/\/securehubtec.com\/wp-content\/uploads\/2025\/09\/B-300x225.jpg 300w, https:\/\/securehubtec.com\/wp-content\/uploads\/2025\/09\/B-1024x769.jpg 1024w, https:\/\/securehubtec.com\/wp-content\/uploads\/2025\/09\/B-768x577.jpg 768w, https:\/\/securehubtec.com\/wp-content\/uploads\/2025\/09\/B-16x12.jpg 16w, https:\/\/securehubtec.com\/wp-content\/uploads\/2025\/09\/B-600x450.jpg 600w\" data-sizes=\"(max-width: 1280px) 100vw, 1280px\" src=\"data:image\/svg+xml;base64,PHN2ZyB3aWR0aD0iMSIgaGVpZ2h0PSIxIiB4bWxucz0iaHR0cDovL3d3dy53My5vcmcvMjAwMC9zdmciPjwvc3ZnPg==\" style=\"--smush-placeholder-width: 1280px; --smush-placeholder-aspect-ratio: 1280\/961;\" \/><\/p>\n<h3 class=\"header-iWP5WJ auto-hide-last-sibling-br\">Opzioni di accesso versatili e flessibili<\/h3>\n<div class=\"container-Uxvbjy md-box-line-break wrapper-GYqxgQ undefined\"><\/div>\n<div class=\"auto-hide-last-sibling-br paragraph-pP9ZLC paragraph-element br-paragraph-space\">Il nostro Smart Intercom offre un'ampia gamma di opzioni di accesso, incarnando il concetto di\u00a0<strong>ingresso intelligente<\/strong>. Supporta\u00a0<strong>Ingresso senza chiave<\/strong>\u00a0metodi come\u00a0<strong>Sblocco RFIC<\/strong>che consente ai residenti di utilizzare le carte o persino i loro smartphone come chiavi. Questo \u00e8 particolarmente comodo per chi dimentica spesso le chiavi o preferisce un modo pi\u00f9 moderno di accedere alla propria casa. Inoltre, il\u00a0<strong>Blocco del citofono della telecamera<\/strong>\u00a0combina l'identificazione visiva con l'accesso senza chiavi, fornendo una soluzione di ingresso sicura ed efficiente. Per i gestori di immobili, la possibilit\u00e0 di impostare diversi livelli di accesso attraverso PIN pubblici, residenti e temporanei all'interno del sistema di gestione degli edifici.\u00a0<strong>sistemi di controllo degli accessi<\/strong>\u00a0semplifica la gestione di pi\u00f9 utenti in condomini o complessi commerciali.<\/div>\n<p><img decoding=\"async\" class=\"aligncenter size-full wp-image-9330 lazyload\" data-src=\"https:\/\/securehubtec.com\/wp-content\/uploads\/2025\/09\/C.jpg\" alt=\"\" width=\"1280\" height=\"1053\" data-srcset=\"https:\/\/securehubtec.com\/wp-content\/uploads\/2025\/09\/C.jpg 1280w, https:\/\/securehubtec.com\/wp-content\/uploads\/2025\/09\/C-300x247.jpg 300w, https:\/\/securehubtec.com\/wp-content\/uploads\/2025\/09\/C-1024x842.jpg 1024w, https:\/\/securehubtec.com\/wp-content\/uploads\/2025\/09\/C-768x632.jpg 768w, https:\/\/securehubtec.com\/wp-content\/uploads\/2025\/09\/C-15x12.jpg 15w, https:\/\/securehubtec.com\/wp-content\/uploads\/2025\/09\/C-600x494.jpg 600w\" data-sizes=\"(max-width: 1280px) 100vw, 1280px\" src=\"data:image\/svg+xml;base64,PHN2ZyB3aWR0aD0iMSIgaGVpZ2h0PSIxIiB4bWxucz0iaHR0cDovL3d3dy53My5vcmcvMjAwMC9zdmciPjwvc3ZnPg==\" style=\"--smush-placeholder-width: 1280px; --smush-placeholder-aspect-ratio: 1280\/1053;\" \/><\/p>\n<h3 class=\"header-iWP5WJ auto-hide-last-sibling-br\">Robusto e durevole per tutti gli ambienti<\/h3>\n<div class=\"container-Uxvbjy md-box-line-break wrapper-GYqxgQ undefined\"><\/div>\n<div class=\"auto-hide-last-sibling-br paragraph-pP9ZLC paragraph-element br-paragraph-space\">Costruiti per resistere a diverse condizioni ambientali, i nostri prodotti interfonici intelligenti come il\u00a0<strong>Campanello impermeabile da esterno<\/strong>\u00a0e\u00a0<strong>Campanello IP65 per villa<\/strong>\u00a0sono altamente resistenti. Che si tratti di luce solare intensa, pioggia battente o freddo estremo, questi dispositivi mantengono la loro funzionalit\u00e0. In una villa, dove il campanello \u00e8 esposto alle intemperie, il campanello con grado di protezione IP65 assicura prestazioni affidabili nel tempo. Questa durata non solo riduce la necessit\u00e0 di frequenti sostituzioni, ma garantisce anche servizi di sicurezza e comunicazione costanti, rendendolo una scelta conveniente e pratica per diverse propriet\u00e0.<\/div>\n<p><img decoding=\"async\" class=\"aligncenter size-full wp-image-9331 lazyload\" data-src=\"https:\/\/securehubtec.com\/wp-content\/uploads\/2025\/09\/D.jpg\" alt=\"\" width=\"1280\" height=\"620\" data-srcset=\"https:\/\/securehubtec.com\/wp-content\/uploads\/2025\/09\/D.jpg 1280w, https:\/\/securehubtec.com\/wp-content\/uploads\/2025\/09\/D-300x145.jpg 300w, https:\/\/securehubtec.com\/wp-content\/uploads\/2025\/09\/D-1024x496.jpg 1024w, https:\/\/securehubtec.com\/wp-content\/uploads\/2025\/09\/D-768x372.jpg 768w, https:\/\/securehubtec.com\/wp-content\/uploads\/2025\/09\/D-18x9.jpg 18w, https:\/\/securehubtec.com\/wp-content\/uploads\/2025\/09\/D-600x291.jpg 600w\" data-sizes=\"(max-width: 1280px) 100vw, 1280px\" src=\"data:image\/svg+xml;base64,PHN2ZyB3aWR0aD0iMSIgaGVpZ2h0PSIxIiB4bWxucz0iaHR0cDovL3d3dy53My5vcmcvMjAwMC9zdmciPjwvc3ZnPg==\" style=\"--smush-placeholder-width: 1280px; --smush-placeholder-aspect-ratio: 1280\/620;\" \/><\/p>\n<div class=\"ace-line\" dir=\"auto\" data-node=\"true\">\n<h3 class=\"header-iWP5WJ auto-hide-last-sibling-br\">Integrazione e personalizzazione complete<\/h3>\n<div class=\"container-Uxvbjy md-box-line-break wrapper-GYqxgQ undefined\"><\/div>\n<div class=\"auto-hide-last-sibling-br paragraph-pP9ZLC paragraph-element br-paragraph-space\">\n<p>Il nostro citofono intelligente \u00e8 progettato per un'integrazione e una personalizzazione complete. Pu\u00f2 far parte di un sistema completo\u00a0<strong>Kit videocitofonico<\/strong>\u00a0o integrato con altri dispositivi di sicurezza come\u00a0<strong>armadietto intelligente sicuro<\/strong>\u00a0sistemi. Il\u00a0<strong>Porta RS485<\/strong> di molti dei nostri dispositivi permette di collegarli facilmente a dispositivi di espansione, consentendo un'ulteriore personalizzazione in base alle esigenze specifiche. Inoltre, le diverse dimensioni dello schermo, come le opzioni da 7 e 10,1 pollici dei videocitofoni, offrono flessibilit\u00e0 nella scelta del dispositivo adatto alle diverse posizioni di installazione e alle preferenze degli utenti. Questo livello di integrazione e personalizzazione fa s\u00ec che il nostro citofono intelligente possa soddisfare le diverse esigenze di proprietari di case, gestori di immobili e aziende, offrendo davvero una soluzione di sicurezza e comunicazione su misura.<\/p>\n<p><strong><b>Le immagini e i video pubblicitari consentono agli utenti di personalizzare i contenuti relativi ai servizi, ai prodotti o al VI della propria azienda.<\/b><\/strong><\/p>\n<p><strong><b>Tuya Home consente ai visitatori di chiamare diverse stanze (opzionale, supporta fino a 1000 famiglie).<\/b><\/strong><\/p>\n<p><strong><b>La modalit\u00e0 stampa diretta (Room Directory) offre ai visitatori un'esperienza d'uso eccellente. \u00a0\u00a0<\/b><\/strong><strong><b><br \/>\n<\/b><\/strong><strong><b><br \/>\n<\/b><\/strong><strong><b>Scelta intelligente e sicura per la casa<\/b><\/strong><\/p>\n<p><strong><b>La stazione esterna intelligente \u00e8 stata progettata per offrire un'esperienza utente visivamente straordinaria e intuitiva. Offre una serie di nuove funzionalit\u00e0 innovative per fornire una soluzione completamente personalizzabile per il controllo degli accessi di inquilini e visitatori in condomini, edifici residenziali, edifici per uffici, comunit\u00e0 recintate ed edifici industriali.<\/b><\/strong><\/p>\n<\/div>\n<\/div>","protected":false},"excerpt":{"rendered":"<p><strong><span style=\"color: #ffcc00;\">Dimensioni: 365x140x50 mm<\/span><\/strong><br \/>\n<strong><span style=\"color: #ffcc00;\">Videocitofono: il video<br \/>\n<\/span><\/strong><span style=\"margin: 120px;\">Con Smart Monitor o Guard Station<\/span><br \/>\n<span style=\"margin: 120px;\">Con Outdoor Station o App Tuya<\/span><br \/>\n<span style=\"margin: 120px;\">Con SIP Standard 3\u00b0 dispositivo<\/span><br \/>\n<strong><span style=\"color: #ffcc00;\">Controllo degli accessi: il controllo degli accessi<\/span><\/strong><br \/>\n<span style=\"margin: 120px;\">Riconoscimento facciale<\/span><br \/>\n<span style=\"margin: 120px;\">Scheda IC o identificazione NFC<\/span><br \/>\n<span style=\"margin: 120px;\">Identificazione del PIN<br \/>\n<strong><span style=\"color: #ffcc00;\">Funzioni opzionali: Chiamare la linea fissa o il telefono<\/span><\/strong><br \/>\n<strong><span style=\"color: #ffcc00;\">\u00a0 \u00a0 \u00a0 \u00a0 \u00a0 \u00a0 \u00a0 \u00a0 \u00a0 \u00a0 \u00a0 \u00a0 \u00a0 \u00a0 \u00a0(Versione LTE, ONU o UE)<\/span><\/strong><\/span><br \/>\nSistema Linux | Casa Tuya: 1~1000 | Cancellazione dell'eco<br \/>\nUn solo tocco per chiamare e connettersi all'NVR<br \/>\nImmagine pubblicitaria personalizzabile | Uscita segnale rel\u00e8 a 4 canali espandibile<br \/>\nProtocollo SIP | Alimentazione DC12V<br \/>\n2M Pixel, fotocamera a doppio obiettivo. \u00a0<strong><span style=\"color: #ff0000;\">Risoluzione 720*1280 LCD IPS da 5 pollici<\/span><\/strong><br \/>\nCapacit\u00e0 di input tattile e scheda di accesso a 13,56 MHz e NFC<br \/>\nAlluminio + vetro temperato | Video H.264\/H.265, audio G.711<br \/>\nAltoparlante incorporato 8R1W Suoneria \u226570dB | Potenza di lavoro &lt; 10W<br \/>\nTemperatura di lavoro -20\u2103 ~ +50\u2103 | Montaggio a parete<br \/>\nLivello di protezione IP65 | Wi-Fi opzionale, con antenna esterna<br \/>\nLa copertura antipioggia \u00e8 opzionale<br \/>\n<strong><span style=\"color: #ffcc00;\">Descrizione dell'interfaccia<\/span><\/strong><br \/>\nPorta di rete RJ45 | Porta di alimentazione<br \/>\nUscita segnale rel\u00e8, a 1 via | Porta RS485<\/p>","protected":false},"featured_media":9510,"comment_status":"open","ping_status":"closed","template":"","meta":{"site-sidebar-layout":"default","site-content-layout":"","ast-site-content-layout":"default","site-content-style":"default","site-sidebar-style":"default","ast-global-header-display":"","ast-banner-title-visibility":"","ast-main-header-display":"","ast-hfb-above-header-display":"","ast-hfb-below-header-display":"","ast-hfb-mobile-header-display":"","site-post-title":"","ast-breadcrumbs-content":"","ast-featured-img":"","footer-sml-layout":"","theme-transparent-header-meta":"default","adv-header-id-meta":"","stick-header-meta":"default","header-above-stick-meta":"","header-main-stick-meta":"","header-below-stick-meta":"","astra-migrate-meta-layouts":"set","ast-page-background-enabled":"default","ast-page-background-meta":{"desktop":{"background-color":"","background-image":"","background-repeat":"repeat","background-position":"center center","background-size":"auto","background-attachment":"scroll","background-type":"","background-media":"","overlay-type":"","overlay-color":"","overlay-opacity":"","overlay-gradient":""},"tablet":{"background-color":"","background-image":"","background-repeat":"repeat","background-position":"center center","background-size":"auto","background-attachment":"scroll","background-type":"","background-media":"","overlay-type":"","overlay-color":"","overlay-opacity":"","overlay-gradient":""},"mobile":{"background-color":"","background-image":"","background-repeat":"repeat","background-position":"center center","background-size":"auto","background-attachment":"scroll","background-type":"","background-media":"","overlay-type":"","overlay-color":"","overlay-opacity":"","overlay-gradient":""}},"ast-content-background-meta":{"desktop":{"background-color":"var(--ast-global-color-5)","background-image":"","background-repeat":"repeat","background-position":"center center","background-size":"auto","background-attachment":"scroll","background-type":"","background-media":"","overlay-type":"","overlay-color":"","overlay-opacity":"","overlay-gradient":""},"tablet":{"background-color":"var(--ast-global-color-5)","background-image":"","background-repeat":"repeat","background-position":"center center","background-size":"auto","background-attachment":"scroll","background-type":"","background-media":"","overlay-type":"","overlay-color":"","overlay-opacity":"","overlay-gradient":""},"mobile":{"background-color":"var(--ast-global-color-5)","background-image":"","background-repeat":"repeat","background-position":"center center","background-size":"auto","background-attachment":"scroll","background-type":"","background-media":"","overlay-type":"","overlay-color":"","overlay-opacity":"","overlay-gradient":""}}},"product_cat":[123,15],"product_tag":[],"class_list":{"0":"post-9509","1":"product","2":"type-product","3":"status-publish","4":"has-post-thumbnail","6":"product_cat-video-intercom","7":"product_cat-product","8":"desktop-align-left","9":"tablet-align-left","10":"mobile-align-left","11":"ast-product-gallery-layout-horizontal-slider","12":"ast-product-tabs-layout-horizontal","14":"first","15":"instock","16":"shipping-taxable","17":"product-type-simple"},"_links":{"self":[{"href":"https:\/\/securehubtec.com\/it\/wp-json\/wp\/v2\/product\/9509","targetHints":{"allow":["GET"]}}],"collection":[{"href":"https:\/\/securehubtec.com\/it\/wp-json\/wp\/v2\/product"}],"about":[{"href":"https:\/\/securehubtec.com\/it\/wp-json\/wp\/v2\/types\/product"}],"replies":[{"embeddable":true,"href":"https:\/\/securehubtec.com\/it\/wp-json\/wp\/v2\/comments?post=9509"}],"version-history":[{"count":7,"href":"https:\/\/securehubtec.com\/it\/wp-json\/wp\/v2\/product\/9509\/revisions"}],"predecessor-version":[{"id":9528,"href":"https:\/\/securehubtec.com\/it\/wp-json\/wp\/v2\/product\/9509\/revisions\/9528"}],"wp:featuredmedia":[{"embeddable":true,"href":"https:\/\/securehubtec.com\/it\/wp-json\/wp\/v2\/media\/9510"}],"wp:attachment":[{"href":"https:\/\/securehubtec.com\/it\/wp-json\/wp\/v2\/media?parent=9509"}],"wp:term":[{"taxonomy":"product_cat","embeddable":true,"href":"https:\/\/securehubtec.com\/it\/wp-json\/wp\/v2\/product_cat?post=9509"},{"taxonomy":"product_tag","embeddable":true,"href":"https:\/\/securehubtec.com\/it\/wp-json\/wp\/v2\/product_tag?post=9509"}],"curies":[{"name":"wp","href":"https:\/\/api.w.org\/{rel}","templated":true}]}}