{"id":9338,"date":"2025-09-24T22:36:24","date_gmt":"2025-09-24T14:36:24","guid":{"rendered":"https:\/\/securehubtec.com\/?post_type=product&#038;p=9338"},"modified":"2025-10-06T01:55:39","modified_gmt":"2025-10-05T17:55:39","slug":"indoor-monitor-p7007pro","status":"publish","type":"product","link":"https:\/\/securehubtec.com\/it\/product\/indoor-monitor-p7007pro\/","title":{"rendered":"Monitor per interni P7007PRO"},"content":{"rendered":"<p><span style=\"color: #ffcc00;\"><strong>Monitor per interni P7007PRO<\/strong><\/span><br \/>\nPi\u00f9 che un campanello, \u00e8 la vostra guardia di sicurezza 24 ore al giorno, 7 giorni su 7,<span data-leaf=\"true\"><span class=\"lb\">In un settore in continua evoluzione come quello della sicurezza intelligente, DRSECURE si \u00e8 affermata come pioniere nel settore della sicurezza intelligente. <\/span><\/span><span data-leaf=\"true\"><span class=\"lb\">Produzione di interfoni intelligenti<\/span><\/span><span data-leaf=\"true\"><span class=\"lb\"> \u00e8 dedicata a fornire ai clienti d'oltreoceano soluzioni di sicurezza ad alte prestazioni e di facile utilizzo che uniscono innovazione e praticit\u00e0. Siamo consapevoli che la sicurezza e la convenienza non sono negoziabili per le case, gli appartamenti e gli spazi commerciali di tutto il mondo, ed \u00e8 per questo che la nostra gamma di prodotti \u00e8 accuratamente realizzata per coprire ogni esigenza critica nell'ecosistema della sicurezza intelligente. Che siate un distributore che desidera ampliare la propria gamma di prodotti con marchi affidabili, un promotore immobiliare che vuole dotare i nuovi complessi residenziali di sistemi di sicurezza di alto livello o un imprenditore che vuole migliorare la sicurezza sul posto di lavoro, DRSECURE \u00e8 pronta a soddisfare le vostre esigenze. Il nostro marchio \u00e8 costruito su una base di qualit\u00e0, affidabilit\u00e0 e centralit\u00e0 del cliente, che ci rende una scelta privilegiata per i clienti di tutti i continenti che apprezzano soluzioni di sicurezza conformi e di lunga durata.<\/span><\/span><br \/>\n<img fetchpriority=\"high\" decoding=\"async\" class=\"aligncenter size-full wp-image-9328\" src=\"https:\/\/securehubtec.com\/wp-content\/uploads\/2025\/09\/A.jpg\" alt=\"\" width=\"1280\" height=\"710\" srcset=\"https:\/\/securehubtec.com\/wp-content\/uploads\/2025\/09\/A.jpg 1280w, https:\/\/securehubtec.com\/wp-content\/uploads\/2025\/09\/A-300x166.jpg 300w, https:\/\/securehubtec.com\/wp-content\/uploads\/2025\/09\/A-1024x568.jpg 1024w, https:\/\/securehubtec.com\/wp-content\/uploads\/2025\/09\/A-768x426.jpg 768w, https:\/\/securehubtec.com\/wp-content\/uploads\/2025\/09\/A-18x10.jpg 18w, https:\/\/securehubtec.com\/wp-content\/uploads\/2025\/09\/A-600x333.jpg 600w\" sizes=\"(max-width: 1280px) 100vw, 1280px\" \/><span data-leaf=\"true\"><span class=\"lb\">DRSECURE offre una selezione completa di prodotti per citofoni e campanelli progettati per soddisfare diversi scenari residenziali e commerciali. Per i proprietari di casa che danno la priorit\u00e0 alla semplicit\u00e0 e alla comunicazione efficace, i nostri prodotti <\/span><\/span><span data-leaf=\"true\"><span class=\"lb\">Campanello a 2 vie<\/span><\/span><span data-leaf=\"true\"><span class=\"lb\"> e classico <\/span><\/span><span data-leaf=\"true\"><span class=\"lb\">Campanello<\/span><\/span><span data-leaf=\"true\"><span class=\"lb\"> offrono un audio nitido e una facile installazione, mentre le nostre <\/span><\/span><span data-leaf=\"true\"><span class=\"lb\">campanello dell'appartamento<\/span><\/span><span data-leaf=\"true\"><span class=\"lb\"> \u00e8 stato progettato per adattarsi alle esigenze specifiche degli edifici multi-unit\u00e0, garantendo un'interazione continua con i visitatori. Per chi \u00e8 alla ricerca di funzionalit\u00e0 di monitoraggio avanzate, il nostro <\/span><\/span><span data-leaf=\"true\"><span class=\"lb\">telecamera per campanello<\/span><\/span><span data-leaf=\"true\"><span class=\"lb\"> si distingue per lo streaming video in tempo reale, gli avvisi di rilevamento del movimento e l'accesso remoto tramite app mobile, consentendo agli utenti di tenere sotto controllo i propri ingressi ovunque si trovino. Eccelliamo anche nelle soluzioni interconnesse: il nostro <\/span><\/span><span data-leaf=\"true\"><span class=\"lb\">Citofono a 2 vie<\/span><\/span><span data-leaf=\"true\"><span class=\"lb\"> e <\/span><\/span><span data-leaf=\"true\"><span class=\"lb\">campanello citofono<\/span><\/span><span data-leaf=\"true\"><span class=\"lb\"> I sistemi di comunicazione consentono una comunicazione fluida tra i residenti e i visitatori, mentre i nostri <\/span><\/span><span data-leaf=\"true\"><span class=\"lb\">Telefoni intelligenti<\/span><\/span><span data-leaf=\"true\"><span class=\"lb\"> e <\/span><\/span><span data-leaf=\"true\"><span class=\"lb\">citofono intelligente<\/span><\/span><span data-leaf=\"true\"><span class=\"lb\"> si integrano con le moderne piattaforme di smart home, offrendo funzioni come il controllo vocale e l'automazione. Per i progetti residenziali di grandi dimensioni, i nostri <\/span><\/span><span data-leaf=\"true\"><span class=\"lb\">Citofono intelligente per appartamento<\/span><\/span><span data-leaf=\"true\"><span class=\"lb\"> e <\/span><\/span><span data-leaf=\"true\"><span class=\"lb\">Citofono intelligente per condomini<\/span><\/span><span data-leaf=\"true\"><span class=\"lb\"> semplificare la gestione dei visitatori, ridurre gli oneri amministrativi e migliorare la sicurezza generale sia per i residenti che per i gestori delle propriet\u00e0.<\/span><\/span><br \/>\n<img decoding=\"async\" class=\"aligncenter wp-image-9329 size-full lazyload\" data-src=\"https:\/\/securehubtec.com\/wp-content\/uploads\/2025\/09\/B.jpg\" alt=\"Indoor Monitor P7007PRO\" width=\"1280\" height=\"961\" data-srcset=\"https:\/\/securehubtec.com\/wp-content\/uploads\/2025\/09\/B.jpg 1280w, https:\/\/securehubtec.com\/wp-content\/uploads\/2025\/09\/B-300x225.jpg 300w, https:\/\/securehubtec.com\/wp-content\/uploads\/2025\/09\/B-1024x769.jpg 1024w, https:\/\/securehubtec.com\/wp-content\/uploads\/2025\/09\/B-768x577.jpg 768w, https:\/\/securehubtec.com\/wp-content\/uploads\/2025\/09\/B-16x12.jpg 16w, https:\/\/securehubtec.com\/wp-content\/uploads\/2025\/09\/B-600x450.jpg 600w\" data-sizes=\"(max-width: 1280px) 100vw, 1280px\" src=\"data:image\/svg+xml;base64,PHN2ZyB3aWR0aD0iMSIgaGVpZ2h0PSIxIiB4bWxucz0iaHR0cDovL3d3dy53My5vcmcvMjAwMC9zdmciPjwvc3ZnPg==\" style=\"--smush-placeholder-width: 1280px; --smush-placeholder-aspect-ratio: 1280\/961;\" \/><span data-leaf=\"true\"><span class=\"lb\">Oltre ai citofoni e ai campanelli, DRSECURE offre una suite completa di soluzioni per il controllo degli accessi e l'ingresso intelligente che ridefiniscono il modo in cui gli spazi vengono protetti. Il nostro <\/span><\/span><span data-leaf=\"true\"><span class=\"lb\">sistemi di controllo degli accessi<\/span><\/span><span data-leaf=\"true\"><span class=\"lb\"> sono progettati per offrire una gestione flessibile e scalabile per edifici commerciali, uffici e impianti industriali, consentendo agli amministratori di gestire i permessi di accesso in modo efficiente e da remoto. A completamento di questi sistemi, i nostri <\/span><\/span><span data-leaf=\"true\"><span class=\"lb\">Ingresso senza chiave<\/span><\/span><span data-leaf=\"true\"><span class=\"lb\"> Le soluzioni di sicurezza di S.L. eliminano il fastidio delle chiavi fisiche, utilizzando le credenziali degli smartphone, i portachiavi o i dati biometrici per garantire l'accesso, aggiungendo comodit\u00e0 senza compromettere la sicurezza. Inoltre, rispondiamo alle esigenze di sicurezza di magazzini specializzati con le nostre soluzioni <\/span><\/span><span data-leaf=\"true\"><span class=\"lb\">armadietto intelligente sicuro<\/span><\/span><span data-leaf=\"true\"><span class=\"lb\"> che presentano design a prova di manomissione, tracciamento degli accessi in tempo reale e gestione basata su cloud. Questi armadietti sono ideali per palestre, spazi di co-working, scuole e negozi al dettaglio, garantendo agli utenti la massima tranquillit\u00e0 e ai manager la piena visibilit\u00e0 sull'utilizzo dello spazio di archiviazione. Tutti i prodotti di questa gamma sono costruiti per resistere all'uso intensivo e alle diverse condizioni ambientali, garantendo prestazioni affidabili ai nostri clienti d'oltreoceano.<\/span><\/span><br \/>\n<img decoding=\"async\" class=\"aligncenter size-full wp-image-9330 lazyload\" data-src=\"https:\/\/securehubtec.com\/wp-content\/uploads\/2025\/09\/C.jpg\" alt=\"\" width=\"1280\" height=\"1053\" data-srcset=\"https:\/\/securehubtec.com\/wp-content\/uploads\/2025\/09\/C.jpg 1280w, https:\/\/securehubtec.com\/wp-content\/uploads\/2025\/09\/C-300x247.jpg 300w, https:\/\/securehubtec.com\/wp-content\/uploads\/2025\/09\/C-1024x842.jpg 1024w, https:\/\/securehubtec.com\/wp-content\/uploads\/2025\/09\/C-768x632.jpg 768w, https:\/\/securehubtec.com\/wp-content\/uploads\/2025\/09\/C-15x12.jpg 15w, https:\/\/securehubtec.com\/wp-content\/uploads\/2025\/09\/C-600x494.jpg 600w\" data-sizes=\"(max-width: 1280px) 100vw, 1280px\" src=\"data:image\/svg+xml;base64,PHN2ZyB3aWR0aD0iMSIgaGVpZ2h0PSIxIiB4bWxucz0iaHR0cDovL3d3dy53My5vcmcvMjAwMC9zdmciPjwvc3ZnPg==\" style=\"--smush-placeholder-width: 1280px; --smush-placeholder-aspect-ratio: 1280\/1053;\" \/><span data-leaf=\"true\"><span class=\"lb\">Un vantaggio fondamentale che contraddistingue DRSECURE nel mercato globale \u00e8 la nostra rigorosa adesione agli standard internazionali di qualit\u00e0 e sicurezza. Tutti i nostri prodotti, compresi i nostri popolari <\/span><\/span><span data-leaf=\"true\"><span class=\"lb\">videocitofono<\/span><\/span><span data-leaf=\"true\"><span class=\"lb\"> e <\/span><\/span><span data-leaf=\"true\"><span class=\"lb\">Videocitofono intelligente<\/span><\/span><span data-leaf=\"true\"><span class=\"lb\"> sistemi, tenere entrambi <\/span><\/span><span data-leaf=\"true\"><span class=\"lb\">CE<\/span><\/span><span data-leaf=\"true\"><span class=\"lb\"> e <\/span><\/span><span data-leaf=\"true\"><span class=\"lb\">FCC<\/span><\/span><span data-leaf=\"true\"><span class=\"lb\"> certificazioni. Queste certificazioni sono pi\u00f9 che semplici credenziali: sono la prova che i nostri prodotti soddisfano i rigorosi requisiti di prestazioni, sicurezza e compatibilit\u00e0 elettromagnetica dell'Unione Europea e del Nord America, due dei mercati pi\u00f9 regolamentati e competitivi del mondo. Per i clienti d'oltreoceano, ci\u00f2 significa che i nostri prodotti possono essere importati, distribuiti e venduti senza ostacoli normativi, risparmiando tempo e risorse. Inoltre, sottoponiamo ogni prodotto a test rigorosi prima che lasci la nostra fabbrica, dalla valutazione della durata alla verifica della funzionalit\u00e0, assicurando che ogni unit\u00e0 soddisfi o superi i pi\u00f9 alti standard del settore. Questo impegno per la qualit\u00e0 ci ha fatto guadagnare una reputazione di affidabilit\u00e0 e fiducia tra i clienti di tutto il mondo.<\/span><\/span><br \/>\n<img decoding=\"async\" class=\"aligncenter size-full wp-image-9331 lazyload\" data-src=\"https:\/\/securehubtec.com\/wp-content\/uploads\/2025\/09\/D.jpg\" alt=\"\" width=\"1280\" height=\"620\" data-srcset=\"https:\/\/securehubtec.com\/wp-content\/uploads\/2025\/09\/D.jpg 1280w, https:\/\/securehubtec.com\/wp-content\/uploads\/2025\/09\/D-300x145.jpg 300w, https:\/\/securehubtec.com\/wp-content\/uploads\/2025\/09\/D-1024x496.jpg 1024w, https:\/\/securehubtec.com\/wp-content\/uploads\/2025\/09\/D-768x372.jpg 768w, https:\/\/securehubtec.com\/wp-content\/uploads\/2025\/09\/D-18x9.jpg 18w, https:\/\/securehubtec.com\/wp-content\/uploads\/2025\/09\/D-600x291.jpg 600w\" data-sizes=\"(max-width: 1280px) 100vw, 1280px\" src=\"data:image\/svg+xml;base64,PHN2ZyB3aWR0aD0iMSIgaGVpZ2h0PSIxIiB4bWxucz0iaHR0cDovL3d3dy53My5vcmcvMjAwMC9zdmciPjwvc3ZnPg==\" style=\"--smush-placeholder-width: 1280px; --smush-placeholder-aspect-ratio: 1280\/620;\" \/><\/p>\n<div class=\"ace-line\" dir=\"auto\" data-node=\"true\"><span data-string=\"true\" data-enter=\"true\" data-leaf=\"true\"><span class=\"lb\">Collaborare con DRSECURE significa ottenere pi\u00f9 di un semplice fornitore: significa collaborare con un team dedicato al vostro successo. Sappiamo che ogni mercato estero ha preferenze e requisiti unici, ed \u00e8 per questo che offriamo opzioni di personalizzazione flessibili. Sia che dobbiate modificare il design di un <\/span><span class=\"lb\">citofono intelligente<\/span><span class=\"lb\"> per allinearsi con l'estetica locale, integrare i protocolli di comunicazione regionali in un sistema di <\/span><span class=\"lb\">sistema di controllo degli accessi<\/span><span class=\"lb\"> o aggiungere il supporto multilingue a un file <\/span><span class=\"lb\">telecamera per campanello<\/span><span class=\"lb\"> Il nostro team di ingegneri lavorer\u00e0 a stretto contatto con voi per fornire soluzioni su misura. Forniamo inoltre un'assistenza clienti eccezionale, con un team disponibile 24 ore su 24, 7 giorni su 7, per fornire assistenza per l'installazione, la risoluzione dei problemi e il servizio post-vendita. Inoltre, la nostra efficiente catena di fornitura e i prezzi competitivi assicurano che possiate massimizzare la redditivit\u00e0 offrendo ai vostri clienti prodotti di sicurezza di alta qualit\u00e0. Con DRSECURE come partner, potete navigare con fiducia nel mercato globale della sicurezza intelligente, sapendo di avere al vostro fianco un alleato affidabile e innovativo.<\/span>\u200b<\/span><\/div>","protected":false},"excerpt":{"rendered":"<p>Model\uff1a P7007PRO<br \/>\nDimensioni: 210x145x20 mm<\/p>\n<p>\u221a DC12V o POE (IEEE 802.3AF)<br \/>\n<strong><span style=\"color: #ff0000;\">\u221a 7\" IPS LCD, 1024*600<\/span><\/strong><br \/>\n\u221a Il Wi-Fi \u00e8 opzionale<br \/>\n\u221a ABS + vetro temperato<br \/>\n\u221a Video H.264\/H.265, audio G.711<br \/>\nSuoneria \u221a \u226570dB<br \/>\n\u221a Potenza di lavoro &lt; 5W<br \/>\n\u221a Temperatura di lavoro 0\u2103 ~ +50\u2103<br \/>\n\u221a Montaggio a parete<br \/>\n\u221a Sistema Linux<br \/>\n\u221a Videocitofono<br \/>\n\u221a Cancellazione dell'eco<br \/>\n\u221a Monitor IPC (24 ore, display quadruplo)<br \/>\n\u221a Stazione esterna di monitoraggio<br \/>\n\u221a Allarme: SOS, rilevamento gas, connessione cablata a 4 canali<br \/>\n\u221a Casa Tuya: Opzionale<\/p>","protected":false},"featured_media":9339,"comment_status":"open","ping_status":"closed","template":"","meta":{"site-sidebar-layout":"default","site-content-layout":"","ast-site-content-layout":"default","site-content-style":"default","site-sidebar-style":"default","ast-global-header-display":"","ast-banner-title-visibility":"","ast-main-header-display":"","ast-hfb-above-header-display":"","ast-hfb-below-header-display":"","ast-hfb-mobile-header-display":"","site-post-title":"","ast-breadcrumbs-content":"","ast-featured-img":"","footer-sml-layout":"","theme-transparent-header-meta":"default","adv-header-id-meta":"","stick-header-meta":"default","header-above-stick-meta":"","header-main-stick-meta":"","header-below-stick-meta":"","astra-migrate-meta-layouts":"set","ast-page-background-enabled":"default","ast-page-background-meta":{"desktop":{"background-color":"","background-image":"","background-repeat":"repeat","background-position":"center center","background-size":"auto","background-attachment":"scroll","background-type":"","background-media":"","overlay-type":"","overlay-color":"","overlay-opacity":"","overlay-gradient":""},"tablet":{"background-color":"","background-image":"","background-repeat":"repeat","background-position":"center center","background-size":"auto","background-attachment":"scroll","background-type":"","background-media":"","overlay-type":"","overlay-color":"","overlay-opacity":"","overlay-gradient":""},"mobile":{"background-color":"","background-image":"","background-repeat":"repeat","background-position":"center center","background-size":"auto","background-attachment":"scroll","background-type":"","background-media":"","overlay-type":"","overlay-color":"","overlay-opacity":"","overlay-gradient":""}},"ast-content-background-meta":{"desktop":{"background-color":"var(--ast-global-color-5)","background-image":"","background-repeat":"repeat","background-position":"center center","background-size":"auto","background-attachment":"scroll","background-type":"","background-media":"","overlay-type":"","overlay-color":"","overlay-opacity":"","overlay-gradient":""},"tablet":{"background-color":"var(--ast-global-color-5)","background-image":"","background-repeat":"repeat","background-position":"center center","background-size":"auto","background-attachment":"scroll","background-type":"","background-media":"","overlay-type":"","overlay-color":"","overlay-opacity":"","overlay-gradient":""},"mobile":{"background-color":"var(--ast-global-color-5)","background-image":"","background-repeat":"repeat","background-position":"center center","background-size":"auto","background-attachment":"scroll","background-type":"","background-media":"","overlay-type":"","overlay-color":"","overlay-opacity":"","overlay-gradient":""}}},"product_cat":[123,15],"product_tag":[],"class_list":{"0":"post-9338","1":"product","2":"type-product","3":"status-publish","4":"has-post-thumbnail","6":"product_cat-video-intercom","7":"product_cat-product","8":"desktop-align-left","9":"tablet-align-left","10":"mobile-align-left","11":"ast-product-gallery-layout-horizontal-slider","12":"ast-product-tabs-layout-horizontal","14":"first","15":"instock","16":"shipping-taxable","17":"product-type-simple"},"_links":{"self":[{"href":"https:\/\/securehubtec.com\/it\/wp-json\/wp\/v2\/product\/9338","targetHints":{"allow":["GET"]}}],"collection":[{"href":"https:\/\/securehubtec.com\/it\/wp-json\/wp\/v2\/product"}],"about":[{"href":"https:\/\/securehubtec.com\/it\/wp-json\/wp\/v2\/types\/product"}],"replies":[{"embeddable":true,"href":"https:\/\/securehubtec.com\/it\/wp-json\/wp\/v2\/comments?post=9338"}],"version-history":[{"count":5,"href":"https:\/\/securehubtec.com\/it\/wp-json\/wp\/v2\/product\/9338\/revisions"}],"predecessor-version":[{"id":9548,"href":"https:\/\/securehubtec.com\/it\/wp-json\/wp\/v2\/product\/9338\/revisions\/9548"}],"wp:featuredmedia":[{"embeddable":true,"href":"https:\/\/securehubtec.com\/it\/wp-json\/wp\/v2\/media\/9339"}],"wp:attachment":[{"href":"https:\/\/securehubtec.com\/it\/wp-json\/wp\/v2\/media?parent=9338"}],"wp:term":[{"taxonomy":"product_cat","embeddable":true,"href":"https:\/\/securehubtec.com\/it\/wp-json\/wp\/v2\/product_cat?post=9338"},{"taxonomy":"product_tag","embeddable":true,"href":"https:\/\/securehubtec.com\/it\/wp-json\/wp\/v2\/product_tag?post=9338"}],"curies":[{"name":"wp","href":"https:\/\/api.w.org\/{rel}","templated":true}]}}