{"id":9471,"date":"2025-10-03T01:16:19","date_gmt":"2025-10-02T17:16:19","guid":{"rendered":"https:\/\/securehubtec.com\/?page_id=9471"},"modified":"2025-10-03T23:26:17","modified_gmt":"2025-10-03T15:26:17","slug":"elevator-control-solution","status":"publish","type":"page","link":"https:\/\/securehubtec.com\/it\/elevator-control-solution\/","title":{"rendered":"Soluzione di controllo per ascensori"},"content":{"rendered":"<h1 class=\"header-iWP5WJ auto-hide-last-sibling-br\">Soluzione per il controllo degli ascensori: Ridefinire l'efficienza e la sicurezza degli edifici<\/h1>\n<div class=\"container-Uxvbjy md-box-line-break wrapper-GYqxgQ undefined\"><\/div>\n<div class=\"auto-hide-last-sibling-br paragraph-pP9ZLC paragraph-element br-paragraph-space\">Nella gestione moderna degli edifici, l'efficienza e la sicurezza sono fondamentali. La nostra soluzione per il controllo degli ascensori si presenta come una soluzione che cambia le carte in tavola, integrandosi perfettamente con i sistemi di ascensori per rivoluzionare la gestione degli accessi negli edifici residenziali e commerciali. Questa soluzione non si limita a controllare le operazioni degli ascensori, ma crea un ambiente pi\u00f9 intelligente, pi\u00f9 sicuro e pi\u00f9 facile da usare sia per i residenti che per i visitatori.<\/div>\n<p><img fetchpriority=\"high\" decoding=\"async\" class=\"aligncenter size-full wp-image-9473\" src=\"https:\/\/securehubtec.com\/wp-content\/uploads\/2025\/10\/Smart-Video-Intercom-s.jpg\" alt=\"\" width=\"1100\" height=\"1006\" srcset=\"https:\/\/securehubtec.com\/wp-content\/uploads\/2025\/10\/Smart-Video-Intercom-s.jpg 1100w, https:\/\/securehubtec.com\/wp-content\/uploads\/2025\/10\/Smart-Video-Intercom-s-300x274.jpg 300w, https:\/\/securehubtec.com\/wp-content\/uploads\/2025\/10\/Smart-Video-Intercom-s-1024x936.jpg 1024w, https:\/\/securehubtec.com\/wp-content\/uploads\/2025\/10\/Smart-Video-Intercom-s-768x702.jpg 768w, https:\/\/securehubtec.com\/wp-content\/uploads\/2025\/10\/Smart-Video-Intercom-s-13x12.jpg 13w, https:\/\/securehubtec.com\/wp-content\/uploads\/2025\/10\/Smart-Video-Intercom-s-600x549.jpg 600w\" sizes=\"(max-width: 1100px) 100vw, 1100px\" \/>Il cuore della nostra soluzione risiede nelle sue avanzate capacit\u00e0 di integrazione. Prendiamo ad esempio il collegamento con gli ascensori standard. Quando arriva un visitatore, pu\u00f2 inserire il numero della stanza nella stazione esterna per chiamare il monitor intelligente. Una volta che il proprietario risponde (sullo smart monitor o tramite un telefono cellulare) e tocca il pulsante di apertura della porta, il sistema si collega al controllore di piano dell'ascensore tramite RS485. Questo richiama l'ascensore al primo piano e concede un accesso limitato al piano corrispondente. In alternativa, i visitatori possono utilizzare una finestra di riconoscimento del codice QR sulla stazione. Dopo aver allineato il codice QR con la telecamera della stazione e aver effettuato il riconoscimento, possono entrare nella porta dell'unit\u00e0 e la stazione si collega al controller del piano dell'ascensore per chiamare l'ascensore e fornire l'accesso al piano. Per i proprietari o i residenti, il processo \u00e8 ancora pi\u00f9 semplice: dopo che il riconoscimento facciale ha sbloccato la porta, la stazione si collega automaticamente al controller del piano dell'ascensore tramite RS485, chiamando l'ascensore al primo piano e consentendo l'accesso al piano designato. Questo livello di automazione elimina il fastidio del funzionamento manuale dell'ascensore e aumenta la sicurezza limitando l'accesso alle sole persone autorizzate.<br \/>\n<img decoding=\"async\" class=\"aligncenter size-full wp-image-9474 lazyload\" data-src=\"https:\/\/securehubtec.com\/wp-content\/uploads\/2025\/10\/Smart-Video-Intercom-t-1.jpg\" alt=\"\" width=\"1100\" height=\"543\" data-srcset=\"https:\/\/securehubtec.com\/wp-content\/uploads\/2025\/10\/Smart-Video-Intercom-t-1.jpg 1100w, https:\/\/securehubtec.com\/wp-content\/uploads\/2025\/10\/Smart-Video-Intercom-t-1-300x148.jpg 300w, https:\/\/securehubtec.com\/wp-content\/uploads\/2025\/10\/Smart-Video-Intercom-t-1-1024x505.jpg 1024w, https:\/\/securehubtec.com\/wp-content\/uploads\/2025\/10\/Smart-Video-Intercom-t-1-768x379.jpg 768w, https:\/\/securehubtec.com\/wp-content\/uploads\/2025\/10\/Smart-Video-Intercom-t-1-18x9.jpg 18w, https:\/\/securehubtec.com\/wp-content\/uploads\/2025\/10\/Smart-Video-Intercom-t-1-600x296.jpg 600w\" data-sizes=\"(max-width: 1100px) 100vw, 1100px\" src=\"data:image\/svg+xml;base64,PHN2ZyB3aWR0aD0iMSIgaGVpZ2h0PSIxIiB4bWxucz0iaHR0cDovL3d3dy53My5vcmcvMjAwMC9zdmciPjwvc3ZnPg==\" style=\"--smush-placeholder-width: 1100px; --smush-placeholder-aspect-ratio: 1100\/543;\" \/><br \/>\nInoltre, la nostra soluzione offre una compatibilit\u00e0 specifica, in particolare con gli ascensori della serie Mitsubishi. Per le versioni cablate adatte alle configurazioni a 8\/16\/32 piani (ZS - TK8\/ZS - TK16\/ZS - TK32), i fili originali dei pulsanti vengono tagliati e i segnali di controllo vengono reindirizzati attraverso la scheda di controllo dell'ascensore. La versione non cablata per la serie Mitsubishi (ZS - TKSL) elimina la necessit\u00e0 di tagliare i fili, poich\u00e9 l'ingresso del segnale di scansione dell'ascensore pu\u00f2 essere collegato al bus dell'ascensore. La stazione esterna si collega al controllore di piano dell'ascensore tramite RS485 o TCP\/IP, garantendo che all'apertura della porta venga concessa contemporaneamente l'autorizzazione all'ascensore. Questa compatibilit\u00e0 fa s\u00ec che la nostra soluzione possa essere adottata senza problemi negli edifici con ascensori Mitsubishi, consentendo di passare senza problemi al controllo intelligente degli ascensori senza dover apportare modifiche sostanziali all'infrastruttura esistente. Che si tratti di un complesso residenziale o di un edificio commerciale, la nostra soluzione di controllo degli ascensori porta efficienza, sicurezza e convenienza in primo piano, stabilendo un nuovo standard per la gestione moderna degli edifici.<\/p>","protected":false},"excerpt":{"rendered":"<p>Elevator Control Solution: Redefine Building Efficiency and Security In the realm of modern building management, efficiency and security are paramount. [&hellip;]<\/p>","protected":false},"author":1,"featured_media":9472,"parent":0,"menu_order":0,"comment_status":"closed","ping_status":"closed","template":"","meta":{"site-sidebar-layout":"default","site-content-layout":"","ast-site-content-layout":"default","site-content-style":"default","site-sidebar-style":"default","ast-global-header-display":"","ast-banner-title-visibility":"","ast-main-header-display":"","ast-hfb-above-header-display":"","ast-hfb-below-header-display":"","ast-hfb-mobile-header-display":"","site-post-title":"","ast-breadcrumbs-content":"","ast-featured-img":"","footer-sml-layout":"","theme-transparent-header-meta":"default","adv-header-id-meta":"","stick-header-meta":"default","header-above-stick-meta":"","header-main-stick-meta":"","header-below-stick-meta":"","astra-migrate-meta-layouts":"set","ast-page-background-enabled":"default","ast-page-background-meta":{"desktop":{"background-color":"","background-image":"","background-repeat":"repeat","background-position":"center center","background-size":"auto","background-attachment":"scroll","background-type":"","background-media":"","overlay-type":"","overlay-color":"","overlay-opacity":"","overlay-gradient":""},"tablet":{"background-color":"","background-image":"","background-repeat":"repeat","background-position":"center center","background-size":"auto","background-attachment":"scroll","background-type":"","background-media":"","overlay-type":"","overlay-color":"","overlay-opacity":"","overlay-gradient":""},"mobile":{"background-color":"","background-image":"","background-repeat":"repeat","background-position":"center center","background-size":"auto","background-attachment":"scroll","background-type":"","background-media":"","overlay-type":"","overlay-color":"","overlay-opacity":"","overlay-gradient":""}},"ast-content-background-meta":{"desktop":{"background-color":"var(--ast-global-color-5)","background-image":"","background-repeat":"repeat","background-position":"center center","background-size":"auto","background-attachment":"scroll","background-type":"","background-media":"","overlay-type":"","overlay-color":"","overlay-opacity":"","overlay-gradient":""},"tablet":{"background-color":"var(--ast-global-color-5)","background-image":"","background-repeat":"repeat","background-position":"center center","background-size":"auto","background-attachment":"scroll","background-type":"","background-media":"","overlay-type":"","overlay-color":"","overlay-opacity":"","overlay-gradient":""},"mobile":{"background-color":"var(--ast-global-color-5)","background-image":"","background-repeat":"repeat","background-position":"center center","background-size":"auto","background-attachment":"scroll","background-type":"","background-media":"","overlay-type":"","overlay-color":"","overlay-opacity":"","overlay-gradient":""}},"footnotes":""},"class_list":["post-9471","page","type-page","status-publish","has-post-thumbnail","hentry"],"_links":{"self":[{"href":"https:\/\/securehubtec.com\/it\/wp-json\/wp\/v2\/pages\/9471","targetHints":{"allow":["GET"]}}],"collection":[{"href":"https:\/\/securehubtec.com\/it\/wp-json\/wp\/v2\/pages"}],"about":[{"href":"https:\/\/securehubtec.com\/it\/wp-json\/wp\/v2\/types\/page"}],"author":[{"embeddable":true,"href":"https:\/\/securehubtec.com\/it\/wp-json\/wp\/v2\/users\/1"}],"replies":[{"embeddable":true,"href":"https:\/\/securehubtec.com\/it\/wp-json\/wp\/v2\/comments?post=9471"}],"version-history":[{"count":2,"href":"https:\/\/securehubtec.com\/it\/wp-json\/wp\/v2\/pages\/9471\/revisions"}],"predecessor-version":[{"id":9477,"href":"https:\/\/securehubtec.com\/it\/wp-json\/wp\/v2\/pages\/9471\/revisions\/9477"}],"wp:featuredmedia":[{"embeddable":true,"href":"https:\/\/securehubtec.com\/it\/wp-json\/wp\/v2\/media\/9472"}],"wp:attachment":[{"href":"https:\/\/securehubtec.com\/it\/wp-json\/wp\/v2\/media?parent=9471"}],"curies":[{"name":"wp","href":"https:\/\/api.w.org\/{rel}","templated":true}]}}