{"id":9465,"date":"2025-10-03T01:03:30","date_gmt":"2025-10-02T17:03:30","guid":{"rendered":"https:\/\/securehubtec.com\/?page_id=9465"},"modified":"2025-10-03T01:03:30","modified_gmt":"2025-10-02T17:03:30","slug":"sip-intercom","status":"publish","type":"page","link":"https:\/\/securehubtec.com\/it\/sip-intercom\/","title":{"rendered":"INTERFONICO SIP"},"content":{"rendered":"<p><img fetchpriority=\"high\" decoding=\"async\" class=\"aligncenter size-full wp-image-9467\" src=\"https:\/\/securehubtec.com\/wp-content\/uploads\/2025\/10\/Smart-Video-Intercom-q-1.jpg\" alt=\"\" width=\"1000\" height=\"516\" srcset=\"https:\/\/securehubtec.com\/wp-content\/uploads\/2025\/10\/Smart-Video-Intercom-q-1.jpg 1000w, https:\/\/securehubtec.com\/wp-content\/uploads\/2025\/10\/Smart-Video-Intercom-q-1-300x155.jpg 300w, https:\/\/securehubtec.com\/wp-content\/uploads\/2025\/10\/Smart-Video-Intercom-q-1-768x396.jpg 768w, https:\/\/securehubtec.com\/wp-content\/uploads\/2025\/10\/Smart-Video-Intercom-q-1-18x9.jpg 18w, https:\/\/securehubtec.com\/wp-content\/uploads\/2025\/10\/Smart-Video-Intercom-q-1-600x310.jpg 600w\" sizes=\"(max-width: 1000px) 100vw, 1000px\" \/> <img decoding=\"async\" class=\"aligncenter size-full wp-image-9468 lazyload\" data-src=\"https:\/\/securehubtec.com\/wp-content\/uploads\/2025\/10\/Smart-Video-Intercom-r.jpg\" alt=\"\" width=\"1000\" height=\"768\" data-srcset=\"https:\/\/securehubtec.com\/wp-content\/uploads\/2025\/10\/Smart-Video-Intercom-r.jpg 1000w, https:\/\/securehubtec.com\/wp-content\/uploads\/2025\/10\/Smart-Video-Intercom-r-300x230.jpg 300w, https:\/\/securehubtec.com\/wp-content\/uploads\/2025\/10\/Smart-Video-Intercom-r-768x590.jpg 768w, https:\/\/securehubtec.com\/wp-content\/uploads\/2025\/10\/Smart-Video-Intercom-r-16x12.jpg 16w, https:\/\/securehubtec.com\/wp-content\/uploads\/2025\/10\/Smart-Video-Intercom-r-600x461.jpg 600w\" data-sizes=\"(max-width: 1000px) 100vw, 1000px\" src=\"data:image\/svg+xml;base64,PHN2ZyB3aWR0aD0iMSIgaGVpZ2h0PSIxIiB4bWxucz0iaHR0cDovL3d3dy53My5vcmcvMjAwMC9zdmciPjwvc3ZnPg==\" style=\"--smush-placeholder-width: 1000px; --smush-placeholder-aspect-ratio: 1000\/768;\" \/><em><strong>INTERFONICO SIP<\/strong><\/em><\/p>\n<h1 class=\"header-iWP5WJ auto-hide-last-sibling-br\">DRSECURE: Ridefinire la sicurezza della casa e degli immobili con soluzioni di interfono e controllo accessi intelligenti di alto livello<\/h1>\n<div class=\"container-Uxvbjy md-box-line-break wrapper-GYqxgQ undefined\"><\/div>\n<div class=\"auto-hide-last-sibling-br paragraph-pP9ZLC paragraph-element br-paragraph-space\">In un'epoca in cui la sicurezza e la convenienza sono di primaria importanza per i proprietari di case, gli amministratori di immobili e i proprietari di aziende, DRSECURE emerge come leader nel settore.\u00a0<strong>Produzione di interfoni intelligenti<\/strong>\u00a0dedicato alla creazione di soluzioni innovative per l'ingresso e la comunicazione. Siamo consapevoli che ogni spazio, sia esso un accogliente appartamento familiare, una lussuosa villa o un vivace complesso residenziale, ha esigenze di sicurezza uniche. Ecco perch\u00e9 la nostra gamma completa di prodotti, da quelli di base a quelli per la sicurezza.\u00a0<strong>Campanello<\/strong>\u00a0unit\u00e0 ad un livello avanzato\u00a0<strong>Sistema videocitofonico IP<\/strong>\u00e8 stato progettato per unire tecnologia all'avanguardia, durata e design facile da usare, garantendo una protezione perfetta e un accesso agevole per tutti.<\/div>\n<div class=\"container-Uxvbjy md-box-line-break wrapper-GYqxgQ undefined\"><\/div>\n<div class=\"auto-hide-last-sibling-br paragraph-pP9ZLC paragraph-element br-paragraph-space\">Il cuore delle nostre offerte \u00e8 costituito da una gamma diversificata di\u00a0<strong>citofono intelligente<\/strong>\u00a0sistemi, ciascuno adattato a scenari specifici. Per gli edifici residenziali, i nostri\u00a0<strong>Citofono intelligente per appartamento<\/strong>\u00a0e\u00a0<strong>Citofono intelligente per condomini<\/strong>\u00a0si distinguono per la loro capacit\u00e0 di cambiare le carte in tavola. Dotati di un sistema ad alta definizione\u00a0<strong>telecamera per campanello<\/strong>\u00a0e liscio\u00a0<strong>Citofono a 2 vie<\/strong>\u00a0Questi sistemi consentono ai residenti di comunicare in modo chiaro con i visitatori e di verificarne visivamente l'identit\u00e0: niente pi\u00f9 incertezze su chi si presenta alla porta. Il\u00a0<strong>Telecamera per campanello familiare per appartamento<\/strong>\u00a0fa un ulteriore passo avanti, progettata pensando alla sicurezza della famiglia: il suo obiettivo grandangolare cattura ogni dettaglio all'ingresso, mentre la visione notturna garantisce la chiarezza anche in condizioni di scarsa illuminazione, in modo da poter sempre tenere d'occhio la sicurezza dei propri cari. Per chi cerca l'affidabilit\u00e0 del cavo, il modello\u00a0<strong>Videocitofono cablato da 7 pollici<\/strong>\u00a0offre un display nitido che rende intuitiva l'interazione con i visitatori, mentre il display del\u00a0<strong>Videocitofono da 10,1 pollici al miglior prezzo<\/strong>\u00a0combina uno schermo ampio e di facile lettura con la convenienza, rendendolo la scelta migliore per i gestori di immobili attenti al budget.<\/div>\n<div class=\"container-Uxvbjy md-box-line-break wrapper-GYqxgQ undefined\"><\/div>\n<div class=\"auto-hide-last-sibling-br paragraph-pP9ZLC paragraph-element br-paragraph-space\">La comodit\u00e0 del wireless \u00e8 un'altra pietra miliare della nostra gamma di prodotti. Il\u00a0<strong>Campanello intelligente wifi Tuya<\/strong>\u00a0e\u00a0<strong>Sicurezza domestica Smart WIFI Visual Door Phone<\/strong>\u00a0sfruttano la connettivit\u00e0 Wi-Fi per consentire agli utenti di mantenere il controllo, ovunque si trovino. Immaginate di essere bloccati nel traffico e di ricevere la notifica dell'arrivo di un addetto alla consegna dei pacchi: con questi dispositivi potete avviare immediatamente una\u00a0<strong>Conversazione a 2 vie<\/strong>\u00a0sessione, confermare la consegna e persino sbloccare la porta a distanza tramite lo smartphone. Questo livello di flessibilit\u00e0 ridefinisce\u00a0<strong>ingresso intelligente<\/strong>trasformando il vostro telefono in un potente strumento per gestire l'accesso alla vostra casa o edificio. Il nostro\u00a0<strong>campanello citofono<\/strong>\u00a0I modelli di questo tipo offrono invece una soluzione compatta e robusta per gli spazi pi\u00f9 piccoli, combinando la funzionalit\u00e0 di un apparecchio tradizionale con quella di un apparecchio da tavolo.\u00a0<strong>campanello dell'appartamento<\/strong>\u00a0con funzionalit\u00e0 di interfono, per non perdere mai pi\u00f9 un visitatore o una consegna.<\/div>\n<div class=\"container-Uxvbjy md-box-line-break wrapper-GYqxgQ undefined\"><\/div>\n<div class=\"auto-hide-last-sibling-br paragraph-pP9ZLC paragraph-element br-paragraph-space\">Oltre alla comunicazione, DRSECURE eccelle in\u00a0<strong>Ingresso senza chiave<\/strong>\u00a0e\u00a0<strong>sistemi di controllo degli accessi<\/strong>-eliminando il fastidio delle chiavi tradizionali e migliorando la sicurezza. I nostri sistemi supportano molteplici metodi di accesso per soddisfare le diverse esigenze:\u00a0<strong>Sblocco RFIC<\/strong>\u00a0consente agli utenti di entrare con una carta registrata o persino con il proprio smartphone (se abbinato alla funzionalit\u00e0 NFC), rendendolo ideale per i professionisti impegnati che non vogliono portare con s\u00e9 altre chiavi. Il\u00a0<strong>Blocco del citofono della telecamera<\/strong>\u00a0\u00e8 un elemento di spicco, che fonde la verifica visiva di un\u00a0<strong>Campanello con telecamera<\/strong>\u00a0con la sicurezza di una serratura senza chiave: gli utenti possono vedere chi \u00e8 alla porta e sbloccarla con un solo tocco, senza dover armeggiare con le chiavi. Per le propriet\u00e0 pi\u00f9 grandi, il nostro\u00a0<strong>Sistema di controllo degli accessi<\/strong>\u00a0offre una gestione centralizzata: i gestori delle propriet\u00e0 possono impostare PIN pubblici per le aree comuni, PIN per i residenti per le singole unit\u00e0 e PIN temporanei per gli ospiti o i fornitori di servizi, garantendo l'accesso solo al personale autorizzato. Il\u00a0<strong>Citofono apriporta<\/strong>\u00a0si integra perfettamente con questi sistemi, consentendo un ingresso rapido e sicuro per i residenti e il personale, mentre il nostro sistema di livello commerciale\u00a0<strong>sistemi di controllo degli accessi<\/strong>\u00a0sono costruiti per sopportare un traffico elevato, il che li rende perfetti per uffici o spazi commerciali.<\/div>\n<div class=\"container-Uxvbjy md-box-line-break wrapper-GYqxgQ undefined\"><\/div>\n<div class=\"auto-hide-last-sibling-br paragraph-pP9ZLC paragraph-element br-paragraph-space\">La durata \u00e8 un requisito imprescindibile per i sistemi di ingresso, ed \u00e8 per questo che diamo priorit\u00e0 al design robusto di ogni prodotto. Il\u00a0<strong>Campanello impermeabile da esterno<\/strong>\u00a0e\u00a0<strong>Campanello IP65 per villa<\/strong>\u00a0sono progettati per resistere alle condizioni atmosferiche pi\u00f9 difficili - pioggia battente, luce solare intensa e persino temperature rigide - senza compromettere le prestazioni. Questo li rende ideali per ville, villette a schiera o qualsiasi propriet\u00e0 con punti di accesso esterni che necessitano di una protezione affidabile per tutto l'anno. Il nostro\u00a0<strong>Citofoni<\/strong>\u00a0e\u00a0<strong>Telefoni intelligenti<\/strong>\u00a0sono inoltre caratterizzati da una struttura resistente, progettata per affrontare l'uso quotidiano in aree ad alto traffico come le hall degli appartamenti o le aree di ricevimento degli uffici. Per le aziende che desiderano aumentare la sicurezza dei beni di valore, le nostre\u00a0<strong>armadietto intelligente sicuro<\/strong>\u00a0sono un complemento perfetto: si integrano con i nostri sistemi di controllo degli accessi, consentendo ai dipendenti o ai clienti di accedere agli armadietti tramite schede RFIC o PIN, assicurando che gli oggetti di valore siano sempre al sicuro.<\/div>\n<div class=\"container-Uxvbjy md-box-line-break wrapper-GYqxgQ undefined\"><\/div>\n<div class=\"auto-hide-last-sibling-br paragraph-pP9ZLC paragraph-element br-paragraph-space\">Tutti i prodotti della nostra linea, dal modello base al\u00a0<strong>Kit videocitofonico<\/strong>\u00a0all'avanzato\u00a0<strong>Sistema di campanello a 7 pollici con videocitofono AHD<\/strong>-segue la promessa di qualit\u00e0 e innovazione di DRSECURE. Non ci limitiamo a vendere prodotti di sicurezza, ma offriamo la pace della mente. Che si tratti di un proprietario di casa che vuole proteggere la propria famiglia, di un gestore di immobili che deve semplificare l'accesso a centinaia di residenti o di un imprenditore che vuole mettere in sicurezza i propri locali, le nostre soluzioni sono progettate per adattarsi alle vostre esigenze. Con DRSECURE non investite solo in un sistema di sicurezza.\u00a0<strong>campanello<\/strong>\u00a0o un citofono, state investendo in un modo pi\u00f9 intelligente e sicuro di gestire l'ingresso e la comunicazione.<\/div>\n<div class=\"container-Uxvbjy md-box-line-break wrapper-GYqxgQ undefined\"><\/div>\n<div class=\"auto-hide-last-sibling-br paragraph-pP9ZLC paragraph-element br-paragraph-space\">Passate oggi stesso a DRSECURE e sperimentate il futuro della sicurezza. Dalla chiarezza cristallina\u00a0<strong>videocitofono<\/strong>\u00a0conversazioni senza problemi\u00a0<strong>Ingresso senza chiave<\/strong>I nostri prodotti trasformano i normali punti di accesso in hub intelligenti e sicuri che lavorano per voi. Unisciti a migliaia di clienti soddisfatti in tutto il mondo che si affidano a DRSECURE per mantenere al sicuro le loro case, appartamenti e aziende, perch\u00e9 quando si tratta di sicurezza, il compromesso non \u00e8 un'opzione.<\/div>","protected":false},"excerpt":{"rendered":"<p>SIP INTERCOM DRSECURE: Redefine Home &amp; Property Security with Top-Tier Smart Intercom &amp; Access Control Solutions In an era where [&hellip;]<\/p>","protected":false},"author":1,"featured_media":9466,"parent":0,"menu_order":0,"comment_status":"closed","ping_status":"closed","template":"","meta":{"site-sidebar-layout":"default","site-content-layout":"","ast-site-content-layout":"default","site-content-style":"default","site-sidebar-style":"default","ast-global-header-display":"","ast-banner-title-visibility":"","ast-main-header-display":"","ast-hfb-above-header-display":"","ast-hfb-below-header-display":"","ast-hfb-mobile-header-display":"","site-post-title":"","ast-breadcrumbs-content":"","ast-featured-img":"","footer-sml-layout":"","theme-transparent-header-meta":"default","adv-header-id-meta":"","stick-header-meta":"default","header-above-stick-meta":"","header-main-stick-meta":"","header-below-stick-meta":"","astra-migrate-meta-layouts":"set","ast-page-background-enabled":"default","ast-page-background-meta":{"desktop":{"background-color":"","background-image":"","background-repeat":"repeat","background-position":"center center","background-size":"auto","background-attachment":"scroll","background-type":"","background-media":"","overlay-type":"","overlay-color":"","overlay-opacity":"","overlay-gradient":""},"tablet":{"background-color":"","background-image":"","background-repeat":"repeat","background-position":"center center","background-size":"auto","background-attachment":"scroll","background-type":"","background-media":"","overlay-type":"","overlay-color":"","overlay-opacity":"","overlay-gradient":""},"mobile":{"background-color":"","background-image":"","background-repeat":"repeat","background-position":"center center","background-size":"auto","background-attachment":"scroll","background-type":"","background-media":"","overlay-type":"","overlay-color":"","overlay-opacity":"","overlay-gradient":""}},"ast-content-background-meta":{"desktop":{"background-color":"var(--ast-global-color-5)","background-image":"","background-repeat":"repeat","background-position":"center center","background-size":"auto","background-attachment":"scroll","background-type":"","background-media":"","overlay-type":"","overlay-color":"","overlay-opacity":"","overlay-gradient":""},"tablet":{"background-color":"var(--ast-global-color-5)","background-image":"","background-repeat":"repeat","background-position":"center center","background-size":"auto","background-attachment":"scroll","background-type":"","background-media":"","overlay-type":"","overlay-color":"","overlay-opacity":"","overlay-gradient":""},"mobile":{"background-color":"var(--ast-global-color-5)","background-image":"","background-repeat":"repeat","background-position":"center center","background-size":"auto","background-attachment":"scroll","background-type":"","background-media":"","overlay-type":"","overlay-color":"","overlay-opacity":"","overlay-gradient":""}},"footnotes":""},"class_list":["post-9465","page","type-page","status-publish","has-post-thumbnail","hentry"],"_links":{"self":[{"href":"https:\/\/securehubtec.com\/it\/wp-json\/wp\/v2\/pages\/9465","targetHints":{"allow":["GET"]}}],"collection":[{"href":"https:\/\/securehubtec.com\/it\/wp-json\/wp\/v2\/pages"}],"about":[{"href":"https:\/\/securehubtec.com\/it\/wp-json\/wp\/v2\/types\/page"}],"author":[{"embeddable":true,"href":"https:\/\/securehubtec.com\/it\/wp-json\/wp\/v2\/users\/1"}],"replies":[{"embeddable":true,"href":"https:\/\/securehubtec.com\/it\/wp-json\/wp\/v2\/comments?post=9465"}],"version-history":[{"count":1,"href":"https:\/\/securehubtec.com\/it\/wp-json\/wp\/v2\/pages\/9465\/revisions"}],"predecessor-version":[{"id":9469,"href":"https:\/\/securehubtec.com\/it\/wp-json\/wp\/v2\/pages\/9465\/revisions\/9469"}],"wp:featuredmedia":[{"embeddable":true,"href":"https:\/\/securehubtec.com\/it\/wp-json\/wp\/v2\/media\/9466"}],"wp:attachment":[{"href":"https:\/\/securehubtec.com\/it\/wp-json\/wp\/v2\/media?parent=9465"}],"curies":[{"name":"wp","href":"https:\/\/api.w.org\/{rel}","templated":true}]}}