{"id":9436,"date":"2025-10-02T00:38:05","date_gmt":"2025-10-01T16:38:05","guid":{"rendered":"https:\/\/securehubtec.com\/?page_id=9436"},"modified":"2025-10-02T00:59:45","modified_gmt":"2025-10-01T16:59:45","slug":"sip-intercom-works-with-tuya-2","status":"publish","type":"page","link":"https:\/\/securehubtec.com\/it\/sip-intercom-works-with-tuya-2\/","title":{"rendered":"Il citofono SIP funziona con TUYA"},"content":{"rendered":"<p>Vi presentiamo il nostro sistema di accesso intelligente all'avanguardia! Rivoluziona il modo di entrare in casa o nell'edificio. Con il riconoscimento facciale, il vostro volto \u00e8 la chiave. Questa tecnologia biometrica utilizza algoritmi avanzati di visione computerizzata per catturare, rilevare e abbinare i tratti del viso per una verifica perfetta dell'identit\u00e0. Non \u00e8 pi\u00f9 necessario armeggiare con le chiavi: basta guardare il dispositivo e la porta si apre.<br \/>\n<img fetchpriority=\"high\" decoding=\"async\" class=\"aligncenter size-full wp-image-9438\" src=\"https:\/\/securehubtec.com\/wp-content\/uploads\/2025\/10\/Smart-Video-Intercom-l-1.jpg\" alt=\"\" width=\"1200\" height=\"723\" srcset=\"https:\/\/securehubtec.com\/wp-content\/uploads\/2025\/10\/Smart-Video-Intercom-l-1.jpg 1200w, https:\/\/securehubtec.com\/wp-content\/uploads\/2025\/10\/Smart-Video-Intercom-l-1-300x181.jpg 300w, https:\/\/securehubtec.com\/wp-content\/uploads\/2025\/10\/Smart-Video-Intercom-l-1-1024x617.jpg 1024w, https:\/\/securehubtec.com\/wp-content\/uploads\/2025\/10\/Smart-Video-Intercom-l-1-768x463.jpg 768w, https:\/\/securehubtec.com\/wp-content\/uploads\/2025\/10\/Smart-Video-Intercom-l-1-18x12.jpg 18w, https:\/\/securehubtec.com\/wp-content\/uploads\/2025\/10\/Smart-Video-Intercom-l-1-600x362.jpg 600w\" sizes=\"(max-width: 1200px) 100vw, 1200px\" \/><\/p>\n<p>Il controllo vocale aggiunge un ulteriore livello di comodit\u00e0. Quando si torna a casa, basta dire \"Ehi Siri, apri la porta\". Non \u00e8 necessario sbloccare il telefono. La porta si apre rapidamente quando ci si avvicina, rendendo l'ingresso intelligente e senza sforzo. Inoltre, i codici PIN offrono flessibilit\u00e0: PIN pubblici, residenti e temporanei consentono di gestire facilmente l'accesso di utenti diversi.<\/p>\n<p><img decoding=\"async\" class=\"aligncenter size-full wp-image-9439 lazyload\" data-src=\"https:\/\/securehubtec.com\/wp-content\/uploads\/2025\/10\/Smart-Video-Intercom-m.jpg\" alt=\"\" width=\"1200\" height=\"792\" data-srcset=\"https:\/\/securehubtec.com\/wp-content\/uploads\/2025\/10\/Smart-Video-Intercom-m.jpg 1200w, https:\/\/securehubtec.com\/wp-content\/uploads\/2025\/10\/Smart-Video-Intercom-m-300x198.jpg 300w, https:\/\/securehubtec.com\/wp-content\/uploads\/2025\/10\/Smart-Video-Intercom-m-1024x676.jpg 1024w, https:\/\/securehubtec.com\/wp-content\/uploads\/2025\/10\/Smart-Video-Intercom-m-768x507.jpg 768w, https:\/\/securehubtec.com\/wp-content\/uploads\/2025\/10\/Smart-Video-Intercom-m-18x12.jpg 18w, https:\/\/securehubtec.com\/wp-content\/uploads\/2025\/10\/Smart-Video-Intercom-m-600x396.jpg 600w\" data-sizes=\"(max-width: 1200px) 100vw, 1200px\" src=\"data:image\/svg+xml;base64,PHN2ZyB3aWR0aD0iMSIgaGVpZ2h0PSIxIiB4bWxucz0iaHR0cDovL3d3dy53My5vcmcvMjAwMC9zdmciPjwvc3ZnPg==\" style=\"--smush-placeholder-width: 1200px; --smush-placeholder-aspect-ratio: 1200\/792;\" \/>Anche la tecnologia NFC svolge un ruolo importante. Attivate la funzione NFC del vostro telefono e registratevi come carta utente. Il telefono diventa cos\u00ec una chiave portatile. E per l'accesso remoto, il vostro telefono \u00e8 tutto ci\u00f2 che vi serve. Ovunque vi troviate, potrete effettuare una videochiamata con i visitatori tramite la nostra app e aprire la porta a distanza, assicurandovi comodit\u00e0 e tranquillit\u00e0,Il citofono SIP funziona con TUYA.<br \/>\n<img decoding=\"async\" class=\"aligncenter size-full wp-image-9440 lazyload\" data-src=\"https:\/\/securehubtec.com\/wp-content\/uploads\/2025\/10\/Smart-Video-Intercom-n.jpg\" alt=\"\" width=\"1200\" height=\"975\" data-srcset=\"https:\/\/securehubtec.com\/wp-content\/uploads\/2025\/10\/Smart-Video-Intercom-n.jpg 1200w, https:\/\/securehubtec.com\/wp-content\/uploads\/2025\/10\/Smart-Video-Intercom-n-300x244.jpg 300w, https:\/\/securehubtec.com\/wp-content\/uploads\/2025\/10\/Smart-Video-Intercom-n-1024x832.jpg 1024w, https:\/\/securehubtec.com\/wp-content\/uploads\/2025\/10\/Smart-Video-Intercom-n-768x624.jpg 768w, https:\/\/securehubtec.com\/wp-content\/uploads\/2025\/10\/Smart-Video-Intercom-n-15x12.jpg 15w, https:\/\/securehubtec.com\/wp-content\/uploads\/2025\/10\/Smart-Video-Intercom-n-600x488.jpg 600w\" data-sizes=\"(max-width: 1200px) 100vw, 1200px\" src=\"data:image\/svg+xml;base64,PHN2ZyB3aWR0aD0iMSIgaGVpZ2h0PSIxIiB4bWxucz0iaHR0cDovL3d3dy53My5vcmcvMjAwMC9zdmciPjwvc3ZnPg==\" style=\"--smush-placeholder-width: 1200px; --smush-placeholder-aspect-ratio: 1200\/975;\" \/><br \/>\nIl nostro sistema \u00e8 altamente personalizzabile per soddisfare diverse esigenze. \u00c8 possibile personalizzare l'immagine di sfondo, gli annunci delle camere, la lingua, l'interfaccia utente, le funzioni e persino l'hardware. \u00c8 perfetto anche per gli hotel, con la possibilit\u00e0 di visualizzare immagini pubblicitarie. Elevate la vostra esperienza di accesso con il nostro sistema di accesso intelligente oggi, il citofono SIP funziona con TUYA!<\/p>\n<h1 class=\"header-iWP5WJ auto-hide-last-sibling-br\">Rivoluzionate la vostra esperienza di ingresso con le nostre soluzioni intelligenti di interfono e controllo accessi<\/h1>\n<div class=\"container-Uxvbjy md-box-line-break wrapper-GYqxgQ undefined\"><\/div>\n<div class=\"auto-hide-last-sibling-br paragraph-pP9ZLC paragraph-element br-paragraph-space\">Nel mondo di oggi, caratterizzato da ritmi frenetici, l'importanza della sicurezza e della convenienza dei sistemi di ingresso non pu\u00f2 essere sopravvalutata. Che si tratti di appartamenti, complessi di ville o edifici commerciali, la nostra vasta gamma di citofoni intelligenti e prodotti per il controllo degli accessi \u00e8 pensata per soddisfare e superare le vostre aspettative.<\/div>\n<div class=\"container-Uxvbjy md-box-line-break wrapper-GYqxgQ undefined\"><\/div>\n<div class=\"auto-hide-last-sibling-br paragraph-pP9ZLC paragraph-element br-paragraph-space\">Il nostro\u00a0<strong>Citofono intelligente<\/strong>\u00a0serie, che comprende opzioni come il\u00a0<strong>Citofono intelligente per appartamento<\/strong>\u00a0e\u00a0<strong>Citofono intelligente per condomini<\/strong>eleva la comunicazione e la sicurezza dei residenti a nuovi livelli. Dotato di funzioni come la conversazione bidirezionale (che facilita le conversazioni intercomunicanti) e le funzionalit\u00e0 video (come quelle viste in\u00a0<strong>telecamera per campanello<\/strong>,\u00a0<strong>videocitofono<\/strong>, e\u00a0<strong>Videocitofono intelligente<\/strong>), i residenti possono verificare facilmente i visitatori prima di consentire l'accesso. Il\u00a0<strong>Videocitofono cablato da 7 pollici<\/strong>\u00a0e\u00a0<strong>Videocitofono da 10,1 pollici al miglior prezzo<\/strong>\u00a0vantano interfacce visive chiare, per non perdere nessun dettaglio. Per chi desidera la comodit\u00e0 del wireless, il\u00a0<strong>Campanello intelligente wifi Tuya<\/strong>\u00a0e\u00a0<strong>Sicurezza domestica Smart WIFI Visual Door Phone<\/strong>\u00a0consentono l'interazione a distanza tramite smartphone, permettendo agli utenti di comunicare con i visitatori e di gestire gli accessi da qualsiasi luogo.<\/div>\n<div class=\"container-Uxvbjy md-box-line-break wrapper-GYqxgQ undefined\"><\/div>\n<div class=\"auto-hide-last-sibling-br paragraph-pP9ZLC paragraph-element br-paragraph-space\">Addio alle chiavi tradizionali con le nostre\u00a0<strong>Ingresso senza chiave<\/strong>\u00a0soluzioni. I nostri sistemi supportano pi\u00f9 metodi di accesso per adattarsi a preferenze e scenari diversi.\u00a0<strong>Sblocco RFIC<\/strong>\u00a0consente un accesso rapido con le carte registrate e, quando si attiva la funzione NFC sul telefono, questo si trasforma in una chiave, simile a una\u00a0<strong>Smart Card<\/strong>\u00a0soluzione. Per coloro che preferiscono la biometria, i nostri sistemi avanzati possono integrare il riconoscimento facciale, dove il vostro volto funge da chiave, sfruttando algoritmi di visione computerizzata all'avanguardia per una precisa verifica dell'identit\u00e0. Sono disponibili anche codici PIN, con opzioni per PIN pubblici, residenti e temporanei per gestire in modo flessibile l'accesso, il tutto nell'ambito della nostra solida soluzione.\u00a0<strong>sistemi di controllo degli accessi<\/strong>.<\/div>\n<div class=\"container-Uxvbjy md-box-line-break wrapper-GYqxgQ undefined\"><\/div>\n<div class=\"auto-hide-last-sibling-br paragraph-pP9ZLC paragraph-element br-paragraph-space\">Siamo consapevoli che i sistemi di ingresso devono resistere a diverse condizioni ambientali. Il nostro\u00a0<strong>Campanello impermeabile da esterno<\/strong>\u00a0e\u00a0<strong>Campanello IP65 per villa<\/strong>\u00a0sono costruiti per resistere alle intemperie, garantendo prestazioni affidabili in caso di pioggia, neve o luce solare intensa. Sia che si tratti di un appartamento accogliente con un\u00a0<strong>Telecamera per campanello familiare per appartamento<\/strong>\u00a0o una villa di lusso con un\u00a0<strong>Sistema videocitofonico IP<\/strong>I nostri prodotti si integrano perfettamente in qualsiasi ambiente e garantiscono una sicurezza di alto livello.<\/div>\n<div class=\"container-Uxvbjy md-box-line-break wrapper-GYqxgQ undefined\"><\/div>\n<div class=\"auto-hide-last-sibling-br paragraph-pP9ZLC paragraph-element br-paragraph-space\">Da\u00a0<strong>Citofoni<\/strong>\u00a0e\u00a0<strong>Telefoni intelligenti<\/strong>\u00a0a\u00a0<strong>Kit videocitofonico<\/strong>\u00a0e\u00a0<strong>Sistema di campanello a 7 pollici con videocitofono AHD<\/strong>Offriamo un'ampia selezione di prodotti per soddisfare le diverse esigenze. Il nostro\u00a0<strong>Sistema di controllo degli accessi<\/strong>\u00a0e\u00a0<strong>Citofono apriporta<\/strong>\u00a0forniscono una gestione centralizzata per le propriet\u00e0 pi\u00f9 grandi, garantendo un accesso efficiente e sicuro a tutti i residenti e al personale autorizzato. Per le aziende, i nostri\u00a0<strong>armadietto intelligente sicuro<\/strong>\u00a0Le soluzioni si integrano con il controllo degli accessi, aggiungendo un ulteriore livello di sicurezza per gli oggetti di valore. Marchi come\u00a0<strong>DRSECURE<\/strong>\u00a0rappresentano qualit\u00e0 e innovazione, garantendo che i nostri prodotti siano all'avanguardia della tecnologia.<\/div>\n<div class=\"container-Uxvbjy md-box-line-break wrapper-GYqxgQ undefined\"><\/div>\n<div class=\"auto-hide-last-sibling-br paragraph-pP9ZLC paragraph-element br-paragraph-space\">In conclusione, i nostri citofoni intelligenti e i nostri prodotti per il controllo degli accessi non servono solo ad aprire le porte, ma a creare un'esperienza di ingresso intelligente, sicura e senza soluzione di continuit\u00e0. Che siate proprietari di case, amministratori di immobili o imprenditori, le nostre soluzioni offrono la combinazione ideale di comodit\u00e0, sicurezza e personalizzazione. Passate oggi stesso ai nostri sistemi di ingresso intelligenti per entrare in un futuro in cui l'accesso \u00e8 senza sforzo e la sicurezza \u00e8 senza compromessi.<\/div>","protected":false},"excerpt":{"rendered":"<p>Introducing our cutting &#8211; edge smart door access system! It revolutionizes how you enter your home or building. With face [&hellip;]<\/p>","protected":false},"author":1,"featured_media":9437,"parent":0,"menu_order":0,"comment_status":"closed","ping_status":"closed","template":"","meta":{"site-sidebar-layout":"default","site-content-layout":"","ast-site-content-layout":"default","site-content-style":"default","site-sidebar-style":"default","ast-global-header-display":"","ast-banner-title-visibility":"","ast-main-header-display":"","ast-hfb-above-header-display":"","ast-hfb-below-header-display":"","ast-hfb-mobile-header-display":"","site-post-title":"","ast-breadcrumbs-content":"","ast-featured-img":"","footer-sml-layout":"","theme-transparent-header-meta":"default","adv-header-id-meta":"","stick-header-meta":"default","header-above-stick-meta":"","header-main-stick-meta":"","header-below-stick-meta":"","astra-migrate-meta-layouts":"set","ast-page-background-enabled":"default","ast-page-background-meta":{"desktop":{"background-color":"","background-image":"","background-repeat":"repeat","background-position":"center center","background-size":"auto","background-attachment":"scroll","background-type":"","background-media":"","overlay-type":"","overlay-color":"","overlay-opacity":"","overlay-gradient":""},"tablet":{"background-color":"","background-image":"","background-repeat":"repeat","background-position":"center center","background-size":"auto","background-attachment":"scroll","background-type":"","background-media":"","overlay-type":"","overlay-color":"","overlay-opacity":"","overlay-gradient":""},"mobile":{"background-color":"","background-image":"","background-repeat":"repeat","background-position":"center center","background-size":"auto","background-attachment":"scroll","background-type":"","background-media":"","overlay-type":"","overlay-color":"","overlay-opacity":"","overlay-gradient":""}},"ast-content-background-meta":{"desktop":{"background-color":"var(--ast-global-color-5)","background-image":"","background-repeat":"repeat","background-position":"center center","background-size":"auto","background-attachment":"scroll","background-type":"","background-media":"","overlay-type":"","overlay-color":"","overlay-opacity":"","overlay-gradient":""},"tablet":{"background-color":"var(--ast-global-color-5)","background-image":"","background-repeat":"repeat","background-position":"center center","background-size":"auto","background-attachment":"scroll","background-type":"","background-media":"","overlay-type":"","overlay-color":"","overlay-opacity":"","overlay-gradient":""},"mobile":{"background-color":"var(--ast-global-color-5)","background-image":"","background-repeat":"repeat","background-position":"center center","background-size":"auto","background-attachment":"scroll","background-type":"","background-media":"","overlay-type":"","overlay-color":"","overlay-opacity":"","overlay-gradient":""}},"footnotes":""},"class_list":["post-9436","page","type-page","status-publish","has-post-thumbnail","hentry"],"_links":{"self":[{"href":"https:\/\/securehubtec.com\/it\/wp-json\/wp\/v2\/pages\/9436","targetHints":{"allow":["GET"]}}],"collection":[{"href":"https:\/\/securehubtec.com\/it\/wp-json\/wp\/v2\/pages"}],"about":[{"href":"https:\/\/securehubtec.com\/it\/wp-json\/wp\/v2\/types\/page"}],"author":[{"embeddable":true,"href":"https:\/\/securehubtec.com\/it\/wp-json\/wp\/v2\/users\/1"}],"replies":[{"embeddable":true,"href":"https:\/\/securehubtec.com\/it\/wp-json\/wp\/v2\/comments?post=9436"}],"version-history":[{"count":4,"href":"https:\/\/securehubtec.com\/it\/wp-json\/wp\/v2\/pages\/9436\/revisions"}],"predecessor-version":[{"id":9445,"href":"https:\/\/securehubtec.com\/it\/wp-json\/wp\/v2\/pages\/9436\/revisions\/9445"}],"wp:featuredmedia":[{"embeddable":true,"href":"https:\/\/securehubtec.com\/it\/wp-json\/wp\/v2\/media\/9437"}],"wp:attachment":[{"href":"https:\/\/securehubtec.com\/it\/wp-json\/wp\/v2\/media?parent=9436"}],"curies":[{"name":"wp","href":"https:\/\/api.w.org\/{rel}","templated":true}]}}