{"id":9423,"date":"2025-10-01T23:48:52","date_gmt":"2025-10-01T15:48:52","guid":{"rendered":"https:\/\/securehubtec.com\/?page_id=9423"},"modified":"2025-10-01T23:50:14","modified_gmt":"2025-10-01T15:50:14","slug":"smart-apartment-solution","status":"publish","type":"page","link":"https:\/\/securehubtec.com\/it\/smart-apartment-solution\/","title":{"rendered":"Soluzione per appartamenti intelligenti"},"content":{"rendered":"<p><em><strong>Richiede una connessione a Internet per funzionare <\/strong><\/em><\/p>\n<p><strong><span style=\"color: #ffcc00;\">Casa Tuya<\/span>\u00a0<\/strong> \u00a0 \u00a0 \u00a0Consente ai visitatori di chiamare l'app Tuya di diverse famiglie. (supporta fino a 1000 famiglie) <strong><span style=\"color: #ffcc00;\">Kit casa Apple\u00a0<\/span><\/strong> \u00a0 \u00a0 \u00a0Ehi Siri per aprire la porta<\/p>\n<p><em><strong>Lavorare senza internet <\/strong><\/em><\/p>\n<p><strong><span style=\"color: #ffcc00;\">Monitor di sicurezza\u00a0<\/span><\/strong> \u00a0 \u00a0 \u00a0 \u00a0 \u00a0 Utilizzato come monitor per scopi di sorveglianza, di solito visualizza i filmati di sorveglianza in tempo reale in 4 schermate separate, fino a 16 telecamere IP<\/p>\n<p><strong><span style=\"color: #ffcc00;\">Un solo tocco per chiamare\u00a0<\/span> <\/strong>\u00a0 \u00a0 \u00a0 \u00a0 \u00a0<span style=\"font-size: 16px;\">Offre ai visitatori un'esperienza d'uso eccellente <\/span><\/p>\n<p><span style=\"font-size: 16px;\"><strong><span style=\"color: #ffcc00;\">Citofono\u00a0<\/span><\/strong> \u00a0 \u00a0 \u00a0 \u00a0 \u00a0 Citofono a 2 vie voce\/video. Da monitor a stazione, da monitor a monitor, da stazione a stazione<\/span><\/p>\n<p><span style=\"font-size: 16px;\"><strong><span style=\"color: #ffcc00;\">Accesso<\/span>\u00a0<\/strong> \u00a0 \u00a0 \u00a0 \u00a0 Passare la carta IC\/NFC\/PIN\/monitor interno\/applicazione smart per sbloccare la porta. <\/span><\/p>\n<p><strong><span style=\"font-size: 16px; color: #ffcc00;\">Pubblicit\u00e0 Visualizzazione del ciclo attraverso annunci di immagini o video<\/span><\/strong><\/p>\n<p><img fetchpriority=\"high\" decoding=\"async\" class=\"aligncenter size-full wp-image-9425\" src=\"https:\/\/securehubtec.com\/wp-content\/uploads\/2025\/10\/Smart-Video-Intercom-j-1.jpg\" alt=\"\" width=\"1100\" height=\"737\" srcset=\"https:\/\/securehubtec.com\/wp-content\/uploads\/2025\/10\/Smart-Video-Intercom-j-1.jpg 1100w, https:\/\/securehubtec.com\/wp-content\/uploads\/2025\/10\/Smart-Video-Intercom-j-1-300x201.jpg 300w, https:\/\/securehubtec.com\/wp-content\/uploads\/2025\/10\/Smart-Video-Intercom-j-1-1024x686.jpg 1024w, https:\/\/securehubtec.com\/wp-content\/uploads\/2025\/10\/Smart-Video-Intercom-j-1-768x515.jpg 768w, https:\/\/securehubtec.com\/wp-content\/uploads\/2025\/10\/Smart-Video-Intercom-j-1-18x12.jpg 18w, https:\/\/securehubtec.com\/wp-content\/uploads\/2025\/10\/Smart-Video-Intercom-j-1-600x402.jpg 600w\" sizes=\"(max-width: 1100px) 100vw, 1100px\" \/><\/p>\n<ol class=\"auto-hide-last-sibling-br\">\n<li>\n<div class=\"auto-hide-last-sibling-br paragraph-pP9ZLC paragraph-element br-paragraph-space\">Vi presentiamo il nostro\u00a0<strong>Soluzione per appartamenti intelligenti<\/strong>-un'innovazione per gli edifici multi-unit\u00e0 che bilancia connettivit\u00e0 e funzionalit\u00e0. Quando \u00e8 collegato a Internet, si integra perfettamente con\u00a0<strong>Casa Tuya<\/strong>\u00a0e\u00a0<strong>Kit casa Apple<\/strong>: L'ecosistema Tuya consente ai visitatori di chiamare l'app Tuya di un massimo di 1000 famiglie, assicurando che nessun residente si perda un visitatore, mentre gli utenti Apple possono semplicemente dire \"Ehi Siri per aprire la porta\" per un accesso a mani libere. Oltre al controllo vocale, supporta diversi metodi di sblocco: strisciare la IC Card, utilizzare l'NFC, inserire un PIN, toccare il monitor interno o operare tramite l'app intelligente, per soddisfare le preferenze di tutti i residenti e rendere l'ingresso rapido e senza problemi.<\/div>\n<\/li>\n<li>\n<div class=\"auto-hide-last-sibling-br paragraph-pP9ZLC paragraph-element br-paragraph-space\">Ci\u00f2 che contraddistingue questa soluzione \u00e8 la sua affidabilit\u00e0\u00a0<strong>Lavorare senza internet<\/strong>\u00a0anche. Il sistema integrato\u00a0<strong>Monitor di sicurezza<\/strong>\u00a0si trasforma in un potente hub di sorveglianza: visualizza i filmati in tempo reale su uno schermo a 4 sezioni e supporta fino a 16 telecamere IP, coprendo ogni angolo del complesso residenziale, dagli atri ai corridoi. Anche offline, il\u00a0<strong>Citofono a 2 vie voce\/video<\/strong>\u00a0funziona perfettamente: la comunicazione da monitor a stazione, da monitor a monitor e da stazione a stazione mantiene in contatto residenti, personale e visitatori. Inoltre, il\u00a0<strong>Un solo tocco per chiamare<\/strong>\u00a0offre ai visitatori un'esperienza intuitiva, eliminando la confusione e semplificando le interazioni con i residenti.<\/div>\n<\/li>\n<li>\n<div class=\"auto-hide-last-sibling-br paragraph-pP9ZLC paragraph-element br-paragraph-space\">Questa soluzione non \u00e8 solo una questione di sicurezza, ma aggiunge anche un valore pratico per i gestori di immobili. Il\u00a0<strong>Display pubblicitario<\/strong>\u00a0La funzione di monitoraggio interno \u00e8 in grado di visualizzare ciclicamente immagini o video pubblicitari, trasformando il monitor interno in uno strumento di generazione di reddito e condividendo al contempo informazioni utili (come gli avvisi della comunit\u00e0) con i residenti. Sia online che offline, si adatta alle esigenze dei grandi condomini: supporta 1000 famiglie, offre un accesso flessibile e garantisce una sorveglianza 24\/7. Per gli sviluppatori e i gestori di immobili che desiderano migliorare l'esperienza dei residenti e l'efficienza operativa, la nostra soluzione Smart Apartment \u00e8 la risposta completa che unisce tecnologia intelligente, affidabilit\u00e0 e versatilit\u00e0.<\/div>\n<\/li>\n<\/ol>","protected":false},"excerpt":{"rendered":"<p>Requires an Internet connection to work Tuya Home\u00a0 \u00a0 \u00a0 \u00a0Allows visitors to call Tuya app of different households. (supporting [&hellip;]<\/p>","protected":false},"author":1,"featured_media":9424,"parent":0,"menu_order":0,"comment_status":"closed","ping_status":"closed","template":"","meta":{"site-sidebar-layout":"default","site-content-layout":"","ast-site-content-layout":"default","site-content-style":"default","site-sidebar-style":"default","ast-global-header-display":"","ast-banner-title-visibility":"","ast-main-header-display":"","ast-hfb-above-header-display":"","ast-hfb-below-header-display":"","ast-hfb-mobile-header-display":"","site-post-title":"","ast-breadcrumbs-content":"","ast-featured-img":"","footer-sml-layout":"","theme-transparent-header-meta":"default","adv-header-id-meta":"","stick-header-meta":"default","header-above-stick-meta":"","header-main-stick-meta":"","header-below-stick-meta":"","astra-migrate-meta-layouts":"set","ast-page-background-enabled":"default","ast-page-background-meta":{"desktop":{"background-color":"","background-image":"","background-repeat":"repeat","background-position":"center center","background-size":"auto","background-attachment":"scroll","background-type":"","background-media":"","overlay-type":"","overlay-color":"","overlay-opacity":"","overlay-gradient":""},"tablet":{"background-color":"","background-image":"","background-repeat":"repeat","background-position":"center center","background-size":"auto","background-attachment":"scroll","background-type":"","background-media":"","overlay-type":"","overlay-color":"","overlay-opacity":"","overlay-gradient":""},"mobile":{"background-color":"","background-image":"","background-repeat":"repeat","background-position":"center center","background-size":"auto","background-attachment":"scroll","background-type":"","background-media":"","overlay-type":"","overlay-color":"","overlay-opacity":"","overlay-gradient":""}},"ast-content-background-meta":{"desktop":{"background-color":"var(--ast-global-color-5)","background-image":"","background-repeat":"repeat","background-position":"center center","background-size":"auto","background-attachment":"scroll","background-type":"","background-media":"","overlay-type":"","overlay-color":"","overlay-opacity":"","overlay-gradient":""},"tablet":{"background-color":"var(--ast-global-color-5)","background-image":"","background-repeat":"repeat","background-position":"center center","background-size":"auto","background-attachment":"scroll","background-type":"","background-media":"","overlay-type":"","overlay-color":"","overlay-opacity":"","overlay-gradient":""},"mobile":{"background-color":"var(--ast-global-color-5)","background-image":"","background-repeat":"repeat","background-position":"center center","background-size":"auto","background-attachment":"scroll","background-type":"","background-media":"","overlay-type":"","overlay-color":"","overlay-opacity":"","overlay-gradient":""}},"footnotes":""},"class_list":["post-9423","page","type-page","status-publish","has-post-thumbnail","hentry"],"_links":{"self":[{"href":"https:\/\/securehubtec.com\/it\/wp-json\/wp\/v2\/pages\/9423","targetHints":{"allow":["GET"]}}],"collection":[{"href":"https:\/\/securehubtec.com\/it\/wp-json\/wp\/v2\/pages"}],"about":[{"href":"https:\/\/securehubtec.com\/it\/wp-json\/wp\/v2\/types\/page"}],"author":[{"embeddable":true,"href":"https:\/\/securehubtec.com\/it\/wp-json\/wp\/v2\/users\/1"}],"replies":[{"embeddable":true,"href":"https:\/\/securehubtec.com\/it\/wp-json\/wp\/v2\/comments?post=9423"}],"version-history":[{"count":2,"href":"https:\/\/securehubtec.com\/it\/wp-json\/wp\/v2\/pages\/9423\/revisions"}],"predecessor-version":[{"id":9428,"href":"https:\/\/securehubtec.com\/it\/wp-json\/wp\/v2\/pages\/9423\/revisions\/9428"}],"wp:featuredmedia":[{"embeddable":true,"href":"https:\/\/securehubtec.com\/it\/wp-json\/wp\/v2\/media\/9424"}],"wp:attachment":[{"href":"https:\/\/securehubtec.com\/it\/wp-json\/wp\/v2\/media?parent=9423"}],"curies":[{"name":"wp","href":"https:\/\/api.w.org\/{rel}","templated":true}]}}