{"id":9585,"date":"2025-10-13T17:18:32","date_gmt":"2025-10-13T15:18:32","guid":{"rendered":"https:\/\/securehubtec.com\/?post_type=product&#038;p=9585"},"modified":"2025-10-13T17:36:56","modified_gmt":"2025-10-13T15:36:56","slug":"management-unit","status":"publish","type":"product","link":"https:\/\/securehubtec.com\/fr\/produit\/management-unit\/","title":{"rendered":"Unit\u00e9 de gestion"},"content":{"rendered":"<p data-rm-block-id=\"block-1\"><strong><span style=\"color: #ffcc00;\">Unit\u00e9 de gestion (Interphone vid\u00e9o T\u00e9l\u00e9phone de porte Sonnette de porte)<\/span><\/strong><br \/>\nPlus qu'une sonnette, c'est votre gardien de s\u00e9curit\u00e9 24h\/24 et 7j\/7. Dans le domaine de la s\u00e9curit\u00e9 intelligente, DRSECURE propose des solutions innovantes, fiables et centr\u00e9es sur l'utilisateur pour les maisons, les appartements et les espaces commerciaux. En tant que fabricant professionnel d'interphones intelligents, nous offrons une large gamme de produits couvrant les besoins modernes en mati\u00e8re de s\u00e9curit\u00e9 - contr\u00f4le d'entr\u00e9e, communication en temps r\u00e9el - afin de r\u00e9pondre aux demandes des clients \u00e9trangers. Pour les distributeurs, les promoteurs immobiliers ou les propri\u00e9taires, DRSECURE apporte des d\u00e9cennies d'expertise. Notre marque est synonyme de durabilit\u00e9, de technologie de pointe et de conformit\u00e9 aux normes internationales, ce qui fait de nous le premier choix des clients soucieux de leur s\u00e9curit\u00e9 (unit\u00e9 de gestion).<br \/>\n<img fetchpriority=\"high\" decoding=\"async\" class=\"aligncenter wp-image-9431 size-full\" src=\"https:\/\/securehubtec.com\/wp-content\/uploads\/2025\/10\/Smart-Video-Intercom-k-1.jpg\" alt=\"Management Unit\" width=\"1100\" height=\"809\" srcset=\"https:\/\/securehubtec.com\/wp-content\/uploads\/2025\/10\/Smart-Video-Intercom-k-1.jpg 1100w, https:\/\/securehubtec.com\/wp-content\/uploads\/2025\/10\/Smart-Video-Intercom-k-1-300x221.jpg 300w, https:\/\/securehubtec.com\/wp-content\/uploads\/2025\/10\/Smart-Video-Intercom-k-1-1024x753.jpg 1024w, https:\/\/securehubtec.com\/wp-content\/uploads\/2025\/10\/Smart-Video-Intercom-k-1-768x565.jpg 768w, https:\/\/securehubtec.com\/wp-content\/uploads\/2025\/10\/Smart-Video-Intercom-k-1-16x12.jpg 16w, https:\/\/securehubtec.com\/wp-content\/uploads\/2025\/10\/Smart-Video-Intercom-k-1-600x441.jpg 600w\" sizes=\"(max-width: 1100px) 100vw, 1100px\" \/><span data-leaf=\"true\"><span class=\"lb\">Nos principaux produits sont des interphones et des sonnettes adapt\u00e9s \u00e0 chaque sc\u00e9nario. Les options r\u00e9sidentielles comprennent des sonnettes \u00e0 double sens, des syst\u00e8mes d'interphone (avec une connectivit\u00e9 transparente) et des cam\u00e9ras de sonnette (surveillance\/enregistrement vid\u00e9o en temps r\u00e9el). Nous proposons \u00e9galement des portiers\/interphones intelligents qui s'int\u00e8grent aux maisons intelligentes et qui peuvent \u00eatre contr\u00f4l\u00e9s \u00e0 partir de t\u00e9l\u00e9phones\/tablettes. Pour les grands complexes r\u00e9sidentiels, nos interphones intelligents pour appartements rationalisent la gestion des visiteurs, r\u00e9duisant les temps d'attente et renfor\u00e7ant la s\u00e9curit\u00e9 (unit\u00e9 de gestion).<br \/>\n<\/span><\/span><br \/>\n<img decoding=\"async\" class=\"aligncenter size-full wp-image-9329 lazyload\" data-src=\"https:\/\/securehubtec.com\/wp-content\/uploads\/2025\/09\/B.jpg\" alt=\"\" width=\"1280\" height=\"961\" data-srcset=\"https:\/\/securehubtec.com\/wp-content\/uploads\/2025\/09\/B.jpg 1280w, https:\/\/securehubtec.com\/wp-content\/uploads\/2025\/09\/B-300x225.jpg 300w, https:\/\/securehubtec.com\/wp-content\/uploads\/2025\/09\/B-1024x769.jpg 1024w, https:\/\/securehubtec.com\/wp-content\/uploads\/2025\/09\/B-768x577.jpg 768w, https:\/\/securehubtec.com\/wp-content\/uploads\/2025\/09\/B-16x12.jpg 16w, https:\/\/securehubtec.com\/wp-content\/uploads\/2025\/09\/B-600x450.jpg 600w\" data-sizes=\"(max-width: 1280px) 100vw, 1280px\" src=\"data:image\/svg+xml;base64,PHN2ZyB3aWR0aD0iMSIgaGVpZ2h0PSIxIiB4bWxucz0iaHR0cDovL3d3dy53My5vcmcvMjAwMC9zdmciPjwvc3ZnPg==\" style=\"--smush-placeholder-width: 1280px; --smush-placeholder-aspect-ratio: 1280\/961;\" \/>Au-del\u00e0 des interphones et des sonnettes, DRSECURE propose des solutions compl\u00e8tes de contr\u00f4le d'acc\u00e8s et d'entr\u00e9e intelligente, qui remplacent les cl\u00e9s traditionnelles. Nos syst\u00e8mes d'acc\u00e8s permettent une gestion s\u00e9curis\u00e9e et flexible pour une utilisation commerciale\/r\u00e9sidentielle ; l'entr\u00e9e sans cl\u00e9 fonctionne via des t\u00e9l\u00e9phones, des porte-cl\u00e9s ou des donn\u00e9es biom\u00e9triques (pratique et s\u00e9curis\u00e9). Nous proposons \u00e9galement des syst\u00e8mes de casiers intelligents (inviolabilit\u00e9, suivi en temps r\u00e9el, gestion \u00e0 distance) pour les salles de sport et les lieux de travail. Tous les produits r\u00e9sistent \u00e0 une utilisation intensive et \u00e0 des environnements vari\u00e9s, ce qui garantit une fiabilit\u00e9 \u00e0 long terme pour les clients \u00e9trangers (unit\u00e9 de gestion).<br \/>\n<img decoding=\"async\" class=\"aligncenter wp-image-9330 size-full lazyload\" data-src=\"https:\/\/securehubtec.com\/wp-content\/uploads\/2025\/09\/C.jpg\" alt=\"Doorbell Camera H1\" width=\"1280\" height=\"1053\" data-srcset=\"https:\/\/securehubtec.com\/wp-content\/uploads\/2025\/09\/C.jpg 1280w, https:\/\/securehubtec.com\/wp-content\/uploads\/2025\/09\/C-300x247.jpg 300w, https:\/\/securehubtec.com\/wp-content\/uploads\/2025\/09\/C-1024x842.jpg 1024w, https:\/\/securehubtec.com\/wp-content\/uploads\/2025\/09\/C-768x632.jpg 768w, https:\/\/securehubtec.com\/wp-content\/uploads\/2025\/09\/C-15x12.jpg 15w, https:\/\/securehubtec.com\/wp-content\/uploads\/2025\/09\/C-600x494.jpg 600w\" data-sizes=\"(max-width: 1280px) 100vw, 1280px\" src=\"data:image\/svg+xml;base64,PHN2ZyB3aWR0aD0iMSIgaGVpZ2h0PSIxIiB4bWxucz0iaHR0cDovL3d3dy53My5vcmcvMjAwMC9zdmciPjwvc3ZnPg==\" style=\"--smush-placeholder-width: 1280px; --smush-placeholder-aspect-ratio: 1280\/1053;\" \/>L'un des principaux avantages de DRSECURE est la stricte conformit\u00e9 aux normes mondiales de qualit\u00e9 et de s\u00e9curit\u00e9. Nos interphones vid\u00e9o et nos syst\u00e8mes d'interphone vid\u00e9o intelligents sont certifi\u00e9s CE et FCC et r\u00e9pondent aux exigences de performance, de s\u00e9curit\u00e9 et de compatibilit\u00e9 \u00e9lectromagn\u00e9tique les plus strictes pour l'Europe et l'Am\u00e9rique du Nord. Cela facilite l'importation et la vente dans ces r\u00e9gions et rassure les clients. Nous effectuons \u00e9galement des tests rigoureux avant exp\u00e9dition (durabilit\u00e9, fonctionnalit\u00e9) afin de r\u00e9pondre aux attentes des clients, voire de les d\u00e9passer.<br \/>\n<img decoding=\"async\" class=\"aligncenter size-full wp-image-9331 lazyload\" data-src=\"https:\/\/securehubtec.com\/wp-content\/uploads\/2025\/09\/D.jpg\" alt=\"\" width=\"1280\" height=\"620\" data-srcset=\"https:\/\/securehubtec.com\/wp-content\/uploads\/2025\/09\/D.jpg 1280w, https:\/\/securehubtec.com\/wp-content\/uploads\/2025\/09\/D-300x145.jpg 300w, https:\/\/securehubtec.com\/wp-content\/uploads\/2025\/09\/D-1024x496.jpg 1024w, https:\/\/securehubtec.com\/wp-content\/uploads\/2025\/09\/D-768x372.jpg 768w, https:\/\/securehubtec.com\/wp-content\/uploads\/2025\/09\/D-18x9.jpg 18w, https:\/\/securehubtec.com\/wp-content\/uploads\/2025\/09\/D-600x291.jpg 600w\" data-sizes=\"(max-width: 1280px) 100vw, 1280px\" src=\"data:image\/svg+xml;base64,PHN2ZyB3aWR0aD0iMSIgaGVpZ2h0PSIxIiB4bWxucz0iaHR0cDovL3d3dy53My5vcmcvMjAwMC9zdmciPjwvc3ZnPg==\" style=\"--smush-placeholder-width: 1280px; --smush-placeholder-aspect-ratio: 1280\/620;\" \/><\/p>\n<div class=\"ace-line\" dir=\"auto\" data-node=\"true\" data-rm-block-id=\"block-2\"><span data-string=\"true\" data-enter=\"true\" data-leaf=\"true\">Un partenariat avec DRSECURE ne se limite pas \u00e0 l'achat de produits : il s'agit d'un alli\u00e9 fiable pour votre r\u00e9ussite. Nous offrons une personnalisation flexible (par exemple, des ajustements esth\u00e9tiques locaux, l'int\u00e9gration de protocoles r\u00e9gionaux) pour s'adapter \u00e0 votre march\u00e9. Notre assistance client\u00e8le 24 heures sur 24 et 7 jours sur 7 facilite l'installation, le d\u00e9pannage et le service apr\u00e8s-vente. De plus, nos prix comp\u00e9titifs et nos cha\u00eenes d'approvisionnement efficaces vous aident \u00e0 accro\u00eetre votre rentabilit\u00e9. Choisissez DRSECURE : un partenaire investi dans votre succ\u00e8s global en mati\u00e8re de s\u00e9curit\u00e9 intelligente.<\/span><\/div>","protected":false},"excerpt":{"rendered":"<ul>\n<li>DC12V ou POE (IEEE 802.3AF)<\/li>\n<li>1\" IPS LCD, 1024*600<\/li>\n<li>ABS + verre tremp\u00e9<\/li>\n<li>Vid\u00e9o H.264\/H.265, Audio G.711<\/li>\n<li>Sonnerie \u226570dB<\/li>\n<li>Puissance de fonctionnement &lt; 8W<\/li>\n<li>Temp\u00e9rature de fonctionnement -10\u2103 ~ +45\u2103<\/li>\n<li>Montage mural<\/li>\n<li>Combin\u00e9<\/li>\n<li>Cam\u00e9ra int\u00e9gr\u00e9e en option<\/li>\n<li>Le Wi-Fi est en option<\/li>\n<li>Syst\u00e8me Linux<\/li>\n<li>Interphone vid\u00e9o<\/li>\n<li>Annulation de l'\u00e9cho<\/li>\n<li>Moniteur IPC (24 heures, affichage quadruple)<\/li>\n<li>Station ext\u00e9rieure de surveillance<\/li>\n<li>Alarme : SOS, d\u00e9tection de gaz, connexion c\u00e2bl\u00e9e \u00e0 4 canaux<\/li>\n<li>Tuya Home : Facultatif<\/li>\n<\/ul>","protected":false},"featured_media":9586,"comment_status":"open","ping_status":"closed","template":"","meta":{"site-sidebar-layout":"default","site-content-layout":"","ast-site-content-layout":"default","site-content-style":"default","site-sidebar-style":"default","ast-global-header-display":"","ast-banner-title-visibility":"","ast-main-header-display":"","ast-hfb-above-header-display":"","ast-hfb-below-header-display":"","ast-hfb-mobile-header-display":"","site-post-title":"","ast-breadcrumbs-content":"","ast-featured-img":"","footer-sml-layout":"","theme-transparent-header-meta":"default","adv-header-id-meta":"","stick-header-meta":"default","header-above-stick-meta":"","header-main-stick-meta":"","header-below-stick-meta":"","astra-migrate-meta-layouts":"set","ast-page-background-enabled":"default","ast-page-background-meta":{"desktop":{"background-color":"","background-image":"","background-repeat":"repeat","background-position":"center center","background-size":"auto","background-attachment":"scroll","background-type":"","background-media":"","overlay-type":"","overlay-color":"","overlay-opacity":"","overlay-gradient":""},"tablet":{"background-color":"","background-image":"","background-repeat":"repeat","background-position":"center center","background-size":"auto","background-attachment":"scroll","background-type":"","background-media":"","overlay-type":"","overlay-color":"","overlay-opacity":"","overlay-gradient":""},"mobile":{"background-color":"","background-image":"","background-repeat":"repeat","background-position":"center center","background-size":"auto","background-attachment":"scroll","background-type":"","background-media":"","overlay-type":"","overlay-color":"","overlay-opacity":"","overlay-gradient":""}},"ast-content-background-meta":{"desktop":{"background-color":"var(--ast-global-color-5)","background-image":"","background-repeat":"repeat","background-position":"center center","background-size":"auto","background-attachment":"scroll","background-type":"","background-media":"","overlay-type":"","overlay-color":"","overlay-opacity":"","overlay-gradient":""},"tablet":{"background-color":"var(--ast-global-color-5)","background-image":"","background-repeat":"repeat","background-position":"center center","background-size":"auto","background-attachment":"scroll","background-type":"","background-media":"","overlay-type":"","overlay-color":"","overlay-opacity":"","overlay-gradient":""},"mobile":{"background-color":"var(--ast-global-color-5)","background-image":"","background-repeat":"repeat","background-position":"center center","background-size":"auto","background-attachment":"scroll","background-type":"","background-media":"","overlay-type":"","overlay-color":"","overlay-opacity":"","overlay-gradient":""}}},"product_cat":[133,15],"product_tag":[],"class_list":{"0":"post-9585","1":"product","2":"type-product","3":"status-publish","4":"has-post-thumbnail","6":"product_cat-management-unit","7":"product_cat-product","8":"desktop-align-left","9":"tablet-align-left","10":"mobile-align-left","11":"ast-product-gallery-layout-horizontal-slider","12":"ast-product-gallery-with-no-image","13":"ast-product-tabs-layout-horizontal","15":"first","16":"instock","17":"shipping-taxable","18":"product-type-simple"},"_links":{"self":[{"href":"https:\/\/securehubtec.com\/fr\/wp-json\/wp\/v2\/product\/9585","targetHints":{"allow":["GET"]}}],"collection":[{"href":"https:\/\/securehubtec.com\/fr\/wp-json\/wp\/v2\/product"}],"about":[{"href":"https:\/\/securehubtec.com\/fr\/wp-json\/wp\/v2\/types\/product"}],"replies":[{"embeddable":true,"href":"https:\/\/securehubtec.com\/fr\/wp-json\/wp\/v2\/comments?post=9585"}],"version-history":[{"count":4,"href":"https:\/\/securehubtec.com\/fr\/wp-json\/wp\/v2\/product\/9585\/revisions"}],"predecessor-version":[{"id":9590,"href":"https:\/\/securehubtec.com\/fr\/wp-json\/wp\/v2\/product\/9585\/revisions\/9590"}],"wp:featuredmedia":[{"embeddable":true,"href":"https:\/\/securehubtec.com\/fr\/wp-json\/wp\/v2\/media\/9586"}],"wp:attachment":[{"href":"https:\/\/securehubtec.com\/fr\/wp-json\/wp\/v2\/media?parent=9585"}],"wp:term":[{"taxonomy":"product_cat","embeddable":true,"href":"https:\/\/securehubtec.com\/fr\/wp-json\/wp\/v2\/product_cat?post=9585"},{"taxonomy":"product_tag","embeddable":true,"href":"https:\/\/securehubtec.com\/fr\/wp-json\/wp\/v2\/product_tag?post=9585"}],"curies":[{"name":"wp","href":"https:\/\/api.w.org\/{rel}","templated":true}]}}