{"id":9574,"date":"2025-10-07T20:09:12","date_gmt":"2025-10-07T12:09:12","guid":{"rendered":"https:\/\/securehubtec.com\/?post_type=product&#038;p=9574"},"modified":"2025-10-07T20:09:13","modified_gmt":"2025-10-07T12:09:13","slug":"doorbell-camera-h1x","status":"publish","type":"product","link":"https:\/\/securehubtec.com\/fr\/produit\/doorbell-camera-h1x\/","title":{"rendered":"Cam\u00e9ra sonnette H1X"},"content":{"rendered":"<p><span style=\"color: #ffcc00;\"><strong>Cam\u00e9ra sonnette H1X<\/strong><\/span><br \/>\nPlus qu'une sonnette, c'est votre gardien 24 heures sur 24 et 7 jours sur 7,<span data-leaf=\"true\"><span class=\"lb\">Dans le paysage mondial de la s\u00e9curit\u00e9 intelligente, DRSECURE se distingue comme un fournisseur de premier plan qui se consacre \u00e0 la fourniture de solutions innovantes, fiables et centr\u00e9es sur l'utilisateur qui red\u00e9finissent la s\u00e9curit\u00e9 et la commodit\u00e9 pour les maisons, les appartements et les espaces commerciaux. En tant que professionnel <\/span><\/span><span data-leaf=\"true\"><span class=\"lb\">Fabrication d'interphones intelligents<\/span><\/span><span data-leaf=\"true\"><span class=\"lb\">DRSECURE est fi\u00e8re de sa vaste gamme de produits qui couvre tous les aspects critiques de la s\u00e9curit\u00e9 moderne - du contr\u00f4le d'entr\u00e9e \u00e0 la communication en temps r\u00e9el - tous con\u00e7us pour r\u00e9pondre aux divers besoins des clients d'outre-mer. Que vous soyez un distributeur \u00e0 la recherche de produits de haute qualit\u00e9, un promoteur immobilier qui \u00e9quipe de nouveaux b\u00e2timents ou un propri\u00e9taire qui modernise son syst\u00e8me de s\u00e9curit\u00e9, DRSECURE apporte des d\u00e9cennies d'expertise et un engagement d'excellence \u00e0 chaque solution que nous offrons. Notre marque est synonyme de durabilit\u00e9, de technologie avanc\u00e9e et de conformit\u00e9 aux normes mondiales, ce qui fait de nous le choix privil\u00e9gi\u00e9 des clients qui refusent tout compromis en mati\u00e8re de s\u00e9curit\u00e9.<\/span><\/span><br \/>\n<img fetchpriority=\"high\" decoding=\"async\" class=\"aligncenter size-full wp-image-9328\" src=\"https:\/\/securehubtec.com\/wp-content\/uploads\/2025\/09\/A.jpg\" alt=\"\" width=\"1280\" height=\"710\" srcset=\"https:\/\/securehubtec.com\/wp-content\/uploads\/2025\/09\/A.jpg 1280w, https:\/\/securehubtec.com\/wp-content\/uploads\/2025\/09\/A-300x166.jpg 300w, https:\/\/securehubtec.com\/wp-content\/uploads\/2025\/09\/A-1024x568.jpg 1024w, https:\/\/securehubtec.com\/wp-content\/uploads\/2025\/09\/A-768x426.jpg 768w, https:\/\/securehubtec.com\/wp-content\/uploads\/2025\/09\/A-18x10.jpg 18w, https:\/\/securehubtec.com\/wp-content\/uploads\/2025\/09\/A-600x333.jpg 600w\" sizes=\"(max-width: 1280px) 100vw, 1280px\" \/><span data-leaf=\"true\"><span class=\"lb\">Au c\u0153ur de notre gamme de produits se trouve un \u00e9ventail de solutions d'interphone et de sonnette adapt\u00e9es \u00e0 diff\u00e9rents sc\u00e9narios. Pour les espaces r\u00e9sidentiels, nos <\/span><\/span><span data-leaf=\"true\"><span class=\"lb\">Sonnette de porte \u00e0 2 voies<\/span><\/span><span data-leaf=\"true\"><span class=\"lb\"> et <\/span><\/span><span data-leaf=\"true\"><span class=\"lb\">sonnette de porte d'appartement<\/span><\/span><span data-leaf=\"true\"><span class=\"lb\"> offrent une communication simple mais efficace, permettant aux r\u00e9sidents d'interagir avec les visiteurs sans effort. Pour des besoins plus avanc\u00e9s, nos <\/span><\/span><span data-leaf=\"true\"><span class=\"lb\">Interphone bidirectionnel<\/span><\/span><span data-leaf=\"true\"><span class=\"lb\"> et <\/span><\/span><span data-leaf=\"true\"><span class=\"lb\">sonnette interphone<\/span><\/span><span data-leaf=\"true\"><span class=\"lb\"> offrent une connectivit\u00e9 sans faille, tandis que nos syst\u00e8mes de <\/span><\/span><span data-leaf=\"true\"><span class=\"lb\">cam\u00e9ra de sonnette<\/span><\/span><span data-leaf=\"true\"><span class=\"lb\"> poussent la s\u00e9curit\u00e9 encore plus loin gr\u00e2ce \u00e0 des capacit\u00e9s de surveillance et d'enregistrement vid\u00e9o en temps r\u00e9el, ce qui vous permet de ne jamais manquer un visiteur, m\u00eame en votre absence. Nous proposons \u00e9galement <\/span><\/span><span data-leaf=\"true\"><span class=\"lb\">T\u00e9l\u00e9phones de porte intelligents<\/span><\/span><span data-leaf=\"true\"><span class=\"lb\"> et <\/span><\/span><span data-leaf=\"true\"><span class=\"lb\">interphone intelligent<\/span><\/span><span data-leaf=\"true\"><span class=\"lb\"> qui s'int\u00e8grent aux \u00e9cosyst\u00e8mes modernes de maisons intelligentes, offrant aux utilisateurs un contr\u00f4le intuitif via des smartphones ou des tablettes. Pour les grands complexes r\u00e9sidentiels, nos <\/span><\/span><span data-leaf=\"true\"><span class=\"lb\">Interphone intelligent pour appartement<\/span><\/span><span data-leaf=\"true\"><span class=\"lb\"> et <\/span><\/span><span data-leaf=\"true\"><span class=\"lb\">Interphone intelligent pour immeubles d'habitation<\/span><\/span><span data-leaf=\"true\"><span class=\"lb\"> rationalisent la gestion des visiteurs, r\u00e9duisent les temps d'attente et am\u00e9liorent la s\u00e9curit\u00e9 g\u00e9n\u00e9rale des r\u00e9sidents.<\/span><\/span><br \/>\n<img decoding=\"async\" class=\"aligncenter wp-image-9329 size-full lazyload\" data-src=\"https:\/\/securehubtec.com\/wp-content\/uploads\/2025\/09\/B.jpg\" alt=\"Doorbell Camera H1X\" width=\"1280\" height=\"961\" data-srcset=\"https:\/\/securehubtec.com\/wp-content\/uploads\/2025\/09\/B.jpg 1280w, https:\/\/securehubtec.com\/wp-content\/uploads\/2025\/09\/B-300x225.jpg 300w, https:\/\/securehubtec.com\/wp-content\/uploads\/2025\/09\/B-1024x769.jpg 1024w, https:\/\/securehubtec.com\/wp-content\/uploads\/2025\/09\/B-768x577.jpg 768w, https:\/\/securehubtec.com\/wp-content\/uploads\/2025\/09\/B-16x12.jpg 16w, https:\/\/securehubtec.com\/wp-content\/uploads\/2025\/09\/B-600x450.jpg 600w\" data-sizes=\"(max-width: 1280px) 100vw, 1280px\" src=\"data:image\/svg+xml;base64,PHN2ZyB3aWR0aD0iMSIgaGVpZ2h0PSIxIiB4bWxucz0iaHR0cDovL3d3dy53My5vcmcvMjAwMC9zdmciPjwvc3ZnPg==\" style=\"--smush-placeholder-width: 1280px; --smush-placeholder-aspect-ratio: 1280\/961;\" \/><span data-leaf=\"true\"><span class=\"lb\">Au-del\u00e0 des interphones et des sonnettes, DRSECURE propose une gamme compl\u00e8te de solutions de contr\u00f4le d'acc\u00e8s et d'entr\u00e9e intelligente qui \u00e9liminent les limites des cl\u00e9s traditionnelles. Nos services <\/span><\/span><span data-leaf=\"true\"><span class=\"lb\">syst\u00e8mes de contr\u00f4le d'acc\u00e8s<\/span><\/span><span data-leaf=\"true\"><span class=\"lb\"> sont con\u00e7us pour fournir une gestion d'acc\u00e8s s\u00e9curis\u00e9e et flexible pour les b\u00e2timents commerciaux, les bureaux et les complexes r\u00e9sidentiels. <\/span><\/span><span data-leaf=\"true\"><span class=\"lb\">Entr\u00e9e sans cl\u00e9<\/span><\/span><span data-leaf=\"true\"><span class=\"lb\"> permettent aux utilisateurs de d\u00e9verrouiller les portes \u00e0 l'aide de smartphones, de porte-cl\u00e9s ou de donn\u00e9es biom\u00e9triques, ce qui ajoute une couche de commodit\u00e9 sans sacrifier la s\u00e9curit\u00e9. Nous r\u00e9pondons \u00e9galement aux besoins en mati\u00e8re de s\u00e9curit\u00e9 de l'entreposage avec notre solution <\/span><\/span><span data-leaf=\"true\"><span class=\"lb\">casier intelligent s\u00e9curis\u00e9<\/span><\/span><span data-leaf=\"true\"><span class=\"lb\"> qui se caract\u00e9risent par des conceptions inviolables, un suivi des acc\u00e8s en temps r\u00e9el et des capacit\u00e9s de gestion \u00e0 distance - parfaits pour les gymnases, les lieux de travail et les installations publiques. Chaque produit de cette gamme est con\u00e7u pour r\u00e9sister \u00e0 un usage intensif et \u00e0 diverses conditions environnementales, ce qui garantit une fiabilit\u00e9 \u00e0 long terme \u00e0 nos clients \u00e9trangers.<\/span><\/span><br \/>\n<img decoding=\"async\" class=\"aligncenter wp-image-9330 size-full lazyload\" data-src=\"https:\/\/securehubtec.com\/wp-content\/uploads\/2025\/09\/C.jpg\" alt=\"Doorbell Camera H1\" width=\"1280\" height=\"1053\" data-srcset=\"https:\/\/securehubtec.com\/wp-content\/uploads\/2025\/09\/C.jpg 1280w, https:\/\/securehubtec.com\/wp-content\/uploads\/2025\/09\/C-300x247.jpg 300w, https:\/\/securehubtec.com\/wp-content\/uploads\/2025\/09\/C-1024x842.jpg 1024w, https:\/\/securehubtec.com\/wp-content\/uploads\/2025\/09\/C-768x632.jpg 768w, https:\/\/securehubtec.com\/wp-content\/uploads\/2025\/09\/C-15x12.jpg 15w, https:\/\/securehubtec.com\/wp-content\/uploads\/2025\/09\/C-600x494.jpg 600w\" data-sizes=\"(max-width: 1280px) 100vw, 1280px\" src=\"data:image\/svg+xml;base64,PHN2ZyB3aWR0aD0iMSIgaGVpZ2h0PSIxIiB4bWxucz0iaHR0cDovL3d3dy53My5vcmcvMjAwMC9zdmciPjwvc3ZnPg==\" style=\"--smush-placeholder-width: 1280px; --smush-placeholder-aspect-ratio: 1280\/1053;\" \/><span data-leaf=\"true\"><span class=\"lb\">L'un des principaux avantages de choisir DRSECURE est notre engagement in\u00e9branlable \u00e0 respecter les normes mondiales de qualit\u00e9 et de s\u00e9curit\u00e9. Tous nos produits, y compris nos populaires <\/span><\/span><span data-leaf=\"true\"><span class=\"lb\">interphone vid\u00e9o<\/span><\/span><span data-leaf=\"true\"><span class=\"lb\"> et <\/span><\/span><span data-leaf=\"true\"><span class=\"lb\">Interphone vid\u00e9o intelligent<\/span><\/span><span data-leaf=\"true\"><span class=\"lb\"> Les syst\u00e8mes d'information et de communication de l'Union europ\u00e9enne (UIT) sont en cours d'\u00e9laboration. <\/span><\/span><span data-leaf=\"true\"><span class=\"lb\">CE<\/span><\/span><span data-leaf=\"true\"><span class=\"lb\"> et <\/span><\/span><span data-leaf=\"true\"><span class=\"lb\">FCC<\/span><\/span><span data-leaf=\"true\"><span class=\"lb\"> qui prouvent qu'ils r\u00e9pondent aux exigences les plus strictes en mati\u00e8re de performance, de s\u00e9curit\u00e9 et de compatibilit\u00e9 \u00e9lectromagn\u00e9tique sur les march\u00e9s europ\u00e9ens et nord-am\u00e9ricains. Cette certification garantit non seulement que nos produits peuvent \u00eatre import\u00e9s et vendus sans probl\u00e8me dans ces r\u00e9gions, mais aussi que nos clients ont l'esprit tranquille en sachant qu'ils investissent dans des solutions qui respectent les normes les plus strictes de l'industrie. Nous soumettons chaque produit \u00e0 des tests rigoureux avant qu'il ne quitte notre usine, qu'il s'agisse de contr\u00f4les de durabilit\u00e9 ou de tests de fonctionnalit\u00e9, afin de nous assurer qu'il r\u00e9pond aux attentes des clients, voire les d\u00e9passe.<\/span><\/span><br \/>\n<img decoding=\"async\" class=\"aligncenter size-full wp-image-9331 lazyload\" data-src=\"https:\/\/securehubtec.com\/wp-content\/uploads\/2025\/09\/D.jpg\" alt=\"\" width=\"1280\" height=\"620\" data-srcset=\"https:\/\/securehubtec.com\/wp-content\/uploads\/2025\/09\/D.jpg 1280w, https:\/\/securehubtec.com\/wp-content\/uploads\/2025\/09\/D-300x145.jpg 300w, https:\/\/securehubtec.com\/wp-content\/uploads\/2025\/09\/D-1024x496.jpg 1024w, https:\/\/securehubtec.com\/wp-content\/uploads\/2025\/09\/D-768x372.jpg 768w, https:\/\/securehubtec.com\/wp-content\/uploads\/2025\/09\/D-18x9.jpg 18w, https:\/\/securehubtec.com\/wp-content\/uploads\/2025\/09\/D-600x291.jpg 600w\" data-sizes=\"(max-width: 1280px) 100vw, 1280px\" src=\"data:image\/svg+xml;base64,PHN2ZyB3aWR0aD0iMSIgaGVpZ2h0PSIxIiB4bWxucz0iaHR0cDovL3d3dy53My5vcmcvMjAwMC9zdmciPjwvc3ZnPg==\" style=\"--smush-placeholder-width: 1280px; --smush-placeholder-aspect-ratio: 1280\/620;\" \/><\/p>\n<div class=\"ace-line\" dir=\"auto\" data-node=\"true\"><span data-leaf=\"true\"><span class=\"lb\">Un partenariat avec DRSECURE ne se limite pas \u00e0 l'achat de produits de s\u00e9curit\u00e9. Il s'agit d'un alli\u00e9 fiable qui donne la priorit\u00e9 \u00e0 votre r\u00e9ussite. Nous offrons des options de personnalisation flexibles pour adapter nos solutions aux besoins sp\u00e9cifiques de votre march\u00e9, qu'il s'agisse d'ajuster le design des produits \u00e0 l'esth\u00e9tique locale ou d'int\u00e9grer des protocoles de communication r\u00e9gionaux. Notre \u00e9quipe d'assistance \u00e0 la client\u00e8le est disponible 24 heures sur 24 et 7 jours sur 7 pour vous aider dans l'installation, le d\u00e9pannage et le service apr\u00e8s-vente, garantissant ainsi une exp\u00e9rience sans heurts pour vous et vos utilisateurs finaux. De plus, nos prix comp\u00e9titifs et notre gestion efficace de la cha\u00eene d'approvisionnement vous permettent de maximiser votre rentabilit\u00e9 tout en offrant des solutions de s\u00e9curit\u00e9 de premier ordre \u00e0 vos clients. Avec DRSECURE, vous ne choisissez pas seulement un fournisseur de produits, vous choisissez un partenaire qui s'investit pour vous aider \u00e0 prosp\u00e9rer sur le march\u00e9 mondial de la s\u00e9curit\u00e9 intelligente.<\/span><\/span><span data-string=\"true\" data-enter=\"true\" data-leaf=\"true\">\u200b<\/span><\/div>","protected":false},"excerpt":{"rendered":"<p><strong><span style=\"color: #ffcc00;\">Dimension\uff1a 150x85x28 mm<\/span><\/strong><br \/>\n<strong><span style=\"color: #ffcc00;\">Interphone vid\u00e9o\uff1a<br \/>\n<\/span><\/strong><span style=\"margin: 120px;\">Avec Smart Monitor ou Guard Station<\/span><br \/>\n<span style=\"margin: 120px;\">Avec Outdoor Station ou Tuya App<\/span><br \/>\n<span style=\"margin: 120px;\">Avec SIP Standard 3\u00e8me dispositif<\/span><br \/>\n<strong><span style=\"color: #ffcc00;\">Contr\u00f4le d'acc\u00e8s\uff1a<\/span><\/strong><br \/>\n<span style=\"margin: 120px;\">Carte IC ou identification NFC<\/span><br \/>\nSyst\u00e8me Linux | Tuya Home : 1 | Annulation de l'\u00e9cho<br \/>\nUne seule touche pour appeler ou se connecter \u00e0 un NVR<br \/>\nSortie de signal relais 4 canaux extensible<br \/>\nProtocole SIP | Alimentation DC12V<br \/>\nAppareil photo \u00e0 double objectif de 2 millions de pixels<br \/>\nCapacit\u00e9 Entr\u00e9e tactile | Carte d'acc\u00e8s 13.56MHz et NFC<br \/>\nAluminium + verre tremp\u00e9 | Vid\u00e9o H.264\/H.265, Audio G.711<br \/>\nHaut-parleur int\u00e9gr\u00e9 8R1W Sonnerie \u226570dB | Puissance de fonctionnement &lt; 10W<br \/>\nTemp\u00e9rature de fonctionnement -20\u2103 ~ +50\u2103 | Montage mural<br \/>\nIP65 Niveau IP | Wi-Fi en option, avec antenne externe<br \/>\nHousse de pluie<br \/>\n<strong><span style=\"color: #ffcc00;\">Description de l'interface<\/span><\/strong><br \/>\nPort r\u00e9seau RJ45 | Port d'alimentation<br \/>\nSortie de signal de relais, 1 voie | Port RS485<\/p>","protected":false},"featured_media":9572,"comment_status":"open","ping_status":"closed","template":"","meta":{"site-sidebar-layout":"default","site-content-layout":"","ast-site-content-layout":"default","site-content-style":"default","site-sidebar-style":"default","ast-global-header-display":"","ast-banner-title-visibility":"","ast-main-header-display":"","ast-hfb-above-header-display":"","ast-hfb-below-header-display":"","ast-hfb-mobile-header-display":"","site-post-title":"","ast-breadcrumbs-content":"","ast-featured-img":"","footer-sml-layout":"","theme-transparent-header-meta":"default","adv-header-id-meta":"","stick-header-meta":"default","header-above-stick-meta":"","header-main-stick-meta":"","header-below-stick-meta":"","astra-migrate-meta-layouts":"set","ast-page-background-enabled":"default","ast-page-background-meta":{"desktop":{"background-color":"","background-image":"","background-repeat":"repeat","background-position":"center center","background-size":"auto","background-attachment":"scroll","background-type":"","background-media":"","overlay-type":"","overlay-color":"","overlay-opacity":"","overlay-gradient":""},"tablet":{"background-color":"","background-image":"","background-repeat":"repeat","background-position":"center center","background-size":"auto","background-attachment":"scroll","background-type":"","background-media":"","overlay-type":"","overlay-color":"","overlay-opacity":"","overlay-gradient":""},"mobile":{"background-color":"","background-image":"","background-repeat":"repeat","background-position":"center center","background-size":"auto","background-attachment":"scroll","background-type":"","background-media":"","overlay-type":"","overlay-color":"","overlay-opacity":"","overlay-gradient":""}},"ast-content-background-meta":{"desktop":{"background-color":"var(--ast-global-color-5)","background-image":"","background-repeat":"repeat","background-position":"center center","background-size":"auto","background-attachment":"scroll","background-type":"","background-media":"","overlay-type":"","overlay-color":"","overlay-opacity":"","overlay-gradient":""},"tablet":{"background-color":"var(--ast-global-color-5)","background-image":"","background-repeat":"repeat","background-position":"center center","background-size":"auto","background-attachment":"scroll","background-type":"","background-media":"","overlay-type":"","overlay-color":"","overlay-opacity":"","overlay-gradient":""},"mobile":{"background-color":"var(--ast-global-color-5)","background-image":"","background-repeat":"repeat","background-position":"center center","background-size":"auto","background-attachment":"scroll","background-type":"","background-media":"","overlay-type":"","overlay-color":"","overlay-opacity":"","overlay-gradient":""}}},"product_cat":[123,15],"product_tag":[],"class_list":{"0":"post-9574","1":"product","2":"type-product","3":"status-publish","4":"has-post-thumbnail","6":"product_cat-video-intercom","7":"product_cat-product","8":"desktop-align-left","9":"tablet-align-left","10":"mobile-align-left","11":"ast-product-gallery-layout-horizontal-slider","12":"ast-product-tabs-layout-horizontal","14":"first","15":"instock","16":"shipping-taxable","17":"product-type-simple"},"_links":{"self":[{"href":"https:\/\/securehubtec.com\/fr\/wp-json\/wp\/v2\/product\/9574","targetHints":{"allow":["GET"]}}],"collection":[{"href":"https:\/\/securehubtec.com\/fr\/wp-json\/wp\/v2\/product"}],"about":[{"href":"https:\/\/securehubtec.com\/fr\/wp-json\/wp\/v2\/types\/product"}],"replies":[{"embeddable":true,"href":"https:\/\/securehubtec.com\/fr\/wp-json\/wp\/v2\/comments?post=9574"}],"version-history":[{"count":2,"href":"https:\/\/securehubtec.com\/fr\/wp-json\/wp\/v2\/product\/9574\/revisions"}],"predecessor-version":[{"id":9578,"href":"https:\/\/securehubtec.com\/fr\/wp-json\/wp\/v2\/product\/9574\/revisions\/9578"}],"wp:featuredmedia":[{"embeddable":true,"href":"https:\/\/securehubtec.com\/fr\/wp-json\/wp\/v2\/media\/9572"}],"wp:attachment":[{"href":"https:\/\/securehubtec.com\/fr\/wp-json\/wp\/v2\/media?parent=9574"}],"wp:term":[{"taxonomy":"product_cat","embeddable":true,"href":"https:\/\/securehubtec.com\/fr\/wp-json\/wp\/v2\/product_cat?post=9574"},{"taxonomy":"product_tag","embeddable":true,"href":"https:\/\/securehubtec.com\/fr\/wp-json\/wp\/v2\/product_tag?post=9574"}],"curies":[{"name":"wp","href":"https:\/\/api.w.org\/{rel}","templated":true}]}}