{"id":9539,"date":"2025-10-06T01:19:08","date_gmt":"2025-10-05T17:19:08","guid":{"rendered":"https:\/\/securehubtec.com\/?post_type=product&#038;p=9539"},"modified":"2025-10-06T01:19:09","modified_gmt":"2025-10-05T17:19:09","slug":"outdoor-station-h10","status":"publish","type":"product","link":"https:\/\/securehubtec.com\/fr\/produit\/outdoor-station-h10\/","title":{"rendered":"Station ext\u00e9rieure H10"},"content":{"rendered":"<h3>Station ext\u00e9rieure H10<\/h3>\n<h3 class=\"header-iWP5WJ auto-hide-last-sibling-br\">Communication bidirectionnelle sans faille<\/h3>\n<div class=\"container-Uxvbjy md-box-line-break wrapper-GYqxgQ undefined\"><\/div>\n<div class=\"auto-hide-last-sibling-br paragraph-pP9ZLC paragraph-element br-paragraph-space\">L'un des principaux avantages de notre interphone intelligent est sa fonction exceptionnelle de communication bidirectionnelle. Gr\u00e2ce \u00e0 l'interphone\u00a0<strong>Sonnette de porte \u00e0 2 voies<\/strong>\u00a0et\u00a0<strong>Interphone \u00e0 2 voies<\/strong>\u00a0Il garantit des conversations claires comme de l'eau de roche entre les r\u00e9sidents et les visiteurs. Dans un appartement, lorsqu'un livreur arrive, il peut facilement appuyer sur la touche\u00a0<strong>sonnette de porte d'appartement<\/strong>\u00a0et entamer un dialogue par le biais de l'interphone intelligent. Les r\u00e9sidents, qu'ils soient dans le salon ou dans une autre partie de l'immeuble, peuvent r\u00e9pondre rapidement, ce qui facilite la communication. Cette interaction transparente \u00e9limine les malentendus et facilite la gestion des visiteurs. De plus, la possibilit\u00e9 de communiquer \u00e0 distance via\u00a0<strong>T\u00e9l\u00e9phones de porte intelligents<\/strong>\u00a0ou\u00a0<strong>Home Security Smart WIFI Visual Door Phone<\/strong>\u00a0connect\u00e9e aux smartphones signifie que m\u00eame lorsque les r\u00e9sidents sont absents, ils peuvent toujours parler \u00e0 ceux qui se trouvent \u00e0 la porte, garantissant ainsi qu'aucune interaction importante n'est manqu\u00e9e.<\/div>\n<p><img fetchpriority=\"high\" decoding=\"async\" class=\"aligncenter wp-image-9328 size-full\" src=\"https:\/\/securehubtec.com\/wp-content\/uploads\/2025\/09\/A.jpg\" alt=\"\" width=\"1280\" height=\"710\" srcset=\"https:\/\/securehubtec.com\/wp-content\/uploads\/2025\/09\/A.jpg 1280w, https:\/\/securehubtec.com\/wp-content\/uploads\/2025\/09\/A-300x166.jpg 300w, https:\/\/securehubtec.com\/wp-content\/uploads\/2025\/09\/A-1024x568.jpg 1024w, https:\/\/securehubtec.com\/wp-content\/uploads\/2025\/09\/A-768x426.jpg 768w, https:\/\/securehubtec.com\/wp-content\/uploads\/2025\/09\/A-18x10.jpg 18w, https:\/\/securehubtec.com\/wp-content\/uploads\/2025\/09\/A-600x333.jpg 600w\" sizes=\"(max-width: 1280px) 100vw, 1280px\" \/><\/p>\n<h3 class=\"header-iWP5WJ auto-hide-last-sibling-br\">S\u00e9curit\u00e9 renforc\u00e9e gr\u00e2ce \u00e0 la v\u00e9rification visuelle<\/h3>\n<div class=\"container-Uxvbjy md-box-line-break wrapper-GYqxgQ undefined\"><\/div>\n<div class=\"auto-hide-last-sibling-br paragraph-pP9ZLC paragraph-element br-paragraph-space\">La s\u00e9curit\u00e9 est une priorit\u00e9 absolue, et notre interphone intelligent excelle dans ce domaine. \u00c9quip\u00e9 de\u00a0<strong>cam\u00e9ra de sonnette<\/strong>\u00a0que l'on trouve dans des appareils tels que\u00a0<strong>Cam\u00e9ra Sonnette<\/strong>\u00a0et\u00a0<strong>Sonnette familiale pour appartement<\/strong>Il permet aux r\u00e9sidents de b\u00e9n\u00e9ficier d'une v\u00e9rification visuelle en temps r\u00e9el. Avant d'accorder l'acc\u00e8s, les r\u00e9sidents peuvent voir qui se pr\u00e9sente \u00e0 la porte sur des appareils tels que le\u00a0<strong>Interphone vid\u00e9o filaire de 7 pouces<\/strong>\u00a0ou le\u00a0<strong>10.1 Inch Best Price T\u00e9l\u00e9phone de porte vid\u00e9o<\/strong>. Cette fonction a un effet dissuasif puissant sur les intrus potentiels. Par exemple, dans un immeuble r\u00e9sidentiel, si une personne inconnue s'approche, le r\u00e9sident peut \u00e9valuer la situation et d\u00e9cider d'ouvrir ou non la porte, ajoutant ainsi une couche suppl\u00e9mentaire de protection \u00e0 son domicile. En outre, l'int\u00e9gration avec\u00a0<strong>Syst\u00e8me de contr\u00f4le d'acc\u00e8s<\/strong>\u00a0garantit que seules les personnes autoris\u00e9es peuvent entrer, ce qui renforce encore la s\u00e9curit\u00e9.<\/div>\n<p><img decoding=\"async\" class=\"aligncenter wp-image-9329 size-full lazyload\" data-src=\"https:\/\/securehubtec.com\/wp-content\/uploads\/2025\/09\/B.jpg\" alt=\"Outdoor Station H10\" width=\"1280\" height=\"961\" data-srcset=\"https:\/\/securehubtec.com\/wp-content\/uploads\/2025\/09\/B.jpg 1280w, https:\/\/securehubtec.com\/wp-content\/uploads\/2025\/09\/B-300x225.jpg 300w, https:\/\/securehubtec.com\/wp-content\/uploads\/2025\/09\/B-1024x769.jpg 1024w, https:\/\/securehubtec.com\/wp-content\/uploads\/2025\/09\/B-768x577.jpg 768w, https:\/\/securehubtec.com\/wp-content\/uploads\/2025\/09\/B-16x12.jpg 16w, https:\/\/securehubtec.com\/wp-content\/uploads\/2025\/09\/B-600x450.jpg 600w\" data-sizes=\"(max-width: 1280px) 100vw, 1280px\" src=\"data:image\/svg+xml;base64,PHN2ZyB3aWR0aD0iMSIgaGVpZ2h0PSIxIiB4bWxucz0iaHR0cDovL3d3dy53My5vcmcvMjAwMC9zdmciPjwvc3ZnPg==\" style=\"--smush-placeholder-width: 1280px; --smush-placeholder-aspect-ratio: 1280\/961;\" \/><\/p>\n<h3 class=\"header-iWP5WJ auto-hide-last-sibling-br\">Options d'acc\u00e8s polyvalentes et flexibles<\/h3>\n<div class=\"container-Uxvbjy md-box-line-break wrapper-GYqxgQ undefined\"><\/div>\n<div class=\"auto-hide-last-sibling-br paragraph-pP9ZLC paragraph-element br-paragraph-space\">Notre interphone intelligent offre une large gamme d'options d'acc\u00e8s, incarnant le concept de\u00a0<strong>entr\u00e9e intelligente<\/strong>. Il prend en charge\u00a0<strong>Entr\u00e9e sans cl\u00e9<\/strong>\u00a0des m\u00e9thodes telles que\u00a0<strong>D\u00e9verrouillage RFIC<\/strong>Les r\u00e9sidents peuvent ainsi utiliser des cartes ou m\u00eame leur smartphone en guise de cl\u00e9s. C'est particuli\u00e8rement pratique pour ceux qui oublient souvent leurs cl\u00e9s ou qui pr\u00e9f\u00e8rent un moyen plus moderne d'acc\u00e9der \u00e0 leur logement. En outre, le syst\u00e8me\u00a0<strong>Camera Intercom Lock<\/strong>\u00a0associe l'identification visuelle \u00e0 l'acc\u00e8s sans cl\u00e9, offrant ainsi une solution d'entr\u00e9e s\u00fbre et efficace. Pour les gestionnaires immobiliers, la possibilit\u00e9 de d\u00e9finir diff\u00e9rents niveaux d'acc\u00e8s par le biais de codes PIN publics, r\u00e9sidents et temporaires au sein du syst\u00e8me de gestion de l'acc\u00e8s \u00e0 la propri\u00e9t\u00e9 est un atout majeur.\u00a0<strong>syst\u00e8mes de contr\u00f4le d'acc\u00e8s<\/strong>\u00a0simplifie la gestion des utilisateurs multiples dans les immeubles d'habitation ou les complexes commerciaux.<\/div>\n<p><img decoding=\"async\" class=\"aligncenter size-full wp-image-9330 lazyload\" data-src=\"https:\/\/securehubtec.com\/wp-content\/uploads\/2025\/09\/C.jpg\" alt=\"\" width=\"1280\" height=\"1053\" data-srcset=\"https:\/\/securehubtec.com\/wp-content\/uploads\/2025\/09\/C.jpg 1280w, https:\/\/securehubtec.com\/wp-content\/uploads\/2025\/09\/C-300x247.jpg 300w, https:\/\/securehubtec.com\/wp-content\/uploads\/2025\/09\/C-1024x842.jpg 1024w, https:\/\/securehubtec.com\/wp-content\/uploads\/2025\/09\/C-768x632.jpg 768w, https:\/\/securehubtec.com\/wp-content\/uploads\/2025\/09\/C-15x12.jpg 15w, https:\/\/securehubtec.com\/wp-content\/uploads\/2025\/09\/C-600x494.jpg 600w\" data-sizes=\"(max-width: 1280px) 100vw, 1280px\" src=\"data:image\/svg+xml;base64,PHN2ZyB3aWR0aD0iMSIgaGVpZ2h0PSIxIiB4bWxucz0iaHR0cDovL3d3dy53My5vcmcvMjAwMC9zdmciPjwvc3ZnPg==\" style=\"--smush-placeholder-width: 1280px; --smush-placeholder-aspect-ratio: 1280\/1053;\" \/><\/p>\n<h3 class=\"header-iWP5WJ auto-hide-last-sibling-br\">Robuste et durable pour tous les environnements<\/h3>\n<div class=\"container-Uxvbjy md-box-line-break wrapper-GYqxgQ undefined\"><\/div>\n<div class=\"auto-hide-last-sibling-br paragraph-pP9ZLC paragraph-element br-paragraph-space\">Con\u00e7us pour r\u00e9sister \u00e0 diverses conditions environnementales, nos produits d'interphonie intelligente, tels que le\u00a0<strong>Cloche de porte ext\u00e9rieure \u00e9tanche<\/strong>\u00a0et\u00a0<strong>Sonnette IP65 pour villa<\/strong>\u00a0sont tr\u00e8s durables. Qu'il s'agisse d'un ensoleillement intense, d'une pluie battante ou d'un froid extr\u00eame, ces dispositifs conservent leur fonctionnalit\u00e9. Dans une villa, o\u00f9 la sonnette est expos\u00e9e aux \u00e9l\u00e9ments, la sonnette IP65 garantit des performances fiables dans le temps. Cette durabilit\u00e9 r\u00e9duit non seulement le besoin de remplacements fr\u00e9quents, mais garantit \u00e9galement des services de s\u00e9curit\u00e9 et de communication coh\u00e9rents, ce qui en fait un choix rentable et pratique pour diff\u00e9rentes propri\u00e9t\u00e9s.<\/div>\n<p><img decoding=\"async\" class=\"aligncenter size-full wp-image-9331 lazyload\" data-src=\"https:\/\/securehubtec.com\/wp-content\/uploads\/2025\/09\/D.jpg\" alt=\"\" width=\"1280\" height=\"620\" data-srcset=\"https:\/\/securehubtec.com\/wp-content\/uploads\/2025\/09\/D.jpg 1280w, https:\/\/securehubtec.com\/wp-content\/uploads\/2025\/09\/D-300x145.jpg 300w, https:\/\/securehubtec.com\/wp-content\/uploads\/2025\/09\/D-1024x496.jpg 1024w, https:\/\/securehubtec.com\/wp-content\/uploads\/2025\/09\/D-768x372.jpg 768w, https:\/\/securehubtec.com\/wp-content\/uploads\/2025\/09\/D-18x9.jpg 18w, https:\/\/securehubtec.com\/wp-content\/uploads\/2025\/09\/D-600x291.jpg 600w\" data-sizes=\"(max-width: 1280px) 100vw, 1280px\" src=\"data:image\/svg+xml;base64,PHN2ZyB3aWR0aD0iMSIgaGVpZ2h0PSIxIiB4bWxucz0iaHR0cDovL3d3dy53My5vcmcvMjAwMC9zdmciPjwvc3ZnPg==\" style=\"--smush-placeholder-width: 1280px; --smush-placeholder-aspect-ratio: 1280\/620;\" \/><\/p>\n<div class=\"ace-line\" dir=\"auto\" data-node=\"true\">\n<h3 class=\"header-iWP5WJ auto-hide-last-sibling-br\">Int\u00e9gration et personnalisation compl\u00e8tes<\/h3>\n<div class=\"container-Uxvbjy md-box-line-break wrapper-GYqxgQ undefined\"><\/div>\n<div class=\"auto-hide-last-sibling-br paragraph-pP9ZLC paragraph-element br-paragraph-space\">\n<p>Notre interphone intelligent est con\u00e7u pour une int\u00e9gration et une personnalisation compl\u00e8tes. Il peut faire partie d'un\u00a0<strong>Kit de portier vid\u00e9o<\/strong>\u00a0ou int\u00e9gr\u00e9s \u00e0 d'autres dispositifs de s\u00e9curit\u00e9 tels que\u00a0<strong>casier intelligent s\u00e9curis\u00e9<\/strong>\u00a0des syst\u00e8mes d'information. Les\u00a0<strong>Port RS485<\/strong> de bon nombre de nos appareils permet de les connecter facilement \u00e0 des dispositifs d'extension, ce qui permet de les personnaliser davantage en fonction des besoins sp\u00e9cifiques. En outre, les diff\u00e9rentes tailles d'\u00e9cran, comme les options 7 pouces et 10,1 pouces des interphones vid\u00e9o, permettent de choisir l'appareil qui convient le mieux aux diff\u00e9rents lieux d'installation et aux pr\u00e9f\u00e9rences des utilisateurs. Ce niveau d'int\u00e9gration et de personnalisation garantit que notre Smart Intercom peut r\u00e9pondre aux diverses exigences des propri\u00e9taires, des gestionnaires immobiliers et des entreprises, offrant ainsi une solution de s\u00e9curit\u00e9 et de communication sur mesure.<\/p>\n<p><strong><b>Les images et vid\u00e9os publicitaires permettent aux utilisateurs de personnaliser le contenu li\u00e9 aux services, produits ou VI de leur entreprise.<\/b><\/strong><\/p>\n<p><strong><b>Tuya Home permet aux visiteurs d'appeler diff\u00e9rentes pi\u00e8ces (optionnel, supportant jusqu'\u00e0 1000 m\u00e9nages).<\/b><\/strong><\/p>\n<p><strong><b>Direct Press Mode(Room Directory) offre aux visiteurs une excellente exp\u00e9rience utilisateur. \u00a0\u00a0<\/b><\/strong><strong><b><br \/>\n<\/b><\/strong><strong><b><br \/>\n<\/b><\/strong><strong><b>Choix intelligent et s\u00e9curis\u00e9 pour la maison<\/b><\/strong><\/p>\n<p><strong><b>La station ext\u00e9rieure Smart est con\u00e7ue pour offrir une exp\u00e9rience utilisateur visuellement \u00e9tonnante et intuitive. Elle apporte un certain nombre de nouvelles fonctionnalit\u00e9s innovantes afin de fournir une solution enti\u00e8rement personnalisable pour le contr\u00f4le d'acc\u00e8s des locataires et des visiteurs dans les copropri\u00e9t\u00e9s, les immeubles d'habitation, les immeubles de bureaux, les communaut\u00e9s ferm\u00e9es et les b\u00e2timents industriels.<\/b><\/strong><\/p>\n<\/div>\n<\/div>","protected":false},"excerpt":{"rendered":"<p><strong><span style=\"color: #ffcc00;\">Dimension\uff1a 322x170x20 mm<\/span><\/strong><br \/>\n<strong><span style=\"color: #ffcc00;\">Interphone vid\u00e9o\uff1a<br \/>\n<\/span><\/strong><span style=\"margin: 120px;\">Avec Smart Monitor ou Guard Station<\/span><br \/>\n<span style=\"margin: 120px;\">Avec Outdoor Station ou Tuya App<\/span><br \/>\n<span style=\"margin: 120px;\">Avec SIP Standard 3\u00e8me dispositif<\/span><br \/>\n<strong><span style=\"color: #ffcc00;\">Contr\u00f4le d'acc\u00e8s\uff1a<\/span><\/strong><br \/>\n<span style=\"margin: 120px;\">Reconnaissance faciale<\/span><br \/>\n<span style=\"margin: 120px;\">Carte IC ou identification NFC<\/span><br \/>\n<span style=\"margin: 120px;\">Identification du code PIN<\/span><br \/>\nSyst\u00e8me Linux | Tuya Home : 1~1000 | Annulation d'\u00e9cho<br \/>\nUne seule touche pour appeler ou se connecter \u00e0 un NVR<br \/>\nSortie de signal relais 4 canaux extensible<br \/>\nProtocole SIP | Alimentation DC12V<br \/>\n2M pixels, cam\u00e9ra \u00e0 double objectif <strong><span style=\"color: #ff0000;\">R\u00e9solution 800*1280 LCD IPS de 8 pouces<\/span><\/strong><br \/>\nCapacit\u00e9 Entr\u00e9e tactile | Carte d'acc\u00e8s 13.56MHz et NFC<br \/>\nAluminium + verre tremp\u00e9 | Vid\u00e9o H.264\/H.265, Audio G.711<br \/>\nHaut-parleur int\u00e9gr\u00e9 8R1W Sonnerie \u226570dB | Puissance de fonctionnement &lt; 10W<br \/>\nTemp\u00e9rature de fonctionnement -20\u2103 ~ +50\u2103 | Montage mural<br \/>\nIP65 Niveau IP | Wi-Fi en option, avec antenne externe<br \/>\nLa housse de protection contre la pluie est optionnelle<br \/>\n<strong><span style=\"color: #ffcc00;\">Description de l'interface<\/span><\/strong><br \/>\nPort r\u00e9seau RJ45 | Port d'alimentation<br \/>\nSortie de signal de relais, 1 voie | Port RS485<\/p>","protected":false},"featured_media":9540,"comment_status":"open","ping_status":"closed","template":"","meta":{"site-sidebar-layout":"default","site-content-layout":"","ast-site-content-layout":"default","site-content-style":"default","site-sidebar-style":"default","ast-global-header-display":"","ast-banner-title-visibility":"","ast-main-header-display":"","ast-hfb-above-header-display":"","ast-hfb-below-header-display":"","ast-hfb-mobile-header-display":"","site-post-title":"","ast-breadcrumbs-content":"","ast-featured-img":"","footer-sml-layout":"","theme-transparent-header-meta":"default","adv-header-id-meta":"","stick-header-meta":"default","header-above-stick-meta":"","header-main-stick-meta":"","header-below-stick-meta":"","astra-migrate-meta-layouts":"set","ast-page-background-enabled":"default","ast-page-background-meta":{"desktop":{"background-color":"","background-image":"","background-repeat":"repeat","background-position":"center center","background-size":"auto","background-attachment":"scroll","background-type":"","background-media":"","overlay-type":"","overlay-color":"","overlay-opacity":"","overlay-gradient":""},"tablet":{"background-color":"","background-image":"","background-repeat":"repeat","background-position":"center center","background-size":"auto","background-attachment":"scroll","background-type":"","background-media":"","overlay-type":"","overlay-color":"","overlay-opacity":"","overlay-gradient":""},"mobile":{"background-color":"","background-image":"","background-repeat":"repeat","background-position":"center center","background-size":"auto","background-attachment":"scroll","background-type":"","background-media":"","overlay-type":"","overlay-color":"","overlay-opacity":"","overlay-gradient":""}},"ast-content-background-meta":{"desktop":{"background-color":"var(--ast-global-color-5)","background-image":"","background-repeat":"repeat","background-position":"center center","background-size":"auto","background-attachment":"scroll","background-type":"","background-media":"","overlay-type":"","overlay-color":"","overlay-opacity":"","overlay-gradient":""},"tablet":{"background-color":"var(--ast-global-color-5)","background-image":"","background-repeat":"repeat","background-position":"center center","background-size":"auto","background-attachment":"scroll","background-type":"","background-media":"","overlay-type":"","overlay-color":"","overlay-opacity":"","overlay-gradient":""},"mobile":{"background-color":"var(--ast-global-color-5)","background-image":"","background-repeat":"repeat","background-position":"center center","background-size":"auto","background-attachment":"scroll","background-type":"","background-media":"","overlay-type":"","overlay-color":"","overlay-opacity":"","overlay-gradient":""}}},"product_cat":[123,15],"product_tag":[],"class_list":{"0":"post-9539","1":"product","2":"type-product","3":"status-publish","4":"has-post-thumbnail","6":"product_cat-video-intercom","7":"product_cat-product","8":"desktop-align-left","9":"tablet-align-left","10":"mobile-align-left","11":"ast-product-gallery-layout-horizontal-slider","12":"ast-product-gallery-with-no-image","13":"ast-product-tabs-layout-horizontal","15":"first","16":"instock","17":"shipping-taxable","18":"product-type-simple"},"_links":{"self":[{"href":"https:\/\/securehubtec.com\/fr\/wp-json\/wp\/v2\/product\/9539","targetHints":{"allow":["GET"]}}],"collection":[{"href":"https:\/\/securehubtec.com\/fr\/wp-json\/wp\/v2\/product"}],"about":[{"href":"https:\/\/securehubtec.com\/fr\/wp-json\/wp\/v2\/types\/product"}],"replies":[{"embeddable":true,"href":"https:\/\/securehubtec.com\/fr\/wp-json\/wp\/v2\/comments?post=9539"}],"version-history":[{"count":1,"href":"https:\/\/securehubtec.com\/fr\/wp-json\/wp\/v2\/product\/9539\/revisions"}],"predecessor-version":[{"id":9541,"href":"https:\/\/securehubtec.com\/fr\/wp-json\/wp\/v2\/product\/9539\/revisions\/9541"}],"wp:featuredmedia":[{"embeddable":true,"href":"https:\/\/securehubtec.com\/fr\/wp-json\/wp\/v2\/media\/9540"}],"wp:attachment":[{"href":"https:\/\/securehubtec.com\/fr\/wp-json\/wp\/v2\/media?parent=9539"}],"wp:term":[{"taxonomy":"product_cat","embeddable":true,"href":"https:\/\/securehubtec.com\/fr\/wp-json\/wp\/v2\/product_cat?post=9539"},{"taxonomy":"product_tag","embeddable":true,"href":"https:\/\/securehubtec.com\/fr\/wp-json\/wp\/v2\/product_tag?post=9539"}],"curies":[{"name":"wp","href":"https:\/\/api.w.org\/{rel}","templated":true}]}}