{"id":9347,"date":"2025-10-06T02:00:54","date_gmt":"2025-10-05T18:00:54","guid":{"rendered":"https:\/\/securehubtec.com\/?post_type=product&#038;p=9347"},"modified":"2025-10-06T02:00:55","modified_gmt":"2025-10-05T18:00:55","slug":"indoor-monitor-p7008xp","status":"publish","type":"product","link":"https:\/\/securehubtec.com\/fr\/produit\/indoor-monitor-p7008xp\/","title":{"rendered":"Moniteur int\u00e9rieur P7008XP"},"content":{"rendered":"<p><strong><span style=\"color: #ffcc00;\">Moniteur int\u00e9rieur P7008XP<\/span><\/strong><br \/>\nPlus qu'une sonnette, c'est votre gardien 24 heures sur 24 et 7 jours sur 7,<span data-leaf=\"true\"><span class=\"lb\">Dans le secteur mondial de la s\u00e9curit\u00e9 intelligente en constante \u00e9volution, DRSECURE s'est impos\u00e9e comme un pionnier de la s\u00e9curit\u00e9 intelligente. <\/span><\/span><span data-leaf=\"true\"><span class=\"lb\">Fabrication d'interphones intelligents<\/span><\/span><span data-leaf=\"true\"><span class=\"lb\"> L'objectif de la soci\u00e9t\u00e9 est de fournir \u00e0 ses clients \u00e9trangers des solutions de s\u00e9curit\u00e9 performantes et conviviales qui allient l'innovation \u00e0 la praticit\u00e9. Nous savons que la s\u00e9curit\u00e9 et la commodit\u00e9 ne sont pas n\u00e9gociables pour les maisons, les appartements et les espaces commerciaux du monde entier. C'est pourquoi notre gamme de produits est soigneusement con\u00e7ue pour couvrir tous les besoins critiques de l'\u00e9cosyst\u00e8me de la s\u00e9curit\u00e9 intelligente. Que vous soyez un distributeur cherchant \u00e0 \u00e9largir sa gamme de produits avec des marques de confiance, un promoteur immobilier souhaitant \u00e9quiper de nouveaux complexes r\u00e9sidentiels avec des syst\u00e8mes de s\u00e9curit\u00e9 de premier ordre, ou un propri\u00e9taire d'entreprise cherchant \u00e0 am\u00e9liorer la s\u00e9curit\u00e9 de son lieu de travail, DRSECURE est pr\u00eat \u00e0 r\u00e9pondre \u00e0 vos demandes. Notre marque est fond\u00e9e sur la qualit\u00e9, la fiabilit\u00e9 et l'orientation client, ce qui fait de nous un choix privil\u00e9gi\u00e9 pour les clients de tous les continents qui appr\u00e9cient les solutions de s\u00e9curit\u00e9 durables et conformes.<\/span><\/span><br \/>\n<img fetchpriority=\"high\" decoding=\"async\" class=\"aligncenter size-full wp-image-9328\" src=\"https:\/\/securehubtec.com\/wp-content\/uploads\/2025\/09\/A.jpg\" alt=\"\" width=\"1280\" height=\"710\" srcset=\"https:\/\/securehubtec.com\/wp-content\/uploads\/2025\/09\/A.jpg 1280w, https:\/\/securehubtec.com\/wp-content\/uploads\/2025\/09\/A-300x166.jpg 300w, https:\/\/securehubtec.com\/wp-content\/uploads\/2025\/09\/A-1024x568.jpg 1024w, https:\/\/securehubtec.com\/wp-content\/uploads\/2025\/09\/A-768x426.jpg 768w, https:\/\/securehubtec.com\/wp-content\/uploads\/2025\/09\/A-18x10.jpg 18w, https:\/\/securehubtec.com\/wp-content\/uploads\/2025\/09\/A-600x333.jpg 600w\" sizes=\"(max-width: 1280px) 100vw, 1280px\" \/><span data-leaf=\"true\"><span class=\"lb\">Chez DRSECURE, nous proposons une s\u00e9lection compl\u00e8te de produits d'interphonie et de sonnette con\u00e7us pour r\u00e9pondre \u00e0 divers sc\u00e9narios r\u00e9sidentiels et commerciaux. Pour les propri\u00e9taires qui privil\u00e9gient la simplicit\u00e9 et l'efficacit\u00e9 de la communication, nos produits d'interphone et de sonnette sont con\u00e7us pour r\u00e9pondre \u00e0 leurs besoins. <\/span><\/span><span data-leaf=\"true\"><span class=\"lb\">Sonnette de porte \u00e0 2 voies<\/span><\/span><span data-leaf=\"true\"><span class=\"lb\"> et classique <\/span><\/span><span data-leaf=\"true\"><span class=\"lb\">Sonnette<\/span><\/span><span data-leaf=\"true\"><span class=\"lb\"> offrent un son d'une grande clart\u00e9 et une installation facile, tandis que nos <\/span><\/span><span data-leaf=\"true\"><span class=\"lb\">sonnette de porte d'appartement<\/span><\/span><span data-leaf=\"true\"><span class=\"lb\"> est con\u00e7u pour r\u00e9pondre aux besoins uniques des immeubles \u00e0 logements multiples, garantissant une interaction transparente avec les visiteurs. Pour ceux qui recherchent des capacit\u00e9s de surveillance avanc\u00e9es, notre <\/span><\/span><span data-leaf=\"true\"><span class=\"lb\">cam\u00e9ra de sonnette<\/span><\/span><span data-leaf=\"true\"><span class=\"lb\"> se distingue par un flux vid\u00e9o en temps r\u00e9el, des alertes de d\u00e9tection de mouvement et un acc\u00e8s \u00e0 distance via des applications mobiles, permettant aux utilisateurs de garder un \u0153il sur leurs entr\u00e9es, o\u00f9 qu'ils se trouvent. Nous excellons \u00e9galement dans les solutions interconnect\u00e9es : notre <\/span><\/span><span data-leaf=\"true\"><span class=\"lb\">Interphone bidirectionnel<\/span><\/span><span data-leaf=\"true\"><span class=\"lb\"> et <\/span><\/span><span data-leaf=\"true\"><span class=\"lb\">sonnette interphone<\/span><\/span><span data-leaf=\"true\"><span class=\"lb\"> permettent une communication fluide entre les r\u00e9sidents et les visiteurs. <\/span><\/span><span data-leaf=\"true\"><span class=\"lb\">T\u00e9l\u00e9phones de porte intelligents<\/span><\/span><span data-leaf=\"true\"><span class=\"lb\"> et <\/span><\/span><span data-leaf=\"true\"><span class=\"lb\">interphone intelligent<\/span><\/span><span data-leaf=\"true\"><span class=\"lb\"> s'int\u00e8grent aux plateformes modernes de maisons intelligentes, offrant des fonctionnalit\u00e9s telles que la commande vocale et l'automatisation. Pour les grands projets r\u00e9sidentiels, notre <\/span><\/span><span data-leaf=\"true\"><span class=\"lb\">Interphone intelligent pour appartement<\/span><\/span><span data-leaf=\"true\"><span class=\"lb\"> et <\/span><\/span><span data-leaf=\"true\"><span class=\"lb\">Interphone intelligent pour immeubles d'habitation<\/span><\/span><span data-leaf=\"true\"><span class=\"lb\"> rationaliser la gestion des visiteurs, r\u00e9duire les charges administratives et am\u00e9liorer la s\u00e9curit\u00e9 globale pour les r\u00e9sidents et les gestionnaires immobiliers.<\/span><\/span><br \/>\n<img decoding=\"async\" class=\"aligncenter wp-image-9329 size-full lazyload\" data-src=\"https:\/\/securehubtec.com\/wp-content\/uploads\/2025\/09\/B.jpg\" alt=\"Indoor Monitor P7007PRO\" width=\"1280\" height=\"961\" data-srcset=\"https:\/\/securehubtec.com\/wp-content\/uploads\/2025\/09\/B.jpg 1280w, https:\/\/securehubtec.com\/wp-content\/uploads\/2025\/09\/B-300x225.jpg 300w, https:\/\/securehubtec.com\/wp-content\/uploads\/2025\/09\/B-1024x769.jpg 1024w, https:\/\/securehubtec.com\/wp-content\/uploads\/2025\/09\/B-768x577.jpg 768w, https:\/\/securehubtec.com\/wp-content\/uploads\/2025\/09\/B-16x12.jpg 16w, https:\/\/securehubtec.com\/wp-content\/uploads\/2025\/09\/B-600x450.jpg 600w\" data-sizes=\"(max-width: 1280px) 100vw, 1280px\" src=\"data:image\/svg+xml;base64,PHN2ZyB3aWR0aD0iMSIgaGVpZ2h0PSIxIiB4bWxucz0iaHR0cDovL3d3dy53My5vcmcvMjAwMC9zdmciPjwvc3ZnPg==\" style=\"--smush-placeholder-width: 1280px; --smush-placeholder-aspect-ratio: 1280\/961;\" \/><span data-leaf=\"true\"><span class=\"lb\">u-del\u00e0 des interphones et des sonnettes, DRSECURE propose une gamme compl\u00e8te de solutions de contr\u00f4le d'acc\u00e8s et d'entr\u00e9e intelligente qui red\u00e9finissent la mani\u00e8re dont les espaces sont s\u00e9curis\u00e9s. Nos solutions de contr\u00f4le d'acc\u00e8s <\/span><\/span><span data-leaf=\"true\"><span class=\"lb\">syst\u00e8mes de contr\u00f4le d'acc\u00e8s<\/span><\/span><span data-leaf=\"true\"><span class=\"lb\"> sont con\u00e7us pour offrir une gestion flexible et \u00e9volutive pour les b\u00e2timents commerciaux, les bureaux et les installations industrielles, permettant aux administrateurs de g\u00e9rer les autorisations d'acc\u00e8s efficacement et \u00e0 distance. En compl\u00e9ment de ces syst\u00e8mes, nos <\/span><\/span><span data-leaf=\"true\"><span class=\"lb\">Entr\u00e9e sans cl\u00e9<\/span><\/span><span data-leaf=\"true\"><span class=\"lb\"> \u00e9liminent les probl\u00e8mes li\u00e9s aux cl\u00e9s physiques, en utilisant des identifiants de smartphone, des porte-cl\u00e9s ou des donn\u00e9es biom\u00e9triques pour accorder l'acc\u00e8s, ce qui ajoute \u00e0 la commodit\u00e9 sans compromettre la s\u00e9curit\u00e9. Nous r\u00e9pondons \u00e9galement aux besoins de s\u00e9curit\u00e9 des entrep\u00f4ts sp\u00e9cialis\u00e9s avec nos <\/span><\/span><span data-leaf=\"true\"><span class=\"lb\">casier intelligent s\u00e9curis\u00e9<\/span><\/span><span data-leaf=\"true\"><span class=\"lb\"> qui se caract\u00e9risent par une conception inviolable, un suivi des acc\u00e8s en temps r\u00e9el et une gestion bas\u00e9e sur le cloud. Ces casiers sont id\u00e9aux pour les salles de sport, les espaces de travail, les \u00e9coles et les magasins de d\u00e9tail, offrant aux utilisateurs une tranquillit\u00e9 d'esprit et aux responsables une visibilit\u00e9 totale sur l'utilisation de l'espace de stockage. Chaque produit de cette gamme est con\u00e7u pour r\u00e9sister \u00e0 une utilisation intensive et \u00e0 diverses conditions environnementales, ce qui garantit des performances fiables \u00e0 nos clients \u00e9trangers.<\/span><\/span><br \/>\n<img decoding=\"async\" class=\"aligncenter size-full wp-image-9330 lazyload\" data-src=\"https:\/\/securehubtec.com\/wp-content\/uploads\/2025\/09\/C.jpg\" alt=\"\" width=\"1280\" height=\"1053\" data-srcset=\"https:\/\/securehubtec.com\/wp-content\/uploads\/2025\/09\/C.jpg 1280w, https:\/\/securehubtec.com\/wp-content\/uploads\/2025\/09\/C-300x247.jpg 300w, https:\/\/securehubtec.com\/wp-content\/uploads\/2025\/09\/C-1024x842.jpg 1024w, https:\/\/securehubtec.com\/wp-content\/uploads\/2025\/09\/C-768x632.jpg 768w, https:\/\/securehubtec.com\/wp-content\/uploads\/2025\/09\/C-15x12.jpg 15w, https:\/\/securehubtec.com\/wp-content\/uploads\/2025\/09\/C-600x494.jpg 600w\" data-sizes=\"(max-width: 1280px) 100vw, 1280px\" src=\"data:image\/svg+xml;base64,PHN2ZyB3aWR0aD0iMSIgaGVpZ2h0PSIxIiB4bWxucz0iaHR0cDovL3d3dy53My5vcmcvMjAwMC9zdmciPjwvc3ZnPg==\" style=\"--smush-placeholder-width: 1280px; --smush-placeholder-aspect-ratio: 1280\/1053;\" \/><span data-leaf=\"true\"><span class=\"lb\">L'un des principaux avantages de DRSECURE sur le march\u00e9 mondial est son adh\u00e9sion stricte aux normes internationales de qualit\u00e9 et de s\u00e9curit\u00e9. Tous nos produits, y compris nos populaires <\/span><\/span><span data-leaf=\"true\"><span class=\"lb\">interphone vid\u00e9o<\/span><\/span><span data-leaf=\"true\"><span class=\"lb\"> et <\/span><\/span><span data-leaf=\"true\"><span class=\"lb\">Interphone vid\u00e9o intelligent<\/span><\/span><span data-leaf=\"true\"><span class=\"lb\"> Les syst\u00e8mes d'information et de communication de l'Union europ\u00e9enne (UIT) sont en cours d'\u00e9laboration. <\/span><\/span><span data-leaf=\"true\"><span class=\"lb\">CE<\/span><\/span><span data-leaf=\"true\"><span class=\"lb\"> et <\/span><\/span><span data-leaf=\"true\"><span class=\"lb\">FCC<\/span><\/span><span data-leaf=\"true\"><span class=\"lb\"> certifications. Ces certifications sont plus que de simples r\u00e9f\u00e9rences : elles prouvent que nos produits r\u00e9pondent aux exigences rigoureuses en mati\u00e8re de performance, de s\u00e9curit\u00e9 et de compatibilit\u00e9 \u00e9lectromagn\u00e9tique de l'Union europ\u00e9enne et de l'Am\u00e9rique du Nord, deux des march\u00e9s les plus r\u00e9glement\u00e9s et les plus comp\u00e9titifs au monde. Pour les clients \u00e9trangers, cela signifie que nos produits peuvent \u00eatre import\u00e9s, distribu\u00e9s et vendus sans obstacles r\u00e9glementaires, ce qui permet de gagner du temps et d'\u00e9conomiser des ressources. En outre, nous soumettons chaque produit \u00e0 des tests rigoureux avant qu'il ne quitte notre usine, qu'il s'agisse d'\u00e9valuations de la durabilit\u00e9 ou de v\u00e9rifications de la fonctionnalit\u00e9, afin de garantir que chaque unit\u00e9 respecte ou d\u00e9passe les normes les plus strictes de l'industrie. Cet engagement en faveur de la qualit\u00e9 nous a valu une r\u00e9putation de fiabilit\u00e9 et de confiance aupr\u00e8s de nos clients du monde entier.<\/span><\/span><br \/>\n<img decoding=\"async\" class=\"aligncenter size-full wp-image-9331 lazyload\" data-src=\"https:\/\/securehubtec.com\/wp-content\/uploads\/2025\/09\/D.jpg\" alt=\"\" width=\"1280\" height=\"620\" data-srcset=\"https:\/\/securehubtec.com\/wp-content\/uploads\/2025\/09\/D.jpg 1280w, https:\/\/securehubtec.com\/wp-content\/uploads\/2025\/09\/D-300x145.jpg 300w, https:\/\/securehubtec.com\/wp-content\/uploads\/2025\/09\/D-1024x496.jpg 1024w, https:\/\/securehubtec.com\/wp-content\/uploads\/2025\/09\/D-768x372.jpg 768w, https:\/\/securehubtec.com\/wp-content\/uploads\/2025\/09\/D-18x9.jpg 18w, https:\/\/securehubtec.com\/wp-content\/uploads\/2025\/09\/D-600x291.jpg 600w\" data-sizes=\"(max-width: 1280px) 100vw, 1280px\" src=\"data:image\/svg+xml;base64,PHN2ZyB3aWR0aD0iMSIgaGVpZ2h0PSIxIiB4bWxucz0iaHR0cDovL3d3dy53My5vcmcvMjAwMC9zdmciPjwvc3ZnPg==\" style=\"--smush-placeholder-width: 1280px; --smush-placeholder-aspect-ratio: 1280\/620;\" \/><\/p>\n<div class=\"ace-line\" dir=\"auto\" data-node=\"true\"><span data-string=\"true\" data-enter=\"true\" data-leaf=\"true\"><span class=\"lb\">S'associer \u00e0 DRSECURE, c'est gagner plus qu'un simple fournisseur - c'est collaborer avec une \u00e9quipe qui se consacre \u00e0 votre succ\u00e8s. Nous comprenons que chaque march\u00e9 \u00e9tranger a des pr\u00e9f\u00e9rences et des exigences uniques, c'est pourquoi nous offrons des options de personnalisation flexibles. Que vous ayez besoin d'ajuster la conception d'un <\/span><span class=\"lb\">interphone intelligent<\/span><span class=\"lb\"> pour s'harmoniser avec l'esth\u00e9tique locale, int\u00e9grer les protocoles de communication r\u00e9gionaux dans un syst\u00e8me de gestion de l'information. <\/span><span class=\"lb\">syst\u00e8me de contr\u00f4le d'acc\u00e8s<\/span><span class=\"lb\"> ou d'ajouter une prise en charge multilingue \u00e0 un <\/span><span class=\"lb\">cam\u00e9ra de sonnette<\/span><span class=\"lb\"> Dans le cadre de la mise en \u0153uvre de l'application, notre \u00e9quipe d'ing\u00e9nieurs travaillera en \u00e9troite collaboration avec vous pour vous proposer des solutions sur mesure. Nous fournissons \u00e9galement une assistance client\u00e8le exceptionnelle, avec une \u00e9quipe disponible 24 heures sur 24 et 7 jours sur 7 pour vous aider dans l'installation, le d\u00e9pannage et le service apr\u00e8s-vente. De plus, notre cha\u00eene d'approvisionnement efficace et nos prix comp\u00e9titifs vous permettent de maximiser votre rentabilit\u00e9 tout en offrant \u00e0 vos clients des produits de s\u00e9curit\u00e9 de premi\u00e8re qualit\u00e9. Avec DRSECURE comme partenaire, vous pouvez naviguer en toute confiance sur le march\u00e9 mondial de la s\u00e9curit\u00e9 intelligente, sachant que vous avez un alli\u00e9 fiable et innovant \u00e0 vos c\u00f4t\u00e9s.<\/span>\u200b<\/span><\/div>","protected":false},"excerpt":{"rendered":"<p>Mod\u00e8le\uff1aP7008XP<br \/>\nDimension\uff1a210x145x20 mm<\/p>\n<p>\u221a DC12V ou POE (IEEE 802.3AF)<br \/>\n<strong><span style=\"color: #ff0000;\">\u221a 7\" IPS LCD, 1024*600<\/span><\/strong><br \/>\n\u221a Le Wi-Fi est en option<br \/>\n\u221a ABS<br \/>\n\u221a Vid\u00e9o H.264\/H.265, Audio G.711<br \/>\n\u221a Sonnerie \u226570dB<br \/>\n\u221a Puissance de fonctionnement &lt; 5W<br \/>\n\u221a Temp\u00e9rature de fonctionnement 0\u2103 ~ +50\u2103<br \/>\n\u221a Montage mural<br \/>\n\u221a Syst\u00e8me Linux<br \/>\n\u221a Interphone vid\u00e9o<br \/>\n\u221a Annulation de l'\u00e9cho<br \/>\n\u221a Moniteur IPC (24 heures, affichage quadruple)<br \/>\n\u221a Station ext\u00e9rieure de surveillance<br \/>\n\u221a Alarme : SOS, d\u00e9tection de gaz, connexion c\u00e2bl\u00e9e \u00e0 4 canaux<br \/>\n\u221a Tuya Home : Optionnel<\/p>","protected":false},"featured_media":9551,"comment_status":"open","ping_status":"closed","template":"","meta":{"site-sidebar-layout":"default","site-content-layout":"","ast-site-content-layout":"default","site-content-style":"default","site-sidebar-style":"default","ast-global-header-display":"","ast-banner-title-visibility":"","ast-main-header-display":"","ast-hfb-above-header-display":"","ast-hfb-below-header-display":"","ast-hfb-mobile-header-display":"","site-post-title":"","ast-breadcrumbs-content":"","ast-featured-img":"","footer-sml-layout":"","theme-transparent-header-meta":"default","adv-header-id-meta":"","stick-header-meta":"default","header-above-stick-meta":"","header-main-stick-meta":"","header-below-stick-meta":"","astra-migrate-meta-layouts":"set","ast-page-background-enabled":"default","ast-page-background-meta":{"desktop":{"background-color":"","background-image":"","background-repeat":"repeat","background-position":"center center","background-size":"auto","background-attachment":"scroll","background-type":"","background-media":"","overlay-type":"","overlay-color":"","overlay-opacity":"","overlay-gradient":""},"tablet":{"background-color":"","background-image":"","background-repeat":"repeat","background-position":"center center","background-size":"auto","background-attachment":"scroll","background-type":"","background-media":"","overlay-type":"","overlay-color":"","overlay-opacity":"","overlay-gradient":""},"mobile":{"background-color":"","background-image":"","background-repeat":"repeat","background-position":"center center","background-size":"auto","background-attachment":"scroll","background-type":"","background-media":"","overlay-type":"","overlay-color":"","overlay-opacity":"","overlay-gradient":""}},"ast-content-background-meta":{"desktop":{"background-color":"var(--ast-global-color-5)","background-image":"","background-repeat":"repeat","background-position":"center center","background-size":"auto","background-attachment":"scroll","background-type":"","background-media":"","overlay-type":"","overlay-color":"","overlay-opacity":"","overlay-gradient":""},"tablet":{"background-color":"var(--ast-global-color-5)","background-image":"","background-repeat":"repeat","background-position":"center center","background-size":"auto","background-attachment":"scroll","background-type":"","background-media":"","overlay-type":"","overlay-color":"","overlay-opacity":"","overlay-gradient":""},"mobile":{"background-color":"var(--ast-global-color-5)","background-image":"","background-repeat":"repeat","background-position":"center center","background-size":"auto","background-attachment":"scroll","background-type":"","background-media":"","overlay-type":"","overlay-color":"","overlay-opacity":"","overlay-gradient":""}}},"product_cat":[123,15],"product_tag":[],"class_list":{"0":"post-9347","1":"product","2":"type-product","3":"status-publish","4":"has-post-thumbnail","6":"product_cat-video-intercom","7":"product_cat-product","8":"desktop-align-left","9":"tablet-align-left","10":"mobile-align-left","11":"ast-product-gallery-layout-horizontal-slider","12":"ast-product-tabs-layout-horizontal","14":"first","15":"instock","16":"shipping-taxable","17":"product-type-simple"},"_links":{"self":[{"href":"https:\/\/securehubtec.com\/fr\/wp-json\/wp\/v2\/product\/9347","targetHints":{"allow":["GET"]}}],"collection":[{"href":"https:\/\/securehubtec.com\/fr\/wp-json\/wp\/v2\/product"}],"about":[{"href":"https:\/\/securehubtec.com\/fr\/wp-json\/wp\/v2\/types\/product"}],"replies":[{"embeddable":true,"href":"https:\/\/securehubtec.com\/fr\/wp-json\/wp\/v2\/comments?post=9347"}],"version-history":[{"count":2,"href":"https:\/\/securehubtec.com\/fr\/wp-json\/wp\/v2\/product\/9347\/revisions"}],"predecessor-version":[{"id":9553,"href":"https:\/\/securehubtec.com\/fr\/wp-json\/wp\/v2\/product\/9347\/revisions\/9553"}],"wp:featuredmedia":[{"embeddable":true,"href":"https:\/\/securehubtec.com\/fr\/wp-json\/wp\/v2\/media\/9551"}],"wp:attachment":[{"href":"https:\/\/securehubtec.com\/fr\/wp-json\/wp\/v2\/media?parent=9347"}],"wp:term":[{"taxonomy":"product_cat","embeddable":true,"href":"https:\/\/securehubtec.com\/fr\/wp-json\/wp\/v2\/product_cat?post=9347"},{"taxonomy":"product_tag","embeddable":true,"href":"https:\/\/securehubtec.com\/fr\/wp-json\/wp\/v2\/product_tag?post=9347"}],"curies":[{"name":"wp","href":"https:\/\/api.w.org\/{rel}","templated":true}]}}