{"id":9486,"date":"2025-10-03T23:56:23","date_gmt":"2025-10-03T15:56:23","guid":{"rendered":"https:\/\/securehubtec.com\/?page_id=9486"},"modified":"2025-10-03T23:56:23","modified_gmt":"2025-10-03T15:56:23","slug":"security-alarm-system","status":"publish","type":"page","link":"https:\/\/securehubtec.com\/fr\/security-alarm-system\/","title":{"rendered":"Syst\u00e8me d'alarme de s\u00e9curit\u00e9"},"content":{"rendered":"<h1 class=\"header-iWP5WJ auto-hide-last-sibling-br\">Syst\u00e8me d'alarme de s\u00e9curit\u00e9 avanc\u00e9 : Prot\u00e9gez votre espace gr\u00e2ce \u00e0 une protection intelligente<\/h1>\n<div class=\"container-Uxvbjy md-box-line-break wrapper-GYqxgQ undefined\"><\/div>\n<div class=\"auto-hide-last-sibling-br paragraph-pP9ZLC paragraph-element br-paragraph-space\">Dans le monde d'aujourd'hui, assurer la s\u00e9curit\u00e9 des habitations, des bureaux et de diverses propri\u00e9t\u00e9s est une priorit\u00e9 absolue. Notre syst\u00e8me d'alarme de s\u00e9curit\u00e9 offre une solution compl\u00e8te et intelligente, combinant une technologie de pointe et une conception conviviale pour assurer une protection 24 heures sur 24. Qu'il soit destin\u00e9 \u00e0 un usage r\u00e9sidentiel, \u00e0 des b\u00e2timents commerciaux ou \u00e0 des sites industriels, ce syst\u00e8me est con\u00e7u pour d\u00e9tecter rapidement les menaces potentielles et y r\u00e9pondre efficacement.<\/div>\n<p><img fetchpriority=\"high\" decoding=\"async\" class=\"aligncenter size-full wp-image-9488\" src=\"https:\/\/securehubtec.com\/wp-content\/uploads\/2025\/10\/Smart-Video-Intercom-w-1.jpg\" alt=\"\" width=\"1000\" height=\"764\" srcset=\"https:\/\/securehubtec.com\/wp-content\/uploads\/2025\/10\/Smart-Video-Intercom-w-1.jpg 1000w, https:\/\/securehubtec.com\/wp-content\/uploads\/2025\/10\/Smart-Video-Intercom-w-1-300x229.jpg 300w, https:\/\/securehubtec.com\/wp-content\/uploads\/2025\/10\/Smart-Video-Intercom-w-1-768x587.jpg 768w, https:\/\/securehubtec.com\/wp-content\/uploads\/2025\/10\/Smart-Video-Intercom-w-1-16x12.jpg 16w, https:\/\/securehubtec.com\/wp-content\/uploads\/2025\/10\/Smart-Video-Intercom-w-1-600x458.jpg 600w\" sizes=\"(max-width: 1000px) 100vw, 1000px\" \/>Le moniteur int\u00e9rieur du syst\u00e8me sert de hub central, \u00e9quip\u00e9 de plusieurs ports pour une int\u00e9gration transparente. Le port RJ45 est compatible avec la norme POE 802.3af, ce qui facilite la connexion au r\u00e9seau en se branchant sur le port d'un commutateur. Il dispose d'une entr\u00e9e (DC12V\/500mA) et de ports de sortie pour alimenter l'\u00e9quipement de la zone de s\u00e9curit\u00e9. Le port RS485 permet de connecter des dispositifs d'extension, et le port de s\u00e9curit\u00e9 fournit des entr\u00e9es d'alarme de s\u00e9curit\u00e9 \u00e0 4 voies pour des signaux tels que SOS, alarmes de gaz et alarmes de fum\u00e9e. Par exemple, un bouton SOS peut \u00eatre install\u00e9 pr\u00e8s des toilettes dans la salle de bain, un d\u00e9tecteur de fum\u00e9e dans la cuisine (aliment\u00e9 par le moniteur), un d\u00e9tecteur de gaz \u00e9galement dans la cuisine (aliment\u00e9 par le moniteur) et un d\u00e9tecteur infrarouge dans les zones appropri\u00e9es (aliment\u00e9 par le moniteur). Tous ces appareils peuvent \u00eatre connect\u00e9s \u00e0 l'aide des c\u00e2bles recommand\u00e9s (tels que RVV2<em>0,3 ou plus, RVV4<\/em>0,3 ou plus) dans un rayon de 30 m\u00e8tres, ce qui garantit une transmission fiable du signal.<br \/>\n<img decoding=\"async\" class=\"aligncenter size-full wp-image-9489 lazyload\" data-src=\"https:\/\/securehubtec.com\/wp-content\/uploads\/2025\/10\/Smart-Video-Intercom-x.jpg\" alt=\"\" width=\"1000\" height=\"615\" data-srcset=\"https:\/\/securehubtec.com\/wp-content\/uploads\/2025\/10\/Smart-Video-Intercom-x.jpg 1000w, https:\/\/securehubtec.com\/wp-content\/uploads\/2025\/10\/Smart-Video-Intercom-x-300x185.jpg 300w, https:\/\/securehubtec.com\/wp-content\/uploads\/2025\/10\/Smart-Video-Intercom-x-768x472.jpg 768w, https:\/\/securehubtec.com\/wp-content\/uploads\/2025\/10\/Smart-Video-Intercom-x-18x12.jpg 18w, https:\/\/securehubtec.com\/wp-content\/uploads\/2025\/10\/Smart-Video-Intercom-x-600x369.jpg 600w\" data-sizes=\"(max-width: 1000px) 100vw, 1000px\" src=\"data:image\/svg+xml;base64,PHN2ZyB3aWR0aD0iMSIgaGVpZ2h0PSIxIiB4bWxucz0iaHR0cDovL3d3dy53My5vcmcvMjAwMC9zdmciPjwvc3ZnPg==\" style=\"--smush-placeholder-width: 1000px; --smush-placeholder-aspect-ratio: 1000\/615;\" \/><br \/>\nEn compl\u00e9ment du moniteur int\u00e9rieur, la cam\u00e9ra sonnette ajoute une couche suppl\u00e9mentaire de s\u00e9curit\u00e9 au point d'entr\u00e9e. Son port RJ45 est \u00e9galement compatible avec la norme POE 802.3af pour la connexion au r\u00e9seau. Les fils de connexion offrent diverses fonctions : les deux fils verts fournissent un signal d'ouverture de porte \u00e0 contact sec \u00e0 1 voie ; un court-circuit entre ADMIN et la masse permet de passer en mode d'enregistrement de la carte d'administrateur ; un court-circuit entre PUSH et la masse d\u00e9clenche le signal d'ouverture de porte ; un bouton de r\u00e9initialisation permet de r\u00e9initialiser le syst\u00e8me ; la connexion RS485 (fil bleu B, fil jaune A) permet de se connecter \u00e0 un contr\u00f4leur de porte \u00e0 4 voies ; et l'alimentation est fournie par le fil rouge (DC12V) et le fil noir (masse GND, entr\u00e9e DC12V\/500mA). Avec des d\u00e9finitions de c\u00e2blage claires (NO, COM, ADD_C, PUSH, GND, RESET, 485A, 485B, DC12V, etc.), la cam\u00e9ra sonnette assure une communication et un contr\u00f4le fluides avec les autres composants du syst\u00e8me, am\u00e9liorant la configuration de s\u00e9curit\u00e9 globale en surveillant et en g\u00e9rant l'acc\u00e8s \u00e0 la porte tout en travaillant en tandem avec les dispositifs de s\u00e9curit\u00e9 int\u00e9rieurs. Ensemble, le moniteur int\u00e9rieur et la cam\u00e9ra sonnette forment un syst\u00e8me d'alarme de s\u00e9curit\u00e9 robuste qui non seulement d\u00e9tecte les intrusions et les dangers, mais g\u00e8re \u00e9galement l'acc\u00e8s de mani\u00e8re efficace, vous donnant la tranquillit\u00e9 d'esprit de savoir que votre espace est bien prot\u00e9g\u00e9.<\/p>","protected":false},"excerpt":{"rendered":"<p>Advanced Security Alarm System: Safeguard Your Space with Intelligent Protection In today&#8217;s world, ensuring the safety of homes, offices, and [&hellip;]<\/p>","protected":false},"author":1,"featured_media":9487,"parent":0,"menu_order":0,"comment_status":"closed","ping_status":"closed","template":"","meta":{"site-sidebar-layout":"default","site-content-layout":"","ast-site-content-layout":"default","site-content-style":"default","site-sidebar-style":"default","ast-global-header-display":"","ast-banner-title-visibility":"","ast-main-header-display":"","ast-hfb-above-header-display":"","ast-hfb-below-header-display":"","ast-hfb-mobile-header-display":"","site-post-title":"","ast-breadcrumbs-content":"","ast-featured-img":"","footer-sml-layout":"","theme-transparent-header-meta":"default","adv-header-id-meta":"","stick-header-meta":"default","header-above-stick-meta":"","header-main-stick-meta":"","header-below-stick-meta":"","astra-migrate-meta-layouts":"set","ast-page-background-enabled":"default","ast-page-background-meta":{"desktop":{"background-color":"","background-image":"","background-repeat":"repeat","background-position":"center center","background-size":"auto","background-attachment":"scroll","background-type":"","background-media":"","overlay-type":"","overlay-color":"","overlay-opacity":"","overlay-gradient":""},"tablet":{"background-color":"","background-image":"","background-repeat":"repeat","background-position":"center center","background-size":"auto","background-attachment":"scroll","background-type":"","background-media":"","overlay-type":"","overlay-color":"","overlay-opacity":"","overlay-gradient":""},"mobile":{"background-color":"","background-image":"","background-repeat":"repeat","background-position":"center center","background-size":"auto","background-attachment":"scroll","background-type":"","background-media":"","overlay-type":"","overlay-color":"","overlay-opacity":"","overlay-gradient":""}},"ast-content-background-meta":{"desktop":{"background-color":"var(--ast-global-color-5)","background-image":"","background-repeat":"repeat","background-position":"center center","background-size":"auto","background-attachment":"scroll","background-type":"","background-media":"","overlay-type":"","overlay-color":"","overlay-opacity":"","overlay-gradient":""},"tablet":{"background-color":"var(--ast-global-color-5)","background-image":"","background-repeat":"repeat","background-position":"center center","background-size":"auto","background-attachment":"scroll","background-type":"","background-media":"","overlay-type":"","overlay-color":"","overlay-opacity":"","overlay-gradient":""},"mobile":{"background-color":"var(--ast-global-color-5)","background-image":"","background-repeat":"repeat","background-position":"center center","background-size":"auto","background-attachment":"scroll","background-type":"","background-media":"","overlay-type":"","overlay-color":"","overlay-opacity":"","overlay-gradient":""}},"footnotes":""},"class_list":["post-9486","page","type-page","status-publish","has-post-thumbnail","hentry"],"_links":{"self":[{"href":"https:\/\/securehubtec.com\/fr\/wp-json\/wp\/v2\/pages\/9486","targetHints":{"allow":["GET"]}}],"collection":[{"href":"https:\/\/securehubtec.com\/fr\/wp-json\/wp\/v2\/pages"}],"about":[{"href":"https:\/\/securehubtec.com\/fr\/wp-json\/wp\/v2\/types\/page"}],"author":[{"embeddable":true,"href":"https:\/\/securehubtec.com\/fr\/wp-json\/wp\/v2\/users\/1"}],"replies":[{"embeddable":true,"href":"https:\/\/securehubtec.com\/fr\/wp-json\/wp\/v2\/comments?post=9486"}],"version-history":[{"count":2,"href":"https:\/\/securehubtec.com\/fr\/wp-json\/wp\/v2\/pages\/9486\/revisions"}],"predecessor-version":[{"id":9492,"href":"https:\/\/securehubtec.com\/fr\/wp-json\/wp\/v2\/pages\/9486\/revisions\/9492"}],"wp:featuredmedia":[{"embeddable":true,"href":"https:\/\/securehubtec.com\/fr\/wp-json\/wp\/v2\/media\/9487"}],"wp:attachment":[{"href":"https:\/\/securehubtec.com\/fr\/wp-json\/wp\/v2\/media?parent=9486"}],"curies":[{"name":"wp","href":"https:\/\/api.w.org\/{rel}","templated":true}]}}