{"id":9479,"date":"2025-10-03T23:44:44","date_gmt":"2025-10-03T15:44:44","guid":{"rendered":"https:\/\/securehubtec.com\/?page_id=9479"},"modified":"2025-10-03T23:44:44","modified_gmt":"2025-10-03T15:44:44","slug":"access-control-system","status":"publish","type":"page","link":"https:\/\/securehubtec.com\/fr\/access-control-system\/","title":{"rendered":"Syst\u00e8me de contr\u00f4le d'acc\u00e8s"},"content":{"rendered":"<div class=\"auto-hide-last-sibling-br paragraph-pP9ZLC paragraph-element br-paragraph-space\">\n<h1 class=\"header-iWP5WJ auto-hide-last-sibling-br\">Renforcez la s\u00e9curit\u00e9 avec notre syst\u00e8me de contr\u00f4le d'acc\u00e8s de pointe<\/h1>\n<div class=\"container-Uxvbjy md-box-line-break wrapper-GYqxgQ undefined\"><\/div>\n<div class=\"auto-hide-last-sibling-br paragraph-pP9ZLC paragraph-element br-paragraph-space\">\u00c0 une \u00e9poque o\u00f9 la s\u00e9curit\u00e9 est primordiale pour les habitations, les entreprises et les installations de toutes sortes, notre syst\u00e8me de contr\u00f4le d'acc\u00e8s change la donne. Il est m\u00e9ticuleusement con\u00e7u pour offrir une protection, une commodit\u00e9 et une adaptabilit\u00e9 de premier ordre, en veillant \u00e0 ce que seules les personnes autoris\u00e9es acc\u00e8dent aux zones restreintes. Que vous s\u00e9curisiez un complexe r\u00e9sidentiel, un b\u00e2timent commercial anim\u00e9 ou un vaste site industriel, ce syst\u00e8me est votre gardien fiable.<\/div>\n<\/div>\n<p><img fetchpriority=\"high\" decoding=\"async\" class=\"aligncenter size-full wp-image-9481\" src=\"https:\/\/securehubtec.com\/wp-content\/uploads\/2025\/10\/Smart-Video-Intercom-u-1.jpg\" alt=\"\" width=\"1000\" height=\"973\" srcset=\"https:\/\/securehubtec.com\/wp-content\/uploads\/2025\/10\/Smart-Video-Intercom-u-1.jpg 1000w, https:\/\/securehubtec.com\/wp-content\/uploads\/2025\/10\/Smart-Video-Intercom-u-1-300x292.jpg 300w, https:\/\/securehubtec.com\/wp-content\/uploads\/2025\/10\/Smart-Video-Intercom-u-1-768x747.jpg 768w, https:\/\/securehubtec.com\/wp-content\/uploads\/2025\/10\/Smart-Video-Intercom-u-1-12x12.jpg 12w, https:\/\/securehubtec.com\/wp-content\/uploads\/2025\/10\/Smart-Video-Intercom-u-1-600x584.jpg 600w\" sizes=\"(max-width: 1000px) 100vw, 1000px\" \/>La station ext\u00e9rieure robuste est au c\u0153ur de notre solution. Elle dispose d'un port de sortie de signal de contact sec (NC, normal open), permettant une int\u00e9gration transparente avec des composants de s\u00e9curit\u00e9 tels que les serrures magn\u00e9tiques \u00e9lectriques. Le port RS485, compatible avec les dispositifs d'extension RS485A\/RS485B, permet d'\u00e9tendre facilement le syst\u00e8me. Vous avez besoin d'ajouter des points d'acc\u00e8s ou de connecter des capteurs de s\u00e9curit\u00e9 suppl\u00e9mentaires ? Notre syst\u00e8me s'adapte sans effort \u00e0 l'\u00e9volution de vos besoins en mati\u00e8re de s\u00e9curit\u00e9. L'installation est \u00e9galement un jeu d'enfant - la station ext\u00e9rieure fonctionne sur une simple alimentation DC12V (il est essentiel d'\u00e9viter de la connecter \u00e0 AC220 ou \u00e0 d'autres tensions pour des raisons de s\u00e9curit\u00e9 et de performances optimales), et le port RJ45 simplifie la connexion au r\u00e9seau en se branchant simplement sur le port d'un commutateur conform\u00e9ment \u00e0 la norme T - 568B.<br \/>\n<img decoding=\"async\" class=\"aligncenter size-full wp-image-9482 lazyload\" data-src=\"https:\/\/securehubtec.com\/wp-content\/uploads\/2025\/10\/Smart-Video-Intercom-v.jpg\" alt=\"\" width=\"1000\" height=\"1398\" data-srcset=\"https:\/\/securehubtec.com\/wp-content\/uploads\/2025\/10\/Smart-Video-Intercom-v.jpg 1000w, https:\/\/securehubtec.com\/wp-content\/uploads\/2025\/10\/Smart-Video-Intercom-v-215x300.jpg 215w, https:\/\/securehubtec.com\/wp-content\/uploads\/2025\/10\/Smart-Video-Intercom-v-732x1024.jpg 732w, https:\/\/securehubtec.com\/wp-content\/uploads\/2025\/10\/Smart-Video-Intercom-v-768x1074.jpg 768w, https:\/\/securehubtec.com\/wp-content\/uploads\/2025\/10\/Smart-Video-Intercom-v-9x12.jpg 9w, https:\/\/securehubtec.com\/wp-content\/uploads\/2025\/10\/Smart-Video-Intercom-v-300x419.jpg 300w, https:\/\/securehubtec.com\/wp-content\/uploads\/2025\/10\/Smart-Video-Intercom-v-600x839.jpg 600w\" data-sizes=\"(max-width: 1000px) 100vw, 1000px\" src=\"data:image\/svg+xml;base64,PHN2ZyB3aWR0aD0iMSIgaGVpZ2h0PSIxIiB4bWxucz0iaHR0cDovL3d3dy53My5vcmcvMjAwMC9zdmciPjwvc3ZnPg==\" style=\"--smush-placeholder-width: 1000px; --smush-placeholder-aspect-ratio: 1000\/1398;\" \/><br \/>\nNotre syst\u00e8me offre une gamme compl\u00e8te d'options de contr\u00f4le d'acc\u00e8s. Associ\u00e9 \u00e0 une alimentation de contr\u00f4le d'acc\u00e8s, il fonctionne en parfaite harmonie avec les boutons de sortie et les serrures magn\u00e9tiques \u00e9lectriques. Il suffit de pr\u00e9senter un titre d'acc\u00e8s valide \u00e0 la station ext\u00e9rieure pour que le syst\u00e8me v\u00e9rifie rapidement et envoie un signal de d\u00e9verrouillage. Pour une s\u00e9curit\u00e9 renforc\u00e9e, le contr\u00f4leur d'acc\u00e8s RS485 va encore plus loin, en permettant de g\u00e9rer avec pr\u00e9cision qui peut entrer dans des zones sp\u00e9cifiques et \u00e0 quel moment. De plus, avec la sortie de signal de relais \u00e0 contact sec \u00e0 4 canaux et le contr\u00f4leur de porte \u00e0 4 voies, la gestion simultan\u00e9e de plusieurs portes devient facile, ce qui est id\u00e9al pour les propri\u00e9t\u00e9s \u00e0 grande \u00e9chelle telles que les appartements en hauteur ou les campus industriels tentaculaires. En bref, notre syst\u00e8me de contr\u00f4le d'acc\u00e8s n'est pas seulement un dispositif de s\u00e9curit\u00e9 ; c'est une solution compl\u00e8te et innovante qui allie technologie de pointe, facilit\u00e9 d'utilisation et adaptabilit\u00e9. Mettez-le \u00e0 niveau d\u00e8s aujourd'hui et profitez de la tranquillit\u00e9 d'esprit que procure un contr\u00f4le d'acc\u00e8s de premier ordre.<\/p>","protected":false},"excerpt":{"rendered":"<p>Elevate Security with Our Cutting &#8211; Edge Access Control System In an era where security is paramount for homes, businesses, [&hellip;]<\/p>","protected":false},"author":1,"featured_media":9480,"parent":0,"menu_order":0,"comment_status":"closed","ping_status":"closed","template":"","meta":{"site-sidebar-layout":"default","site-content-layout":"","ast-site-content-layout":"default","site-content-style":"default","site-sidebar-style":"default","ast-global-header-display":"","ast-banner-title-visibility":"","ast-main-header-display":"","ast-hfb-above-header-display":"","ast-hfb-below-header-display":"","ast-hfb-mobile-header-display":"","site-post-title":"","ast-breadcrumbs-content":"","ast-featured-img":"","footer-sml-layout":"","theme-transparent-header-meta":"default","adv-header-id-meta":"","stick-header-meta":"default","header-above-stick-meta":"","header-main-stick-meta":"","header-below-stick-meta":"","astra-migrate-meta-layouts":"set","ast-page-background-enabled":"default","ast-page-background-meta":{"desktop":{"background-color":"","background-image":"","background-repeat":"repeat","background-position":"center center","background-size":"auto","background-attachment":"scroll","background-type":"","background-media":"","overlay-type":"","overlay-color":"","overlay-opacity":"","overlay-gradient":""},"tablet":{"background-color":"","background-image":"","background-repeat":"repeat","background-position":"center center","background-size":"auto","background-attachment":"scroll","background-type":"","background-media":"","overlay-type":"","overlay-color":"","overlay-opacity":"","overlay-gradient":""},"mobile":{"background-color":"","background-image":"","background-repeat":"repeat","background-position":"center center","background-size":"auto","background-attachment":"scroll","background-type":"","background-media":"","overlay-type":"","overlay-color":"","overlay-opacity":"","overlay-gradient":""}},"ast-content-background-meta":{"desktop":{"background-color":"var(--ast-global-color-5)","background-image":"","background-repeat":"repeat","background-position":"center center","background-size":"auto","background-attachment":"scroll","background-type":"","background-media":"","overlay-type":"","overlay-color":"","overlay-opacity":"","overlay-gradient":""},"tablet":{"background-color":"var(--ast-global-color-5)","background-image":"","background-repeat":"repeat","background-position":"center center","background-size":"auto","background-attachment":"scroll","background-type":"","background-media":"","overlay-type":"","overlay-color":"","overlay-opacity":"","overlay-gradient":""},"mobile":{"background-color":"var(--ast-global-color-5)","background-image":"","background-repeat":"repeat","background-position":"center center","background-size":"auto","background-attachment":"scroll","background-type":"","background-media":"","overlay-type":"","overlay-color":"","overlay-opacity":"","overlay-gradient":""}},"footnotes":""},"class_list":["post-9479","page","type-page","status-publish","has-post-thumbnail","hentry"],"_links":{"self":[{"href":"https:\/\/securehubtec.com\/fr\/wp-json\/wp\/v2\/pages\/9479","targetHints":{"allow":["GET"]}}],"collection":[{"href":"https:\/\/securehubtec.com\/fr\/wp-json\/wp\/v2\/pages"}],"about":[{"href":"https:\/\/securehubtec.com\/fr\/wp-json\/wp\/v2\/types\/page"}],"author":[{"embeddable":true,"href":"https:\/\/securehubtec.com\/fr\/wp-json\/wp\/v2\/users\/1"}],"replies":[{"embeddable":true,"href":"https:\/\/securehubtec.com\/fr\/wp-json\/wp\/v2\/comments?post=9479"}],"version-history":[{"count":2,"href":"https:\/\/securehubtec.com\/fr\/wp-json\/wp\/v2\/pages\/9479\/revisions"}],"predecessor-version":[{"id":9485,"href":"https:\/\/securehubtec.com\/fr\/wp-json\/wp\/v2\/pages\/9479\/revisions\/9485"}],"wp:featuredmedia":[{"embeddable":true,"href":"https:\/\/securehubtec.com\/fr\/wp-json\/wp\/v2\/media\/9480"}],"wp:attachment":[{"href":"https:\/\/securehubtec.com\/fr\/wp-json\/wp\/v2\/media?parent=9479"}],"curies":[{"name":"wp","href":"https:\/\/api.w.org\/{rel}","templated":true}]}}