{"id":9471,"date":"2025-10-03T01:16:19","date_gmt":"2025-10-02T17:16:19","guid":{"rendered":"https:\/\/securehubtec.com\/?page_id=9471"},"modified":"2025-10-03T23:26:17","modified_gmt":"2025-10-03T15:26:17","slug":"elevator-control-solution","status":"publish","type":"page","link":"https:\/\/securehubtec.com\/fr\/elevator-control-solution\/","title":{"rendered":"Solution de contr\u00f4le des ascenseurs"},"content":{"rendered":"<h1 class=\"header-iWP5WJ auto-hide-last-sibling-br\">Solution de contr\u00f4le des ascenseurs : Red\u00e9finir l'efficacit\u00e9 et la s\u00e9curit\u00e9 des b\u00e2timents<\/h1>\n<div class=\"container-Uxvbjy md-box-line-break wrapper-GYqxgQ undefined\"><\/div>\n<div class=\"auto-hide-last-sibling-br paragraph-pP9ZLC paragraph-element br-paragraph-space\">Dans le domaine de la gestion moderne des b\u00e2timents, l'efficacit\u00e9 et la s\u00e9curit\u00e9 sont primordiales. Notre solution de contr\u00f4le des ascenseurs change la donne, en s'int\u00e9grant de mani\u00e8re transparente aux syst\u00e8mes d'ascenseurs pour r\u00e9volutionner la gestion de l'acc\u00e8s dans les immeubles r\u00e9sidentiels et commerciaux. Cette solution ne se limite pas \u00e0 contr\u00f4ler les op\u00e9rations des ascenseurs ; elle vise \u00e0 cr\u00e9er un environnement plus intelligent, plus s\u00fbr et plus convivial pour les r\u00e9sidents et les visiteurs.<\/div>\n<p><img fetchpriority=\"high\" decoding=\"async\" class=\"aligncenter size-full wp-image-9473\" src=\"https:\/\/securehubtec.com\/wp-content\/uploads\/2025\/10\/Smart-Video-Intercom-s.jpg\" alt=\"\" width=\"1100\" height=\"1006\" srcset=\"https:\/\/securehubtec.com\/wp-content\/uploads\/2025\/10\/Smart-Video-Intercom-s.jpg 1100w, https:\/\/securehubtec.com\/wp-content\/uploads\/2025\/10\/Smart-Video-Intercom-s-300x274.jpg 300w, https:\/\/securehubtec.com\/wp-content\/uploads\/2025\/10\/Smart-Video-Intercom-s-1024x936.jpg 1024w, https:\/\/securehubtec.com\/wp-content\/uploads\/2025\/10\/Smart-Video-Intercom-s-768x702.jpg 768w, https:\/\/securehubtec.com\/wp-content\/uploads\/2025\/10\/Smart-Video-Intercom-s-13x12.jpg 13w, https:\/\/securehubtec.com\/wp-content\/uploads\/2025\/10\/Smart-Video-Intercom-s-600x549.jpg 600w\" sizes=\"(max-width: 1100px) 100vw, 1100px\" \/>Le c\u0153ur de notre solution r\u00e9side dans ses capacit\u00e9s d'int\u00e9gration avanc\u00e9es. Prenons l'exemple de la connexion avec les ascenseurs standard. Lorsqu'un visiteur arrive, il peut entrer le num\u00e9ro de la chambre \u00e0 la station ext\u00e9rieure pour appeler le moniteur intelligent. Lorsque le propri\u00e9taire r\u00e9pond (sur le moniteur intelligent ou via un t\u00e9l\u00e9phone portable) et appuie sur le bouton d'ouverture de la porte, le syst\u00e8me se connecte au contr\u00f4leur d'\u00e9tage de l'ascenseur via RS485. Cela permet d'appeler l'ascenseur au premier \u00e9tage et d'accorder un acc\u00e8s limit\u00e9 \u00e0 l'\u00e9tage correspondant. Les visiteurs peuvent \u00e9galement utiliser une fen\u00eatre de reconnaissance de code QR sur la station. Apr\u00e8s avoir align\u00e9 le code QR avec la cam\u00e9ra de la station et apr\u00e8s une reconnaissance r\u00e9ussie, ils peuvent entrer par la porte de l'unit\u00e9, et la station se connecte au contr\u00f4leur d'\u00e9tage de l'ascenseur pour appeler l'ascenseur et permettre l'acc\u00e8s \u00e0 l'\u00e9tage. Pour les propri\u00e9taires ou les r\u00e9sidents, le processus est encore plus transparent : une fois que la reconnaissance faciale a d\u00e9verrouill\u00e9 la porte, la station se connecte automatiquement au contr\u00f4leur d'\u00e9tage de l'ascenseur via RS485, appelant l'ascenseur au premier \u00e9tage et autorisant l'acc\u00e8s \u00e0 l'\u00e9tage d\u00e9sign\u00e9. Ce niveau d'automatisation \u00e9limine les probl\u00e8mes li\u00e9s au fonctionnement manuel de l'ascenseur et renforce la s\u00e9curit\u00e9 en limitant l'acc\u00e8s aux seules personnes autoris\u00e9es.<br \/>\n<img decoding=\"async\" class=\"aligncenter size-full wp-image-9474 lazyload\" data-src=\"https:\/\/securehubtec.com\/wp-content\/uploads\/2025\/10\/Smart-Video-Intercom-t-1.jpg\" alt=\"\" width=\"1100\" height=\"543\" data-srcset=\"https:\/\/securehubtec.com\/wp-content\/uploads\/2025\/10\/Smart-Video-Intercom-t-1.jpg 1100w, https:\/\/securehubtec.com\/wp-content\/uploads\/2025\/10\/Smart-Video-Intercom-t-1-300x148.jpg 300w, https:\/\/securehubtec.com\/wp-content\/uploads\/2025\/10\/Smart-Video-Intercom-t-1-1024x505.jpg 1024w, https:\/\/securehubtec.com\/wp-content\/uploads\/2025\/10\/Smart-Video-Intercom-t-1-768x379.jpg 768w, https:\/\/securehubtec.com\/wp-content\/uploads\/2025\/10\/Smart-Video-Intercom-t-1-18x9.jpg 18w, https:\/\/securehubtec.com\/wp-content\/uploads\/2025\/10\/Smart-Video-Intercom-t-1-600x296.jpg 600w\" data-sizes=\"(max-width: 1100px) 100vw, 1100px\" src=\"data:image\/svg+xml;base64,PHN2ZyB3aWR0aD0iMSIgaGVpZ2h0PSIxIiB4bWxucz0iaHR0cDovL3d3dy53My5vcmcvMjAwMC9zdmciPjwvc3ZnPg==\" style=\"--smush-placeholder-width: 1100px; --smush-placeholder-aspect-ratio: 1100\/543;\" \/><br \/>\nEn outre, notre solution offre une compatibilit\u00e9 sp\u00e9cialis\u00e9e, en particulier avec les ascenseurs de la s\u00e9rie Mitsubishi. Pour les versions c\u00e2bl\u00e9es adapt\u00e9es aux installations \u00e0 8\/16\/32 \u00e9tages (ZS - TK8\/ZS - TK16\/ZS - TK32), les fils du bouton d'origine sont coup\u00e9s et les signaux de commande sont renvoy\u00e9s par le tableau de commande de l'ascenseur. La version non c\u00e2bl\u00e9e pour la s\u00e9rie Mitsubishi (ZS - TKSL) \u00e9limine le besoin de couper les fils, car l'entr\u00e9e du signal de balayage de l'ascenseur peut \u00eatre connect\u00e9e au bus de l'ascenseur. La station ext\u00e9rieure est reli\u00e9e au contr\u00f4leur d'\u00e9tage de l'ascenseur par RS485 ou TCP\/IP, ce qui garantit que lorsque la porte est ouverte, l'autorisation d'acc\u00e8s \u00e0 l'ascenseur est accord\u00e9e simultan\u00e9ment. Cette compatibilit\u00e9 garantit que notre solution peut \u00eatre adopt\u00e9e de mani\u00e8re transparente dans les b\u00e2timents \u00e9quip\u00e9s d'ascenseurs Mitsubishi, offrant une mise \u00e0 niveau sans probl\u00e8me vers un contr\u00f4le intelligent des ascenseurs sans modifications importantes de l'infrastructure existante des ascenseurs. Qu'il s'agisse d'un complexe r\u00e9sidentiel ou d'un b\u00e2timent commercial, notre solution de contr\u00f4le des ascenseurs met en avant l'efficacit\u00e9, la s\u00e9curit\u00e9 et la commodit\u00e9, \u00e9tablissant une nouvelle norme pour la gestion moderne des b\u00e2timents.<\/p>","protected":false},"excerpt":{"rendered":"<p>Elevator Control Solution: Redefine Building Efficiency and Security In the realm of modern building management, efficiency and security are paramount. [&hellip;]<\/p>","protected":false},"author":1,"featured_media":9472,"parent":0,"menu_order":0,"comment_status":"closed","ping_status":"closed","template":"","meta":{"site-sidebar-layout":"default","site-content-layout":"","ast-site-content-layout":"default","site-content-style":"default","site-sidebar-style":"default","ast-global-header-display":"","ast-banner-title-visibility":"","ast-main-header-display":"","ast-hfb-above-header-display":"","ast-hfb-below-header-display":"","ast-hfb-mobile-header-display":"","site-post-title":"","ast-breadcrumbs-content":"","ast-featured-img":"","footer-sml-layout":"","theme-transparent-header-meta":"default","adv-header-id-meta":"","stick-header-meta":"default","header-above-stick-meta":"","header-main-stick-meta":"","header-below-stick-meta":"","astra-migrate-meta-layouts":"set","ast-page-background-enabled":"default","ast-page-background-meta":{"desktop":{"background-color":"","background-image":"","background-repeat":"repeat","background-position":"center center","background-size":"auto","background-attachment":"scroll","background-type":"","background-media":"","overlay-type":"","overlay-color":"","overlay-opacity":"","overlay-gradient":""},"tablet":{"background-color":"","background-image":"","background-repeat":"repeat","background-position":"center center","background-size":"auto","background-attachment":"scroll","background-type":"","background-media":"","overlay-type":"","overlay-color":"","overlay-opacity":"","overlay-gradient":""},"mobile":{"background-color":"","background-image":"","background-repeat":"repeat","background-position":"center center","background-size":"auto","background-attachment":"scroll","background-type":"","background-media":"","overlay-type":"","overlay-color":"","overlay-opacity":"","overlay-gradient":""}},"ast-content-background-meta":{"desktop":{"background-color":"var(--ast-global-color-5)","background-image":"","background-repeat":"repeat","background-position":"center center","background-size":"auto","background-attachment":"scroll","background-type":"","background-media":"","overlay-type":"","overlay-color":"","overlay-opacity":"","overlay-gradient":""},"tablet":{"background-color":"var(--ast-global-color-5)","background-image":"","background-repeat":"repeat","background-position":"center center","background-size":"auto","background-attachment":"scroll","background-type":"","background-media":"","overlay-type":"","overlay-color":"","overlay-opacity":"","overlay-gradient":""},"mobile":{"background-color":"var(--ast-global-color-5)","background-image":"","background-repeat":"repeat","background-position":"center center","background-size":"auto","background-attachment":"scroll","background-type":"","background-media":"","overlay-type":"","overlay-color":"","overlay-opacity":"","overlay-gradient":""}},"footnotes":""},"class_list":["post-9471","page","type-page","status-publish","has-post-thumbnail","hentry"],"_links":{"self":[{"href":"https:\/\/securehubtec.com\/fr\/wp-json\/wp\/v2\/pages\/9471","targetHints":{"allow":["GET"]}}],"collection":[{"href":"https:\/\/securehubtec.com\/fr\/wp-json\/wp\/v2\/pages"}],"about":[{"href":"https:\/\/securehubtec.com\/fr\/wp-json\/wp\/v2\/types\/page"}],"author":[{"embeddable":true,"href":"https:\/\/securehubtec.com\/fr\/wp-json\/wp\/v2\/users\/1"}],"replies":[{"embeddable":true,"href":"https:\/\/securehubtec.com\/fr\/wp-json\/wp\/v2\/comments?post=9471"}],"version-history":[{"count":2,"href":"https:\/\/securehubtec.com\/fr\/wp-json\/wp\/v2\/pages\/9471\/revisions"}],"predecessor-version":[{"id":9477,"href":"https:\/\/securehubtec.com\/fr\/wp-json\/wp\/v2\/pages\/9471\/revisions\/9477"}],"wp:featuredmedia":[{"embeddable":true,"href":"https:\/\/securehubtec.com\/fr\/wp-json\/wp\/v2\/media\/9472"}],"wp:attachment":[{"href":"https:\/\/securehubtec.com\/fr\/wp-json\/wp\/v2\/media?parent=9471"}],"curies":[{"name":"wp","href":"https:\/\/api.w.org\/{rel}","templated":true}]}}