{"id":9465,"date":"2025-10-03T01:03:30","date_gmt":"2025-10-02T17:03:30","guid":{"rendered":"https:\/\/securehubtec.com\/?page_id=9465"},"modified":"2025-10-03T01:03:30","modified_gmt":"2025-10-02T17:03:30","slug":"sip-intercom","status":"publish","type":"page","link":"https:\/\/securehubtec.com\/fr\/sip-intercom\/","title":{"rendered":"SIP INTERCOM"},"content":{"rendered":"<p><img fetchpriority=\"high\" decoding=\"async\" class=\"aligncenter size-full wp-image-9467\" src=\"https:\/\/securehubtec.com\/wp-content\/uploads\/2025\/10\/Smart-Video-Intercom-q-1.jpg\" alt=\"\" width=\"1000\" height=\"516\" srcset=\"https:\/\/securehubtec.com\/wp-content\/uploads\/2025\/10\/Smart-Video-Intercom-q-1.jpg 1000w, https:\/\/securehubtec.com\/wp-content\/uploads\/2025\/10\/Smart-Video-Intercom-q-1-300x155.jpg 300w, https:\/\/securehubtec.com\/wp-content\/uploads\/2025\/10\/Smart-Video-Intercom-q-1-768x396.jpg 768w, https:\/\/securehubtec.com\/wp-content\/uploads\/2025\/10\/Smart-Video-Intercom-q-1-18x9.jpg 18w, https:\/\/securehubtec.com\/wp-content\/uploads\/2025\/10\/Smart-Video-Intercom-q-1-600x310.jpg 600w\" sizes=\"(max-width: 1000px) 100vw, 1000px\" \/> <img decoding=\"async\" class=\"aligncenter size-full wp-image-9468 lazyload\" data-src=\"https:\/\/securehubtec.com\/wp-content\/uploads\/2025\/10\/Smart-Video-Intercom-r.jpg\" alt=\"\" width=\"1000\" height=\"768\" data-srcset=\"https:\/\/securehubtec.com\/wp-content\/uploads\/2025\/10\/Smart-Video-Intercom-r.jpg 1000w, https:\/\/securehubtec.com\/wp-content\/uploads\/2025\/10\/Smart-Video-Intercom-r-300x230.jpg 300w, https:\/\/securehubtec.com\/wp-content\/uploads\/2025\/10\/Smart-Video-Intercom-r-768x590.jpg 768w, https:\/\/securehubtec.com\/wp-content\/uploads\/2025\/10\/Smart-Video-Intercom-r-16x12.jpg 16w, https:\/\/securehubtec.com\/wp-content\/uploads\/2025\/10\/Smart-Video-Intercom-r-600x461.jpg 600w\" data-sizes=\"(max-width: 1000px) 100vw, 1000px\" src=\"data:image\/svg+xml;base64,PHN2ZyB3aWR0aD0iMSIgaGVpZ2h0PSIxIiB4bWxucz0iaHR0cDovL3d3dy53My5vcmcvMjAwMC9zdmciPjwvc3ZnPg==\" style=\"--smush-placeholder-width: 1000px; --smush-placeholder-aspect-ratio: 1000\/768;\" \/><em><strong>SIP INTERCOM<\/strong><\/em><\/p>\n<h1 class=\"header-iWP5WJ auto-hide-last-sibling-br\">DRSECURE : Red\u00e9finir la s\u00e9curit\u00e9 de la maison et des biens avec des solutions d'interphonie et de contr\u00f4le d'acc\u00e8s intelligentes de premier ordre<\/h1>\n<div class=\"container-Uxvbjy md-box-line-break wrapper-GYqxgQ undefined\"><\/div>\n<div class=\"auto-hide-last-sibling-br paragraph-pP9ZLC paragraph-element br-paragraph-space\">\u00c0 une \u00e9poque o\u00f9 la s\u00e9curit\u00e9 et la commodit\u00e9 sont primordiales pour les propri\u00e9taires, les gestionnaires immobiliers et les propri\u00e9taires d'entreprise, DRSECURE s'impose comme un leader dans le domaine de la s\u00e9curit\u00e9 et de la commodit\u00e9.\u00a0<strong>Fabrication d'interphones intelligents<\/strong>\u00a0qui se consacre \u00e0 l'\u00e9laboration de solutions innovantes en mati\u00e8re d'entr\u00e9e et de communication. Nous comprenons que chaque espace - qu'il s'agisse d'un appartement familial confortable, d'une villa luxueuse ou d'un complexe d'appartements anim\u00e9 - a des besoins de s\u00e9curit\u00e9 uniques. C'est la raison pour laquelle notre gamme compl\u00e8te de produits, des syst\u00e8mes de base aux syst\u00e8mes d'alarme, a \u00e9t\u00e9 con\u00e7ue pour r\u00e9pondre \u00e0 ces besoins.\u00a0<strong>Sonnette<\/strong>\u00a0aux unit\u00e9s avanc\u00e9es\u00a0<strong>Syst\u00e8me d'interphone vid\u00e9o IP<\/strong>Le syst\u00e8me de gestion de l'information est con\u00e7u pour allier technologie de pointe, durabilit\u00e9 et conception conviviale, garantissant une protection sans faille et un acc\u00e8s sans effort pour tous.<\/div>\n<div class=\"container-Uxvbjy md-box-line-break wrapper-GYqxgQ undefined\"><\/div>\n<div class=\"auto-hide-last-sibling-br paragraph-pP9ZLC paragraph-element br-paragraph-space\">Au c\u0153ur de nos offres se trouve une gamme diversifi\u00e9e de\u00a0<strong>interphone intelligent<\/strong>\u00a0chacun adapt\u00e9 \u00e0 des sc\u00e9narios sp\u00e9cifiques. Pour les b\u00e2timents r\u00e9sidentiels, nos\u00a0<strong>Interphone intelligent pour appartement<\/strong>\u00a0et\u00a0<strong>Interphone intelligent pour immeubles d'habitation<\/strong>\u00a0se distinguent par leur capacit\u00e9 \u00e0 changer la donne. \u00c9quip\u00e9s d'\u00e9crans haute d\u00e9finition\u00a0<strong>cam\u00e9ra de sonnette<\/strong>\u00a0et lisse\u00a0<strong>Interphone bidirectionnel<\/strong>\u00a0Gr\u00e2ce \u00e0 leur fonctionnalit\u00e9, ces syst\u00e8mes permettent aux r\u00e9sidents de communiquer clairement avec leurs visiteurs et de v\u00e9rifier visuellement leur identit\u00e9 - plus d'incertitude quant \u00e0 l'identit\u00e9 de la personne qui se pr\u00e9sente \u00e0 la porte. Le syst\u00e8me\u00a0<strong>Sonnette familiale pour appartement<\/strong>\u00a0va encore plus loin en \u00e9tant con\u00e7u pour assurer la s\u00e9curit\u00e9 de la famille : son objectif grand angle capture tous les d\u00e9tails de l'entr\u00e9e, et la vision nocturne garantit la clart\u00e9 m\u00eame dans des conditions de faible luminosit\u00e9, pour que vous puissiez toujours garder un \u0153il sur la s\u00e9curit\u00e9 de vos proches. Pour ceux qui recherchent la fiabilit\u00e9 du c\u00e2blage, le\u00a0<strong>Interphone vid\u00e9o filaire de 7 pouces<\/strong>\u00a0offre un affichage net qui rend l'interaction avec les visiteurs intuitive, tandis que le\u00a0<strong>10.1 Inch Best Price T\u00e9l\u00e9phone de porte vid\u00e9o<\/strong>\u00a0allie un grand \u00e9cran facile \u00e0 lire \u00e0 un prix abordable, ce qui en fait un choix de premier ordre pour les gestionnaires de biens immobiliers soucieux de leur budget.<\/div>\n<div class=\"container-Uxvbjy md-box-line-break wrapper-GYqxgQ undefined\"><\/div>\n<div class=\"auto-hide-last-sibling-br paragraph-pP9ZLC paragraph-element br-paragraph-space\">La commodit\u00e9 du sans fil est une autre pierre angulaire de notre gamme de produits. Les\u00a0<strong>Sonnette intelligente Wifi Tuya<\/strong>\u00a0et\u00a0<strong>Home Security Smart WIFI Visual Door Phone<\/strong>\u00a0exploitent la connectivit\u00e9 Wi-Fi pour permettre aux utilisateurs de garder le contr\u00f4le, o\u00f9 qu'ils soient. Imaginez que vous soyez coinc\u00e9 dans les embouteillages et que vous receviez une notification annon\u00e7ant l'arriv\u00e9e d'un livreur de colis.\u00a0<strong>Conversation \u00e0 deux<\/strong>\u00a0Vous pouvez m\u00eame d\u00e9verrouiller la porte \u00e0 distance \u00e0 l'aide de votre smartphone. Ce niveau de flexibilit\u00e9 red\u00e9finit la notion de\u00a0<strong>entr\u00e9e intelligente<\/strong>Le syst\u00e8me de gestion de l'acc\u00e8s \u00e0 votre maison ou \u00e0 votre b\u00e2timent, qui transforme votre t\u00e9l\u00e9phone en un puissant outil de gestion de l'acc\u00e8s \u00e0 votre maison ou \u00e0 votre b\u00e2timent. Notre\u00a0<strong>sonnette interphone<\/strong>\u00a0offrent une solution compacte et robuste pour les espaces plus restreints, en combinant la fonctionnalit\u00e9 d'un appareil traditionnel \u00e0 celle d'un ordinateur.\u00a0<strong>sonnette de porte d'appartement<\/strong>\u00a0avec des fonctions d'interphone, pour que vous ne manquiez plus jamais un visiteur ou une livraison.<\/div>\n<div class=\"container-Uxvbjy md-box-line-break wrapper-GYqxgQ undefined\"><\/div>\n<div class=\"auto-hide-last-sibling-br paragraph-pP9ZLC paragraph-element br-paragraph-space\">Au-del\u00e0 de la communication, DRSECURE excelle dans\u00a0<strong>Entr\u00e9e sans cl\u00e9<\/strong>\u00a0et\u00a0<strong>syst\u00e8mes de contr\u00f4le d'acc\u00e8s<\/strong>-Les cl\u00e9s traditionnelles ne sont plus n\u00e9cessaires et la s\u00e9curit\u00e9 est renforc\u00e9e. Nos syst\u00e8mes prennent en charge de multiples m\u00e9thodes d'acc\u00e8s pour r\u00e9pondre \u00e0 divers besoins :\u00a0<strong>D\u00e9verrouillage RFIC<\/strong>\u00a0permet aux utilisateurs d'entrer avec une carte enregistr\u00e9e ou m\u00eame avec leur smartphone (lorsqu'il est associ\u00e9 \u00e0 la fonctionnalit\u00e9 NFC), ce qui est id\u00e9al pour les professionnels occup\u00e9s qui ne veulent pas avoir de cl\u00e9s suppl\u00e9mentaires. Il est donc id\u00e9al pour les professionnels occup\u00e9s qui ne veulent pas avoir de cl\u00e9s suppl\u00e9mentaires.\u00a0<strong>Camera Intercom Lock<\/strong>\u00a0se distingue ici, en fusionnant la v\u00e9rification visuelle d'une\u00a0<strong>Cam\u00e9ra Sonnette<\/strong>\u00a0avec la s\u00e9curit\u00e9 d'une serrure sans cl\u00e9 - les utilisateurs peuvent voir qui est \u00e0 la porte et la d\u00e9verrouiller d'une simple pression, sans avoir \u00e0 chercher leurs cl\u00e9s. Pour les grandes propri\u00e9t\u00e9s, nos\u00a0<strong>Syst\u00e8me de contr\u00f4le d'acc\u00e8s<\/strong>\u00a0permet une gestion centralis\u00e9e : les gestionnaires immobiliers peuvent d\u00e9finir des codes PIN publics pour les parties communes, des codes PIN de r\u00e9sidents pour les unit\u00e9s individuelles et des codes PIN temporaires pour les invit\u00e9s ou les prestataires de services, afin de s'assurer que seul le personnel autoris\u00e9 y acc\u00e8de. Le syst\u00e8me\u00a0<strong>Interphone d'ouverture de porte<\/strong>\u00a0s'int\u00e8gre parfaitement \u00e0 ces syst\u00e8mes, ce qui permet aux r\u00e9sidents et au personnel d'entrer rapidement et en toute s\u00e9curit\u00e9.\u00a0<strong>syst\u00e8mes de contr\u00f4le d'acc\u00e8s<\/strong>\u00a0sont con\u00e7us pour supporter un trafic important, ce qui les rend parfaits pour les immeubles de bureaux ou les espaces commerciaux.<\/div>\n<div class=\"container-Uxvbjy md-box-line-break wrapper-GYqxgQ undefined\"><\/div>\n<div class=\"auto-hide-last-sibling-br paragraph-pP9ZLC paragraph-element br-paragraph-space\">La durabilit\u00e9 n'est pas n\u00e9gociable pour les syst\u00e8mes d'entr\u00e9e, c'est pourquoi nous donnons la priorit\u00e9 \u00e0 une conception robuste dans chaque produit. Les\u00a0<strong>Cloche de porte ext\u00e9rieure \u00e9tanche<\/strong>\u00a0et\u00a0<strong>Sonnette IP65 pour villa<\/strong>\u00a0sont con\u00e7ues pour r\u00e9sister aux conditions m\u00e9t\u00e9orologiques les plus difficiles - fortes pluies, soleil intense et m\u00eame temp\u00e9ratures glaciales - sans compromettre les performances. Elles sont donc id\u00e9ales pour les villas, les maisons de ville ou toute autre propri\u00e9t\u00e9 comportant des points d'entr\u00e9e ext\u00e9rieurs qui n\u00e9cessitent une protection fiable tout au long de l'ann\u00e9e. Nos produits\u00a0<strong>T\u00e9l\u00e9phones de porte<\/strong>\u00a0et\u00a0<strong>T\u00e9l\u00e9phones de porte intelligents<\/strong>\u00a0sont \u00e9galement dot\u00e9s d'une construction durable, con\u00e7ue pour une utilisation quotidienne dans des zones tr\u00e8s fr\u00e9quent\u00e9es telles que les halls d'entr\u00e9e d'appartements ou les zones de r\u00e9ception de bureaux. Pour les entreprises qui cherchent \u00e0 renforcer la s\u00e9curit\u00e9 de leurs biens de valeur, nos\u00a0<strong>casier intelligent s\u00e9curis\u00e9<\/strong>\u00a0sont un compl\u00e9ment parfait : elles s'int\u00e8grent \u00e0 nos syst\u00e8mes de contr\u00f4le d'acc\u00e8s, permettant aux employ\u00e9s ou aux clients d'acc\u00e9der aux casiers par le biais de cartes RFIC ou de codes PIN, ce qui garantit que les objets de valeur sont toujours en s\u00e9curit\u00e9.<\/div>\n<div class=\"container-Uxvbjy md-box-line-break wrapper-GYqxgQ undefined\"><\/div>\n<div class=\"auto-hide-last-sibling-br paragraph-pP9ZLC paragraph-element br-paragraph-space\">Tous les produits de notre gamme, depuis le mod\u00e8le d'entr\u00e9e de gamme\u00a0<strong>Kit de portier vid\u00e9o<\/strong>\u00a0au niveau avanc\u00e9\u00a0<strong>Syst\u00e8me de sonnette d'interphone vid\u00e9o AHD de 7 pouces<\/strong>-porte la promesse de qualit\u00e9 et d'innovation de DRSECURE. Nous ne nous contentons pas de vendre des produits de s\u00e9curit\u00e9, nous offrons la tranquillit\u00e9 d'esprit. Que vous soyez un propri\u00e9taire d\u00e9sireux de prot\u00e9ger votre famille, un gestionnaire immobilier ayant besoin de rationaliser l'acc\u00e8s pour des centaines de r\u00e9sidents, ou un propri\u00e9taire d'entreprise cherchant \u00e0 s\u00e9curiser ses locaux, nos solutions sont con\u00e7ues pour s'adapter \u00e0 vos besoins. Avec DRSECURE, vous n'investissez pas seulement dans un syst\u00e8me de s\u00e9curit\u00e9.\u00a0<strong>sonnette<\/strong>\u00a0ou un interphone, vous investissez dans un moyen plus intelligent et plus s\u00fbr de g\u00e9rer l'entr\u00e9e et la communication.<\/div>\n<div class=\"container-Uxvbjy md-box-line-break wrapper-GYqxgQ undefined\"><\/div>\n<div class=\"auto-hide-last-sibling-br paragraph-pP9ZLC paragraph-element br-paragraph-space\">Passez \u00e0 DRSECURE d\u00e8s aujourd'hui et d\u00e9couvrez l'avenir de la s\u00e9curit\u00e9. D'une clart\u00e9 cristalline\u00a0<strong>interphone vid\u00e9o<\/strong>\u00a0des conversations \u00e0 l'abri des tracas\u00a0<strong>Entr\u00e9e sans cl\u00e9<\/strong>Avec DRSECURE, nos produits transforment des points d'entr\u00e9e ordinaires en centres intelligents et s\u00e9curis\u00e9s qui travaillent pour vous. Rejoignez les milliers de clients satisfaits dans le monde entier qui font confiance \u00e0 DRSECURE pour assurer la s\u00e9curit\u00e9 de leurs maisons, appartements et entreprises, car lorsqu'il s'agit de s\u00e9curit\u00e9, le compromis n'est pas une option.<\/div>","protected":false},"excerpt":{"rendered":"<p>SIP INTERCOM DRSECURE: Redefine Home &amp; Property Security with Top-Tier Smart Intercom &amp; Access Control Solutions In an era where [&hellip;]<\/p>","protected":false},"author":1,"featured_media":9466,"parent":0,"menu_order":0,"comment_status":"closed","ping_status":"closed","template":"","meta":{"site-sidebar-layout":"default","site-content-layout":"","ast-site-content-layout":"default","site-content-style":"default","site-sidebar-style":"default","ast-global-header-display":"","ast-banner-title-visibility":"","ast-main-header-display":"","ast-hfb-above-header-display":"","ast-hfb-below-header-display":"","ast-hfb-mobile-header-display":"","site-post-title":"","ast-breadcrumbs-content":"","ast-featured-img":"","footer-sml-layout":"","theme-transparent-header-meta":"default","adv-header-id-meta":"","stick-header-meta":"default","header-above-stick-meta":"","header-main-stick-meta":"","header-below-stick-meta":"","astra-migrate-meta-layouts":"set","ast-page-background-enabled":"default","ast-page-background-meta":{"desktop":{"background-color":"","background-image":"","background-repeat":"repeat","background-position":"center center","background-size":"auto","background-attachment":"scroll","background-type":"","background-media":"","overlay-type":"","overlay-color":"","overlay-opacity":"","overlay-gradient":""},"tablet":{"background-color":"","background-image":"","background-repeat":"repeat","background-position":"center center","background-size":"auto","background-attachment":"scroll","background-type":"","background-media":"","overlay-type":"","overlay-color":"","overlay-opacity":"","overlay-gradient":""},"mobile":{"background-color":"","background-image":"","background-repeat":"repeat","background-position":"center center","background-size":"auto","background-attachment":"scroll","background-type":"","background-media":"","overlay-type":"","overlay-color":"","overlay-opacity":"","overlay-gradient":""}},"ast-content-background-meta":{"desktop":{"background-color":"var(--ast-global-color-5)","background-image":"","background-repeat":"repeat","background-position":"center center","background-size":"auto","background-attachment":"scroll","background-type":"","background-media":"","overlay-type":"","overlay-color":"","overlay-opacity":"","overlay-gradient":""},"tablet":{"background-color":"var(--ast-global-color-5)","background-image":"","background-repeat":"repeat","background-position":"center center","background-size":"auto","background-attachment":"scroll","background-type":"","background-media":"","overlay-type":"","overlay-color":"","overlay-opacity":"","overlay-gradient":""},"mobile":{"background-color":"var(--ast-global-color-5)","background-image":"","background-repeat":"repeat","background-position":"center center","background-size":"auto","background-attachment":"scroll","background-type":"","background-media":"","overlay-type":"","overlay-color":"","overlay-opacity":"","overlay-gradient":""}},"footnotes":""},"class_list":["post-9465","page","type-page","status-publish","has-post-thumbnail","hentry"],"_links":{"self":[{"href":"https:\/\/securehubtec.com\/fr\/wp-json\/wp\/v2\/pages\/9465","targetHints":{"allow":["GET"]}}],"collection":[{"href":"https:\/\/securehubtec.com\/fr\/wp-json\/wp\/v2\/pages"}],"about":[{"href":"https:\/\/securehubtec.com\/fr\/wp-json\/wp\/v2\/types\/page"}],"author":[{"embeddable":true,"href":"https:\/\/securehubtec.com\/fr\/wp-json\/wp\/v2\/users\/1"}],"replies":[{"embeddable":true,"href":"https:\/\/securehubtec.com\/fr\/wp-json\/wp\/v2\/comments?post=9465"}],"version-history":[{"count":1,"href":"https:\/\/securehubtec.com\/fr\/wp-json\/wp\/v2\/pages\/9465\/revisions"}],"predecessor-version":[{"id":9469,"href":"https:\/\/securehubtec.com\/fr\/wp-json\/wp\/v2\/pages\/9465\/revisions\/9469"}],"wp:featuredmedia":[{"embeddable":true,"href":"https:\/\/securehubtec.com\/fr\/wp-json\/wp\/v2\/media\/9466"}],"wp:attachment":[{"href":"https:\/\/securehubtec.com\/fr\/wp-json\/wp\/v2\/media?parent=9465"}],"curies":[{"name":"wp","href":"https:\/\/api.w.org\/{rel}","templated":true}]}}