{"id":9459,"date":"2025-10-03T00:45:01","date_gmt":"2025-10-02T16:45:01","guid":{"rendered":"https:\/\/securehubtec.com\/?page_id=9459"},"modified":"2025-10-03T00:48:21","modified_gmt":"2025-10-02T16:48:21","slug":"4g-lte-outdoor-station","status":"publish","type":"page","link":"https:\/\/securehubtec.com\/fr\/4g-lte-outdoor-station\/","title":{"rendered":"Station ext\u00e9rieure 4G LTE"},"content":{"rendered":"<p><img fetchpriority=\"high\" decoding=\"async\" class=\"aligncenter size-full wp-image-9461\" src=\"https:\/\/securehubtec.com\/wp-content\/uploads\/2025\/10\/Smart-Video-Intercom-p-1.jpg\" alt=\"\" width=\"1100\" height=\"965\" srcset=\"https:\/\/securehubtec.com\/wp-content\/uploads\/2025\/10\/Smart-Video-Intercom-p-1.jpg 1100w, https:\/\/securehubtec.com\/wp-content\/uploads\/2025\/10\/Smart-Video-Intercom-p-1-300x263.jpg 300w, https:\/\/securehubtec.com\/wp-content\/uploads\/2025\/10\/Smart-Video-Intercom-p-1-1024x898.jpg 1024w, https:\/\/securehubtec.com\/wp-content\/uploads\/2025\/10\/Smart-Video-Intercom-p-1-768x674.jpg 768w, https:\/\/securehubtec.com\/wp-content\/uploads\/2025\/10\/Smart-Video-Intercom-p-1-14x12.jpg 14w, https:\/\/securehubtec.com\/wp-content\/uploads\/2025\/10\/Smart-Video-Intercom-p-1-600x526.jpg 600w\" sizes=\"(max-width: 1100px) 100vw, 1100px\" \/><\/p>\n<p><em><strong>Station ext\u00e9rieure 4G LTE qui peut appeler les t\u00e9l\u00e9phones fixes et mobiles<\/strong><\/em><\/p>\n<p><span style=\"color: #ffcc00;\"><strong>Appels vocaux inter-r\u00e9seaux<\/strong><\/span>\u00a0 \u00a0 \u00a0Gr\u00e2ce \u00e0 la technologie VoLTE sur les r\u00e9seaux 4G LTE, elle permet une communication vocale bidirectionnelle avec les lignes terrestres traditionnelles (reposant sur le r\u00e9seau t\u00e9l\u00e9phonique public commut\u00e9 PSTN) et divers types de t\u00e9l\u00e9phones mobiles (y compris les t\u00e9l\u00e9phones 2G\/3G\/4G\/5G), sans n\u00e9cessiter de lignes t\u00e9l\u00e9phoniques traditionnelles ou de r\u00e9seaux 2G\/3G.<\/p>\n<p><span style=\"color: #ffcc00;\"><strong>Concurrence des donn\u00e9es et de la voix \u00e0 haut d\u00e9bit 4G<\/strong><\/span>\u00a0 \u00a0 Lors de l'\u00e9mission ou de la r\u00e9ception d'appels, la connexion de donn\u00e9es 4G LTE reste ininterrompue, ce qui permet aux utilisateurs de naviguer simultan\u00e9ment sur l'internet, de participer \u00e0 des vid\u00e9oconf\u00e9rences et d'utiliser des applications. Cela r\u00e9sout le probl\u00e8me de \"l'interruption du r\u00e9seau pendant les appels\" dans les r\u00e9seaux 2G\/3G traditionnels.<\/p>\n<p><strong><span style=\"color: #ffcc00;\">Exp\u00e9rience vocale HD<\/span><\/strong>\u00a0 \u00a0 \u00a0Il adopte une technologie de codage vocal \u00e0 large bande (telle que AMR-WB), offrant une qualit\u00e9 d'appel plus claire avec un bruit de fond plus faible que les t\u00e9l\u00e9phones traditionnels, ce qui am\u00e9liore l'efficacit\u00e9 de la communication, particuli\u00e8rement adapt\u00e9e aux appels professionnels ou aux sc\u00e9narios n\u00e9cessitant une voix claire.<\/p>\n<p><strong><span style=\"color: #ffcc00;\">Utilis\u00e9 dans la logistique\u00a0 \u00a0 \u00a0 <\/span><\/strong>s\u00e9curit\u00e9 et d'autres secteurs, en prenant en charge les appels inter-r\u00e9seaux vers les t\u00e9l\u00e9phones portables du personnel ou les lignes fixes du centre de contr\u00f4le.<\/p>\n<p>&nbsp;<\/p>\n<p>&nbsp;<\/p>","protected":false},"excerpt":{"rendered":"<p>4G LTE Outdoor Station that can call landline and cellphone Cross-network voice calls\u00a0 \u00a0 \u00a0Through VoLTE technology on 4G LTE [&hellip;]<\/p>","protected":false},"author":1,"featured_media":9460,"parent":0,"menu_order":0,"comment_status":"closed","ping_status":"closed","template":"","meta":{"site-sidebar-layout":"default","site-content-layout":"","ast-site-content-layout":"default","site-content-style":"default","site-sidebar-style":"default","ast-global-header-display":"","ast-banner-title-visibility":"","ast-main-header-display":"","ast-hfb-above-header-display":"","ast-hfb-below-header-display":"","ast-hfb-mobile-header-display":"","site-post-title":"","ast-breadcrumbs-content":"","ast-featured-img":"","footer-sml-layout":"","theme-transparent-header-meta":"default","adv-header-id-meta":"","stick-header-meta":"default","header-above-stick-meta":"","header-main-stick-meta":"","header-below-stick-meta":"","astra-migrate-meta-layouts":"set","ast-page-background-enabled":"default","ast-page-background-meta":{"desktop":{"background-color":"","background-image":"","background-repeat":"repeat","background-position":"center center","background-size":"auto","background-attachment":"scroll","background-type":"","background-media":"","overlay-type":"","overlay-color":"","overlay-opacity":"","overlay-gradient":""},"tablet":{"background-color":"","background-image":"","background-repeat":"repeat","background-position":"center center","background-size":"auto","background-attachment":"scroll","background-type":"","background-media":"","overlay-type":"","overlay-color":"","overlay-opacity":"","overlay-gradient":""},"mobile":{"background-color":"","background-image":"","background-repeat":"repeat","background-position":"center center","background-size":"auto","background-attachment":"scroll","background-type":"","background-media":"","overlay-type":"","overlay-color":"","overlay-opacity":"","overlay-gradient":""}},"ast-content-background-meta":{"desktop":{"background-color":"var(--ast-global-color-5)","background-image":"","background-repeat":"repeat","background-position":"center center","background-size":"auto","background-attachment":"scroll","background-type":"","background-media":"","overlay-type":"","overlay-color":"","overlay-opacity":"","overlay-gradient":""},"tablet":{"background-color":"var(--ast-global-color-5)","background-image":"","background-repeat":"repeat","background-position":"center center","background-size":"auto","background-attachment":"scroll","background-type":"","background-media":"","overlay-type":"","overlay-color":"","overlay-opacity":"","overlay-gradient":""},"mobile":{"background-color":"var(--ast-global-color-5)","background-image":"","background-repeat":"repeat","background-position":"center center","background-size":"auto","background-attachment":"scroll","background-type":"","background-media":"","overlay-type":"","overlay-color":"","overlay-opacity":"","overlay-gradient":""}},"footnotes":""},"class_list":["post-9459","page","type-page","status-publish","has-post-thumbnail","hentry"],"_links":{"self":[{"href":"https:\/\/securehubtec.com\/fr\/wp-json\/wp\/v2\/pages\/9459","targetHints":{"allow":["GET"]}}],"collection":[{"href":"https:\/\/securehubtec.com\/fr\/wp-json\/wp\/v2\/pages"}],"about":[{"href":"https:\/\/securehubtec.com\/fr\/wp-json\/wp\/v2\/types\/page"}],"author":[{"embeddable":true,"href":"https:\/\/securehubtec.com\/fr\/wp-json\/wp\/v2\/users\/1"}],"replies":[{"embeddable":true,"href":"https:\/\/securehubtec.com\/fr\/wp-json\/wp\/v2\/comments?post=9459"}],"version-history":[{"count":2,"href":"https:\/\/securehubtec.com\/fr\/wp-json\/wp\/v2\/pages\/9459\/revisions"}],"predecessor-version":[{"id":9582,"href":"https:\/\/securehubtec.com\/fr\/wp-json\/wp\/v2\/pages\/9459\/revisions\/9582"}],"wp:featuredmedia":[{"embeddable":true,"href":"https:\/\/securehubtec.com\/fr\/wp-json\/wp\/v2\/media\/9460"}],"wp:attachment":[{"href":"https:\/\/securehubtec.com\/fr\/wp-json\/wp\/v2\/media?parent=9459"}],"curies":[{"name":"wp","href":"https:\/\/api.w.org\/{rel}","templated":true}]}}